{"id":405533,"date":"2025-12-09T18:43:52","date_gmt":"2025-12-09T07:43:52","guid":{"rendered":"https:\/\/augstudy.com\/?page_id=405533"},"modified":"2025-12-10T17:17:38","modified_gmt":"2025-12-10T06:17:38","slug":"ccl-pte-webinar","status":"publish","type":"page","link":"https:\/\/augstudy.com\/zh\/australia\/events\/ccl-pte-webinar\/","title":{"rendered":"[AUG Perth] CCL &#038; PTE Webinar"},"content":{"rendered":"<div data-vc-full-width=\"true\" data-vc-full-width-init=\"false\" class=\"vc_row wpb_row vc_row-fluid vc_custom_1765347380242 vc_row-has-fill vc_row-o-content-middle vc_row-flex\"><div class=\"wpb_column vc_column_container vc_col-sm-12\"><div class=\"vc_column-inner vc_custom_1661838891579\"><div class=\"wpb_wrapper\">\n\t<div class=\"wpb_single_image wpb_content_element vc_align_center  vc_custom_1765347454661\">\n\t\t\n\t\t<figure class=\"wpb_wrapper vc_figure\">\n\t\t\t<div class=\"vc_single_image-wrapper   vc_box_border_grey\"><img loading=\"lazy\" decoding=\"async\" width=\"2084\" height=\"771\" src=\"https:\/\/augstudy.com\/aug-website-files\/wp-content\/uploads\/2025\/12\/aug_perevents_ccl_pte_webinar_251212_2084x771.jpg\" class=\"vc_single_image-img attachment-full\" alt=\"\" srcset=\"https:\/\/augstudy.com\/aug-website-files\/wp-content\/uploads\/2025\/12\/aug_perevents_ccl_pte_webinar_251212_2084x771.jpg 2084w, https:\/\/augstudy.com\/aug-website-files\/wp-content\/uploads\/2025\/12\/aug_perevents_ccl_pte_webinar_251212_2084x771-300x111.jpg 300w, https:\/\/augstudy.com\/aug-website-files\/wp-content\/uploads\/2025\/12\/aug_perevents_ccl_pte_webinar_251212_2084x771-1024x379.jpg 1024w, https:\/\/augstudy.com\/aug-website-files\/wp-content\/uploads\/2025\/12\/aug_perevents_ccl_pte_webinar_251212_2084x771-768x284.jpg 768w, https:\/\/augstudy.com\/aug-website-files\/wp-content\/uploads\/2025\/12\/aug_perevents_ccl_pte_webinar_251212_2084x771-1536x568.jpg 1536w, https:\/\/augstudy.com\/aug-website-files\/wp-content\/uploads\/2025\/12\/aug_perevents_ccl_pte_webinar_251212_2084x771-2048x758.jpg 2048w, https:\/\/augstudy.com\/aug-website-files\/wp-content\/uploads\/2025\/12\/aug_perevents_ccl_pte_webinar_251212_2084x771-18x7.jpg 18w\" sizes=\"auto, (max-width: 2084px) 100vw, 2084px\" \/><\/div>\n\t\t<\/figure>\n\t<\/div>\n<\/div><\/div><\/div><\/div><div class=\"vc_row-full-width vc_clearfix\"><\/div><div data-vc-full-width=\"true\" data-vc-full-width-init=\"false\" class=\"vc_row wpb_row vc_row-fluid vc_custom_1682916971038 vc_row-has-fill vc_row-o-content-middle vc_row-flex\"><div class=\"wpb_column vc_column_container vc_col-sm-2 vc_hidden-sm vc_hidden-xs\"><div class=\"vc_column-inner \"><div class=\"wpb_wrapper\"><\/div><\/div><\/div><div class=\"wpb_column vc_column_container vc_col-sm-8\"><div class=\"vc_column-inner vc_custom_1671748405855\"><div class=\"wpb_wrapper\">\n\t<div class=\"wpb_text_column wpb_content_element  aug_content_box\">\n\t\t<div class=\"wpb_wrapper\">\n\t\t\t<h3><strong>B\u00ed Quy\u1ebft T\u0103ng C\u01a1 H\u1ed9i \u0110\u1ecbnh C\u01b0<\/strong><\/h3>\n<p><span class=\"\" style=\"display:block;clear:both;height: 0px;padding-top: 15px;border-top-width:0px;border-bottom-width:0px;\"><\/span>Mu\u1ed1n t\u0103ng c\u01a1 h\u1ed9i \u0111\u1ecbnh c\u01b0 t\u1ea1i \u00dac?<br \/>\n<span class=\"\" style=\"display:block;clear:both;height: 0px;padding-top: 15px;border-top-width:0px;border-bottom-width:0px;\"><\/span>Tham gia ngay Webinar CCL &amp; PTE \u0111\u1ec3 b\u1ecf t\u00fai b\u00ed quy\u1ebft n\u00e2ng \u0111i\u1ec3m nhanh ch\u00f3ng!<br \/>\n<span class=\"\" style=\"display:block;clear:both;height: 0px;padding-top: 15px;border-top-width:0px;border-bottom-width:0px;\"><\/span>Webinar CCL &amp; PTE c\u00f9ng AUG v\u00e0 PTE Magic s\u1ebd gi\u00fap b\u1ea1n:<\/p>\n<ul>\n<li>Hi\u1ec3u r\u00f5 c\u1ea5u tr\u00fac b\u00e0i thi &amp; chi\u1ebfn l\u01b0\u1ee3c l\u00e0m b\u00e0i hi\u1ec7u qu\u1ea3;<\/li>\n<li>N\u1eafm tr\u1ecdn b\u00ed quy\u1ebft \u0111\u1ea1t \u0111i\u1ec3m cao t\u1eeb chuy\u00ean gia;<\/li>\n<li>Nh\u1eadn voucher \u01b0u \u0111\u00e3i h\u1ecdc ph\u00ed khi \u0111\u0103ng k\u00fd tham d\u1ef1.<\/li>\n<\/ul>\n<h3><span class=\"\" style=\"display:block;clear:both;height: 0px;padding-top: 15px;border-top-width:0px;border-bottom-width:0px;\"><\/span><strong>Th\u00f4ng tin s\u1ef1 ki\u1ec7n<\/strong><\/h3>\n<p><span class=\"\" style=\"display:block;clear:both;height: 0px;padding-top: 15px;border-top-width:0px;border-bottom-width:0px;\"><\/span><strong>Ng\u00e0y:<\/strong> Th\u1ee9 6, ng\u00e0y 12\/12<br \/>\n<span class=\"\" style=\"display:block;clear:both;height: 0px;padding-top: 15px;border-top-width:0px;border-bottom-width:0px;\"><\/span><strong>Gi\u1edd:<\/strong> 4PM \u2013 5PM (Perth) \/ 3PM \u2013 4PM (Vietnam)<br \/>\n<span class=\"\" style=\"display:block;clear:both;height: 0px;padding-top: 15px;border-top-width:0px;border-bottom-width:0px;\"><\/span><strong>\u0110\u1ecba \u0111i\u1ec3m:<\/strong> Tr\u1ef1c tuy\u1ebfn qua Zoom<br \/>\n<span class=\"\" style=\"display:block;clear:both;height: 0px;padding-top: 15px;border-top-width:0px;border-bottom-width:0px;\"><\/span>\u0110\u0103ng k\u00fd qua link tr\u00ean bio c\u1ee7a AUG Perth \u0111\u1ec3 nh\u1eadn Zoom Link ngay nh\u00e9!<\/p>\n<h6 style=\"color: #ff0000;\"><strong><em>* indicates required field<\/em><\/strong><\/h6>\n\n\t\t<\/div>\n\t<\/div>\n<\/div><\/div><\/div><div class=\"wpb_column vc_column_container vc_col-sm-2 vc_hidden-sm vc_hidden-xs\"><div class=\"vc_column-inner \"><div class=\"wpb_wrapper\"><\/div><\/div><\/div><\/div><div class=\"vc_row-full-width vc_clearfix\"><\/div><div id=\"registration\" class=\"vc_row wpb_row vc_row-fluid\"><div class=\"wpb_column vc_column_container vc_col-sm-12\"><div class=\"vc_column-inner vc_custom_1660175491551\"><div class=\"wpb_wrapper\">\n\t<div class=\"wpb_text_column wpb_content_element \">\n\t\t<div class=\"wpb_wrapper\">\n\t\t\t<!doctype html>\r\n<html>\r\n<head>\r\n<meta charset=\"utf-8\">\r\n<title><\/title>\r\n<\/head>\r\n<body data-rsssl=1>\r\n\r\n<iframe id=\"augRegoForm\"\r\n        src=\"https:\/\/form.jotform.com\/253420800428853?event_name=%5BAUG%20Perth%5D%20CCL%20%26%20PTE%20Webinar\"\r\n        style=\"width:100%;height:700px;border:0;\"><\/iframe>\r\n\r\n<script>\r\n(function(){\r\n  const iframe = document.getElementById('augRegoForm');\r\n  if (!iframe) return;\r\n\r\n  const lang = 'vi';\r\n  const src = iframe.src;\r\n\r\n  const joinChar = src.includes('?') ? '&' : '?';\r\n  iframe.src = src + joinChar + 'language=' + lang + '&form_language=' + lang;\r\n\r\n  const s = document.createElement('script');\r\n  s.src = 'https:\/\/cdn.jotfor.ms\/s\/umd\/latest\/for-form-embed-handler.js';\r\n  s.async = true;\r\n  s.onload = function(){\r\n    if (window.jotformEmbedHandler) {\r\n      window.jotformEmbedHandler('iframe[id=\"augRegoForm\"]', 'https:\/\/form.jotform.com\/');\r\n    }\r\n  };\r\n  document.head.appendChild(s);\r\n})();\r\n<\/script>\r\n\r\n<\/body>\r\n<\/html>\n\n\t\t<\/div>\n\t<\/div>\n<\/div><\/div><\/div><\/div>\n","protected":false},"excerpt":{"rendered":"B\u00ed Quy\u1ebft T\u0103ng C\u01a1 H\u1ed9i \u0110\u1ecbnh C\u01b0 Mu\u1ed1n t\u0103ng c\u01a1 h\u1ed9i \u0111\u1ecbnh c\u01b0 t\u1ea1i \u00dac? Tham gia ngay Webinar CCL &amp; PTE \u0111\u1ec3 b\u1ecf t\u00fai b\u00ed quy\u1ebft n\u00e2ng \u0111i\u1ec3m nhanh ch\u00f3ng! Webinar CCL &amp; PTE c\u00f9ng AUG v\u00e0 PTE Magic s\u1ebd gi\u00fap b\u1ea1n: Hi\u1ec3u r\u00f5 c\u1ea5u tr\u00fac b\u00e0i thi &amp; chi\u1ebfn l\u01b0\u1ee3c l\u00e0m b\u00e0i hi\u1ec7u [...]","protected":false},"author":24932,"featured_media":405575,"parent":2351,"menu_order":0,"comment_status":"closed","ping_status":"closed","template":"","meta":{"footnotes":""},"class_list":["post-405533","page","type-page","status-publish","hentry"],"yoast_head":"<!-- This site is optimized with the Yoast SEO Premium plugin v27.0 (Yoast SEO v27.3) - https:\/\/yoast.com\/product\/yoast-seo-premium-wordpress\/ -->\n<title>[AUG Perth] CCL &amp; PTE Webinar - AUG Student Services<\/title>\n<meta name=\"description\" content=\"Tham gia Webinar CCL &amp; PTE c\u00f9ng AUG v\u00e0 PTE Magic \u0111\u1ec3t\u0103ng c\u01a1 h\u1ed9i \u0111\u1ecbnh c\u01b0 \u1edf \u00dac\" \/>\n<meta name=\"robots\" content=\"index, follow, max-snippet:-1, max-image-preview:large, max-video-preview:-1\" \/>\n<link rel=\"canonical\" href=\"https:\/\/augstudy.com\/zh\/\u6fb3\u5927\u5229\u4e9a\/\u4e8b\u4ef6-2\/ccl-pte-webinar\/\" \/>\n<meta property=\"og:locale\" content=\"zh_CN\" \/>\n<meta property=\"og:type\" content=\"article\" \/>\n<meta property=\"og:title\" content=\"[AUG Perth] CCL &amp; PTE Webinar\" \/>\n<meta property=\"og:description\" content=\"Tham gia Webinar CCL &amp; PTE c\u00f9ng AUG v\u00e0 PTE Magic \u0111\u1ec3t\u0103ng c\u01a1 h\u1ed9i \u0111\u1ecbnh c\u01b0 \u1edf \u00dac\" \/>\n<meta property=\"og:url\" content=\"https:\/\/augstudy.com\/zh\/\u6fb3\u5927\u5229\u4e9a\/\u4e8b\u4ef6-2\/ccl-pte-webinar\/\" \/>\n<meta property=\"og:site_name\" content=\"AUG Student Services\" \/>\n<meta property=\"article:publisher\" content=\"https:\/\/www.facebook.com\/augmalaysia\/\" \/>\n<meta property=\"article:modified_time\" content=\"2025-12-10T06:17:38+00:00\" \/>\n<meta property=\"og:image\" content=\"https:\/\/augstudy.com\/aug-website-files\/wp-content\/uploads\/2025\/12\/aug_perevents_ccl_pte_webinar_251212_1080x500.jpg\" \/>\n\t<meta property=\"og:image:width\" content=\"1080\" \/>\n\t<meta property=\"og:image:height\" content=\"540\" \/>\n\t<meta property=\"og:image:type\" content=\"image\/jpeg\" \/>\n<meta name=\"twitter:card\" content=\"summary_large_image\" \/>\n<meta name=\"twitter:label1\" content=\"\u9884\u8ba1\u9605\u8bfb\u65f6\u95f4\" \/>\n\t<meta name=\"twitter:data1\" content=\"2 \u5206\" \/>\n<script type=\"application\/ld+json\" class=\"yoast-schema-graph\">{\"@context\":\"https:\\\/\\\/schema.org\",\"@graph\":[{\"@type\":\"WebPage\",\"@id\":\"https:\\\/\\\/augstudy.com\\\/australia\\\/events\\\/ccl-pte-webinar\\\/\",\"url\":\"https:\\\/\\\/augstudy.com\\\/australia\\\/events\\\/ccl-pte-webinar\\\/\",\"name\":\"[AUG Perth] CCL & PTE Webinar - AUG Student Services\",\"isPartOf\":{\"@id\":\"https:\\\/\\\/augstudy.com\\\/#website\"},\"primaryImageOfPage\":{\"@id\":\"https:\\\/\\\/augstudy.com\\\/australia\\\/events\\\/ccl-pte-webinar\\\/#primaryimage\"},\"image\":{\"@id\":\"https:\\\/\\\/augstudy.com\\\/australia\\\/events\\\/ccl-pte-webinar\\\/#primaryimage\"},\"thumbnailUrl\":\"https:\\\/\\\/augstudy.com\\\/aug-website-files\\\/wp-content\\\/uploads\\\/2025\\\/12\\\/aug_perevents_ccl_pte_webinar_251212_1080x500.jpg\",\"datePublished\":\"2025-12-09T07:43:52+00:00\",\"dateModified\":\"2025-12-10T06:17:38+00:00\",\"description\":\"Tham gia Webinar CCL & PTE c\u00f9ng AUG v\u00e0 PTE Magic \u0111\u1ec3t\u0103ng c\u01a1 h\u1ed9i \u0111\u1ecbnh c\u01b0 \u1edf \u00dac\",\"breadcrumb\":{\"@id\":\"https:\\\/\\\/augstudy.com\\\/australia\\\/events\\\/ccl-pte-webinar\\\/#breadcrumb\"},\"inLanguage\":\"zh-Hans\",\"potentialAction\":[{\"@type\":\"ReadAction\",\"target\":[\"https:\\\/\\\/augstudy.com\\\/australia\\\/events\\\/ccl-pte-webinar\\\/\"]}]},{\"@type\":\"ImageObject\",\"inLanguage\":\"zh-Hans\",\"@id\":\"https:\\\/\\\/augstudy.com\\\/australia\\\/events\\\/ccl-pte-webinar\\\/#primaryimage\",\"url\":\"https:\\\/\\\/augstudy.com\\\/aug-website-files\\\/wp-content\\\/uploads\\\/2025\\\/12\\\/aug_perevents_ccl_pte_webinar_251212_1080x500.jpg\",\"contentUrl\":\"https:\\\/\\\/augstudy.com\\\/aug-website-files\\\/wp-content\\\/uploads\\\/2025\\\/12\\\/aug_perevents_ccl_pte_webinar_251212_1080x500.jpg\",\"width\":1080,\"height\":540},{\"@type\":\"BreadcrumbList\",\"@id\":\"https:\\\/\\\/augstudy.com\\\/australia\\\/events\\\/ccl-pte-webinar\\\/#breadcrumb\",\"itemListElement\":[{\"@type\":\"ListItem\",\"position\":1,\"name\":\"Home\",\"item\":\"https:\\\/\\\/augstudy.com\\\/\"},{\"@type\":\"ListItem\",\"position\":2,\"name\":\"AUG Australia\",\"item\":\"https:\\\/\\\/augstudy.com\\\/australia\\\/\"},{\"@type\":\"ListItem\",\"position\":3,\"name\":\"AUG Australia Events\",\"item\":\"https:\\\/\\\/augstudy.com\\\/australia\\\/events\\\/\"},{\"@type\":\"ListItem\",\"position\":4,\"name\":\"[AUG Perth] CCL &#038; PTE Webinar\"}]},{\"@type\":\"WebSite\",\"@id\":\"https:\\\/\\\/augstudy.com\\\/#website\",\"url\":\"https:\\\/\\\/augstudy.com\\\/\",\"name\":\"AUG Student Services\",\"description\":\"Student Services\",\"alternateName\":\"AUG Global\",\"potentialAction\":[{\"@type\":\"SearchAction\",\"target\":{\"@type\":\"EntryPoint\",\"urlTemplate\":\"https:\\\/\\\/augstudy.com\\\/?s={search_term_string}\"},\"query-input\":{\"@type\":\"PropertyValueSpecification\",\"valueRequired\":true,\"valueName\":\"search_term_string\"}}],\"inLanguage\":\"zh-Hans\"}]}<\/script>\n<!-- \/ Yoast SEO Premium plugin. -->","yoast_head_json":{"title":"[AUG Perth] CCL & PTE Webinar - AUG Student Services","description":"Tham gia Webinar CCL & PTE c\u00f9ng AUG v\u00e0 PTE Magic \u0111\u1ec3t\u0103ng c\u01a1 h\u1ed9i \u0111\u1ecbnh c\u01b0 \u1edf \u00dac","robots":{"index":"index","follow":"follow","max-snippet":"max-snippet:-1","max-image-preview":"max-image-preview:large","max-video-preview":"max-video-preview:-1"},"canonical":"https:\/\/augstudy.com\/zh\/\u6fb3\u5927\u5229\u4e9a\/\u4e8b\u4ef6-2\/ccl-pte-webinar\/","og_locale":"zh_CN","og_type":"article","og_title":"[AUG Perth] CCL & PTE Webinar","og_description":"Tham gia Webinar CCL & PTE c\u00f9ng AUG v\u00e0 PTE Magic \u0111\u1ec3t\u0103ng c\u01a1 h\u1ed9i \u0111\u1ecbnh c\u01b0 \u1edf \u00dac","og_url":"https:\/\/augstudy.com\/zh\/\u6fb3\u5927\u5229\u4e9a\/\u4e8b\u4ef6-2\/ccl-pte-webinar\/","og_site_name":"AUG Student Services","article_publisher":"https:\/\/www.facebook.com\/augmalaysia\/","article_modified_time":"2025-12-10T06:17:38+00:00","og_image":[{"width":1080,"height":540,"url":"https:\/\/augstudy.com\/aug-website-files\/wp-content\/uploads\/2025\/12\/aug_perevents_ccl_pte_webinar_251212_1080x500.jpg","type":"image\/jpeg"}],"twitter_card":"summary_large_image","twitter_misc":{"\u9884\u8ba1\u9605\u8bfb\u65f6\u95f4":"2 \u5206"},"schema":{"@context":"https:\/\/schema.org","@graph":[{"@type":"WebPage","@id":"https:\/\/augstudy.com\/australia\/events\/ccl-pte-webinar\/","url":"https:\/\/augstudy.com\/australia\/events\/ccl-pte-webinar\/","name":"[AUG Perth] CCL & PTE Webinar - AUG Student Services","isPartOf":{"@id":"https:\/\/augstudy.com\/#website"},"primaryImageOfPage":{"@id":"https:\/\/augstudy.com\/australia\/events\/ccl-pte-webinar\/#primaryimage"},"image":{"@id":"https:\/\/augstudy.com\/australia\/events\/ccl-pte-webinar\/#primaryimage"},"thumbnailUrl":"https:\/\/augstudy.com\/aug-website-files\/wp-content\/uploads\/2025\/12\/aug_perevents_ccl_pte_webinar_251212_1080x500.jpg","datePublished":"2025-12-09T07:43:52+00:00","dateModified":"2025-12-10T06:17:38+00:00","description":"Tham gia Webinar CCL & PTE c\u00f9ng AUG v\u00e0 PTE Magic \u0111\u1ec3t\u0103ng c\u01a1 h\u1ed9i \u0111\u1ecbnh c\u01b0 \u1edf \u00dac","breadcrumb":{"@id":"https:\/\/augstudy.com\/australia\/events\/ccl-pte-webinar\/#breadcrumb"},"inLanguage":"zh-Hans","potentialAction":[{"@type":"ReadAction","target":["https:\/\/augstudy.com\/australia\/events\/ccl-pte-webinar\/"]}]},{"@type":"ImageObject","inLanguage":"zh-Hans","@id":"https:\/\/augstudy.com\/australia\/events\/ccl-pte-webinar\/#primaryimage","url":"https:\/\/augstudy.com\/aug-website-files\/wp-content\/uploads\/2025\/12\/aug_perevents_ccl_pte_webinar_251212_1080x500.jpg","contentUrl":"https:\/\/augstudy.com\/aug-website-files\/wp-content\/uploads\/2025\/12\/aug_perevents_ccl_pte_webinar_251212_1080x500.jpg","width":1080,"height":540},{"@type":"BreadcrumbList","@id":"https:\/\/augstudy.com\/australia\/events\/ccl-pte-webinar\/#breadcrumb","itemListElement":[{"@type":"ListItem","position":1,"name":"Home","item":"https:\/\/augstudy.com\/"},{"@type":"ListItem","position":2,"name":"AUG Australia","item":"https:\/\/augstudy.com\/australia\/"},{"@type":"ListItem","position":3,"name":"AUG Australia Events","item":"https:\/\/augstudy.com\/australia\/events\/"},{"@type":"ListItem","position":4,"name":"[AUG Perth] CCL &#038; PTE Webinar"}]},{"@type":"WebSite","@id":"https:\/\/augstudy.com\/#website","url":"https:\/\/augstudy.com\/","name":"AUG\u5b66\u751f\u670d\u52a1","description":"\u5b66\u751f\u670d\u52a1","alternateName":"AUG Global","potentialAction":[{"@type":"SearchAction","target":{"@type":"EntryPoint","urlTemplate":"https:\/\/augstudy.com\/?s={search_term_string}"},"query-input":{"@type":"PropertyValueSpecification","valueRequired":true,"valueName":"search_term_string"}}],"inLanguage":"zh-Hans"}]}},"_links":{"self":[{"href":"https:\/\/augstudy.com\/zh\/wp-json\/wp\/v2\/pages\/405533","targetHints":{"allow":["GET"]}}],"collection":[{"href":"https:\/\/augstudy.com\/zh\/wp-json\/wp\/v2\/pages"}],"about":[{"href":"https:\/\/augstudy.com\/zh\/wp-json\/wp\/v2\/types\/page"}],"author":[{"embeddable":true,"href":"https:\/\/augstudy.com\/zh\/wp-json\/wp\/v2\/users\/24932"}],"replies":[{"embeddable":true,"href":"https:\/\/augstudy.com\/zh\/wp-json\/wp\/v2\/comments?post=405533"}],"version-history":[{"count":8,"href":"https:\/\/augstudy.com\/zh\/wp-json\/wp\/v2\/pages\/405533\/revisions"}],"predecessor-version":[{"id":405539,"href":"https:\/\/augstudy.com\/zh\/wp-json\/wp\/v2\/pages\/405533\/revisions\/405539"}],"up":[{"embeddable":true,"href":"https:\/\/augstudy.com\/zh\/wp-json\/wp\/v2\/pages\/2351"}],"wp:featuredmedia":[{"embeddable":true,"href":"https:\/\/augstudy.com\/zh\/wp-json\/wp\/v2\/media\/405575"}],"wp:attachment":[{"href":"https:\/\/augstudy.com\/zh\/wp-json\/wp\/v2\/media?parent=405533"}],"curies":[{"name":"wp","href":"https:\/\/api.w.org\/{rel}","templated":true}]}}