{"id":404687,"date":"2025-11-13T11:13:01","date_gmt":"2025-11-13T00:13:01","guid":{"rendered":"https:\/\/augstudy.com\/?page_id=404687"},"modified":"2025-11-13T12:42:47","modified_gmt":"2025-11-13T01:42:47","slug":"aug-sydney-bubble-tea-on-us","status":"publish","type":"page","link":"https:\/\/augstudy.com\/zh\/australia\/events\/aug-sydney-bubble-tea-on-us\/","title":{"rendered":"[AUG Sydney] Bubble On Us"},"content":{"rendered":"<div data-vc-full-width=\"true\" data-vc-full-width-init=\"false\" class=\"vc_row wpb_row vc_row-fluid vc_custom_1762992845485 vc_row-has-fill vc_row-o-content-middle vc_row-flex\"><div class=\"wpb_column vc_column_container vc_col-sm-12\"><div class=\"vc_column-inner vc_custom_1661838891579\"><div class=\"wpb_wrapper\">\n\t<div class=\"wpb_single_image wpb_content_element vc_align_center  vc_custom_1762992778704\">\n\t\t\n\t\t<figure class=\"wpb_wrapper vc_figure\">\n\t\t\t<div class=\"vc_single_image-wrapper   vc_box_border_grey\"><img loading=\"lazy\" decoding=\"async\" width=\"1920\" height=\"711\" src=\"https:\/\/augstudy.com\/aug-website-files\/wp-content\/uploads\/2025\/11\/trasuasurmon-1.png\" class=\"vc_single_image-img attachment-full\" alt=\"\" srcset=\"https:\/\/augstudy.com\/aug-website-files\/wp-content\/uploads\/2025\/11\/trasuasurmon-1.png 1920w, https:\/\/augstudy.com\/aug-website-files\/wp-content\/uploads\/2025\/11\/trasuasurmon-1-300x111.png 300w, https:\/\/augstudy.com\/aug-website-files\/wp-content\/uploads\/2025\/11\/trasuasurmon-1-1024x379.png 1024w, https:\/\/augstudy.com\/aug-website-files\/wp-content\/uploads\/2025\/11\/trasuasurmon-1-768x284.png 768w, https:\/\/augstudy.com\/aug-website-files\/wp-content\/uploads\/2025\/11\/trasuasurmon-1-1536x569.png 1536w, https:\/\/augstudy.com\/aug-website-files\/wp-content\/uploads\/2025\/11\/trasuasurmon-1-18x7.png 18w\" sizes=\"auto, (max-width: 1920px) 100vw, 1920px\" \/><\/div>\n\t\t<\/figure>\n\t<\/div>\n<\/div><\/div><\/div><\/div><div class=\"vc_row-full-width vc_clearfix\"><\/div><div data-vc-full-width=\"true\" data-vc-full-width-init=\"false\" class=\"vc_row wpb_row vc_row-fluid vc_custom_1682916971038 vc_row-has-fill vc_row-o-content-middle vc_row-flex\"><div class=\"wpb_column vc_column_container vc_col-sm-2 vc_hidden-sm vc_hidden-xs\"><div class=\"vc_column-inner \"><div class=\"wpb_wrapper\"><\/div><\/div><\/div><div class=\"wpb_column vc_column_container vc_col-sm-8\"><div class=\"vc_column-inner vc_custom_1671748405855\"><div class=\"wpb_wrapper\">\n\t<div class=\"wpb_text_column wpb_content_element  aug_content_box\">\n\t\t<div class=\"wpb_wrapper\">\n\t\t\t<h3><strong>Bubble Tea On Us<\/strong><\/h3>\n<p><span class=\"\" style=\"display:block;clear:both;height: 0px;padding-top: 15px;border-top-width:0px;border-bottom-width:0px;\"><\/span>Th\u00e8m tr\u00e0 s\u1eefa \u00e0? \u0110\u1ec3 AUG m\u1eddi b\u1ea1n nha! \ud83d\udc96<br \/>\n<span class=\"\" style=\"display:block;clear:both;height: 0px;padding-top: 15px;border-top-width:0px;border-bottom-width:0px;\"><\/span>Tham gia s\u1ef1 ki\u1ec7n Bubble Tea On Us v\u00e0 nh\u1eadn ngay tr\u00e0 s\u1eefa mi\u1ec5n ph\u00ed khi gh\u00e9 qua tr\u00f2 chuy\u1ec7n c\u00f9ng \u0111\u1ed9i ng\u0169 AUG. D\u00f9 b\u1ea1n \u0111ang t\u00ecm hi\u1ec3u v\u1ec1 du h\u1ecdc, chu\u1ea9n b\u1ecb cho b\u01b0\u1edbc ti\u1ebfp theo, hay ch\u1ec9 mu\u1ed1n c\u00f3 bu\u1ed5i chi\u1ec1u vui v\u1ebb, \u0111\u00e2y l\u00e0 d\u1ecbp ho\u00e0n h\u1ea3o \u0111\u1ec3 th\u01b0 gi\u00e3n v\u00e0 th\u01b0\u1edfng th\u1ee9c ly tr\u00e0 s\u1eefa ngon tuy\u1ec7t! \ud83d\ude0b\u2728<\/p>\n<h3><span class=\"\" style=\"display:block;clear:both;height: 0px;padding-top: 15px;border-top-width:0px;border-bottom-width:0px;\"><\/span><strong>\ud83d\udcc5 Th\u1eddi gian &amp; \u0110\u1ecba \u0111i\u1ec3m:<\/strong><\/h3>\n<p><span class=\"\" style=\"display:block;clear:both;height: 0px;padding-top: 15px;border-top-width:0px;border-bottom-width:0px;\"><\/span><strong>&#8211; Ng\u00e0y 2\/12:<\/strong> 2:30 PM \u2013 4:00 PM | <span style=\"text-decoration: underline;\"><a href=\"https:\/\/maps.app.goo.gl\/hUEs6HUnD4ScvMzQ9\" target=\"_blank\" rel=\"noopener\">Gong Cha Bankstown Plaza<\/a><\/span><br \/>\n<span class=\"\" style=\"display:block;clear:both;height: 0px;padding-top: 15px;border-top-width:0px;border-bottom-width:0px;\"><\/span><strong>&#8211; Ng\u00e0y 3\/12:<\/strong> 2:30 PM \u2013 4:00 PM | <span style=\"text-decoration: underline;\"><a href=\"https:\/\/maps.app.goo.gl\/11tVvFuen1GXatd3A\" target=\"_blank\" rel=\"noopener\">Tea Republic Cabramatta<\/a><\/span><br \/>\n<span class=\"\" style=\"display:block;clear:both;height: 0px;padding-top: 15px;border-top-width:0px;border-bottom-width:0px;\"><\/span>\u0110\u1eebng b\u1ecf l\u1ee1 nh\u00e9 \u2014 gh\u00e9 AUG nh\u1eadn tr\u00e0 s\u1eefa v\u00e0 tr\u00f2 chuy\u1ec7n c\u00f9ng t\u1ee5i m\u00ecnh n\u00e0o! \ud83e\uddcb<br \/>\n<span class=\"\" style=\"display:block;clear:both;height: 0px;padding-top: 15px;border-top-width:0px;border-bottom-width:0px;\"><\/span><\/p>\n<h6 style=\"color: #ff0000;\"><strong><em>* indicates required field<\/em><\/strong><\/h6>\n\n\t\t<\/div>\n\t<\/div>\n<\/div><\/div><\/div><div class=\"wpb_column vc_column_container vc_col-sm-2 vc_hidden-sm vc_hidden-xs\"><div class=\"vc_column-inner \"><div class=\"wpb_wrapper\"><\/div><\/div><\/div><\/div><div class=\"vc_row-full-width vc_clearfix\"><\/div><div id=\"registration\" class=\"vc_row wpb_row vc_row-fluid\"><div class=\"wpb_column vc_column_container vc_col-sm-12\"><div class=\"vc_column-inner vc_custom_1660175491551\"><div class=\"wpb_wrapper\">\n\t<div class=\"wpb_text_column wpb_content_element \">\n\t\t<div class=\"wpb_wrapper\">\n\t\t\t<!doctype html>\r\n<html>\r\n<head>\r\n<meta charset=\"utf-8\">\r\n<title><\/title>\r\n<\/head>\r\n<body data-rsssl=1>\r\n\r\n<iframe id=\"augRegoForm\"\r\n        src=\"https:\/\/form.jotform.com\/253146243808861?eventName=Bubble%20Tea%20On%20Us\"\r\n        style=\"width:100%;height:700px;border:0;\"><\/iframe>\r\n\r\n<script>\r\n(function(){\r\n  const iframe = document.getElementById('augRegoForm');\r\n  if (!iframe) return;\r\n\r\n  const lang = 'vi';\r\n  const src = iframe.src;\r\n\r\n  const joinChar = src.includes('?') ? '&' : '?';\r\n  iframe.src = src + joinChar + 'language=' + lang + '&form_language=' + lang;\r\n\r\n  const s = document.createElement('script');\r\n  s.src = 'https:\/\/cdn.jotfor.ms\/s\/umd\/latest\/for-form-embed-handler.js';\r\n  s.async = true;\r\n  s.onload = function(){\r\n    if (window.jotformEmbedHandler) {\r\n      window.jotformEmbedHandler('iframe[id=\"augRegoForm\"]', 'https:\/\/form.jotform.com\/');\r\n    }\r\n  };\r\n  document.head.appendChild(s);\r\n})();\r\n<\/script>\r\n\r\n<\/body>\r\n<\/html>\n\n\t\t<\/div>\n\t<\/div>\n<\/div><\/div><\/div><\/div>\n","protected":false},"excerpt":{"rendered":"Bubble Tea On Us Th\u00e8m tr\u00e0 s\u1eefa \u00e0? \u0110\u1ec3 AUG m\u1eddi b\u1ea1n nha! \ud83d\udc96 Tham gia s\u1ef1 ki\u1ec7n Bubble Tea On Us v\u00e0 nh\u1eadn ngay tr\u00e0 s\u1eefa mi\u1ec5n ph\u00ed khi gh\u00e9 qua tr\u00f2 chuy\u1ec7n c\u00f9ng \u0111\u1ed9i ng\u0169 AUG. D\u00f9 b\u1ea1n \u0111ang t\u00ecm hi\u1ec3u v\u1ec1 du h\u1ecdc, chu\u1ea9n b\u1ecb cho b\u01b0\u1edbc ti\u1ebfp theo, hay ch\u1ec9 mu\u1ed1n [...]","protected":false},"author":24935,"featured_media":404688,"parent":2351,"menu_order":0,"comment_status":"closed","ping_status":"closed","template":"","meta":{"footnotes":""},"class_list":["post-404687","page","type-page","status-publish","hentry"],"yoast_head":"<!-- This site is optimized with the Yoast SEO Premium plugin v27.0 (Yoast SEO v27.3) - https:\/\/yoast.com\/product\/yoast-seo-premium-wordpress\/ -->\n<title>[AUG Sydney] Bubble On Us - AUG Student Services<\/title>\n<meta name=\"description\" content=\"M\u1eddi b\u1ea1n tr\u00e0 s\u1eefa mi\u1ec5n ph\u00ed c\u00f9ng AUG t\u1ea1i s\u1ef1 ki\u1ec7n Bubble Tea On Us \u1edf Bankstown v\u00e0 Cabramatta th\u00e1ng 12 n\u00e0y\" \/>\n<meta name=\"robots\" content=\"index, follow, max-snippet:-1, max-image-preview:large, max-video-preview:-1\" \/>\n<link rel=\"canonical\" href=\"https:\/\/augstudy.com\/zh\/\u6fb3\u5927\u5229\u4e9a\/\u4e8b\u4ef6-2\/aug-sydney-bubble-tea-on-us\/\" \/>\n<meta property=\"og:locale\" content=\"zh_CN\" \/>\n<meta property=\"og:type\" content=\"article\" \/>\n<meta property=\"og:title\" content=\"[AUG Sydney] Bubble On Us\" \/>\n<meta property=\"og:description\" content=\"M\u1eddi b\u1ea1n tr\u00e0 s\u1eefa mi\u1ec5n ph\u00ed c\u00f9ng AUG t\u1ea1i s\u1ef1 ki\u1ec7n Bubble Tea On Us \u1edf Bankstown v\u00e0 Cabramatta th\u00e1ng 12 n\u00e0y\" \/>\n<meta property=\"og:url\" content=\"https:\/\/augstudy.com\/zh\/\u6fb3\u5927\u5229\u4e9a\/\u4e8b\u4ef6-2\/aug-sydney-bubble-tea-on-us\/\" \/>\n<meta property=\"og:site_name\" content=\"AUG Student Services\" \/>\n<meta property=\"article:publisher\" content=\"https:\/\/www.facebook.com\/augmalaysia\/\" \/>\n<meta property=\"article:modified_time\" content=\"2025-11-13T01:42:47+00:00\" \/>\n<meta property=\"og:image\" content=\"https:\/\/augstudy.com\/aug-website-files\/wp-content\/uploads\/2025\/11\/trasuasurmon-1.png\" \/>\n\t<meta property=\"og:image:width\" content=\"1920\" \/>\n\t<meta property=\"og:image:height\" content=\"711\" \/>\n\t<meta property=\"og:image:type\" content=\"image\/png\" \/>\n<meta name=\"twitter:card\" content=\"summary_large_image\" \/>\n<meta name=\"twitter:label1\" content=\"\u9884\u8ba1\u9605\u8bfb\u65f6\u95f4\" \/>\n\t<meta name=\"twitter:data1\" content=\"2 \u5206\" \/>\n<script type=\"application\/ld+json\" class=\"yoast-schema-graph\">{\"@context\":\"https:\\\/\\\/schema.org\",\"@graph\":[{\"@type\":\"WebPage\",\"@id\":\"https:\\\/\\\/augstudy.com\\\/australia\\\/events\\\/aug-sydney-bubble-tea-on-us\\\/\",\"url\":\"https:\\\/\\\/augstudy.com\\\/australia\\\/events\\\/aug-sydney-bubble-tea-on-us\\\/\",\"name\":\"[AUG Sydney] Bubble On Us - AUG Student Services\",\"isPartOf\":{\"@id\":\"https:\\\/\\\/augstudy.com\\\/#website\"},\"primaryImageOfPage\":{\"@id\":\"https:\\\/\\\/augstudy.com\\\/australia\\\/events\\\/aug-sydney-bubble-tea-on-us\\\/#primaryimage\"},\"image\":{\"@id\":\"https:\\\/\\\/augstudy.com\\\/australia\\\/events\\\/aug-sydney-bubble-tea-on-us\\\/#primaryimage\"},\"thumbnailUrl\":\"https:\\\/\\\/augstudy.com\\\/aug-website-files\\\/wp-content\\\/uploads\\\/2025\\\/11\\\/trasuasurmon-1.png\",\"datePublished\":\"2025-11-13T00:13:01+00:00\",\"dateModified\":\"2025-11-13T01:42:47+00:00\",\"description\":\"M\u1eddi b\u1ea1n tr\u00e0 s\u1eefa mi\u1ec5n ph\u00ed c\u00f9ng AUG t\u1ea1i s\u1ef1 ki\u1ec7n Bubble Tea On Us \u1edf Bankstown v\u00e0 Cabramatta th\u00e1ng 12 n\u00e0y\",\"breadcrumb\":{\"@id\":\"https:\\\/\\\/augstudy.com\\\/australia\\\/events\\\/aug-sydney-bubble-tea-on-us\\\/#breadcrumb\"},\"inLanguage\":\"zh-Hans\",\"potentialAction\":[{\"@type\":\"ReadAction\",\"target\":[\"https:\\\/\\\/augstudy.com\\\/australia\\\/events\\\/aug-sydney-bubble-tea-on-us\\\/\"]}]},{\"@type\":\"ImageObject\",\"inLanguage\":\"zh-Hans\",\"@id\":\"https:\\\/\\\/augstudy.com\\\/australia\\\/events\\\/aug-sydney-bubble-tea-on-us\\\/#primaryimage\",\"url\":\"https:\\\/\\\/augstudy.com\\\/aug-website-files\\\/wp-content\\\/uploads\\\/2025\\\/11\\\/trasuasurmon-1.png\",\"contentUrl\":\"https:\\\/\\\/augstudy.com\\\/aug-website-files\\\/wp-content\\\/uploads\\\/2025\\\/11\\\/trasuasurmon-1.png\",\"width\":1920,\"height\":711},{\"@type\":\"BreadcrumbList\",\"@id\":\"https:\\\/\\\/augstudy.com\\\/australia\\\/events\\\/aug-sydney-bubble-tea-on-us\\\/#breadcrumb\",\"itemListElement\":[{\"@type\":\"ListItem\",\"position\":1,\"name\":\"Home\",\"item\":\"https:\\\/\\\/augstudy.com\\\/\"},{\"@type\":\"ListItem\",\"position\":2,\"name\":\"AUG Australia\",\"item\":\"https:\\\/\\\/augstudy.com\\\/australia\\\/\"},{\"@type\":\"ListItem\",\"position\":3,\"name\":\"AUG Australia Events\",\"item\":\"https:\\\/\\\/augstudy.com\\\/australia\\\/events\\\/\"},{\"@type\":\"ListItem\",\"position\":4,\"name\":\"[AUG Sydney] Bubble On Us\"}]},{\"@type\":\"WebSite\",\"@id\":\"https:\\\/\\\/augstudy.com\\\/#website\",\"url\":\"https:\\\/\\\/augstudy.com\\\/\",\"name\":\"AUG Student Services\",\"description\":\"Student Services\",\"alternateName\":\"AUG Global\",\"potentialAction\":[{\"@type\":\"SearchAction\",\"target\":{\"@type\":\"EntryPoint\",\"urlTemplate\":\"https:\\\/\\\/augstudy.com\\\/?s={search_term_string}\"},\"query-input\":{\"@type\":\"PropertyValueSpecification\",\"valueRequired\":true,\"valueName\":\"search_term_string\"}}],\"inLanguage\":\"zh-Hans\"}]}<\/script>\n<!-- \/ Yoast SEO Premium plugin. -->","yoast_head_json":{"title":"[AUG Sydney] Bubble On Us - AUG Student Services","description":"M\u1eddi b\u1ea1n tr\u00e0 s\u1eefa mi\u1ec5n ph\u00ed c\u00f9ng AUG t\u1ea1i s\u1ef1 ki\u1ec7n Bubble Tea On Us \u1edf Bankstown v\u00e0 Cabramatta th\u00e1ng 12 n\u00e0y","robots":{"index":"index","follow":"follow","max-snippet":"max-snippet:-1","max-image-preview":"max-image-preview:large","max-video-preview":"max-video-preview:-1"},"canonical":"https:\/\/augstudy.com\/zh\/\u6fb3\u5927\u5229\u4e9a\/\u4e8b\u4ef6-2\/aug-sydney-bubble-tea-on-us\/","og_locale":"zh_CN","og_type":"article","og_title":"[AUG Sydney] Bubble On Us","og_description":"M\u1eddi b\u1ea1n tr\u00e0 s\u1eefa mi\u1ec5n ph\u00ed c\u00f9ng AUG t\u1ea1i s\u1ef1 ki\u1ec7n Bubble Tea On Us \u1edf Bankstown v\u00e0 Cabramatta th\u00e1ng 12 n\u00e0y","og_url":"https:\/\/augstudy.com\/zh\/\u6fb3\u5927\u5229\u4e9a\/\u4e8b\u4ef6-2\/aug-sydney-bubble-tea-on-us\/","og_site_name":"AUG Student Services","article_publisher":"https:\/\/www.facebook.com\/augmalaysia\/","article_modified_time":"2025-11-13T01:42:47+00:00","og_image":[{"width":1920,"height":711,"url":"https:\/\/augstudy.com\/aug-website-files\/wp-content\/uploads\/2025\/11\/trasuasurmon-1.png","type":"image\/png"}],"twitter_card":"summary_large_image","twitter_misc":{"\u9884\u8ba1\u9605\u8bfb\u65f6\u95f4":"2 \u5206"},"schema":{"@context":"https:\/\/schema.org","@graph":[{"@type":"WebPage","@id":"https:\/\/augstudy.com\/australia\/events\/aug-sydney-bubble-tea-on-us\/","url":"https:\/\/augstudy.com\/australia\/events\/aug-sydney-bubble-tea-on-us\/","name":"[AUG Sydney] Bubble On Us - AUG Student Services","isPartOf":{"@id":"https:\/\/augstudy.com\/#website"},"primaryImageOfPage":{"@id":"https:\/\/augstudy.com\/australia\/events\/aug-sydney-bubble-tea-on-us\/#primaryimage"},"image":{"@id":"https:\/\/augstudy.com\/australia\/events\/aug-sydney-bubble-tea-on-us\/#primaryimage"},"thumbnailUrl":"https:\/\/augstudy.com\/aug-website-files\/wp-content\/uploads\/2025\/11\/trasuasurmon-1.png","datePublished":"2025-11-13T00:13:01+00:00","dateModified":"2025-11-13T01:42:47+00:00","description":"M\u1eddi b\u1ea1n tr\u00e0 s\u1eefa mi\u1ec5n ph\u00ed c\u00f9ng AUG t\u1ea1i s\u1ef1 ki\u1ec7n Bubble Tea On Us \u1edf Bankstown v\u00e0 Cabramatta th\u00e1ng 12 n\u00e0y","breadcrumb":{"@id":"https:\/\/augstudy.com\/australia\/events\/aug-sydney-bubble-tea-on-us\/#breadcrumb"},"inLanguage":"zh-Hans","potentialAction":[{"@type":"ReadAction","target":["https:\/\/augstudy.com\/australia\/events\/aug-sydney-bubble-tea-on-us\/"]}]},{"@type":"ImageObject","inLanguage":"zh-Hans","@id":"https:\/\/augstudy.com\/australia\/events\/aug-sydney-bubble-tea-on-us\/#primaryimage","url":"https:\/\/augstudy.com\/aug-website-files\/wp-content\/uploads\/2025\/11\/trasuasurmon-1.png","contentUrl":"https:\/\/augstudy.com\/aug-website-files\/wp-content\/uploads\/2025\/11\/trasuasurmon-1.png","width":1920,"height":711},{"@type":"BreadcrumbList","@id":"https:\/\/augstudy.com\/australia\/events\/aug-sydney-bubble-tea-on-us\/#breadcrumb","itemListElement":[{"@type":"ListItem","position":1,"name":"Home","item":"https:\/\/augstudy.com\/"},{"@type":"ListItem","position":2,"name":"AUG Australia","item":"https:\/\/augstudy.com\/australia\/"},{"@type":"ListItem","position":3,"name":"AUG Australia Events","item":"https:\/\/augstudy.com\/australia\/events\/"},{"@type":"ListItem","position":4,"name":"[AUG Sydney] Bubble On Us"}]},{"@type":"WebSite","@id":"https:\/\/augstudy.com\/#website","url":"https:\/\/augstudy.com\/","name":"AUG\u5b66\u751f\u670d\u52a1","description":"\u5b66\u751f\u670d\u52a1","alternateName":"AUG Global","potentialAction":[{"@type":"SearchAction","target":{"@type":"EntryPoint","urlTemplate":"https:\/\/augstudy.com\/?s={search_term_string}"},"query-input":{"@type":"PropertyValueSpecification","valueRequired":true,"valueName":"search_term_string"}}],"inLanguage":"zh-Hans"}]}},"_links":{"self":[{"href":"https:\/\/augstudy.com\/zh\/wp-json\/wp\/v2\/pages\/404687","targetHints":{"allow":["GET"]}}],"collection":[{"href":"https:\/\/augstudy.com\/zh\/wp-json\/wp\/v2\/pages"}],"about":[{"href":"https:\/\/augstudy.com\/zh\/wp-json\/wp\/v2\/types\/page"}],"author":[{"embeddable":true,"href":"https:\/\/augstudy.com\/zh\/wp-json\/wp\/v2\/users\/24935"}],"replies":[{"embeddable":true,"href":"https:\/\/augstudy.com\/zh\/wp-json\/wp\/v2\/comments?post=404687"}],"version-history":[{"count":7,"href":"https:\/\/augstudy.com\/zh\/wp-json\/wp\/v2\/pages\/404687\/revisions"}],"predecessor-version":[{"id":404701,"href":"https:\/\/augstudy.com\/zh\/wp-json\/wp\/v2\/pages\/404687\/revisions\/404701"}],"up":[{"embeddable":true,"href":"https:\/\/augstudy.com\/zh\/wp-json\/wp\/v2\/pages\/2351"}],"wp:featuredmedia":[{"embeddable":true,"href":"https:\/\/augstudy.com\/zh\/wp-json\/wp\/v2\/media\/404688"}],"wp:attachment":[{"href":"https:\/\/augstudy.com\/zh\/wp-json\/wp\/v2\/media?parent=404687"}],"curies":[{"name":"wp","href":"https:\/\/api.w.org\/{rel}","templated":true}]}}