{"id":397590,"date":"2025-04-08T13:47:21","date_gmt":"2025-04-08T03:47:21","guid":{"rendered":"https:\/\/augstudy.com\/?page_id=397590"},"modified":"2025-04-29T09:45:39","modified_gmt":"2025-04-28T23:45:39","slug":"vietnam","status":"publish","type":"page","link":"https:\/\/augstudy.com\/zh\/30years\/vietnam\/","title":{"rendered":"[AUG Vietnam] 30 Years Follow &#038; Win Campaign"},"content":{"rendered":"<div class=\"vc_row wpb_row vc_row-fluid\"><div class=\"wpb_column vc_column_container vc_col-sm-12\"><div class=\"vc_column-inner\"><div class=\"wpb_wrapper\"><\/div><\/div><\/div><\/div><div class=\"vc_row wpb_row vc_row-fluid vc_custom_1744078965699\"><div class=\"wpb_column vc_column_container vc_col-sm-12\"><div class=\"vc_column-inner\"><div class=\"wpb_wrapper\"><h1 style=\"font-size: 24px;color: #006991;text-align: left;font-family:Roboto;font-weight:700;font-style:normal\" class=\"vc_custom_heading\">C\u00e1ch th\u1ee9c tham gia<\/h1><div class=\"vc_row wpb_row vc_inner vc_row-fluid vc_custom_1745821624180\"><div class=\"wpb_column vc_column_container vc_col-sm-4\"><div class=\"vc_column-inner\"><div class=\"wpb_wrapper\">\n\t<div class=\"wpb_single_image wpb_content_element vc_align_left  wpb_animate_when_almost_visible wpb_left-to-right\">\n\t\t\n\t\t<figure class=\"wpb_wrapper vc_figure\">\n\t\t\t<div class=\"vc_single_image-wrapper vc_box_rounded  vc_box_border_grey\"><img loading=\"lazy\" decoding=\"async\" width=\"1080\" height=\"1350\" src=\"https:\/\/augstudy.com\/aug-website-files\/wp-content\/uploads\/2025\/04\/Vietnam-2.jpg\" class=\"vc_single_image-img attachment-full\" alt=\"\" srcset=\"https:\/\/augstudy.com\/aug-website-files\/wp-content\/uploads\/2025\/04\/Vietnam-2.jpg 1080w, https:\/\/augstudy.com\/aug-website-files\/wp-content\/uploads\/2025\/04\/Vietnam-2-240x300.jpg 240w, https:\/\/augstudy.com\/aug-website-files\/wp-content\/uploads\/2025\/04\/Vietnam-2-819x1024.jpg 819w, https:\/\/augstudy.com\/aug-website-files\/wp-content\/uploads\/2025\/04\/Vietnam-2-768x960.jpg 768w, https:\/\/augstudy.com\/aug-website-files\/wp-content\/uploads\/2025\/04\/Vietnam-2-10x12.jpg 10w\" sizes=\"auto, (max-width: 1080px) 100vw, 1080px\" \/><\/div>\n\t\t<\/figure>\n\t<\/div>\n<\/div><\/div><\/div><div class=\"wpb_column vc_column_container vc_col-sm-8\"><div class=\"vc_column-inner\"><div class=\"wpb_wrapper\">\n\t<div class=\"wpb_text_column wpb_content_element\">\n\t\t<div class=\"wpb_wrapper\">\n\t\t\t<ol>\n<li>Ch\u01b0\u01a1ng tr\u00ecnh s\u1ebd di\u1ec5n ra tr\u00ean trang Facebook c\u1ee7a Ban T\u1ed5 Ch\u1ee9c: <a style=\"text-decoration: underline;\" href=\"https:\/\/www.facebook.com\/AUGVietNam\/\" target=\"_blank\" rel=\"noopener\">AUG Student Services Vietnam<\/a><\/li>\n<li>\u0110\u1ec3 \u0111\u1ee7 \u0111i\u1ec1u ki\u1ec7n nh\u1eadn gi\u1ea3i th\u01b0\u1edfng, Ng\u01b0\u1eddi Tham Gia ph\u1ea3i theo d\u00f5i trang Facebook c\u1ee7a Ban T\u1ed5 Ch\u1ee9c, th\u00edch b\u00e0i \u0111\u0103ng v\u1ec1 Ch\u01b0\u01a1ng tr\u00ecnh tr\u00ean Facebook v\u00e0 g\u1eafn th\u1ebb \u00edt nh\u1ea5t ba ng\u01b0\u1eddi b\u1ea1n trong ph\u1ea7n b\u00ecnh lu\u1eadn. T\u1ea5t c\u1ea3 c\u00e1c b\u00e0i d\u1ef1 thi ph\u1ea3i \u0111\u01b0\u1ee3c g\u1eedi trong th\u1eddi gian quy \u0111\u1ecbnh c\u1ee7a Ch\u01b0\u01a1ng tr\u00ecnh m\u1edbi \u0111\u01b0\u1ee3c xem x\u00e9t.<\/li>\n<li>M\u1ed7i Ng\u01b0\u1eddi Tham Gia ch\u1ec9 \u0111\u01b0\u1ee3c b\u00ecnh lu\u1eadn M\u1ed8T (1) L\u1ea6N tr\u00ean b\u00e0i \u0111\u0103ng c\u1ee5 th\u1ec3 c\u1ee7a Ch\u01b0\u01a1ng tr\u00ecnh trong to\u00e0n b\u1ed9 th\u1eddi gian di\u1ec5n ra Ch\u01b0\u01a1ng tr\u00ecnh. M\u1ed7i Ng\u01b0\u1eddi Tham Gia ch\u1ec9 \u0111\u01b0\u1ee3c ph\u00e9p g\u1eedi m\u1ed9t (1) b\u00ecnh lu\u1eadn.<\/li>\n<li>V\u00e0o cu\u1ed1i Ch\u01b0\u01a1ng tr\u00ecnh, Ban T\u1ed5 Ch\u1ee9c s\u1ebd ti\u1ebfn h\u00e0nh b\u1ed1c th\u0103m ng\u01b0\u1eddi chi\u1ebfn th\u1eafng v\u00e0 li\u00ean h\u1ec7 v\u1edbi ng\u01b0\u1eddi chi\u1ebfn th\u1eafng qua Tin nh\u1eafn Tr\u1ef1c ti\u1ebfp tr\u00ean Facebook.<\/li>\n<li>Ban T\u1ed5 Ch\u1ee9c c\u00f3 quy\u1ec1n t\u1eeb ch\u1ed1i b\u1ea5t k\u1ef3 Ng\u01b0\u1eddi Tham Gia n\u00e0o theo to\u00e0n quy\u1ec1n quy\u1ebft \u0111\u1ecbnh tuy\u1ec7t \u0111\u1ed1i c\u1ee7a m\u00ecnh m\u00e0 kh\u00f4ng c\u1ea7n \u0111\u01b0a ra b\u1ea5t k\u1ef3 l\u00fd do n\u00e0o.<\/li>\n<\/ol>\n\n\t\t<\/div>\n\t<\/div>\n<\/div><\/div><\/div><\/div><h2 style=\"font-size: 24px;color: #006991;text-align: left;font-family:Roboto;font-weight:700;font-style:normal\" class=\"vc_custom_heading\">Gi\u1ea3i th\u01b0\u1edfng<\/h2>\n\t<div class=\"wpb_text_column wpb_content_element\">\n\t\t<div class=\"wpb_wrapper\">\n\t\t\t<ul>\n<li>Ba m\u01b0\u01a1i (30) ng\u01b0\u1eddi chi\u1ebfn th\u1eafng may m\u1eafn &#8211; m\u1ed7i ng\u01b0\u1eddi s\u1ebd nh\u1eadn \u0111\u01b0\u1ee3c m\u1ed9t (1) T\u00fai M\u00f9 M\u00f3c Kh\u00f3a Th\u00fa C\u01b0ng AUG.<\/li>\n<\/ul>\n\n\t\t<\/div>\n\t<\/div>\n<div class=\"vc_row wpb_row vc_inner vc_row-fluid\"><div class=\"wpb_column vc_column_container vc_col-sm-4\"><div class=\"vc_column-inner\"><div class=\"wpb_wrapper\">\n\t<div class=\"wpb_single_image wpb_content_element vc_align_center  wpb_animate_when_almost_visible wpb_bottom-to-top\">\n\t\t\n\t\t<figure class=\"wpb_wrapper vc_figure\">\n\t\t\t<div class=\"vc_single_image-wrapper   vc_box_border_grey\"><img loading=\"lazy\" decoding=\"async\" width=\"240\" height=\"300\" src=\"https:\/\/augstudy.com\/aug-website-files\/wp-content\/uploads\/2025\/04\/Kangaroo-240x300.png\" class=\"vc_single_image-img attachment-medium\" alt=\"\" srcset=\"https:\/\/augstudy.com\/aug-website-files\/wp-content\/uploads\/2025\/04\/Kangaroo-240x300.png 240w, https:\/\/augstudy.com\/aug-website-files\/wp-content\/uploads\/2025\/04\/Kangaroo-819x1024.png 819w, https:\/\/augstudy.com\/aug-website-files\/wp-content\/uploads\/2025\/04\/Kangaroo-768x960.png 768w, https:\/\/augstudy.com\/aug-website-files\/wp-content\/uploads\/2025\/04\/Kangaroo-10x12.png 10w, https:\/\/augstudy.com\/aug-website-files\/wp-content\/uploads\/2025\/04\/Kangaroo.png 1080w\" sizes=\"auto, (max-width: 240px) 100vw, 240px\" \/><\/div><figcaption class=\"vc_figure-caption\">\u888b\u9f20<\/figcaption>\n\t\t<\/figure>\n\t<\/div>\n<\/div><\/div><\/div><div class=\"wpb_column vc_column_container vc_col-sm-4\"><div class=\"vc_column-inner\"><div class=\"wpb_wrapper\">\n\t<div class=\"wpb_single_image wpb_content_element vc_align_center  wpb_animate_when_almost_visible wpb_bottom-to-top\">\n\t\t\n\t\t<figure class=\"wpb_wrapper vc_figure\">\n\t\t\t<div class=\"vc_single_image-wrapper   vc_box_border_grey\"><img loading=\"lazy\" decoding=\"async\" width=\"240\" height=\"300\" src=\"https:\/\/augstudy.com\/aug-website-files\/wp-content\/uploads\/2025\/04\/Koala-240x300.png\" class=\"vc_single_image-img attachment-medium\" alt=\"\" srcset=\"https:\/\/augstudy.com\/aug-website-files\/wp-content\/uploads\/2025\/04\/Koala-240x300.png 240w, https:\/\/augstudy.com\/aug-website-files\/wp-content\/uploads\/2025\/04\/Koala-819x1024.png 819w, https:\/\/augstudy.com\/aug-website-files\/wp-content\/uploads\/2025\/04\/Koala-768x960.png 768w, https:\/\/augstudy.com\/aug-website-files\/wp-content\/uploads\/2025\/04\/Koala-10x12.png 10w, https:\/\/augstudy.com\/aug-website-files\/wp-content\/uploads\/2025\/04\/Koala.png 1080w\" sizes=\"auto, (max-width: 240px) 100vw, 240px\" \/><\/div><figcaption class=\"vc_figure-caption\">Koala<\/figcaption>\n\t\t<\/figure>\n\t<\/div>\n<\/div><\/div><\/div><div class=\"wpb_column vc_column_container vc_col-sm-4\"><div class=\"vc_column-inner\"><div class=\"wpb_wrapper\">\n\t<div class=\"wpb_single_image wpb_content_element vc_align_center  wpb_animate_when_almost_visible wpb_bottom-to-top\">\n\t\t\n\t\t<figure class=\"wpb_wrapper vc_figure\">\n\t\t\t<div class=\"vc_single_image-wrapper   vc_box_border_grey\"><img loading=\"lazy\" decoding=\"async\" width=\"240\" height=\"300\" src=\"https:\/\/augstudy.com\/aug-website-files\/wp-content\/uploads\/2025\/04\/Platypus-240x300.png\" class=\"vc_single_image-img attachment-medium\" alt=\"\" srcset=\"https:\/\/augstudy.com\/aug-website-files\/wp-content\/uploads\/2025\/04\/Platypus-240x300.png 240w, https:\/\/augstudy.com\/aug-website-files\/wp-content\/uploads\/2025\/04\/Platypus-819x1024.png 819w, https:\/\/augstudy.com\/aug-website-files\/wp-content\/uploads\/2025\/04\/Platypus-768x960.png 768w, https:\/\/augstudy.com\/aug-website-files\/wp-content\/uploads\/2025\/04\/Platypus-10x12.png 10w, https:\/\/augstudy.com\/aug-website-files\/wp-content\/uploads\/2025\/04\/Platypus.png 1080w\" sizes=\"auto, (max-width: 240px) 100vw, 240px\" \/><\/div><figcaption class=\"vc_figure-caption\">Platypus<\/figcaption>\n\t\t<\/figure>\n\t<\/div>\n<\/div><\/div><\/div><\/div><h2 style=\"font-size: 24px;color: #006991;text-align: left;font-family:Roboto;font-weight:700;font-style:normal\" class=\"vc_custom_heading\">\u0110i\u1ec1u kho\u1ea3n<\/h2>\n\t<div class=\"wpb_text_column wpb_content_element\">\n\t\t<div class=\"wpb_wrapper\">\n\t\t\t<ol>\n<li>Gi\u1ea3i th\u01b0\u1edfng kh\u00f4ng \u0111\u01b0\u1ee3c trao \u0111\u1ed5i, chuy\u1ec3n nh\u01b0\u1ee3ng ho\u1eb7c quy \u0111\u1ed5i th\u00e0nh b\u1ea5t k\u1ef3 h\u00ecnh th\u1ee9c n\u00e0o kh\u00e1c v\u00ec b\u1ea5t k\u1ef3 l\u00fd do g\u00ec.<\/li>\n<li>Ng\u01b0\u1eddi chi\u1ebfn th\u1eafng cu\u1ed9c thi ph\u1ea3i t\u1ef1 \u0111\u1ebfn nh\u1eadn gi\u1ea3i. Ng\u01b0\u1eddi chi\u1ebfn th\u1eafng s\u1ebd nh\u1eadn gi\u1ea3i th\u01b0\u1edfng c\u1ee7a m\u00ecnh t\u1ea1i s\u1ef1 ki\u1ec7n H\u1ed9i th\u1ea3o du h\u1ecdc c\u1ee7a AUG ho\u1eb7c t\u1ea1i v\u0103n ph\u00f2ng AUG g\u1ea7n nh\u1ea5t.<\/li>\n<li>Ng\u01b0\u1eddi chi\u1ebfn th\u1eafng s\u1ebd ch\u1ecbu m\u1ecdi chi ph\u00ed li\u00ean quan \u0111\u1ebfn vi\u1ec7c nh\u1eadn v\u00e0 thu th\u1eadp gi\u1ea3i th\u01b0\u1edfng c\u1ee7a m\u00ecnh.<\/li>\n<li>Vi\u1ec7c \u0111\u1ee7 \u0111i\u1ec1u ki\u1ec7n \u0111\u01b0\u1ee3c ch\u1ecdn cho b\u1ed1c th\u0103m may m\u1eafn s\u1ebd bao g\u1ed3m c\u00e1c c\u00e1 nh\u00e2n \u0111\u1ee7 ti\u00eau chu\u1ea9n do ban t\u1ed5 ch\u1ee9c l\u1ef1a ch\u1ecdn.<\/li>\n<li>Quy\u1ebft \u0111\u1ecbnh c\u1ee7a Ban T\u1ed5 Ch\u1ee9c l\u00e0 quy\u1ebft \u0111\u1ecbnh cu\u1ed1i c\u00f9ng v\u00e0 s\u1ebd kh\u00f4ng c\u00f3 b\u1ea5t k\u1ef3 th\u1eafc m\u1eafc n\u00e0o b\u1eb1ng l\u1eddi n\u00f3i hay v\u0103n b\u1ea3n \u0111\u01b0\u1ee3c ch\u1ea5p nh\u1eadn.<\/li>\n<li>B\u1eb1ng c\u00e1ch tham gia Ch\u01b0\u01a1ng tr\u00ecnh \u201cAUG 30 N\u0103m &#8211; Theo d\u00f5i &amp; Tr\u00fang th\u01b0\u1edfng\u201d, ng\u01b0\u1eddi tham gia th\u1eeba nh\u1eadn r\u1eb1ng h\u1ecd \u0111\u00e3 \u0111\u1ecdc, hi\u1ec3u v\u00e0 \u0111\u1ed3ng \u00fd tu\u00e2n theo c\u00e1c \u0111i\u1ec1u kho\u1ea3n v\u00e0 \u0111i\u1ec1u ki\u1ec7n quy \u0111\u1ecbnh.<\/li>\n<li>Ban T\u1ed5 Ch\u1ee9c v\u00e0 c\u00e1c \u0111\u1ed1i t\u00e1c c\u00f3 quy\u1ec1n s\u1eed d\u1ee5ng b\u1ea5t k\u1ef3 h\u00ecnh \u1ea3nh (bao g\u1ed3m c\u1ea3 \u1ea3nh c\u1ee7a Ng\u01b0\u1eddi Tham Gia), phim \u1ea3nh, b\u1ea3n ghi \u00e2m ho\u1eb7c b\u1ea5t k\u1ef3 ph\u01b0\u01a1ng ti\u1ec7n truy\u1ec1n th\u00f4ng n\u00e0o kh\u00e1c c\u1ee7a Ch\u01b0\u01a1ng tr\u00ecnh cho b\u1ea5t k\u1ef3 m\u1ee5c \u0111\u00edch h\u1ee3p ph\u00e1p n\u00e0o, bao g\u1ed3m qu\u1ea3ng c\u00e1o th\u01b0\u01a1ng m\u1ea1i v\u00e0 ph\u00e2n ph\u1ed1i cho c\u00e1c nh\u00e0 t\u00e0i tr\u1ee3 \u1edf b\u1ea5t k\u1ef3 \u0111\u00e2u tr\u00ean th\u1ebf gi\u1edbi m\u00e0 kh\u00f4ng c\u1ea7n th\u00f4ng b\u00e1o v\u00e0\/ho\u1eb7c thanh to\u00e1n cho Ng\u01b0\u1eddi Tham Gia.<\/li>\n<li>Ban T\u1ed5 Ch\u1ee9c c\u00f3 quy\u1ec1n lo\u1ea1i b\u1ea5t k\u1ef3 Ng\u01b0\u1eddi Tham Gia n\u00e0o vi ph\u1ea1m b\u1ea5t k\u1ef3 \u0111i\u1ec1u kho\u1ea3n v\u00e0 \u0111i\u1ec1u ki\u1ec7n n\u00e0o, bao g\u1ed3m vi\u1ec7c kh\u00f4ng tr\u1ea3 l\u1eddi Tin nh\u1eafn Tr\u1ef1c ti\u1ebfp tr\u00ean Facebook c\u1ee7a ch\u00fang t\u00f4i trong v\u00f2ng 48 gi\u1edd v\u00e0 kh\u00f4ng ho\u00e0n th\u00e0nh m\u1eabu x\u00e1c minh c\u1ea7n thi\u1ebft \u0111\u1ec3 nh\u1eadn gi\u1ea3i th\u01b0\u1edfng.<\/li>\n<li>B\u1eb1ng c\u00e1ch tham gia Ch\u01b0\u01a1ng tr\u00ecnh, Ng\u01b0\u1eddi Tham Gia \u0111\u1ed3ng \u00fd v\u00e0 cho ph\u00e9p Ban T\u1ed5 Ch\u1ee9c s\u1eed d\u1ee5ng b\u1ea5t k\u1ef3 d\u1eef li\u1ec7u c\u00e1 nh\u00e2n n\u00e0o v\u1ed1n c\u00f3 cho m\u1ee5c \u0111\u00edch tham gia Ch\u01b0\u01a1ng tr\u00ecnh n\u00e0y theo Ngh\u1ecb \u0111\u1ecbnh 13\/2023\/N\u0110-CP v\u1ec1 B\u1ea3o v\u1ec7 d\u1eef li\u1ec7u c\u00e1 nh\u00e2n v\u00e0 c\u00e1c lu\u1eadt hi\u1ec7n h\u00e0nh kh\u00e1c, theo \u0111\u00f3 m\u1ecdi d\u1eef li\u1ec7u c\u00e1 nh\u00e2n \u0111\u01b0\u1ee3c cung c\u1ea5p s\u1ebd ch\u1ec9 \u0111\u01b0\u1ee3c Ban T\u1ed5 Ch\u1ee9c x\u1eed l\u00fd v\u00e0 s\u1eed d\u1ee5ng cho m\u1ee5c \u0111\u00edch h\u1ee3p ph\u00e1p li\u00ean quan tr\u1ef1c ti\u1ebfp \u0111\u1ebfn vi\u1ec7c \u0111i\u1ec1u h\u00e0nh Ch\u01b0\u01a1ng tr\u00ecnh n\u00e0y, bao g\u1ed3m nh\u01b0ng kh\u00f4ng gi\u1edbi h\u1ea1n \u1edf c\u00e1c m\u1ee5c \u0111\u00edch c\u1ee7a s\u1ef1 ki\u1ec7n khuy\u1ebfn m\u1ea1i, qu\u1ea3ng c\u00e1o, ti\u1ebfp th\u1ecb v\u00e0 b\u1ea5t k\u1ef3 v\u1ea5n \u0111\u1ec1 h\u00e0nh ch\u00ednh n\u00e0o \u0111\u1ec3 t\u1ea1o \u0111i\u1ec1u ki\u1ec7n qu\u1ea3n l\u00fd v\u00e0 t\u1ed5 ch\u1ee9c Ch\u01b0\u01a1ng tr\u00ecnh n\u00e0y.<\/li>\n<\/ol>\n\n\t\t<\/div>\n\t<\/div>\n<h2 style=\"font-size: 24px;color: #006991;text-align: left;font-family:Roboto;font-weight:700;font-style:normal\" class=\"vc_custom_heading\">Th\u00f4ng b\u00e1o Ng\u01b0\u1eddi Chi\u1ebfn Th\u1eafng<\/h2>\n\t<div class=\"wpb_text_column wpb_content_element\">\n\t\t<div class=\"wpb_wrapper\">\n\t\t\t<ol>\n<li>Ban T\u1ed5 Ch\u1ee9c s\u1ebd c\u00f4ng b\u1ed1 ba m\u01b0\u01a1i (30) ng\u01b0\u1eddi chi\u1ebfn th\u1eafng th\u00f4ng qua Trang Facebook c\u1ee7a Ban T\u1ed5 Ch\u1ee9c v\u00e0o Th\u1ee9 Hai, ng\u00e0y 16 th\u00e1ng 6 n\u0103m 2025.<\/li>\n<li>Ban T\u1ed5 Ch\u1ee9c s\u1ebd li\u00ean h\u1ec7 v\u1edbi ng\u01b0\u1eddi chi\u1ebfn th\u1eafng qua Tin nh\u1eafn Tr\u1ef1c ti\u1ebfp tr\u00ean Facebook \u0111\u1ec3 s\u1eafp x\u1ebfp vi\u1ec7c nh\u1eadn gi\u1ea3i th\u01b0\u1edfng.<\/li>\n<\/ol>\n\n\t\t<\/div>\n\t<\/div>\n<\/div><\/div><\/div><\/div>","protected":false},"excerpt":{"rendered":"C\u00e1ch th\u1ee9c tham gia Ch\u01b0\u01a1ng tr\u00ecnh s\u1ebd di\u1ec5n ra tr\u00ean trang Facebook c\u1ee7a Ban T\u1ed5 Ch\u1ee9c: AUG Student Services Vietnam \u0110\u1ec3 \u0111\u1ee7 \u0111i\u1ec1u ki\u1ec7n nh\u1eadn gi\u1ea3i th\u01b0\u1edfng, Ng\u01b0\u1eddi Tham Gia ph\u1ea3i theo d\u00f5i trang Facebook c\u1ee7a Ban T\u1ed5 Ch\u1ee9c, th\u00edch b\u00e0i \u0111\u0103ng v\u1ec1 Ch\u01b0\u01a1ng tr\u00ecnh tr\u00ean Facebook v\u00e0 g\u1eafn th\u1ebb \u00edt nh\u1ea5t ba ng\u01b0\u1eddi b\u1ea1n [...]","protected":false},"author":24929,"featured_media":0,"parent":390209,"menu_order":0,"comment_status":"closed","ping_status":"closed","template":"","meta":{"footnotes":""},"class_list":["post-397590","page","type-page","status-publish","hentry"],"yoast_head":"<!-- This site is optimized with the Yoast SEO Premium plugin v27.0 (Yoast SEO v27.3) - https:\/\/yoast.com\/product\/yoast-seo-premium-wordpress\/ -->\n<title>[AUG Vietnam] 30 Years Follow &amp; Win Campaign - AUG Student Services<\/title>\n<meta name=\"description\" content=\"Free counselling for university selection, scholarships and visa applications. Let AUG Student Services fast-track your study-abroad journey today.\" \/>\n<meta name=\"robots\" content=\"index, follow, max-snippet:-1, max-image-preview:large, max-video-preview:-1\" \/>\n<link rel=\"canonical\" href=\"https:\/\/augstudy.com\/zh\/30-\u5e74\/vietnam\/\" \/>\n<meta property=\"og:locale\" content=\"zh_CN\" \/>\n<meta property=\"og:type\" content=\"article\" \/>\n<meta property=\"og:title\" content=\"[AUG Vietnam] 30 Years Follow &amp; Win Campaign\" \/>\n<meta property=\"og:description\" content=\"Free counselling for university selection, scholarships and visa applications. Let AUG Student Services fast-track your study-abroad journey today.\" \/>\n<meta property=\"og:url\" content=\"https:\/\/augstudy.com\/zh\/30-\u5e74\/vietnam\/\" \/>\n<meta property=\"og:site_name\" content=\"AUG Student Services\" \/>\n<meta property=\"article:publisher\" content=\"https:\/\/www.facebook.com\/augmalaysia\/\" \/>\n<meta property=\"article:modified_time\" content=\"2025-04-28T23:45:39+00:00\" \/>\n<meta name=\"twitter:card\" content=\"summary_large_image\" \/>\n<meta name=\"twitter:label1\" content=\"\u9884\u8ba1\u9605\u8bfb\u65f6\u95f4\" \/>\n\t<meta name=\"twitter:data1\" content=\"4 \u5206\" \/>\n<script type=\"application\/ld+json\" class=\"yoast-schema-graph\">{\"@context\":\"https:\\\/\\\/schema.org\",\"@graph\":[{\"@type\":\"WebPage\",\"@id\":\"https:\\\/\\\/augstudy.com\\\/30years\\\/vietnam\\\/\",\"url\":\"https:\\\/\\\/augstudy.com\\\/30years\\\/vietnam\\\/\",\"name\":\"[AUG Vietnam] 30 Years Follow & Win Campaign - AUG Student Services\",\"isPartOf\":{\"@id\":\"https:\\\/\\\/augstudy.com\\\/#website\"},\"datePublished\":\"2025-04-08T03:47:21+00:00\",\"dateModified\":\"2025-04-28T23:45:39+00:00\",\"description\":\"Free counselling for university selection, scholarships and visa applications. Let AUG Student Services fast-track your study-abroad journey today.\",\"breadcrumb\":{\"@id\":\"https:\\\/\\\/augstudy.com\\\/30years\\\/vietnam\\\/#breadcrumb\"},\"inLanguage\":\"zh-Hans\",\"potentialAction\":[{\"@type\":\"ReadAction\",\"target\":[\"https:\\\/\\\/augstudy.com\\\/30years\\\/vietnam\\\/\"]}]},{\"@type\":\"BreadcrumbList\",\"@id\":\"https:\\\/\\\/augstudy.com\\\/30years\\\/vietnam\\\/#breadcrumb\",\"itemListElement\":[{\"@type\":\"ListItem\",\"position\":1,\"name\":\"Home\",\"item\":\"https:\\\/\\\/augstudy.com\\\/\"},{\"@type\":\"ListItem\",\"position\":2,\"name\":\"30th Anniversary\",\"item\":\"https:\\\/\\\/augstudy.com\\\/30years\\\/\"},{\"@type\":\"ListItem\",\"position\":3,\"name\":\"[AUG Vietnam] 30 Years Follow &#038; Win Campaign\"}]},{\"@type\":\"WebSite\",\"@id\":\"https:\\\/\\\/augstudy.com\\\/#website\",\"url\":\"https:\\\/\\\/augstudy.com\\\/\",\"name\":\"AUG Student Services\",\"description\":\"Student Services\",\"alternateName\":\"AUG Global\",\"potentialAction\":[{\"@type\":\"SearchAction\",\"target\":{\"@type\":\"EntryPoint\",\"urlTemplate\":\"https:\\\/\\\/augstudy.com\\\/?s={search_term_string}\"},\"query-input\":{\"@type\":\"PropertyValueSpecification\",\"valueRequired\":true,\"valueName\":\"search_term_string\"}}],\"inLanguage\":\"zh-Hans\"}]}<\/script>\n<!-- \/ Yoast SEO Premium plugin. -->","yoast_head_json":{"title":"[AUG Vietnam] 30 Years Follow & Win Campaign - AUG Student Services","description":"\u514d\u8d39\u63d0\u4f9b\u5927\u5b66\u9009\u62d4\u3001\u5956\u5b66\u91d1\u548c\u7b7e\u8bc1\u7533\u8bf7\u54a8\u8be2\u3002\u8ba9 AUG \u5b66\u751f\u670d\u52a1\u90e8\u4e3a\u60a8\u7684\u7559\u5b66\u4e4b\u65c5\u5f00\u8f9f\u5feb\u901f\u901a\u9053\u3002","robots":{"index":"index","follow":"follow","max-snippet":"max-snippet:-1","max-image-preview":"max-image-preview:large","max-video-preview":"max-video-preview:-1"},"canonical":"https:\/\/augstudy.com\/zh\/30-\u5e74\/vietnam\/","og_locale":"zh_CN","og_type":"article","og_title":"[AUG Vietnam] 30 Years Follow & Win Campaign","og_description":"Free counselling for university selection, scholarships and visa applications. Let AUG Student Services fast-track your study-abroad journey today.","og_url":"https:\/\/augstudy.com\/zh\/30-\u5e74\/vietnam\/","og_site_name":"AUG Student Services","article_publisher":"https:\/\/www.facebook.com\/augmalaysia\/","article_modified_time":"2025-04-28T23:45:39+00:00","twitter_card":"summary_large_image","twitter_misc":{"\u9884\u8ba1\u9605\u8bfb\u65f6\u95f4":"4 \u5206"},"schema":{"@context":"https:\/\/schema.org","@graph":[{"@type":"WebPage","@id":"https:\/\/augstudy.com\/30years\/vietnam\/","url":"https:\/\/augstudy.com\/30years\/vietnam\/","name":"[AUG Vietnam] 30 Years Follow & Win Campaign - AUG Student Services","isPartOf":{"@id":"https:\/\/augstudy.com\/#website"},"datePublished":"2025-04-08T03:47:21+00:00","dateModified":"2025-04-28T23:45:39+00:00","description":"\u514d\u8d39\u63d0\u4f9b\u5927\u5b66\u9009\u62d4\u3001\u5956\u5b66\u91d1\u548c\u7b7e\u8bc1\u7533\u8bf7\u54a8\u8be2\u3002\u8ba9 AUG \u5b66\u751f\u670d\u52a1\u90e8\u4e3a\u60a8\u7684\u7559\u5b66\u4e4b\u65c5\u5f00\u8f9f\u5feb\u901f\u901a\u9053\u3002","breadcrumb":{"@id":"https:\/\/augstudy.com\/30years\/vietnam\/#breadcrumb"},"inLanguage":"zh-Hans","potentialAction":[{"@type":"ReadAction","target":["https:\/\/augstudy.com\/30years\/vietnam\/"]}]},{"@type":"BreadcrumbList","@id":"https:\/\/augstudy.com\/30years\/vietnam\/#breadcrumb","itemListElement":[{"@type":"ListItem","position":1,"name":"Home","item":"https:\/\/augstudy.com\/"},{"@type":"ListItem","position":2,"name":"30th Anniversary","item":"https:\/\/augstudy.com\/30years\/"},{"@type":"ListItem","position":3,"name":"[AUG Vietnam] 30 Years Follow &#038; Win Campaign"}]},{"@type":"WebSite","@id":"https:\/\/augstudy.com\/#website","url":"https:\/\/augstudy.com\/","name":"AUG\u5b66\u751f\u670d\u52a1","description":"\u5b66\u751f\u670d\u52a1","alternateName":"AUG Global","potentialAction":[{"@type":"SearchAction","target":{"@type":"EntryPoint","urlTemplate":"https:\/\/augstudy.com\/?s={search_term_string}"},"query-input":{"@type":"PropertyValueSpecification","valueRequired":true,"valueName":"search_term_string"}}],"inLanguage":"zh-Hans"}]}},"_links":{"self":[{"href":"https:\/\/augstudy.com\/zh\/wp-json\/wp\/v2\/pages\/397590","targetHints":{"allow":["GET"]}}],"collection":[{"href":"https:\/\/augstudy.com\/zh\/wp-json\/wp\/v2\/pages"}],"about":[{"href":"https:\/\/augstudy.com\/zh\/wp-json\/wp\/v2\/types\/page"}],"author":[{"embeddable":true,"href":"https:\/\/augstudy.com\/zh\/wp-json\/wp\/v2\/users\/24929"}],"replies":[{"embeddable":true,"href":"https:\/\/augstudy.com\/zh\/wp-json\/wp\/v2\/comments?post=397590"}],"version-history":[{"count":0,"href":"https:\/\/augstudy.com\/zh\/wp-json\/wp\/v2\/pages\/397590\/revisions"}],"up":[{"embeddable":true,"href":"https:\/\/augstudy.com\/zh\/wp-json\/wp\/v2\/pages\/390209"}],"wp:attachment":[{"href":"https:\/\/augstudy.com\/zh\/wp-json\/wp\/v2\/media?parent=397590"}],"curies":[{"name":"wp","href":"https:\/\/api.w.org\/{rel}","templated":true}]}}