{"id":348344,"date":"2022-11-30T17:00:47","date_gmt":"2022-11-30T06:00:47","guid":{"rendered":"https:\/\/augstudy.com\/?page_id=348344"},"modified":"2022-12-01T10:35:21","modified_gmt":"2022-11-30T23:35:21","slug":"syd-tarot-reading","status":"publish","type":"page","link":"https:\/\/augstudy.com\/zh\/australia\/events\/syd-tarot-reading\/","title":{"rendered":"[AUG Sydney] Free Tarot Reading"},"content":{"rendered":"<div data-vc-full-width=\"true\" data-vc-full-width-init=\"false\" class=\"vc_row wpb_row vc_row-fluid vc_custom_1667953238414 vc_row-has-fill vc_row-o-content-middle vc_row-flex\"><div class=\"wpb_column vc_column_container vc_col-sm-2 vc_hidden-sm vc_hidden-xs\"><div class=\"vc_column-inner \"><div class=\"wpb_wrapper\"><\/div><\/div><\/div><div class=\"wpb_column vc_column_container vc_col-sm-8\"><div class=\"vc_column-inner vc_custom_1668377342459\"><div class=\"wpb_wrapper\">\n\t<div class=\"wpb_text_column wpb_content_element  aug_content_box\">\n\t\t<div class=\"wpb_wrapper\">\n\t\t\t<p><span class=\"\" style=\"display:block;clear:both;height: 0px;padding-top: 15px;border-top-width:0px;border-bottom-width:0px;\"><\/span>H\u00e3y \u0111\u1ebfn v\u00e0 \u0111\u00f3n nh\u1eadn t\u00edn hi\u1ec7u t\u1eeb v\u0169 tr\u1ee5 th\u00f4ng qua bu\u1ed5i xem b\u00e0i tarot mi\u1ec5n ph\u00ed c\u1ee7a AUG nh\u00e9!<br \/>\n<span class=\"\" style=\"display:block;clear:both;height: 0px;padding-top: 15px;border-top-width:0px;border-bottom-width:0px;\"><\/span><strong>Ng\u00e0y:<\/strong> 15 December 2022, Th\u1ee9 5<br \/>\n<span class=\"\" style=\"display:block;clear:both;height: 0px;padding-top: 15px;border-top-width:0px;border-bottom-width:0px;\"><\/span><strong>Th\u1eddi Gian:<\/strong><\/p>\n<ul>\n<li>12:00 PM \u2013 1:00 PM (theo gi\u1edd Vi\u1ec7t Nam)<\/li>\n<li>4:00 PM \u2013 5:00 PM (theo gi\u1edd Sydney)<\/li>\n<\/ul>\n<p><span class=\"\" style=\"display:block;clear:both;height: 0px;padding-top: 15px;border-top-width:0px;border-bottom-width:0px;\"><\/span><strong>\u0110\u1ecba \u0110i\u1ec3m:<\/strong><\/p>\n<ul>\n<li>T\u1ea1i v\u0103n ph\u00f2ng AUG \u0110\u00e0 N\u1eb5ng (219 \u0110\u01b0\u1eddng Nguy\u1ec5n V\u0103n Linh, Ph\u01b0\u1eddng V\u0129nh Trung, Qu\u1eadn Thanh Kh\u00ea, Th\u00e0nh \u0110\u00e0 N\u1eb5ng)<\/li>\n<li>Tr\u1ef1c tuy\u1ebfn qua Zoom<\/li>\n<\/ul>\n<span class=\"\" style=\"display:block;clear:both;height: 0px;padding-top: 15px;border-top-width:0px;border-bottom-width:0px;\"><\/span>\n<h6 style=\"color: #ff0000;\"><strong><em>* indicates required field<\/em><\/strong><\/h6>\n\n\t\t<\/div>\n\t<\/div>\n<\/div><\/div><\/div><div class=\"wpb_column vc_column_container vc_col-sm-2 vc_hidden-sm vc_hidden-xs\"><div class=\"vc_column-inner \"><div class=\"wpb_wrapper\"><\/div><\/div><\/div><\/div><div class=\"vc_row-full-width vc_clearfix\"><\/div><div id=\"registration\" class=\"vc_row wpb_row vc_row-fluid\"><div class=\"wpb_column vc_column_container vc_col-sm-12\"><div class=\"vc_column-inner vc_custom_1660175491551\"><div class=\"wpb_wrapper\">\n\t<div class=\"wpb_raw_code wpb_content_element wpb_raw_html\">\n\t\t<div class=\"wpb_wrapper\">\n\t\t\t<script data-b24-form=\"inline\/57\/g4xnu5\" data-skip-moving=\"true\">(function(w,d,u){var s=d.createElement('script');s.async=true;s.src=u+'?'+(Date.now()\/180000|0);var h=d.getElementsByTagName('script')[0];h.parentNode.insertBefore(s,h);})(window,document,'https:\/\/augcrm.com\/upload\/crm\/form\/loader_57_g4xnu5.js');<\/script>\n\t\t<\/div>\n\t<\/div>\n<\/div><\/div><\/div><\/div>\n","protected":false},"excerpt":{"rendered":"H\u00e3y \u0111\u1ebfn v\u00e0 \u0111\u00f3n nh\u1eadn t\u00edn hi\u1ec7u t\u1eeb v\u0169 tr\u1ee5 th\u00f4ng qua bu\u1ed5i xem b\u00e0i tarot mi\u1ec5n ph\u00ed c\u1ee7a AUG nh\u00e9! Ng\u00e0y: 15 December 2022, Th\u1ee9 5 Th\u1eddi Gian: 12:00 PM \u2013 1:00 PM (theo gi\u1edd Vi\u1ec7t Nam) 4:00 PM \u2013 5:00 PM (theo gi\u1edd Sydney) \u0110\u1ecba \u0110i\u1ec3m: T\u1ea1i v\u0103n ph\u00f2ng AUG \u0110\u00e0 N\u1eb5ng (219 [...]","protected":false},"author":4,"featured_media":0,"parent":2351,"menu_order":0,"comment_status":"closed","ping_status":"closed","template":"","meta":{"footnotes":""},"class_list":["post-348344","page","type-page","status-publish","hentry"],"yoast_head":"<!-- This site is optimized with the Yoast SEO Premium plugin v27.0 (Yoast SEO v27.3) - https:\/\/yoast.com\/product\/yoast-seo-premium-wordpress\/ -->\n<title>[AUG Sydney] Free Tarot Reading - AUG Student Services<\/title>\n<meta name=\"description\" content=\"Free counselling for university selection, scholarships and visa applications. Let AUG Student Services fast-track your study-abroad journey today.\" \/>\n<meta name=\"robots\" content=\"index, follow, max-snippet:-1, max-image-preview:large, max-video-preview:-1\" \/>\n<link rel=\"canonical\" href=\"https:\/\/augstudy.com\/zh\/\u6fb3\u5927\u5229\u4e9a\/\u4e8b\u4ef6-2\/syd-tarot-reading\/\" \/>\n<meta property=\"og:locale\" content=\"zh_CN\" \/>\n<meta property=\"og:type\" content=\"article\" \/>\n<meta property=\"og:title\" content=\"[AUG Sydney] Free Tarot Reading\" \/>\n<meta property=\"og:description\" content=\"Free counselling for university selection, scholarships and visa applications. Let AUG Student Services fast-track your study-abroad journey today.\" \/>\n<meta property=\"og:url\" content=\"https:\/\/augstudy.com\/zh\/\u6fb3\u5927\u5229\u4e9a\/\u4e8b\u4ef6-2\/syd-tarot-reading\/\" \/>\n<meta property=\"og:site_name\" content=\"AUG Student Services\" \/>\n<meta property=\"article:publisher\" content=\"https:\/\/www.facebook.com\/augmalaysia\/\" \/>\n<meta property=\"article:modified_time\" content=\"2022-11-30T23:35:21+00:00\" \/>\n<meta property=\"og:image\" content=\"https:\/\/augstudy.com\/aug-website-files\/wp-content\/uploads\/2022\/11\/eventbrite_aug_sydney_tarot_reading_221215_1080x540.jpg\" \/>\n\t<meta property=\"og:image:width\" content=\"1080\" \/>\n\t<meta property=\"og:image:height\" content=\"540\" \/>\n\t<meta property=\"og:image:type\" content=\"image\/jpeg\" \/>\n<meta name=\"twitter:card\" content=\"summary_large_image\" \/>\n<meta name=\"twitter:label1\" content=\"\u9884\u8ba1\u9605\u8bfb\u65f6\u95f4\" \/>\n\t<meta name=\"twitter:data1\" content=\"2 \u5206\" \/>\n<script type=\"application\/ld+json\" class=\"yoast-schema-graph\">{\"@context\":\"https:\\\/\\\/schema.org\",\"@graph\":[{\"@type\":\"WebPage\",\"@id\":\"https:\\\/\\\/augstudy.com\\\/australia\\\/events\\\/syd-tarot-reading\\\/\",\"url\":\"https:\\\/\\\/augstudy.com\\\/australia\\\/events\\\/syd-tarot-reading\\\/\",\"name\":\"[AUG Sydney] Free Tarot Reading - AUG Student Services\",\"isPartOf\":{\"@id\":\"https:\\\/\\\/augstudy.com\\\/#website\"},\"datePublished\":\"2022-11-30T06:00:47+00:00\",\"dateModified\":\"2022-11-30T23:35:21+00:00\",\"description\":\"Free counselling for university selection, scholarships and visa applications. Let AUG Student Services fast-track your study-abroad journey today.\",\"breadcrumb\":{\"@id\":\"https:\\\/\\\/augstudy.com\\\/australia\\\/events\\\/syd-tarot-reading\\\/#breadcrumb\"},\"inLanguage\":\"zh-Hans\",\"potentialAction\":[{\"@type\":\"ReadAction\",\"target\":[\"https:\\\/\\\/augstudy.com\\\/australia\\\/events\\\/syd-tarot-reading\\\/\"]}]},{\"@type\":\"BreadcrumbList\",\"@id\":\"https:\\\/\\\/augstudy.com\\\/australia\\\/events\\\/syd-tarot-reading\\\/#breadcrumb\",\"itemListElement\":[{\"@type\":\"ListItem\",\"position\":1,\"name\":\"Home\",\"item\":\"https:\\\/\\\/augstudy.com\\\/\"},{\"@type\":\"ListItem\",\"position\":2,\"name\":\"AUG Australia\",\"item\":\"https:\\\/\\\/augstudy.com\\\/australia\\\/\"},{\"@type\":\"ListItem\",\"position\":3,\"name\":\"AUG Australia Events\",\"item\":\"https:\\\/\\\/augstudy.com\\\/australia\\\/events\\\/\"},{\"@type\":\"ListItem\",\"position\":4,\"name\":\"[AUG Sydney] Free Tarot Reading\"}]},{\"@type\":\"WebSite\",\"@id\":\"https:\\\/\\\/augstudy.com\\\/#website\",\"url\":\"https:\\\/\\\/augstudy.com\\\/\",\"name\":\"AUG Student Services\",\"description\":\"Student Services\",\"alternateName\":\"AUG Global\",\"potentialAction\":[{\"@type\":\"SearchAction\",\"target\":{\"@type\":\"EntryPoint\",\"urlTemplate\":\"https:\\\/\\\/augstudy.com\\\/?s={search_term_string}\"},\"query-input\":{\"@type\":\"PropertyValueSpecification\",\"valueRequired\":true,\"valueName\":\"search_term_string\"}}],\"inLanguage\":\"zh-Hans\"}]}<\/script>\n<!-- \/ Yoast SEO Premium plugin. -->","yoast_head_json":{"title":"[AUG Sydney] Free Tarot Reading - AUG Student Services","description":"\u514d\u8d39\u63d0\u4f9b\u5927\u5b66\u9009\u62d4\u3001\u5956\u5b66\u91d1\u548c\u7b7e\u8bc1\u7533\u8bf7\u54a8\u8be2\u3002\u8ba9 AUG \u5b66\u751f\u670d\u52a1\u90e8\u4e3a\u60a8\u7684\u7559\u5b66\u4e4b\u65c5\u5f00\u8f9f\u5feb\u901f\u901a\u9053\u3002","robots":{"index":"index","follow":"follow","max-snippet":"max-snippet:-1","max-image-preview":"max-image-preview:large","max-video-preview":"max-video-preview:-1"},"canonical":"https:\/\/augstudy.com\/zh\/\u6fb3\u5927\u5229\u4e9a\/\u4e8b\u4ef6-2\/syd-tarot-reading\/","og_locale":"zh_CN","og_type":"article","og_title":"[AUG Sydney] Free Tarot Reading","og_description":"Free counselling for university selection, scholarships and visa applications. Let AUG Student Services fast-track your study-abroad journey today.","og_url":"https:\/\/augstudy.com\/zh\/\u6fb3\u5927\u5229\u4e9a\/\u4e8b\u4ef6-2\/syd-tarot-reading\/","og_site_name":"AUG Student Services","article_publisher":"https:\/\/www.facebook.com\/augmalaysia\/","article_modified_time":"2022-11-30T23:35:21+00:00","og_image":[{"width":1080,"height":540,"url":"https:\/\/augstudy.com\/aug-website-files\/wp-content\/uploads\/2022\/11\/eventbrite_aug_sydney_tarot_reading_221215_1080x540.jpg","type":"image\/jpeg"}],"twitter_card":"summary_large_image","twitter_misc":{"\u9884\u8ba1\u9605\u8bfb\u65f6\u95f4":"2 \u5206"},"schema":{"@context":"https:\/\/schema.org","@graph":[{"@type":"WebPage","@id":"https:\/\/augstudy.com\/australia\/events\/syd-tarot-reading\/","url":"https:\/\/augstudy.com\/australia\/events\/syd-tarot-reading\/","name":"[AUG Sydney] Free Tarot Reading - AUG Student Services","isPartOf":{"@id":"https:\/\/augstudy.com\/#website"},"datePublished":"2022-11-30T06:00:47+00:00","dateModified":"2022-11-30T23:35:21+00:00","description":"\u514d\u8d39\u63d0\u4f9b\u5927\u5b66\u9009\u62d4\u3001\u5956\u5b66\u91d1\u548c\u7b7e\u8bc1\u7533\u8bf7\u54a8\u8be2\u3002\u8ba9 AUG \u5b66\u751f\u670d\u52a1\u90e8\u4e3a\u60a8\u7684\u7559\u5b66\u4e4b\u65c5\u5f00\u8f9f\u5feb\u901f\u901a\u9053\u3002","breadcrumb":{"@id":"https:\/\/augstudy.com\/australia\/events\/syd-tarot-reading\/#breadcrumb"},"inLanguage":"zh-Hans","potentialAction":[{"@type":"ReadAction","target":["https:\/\/augstudy.com\/australia\/events\/syd-tarot-reading\/"]}]},{"@type":"BreadcrumbList","@id":"https:\/\/augstudy.com\/australia\/events\/syd-tarot-reading\/#breadcrumb","itemListElement":[{"@type":"ListItem","position":1,"name":"Home","item":"https:\/\/augstudy.com\/"},{"@type":"ListItem","position":2,"name":"AUG Australia","item":"https:\/\/augstudy.com\/australia\/"},{"@type":"ListItem","position":3,"name":"AUG Australia Events","item":"https:\/\/augstudy.com\/australia\/events\/"},{"@type":"ListItem","position":4,"name":"[AUG Sydney] Free Tarot Reading"}]},{"@type":"WebSite","@id":"https:\/\/augstudy.com\/#website","url":"https:\/\/augstudy.com\/","name":"AUG\u5b66\u751f\u670d\u52a1","description":"\u5b66\u751f\u670d\u52a1","alternateName":"AUG Global","potentialAction":[{"@type":"SearchAction","target":{"@type":"EntryPoint","urlTemplate":"https:\/\/augstudy.com\/?s={search_term_string}"},"query-input":{"@type":"PropertyValueSpecification","valueRequired":true,"valueName":"search_term_string"}}],"inLanguage":"zh-Hans"}]}},"_links":{"self":[{"href":"https:\/\/augstudy.com\/zh\/wp-json\/wp\/v2\/pages\/348344","targetHints":{"allow":["GET"]}}],"collection":[{"href":"https:\/\/augstudy.com\/zh\/wp-json\/wp\/v2\/pages"}],"about":[{"href":"https:\/\/augstudy.com\/zh\/wp-json\/wp\/v2\/types\/page"}],"author":[{"embeddable":true,"href":"https:\/\/augstudy.com\/zh\/wp-json\/wp\/v2\/users\/4"}],"replies":[{"embeddable":true,"href":"https:\/\/augstudy.com\/zh\/wp-json\/wp\/v2\/comments?post=348344"}],"version-history":[{"count":0,"href":"https:\/\/augstudy.com\/zh\/wp-json\/wp\/v2\/pages\/348344\/revisions"}],"up":[{"embeddable":true,"href":"https:\/\/augstudy.com\/zh\/wp-json\/wp\/v2\/pages\/2351"}],"wp:attachment":[{"href":"https:\/\/augstudy.com\/zh\/wp-json\/wp\/v2\/media?parent=348344"}],"curies":[{"name":"wp","href":"https:\/\/api.w.org\/{rel}","templated":true}]}}