{"id":98987,"date":"2020-07-31T17:04:35","date_gmt":"2020-07-31T07:04:35","guid":{"rendered":"https:\/\/augstudy.com\/?page_id=98987"},"modified":"2023-10-01T23:41:40","modified_gmt":"2023-10-01T12:41:40","slug":"sinyee-heng","status":"publish","type":"page","link":"https:\/\/augstudy.com\/vi\/vcard\/australia\/sinyee-heng\/","title":{"rendered":"Sin Yee Heng"},"content":{"rendered":"<div class=\"vc_row wpb_row vc_row-fluid\"><div class=\"wpb_column vc_column_container vc_col-sm-12\"><div class=\"vc_column-inner\"><div class=\"wpb_wrapper\">\n\t<div class=\"wpb_raw_code wpb_content_element wpb_raw_html margin_bottom_0px\">\n\t\t<div class=\"wpb_wrapper\">\n\t\t\t<a class=\"vcard-download\" href=\"https:\/\/augstudy.com\/aug-website-files\/wp-content\/uploads\/vcard\/SinYee_HENG.vcf\"><\/a>\n\t\t<\/div>\n\t<\/div>\n<\/div><\/div><\/div><\/div>","protected":false},"excerpt":{"rendered":"","protected":false},"author":4,"featured_media":0,"parent":97514,"menu_order":0,"comment_status":"closed","ping_status":"closed","template":"","meta":{"footnotes":""},"class_list":["post-98987","page","type-page","status-publish","hentry"],"yoast_head":"<!-- This site is optimized with the Yoast SEO Premium plugin v27.0 (Yoast SEO v27.3) - https:\/\/yoast.com\/product\/yoast-seo-premium-wordpress\/ -->\n<title>Sin Yee Heng - AUG Student Services<\/title>\n<meta name=\"description\" content=\"The advices provided by Sin Yee are reliable and accurate apart from being known among the staff and students as responsible and a problem solver, she is good in solving application issues including ensuring deadlines are met.\" \/>\n<meta name=\"robots\" content=\"index, follow, max-snippet:-1, max-image-preview:large, max-video-preview:-1\" \/>\n<link rel=\"canonical\" href=\"https:\/\/augstudy.com\/vi\/vcard\/chau-uc\/sinyee-heng\/\" \/>\n<meta property=\"og:locale\" content=\"vi_VN\" \/>\n<meta property=\"og:type\" content=\"article\" \/>\n<meta property=\"og:title\" content=\"Sin Yee Heng\" \/>\n<meta property=\"og:description\" content=\"The advices provided by Sin Yee are reliable and accurate apart from being known among the staff and students as responsible and a problem solver, she is good in solving application issues including ensuring deadlines are met.\" \/>\n<meta property=\"og:url\" content=\"https:\/\/augstudy.com\/vi\/vcard\/chau-uc\/sinyee-heng\/\" \/>\n<meta property=\"og:site_name\" content=\"AUG Student Services\" \/>\n<meta property=\"article:publisher\" content=\"https:\/\/www.facebook.com\/augmalaysia\/\" \/>\n<meta property=\"article:modified_time\" content=\"2023-10-01T12:41:40+00:00\" \/>\n<meta name=\"twitter:card\" content=\"summary_large_image\" \/>\n<meta name=\"twitter:label1\" content=\"\u01af\u1edbc t\u00ednh th\u1eddi gian \u0111\u1ecdc\" \/>\n\t<meta name=\"twitter:data1\" content=\"1 ph\u00fat\" \/>\n<script type=\"application\/ld+json\" class=\"yoast-schema-graph\">{\"@context\":\"https:\\\/\\\/schema.org\",\"@graph\":[{\"@type\":\"WebPage\",\"@id\":\"https:\\\/\\\/augstudy.com\\\/vcard\\\/australia\\\/sinyee-heng\\\/\",\"url\":\"https:\\\/\\\/augstudy.com\\\/vcard\\\/australia\\\/sinyee-heng\\\/\",\"name\":\"Sin Yee Heng - AUG Student Services\",\"isPartOf\":{\"@id\":\"https:\\\/\\\/augstudy.com\\\/#website\"},\"datePublished\":\"2020-07-31T07:04:35+00:00\",\"dateModified\":\"2023-10-01T12:41:40+00:00\",\"description\":\"The advices provided by Sin Yee are reliable and accurate apart from being known among the staff and students as responsible and a problem solver, she is good in solving application issues including ensuring deadlines are met.\",\"breadcrumb\":{\"@id\":\"https:\\\/\\\/augstudy.com\\\/vcard\\\/australia\\\/sinyee-heng\\\/#breadcrumb\"},\"inLanguage\":\"vi\",\"potentialAction\":[{\"@type\":\"ReadAction\",\"target\":[\"https:\\\/\\\/augstudy.com\\\/vcard\\\/australia\\\/sinyee-heng\\\/\"]}]},{\"@type\":\"BreadcrumbList\",\"@id\":\"https:\\\/\\\/augstudy.com\\\/vcard\\\/australia\\\/sinyee-heng\\\/#breadcrumb\",\"itemListElement\":[{\"@type\":\"ListItem\",\"position\":1,\"name\":\"Home\",\"item\":\"https:\\\/\\\/augstudy.com\\\/\"},{\"@type\":\"ListItem\",\"position\":2,\"name\":\"vCard\",\"item\":\"https:\\\/\\\/augstudy.com\\\/vcard\\\/\"},{\"@type\":\"ListItem\",\"position\":3,\"name\":\"vCard &#8211; Australia\",\"item\":\"https:\\\/\\\/augstudy.com\\\/vcard\\\/australia\\\/\"},{\"@type\":\"ListItem\",\"position\":4,\"name\":\"Sin Yee Heng\"}]},{\"@type\":\"WebSite\",\"@id\":\"https:\\\/\\\/augstudy.com\\\/#website\",\"url\":\"https:\\\/\\\/augstudy.com\\\/\",\"name\":\"AUG Student Services\",\"description\":\"Student Services\",\"alternateName\":\"AUG Global\",\"potentialAction\":[{\"@type\":\"SearchAction\",\"target\":{\"@type\":\"EntryPoint\",\"urlTemplate\":\"https:\\\/\\\/augstudy.com\\\/?s={search_term_string}\"},\"query-input\":{\"@type\":\"PropertyValueSpecification\",\"valueRequired\":true,\"valueName\":\"search_term_string\"}}],\"inLanguage\":\"vi\"}]}<\/script>\n<!-- \/ Yoast SEO Premium plugin. -->","yoast_head_json":{"title":"Sin Yee Heng - AUG Student Services","description":"Nh\u1eefng l\u1eddi khuy\u00ean do Sin Yee cung c\u1ea5p \u0111\u1ec1u \u0111\u00e1ng tin c\u1eady v\u00e0 ch\u00ednh x\u00e1c, ngo\u00e0i vi\u1ec7c \u0111\u01b0\u1ee3c c\u00e1c nh\u00e2n vi\u00ean v\u00e0 sinh vi\u00ean bi\u1ebft \u0111\u1ebfn l\u00e0 ng\u01b0\u1eddi c\u00f3 tr\u00e1ch nhi\u1ec7m v\u00e0 l\u00e0 ng\u01b0\u1eddi gi\u1ea3i quy\u1ebft v\u1ea5n \u0111\u1ec1, c\u00f4 c\u00f2n r\u1ea5t gi\u1ecfi trong vi\u1ec7c gi\u1ea3i quy\u1ebft c\u00e1c v\u1ea5n \u0111\u1ec1 trong \u0111\u01a1n \u0111\u0103ng k\u00fd, bao g\u1ed3m c\u1ea3 vi\u1ec7c \u0111\u1ea3m b\u1ea3o \u0111\u00fang th\u1eddi h\u1ea1n.","robots":{"index":"index","follow":"follow","max-snippet":"max-snippet:-1","max-image-preview":"max-image-preview:large","max-video-preview":"max-video-preview:-1"},"canonical":"https:\/\/augstudy.com\/vi\/vcard\/chau-uc\/sinyee-heng\/","og_locale":"vi_VN","og_type":"article","og_title":"Sin Yee Heng","og_description":"The advices provided by Sin Yee are reliable and accurate apart from being known among the staff and students as responsible and a problem solver, she is good in solving application issues including ensuring deadlines are met.","og_url":"https:\/\/augstudy.com\/vi\/vcard\/chau-uc\/sinyee-heng\/","og_site_name":"AUG Student Services","article_publisher":"https:\/\/www.facebook.com\/augmalaysia\/","article_modified_time":"2023-10-01T12:41:40+00:00","twitter_card":"summary_large_image","twitter_misc":{"\u01af\u1edbc t\u00ednh th\u1eddi gian \u0111\u1ecdc":"1 ph\u00fat"},"schema":{"@context":"https:\/\/schema.org","@graph":[{"@type":"WebPage","@id":"https:\/\/augstudy.com\/vcard\/australia\/sinyee-heng\/","url":"https:\/\/augstudy.com\/vcard\/australia\/sinyee-heng\/","name":"Sin Yee Heng - AUG Student Services","isPartOf":{"@id":"https:\/\/augstudy.com\/#website"},"datePublished":"2020-07-31T07:04:35+00:00","dateModified":"2023-10-01T12:41:40+00:00","description":"Nh\u1eefng l\u1eddi khuy\u00ean do Sin Yee cung c\u1ea5p \u0111\u1ec1u \u0111\u00e1ng tin c\u1eady v\u00e0 ch\u00ednh x\u00e1c, ngo\u00e0i vi\u1ec7c \u0111\u01b0\u1ee3c c\u00e1c nh\u00e2n vi\u00ean v\u00e0 sinh vi\u00ean bi\u1ebft \u0111\u1ebfn l\u00e0 ng\u01b0\u1eddi c\u00f3 tr\u00e1ch nhi\u1ec7m v\u00e0 l\u00e0 ng\u01b0\u1eddi gi\u1ea3i quy\u1ebft v\u1ea5n \u0111\u1ec1, c\u00f4 c\u00f2n r\u1ea5t gi\u1ecfi trong vi\u1ec7c gi\u1ea3i quy\u1ebft c\u00e1c v\u1ea5n \u0111\u1ec1 trong \u0111\u01a1n \u0111\u0103ng k\u00fd, bao g\u1ed3m c\u1ea3 vi\u1ec7c \u0111\u1ea3m b\u1ea3o \u0111\u00fang th\u1eddi h\u1ea1n.","breadcrumb":{"@id":"https:\/\/augstudy.com\/vcard\/australia\/sinyee-heng\/#breadcrumb"},"inLanguage":"vi","potentialAction":[{"@type":"ReadAction","target":["https:\/\/augstudy.com\/vcard\/australia\/sinyee-heng\/"]}]},{"@type":"BreadcrumbList","@id":"https:\/\/augstudy.com\/vcard\/australia\/sinyee-heng\/#breadcrumb","itemListElement":[{"@type":"ListItem","position":1,"name":"Home","item":"https:\/\/augstudy.com\/"},{"@type":"ListItem","position":2,"name":"vCard","item":"https:\/\/augstudy.com\/vcard\/"},{"@type":"ListItem","position":3,"name":"vCard &#8211; Australia","item":"https:\/\/augstudy.com\/vcard\/australia\/"},{"@type":"ListItem","position":4,"name":"Sin Yee Heng"}]},{"@type":"WebSite","@id":"https:\/\/augstudy.com\/#website","url":"https:\/\/augstudy.com\/","name":"D\u1ecbch v\u1ee5 Sinh vi\u00ean AUG","description":"D\u1ecbch v\u1ee5 sinh vi\u00ean","alternateName":"AUG Global","potentialAction":[{"@type":"SearchAction","target":{"@type":"EntryPoint","urlTemplate":"https:\/\/augstudy.com\/?s={search_term_string}"},"query-input":{"@type":"PropertyValueSpecification","valueRequired":true,"valueName":"search_term_string"}}],"inLanguage":"vi"}]}},"_links":{"self":[{"href":"https:\/\/augstudy.com\/vi\/wp-json\/wp\/v2\/pages\/98987","targetHints":{"allow":["GET"]}}],"collection":[{"href":"https:\/\/augstudy.com\/vi\/wp-json\/wp\/v2\/pages"}],"about":[{"href":"https:\/\/augstudy.com\/vi\/wp-json\/wp\/v2\/types\/page"}],"author":[{"embeddable":true,"href":"https:\/\/augstudy.com\/vi\/wp-json\/wp\/v2\/users\/4"}],"replies":[{"embeddable":true,"href":"https:\/\/augstudy.com\/vi\/wp-json\/wp\/v2\/comments?post=98987"}],"version-history":[{"count":0,"href":"https:\/\/augstudy.com\/vi\/wp-json\/wp\/v2\/pages\/98987\/revisions"}],"up":[{"embeddable":true,"href":"https:\/\/augstudy.com\/vi\/wp-json\/wp\/v2\/pages\/97514"}],"wp:attachment":[{"href":"https:\/\/augstudy.com\/vi\/wp-json\/wp\/v2\/media?parent=98987"}],"curies":[{"name":"wp","href":"https:\/\/api.w.org\/{rel}","templated":true}]}}