{"id":98973,"date":"2020-07-31T16:30:22","date_gmt":"2020-07-31T06:30:22","guid":{"rendered":"https:\/\/augstudy.com\/?page_id=98973"},"modified":"2023-10-01T23:41:52","modified_gmt":"2023-10-01T12:41:52","slug":"william-teh","status":"publish","type":"page","link":"https:\/\/augstudy.com\/vi\/vcard\/australia\/william-teh\/","title":{"rendered":"William T."},"content":{"rendered":"<div class=\"vc_row wpb_row vc_row-fluid\"><div class=\"wpb_column vc_column_container vc_col-sm-12\"><div class=\"vc_column-inner\"><div class=\"wpb_wrapper\">\n\t<div class=\"wpb_raw_code wpb_content_element wpb_raw_html margin_bottom_0px\">\n\t\t<div class=\"wpb_wrapper\">\n\t\t\t<a class=\"vcard-download\" href=\"https:\/\/augstudy.com\/aug-website-files\/wp-content\/uploads\/vcard\/William_TEH.vcf\"><\/a>\n\t\t<\/div>\n\t<\/div>\n<\/div><\/div><\/div><\/div>","protected":false},"excerpt":{"rendered":"","protected":false},"author":4,"featured_media":0,"parent":97514,"menu_order":0,"comment_status":"closed","ping_status":"closed","template":"","meta":{"footnotes":""},"class_list":["post-98973","page","type-page","status-publish","hentry"],"yoast_head":"<!-- This site is optimized with the Yoast SEO Premium plugin v27.0 (Yoast SEO v27.3) - https:\/\/yoast.com\/product\/yoast-seo-premium-wordpress\/ -->\n<title>William Teh - AUG Student Services<\/title>\n<meta name=\"description\" content=\"As the youngest operations in Australia, he battled through staffing on a yearly basis, and securing the right team for the office. It was only until before the pandemic whereby the border closure kind of served as a silver lining, which is where his current team was born.\" \/>\n<meta name=\"robots\" content=\"index, follow, max-snippet:-1, max-image-preview:large, max-video-preview:-1\" \/>\n<link rel=\"canonical\" href=\"https:\/\/augstudy.com\/vi\/vcard\/chau-uc\/william-teh\/\" \/>\n<meta property=\"og:locale\" content=\"vi_VN\" \/>\n<meta property=\"og:type\" content=\"article\" \/>\n<meta property=\"og:title\" content=\"William Teh\" \/>\n<meta property=\"og:description\" content=\"As the youngest operations in Australia, he battled through staffing on a yearly basis, and securing the right team for the office. It was only until before the pandemic whereby the border closure kind of served as a silver lining, which is where his current team was born.\" \/>\n<meta property=\"og:url\" content=\"https:\/\/augstudy.com\/vi\/vcard\/chau-uc\/william-teh\/\" \/>\n<meta property=\"og:site_name\" content=\"AUG Student Services\" \/>\n<meta property=\"article:publisher\" content=\"https:\/\/www.facebook.com\/augmalaysia\/\" \/>\n<meta property=\"article:modified_time\" content=\"2023-10-01T12:41:52+00:00\" \/>\n<meta name=\"twitter:card\" content=\"summary_large_image\" \/>\n<meta name=\"twitter:label1\" content=\"\u01af\u1edbc t\u00ednh th\u1eddi gian \u0111\u1ecdc\" \/>\n\t<meta name=\"twitter:data1\" content=\"1 ph\u00fat\" \/>\n<script type=\"application\/ld+json\" class=\"yoast-schema-graph\">{\"@context\":\"https:\\\/\\\/schema.org\",\"@graph\":[{\"@type\":\"WebPage\",\"@id\":\"https:\\\/\\\/augstudy.com\\\/vcard\\\/australia\\\/william-teh\\\/\",\"url\":\"https:\\\/\\\/augstudy.com\\\/vcard\\\/australia\\\/william-teh\\\/\",\"name\":\"William Teh - AUG Student Services\",\"isPartOf\":{\"@id\":\"https:\\\/\\\/augstudy.com\\\/#website\"},\"datePublished\":\"2020-07-31T06:30:22+00:00\",\"dateModified\":\"2023-10-01T12:41:52+00:00\",\"description\":\"As the youngest operations in Australia, he battled through staffing on a yearly basis, and securing the right team for the office. It was only until before the pandemic whereby the border closure kind of served as a silver lining, which is where his current team was born.\",\"breadcrumb\":{\"@id\":\"https:\\\/\\\/augstudy.com\\\/vcard\\\/australia\\\/william-teh\\\/#breadcrumb\"},\"inLanguage\":\"vi\",\"potentialAction\":[{\"@type\":\"ReadAction\",\"target\":[\"https:\\\/\\\/augstudy.com\\\/vcard\\\/australia\\\/william-teh\\\/\"]}]},{\"@type\":\"BreadcrumbList\",\"@id\":\"https:\\\/\\\/augstudy.com\\\/vcard\\\/australia\\\/william-teh\\\/#breadcrumb\",\"itemListElement\":[{\"@type\":\"ListItem\",\"position\":1,\"name\":\"Home\",\"item\":\"https:\\\/\\\/augstudy.com\\\/\"},{\"@type\":\"ListItem\",\"position\":2,\"name\":\"vCard\",\"item\":\"https:\\\/\\\/augstudy.com\\\/vcard\\\/\"},{\"@type\":\"ListItem\",\"position\":3,\"name\":\"vCard &#8211; Australia\",\"item\":\"https:\\\/\\\/augstudy.com\\\/vcard\\\/australia\\\/\"},{\"@type\":\"ListItem\",\"position\":4,\"name\":\"William Teh\"}]},{\"@type\":\"WebSite\",\"@id\":\"https:\\\/\\\/augstudy.com\\\/#website\",\"url\":\"https:\\\/\\\/augstudy.com\\\/\",\"name\":\"AUG Student Services\",\"description\":\"Student Services\",\"alternateName\":\"AUG Global\",\"potentialAction\":[{\"@type\":\"SearchAction\",\"target\":{\"@type\":\"EntryPoint\",\"urlTemplate\":\"https:\\\/\\\/augstudy.com\\\/?s={search_term_string}\"},\"query-input\":{\"@type\":\"PropertyValueSpecification\",\"valueRequired\":true,\"valueName\":\"search_term_string\"}}],\"inLanguage\":\"vi\"}]}<\/script>\n<!-- \/ Yoast SEO Premium plugin. -->","yoast_head_json":{"title":"William Teh - AUG Student Services","description":"L\u00e0 c\u00f4ng ty ho\u1ea1t \u0111\u1ed9ng tr\u1ebb nh\u1ea5t t\u1ea1i \u00dac, anh \u0111\u00e3 ph\u1ea3i v\u1eadt l\u1ed9n v\u1edbi vi\u1ec7c tuy\u1ec3n d\u1ee5ng nh\u00e2n s\u1ef1 h\u00e0ng n\u0103m v\u00e0 \u0111\u1ea3m b\u1ea3o c\u00f3 \u0111\u01b0\u1ee3c \u0111\u1ed9i ng\u0169 ph\u00f9 h\u1ee3p cho v\u0103n ph\u00f2ng. Ch\u1ec9 \u0111\u1ebfn tr\u01b0\u1edbc \u0111\u1ea1i d\u1ecbch, vi\u1ec7c \u0111\u00f3ng c\u1eeda bi\u00ean gi\u1edbi m\u1edbi tr\u1edf th\u00e0nh tia hy v\u1ecdng, \u0111\u00f3 l\u00e0 n\u01a1i \u0111\u1ed9i ng\u0169 hi\u1ec7n t\u1ea1i c\u1ee7a anh ra \u0111\u1eddi.","robots":{"index":"index","follow":"follow","max-snippet":"max-snippet:-1","max-image-preview":"max-image-preview:large","max-video-preview":"max-video-preview:-1"},"canonical":"https:\/\/augstudy.com\/vi\/vcard\/chau-uc\/william-teh\/","og_locale":"vi_VN","og_type":"article","og_title":"William Teh","og_description":"As the youngest operations in Australia, he battled through staffing on a yearly basis, and securing the right team for the office. It was only until before the pandemic whereby the border closure kind of served as a silver lining, which is where his current team was born.","og_url":"https:\/\/augstudy.com\/vi\/vcard\/chau-uc\/william-teh\/","og_site_name":"AUG Student Services","article_publisher":"https:\/\/www.facebook.com\/augmalaysia\/","article_modified_time":"2023-10-01T12:41:52+00:00","twitter_card":"summary_large_image","twitter_misc":{"\u01af\u1edbc t\u00ednh th\u1eddi gian \u0111\u1ecdc":"1 ph\u00fat"},"schema":{"@context":"https:\/\/schema.org","@graph":[{"@type":"WebPage","@id":"https:\/\/augstudy.com\/vcard\/australia\/william-teh\/","url":"https:\/\/augstudy.com\/vcard\/australia\/william-teh\/","name":"William Teh - AUG Student Services","isPartOf":{"@id":"https:\/\/augstudy.com\/#website"},"datePublished":"2020-07-31T06:30:22+00:00","dateModified":"2023-10-01T12:41:52+00:00","description":"L\u00e0 c\u00f4ng ty ho\u1ea1t \u0111\u1ed9ng tr\u1ebb nh\u1ea5t t\u1ea1i \u00dac, anh \u0111\u00e3 ph\u1ea3i v\u1eadt l\u1ed9n v\u1edbi vi\u1ec7c tuy\u1ec3n d\u1ee5ng nh\u00e2n s\u1ef1 h\u00e0ng n\u0103m v\u00e0 \u0111\u1ea3m b\u1ea3o c\u00f3 \u0111\u01b0\u1ee3c \u0111\u1ed9i ng\u0169 ph\u00f9 h\u1ee3p cho v\u0103n ph\u00f2ng. Ch\u1ec9 \u0111\u1ebfn tr\u01b0\u1edbc \u0111\u1ea1i d\u1ecbch, vi\u1ec7c \u0111\u00f3ng c\u1eeda bi\u00ean gi\u1edbi m\u1edbi tr\u1edf th\u00e0nh tia hy v\u1ecdng, \u0111\u00f3 l\u00e0 n\u01a1i \u0111\u1ed9i ng\u0169 hi\u1ec7n t\u1ea1i c\u1ee7a anh ra \u0111\u1eddi.","breadcrumb":{"@id":"https:\/\/augstudy.com\/vcard\/australia\/william-teh\/#breadcrumb"},"inLanguage":"vi","potentialAction":[{"@type":"ReadAction","target":["https:\/\/augstudy.com\/vcard\/australia\/william-teh\/"]}]},{"@type":"BreadcrumbList","@id":"https:\/\/augstudy.com\/vcard\/australia\/william-teh\/#breadcrumb","itemListElement":[{"@type":"ListItem","position":1,"name":"Home","item":"https:\/\/augstudy.com\/"},{"@type":"ListItem","position":2,"name":"vCard","item":"https:\/\/augstudy.com\/vcard\/"},{"@type":"ListItem","position":3,"name":"vCard &#8211; Australia","item":"https:\/\/augstudy.com\/vcard\/australia\/"},{"@type":"ListItem","position":4,"name":"William Teh"}]},{"@type":"WebSite","@id":"https:\/\/augstudy.com\/#website","url":"https:\/\/augstudy.com\/","name":"D\u1ecbch v\u1ee5 Sinh vi\u00ean AUG","description":"D\u1ecbch v\u1ee5 sinh vi\u00ean","alternateName":"AUG Global","potentialAction":[{"@type":"SearchAction","target":{"@type":"EntryPoint","urlTemplate":"https:\/\/augstudy.com\/?s={search_term_string}"},"query-input":{"@type":"PropertyValueSpecification","valueRequired":true,"valueName":"search_term_string"}}],"inLanguage":"vi"}]}},"_links":{"self":[{"href":"https:\/\/augstudy.com\/vi\/wp-json\/wp\/v2\/pages\/98973","targetHints":{"allow":["GET"]}}],"collection":[{"href":"https:\/\/augstudy.com\/vi\/wp-json\/wp\/v2\/pages"}],"about":[{"href":"https:\/\/augstudy.com\/vi\/wp-json\/wp\/v2\/types\/page"}],"author":[{"embeddable":true,"href":"https:\/\/augstudy.com\/vi\/wp-json\/wp\/v2\/users\/4"}],"replies":[{"embeddable":true,"href":"https:\/\/augstudy.com\/vi\/wp-json\/wp\/v2\/comments?post=98973"}],"version-history":[{"count":0,"href":"https:\/\/augstudy.com\/vi\/wp-json\/wp\/v2\/pages\/98973\/revisions"}],"up":[{"embeddable":true,"href":"https:\/\/augstudy.com\/vi\/wp-json\/wp\/v2\/pages\/97514"}],"wp:attachment":[{"href":"https:\/\/augstudy.com\/vi\/wp-json\/wp\/v2\/media?parent=98973"}],"curies":[{"name":"wp","href":"https:\/\/api.w.org\/{rel}","templated":true}]}}