{"id":98869,"date":"2020-07-31T14:56:24","date_gmt":"2020-07-31T04:56:24","guid":{"rendered":"https:\/\/augstudy.com\/?page_id=98869"},"modified":"2023-10-24T09:33:37","modified_gmt":"2023-10-23T22:33:37","slug":"kevin-vo","status":"publish","type":"page","link":"https:\/\/augstudy.com\/vi\/vcard\/viet-nam\/kevin-vo\/","title":{"rendered":"Kevin V\u00f5"},"content":{"rendered":"<div class=\"vc_row wpb_row vc_row-fluid\"><div class=\"wpb_column vc_column_container vc_col-sm-12\"><div class=\"vc_column-inner\"><div class=\"wpb_wrapper\">\n\t<div class=\"wpb_raw_code wpb_content_element wpb_raw_html margin_bottom_0px\">\n\t\t<div class=\"wpb_wrapper\">\n\t\t\t<a class=\"vcard-download\" href=\"https:\/\/augstudy.com\/aug-website-files\/wp-content\/uploads\/vcard\/Kevin_VO.vcf\"><\/a>\n\t\t<\/div>\n\t<\/div>\n<\/div><\/div><\/div><\/div>","protected":false},"excerpt":{"rendered":"","protected":false},"author":4,"featured_media":386302,"parent":386304,"menu_order":0,"comment_status":"closed","ping_status":"closed","template":"","meta":{"footnotes":""},"class_list":["post-98869","page","type-page","status-publish","hentry"],"yoast_head":"<!-- This site is optimized with the Yoast SEO Premium plugin v27.0 (Yoast SEO v27.3) - https:\/\/yoast.com\/product\/yoast-seo-premium-wordpress\/ -->\n<title>Kevin Vo - AUG Student Services<\/title>\n<meta name=\"description\" content=\"Kevin&#039;s relentless efforts and determination have been instrumental in establishing AUG Vietnam, a testament to his extraordinary work ethic. Currently, he holds the esteemed position of Deputy Director of AUG Vietnam. His vision for the future is robust, as he harbors a powerful ambition to transform AUG Vietnam into a leading recruitment agency in the country in the forthcoming years.\" \/>\n<meta name=\"robots\" content=\"index, follow, max-snippet:-1, max-image-preview:large, max-video-preview:-1\" \/>\n<link rel=\"canonical\" href=\"https:\/\/augstudy.com\/vi\/vcard\/viet-nam\/kevin-vo\/\" \/>\n<meta property=\"og:locale\" content=\"vi_VN\" \/>\n<meta property=\"og:type\" content=\"article\" \/>\n<meta property=\"og:title\" content=\"Kevin Vo\" \/>\n<meta property=\"og:description\" content=\"Kevin&#039;s relentless efforts and determination have been instrumental in establishing AUG Vietnam, a testament to his extraordinary work ethic. Currently, he holds the esteemed position of Deputy Director of AUG Vietnam. His vision for the future is robust, as he harbors a powerful ambition to transform AUG Vietnam into a leading recruitment agency in the country in the forthcoming years.\" \/>\n<meta property=\"og:url\" content=\"https:\/\/augstudy.com\/vi\/vcard\/viet-nam\/kevin-vo\/\" \/>\n<meta property=\"og:site_name\" content=\"AUG Student Services\" \/>\n<meta property=\"article:publisher\" content=\"https:\/\/www.facebook.com\/augmalaysia\/\" \/>\n<meta property=\"article:modified_time\" content=\"2023-10-23T22:33:37+00:00\" \/>\n<meta property=\"og:image\" content=\"https:\/\/augstudy.com\/aug-website-files\/wp-content\/uploads\/2023\/10\/aug_vcard_kevin_vo_500x500.png\" \/>\n\t<meta property=\"og:image:width\" content=\"500\" \/>\n\t<meta property=\"og:image:height\" content=\"500\" \/>\n\t<meta property=\"og:image:type\" content=\"image\/png\" \/>\n<meta name=\"twitter:card\" content=\"summary_large_image\" \/>\n<meta name=\"twitter:label1\" content=\"\u01af\u1edbc t\u00ednh th\u1eddi gian \u0111\u1ecdc\" \/>\n\t<meta name=\"twitter:data1\" content=\"1 ph\u00fat\" \/>\n<script type=\"application\/ld+json\" class=\"yoast-schema-graph\">{\"@context\":\"https:\\\/\\\/schema.org\",\"@graph\":[{\"@type\":\"WebPage\",\"@id\":\"https:\\\/\\\/augstudy.com\\\/vcard\\\/viet-nam\\\/kevin-vo\\\/\",\"url\":\"https:\\\/\\\/augstudy.com\\\/vcard\\\/viet-nam\\\/kevin-vo\\\/\",\"name\":\"Kevin Vo - AUG Student Services\",\"isPartOf\":{\"@id\":\"https:\\\/\\\/augstudy.com\\\/#website\"},\"primaryImageOfPage\":{\"@id\":\"https:\\\/\\\/augstudy.com\\\/vcard\\\/viet-nam\\\/kevin-vo\\\/#primaryimage\"},\"image\":{\"@id\":\"https:\\\/\\\/augstudy.com\\\/vcard\\\/viet-nam\\\/kevin-vo\\\/#primaryimage\"},\"thumbnailUrl\":\"https:\\\/\\\/augstudy.com\\\/aug-website-files\\\/wp-content\\\/uploads\\\/2023\\\/10\\\/aug_vcard_kevin_vo_500x500.png\",\"datePublished\":\"2020-07-31T04:56:24+00:00\",\"dateModified\":\"2023-10-23T22:33:37+00:00\",\"description\":\"Kevin's relentless efforts and determination have been instrumental in establishing AUG Vietnam, a testament to his extraordinary work ethic. Currently, he holds the esteemed position of Deputy Director of AUG Vietnam. His vision for the future is robust, as he harbors a powerful ambition to transform AUG Vietnam into a leading recruitment agency in the country in the forthcoming years.\",\"breadcrumb\":{\"@id\":\"https:\\\/\\\/augstudy.com\\\/vcard\\\/viet-nam\\\/kevin-vo\\\/#breadcrumb\"},\"inLanguage\":\"vi\",\"potentialAction\":[{\"@type\":\"ReadAction\",\"target\":[\"https:\\\/\\\/augstudy.com\\\/vcard\\\/viet-nam\\\/kevin-vo\\\/\"]}]},{\"@type\":\"ImageObject\",\"inLanguage\":\"vi\",\"@id\":\"https:\\\/\\\/augstudy.com\\\/vcard\\\/viet-nam\\\/kevin-vo\\\/#primaryimage\",\"url\":\"https:\\\/\\\/augstudy.com\\\/aug-website-files\\\/wp-content\\\/uploads\\\/2023\\\/10\\\/aug_vcard_kevin_vo_500x500.png\",\"contentUrl\":\"https:\\\/\\\/augstudy.com\\\/aug-website-files\\\/wp-content\\\/uploads\\\/2023\\\/10\\\/aug_vcard_kevin_vo_500x500.png\",\"width\":500,\"height\":500},{\"@type\":\"BreadcrumbList\",\"@id\":\"https:\\\/\\\/augstudy.com\\\/vcard\\\/viet-nam\\\/kevin-vo\\\/#breadcrumb\",\"itemListElement\":[{\"@type\":\"ListItem\",\"position\":1,\"name\":\"Home\",\"item\":\"https:\\\/\\\/augstudy.com\\\/\"},{\"@type\":\"ListItem\",\"position\":2,\"name\":\"vCard\",\"item\":\"https:\\\/\\\/augstudy.com\\\/vcard\\\/\"},{\"@type\":\"ListItem\",\"position\":3,\"name\":\"vCard &#8211; Vietnam\",\"item\":\"https:\\\/\\\/augstudy.com\\\/vcard\\\/viet-nam\\\/\"},{\"@type\":\"ListItem\",\"position\":4,\"name\":\"Kevin Vo\"}]},{\"@type\":\"WebSite\",\"@id\":\"https:\\\/\\\/augstudy.com\\\/#website\",\"url\":\"https:\\\/\\\/augstudy.com\\\/\",\"name\":\"AUG Student Services\",\"description\":\"Student Services\",\"alternateName\":\"AUG Global\",\"potentialAction\":[{\"@type\":\"SearchAction\",\"target\":{\"@type\":\"EntryPoint\",\"urlTemplate\":\"https:\\\/\\\/augstudy.com\\\/?s={search_term_string}\"},\"query-input\":{\"@type\":\"PropertyValueSpecification\",\"valueRequired\":true,\"valueName\":\"search_term_string\"}}],\"inLanguage\":\"vi\"}]}<\/script>\n<!-- \/ Yoast SEO Premium plugin. -->","yoast_head_json":{"title":"Kevin Vo - AUG Student Services","description":"Nh\u1eefng n\u1ed7 l\u1ef1c v\u00e0 quy\u1ebft t\u00e2m kh\u00f4ng ng\u1eebng ngh\u1ec9 c\u1ee7a Kevin \u0111\u00e3 g\u00f3p ph\u1ea7n th\u00e0nh l\u1eadp AUG Vi\u1ec7t Nam, m\u1ed9t minh ch\u1ee9ng cho \u0111\u1ea1o \u0111\u1ee9c l\u00e0m vi\u1ec7c phi th\u01b0\u1eddng c\u1ee7a anh. Hi\u1ec7n nay, \u00f4ng \u0111ang gi\u1eef ch\u1ee9c v\u1ee5 danh gi\u00e1 l\u00e0 Ph\u00f3 Gi\u00e1m \u0111\u1ed1c AUG Vi\u1ec7t Nam. T\u1ea7m nh\u00ecn c\u1ee7a anh v\u1ec1 t\u01b0\u01a1ng lai r\u1ea5t m\u1ea1nh m\u1ebd khi anh nu\u00f4i d\u01b0\u1ee1ng tham v\u1ecdng m\u1ea1nh m\u1ebd bi\u1ebfn AUG Vi\u1ec7t Nam th\u00e0nh c\u00f4ng ty tuy\u1ec3n d\u1ee5ng h\u00e0ng \u0111\u1ea7u trong n\u01b0\u1edbc trong nh\u1eefng n\u0103m t\u1edbi.","robots":{"index":"index","follow":"follow","max-snippet":"max-snippet:-1","max-image-preview":"max-image-preview:large","max-video-preview":"max-video-preview:-1"},"canonical":"https:\/\/augstudy.com\/vi\/vcard\/viet-nam\/kevin-vo\/","og_locale":"vi_VN","og_type":"article","og_title":"Kevin Vo","og_description":"Kevin's relentless efforts and determination have been instrumental in establishing AUG Vietnam, a testament to his extraordinary work ethic. Currently, he holds the esteemed position of Deputy Director of AUG Vietnam. His vision for the future is robust, as he harbors a powerful ambition to transform AUG Vietnam into a leading recruitment agency in the country in the forthcoming years.","og_url":"https:\/\/augstudy.com\/vi\/vcard\/viet-nam\/kevin-vo\/","og_site_name":"AUG Student Services","article_publisher":"https:\/\/www.facebook.com\/augmalaysia\/","article_modified_time":"2023-10-23T22:33:37+00:00","og_image":[{"width":500,"height":500,"url":"https:\/\/augstudy.com\/aug-website-files\/wp-content\/uploads\/2023\/10\/aug_vcard_kevin_vo_500x500.png","type":"image\/png"}],"twitter_card":"summary_large_image","twitter_misc":{"\u01af\u1edbc t\u00ednh th\u1eddi gian \u0111\u1ecdc":"1 ph\u00fat"},"schema":{"@context":"https:\/\/schema.org","@graph":[{"@type":"WebPage","@id":"https:\/\/augstudy.com\/vcard\/viet-nam\/kevin-vo\/","url":"https:\/\/augstudy.com\/vcard\/viet-nam\/kevin-vo\/","name":"Kevin Vo - AUG Student Services","isPartOf":{"@id":"https:\/\/augstudy.com\/#website"},"primaryImageOfPage":{"@id":"https:\/\/augstudy.com\/vcard\/viet-nam\/kevin-vo\/#primaryimage"},"image":{"@id":"https:\/\/augstudy.com\/vcard\/viet-nam\/kevin-vo\/#primaryimage"},"thumbnailUrl":"https:\/\/augstudy.com\/aug-website-files\/wp-content\/uploads\/2023\/10\/aug_vcard_kevin_vo_500x500.png","datePublished":"2020-07-31T04:56:24+00:00","dateModified":"2023-10-23T22:33:37+00:00","description":"Nh\u1eefng n\u1ed7 l\u1ef1c v\u00e0 quy\u1ebft t\u00e2m kh\u00f4ng ng\u1eebng ngh\u1ec9 c\u1ee7a Kevin \u0111\u00e3 g\u00f3p ph\u1ea7n th\u00e0nh l\u1eadp AUG Vi\u1ec7t Nam, m\u1ed9t minh ch\u1ee9ng cho \u0111\u1ea1o \u0111\u1ee9c l\u00e0m vi\u1ec7c phi th\u01b0\u1eddng c\u1ee7a anh. Hi\u1ec7n nay, \u00f4ng \u0111ang gi\u1eef ch\u1ee9c v\u1ee5 danh gi\u00e1 l\u00e0 Ph\u00f3 Gi\u00e1m \u0111\u1ed1c AUG Vi\u1ec7t Nam. T\u1ea7m nh\u00ecn c\u1ee7a anh v\u1ec1 t\u01b0\u01a1ng lai r\u1ea5t m\u1ea1nh m\u1ebd khi anh nu\u00f4i d\u01b0\u1ee1ng tham v\u1ecdng m\u1ea1nh m\u1ebd bi\u1ebfn AUG Vi\u1ec7t Nam th\u00e0nh c\u00f4ng ty tuy\u1ec3n d\u1ee5ng h\u00e0ng \u0111\u1ea7u trong n\u01b0\u1edbc trong nh\u1eefng n\u0103m t\u1edbi.","breadcrumb":{"@id":"https:\/\/augstudy.com\/vcard\/viet-nam\/kevin-vo\/#breadcrumb"},"inLanguage":"vi","potentialAction":[{"@type":"ReadAction","target":["https:\/\/augstudy.com\/vcard\/viet-nam\/kevin-vo\/"]}]},{"@type":"ImageObject","inLanguage":"vi","@id":"https:\/\/augstudy.com\/vcard\/viet-nam\/kevin-vo\/#primaryimage","url":"https:\/\/augstudy.com\/aug-website-files\/wp-content\/uploads\/2023\/10\/aug_vcard_kevin_vo_500x500.png","contentUrl":"https:\/\/augstudy.com\/aug-website-files\/wp-content\/uploads\/2023\/10\/aug_vcard_kevin_vo_500x500.png","width":500,"height":500},{"@type":"BreadcrumbList","@id":"https:\/\/augstudy.com\/vcard\/viet-nam\/kevin-vo\/#breadcrumb","itemListElement":[{"@type":"ListItem","position":1,"name":"Home","item":"https:\/\/augstudy.com\/"},{"@type":"ListItem","position":2,"name":"vCard","item":"https:\/\/augstudy.com\/vcard\/"},{"@type":"ListItem","position":3,"name":"vCard &#8211; Vietnam","item":"https:\/\/augstudy.com\/vcard\/viet-nam\/"},{"@type":"ListItem","position":4,"name":"Kevin Vo"}]},{"@type":"WebSite","@id":"https:\/\/augstudy.com\/#website","url":"https:\/\/augstudy.com\/","name":"D\u1ecbch v\u1ee5 Sinh vi\u00ean AUG","description":"D\u1ecbch v\u1ee5 sinh vi\u00ean","alternateName":"AUG Global","potentialAction":[{"@type":"SearchAction","target":{"@type":"EntryPoint","urlTemplate":"https:\/\/augstudy.com\/?s={search_term_string}"},"query-input":{"@type":"PropertyValueSpecification","valueRequired":true,"valueName":"search_term_string"}}],"inLanguage":"vi"}]}},"_links":{"self":[{"href":"https:\/\/augstudy.com\/vi\/wp-json\/wp\/v2\/pages\/98869","targetHints":{"allow":["GET"]}}],"collection":[{"href":"https:\/\/augstudy.com\/vi\/wp-json\/wp\/v2\/pages"}],"about":[{"href":"https:\/\/augstudy.com\/vi\/wp-json\/wp\/v2\/types\/page"}],"author":[{"embeddable":true,"href":"https:\/\/augstudy.com\/vi\/wp-json\/wp\/v2\/users\/4"}],"replies":[{"embeddable":true,"href":"https:\/\/augstudy.com\/vi\/wp-json\/wp\/v2\/comments?post=98869"}],"version-history":[{"count":0,"href":"https:\/\/augstudy.com\/vi\/wp-json\/wp\/v2\/pages\/98869\/revisions"}],"up":[{"embeddable":true,"href":"https:\/\/augstudy.com\/vi\/wp-json\/wp\/v2\/pages\/386304"}],"wp:featuredmedia":[{"embeddable":true,"href":"https:\/\/augstudy.com\/vi\/wp-json\/wp\/v2\/media\/386302"}],"wp:attachment":[{"href":"https:\/\/augstudy.com\/vi\/wp-json\/wp\/v2\/media?parent=98869"}],"curies":[{"name":"wp","href":"https:\/\/api.w.org\/{rel}","templated":true}]}}