{"id":98863,"date":"2020-07-31T14:50:44","date_gmt":"2020-07-31T04:50:44","guid":{"rendered":"https:\/\/augstudy.com\/?page_id=98863"},"modified":"2023-07-26T11:33:14","modified_gmt":"2023-07-26T01:33:14","slug":"alfred-tan","status":"publish","type":"page","link":"https:\/\/augstudy.com\/vi\/vcard\/australia\/alfred-tan\/","title":{"rendered":"Alfred Tan"},"content":{"rendered":"<div class=\"vc_row wpb_row vc_row-fluid\"><div class=\"wpb_column vc_column_container vc_col-sm-12\"><div class=\"vc_column-inner\"><div class=\"wpb_wrapper\">\n\t<div class=\"wpb_raw_code wpb_content_element wpb_raw_html margin_bottom_0px\">\n\t\t<div class=\"wpb_wrapper\">\n\t\t\t<a class=\"vcard-download\" href=\"https:\/\/augstudy.com\/aug-website-files\/wp-content\/uploads\/vcard\/Alfred_TAN.vcf\"><\/a>\n\t\t<\/div>\n\t<\/div>\n<\/div><\/div><\/div><\/div>","protected":false},"excerpt":{"rendered":"","protected":false},"author":4,"featured_media":385045,"parent":97514,"menu_order":0,"comment_status":"closed","ping_status":"closed","template":"","meta":{"footnotes":""},"class_list":["post-98863","page","type-page","status-publish","hentry"],"yoast_head":"<!-- This site is optimized with the Yoast SEO Premium plugin v27.0 (Yoast SEO v27.3) - https:\/\/yoast.com\/product\/yoast-seo-premium-wordpress\/ -->\n<title>Alfred Tan - AUG Student Services<\/title>\n<meta name=\"description\" content=\"Alfred believes in giving the best personalised service to students and looking out for other team members during times of need. Alfred is known among the staff and students as a responsible problem solver, handling complicated application-related issues and ensuring deadlines are met.\" \/>\n<meta name=\"robots\" content=\"index, follow, max-snippet:-1, max-image-preview:large, max-video-preview:-1\" \/>\n<link rel=\"canonical\" href=\"https:\/\/augstudy.com\/vi\/vcard\/chau-uc\/alfred-tan\/\" \/>\n<meta property=\"og:locale\" content=\"vi_VN\" \/>\n<meta property=\"og:type\" content=\"article\" \/>\n<meta property=\"og:title\" content=\"Alfred Tan\" \/>\n<meta property=\"og:description\" content=\"Alfred believes in giving the best personalised service to students and looking out for other team members during times of need. Alfred is known among the staff and students as a responsible problem solver, handling complicated application-related issues and ensuring deadlines are met.\" \/>\n<meta property=\"og:url\" content=\"https:\/\/augstudy.com\/vi\/vcard\/chau-uc\/alfred-tan\/\" \/>\n<meta property=\"og:site_name\" content=\"AUG Student Services\" \/>\n<meta property=\"article:publisher\" content=\"https:\/\/www.facebook.com\/augmalaysia\/\" \/>\n<meta property=\"article:modified_time\" content=\"2023-07-26T01:33:14+00:00\" \/>\n<meta property=\"og:image\" content=\"https:\/\/augstudy.com\/aug-website-files\/wp-content\/uploads\/2023\/07\/aug_vcard_alfred_tan_500x500.png\" \/>\n\t<meta property=\"og:image:width\" content=\"500\" \/>\n\t<meta property=\"og:image:height\" content=\"500\" \/>\n\t<meta property=\"og:image:type\" content=\"image\/png\" \/>\n<meta name=\"twitter:card\" content=\"summary_large_image\" \/>\n<meta name=\"twitter:label1\" content=\"\u01af\u1edbc t\u00ednh th\u1eddi gian \u0111\u1ecdc\" \/>\n\t<meta name=\"twitter:data1\" content=\"1 ph\u00fat\" \/>\n<script type=\"application\/ld+json\" class=\"yoast-schema-graph\">{\"@context\":\"https:\\\/\\\/schema.org\",\"@graph\":[{\"@type\":\"WebPage\",\"@id\":\"https:\\\/\\\/augstudy.com\\\/vcard\\\/australia\\\/alfred-tan\\\/\",\"url\":\"https:\\\/\\\/augstudy.com\\\/vcard\\\/australia\\\/alfred-tan\\\/\",\"name\":\"Alfred Tan - AUG Student Services\",\"isPartOf\":{\"@id\":\"https:\\\/\\\/augstudy.com\\\/#website\"},\"primaryImageOfPage\":{\"@id\":\"https:\\\/\\\/augstudy.com\\\/vcard\\\/australia\\\/alfred-tan\\\/#primaryimage\"},\"image\":{\"@id\":\"https:\\\/\\\/augstudy.com\\\/vcard\\\/australia\\\/alfred-tan\\\/#primaryimage\"},\"thumbnailUrl\":\"https:\\\/\\\/augstudy.com\\\/aug-website-files\\\/wp-content\\\/uploads\\\/2023\\\/07\\\/aug_vcard_alfred_tan_500x500.png\",\"datePublished\":\"2020-07-31T04:50:44+00:00\",\"dateModified\":\"2023-07-26T01:33:14+00:00\",\"description\":\"Alfred believes in giving the best personalised service to students and looking out for other team members during times of need. Alfred is known among the staff and students as a responsible problem solver, handling complicated application-related issues and ensuring deadlines are met.\",\"breadcrumb\":{\"@id\":\"https:\\\/\\\/augstudy.com\\\/vcard\\\/australia\\\/alfred-tan\\\/#breadcrumb\"},\"inLanguage\":\"vi\",\"potentialAction\":[{\"@type\":\"ReadAction\",\"target\":[\"https:\\\/\\\/augstudy.com\\\/vcard\\\/australia\\\/alfred-tan\\\/\"]}]},{\"@type\":\"ImageObject\",\"inLanguage\":\"vi\",\"@id\":\"https:\\\/\\\/augstudy.com\\\/vcard\\\/australia\\\/alfred-tan\\\/#primaryimage\",\"url\":\"https:\\\/\\\/augstudy.com\\\/aug-website-files\\\/wp-content\\\/uploads\\\/2023\\\/07\\\/aug_vcard_alfred_tan_500x500.png\",\"contentUrl\":\"https:\\\/\\\/augstudy.com\\\/aug-website-files\\\/wp-content\\\/uploads\\\/2023\\\/07\\\/aug_vcard_alfred_tan_500x500.png\",\"width\":500,\"height\":500},{\"@type\":\"BreadcrumbList\",\"@id\":\"https:\\\/\\\/augstudy.com\\\/vcard\\\/australia\\\/alfred-tan\\\/#breadcrumb\",\"itemListElement\":[{\"@type\":\"ListItem\",\"position\":1,\"name\":\"Home\",\"item\":\"https:\\\/\\\/augstudy.com\\\/\"},{\"@type\":\"ListItem\",\"position\":2,\"name\":\"vCard\",\"item\":\"https:\\\/\\\/augstudy.com\\\/vcard\\\/\"},{\"@type\":\"ListItem\",\"position\":3,\"name\":\"vCard &#8211; Australia\",\"item\":\"https:\\\/\\\/augstudy.com\\\/vcard\\\/australia\\\/\"},{\"@type\":\"ListItem\",\"position\":4,\"name\":\"Alfred Tan\"}]},{\"@type\":\"WebSite\",\"@id\":\"https:\\\/\\\/augstudy.com\\\/#website\",\"url\":\"https:\\\/\\\/augstudy.com\\\/\",\"name\":\"AUG Student Services\",\"description\":\"Student Services\",\"alternateName\":\"AUG Global\",\"potentialAction\":[{\"@type\":\"SearchAction\",\"target\":{\"@type\":\"EntryPoint\",\"urlTemplate\":\"https:\\\/\\\/augstudy.com\\\/?s={search_term_string}\"},\"query-input\":{\"@type\":\"PropertyValueSpecification\",\"valueRequired\":true,\"valueName\":\"search_term_string\"}}],\"inLanguage\":\"vi\"}]}<\/script>\n<!-- \/ Yoast SEO Premium plugin. -->","yoast_head_json":{"title":"Alfred Tan - AUG Student Services","description":"Alfred tin t\u01b0\u1edfng v\u00e0o vi\u1ec7c cung c\u1ea5p d\u1ecbch v\u1ee5 c\u00e1 nh\u00e2n h\u00f3a t\u1ed1t nh\u1ea5t cho sinh vi\u00ean v\u00e0 quan t\u00e2m \u0111\u1ebfn c\u00e1c th\u00e0nh vi\u00ean kh\u00e1c trong nh\u00f3m khi c\u1ea7n thi\u1ebft. Alfred \u0111\u01b0\u1ee3c c\u00e1c nh\u00e2n vi\u00ean v\u00e0 sinh vi\u00ean bi\u1ebft \u0111\u1ebfn nh\u01b0 m\u1ed9t ng\u01b0\u1eddi gi\u1ea3i quy\u1ebft v\u1ea5n \u0111\u1ec1 c\u00f3 tr\u00e1ch nhi\u1ec7m, x\u1eed l\u00fd c\u00e1c v\u1ea5n \u0111\u1ec1 ph\u1ee9c t\u1ea1p li\u00ean quan \u0111\u1ebfn \u0111\u01a1n \u0111\u0103ng k\u00fd v\u00e0 \u0111\u1ea3m b\u1ea3o \u0111\u00e1p \u1ee9ng \u0111\u00fang th\u1eddi h\u1ea1n.","robots":{"index":"index","follow":"follow","max-snippet":"max-snippet:-1","max-image-preview":"max-image-preview:large","max-video-preview":"max-video-preview:-1"},"canonical":"https:\/\/augstudy.com\/vi\/vcard\/chau-uc\/alfred-tan\/","og_locale":"vi_VN","og_type":"article","og_title":"Alfred Tan","og_description":"Alfred believes in giving the best personalised service to students and looking out for other team members during times of need. Alfred is known among the staff and students as a responsible problem solver, handling complicated application-related issues and ensuring deadlines are met.","og_url":"https:\/\/augstudy.com\/vi\/vcard\/chau-uc\/alfred-tan\/","og_site_name":"AUG Student Services","article_publisher":"https:\/\/www.facebook.com\/augmalaysia\/","article_modified_time":"2023-07-26T01:33:14+00:00","og_image":[{"width":500,"height":500,"url":"https:\/\/augstudy.com\/aug-website-files\/wp-content\/uploads\/2023\/07\/aug_vcard_alfred_tan_500x500.png","type":"image\/png"}],"twitter_card":"summary_large_image","twitter_misc":{"\u01af\u1edbc t\u00ednh th\u1eddi gian \u0111\u1ecdc":"1 ph\u00fat"},"schema":{"@context":"https:\/\/schema.org","@graph":[{"@type":"WebPage","@id":"https:\/\/augstudy.com\/vcard\/australia\/alfred-tan\/","url":"https:\/\/augstudy.com\/vcard\/australia\/alfred-tan\/","name":"Alfred Tan - AUG Student Services","isPartOf":{"@id":"https:\/\/augstudy.com\/#website"},"primaryImageOfPage":{"@id":"https:\/\/augstudy.com\/vcard\/australia\/alfred-tan\/#primaryimage"},"image":{"@id":"https:\/\/augstudy.com\/vcard\/australia\/alfred-tan\/#primaryimage"},"thumbnailUrl":"https:\/\/augstudy.com\/aug-website-files\/wp-content\/uploads\/2023\/07\/aug_vcard_alfred_tan_500x500.png","datePublished":"2020-07-31T04:50:44+00:00","dateModified":"2023-07-26T01:33:14+00:00","description":"Alfred tin t\u01b0\u1edfng v\u00e0o vi\u1ec7c cung c\u1ea5p d\u1ecbch v\u1ee5 c\u00e1 nh\u00e2n h\u00f3a t\u1ed1t nh\u1ea5t cho sinh vi\u00ean v\u00e0 quan t\u00e2m \u0111\u1ebfn c\u00e1c th\u00e0nh vi\u00ean kh\u00e1c trong nh\u00f3m khi c\u1ea7n thi\u1ebft. Alfred \u0111\u01b0\u1ee3c c\u00e1c nh\u00e2n vi\u00ean v\u00e0 sinh vi\u00ean bi\u1ebft \u0111\u1ebfn nh\u01b0 m\u1ed9t ng\u01b0\u1eddi gi\u1ea3i quy\u1ebft v\u1ea5n \u0111\u1ec1 c\u00f3 tr\u00e1ch nhi\u1ec7m, x\u1eed l\u00fd c\u00e1c v\u1ea5n \u0111\u1ec1 ph\u1ee9c t\u1ea1p li\u00ean quan \u0111\u1ebfn \u0111\u01a1n \u0111\u0103ng k\u00fd v\u00e0 \u0111\u1ea3m b\u1ea3o \u0111\u00e1p \u1ee9ng \u0111\u00fang th\u1eddi h\u1ea1n.","breadcrumb":{"@id":"https:\/\/augstudy.com\/vcard\/australia\/alfred-tan\/#breadcrumb"},"inLanguage":"vi","potentialAction":[{"@type":"ReadAction","target":["https:\/\/augstudy.com\/vcard\/australia\/alfred-tan\/"]}]},{"@type":"ImageObject","inLanguage":"vi","@id":"https:\/\/augstudy.com\/vcard\/australia\/alfred-tan\/#primaryimage","url":"https:\/\/augstudy.com\/aug-website-files\/wp-content\/uploads\/2023\/07\/aug_vcard_alfred_tan_500x500.png","contentUrl":"https:\/\/augstudy.com\/aug-website-files\/wp-content\/uploads\/2023\/07\/aug_vcard_alfred_tan_500x500.png","width":500,"height":500},{"@type":"BreadcrumbList","@id":"https:\/\/augstudy.com\/vcard\/australia\/alfred-tan\/#breadcrumb","itemListElement":[{"@type":"ListItem","position":1,"name":"Home","item":"https:\/\/augstudy.com\/"},{"@type":"ListItem","position":2,"name":"vCard","item":"https:\/\/augstudy.com\/vcard\/"},{"@type":"ListItem","position":3,"name":"vCard &#8211; Australia","item":"https:\/\/augstudy.com\/vcard\/australia\/"},{"@type":"ListItem","position":4,"name":"Alfred Tan"}]},{"@type":"WebSite","@id":"https:\/\/augstudy.com\/#website","url":"https:\/\/augstudy.com\/","name":"D\u1ecbch v\u1ee5 Sinh vi\u00ean AUG","description":"D\u1ecbch v\u1ee5 sinh vi\u00ean","alternateName":"AUG Global","potentialAction":[{"@type":"SearchAction","target":{"@type":"EntryPoint","urlTemplate":"https:\/\/augstudy.com\/?s={search_term_string}"},"query-input":{"@type":"PropertyValueSpecification","valueRequired":true,"valueName":"search_term_string"}}],"inLanguage":"vi"}]}},"_links":{"self":[{"href":"https:\/\/augstudy.com\/vi\/wp-json\/wp\/v2\/pages\/98863","targetHints":{"allow":["GET"]}}],"collection":[{"href":"https:\/\/augstudy.com\/vi\/wp-json\/wp\/v2\/pages"}],"about":[{"href":"https:\/\/augstudy.com\/vi\/wp-json\/wp\/v2\/types\/page"}],"author":[{"embeddable":true,"href":"https:\/\/augstudy.com\/vi\/wp-json\/wp\/v2\/users\/4"}],"replies":[{"embeddable":true,"href":"https:\/\/augstudy.com\/vi\/wp-json\/wp\/v2\/comments?post=98863"}],"version-history":[{"count":0,"href":"https:\/\/augstudy.com\/vi\/wp-json\/wp\/v2\/pages\/98863\/revisions"}],"up":[{"embeddable":true,"href":"https:\/\/augstudy.com\/vi\/wp-json\/wp\/v2\/pages\/97514"}],"wp:featuredmedia":[{"embeddable":true,"href":"https:\/\/augstudy.com\/vi\/wp-json\/wp\/v2\/media\/385045"}],"wp:attachment":[{"href":"https:\/\/augstudy.com\/vi\/wp-json\/wp\/v2\/media?parent=98863"}],"curies":[{"name":"wp","href":"https:\/\/api.w.org\/{rel}","templated":true}]}}