{"id":98244,"date":"2020-07-28T15:32:35","date_gmt":"2020-07-28T05:32:35","guid":{"rendered":"https:\/\/augstudy.com\/?page_id=98244"},"modified":"2023-07-26T11:33:53","modified_gmt":"2023-07-26T01:33:53","slug":"amanda-lee","status":"publish","type":"page","link":"https:\/\/augstudy.com\/vi\/vcard\/australia\/amanda-lee\/","title":{"rendered":"Amanda Lee"},"content":{"rendered":"<div class=\"vc_row wpb_row vc_row-fluid\"><div class=\"wpb_column vc_column_container vc_col-sm-12\"><div class=\"vc_column-inner\"><div class=\"wpb_wrapper\">\n\t<div class=\"wpb_raw_code wpb_content_element wpb_raw_html margin_bottom_0px\">\n\t\t<div class=\"wpb_wrapper\">\n\t\t\t<a class=\"vcard-download\" href=\"https:\/\/augstudy.com\/aug-website-files\/wp-content\/uploads\/vcard\/Amanda_LEE.vcf\"><\/a>\n\t\t<\/div>\n\t<\/div>\n<\/div><\/div><\/div><\/div>","protected":false},"excerpt":{"rendered":"","protected":false},"author":4,"featured_media":385046,"parent":97514,"menu_order":0,"comment_status":"closed","ping_status":"closed","template":"","meta":{"footnotes":""},"class_list":["post-98244","page","type-page","status-publish","hentry"],"yoast_head":"<!-- This site is optimized with the Yoast SEO Premium plugin v27.0 (Yoast SEO v27.3) - https:\/\/yoast.com\/product\/yoast-seo-premium-wordpress\/ -->\n<title>Amanda Lee - AUG Student Services<\/title>\n<meta name=\"description\" content=\"Meet Amanda, a dedicated and experienced Education Counsellor with a strong passion for guiding students towards their academic and personal growth. With more than three years of hands-on experience in the education industry, she has honed her skills in providing tailored advice and support to students seeking further study opportunities.\" \/>\n<meta name=\"robots\" content=\"index, follow, max-snippet:-1, max-image-preview:large, max-video-preview:-1\" \/>\n<link rel=\"canonical\" href=\"https:\/\/augstudy.com\/vi\/vcard\/chau-uc\/amanda-lee\/\" \/>\n<meta property=\"og:locale\" content=\"vi_VN\" \/>\n<meta property=\"og:type\" content=\"article\" \/>\n<meta property=\"og:title\" content=\"Amanda Lee\" \/>\n<meta property=\"og:description\" content=\"Meet Amanda, a dedicated and experienced Education Counsellor with a strong passion for guiding students towards their academic and personal growth. With more than three years of hands-on experience in the education industry, she has honed her skills in providing tailored advice and support to students seeking further study opportunities.\" \/>\n<meta property=\"og:url\" content=\"https:\/\/augstudy.com\/vi\/vcard\/chau-uc\/amanda-lee\/\" \/>\n<meta property=\"og:site_name\" content=\"AUG Student Services\" \/>\n<meta property=\"article:publisher\" content=\"https:\/\/www.facebook.com\/augmalaysia\/\" \/>\n<meta property=\"article:modified_time\" content=\"2023-07-26T01:33:53+00:00\" \/>\n<meta property=\"og:image\" content=\"https:\/\/augstudy.com\/aug-website-files\/wp-content\/uploads\/2023\/07\/aug_vcard_amanda_lee_500x500.png\" \/>\n\t<meta property=\"og:image:width\" content=\"500\" \/>\n\t<meta property=\"og:image:height\" content=\"500\" \/>\n\t<meta property=\"og:image:type\" content=\"image\/png\" \/>\n<meta name=\"twitter:card\" content=\"summary_large_image\" \/>\n<meta name=\"twitter:label1\" content=\"\u01af\u1edbc t\u00ednh th\u1eddi gian \u0111\u1ecdc\" \/>\n\t<meta name=\"twitter:data1\" content=\"1 ph\u00fat\" \/>\n<script type=\"application\/ld+json\" class=\"yoast-schema-graph\">{\"@context\":\"https:\\\/\\\/schema.org\",\"@graph\":[{\"@type\":\"WebPage\",\"@id\":\"https:\\\/\\\/augstudy.com\\\/vcard\\\/australia\\\/amanda-lee\\\/\",\"url\":\"https:\\\/\\\/augstudy.com\\\/vcard\\\/australia\\\/amanda-lee\\\/\",\"name\":\"Amanda Lee - AUG Student Services\",\"isPartOf\":{\"@id\":\"https:\\\/\\\/augstudy.com\\\/#website\"},\"primaryImageOfPage\":{\"@id\":\"https:\\\/\\\/augstudy.com\\\/vcard\\\/australia\\\/amanda-lee\\\/#primaryimage\"},\"image\":{\"@id\":\"https:\\\/\\\/augstudy.com\\\/vcard\\\/australia\\\/amanda-lee\\\/#primaryimage\"},\"thumbnailUrl\":\"https:\\\/\\\/augstudy.com\\\/aug-website-files\\\/wp-content\\\/uploads\\\/2023\\\/07\\\/aug_vcard_amanda_lee_500x500.png\",\"datePublished\":\"2020-07-28T05:32:35+00:00\",\"dateModified\":\"2023-07-26T01:33:53+00:00\",\"description\":\"Meet Amanda, a dedicated and experienced Education Counsellor with a strong passion for guiding students towards their academic and personal growth. With more than three years of hands-on experience in the education industry, she has honed her skills in providing tailored advice and support to students seeking further study opportunities.\",\"breadcrumb\":{\"@id\":\"https:\\\/\\\/augstudy.com\\\/vcard\\\/australia\\\/amanda-lee\\\/#breadcrumb\"},\"inLanguage\":\"vi\",\"potentialAction\":[{\"@type\":\"ReadAction\",\"target\":[\"https:\\\/\\\/augstudy.com\\\/vcard\\\/australia\\\/amanda-lee\\\/\"]}]},{\"@type\":\"ImageObject\",\"inLanguage\":\"vi\",\"@id\":\"https:\\\/\\\/augstudy.com\\\/vcard\\\/australia\\\/amanda-lee\\\/#primaryimage\",\"url\":\"https:\\\/\\\/augstudy.com\\\/aug-website-files\\\/wp-content\\\/uploads\\\/2023\\\/07\\\/aug_vcard_amanda_lee_500x500.png\",\"contentUrl\":\"https:\\\/\\\/augstudy.com\\\/aug-website-files\\\/wp-content\\\/uploads\\\/2023\\\/07\\\/aug_vcard_amanda_lee_500x500.png\",\"width\":500,\"height\":500},{\"@type\":\"BreadcrumbList\",\"@id\":\"https:\\\/\\\/augstudy.com\\\/vcard\\\/australia\\\/amanda-lee\\\/#breadcrumb\",\"itemListElement\":[{\"@type\":\"ListItem\",\"position\":1,\"name\":\"Home\",\"item\":\"https:\\\/\\\/augstudy.com\\\/\"},{\"@type\":\"ListItem\",\"position\":2,\"name\":\"vCard\",\"item\":\"https:\\\/\\\/augstudy.com\\\/vcard\\\/\"},{\"@type\":\"ListItem\",\"position\":3,\"name\":\"vCard &#8211; Australia\",\"item\":\"https:\\\/\\\/augstudy.com\\\/vcard\\\/australia\\\/\"},{\"@type\":\"ListItem\",\"position\":4,\"name\":\"Amanda Lee\"}]},{\"@type\":\"WebSite\",\"@id\":\"https:\\\/\\\/augstudy.com\\\/#website\",\"url\":\"https:\\\/\\\/augstudy.com\\\/\",\"name\":\"AUG Student Services\",\"description\":\"Student Services\",\"alternateName\":\"AUG Global\",\"potentialAction\":[{\"@type\":\"SearchAction\",\"target\":{\"@type\":\"EntryPoint\",\"urlTemplate\":\"https:\\\/\\\/augstudy.com\\\/?s={search_term_string}\"},\"query-input\":{\"@type\":\"PropertyValueSpecification\",\"valueRequired\":true,\"valueName\":\"search_term_string\"}}],\"inLanguage\":\"vi\"}]}<\/script>\n<!-- \/ Yoast SEO Premium plugin. -->","yoast_head_json":{"title":"Amanda Lee - AUG Student Services","description":"G\u1eb7p Amanda, C\u1ed1 v\u1ea5n Gi\u00e1o d\u1ee5c t\u1eadn t\u00e2m v\u00e0 gi\u00e0u kinh nghi\u1ec7m v\u1edbi ni\u1ec1m \u0111am m\u00ea m\u00e3nh li\u1ec7t trong vi\u1ec7c h\u01b0\u1edbng d\u1eabn sinh vi\u00ean ph\u00e1t tri\u1ec3n h\u1ecdc t\u1eadp v\u00e0 c\u00e1 nh\u00e2n. V\u1edbi h\u01a1n ba n\u0103m kinh nghi\u1ec7m th\u1ef1c t\u1ebf trong ng\u00e0nh gi\u00e1o d\u1ee5c, c\u00f4 \u0111\u00e3 m\u00e0i gi\u0169a k\u1ef9 n\u0103ng c\u1ee7a m\u00ecnh trong vi\u1ec7c cung c\u1ea5p l\u1eddi khuy\u00ean v\u00e0 h\u1ed7 tr\u1ee3 ph\u00f9 h\u1ee3p cho nh\u1eefng sinh vi\u00ean \u0111ang t\u00ecm ki\u1ebfm c\u01a1 h\u1ed9i h\u1ecdc t\u1eadp cao h\u01a1n.","robots":{"index":"index","follow":"follow","max-snippet":"max-snippet:-1","max-image-preview":"max-image-preview:large","max-video-preview":"max-video-preview:-1"},"canonical":"https:\/\/augstudy.com\/vi\/vcard\/chau-uc\/amanda-lee\/","og_locale":"vi_VN","og_type":"article","og_title":"Amanda Lee","og_description":"Meet Amanda, a dedicated and experienced Education Counsellor with a strong passion for guiding students towards their academic and personal growth. With more than three years of hands-on experience in the education industry, she has honed her skills in providing tailored advice and support to students seeking further study opportunities.","og_url":"https:\/\/augstudy.com\/vi\/vcard\/chau-uc\/amanda-lee\/","og_site_name":"AUG Student Services","article_publisher":"https:\/\/www.facebook.com\/augmalaysia\/","article_modified_time":"2023-07-26T01:33:53+00:00","og_image":[{"width":500,"height":500,"url":"https:\/\/augstudy.com\/aug-website-files\/wp-content\/uploads\/2023\/07\/aug_vcard_amanda_lee_500x500.png","type":"image\/png"}],"twitter_card":"summary_large_image","twitter_misc":{"\u01af\u1edbc t\u00ednh th\u1eddi gian \u0111\u1ecdc":"1 ph\u00fat"},"schema":{"@context":"https:\/\/schema.org","@graph":[{"@type":"WebPage","@id":"https:\/\/augstudy.com\/vcard\/australia\/amanda-lee\/","url":"https:\/\/augstudy.com\/vcard\/australia\/amanda-lee\/","name":"Amanda Lee - AUG Student Services","isPartOf":{"@id":"https:\/\/augstudy.com\/#website"},"primaryImageOfPage":{"@id":"https:\/\/augstudy.com\/vcard\/australia\/amanda-lee\/#primaryimage"},"image":{"@id":"https:\/\/augstudy.com\/vcard\/australia\/amanda-lee\/#primaryimage"},"thumbnailUrl":"https:\/\/augstudy.com\/aug-website-files\/wp-content\/uploads\/2023\/07\/aug_vcard_amanda_lee_500x500.png","datePublished":"2020-07-28T05:32:35+00:00","dateModified":"2023-07-26T01:33:53+00:00","description":"G\u1eb7p Amanda, C\u1ed1 v\u1ea5n Gi\u00e1o d\u1ee5c t\u1eadn t\u00e2m v\u00e0 gi\u00e0u kinh nghi\u1ec7m v\u1edbi ni\u1ec1m \u0111am m\u00ea m\u00e3nh li\u1ec7t trong vi\u1ec7c h\u01b0\u1edbng d\u1eabn sinh vi\u00ean ph\u00e1t tri\u1ec3n h\u1ecdc t\u1eadp v\u00e0 c\u00e1 nh\u00e2n. V\u1edbi h\u01a1n ba n\u0103m kinh nghi\u1ec7m th\u1ef1c t\u1ebf trong ng\u00e0nh gi\u00e1o d\u1ee5c, c\u00f4 \u0111\u00e3 m\u00e0i gi\u0169a k\u1ef9 n\u0103ng c\u1ee7a m\u00ecnh trong vi\u1ec7c cung c\u1ea5p l\u1eddi khuy\u00ean v\u00e0 h\u1ed7 tr\u1ee3 ph\u00f9 h\u1ee3p cho nh\u1eefng sinh vi\u00ean \u0111ang t\u00ecm ki\u1ebfm c\u01a1 h\u1ed9i h\u1ecdc t\u1eadp cao h\u01a1n.","breadcrumb":{"@id":"https:\/\/augstudy.com\/vcard\/australia\/amanda-lee\/#breadcrumb"},"inLanguage":"vi","potentialAction":[{"@type":"ReadAction","target":["https:\/\/augstudy.com\/vcard\/australia\/amanda-lee\/"]}]},{"@type":"ImageObject","inLanguage":"vi","@id":"https:\/\/augstudy.com\/vcard\/australia\/amanda-lee\/#primaryimage","url":"https:\/\/augstudy.com\/aug-website-files\/wp-content\/uploads\/2023\/07\/aug_vcard_amanda_lee_500x500.png","contentUrl":"https:\/\/augstudy.com\/aug-website-files\/wp-content\/uploads\/2023\/07\/aug_vcard_amanda_lee_500x500.png","width":500,"height":500},{"@type":"BreadcrumbList","@id":"https:\/\/augstudy.com\/vcard\/australia\/amanda-lee\/#breadcrumb","itemListElement":[{"@type":"ListItem","position":1,"name":"Home","item":"https:\/\/augstudy.com\/"},{"@type":"ListItem","position":2,"name":"vCard","item":"https:\/\/augstudy.com\/vcard\/"},{"@type":"ListItem","position":3,"name":"vCard &#8211; Australia","item":"https:\/\/augstudy.com\/vcard\/australia\/"},{"@type":"ListItem","position":4,"name":"Amanda Lee"}]},{"@type":"WebSite","@id":"https:\/\/augstudy.com\/#website","url":"https:\/\/augstudy.com\/","name":"D\u1ecbch v\u1ee5 Sinh vi\u00ean AUG","description":"D\u1ecbch v\u1ee5 sinh vi\u00ean","alternateName":"AUG Global","potentialAction":[{"@type":"SearchAction","target":{"@type":"EntryPoint","urlTemplate":"https:\/\/augstudy.com\/?s={search_term_string}"},"query-input":{"@type":"PropertyValueSpecification","valueRequired":true,"valueName":"search_term_string"}}],"inLanguage":"vi"}]}},"_links":{"self":[{"href":"https:\/\/augstudy.com\/vi\/wp-json\/wp\/v2\/pages\/98244","targetHints":{"allow":["GET"]}}],"collection":[{"href":"https:\/\/augstudy.com\/vi\/wp-json\/wp\/v2\/pages"}],"about":[{"href":"https:\/\/augstudy.com\/vi\/wp-json\/wp\/v2\/types\/page"}],"author":[{"embeddable":true,"href":"https:\/\/augstudy.com\/vi\/wp-json\/wp\/v2\/users\/4"}],"replies":[{"embeddable":true,"href":"https:\/\/augstudy.com\/vi\/wp-json\/wp\/v2\/comments?post=98244"}],"version-history":[{"count":0,"href":"https:\/\/augstudy.com\/vi\/wp-json\/wp\/v2\/pages\/98244\/revisions"}],"up":[{"embeddable":true,"href":"https:\/\/augstudy.com\/vi\/wp-json\/wp\/v2\/pages\/97514"}],"wp:featuredmedia":[{"embeddable":true,"href":"https:\/\/augstudy.com\/vi\/wp-json\/wp\/v2\/media\/385046"}],"wp:attachment":[{"href":"https:\/\/augstudy.com\/vi\/wp-json\/wp\/v2\/media?parent=98244"}],"curies":[{"name":"wp","href":"https:\/\/api.w.org\/{rel}","templated":true}]}}