{"id":94648,"date":"2020-07-07T11:06:46","date_gmt":"2020-07-07T01:06:46","guid":{"rendered":"https:\/\/augstudy.com\/?page_id=94648"},"modified":"2024-07-16T11:20:05","modified_gmt":"2024-07-16T01:20:05","slug":"don-phuong","status":"publish","type":"page","link":"https:\/\/augstudy.com\/vi\/guide\/student-accommodation\/unilodge\/","title":{"rendered":"UniLodge"},"content":{"rendered":"<div class=\"vc_row wpb_row vc_row-fluid aug_margin_top_30\"><div class=\"aug_float_right_important aug_content_left_border wpb_column vc_column_container vc_col-sm-8\"><div class=\"vc_column-inner\"><div class=\"wpb_wrapper\">\n\t<div class=\"wpb_text_column wpb_content_element  aug_content_box\">\n\t\t<div class=\"wpb_wrapper\">\n\t\t\t<h1>UniLodge<\/h1>\n<div style=\"background-color:; height: 20px;\" class=\"nicdark_section\"><\/div>\n<p><img decoding=\"async\" class=\"aligncenter\" src=\"\/aug-website-files\/wp-content\/uploads\/2020\/07\/guide_studentaccommodation_unilodge_620x525.jpg\" width=\"100%\" \/><\/p>\n<div style=\"background-color:; height: 15px;\" class=\"nicdark_section\"><\/div>\n<p>UniLodge c\u00f3 h\u01a1n 23 n\u0103m kinh nghi\u1ec7m ch\u00e0o \u0111\u00f3n sinh vi\u00ean \u0111\u1ebfn h\u01a1n 70 c\u01a1 s\u1edf l\u01b0u tr\u00fa sinh vi\u00ean tr\u00ean kh\u1eafp n\u01b0\u1edbc \u00dac v\u00e0 New Zealand. B\u1ea1n c\u0169ng c\u00f3 th\u1ec3 l\u00e0 m\u1ed9t trong h\u01a1n 23.000 c\u01b0 d\u00e2n th\u00edch coi UniLodge l\u00e0 nh\u00e0 m\u1ed7i h\u1ecdc k\u1ef3.<\/p>\n<div style=\"background-color:; height: 15px;\" class=\"nicdark_section\"><\/div>\n<p>UniLodge c\u00f3 c\u00e1c c\u01a1 s\u1edf kinh doanh \u1edf t\u1ea5t c\u1ea3 c\u00e1c v\u1ecb tr\u00ed t\u1ed1t nh\u1ea5t \u2013 g\u1ea7n c\u00e1c th\u00e0nh ph\u1ed1, nhi\u1ec1u c\u01a1 s\u1edf trong v\u00e0 xung quanh khu\u00f4n vi\u00ean tr\u01b0\u1eddng \u0111\u1ec3 b\u1ea1n c\u00f3 th\u1ec3 t\u1eadn d\u1ee5ng t\u1ed1i \u0111a tr\u1ea3i nghi\u1ec7m c\u1ee7a m\u00ecnh, kh\u00e1m ph\u00e1 khu v\u1ef1c \u0111\u1ecba ph\u01b0\u01a1ng v\u00e0 g\u1ea7n v\u1edbi vi\u1ec7c h\u1ecdc t\u1eadp c\u1ee7a m\u00ecnh.<\/p>\n<div style=\"background-color:; height: 15px;\" class=\"nicdark_section\"><\/div><br \/>\n<div class=\"vc_row wpb_row vc_inner vc_row-fluid\"><div class=\"wpb_column vc_column_container vc_col-sm-6\"><div class=\"vc_column-inner\"><div class=\"wpb_wrapper\">\n\t<div class=\"wpb_single_image wpb_content_element vc_align_center\">\n\t\t\n\t\t<figure class=\"wpb_wrapper vc_figure\">\n\t\t\t<div class=\"vc_single_image-wrapper vc_box_shadow  vc_box_border_grey\"><img loading=\"lazy\" decoding=\"async\" width=\"300\" height=\"300\" src=\"https:\/\/augstudy.com\/aug-website-files\/wp-content\/uploads\/2020\/07\/guide_studentaccommodation_unilodge_1_300x300.jpg\" class=\"vc_single_image-img attachment-full\" alt=\"\" srcset=\"https:\/\/augstudy.com\/aug-website-files\/wp-content\/uploads\/2020\/07\/guide_studentaccommodation_unilodge_1_300x300.jpg 300w, https:\/\/augstudy.com\/aug-website-files\/wp-content\/uploads\/2020\/07\/guide_studentaccommodation_unilodge_1_300x300-150x150.jpg 150w\" sizes=\"auto, (max-width: 300px) 100vw, 300px\" \/><\/div>\n\t\t<\/figure>\n\t<\/div>\n<\/div><\/div><\/div><div class=\"wpb_column vc_column_container vc_col-sm-6\"><div class=\"vc_column-inner\"><div class=\"wpb_wrapper\">\n\t<div class=\"wpb_single_image wpb_content_element vc_align_center   nd_options_margin_top_20_responsive\">\n\t\t\n\t\t<figure class=\"wpb_wrapper vc_figure\">\n\t\t\t<div class=\"vc_single_image-wrapper vc_box_shadow  vc_box_border_grey\"><img loading=\"lazy\" decoding=\"async\" width=\"300\" height=\"300\" src=\"https:\/\/augstudy.com\/aug-website-files\/wp-content\/uploads\/2020\/07\/guide_studentaccommodation_unilodge_2_300x300.jpg\" class=\"vc_single_image-img attachment-full\" alt=\"\" srcset=\"https:\/\/augstudy.com\/aug-website-files\/wp-content\/uploads\/2020\/07\/guide_studentaccommodation_unilodge_2_300x300.jpg 300w, https:\/\/augstudy.com\/aug-website-files\/wp-content\/uploads\/2020\/07\/guide_studentaccommodation_unilodge_2_300x300-150x150.jpg 150w\" sizes=\"auto, (max-width: 300px) 100vw, 300px\" \/><\/div>\n\t\t<\/figure>\n\t<\/div>\n<\/div><\/div><\/div><\/div><br \/>\n<div style=\"background-color:; height: 15px;\" class=\"nicdark_section\"><\/div>\n<p>Gi\u1ed1ng nh\u01b0 s\u1ef1 c\u00e2n b\u1eb1ng trong cu\u1ed9c s\u1ed1ng c\u1ee7a b\u1ea1n? UniLodge c\u00f3 th\u1ec3 gi\u00fap \u0111\u1ee1. C\u00e1c t\u00f2a nh\u00e0 c\u1ee7a h\u1ecd c\u00f3 r\u1ea5t nhi\u1ec1u ti\u1ec7n \u00edch \u0111\u1ec3 gi\u00fap b\u1ea1n th\u01b0 gi\u00e3n v\u00e0 g\u1eb7p g\u1ee1 nh\u1eefng c\u01b0 d\u00e2n kh\u00e1c. Cho d\u00f9 b\u1ea1n th\u00edch d\u00e0nh th\u1eddi gian trong ph\u00f2ng t\u1eadp th\u1ec3 d\u1ee5c, \u0111\u1eafm m\u00ecnh trong ph\u00f2ng h\u1ecdc, ph\u00f2ng \u00e2m nh\u1ea1c, th\u01b0 gi\u00e3n trong r\u1ea1p chi\u1ebfu phim hay n\u1ea5u \u0103n th\u1ecbnh so\u1ea1n trong c\u0103n b\u1ebfp s\u00e0nh \u0111i\u1ec7u c\u1ee7a h\u1ecd.*<\/p>\n<div style=\"background-color:; height: 15px;\" class=\"nicdark_section\"><\/div>\n<p>V\u00ec v\u1eady, ngo\u00e0i vi\u1ec7c c\u00f3 nh\u00f3m UniLodge s\u1eb5n s\u00e0ng h\u1ed7 tr\u1ee3, b\u1ea1n c\u0169ng s\u1ebd \u0111\u01b0\u1ee3c tr\u1ea3i nghi\u1ec7m Ch\u01b0\u01a1ng tr\u00ecnh \u0110\u1eddi s\u1ed1ng D\u00e2n c\u01b0 c\u1ee7a h\u1ecd, ch\u01b0\u01a1ng tr\u00ecnh n\u00e0y s\u1ebd \u0111\u1ea3m b\u1ea3o r\u1eb1ng b\u1ea1n s\u1ebd \u0111\u01b0\u1ee3c t\u1eadn h\u01b0\u1edfng nhi\u1ec1u s\u1ef1 ki\u1ec7n tuy\u1ec7t v\u1eddi, gi\u00fap b\u1ea1n nhanh ch\u00f3ng h\u00f2a nh\u1eadp v\u00e0o ng\u00f4i nh\u00e0 m\u1edbi c\u1ee7a m\u00ecnh.<\/p>\n<div style=\"background-color:; height: 15px;\" class=\"nicdark_section\"><\/div>\n<p>Du h\u1ecdc l\u00e0 tr\u1ea3i nghi\u1ec7m ch\u1ec9 c\u00f3 m\u1ed9t l\u1ea7n trong \u0111\u1eddi v\u00e0 ch\u00fang t\u00f4i r\u1ea5t n\u00f3ng l\u00f2ng \u0111\u01b0\u1ee3c ch\u00e0o \u0111\u00f3n b\u1ea1n \u0111\u1ebfn v\u1edbi UniLodge. <span style=\"text-decoration: underline;\"><a href=\"https:\/\/www.reserve.unilodge.com.au\/?agentCode=AAUG2019\" target=\"_blank\" rel=\"noopener noreferrer\">\u00c1p d\u1ee5ng ngay b\u00e2y gi\u1edd!<\/a><\/span><\/p>\n<div style=\"background-color:; height: 20px;\" class=\"nicdark_section\"><\/div>\n<h3>Li\u00ean h\u1ec7 <span style=\"text-decoration: underline;\"><a href=\"\/vi\/lien-he-2\/\" target=\"_blank\" rel=\"noopener noreferrer\">V\u0103n ph\u00f2ng AUG g\u1ea7n nh\u1ea5t<\/a><\/span> ngay b\u00e2y gi\u1edd, \u0111\u1ec3 \u0111\u1eb7t m\u1ed9t chuy\u1ebfn tham quan mi\u1ec5n ph\u00ed v\u1edbi ch\u00fang t\u00f4i.<\/h3>\n<div style=\"background-color:; height: 20px;\" class=\"nicdark_section\"><\/div>\n<h6>*C\u00e1c t\u00f2a nh\u00e0 UniLodge \u0111\u1ec1u \u0111\u1ed9c \u0111\u00e1o v\u1ec1 c\u01a1 s\u1edf v\u1eadt ch\u1ea5t, d\u1ecbch v\u1ee5 v\u00e0 lo\u1ea1i c\u0103n h\u1ed9 s\u1eb5n c\u00f3, v\u00ec v\u1eady ch\u00fang t\u00f4i khuy\u00ean b\u1ea1n n\u00ean xem trang web c\u1ee7a h\u1ecd \u0111\u1ec3 bi\u1ebft m\u00f4 t\u1ea3 v\u00e0 chi ti\u1ebft v\u1ec1 b\u1ea5t \u0111\u1ed9ng s\u1ea3n.<\/h6>\n<p><a href=\"https:\/\/www.unilodge.com.au\/\" target=\"_blank\" rel=\"noopener\">Trang web ch\u1ed7 \u1edf sinh vi\u00ean UniLodge.<\/a><\/p>\n\n\t\t<\/div>\n\t<\/div>\n<\/div><\/div><\/div><div class=\"guide_right_content wpb_column vc_column_container vc_col-sm-4\"><div class=\"vc_column-inner\"><div class=\"wpb_wrapper\"><div class='aug_guide_left_menu course_guide nd_options_text_align_center_all_iphone'><h4 class='aug_left_menu_heading nd_options_margin_top_20'>Ch\u1ed7 \u1edf sinh vi\u00ean<\/h4><div class='aug_menu_arrow_preview' >\r\n\t\t\t<div class='aug_menu_arrow'><\/div>\r\n\t\t\t<div id='aug_left_menu_107' class='migration_menu aug_left_menu_item'>\r\n\t\t\t\t<a href='\/vi\/huong-dan\/cho-o-sinh-vien\/khuon-vien-truong-perth\/'>C\u01a1 s\u1edf Perth<\/a>\r\n\t\t\t<\/div>\r\n\t\t  <\/div><div class='aug_menu_arrow_preview' >\r\n\t\t\t<div class='aug_menu_arrow'><\/div>\r\n\t\t\t<div id='aug_left_menu_102' class='migration_menu aug_left_menu_item'>\r\n\t\t\t\t<a href='\/vi\/huong-dan\/cho-o-sinh-vien\/iglu\/'>Iglu<\/a>\r\n\t\t\t<\/div>\r\n\t\t  <\/div><div class='aug_menu_arrow_preview' >\r\n\t\t\t<div class='aug_menu_arrow'><\/div>\r\n\t\t\t<div id='aug_left_menu_104' class='migration_menu aug_left_menu_item'>\r\n\t\t\t\t<a href='\/vi\/huong-dan\/cho-o-sinh-vien\/tap-chi-cuoc-song-sinh-vien\/'>T\u1ea1p ch\u00ed cu\u1ed9c s\u1ed1ng sinh vi\u00ean<\/a>\r\n\t\t\t<\/div>\r\n\t\t  <\/div><div class='aug_menu_arrow_preview' >\r\n\t\t\t<div class='aug_menu_arrow'><\/div>\r\n\t\t\t<div id='aug_left_menu_108' class='migration_menu aug_left_menu_item'>\r\n\t\t\t\t<a href='\/vi\/huong-dan\/cho-o-sinh-vien\/scape\/'>h\u00ecnh d\u1ea1ng<\/a>\r\n\t\t\t<\/div>\r\n\t\t  <\/div><div class='aug_menu_arrow_preview' >\r\n\t\t\t<div class='aug_menu_arrow'><\/div>\r\n\t\t\t<div id='aug_left_menu_101' class='migration_menu aug_left_menu_item'>\r\n\t\t\t\t<a href='\/vi\/huong-dan\/cho-o-sinh-vien\/sinh-vien-mot\/'>Sinh vi\u00ean M\u1ed9t<\/a>\r\n\t\t\t<\/div>\r\n\t\t  <\/div><div class='aug_menu_arrow_preview' >\r\n\t\t\t<div class='aug_menu_arrow'><\/div>\r\n\t\t\t<div id='aug_left_menu_106' class='migration_menu aug_left_menu_item'>\r\n\t\t\t\t<a href='\/vi\/huong-dan\/cho-o-sinh-vien\/cong-ty-nha-o-sinh-vien\/'>C\u00f4ng ty Nh\u00e0 \u1edf Sinh vi\u00ean<\/a>\r\n\t\t\t<\/div>\r\n\t\t  <\/div><div class='aug_menu_arrow_preview' >\r\n\t\t\t<div class='aug_menu_arrow'><\/div>\r\n\t\t\t<div id='aug_left_menu_105' class='migration_menu aug_left_menu_item'>\r\n\t\t\t\t<a href='\/vi\/huong-dan\/cho-o-sinh-vien\/don-phuong\/'>UniLodge<\/a>\r\n\t\t\t<\/div>\r\n\t\t  <\/div><div class='aug_menu_arrow_preview' >\r\n\t\t\t<div class='aug_menu_arrow'><\/div>\r\n\t\t\t<div id='aug_left_menu_109' class='migration_menu aug_left_menu_item'>\r\n\t\t\t\t<a href='\/vi\/huong-dan\/cho-o-sinh-vien\/campus-living-villages\/'>Campus Living Villages<\/a>\r\n\t\t\t<\/div>\r\n\t\t  <\/div><img class='aug_live_chat aug_mascot' src='\/aug-website-files\/images\/menu\/got_question_white_356px.png' alt='Linh v\u1eadt AUG - B\u1ea1n c\u00f3 c\u00e2u h\u1ecfi?' \/><\/div>\r\n\t\t<script type='text\/javascript'>\r\n\t\t\ttry {\r\n\t\t\t\tjQuery('#aug_left_menu_105').addClass( 'menu_selected' );\r\n\t\t\t\tjQuery('#aug_left_menu_105').prev().addClass( 'aug_menu_arrow_showed');\r\n\t\t\t\tjQuery('.aug_menu_select').val('{selection_group}');\r\n\t\t\t\tvar selection = '105';\r\n\t\t\t\tif ( selection.length >= 4 ) {\r\n\t\t\t\t\tvar parent_menu = selection.substring(0,3);\r\n\t\t\t\t\tjQuery('#aug_left_menu_' + parent_menu).addClass( 'menu_selected' );\r\n\t\t\t\t}\r\n\t\t\t} catch(error) {}\r\n\t\t<\/script>\r\n\t<\/div><\/div><\/div><\/div>","protected":false},"excerpt":{"rendered":"UniLodge UniLodge has over 23 years of experience welcoming students to their 70+ student accommodation properties across Australia and New Zealand. You too can be one of over 23,000 residents who love to call UniLodge home each semester. UniLodge has properties in all the best locations \u2013 close to cities, many on and surrounding campus [...]","protected":false},"author":4,"featured_media":0,"parent":89147,"menu_order":4,"comment_status":"closed","ping_status":"closed","template":"","meta":{"footnotes":""},"class_list":["post-94648","page","type-page","status-publish","hentry"],"yoast_head":"<!-- This site is optimized with the Yoast SEO Premium plugin v27.0 (Yoast SEO v27.3) - https:\/\/yoast.com\/product\/yoast-seo-premium-wordpress\/ -->\n<title>UniLodge - AUG Student Services<\/title>\n<meta name=\"description\" content=\"Free counselling for university selection, scholarships and visa applications. Let AUG Student Services fast-track your study-abroad journey today.\" \/>\n<meta name=\"robots\" content=\"index, follow, max-snippet:-1, max-image-preview:large, max-video-preview:-1\" \/>\n<link rel=\"canonical\" href=\"https:\/\/augstudy.com\/vi\/huong-dan\/cho-o-sinh-vien\/don-phuong\/\" \/>\n<meta property=\"og:locale\" content=\"vi_VN\" \/>\n<meta property=\"og:type\" content=\"article\" \/>\n<meta property=\"og:title\" content=\"UniLodge\" \/>\n<meta property=\"og:description\" content=\"Free counselling for university selection, scholarships and visa applications. Let AUG Student Services fast-track your study-abroad journey today.\" \/>\n<meta property=\"og:url\" content=\"https:\/\/augstudy.com\/vi\/huong-dan\/cho-o-sinh-vien\/don-phuong\/\" \/>\n<meta property=\"og:site_name\" content=\"AUG Student Services\" \/>\n<meta property=\"article:publisher\" content=\"https:\/\/www.facebook.com\/augmalaysia\/\" \/>\n<meta property=\"article:modified_time\" content=\"2024-07-16T01:20:05+00:00\" \/>\n<meta name=\"twitter:card\" content=\"summary_large_image\" \/>\n<meta name=\"twitter:label1\" content=\"\u01af\u1edbc t\u00ednh th\u1eddi gian \u0111\u1ecdc\" \/>\n\t<meta name=\"twitter:data1\" content=\"2 ph\u00fat\" \/>\n<script type=\"application\/ld+json\" class=\"yoast-schema-graph\">{\"@context\":\"https:\\\/\\\/schema.org\",\"@graph\":[{\"@type\":\"WebPage\",\"@id\":\"https:\\\/\\\/augstudy.com\\\/guide\\\/student-accommodation\\\/unilodge\\\/\",\"url\":\"https:\\\/\\\/augstudy.com\\\/guide\\\/student-accommodation\\\/unilodge\\\/\",\"name\":\"UniLodge - AUG Student Services\",\"isPartOf\":{\"@id\":\"https:\\\/\\\/augstudy.com\\\/#website\"},\"datePublished\":\"2020-07-07T01:06:46+00:00\",\"dateModified\":\"2024-07-16T01:20:05+00:00\",\"description\":\"Free counselling for university selection, scholarships and visa applications. Let AUG Student Services fast-track your study-abroad journey today.\",\"breadcrumb\":{\"@id\":\"https:\\\/\\\/augstudy.com\\\/guide\\\/student-accommodation\\\/unilodge\\\/#breadcrumb\"},\"inLanguage\":\"vi\",\"potentialAction\":[{\"@type\":\"ReadAction\",\"target\":[\"https:\\\/\\\/augstudy.com\\\/guide\\\/student-accommodation\\\/unilodge\\\/\"]}]},{\"@type\":\"BreadcrumbList\",\"@id\":\"https:\\\/\\\/augstudy.com\\\/guide\\\/student-accommodation\\\/unilodge\\\/#breadcrumb\",\"itemListElement\":[{\"@type\":\"ListItem\",\"position\":1,\"name\":\"Home\",\"item\":\"https:\\\/\\\/augstudy.com\\\/\"},{\"@type\":\"ListItem\",\"position\":2,\"name\":\"Guide\",\"item\":\"https:\\\/\\\/augstudy.com\\\/guide\\\/\"},{\"@type\":\"ListItem\",\"position\":3,\"name\":\"Student Accommodation\",\"item\":\"https:\\\/\\\/augstudy.com\\\/guide\\\/student-accommodation\\\/\"},{\"@type\":\"ListItem\",\"position\":4,\"name\":\"UniLodge\"}]},{\"@type\":\"WebSite\",\"@id\":\"https:\\\/\\\/augstudy.com\\\/#website\",\"url\":\"https:\\\/\\\/augstudy.com\\\/\",\"name\":\"AUG Student Services\",\"description\":\"Student Services\",\"alternateName\":\"AUG Global\",\"potentialAction\":[{\"@type\":\"SearchAction\",\"target\":{\"@type\":\"EntryPoint\",\"urlTemplate\":\"https:\\\/\\\/augstudy.com\\\/?s={search_term_string}\"},\"query-input\":{\"@type\":\"PropertyValueSpecification\",\"valueRequired\":true,\"valueName\":\"search_term_string\"}}],\"inLanguage\":\"vi\"}]}<\/script>\n<!-- \/ Yoast SEO Premium plugin. -->","yoast_head_json":{"title":"UniLodge - D\u1ecbch v\u1ee5 sinh vi\u00ean AUG","description":"T\u01b0 v\u1ea5n mi\u1ec5n ph\u00ed v\u1ec1 ch\u1ecdn tr\u01b0\u1eddng \u0111\u1ea1i h\u1ecdc, h\u1ecdc b\u1ed5ng v\u00e0 xin th\u1ecb th\u1ef1c. H\u00e3y \u0111\u1ec3 D\u1ecbch v\u1ee5 Sinh vi\u00ean AUG gi\u00fap b\u1ea1n nhanh ch\u00f3ng ho\u00e0n th\u00e0nh h\u00e0nh tr\u00ecnh du h\u1ecdc ngay h\u00f4m nay.","robots":{"index":"index","follow":"follow","max-snippet":"max-snippet:-1","max-image-preview":"max-image-preview:large","max-video-preview":"max-video-preview:-1"},"canonical":"https:\/\/augstudy.com\/vi\/huong-dan\/cho-o-sinh-vien\/don-phuong\/","og_locale":"vi_VN","og_type":"article","og_title":"UniLodge","og_description":"Free counselling for university selection, scholarships and visa applications. Let AUG Student Services fast-track your study-abroad journey today.","og_url":"https:\/\/augstudy.com\/vi\/huong-dan\/cho-o-sinh-vien\/don-phuong\/","og_site_name":"AUG Student Services","article_publisher":"https:\/\/www.facebook.com\/augmalaysia\/","article_modified_time":"2024-07-16T01:20:05+00:00","twitter_card":"summary_large_image","twitter_misc":{"\u01af\u1edbc t\u00ednh th\u1eddi gian \u0111\u1ecdc":"2 ph\u00fat"},"schema":{"@context":"https:\/\/schema.org","@graph":[{"@type":"WebPage","@id":"https:\/\/augstudy.com\/guide\/student-accommodation\/unilodge\/","url":"https:\/\/augstudy.com\/guide\/student-accommodation\/unilodge\/","name":"UniLodge - D\u1ecbch v\u1ee5 sinh vi\u00ean AUG","isPartOf":{"@id":"https:\/\/augstudy.com\/#website"},"datePublished":"2020-07-07T01:06:46+00:00","dateModified":"2024-07-16T01:20:05+00:00","description":"T\u01b0 v\u1ea5n mi\u1ec5n ph\u00ed v\u1ec1 ch\u1ecdn tr\u01b0\u1eddng \u0111\u1ea1i h\u1ecdc, h\u1ecdc b\u1ed5ng v\u00e0 xin th\u1ecb th\u1ef1c. H\u00e3y \u0111\u1ec3 D\u1ecbch v\u1ee5 Sinh vi\u00ean AUG gi\u00fap b\u1ea1n nhanh ch\u00f3ng ho\u00e0n th\u00e0nh h\u00e0nh tr\u00ecnh du h\u1ecdc ngay h\u00f4m nay.","breadcrumb":{"@id":"https:\/\/augstudy.com\/guide\/student-accommodation\/unilodge\/#breadcrumb"},"inLanguage":"vi","potentialAction":[{"@type":"ReadAction","target":["https:\/\/augstudy.com\/guide\/student-accommodation\/unilodge\/"]}]},{"@type":"BreadcrumbList","@id":"https:\/\/augstudy.com\/guide\/student-accommodation\/unilodge\/#breadcrumb","itemListElement":[{"@type":"ListItem","position":1,"name":"Home","item":"https:\/\/augstudy.com\/"},{"@type":"ListItem","position":2,"name":"Guide","item":"https:\/\/augstudy.com\/guide\/"},{"@type":"ListItem","position":3,"name":"Student Accommodation","item":"https:\/\/augstudy.com\/guide\/student-accommodation\/"},{"@type":"ListItem","position":4,"name":"UniLodge"}]},{"@type":"WebSite","@id":"https:\/\/augstudy.com\/#website","url":"https:\/\/augstudy.com\/","name":"D\u1ecbch v\u1ee5 Sinh vi\u00ean AUG","description":"D\u1ecbch v\u1ee5 sinh vi\u00ean","alternateName":"AUG Global","potentialAction":[{"@type":"SearchAction","target":{"@type":"EntryPoint","urlTemplate":"https:\/\/augstudy.com\/?s={search_term_string}"},"query-input":{"@type":"PropertyValueSpecification","valueRequired":true,"valueName":"search_term_string"}}],"inLanguage":"vi"}]}},"_links":{"self":[{"href":"https:\/\/augstudy.com\/vi\/wp-json\/wp\/v2\/pages\/94648","targetHints":{"allow":["GET"]}}],"collection":[{"href":"https:\/\/augstudy.com\/vi\/wp-json\/wp\/v2\/pages"}],"about":[{"href":"https:\/\/augstudy.com\/vi\/wp-json\/wp\/v2\/types\/page"}],"author":[{"embeddable":true,"href":"https:\/\/augstudy.com\/vi\/wp-json\/wp\/v2\/users\/4"}],"replies":[{"embeddable":true,"href":"https:\/\/augstudy.com\/vi\/wp-json\/wp\/v2\/comments?post=94648"}],"version-history":[{"count":0,"href":"https:\/\/augstudy.com\/vi\/wp-json\/wp\/v2\/pages\/94648\/revisions"}],"up":[{"embeddable":true,"href":"https:\/\/augstudy.com\/vi\/wp-json\/wp\/v2\/pages\/89147"}],"wp:attachment":[{"href":"https:\/\/augstudy.com\/vi\/wp-json\/wp\/v2\/media?parent=94648"}],"curies":[{"name":"wp","href":"https:\/\/api.w.org\/{rel}","templated":true}]}}