{"id":94518,"date":"2020-07-06T17:05:58","date_gmt":"2020-07-06T07:05:58","guid":{"rendered":"https:\/\/augstudy.com\/?page_id=94518"},"modified":"2020-08-11T13:26:16","modified_gmt":"2020-08-11T03:26:16","slug":"tap-chi-cuoc-song-sinh-vien","status":"publish","type":"page","link":"https:\/\/augstudy.com\/vi\/guide\/student-accommodation\/journal-student-living\/","title":{"rendered":"T\u1ea1p ch\u00ed cu\u1ed9c s\u1ed1ng sinh vi\u00ean"},"content":{"rendered":"<div class=\"vc_row wpb_row vc_row-fluid aug_margin_top_30\"><div class=\"aug_float_right_important aug_content_left_border wpb_column vc_column_container vc_col-sm-8\"><div class=\"vc_column-inner\"><div class=\"wpb_wrapper\">\n\t<div class=\"wpb_text_column wpb_content_element  aug_content_box\">\n\t\t<div class=\"wpb_wrapper\">\n\t\t\t<h1>T\u1ea1p ch\u00ed cu\u1ed9c s\u1ed1ng sinh vi\u00ean<\/h1>\n<div style=\"background-color:; height: 20px;\" class=\"nicdark_section\"><\/div>\n<p><img decoding=\"async\" class=\"aligncenter\" src=\"\/aug-website-files\/wp-content\/uploads\/2020\/07\/guide_studentaccommodation_journal_student_living_620x525.jpg\" width=\"100%\" \/><\/p>\n<div style=\"background-color:; height: 15px;\" class=\"nicdark_section\"><\/div>\n<p>L\u1ea5y c\u1ea3m h\u1ee9ng t\u1eeb n\u1ec1n v\u0103n h\u00f3a v\u00e0 \u0111\u1eb7c \u0111i\u1ec3m \u0111\u1ed9c \u0111\u00e1o c\u1ee7a Melbourne, v\u1edbi kh\u00f4ng gian r\u1ed9ng l\u1edbn h\u01a1n v\u00e0 tr\u1ea3i nghi\u1ec7m phong ph\u00fa h\u01a1n, T\u1ea1p ch\u00ed \u0110\u1eddi s\u1ed1ng Sinh vi\u00ean c\u00f3 m\u1ecdi th\u1ee9 m\u00e0 sinh vi\u00ean c\u1ea7n! Journal Uni Place mang \u0111\u1ebfn cho sinh vi\u00ean tr\u1ea3i nghi\u1ec7m s\u1ed1ng s\u00f4i \u0111\u1ed9ng v\u00e0 \u0111\u00edch th\u1ef1c \u1edf Melbourne, an to\u00e0n, h\u1ed7 tr\u1ee3 v\u00e0 mang t\u00ednh x\u00e3 h\u1ed9i - t\u1ea5t c\u1ea3 \u0111\u1ec1u \u1edf m\u1ed9t v\u1ecb tr\u00ed kh\u00f4ng th\u1ec3 tuy\u1ec7t v\u1eddi h\u01a1n, ch\u1ec9 c\u00e1ch c\u00e1c tr\u01b0\u1eddng \u0111\u1ea1i h\u1ecdc Melbourne v\u00e0 khu trung t\u00e2m th\u00e0nh ph\u1ed1 v\u00e0i ph\u00fat.<\/p>\n<div style=\"background-color:; height: 15px;\" class=\"nicdark_section\"><\/div>\n<p>Journal Central l\u00e0 m\u1ed9t c\u01a1 s\u1edf ho\u00e0n to\u00e0n m\u1edbi khai tr\u01b0\u01a1ng v\u00e0o n\u0103m 2021, v\u1edbi thi\u1ebft k\u1ebf tinh x\u1ea3o v\u00e0 n\u1eb1m tr\u00ean Ph\u1ed1 Swanston mang t\u00ednh bi\u1ec3u t\u01b0\u1ee3ng c\u1ee7a Melbourne, g\u1ea7n c\u00e1c tr\u01b0\u1eddng \u0111\u1ea1i h\u1ecdc. T\u1ea1p ch\u00ed t\u1ef1 h\u00e0o \u0111\u01b0\u1ee3c bi\u1ebft \u0111\u1ebfn v\u1edbi kh\u00f4ng gian x\u00e3 h\u1ed9i r\u1ed9ng l\u1edbn v\u00e0 thi\u1ebft k\u1ebf \u0111\u00e1ng kinh ng\u1ea1c. Lu\u00f4n c\u00f3 m\u1ed9t n\u01a1i n\u00e0o \u0111\u00f3 \u0111\u1eb9p \u0111\u1ebd \u0111\u1ec3 sinh vi\u00ean \u0111\u1ebfn v\u00e0 h\u1ecdc t\u1eadp, t\u1eadn h\u01b0\u1edfng th\u1eddi gian r\u1ea3nh r\u1ed7i ho\u1eb7c d\u00e0nh th\u1eddi gian v\u1edbi nh\u1eefng ng\u01b0\u1eddi b\u1ea1n m\u1edbi.<\/p>\n<div style=\"background-color:; height: 20px;\" class=\"nicdark_section\"><\/div>\n<h4>JOURNAL UNI N\u01a0I<\/h4>\n<p><b>V\u1ecb tr\u00ed:<\/b> Melbourne, VIC<\/p>\n<p>Tr\u1ea3i nghi\u1ec7m ch\u1ed7 \u1edf sinh vi\u00ean th\u00fa v\u1ecb nh\u1ea5t \u1edf Melbourne.<\/p>\n<div style=\"background-color:; height: 15px;\" class=\"nicdark_section\"><\/div>\n<p>C\u00e1c t\u00ednh n\u0103ng bao g\u1ed3m:<\/p>\n<ul>\n<li>C\u00e1c lo\u1ea1i ph\u00f2ng bao g\u1ed3m ch\u1ee7 y\u1ebfu l\u00e0 ph\u00f2ng studio v\u00e0 m\u1ed9t s\u1ed1 \u00edt c\u0103n h\u1ed9 chung<\/li>\n<li>Kh\u00f4ng gian chung r\u1ed9ng h\u01a1n, thi\u1ebft k\u1ebf tuy\u1ec7t \u0111\u1eb9p, nh\u00e2n vi\u00ean l\u1ec5 t\u00e2n 24\/7, c\u01a1 s\u1edf v\u1eadt ch\u1ea5t an to\u00e0n v\u00e0 \u0111\u1ea3m b\u1ea3o<\/li>\n<li>B\u00ean c\u1ea1nh c\u00e1c tr\u01b0\u1eddng \u0111\u1ea1i h\u1ecdc v\u00e0 khu trung t\u00e2m th\u00e0nh ph\u1ed1 Melbourne<\/li>\n<li>Kho\u1ea3ng c\u00e1ch \u0111i b\u1ed9 \u0111\u1ebfn \u0110\u1ea1i h\u1ecdc Melbourne, \u0110\u1ea1i h\u1ecdc RMIT, Cao \u0111\u1eb3ng Monash v\u00e0 c\u1ea1nh tr\u01b0\u1eddng Cao \u0111\u1eb3ng Trinity, \u0110\u1ea1i h\u1ecdc Melbourne<\/li>\n<\/ul>\n<div style=\"background-color:; height: 20px;\" class=\"nicdark_section\"><\/div><br \/>\n<div class=\"vc_row wpb_row vc_inner vc_row-fluid\"><div class=\"wpb_column vc_column_container vc_col-sm-6\"><div class=\"vc_column-inner\"><div class=\"wpb_wrapper\">\n\t<div class=\"wpb_single_image wpb_content_element vc_align_center\">\n\t\t\n\t\t<figure class=\"wpb_wrapper vc_figure\">\n\t\t\t<div class=\"vc_single_image-wrapper vc_box_shadow  vc_box_border_grey\"><img loading=\"lazy\" decoding=\"async\" width=\"300\" height=\"300\" src=\"https:\/\/augstudy.com\/aug-website-files\/wp-content\/uploads\/2020\/07\/guide_studentaccommodation_journal_student_living_1_300x300.jpg\" class=\"vc_single_image-img attachment-full\" alt=\"\" srcset=\"https:\/\/augstudy.com\/aug-website-files\/wp-content\/uploads\/2020\/07\/guide_studentaccommodation_journal_student_living_1_300x300.jpg 300w, https:\/\/augstudy.com\/aug-website-files\/wp-content\/uploads\/2020\/07\/guide_studentaccommodation_journal_student_living_1_300x300-150x150.jpg 150w\" sizes=\"auto, (max-width: 300px) 100vw, 300px\" \/><\/div>\n\t\t<\/figure>\n\t<\/div>\n<\/div><\/div><\/div><div class=\"wpb_column vc_column_container vc_col-sm-6\"><div class=\"vc_column-inner\"><div class=\"wpb_wrapper\">\n\t<div class=\"wpb_single_image wpb_content_element vc_align_center   nd_options_margin_top_20_responsive\">\n\t\t\n\t\t<figure class=\"wpb_wrapper vc_figure\">\n\t\t\t<div class=\"vc_single_image-wrapper vc_box_shadow  vc_box_border_grey\"><img loading=\"lazy\" decoding=\"async\" width=\"300\" height=\"300\" src=\"https:\/\/augstudy.com\/aug-website-files\/wp-content\/uploads\/2020\/07\/guide_studentaccommodation_journal_student_living_2_300x300.jpg\" class=\"vc_single_image-img attachment-full\" alt=\"\" srcset=\"https:\/\/augstudy.com\/aug-website-files\/wp-content\/uploads\/2020\/07\/guide_studentaccommodation_journal_student_living_2_300x300.jpg 300w, https:\/\/augstudy.com\/aug-website-files\/wp-content\/uploads\/2020\/07\/guide_studentaccommodation_journal_student_living_2_300x300-150x150.jpg 150w\" sizes=\"auto, (max-width: 300px) 100vw, 300px\" \/><\/div>\n\t\t<\/figure>\n\t<\/div>\n<\/div><\/div><\/div><\/div><br \/>\n<div style=\"background-color:; height: 20px;\" class=\"nicdark_section\"><\/div>\n<h4>TRUNG T\u00c2M T\u00c1C GI\u1ea2<\/h4>\n<p><i>Khai tr\u01b0\u01a1ng v\u00e0o n\u0103m 2021<\/i><\/p>\n<p>C\u00e1c t\u00ednh n\u0103ng bao g\u1ed3m:<\/p>\n<ul>\n<li>Cung c\u1ea5p c\u00e1c ph\u00f2ng studio v\u00e0 m\u1ed9t s\u1ed1 c\u0103n h\u1ed9 chung<\/li>\n<li>Ho\u00e0n to\u00e0n m\u1edbi v\u00e0 c\u00f3 thi\u1ebft k\u1ebf tinh x\u1ea3o, kh\u00f4ng gian chung r\u1ed9ng l\u1edbn bao g\u1ed3m khu v\u1ef1c h\u1ecdc t\u1eadp r\u1ed9ng r\u00e3i, c\u01a1 s\u1edf v\u1eadt ch\u1ea5t an to\u00e0n v\u00e0 b\u1ea3o m\u1eadt v\u1edbi l\u1ec5 t\u00e2n 24\/7<\/li>\n<li>N\u1eb1m tr\u00ean Ph\u1ed1 Swanston v\u00e0 \u1edf r\u00eca th\u00e0nh ph\u1ed1<\/li>\n<li>G\u1ea7n c\u00e1c tr\u01b0\u1eddng \u0111\u1ea1i h\u1ecdc \u1edf Melbourne bao g\u1ed3m \u0110\u1ea1i h\u1ecdc Melbourne, \u0110\u1ea1i h\u1ecdc RMIT, Cao \u0111\u1eb3ng Monash v\u00e0 Cao \u0111\u1eb3ng Trinity, \u0110\u1ea1i h\u1ecdc Melbourne<\/li>\n<\/ul>\n<div style=\"background-color:; height: 20px;\" class=\"nicdark_section\"><\/div>\n<h3>Li\u00ean h\u1ec7 <span style=\"text-decoration: underline;\"><a href=\"\/vi\/lien-he-2\/\" target=\"_blank\" rel=\"noopener noreferrer\">V\u0103n ph\u00f2ng AUG g\u1ea7n nh\u1ea5t<\/a><\/span> ngay b\u00e2y gi\u1edd, \u0111\u1ec3 \u0111\u1eb7t m\u1ed9t chuy\u1ebfn tham quan mi\u1ec5n ph\u00ed v\u1edbi ch\u00fang t\u00f4i.<\/h3>\n<div style=\"background-color:; height: 20px;\" class=\"nicdark_section\"><\/div>\n\n\t\t<\/div>\n\t<\/div>\n<\/div><\/div><\/div><div class=\"guide_right_content wpb_column vc_column_container vc_col-sm-4\"><div class=\"vc_column-inner\"><div class=\"wpb_wrapper\"><div class='aug_guide_left_menu course_guide nd_options_text_align_center_all_iphone'><h4 class='aug_left_menu_heading nd_options_margin_top_20'>Ch\u1ed7 \u1edf sinh vi\u00ean<\/h4><div class='aug_menu_arrow_preview' >\r\n\t\t\t<div class='aug_menu_arrow'><\/div>\r\n\t\t\t<div id='aug_left_menu_107' class='migration_menu aug_left_menu_item'>\r\n\t\t\t\t<a href='\/vi\/huong-dan\/cho-o-sinh-vien\/khuon-vien-truong-perth\/'>C\u01a1 s\u1edf Perth<\/a>\r\n\t\t\t<\/div>\r\n\t\t  <\/div><div class='aug_menu_arrow_preview' >\r\n\t\t\t<div class='aug_menu_arrow'><\/div>\r\n\t\t\t<div id='aug_left_menu_102' class='migration_menu aug_left_menu_item'>\r\n\t\t\t\t<a href='\/vi\/huong-dan\/cho-o-sinh-vien\/iglu\/'>Iglu<\/a>\r\n\t\t\t<\/div>\r\n\t\t  <\/div><div class='aug_menu_arrow_preview' >\r\n\t\t\t<div class='aug_menu_arrow'><\/div>\r\n\t\t\t<div id='aug_left_menu_104' class='migration_menu aug_left_menu_item'>\r\n\t\t\t\t<a href='\/vi\/huong-dan\/cho-o-sinh-vien\/tap-chi-cuoc-song-sinh-vien\/'>T\u1ea1p ch\u00ed cu\u1ed9c s\u1ed1ng sinh vi\u00ean<\/a>\r\n\t\t\t<\/div>\r\n\t\t  <\/div><div class='aug_menu_arrow_preview' >\r\n\t\t\t<div class='aug_menu_arrow'><\/div>\r\n\t\t\t<div id='aug_left_menu_108' class='migration_menu aug_left_menu_item'>\r\n\t\t\t\t<a href='\/vi\/huong-dan\/cho-o-sinh-vien\/scape\/'>h\u00ecnh d\u1ea1ng<\/a>\r\n\t\t\t<\/div>\r\n\t\t  <\/div><div class='aug_menu_arrow_preview' >\r\n\t\t\t<div class='aug_menu_arrow'><\/div>\r\n\t\t\t<div id='aug_left_menu_101' class='migration_menu aug_left_menu_item'>\r\n\t\t\t\t<a href='\/vi\/huong-dan\/cho-o-sinh-vien\/sinh-vien-mot\/'>Sinh vi\u00ean M\u1ed9t<\/a>\r\n\t\t\t<\/div>\r\n\t\t  <\/div><div class='aug_menu_arrow_preview' >\r\n\t\t\t<div class='aug_menu_arrow'><\/div>\r\n\t\t\t<div id='aug_left_menu_106' class='migration_menu aug_left_menu_item'>\r\n\t\t\t\t<a href='\/vi\/huong-dan\/cho-o-sinh-vien\/cong-ty-nha-o-sinh-vien\/'>C\u00f4ng ty Nh\u00e0 \u1edf Sinh vi\u00ean<\/a>\r\n\t\t\t<\/div>\r\n\t\t  <\/div><div class='aug_menu_arrow_preview' >\r\n\t\t\t<div class='aug_menu_arrow'><\/div>\r\n\t\t\t<div id='aug_left_menu_105' class='migration_menu aug_left_menu_item'>\r\n\t\t\t\t<a href='\/vi\/huong-dan\/cho-o-sinh-vien\/don-phuong\/'>UniLodge<\/a>\r\n\t\t\t<\/div>\r\n\t\t  <\/div><div class='aug_menu_arrow_preview' >\r\n\t\t\t<div class='aug_menu_arrow'><\/div>\r\n\t\t\t<div id='aug_left_menu_109' class='migration_menu aug_left_menu_item'>\r\n\t\t\t\t<a href='\/vi\/huong-dan\/cho-o-sinh-vien\/campus-living-villages\/'>Campus Living Villages<\/a>\r\n\t\t\t<\/div>\r\n\t\t  <\/div><img class='aug_live_chat aug_mascot' src='\/aug-website-files\/images\/menu\/got_question_white_356px.png' alt='Linh v\u1eadt AUG - B\u1ea1n c\u00f3 c\u00e2u h\u1ecfi?' \/><\/div>\r\n\t\t<script type='text\/javascript'>\r\n\t\t\ttry {\r\n\t\t\t\tjQuery('#aug_left_menu_104').addClass( 'menu_selected' );\r\n\t\t\t\tjQuery('#aug_left_menu_104').prev().addClass( 'aug_menu_arrow_showed');\r\n\t\t\t\tjQuery('.aug_menu_select').val('{selection_group}');\r\n\t\t\t\tvar selection = '104';\r\n\t\t\t\tif ( selection.length >= 4 ) {\r\n\t\t\t\t\tvar parent_menu = selection.substring(0,3);\r\n\t\t\t\t\tjQuery('#aug_left_menu_' + parent_menu).addClass( 'menu_selected' );\r\n\t\t\t\t}\r\n\t\t\t} catch(error) {}\r\n\t\t<\/script>\r\n\t<\/div><\/div><\/div><\/div>","protected":false},"excerpt":{"rendered":"Journal Student Living Inspired by the unique culture and character of Melbourne, with bigger spaces and richer experiences, Journal Student Living has everything a student needs! Journal Uni Place offers students a vibrant and authentic Melbourne living experience that\u2019s safe, supportive and social \u2013 all in an unbeatable location just minutes the Melbourne universities and [...]","protected":false},"author":4,"featured_media":0,"parent":89147,"menu_order":4,"comment_status":"closed","ping_status":"closed","template":"","meta":{"footnotes":""},"class_list":["post-94518","page","type-page","status-publish","hentry"],"yoast_head":"<!-- This site is optimized with the Yoast SEO Premium plugin v27.0 (Yoast SEO v27.3) - https:\/\/yoast.com\/product\/yoast-seo-premium-wordpress\/ -->\n<title>Journal Student Living - AUG Student Services<\/title>\n<meta name=\"description\" content=\"Free counselling for university selection, scholarships and visa applications. Let AUG Student Services fast-track your study-abroad journey today.\" \/>\n<meta name=\"robots\" content=\"index, follow, max-snippet:-1, max-image-preview:large, max-video-preview:-1\" \/>\n<link rel=\"canonical\" href=\"https:\/\/augstudy.com\/vi\/huong-dan\/cho-o-sinh-vien\/tap-chi-cuoc-song-sinh-vien\/\" \/>\n<meta property=\"og:locale\" content=\"vi_VN\" \/>\n<meta property=\"og:type\" content=\"article\" \/>\n<meta property=\"og:title\" content=\"Journal Student Living\" \/>\n<meta property=\"og:description\" content=\"Free counselling for university selection, scholarships and visa applications. Let AUG Student Services fast-track your study-abroad journey today.\" \/>\n<meta property=\"og:url\" content=\"https:\/\/augstudy.com\/vi\/huong-dan\/cho-o-sinh-vien\/tap-chi-cuoc-song-sinh-vien\/\" \/>\n<meta property=\"og:site_name\" content=\"AUG Student Services\" \/>\n<meta property=\"article:publisher\" content=\"https:\/\/www.facebook.com\/augmalaysia\/\" \/>\n<meta property=\"article:modified_time\" content=\"2020-08-11T03:26:16+00:00\" \/>\n<meta name=\"twitter:card\" content=\"summary_large_image\" \/>\n<meta name=\"twitter:label1\" content=\"\u01af\u1edbc t\u00ednh th\u1eddi gian \u0111\u1ecdc\" \/>\n\t<meta name=\"twitter:data1\" content=\"2 ph\u00fat\" \/>\n<script type=\"application\/ld+json\" class=\"yoast-schema-graph\">{\"@context\":\"https:\\\/\\\/schema.org\",\"@graph\":[{\"@type\":\"WebPage\",\"@id\":\"https:\\\/\\\/augstudy.com\\\/guide\\\/student-accommodation\\\/journal-student-living\\\/\",\"url\":\"https:\\\/\\\/augstudy.com\\\/guide\\\/student-accommodation\\\/journal-student-living\\\/\",\"name\":\"Journal Student Living - AUG Student Services\",\"isPartOf\":{\"@id\":\"https:\\\/\\\/augstudy.com\\\/#website\"},\"datePublished\":\"2020-07-06T07:05:58+00:00\",\"dateModified\":\"2020-08-11T03:26:16+00:00\",\"description\":\"Free counselling for university selection, scholarships and visa applications. Let AUG Student Services fast-track your study-abroad journey today.\",\"breadcrumb\":{\"@id\":\"https:\\\/\\\/augstudy.com\\\/guide\\\/student-accommodation\\\/journal-student-living\\\/#breadcrumb\"},\"inLanguage\":\"vi\",\"potentialAction\":[{\"@type\":\"ReadAction\",\"target\":[\"https:\\\/\\\/augstudy.com\\\/guide\\\/student-accommodation\\\/journal-student-living\\\/\"]}]},{\"@type\":\"BreadcrumbList\",\"@id\":\"https:\\\/\\\/augstudy.com\\\/guide\\\/student-accommodation\\\/journal-student-living\\\/#breadcrumb\",\"itemListElement\":[{\"@type\":\"ListItem\",\"position\":1,\"name\":\"Home\",\"item\":\"https:\\\/\\\/augstudy.com\\\/\"},{\"@type\":\"ListItem\",\"position\":2,\"name\":\"Guide\",\"item\":\"https:\\\/\\\/augstudy.com\\\/guide\\\/\"},{\"@type\":\"ListItem\",\"position\":3,\"name\":\"Student Accommodation\",\"item\":\"https:\\\/\\\/augstudy.com\\\/guide\\\/student-accommodation\\\/\"},{\"@type\":\"ListItem\",\"position\":4,\"name\":\"Journal Student Living\"}]},{\"@type\":\"WebSite\",\"@id\":\"https:\\\/\\\/augstudy.com\\\/#website\",\"url\":\"https:\\\/\\\/augstudy.com\\\/\",\"name\":\"AUG Student Services\",\"description\":\"Student Services\",\"alternateName\":\"AUG Global\",\"potentialAction\":[{\"@type\":\"SearchAction\",\"target\":{\"@type\":\"EntryPoint\",\"urlTemplate\":\"https:\\\/\\\/augstudy.com\\\/?s={search_term_string}\"},\"query-input\":{\"@type\":\"PropertyValueSpecification\",\"valueRequired\":true,\"valueName\":\"search_term_string\"}}],\"inLanguage\":\"vi\"}]}<\/script>\n<!-- \/ Yoast SEO Premium plugin. -->","yoast_head_json":{"title":"T\u1ea1p ch\u00ed \u0110\u1eddi s\u1ed1ng Sinh vi\u00ean - AUG D\u1ecbch v\u1ee5 Sinh vi\u00ean","description":"T\u01b0 v\u1ea5n mi\u1ec5n ph\u00ed v\u1ec1 ch\u1ecdn tr\u01b0\u1eddng \u0111\u1ea1i h\u1ecdc, h\u1ecdc b\u1ed5ng v\u00e0 xin th\u1ecb th\u1ef1c. H\u00e3y \u0111\u1ec3 D\u1ecbch v\u1ee5 Sinh vi\u00ean AUG gi\u00fap b\u1ea1n nhanh ch\u00f3ng ho\u00e0n th\u00e0nh h\u00e0nh tr\u00ecnh du h\u1ecdc ngay h\u00f4m nay.","robots":{"index":"index","follow":"follow","max-snippet":"max-snippet:-1","max-image-preview":"max-image-preview:large","max-video-preview":"max-video-preview:-1"},"canonical":"https:\/\/augstudy.com\/vi\/huong-dan\/cho-o-sinh-vien\/tap-chi-cuoc-song-sinh-vien\/","og_locale":"vi_VN","og_type":"article","og_title":"Journal Student Living","og_description":"Free counselling for university selection, scholarships and visa applications. Let AUG Student Services fast-track your study-abroad journey today.","og_url":"https:\/\/augstudy.com\/vi\/huong-dan\/cho-o-sinh-vien\/tap-chi-cuoc-song-sinh-vien\/","og_site_name":"AUG Student Services","article_publisher":"https:\/\/www.facebook.com\/augmalaysia\/","article_modified_time":"2020-08-11T03:26:16+00:00","twitter_card":"summary_large_image","twitter_misc":{"\u01af\u1edbc t\u00ednh th\u1eddi gian \u0111\u1ecdc":"2 ph\u00fat"},"schema":{"@context":"https:\/\/schema.org","@graph":[{"@type":"WebPage","@id":"https:\/\/augstudy.com\/guide\/student-accommodation\/journal-student-living\/","url":"https:\/\/augstudy.com\/guide\/student-accommodation\/journal-student-living\/","name":"T\u1ea1p ch\u00ed \u0110\u1eddi s\u1ed1ng Sinh vi\u00ean - AUG D\u1ecbch v\u1ee5 Sinh vi\u00ean","isPartOf":{"@id":"https:\/\/augstudy.com\/#website"},"datePublished":"2020-07-06T07:05:58+00:00","dateModified":"2020-08-11T03:26:16+00:00","description":"T\u01b0 v\u1ea5n mi\u1ec5n ph\u00ed v\u1ec1 ch\u1ecdn tr\u01b0\u1eddng \u0111\u1ea1i h\u1ecdc, h\u1ecdc b\u1ed5ng v\u00e0 xin th\u1ecb th\u1ef1c. H\u00e3y \u0111\u1ec3 D\u1ecbch v\u1ee5 Sinh vi\u00ean AUG gi\u00fap b\u1ea1n nhanh ch\u00f3ng ho\u00e0n th\u00e0nh h\u00e0nh tr\u00ecnh du h\u1ecdc ngay h\u00f4m nay.","breadcrumb":{"@id":"https:\/\/augstudy.com\/guide\/student-accommodation\/journal-student-living\/#breadcrumb"},"inLanguage":"vi","potentialAction":[{"@type":"ReadAction","target":["https:\/\/augstudy.com\/guide\/student-accommodation\/journal-student-living\/"]}]},{"@type":"BreadcrumbList","@id":"https:\/\/augstudy.com\/guide\/student-accommodation\/journal-student-living\/#breadcrumb","itemListElement":[{"@type":"ListItem","position":1,"name":"Home","item":"https:\/\/augstudy.com\/"},{"@type":"ListItem","position":2,"name":"Guide","item":"https:\/\/augstudy.com\/guide\/"},{"@type":"ListItem","position":3,"name":"Student Accommodation","item":"https:\/\/augstudy.com\/guide\/student-accommodation\/"},{"@type":"ListItem","position":4,"name":"Journal Student Living"}]},{"@type":"WebSite","@id":"https:\/\/augstudy.com\/#website","url":"https:\/\/augstudy.com\/","name":"D\u1ecbch v\u1ee5 Sinh vi\u00ean AUG","description":"D\u1ecbch v\u1ee5 sinh vi\u00ean","alternateName":"AUG Global","potentialAction":[{"@type":"SearchAction","target":{"@type":"EntryPoint","urlTemplate":"https:\/\/augstudy.com\/?s={search_term_string}"},"query-input":{"@type":"PropertyValueSpecification","valueRequired":true,"valueName":"search_term_string"}}],"inLanguage":"vi"}]}},"_links":{"self":[{"href":"https:\/\/augstudy.com\/vi\/wp-json\/wp\/v2\/pages\/94518","targetHints":{"allow":["GET"]}}],"collection":[{"href":"https:\/\/augstudy.com\/vi\/wp-json\/wp\/v2\/pages"}],"about":[{"href":"https:\/\/augstudy.com\/vi\/wp-json\/wp\/v2\/types\/page"}],"author":[{"embeddable":true,"href":"https:\/\/augstudy.com\/vi\/wp-json\/wp\/v2\/users\/4"}],"replies":[{"embeddable":true,"href":"https:\/\/augstudy.com\/vi\/wp-json\/wp\/v2\/comments?post=94518"}],"version-history":[{"count":0,"href":"https:\/\/augstudy.com\/vi\/wp-json\/wp\/v2\/pages\/94518\/revisions"}],"up":[{"embeddable":true,"href":"https:\/\/augstudy.com\/vi\/wp-json\/wp\/v2\/pages\/89147"}],"wp:attachment":[{"href":"https:\/\/augstudy.com\/vi\/wp-json\/wp\/v2\/media?parent=94518"}],"curies":[{"name":"wp","href":"https:\/\/api.w.org\/{rel}","templated":true}]}}