{"id":89147,"date":"2020-06-09T17:45:59","date_gmt":"2020-06-09T07:45:59","guid":{"rendered":"https:\/\/augstudy.com\/?page_id=89147"},"modified":"2025-08-15T15:36:26","modified_gmt":"2025-08-15T05:36:26","slug":"cho-o-sinh-vien","status":"publish","type":"page","link":"https:\/\/augstudy.com\/vi\/guide\/student-accommodation\/","title":{"rendered":"Ch\u1ed7 \u1edf sinh vi\u00ean"},"content":{"rendered":"<div class=\"vc_row wpb_row vc_row-fluid aug_margin_top_30\"><div class=\"aug_float_right_important aug_content_left_border wpb_column vc_column_container vc_col-sm-8\"><div class=\"vc_column-inner\"><div class=\"wpb_wrapper\">\n\t<div class=\"wpb_text_column wpb_content_element  aug_content_box\">\n\t\t<div class=\"wpb_wrapper\">\n\t\t\t<h1>C\u01a1 s\u1edf Perth<\/h1>\n<div style=\"background-color:; height: 20px;\" class=\"nicdark_section\"><\/div>\n<p><img decoding=\"async\" class=\"aligncenter\" src=\"\/aug-website-files\/wp-content\/uploads\/2020\/08\/guide_studentaccommodation_campus_perth_620x525.jpg\" width=\"100%\" \/><\/p>\n<div style=\"background-color:; height: 15px;\" class=\"nicdark_section\"><\/div>\n<p>B\u1ea1n l\u00e0 sinh vi\u00ean \u0111ang t\u00ecm ki\u1ebfm ch\u1ed7 \u1edf gi\u00e1 c\u1ea3 ph\u1ea3i ch\u0103ng \u1edf trung t\u00e2m Th\u00e0nh ph\u1ed1 Perth, T\u00e2y \u00dac? \u0110\u1eebng m\u1eafc k\u1eb9t trong ch\u1ed7 \u1edf sinh vi\u00ean nh\u00e0m ch\u00e1n v\u00e0 h\u00e3y \u1edf trong kh\u00f4ng gian ng\u1ecdt ng\u00e0o c\u1ee7a ri\u00eang b\u1ea1n n\u1eb1m \u1edf trung t\u00e2m Khu Th\u01b0\u01a1ng m\u1ea1i Trung t\u00e2m Perth.<\/p>\n<div style=\"background-color:; height: 15px;\" class=\"nicdark_section\"><\/div><br \/>\n<div class=\"vc_row wpb_row vc_inner vc_row-fluid\"><div class=\"wpb_column vc_column_container vc_col-sm-6\"><div class=\"vc_column-inner\"><div class=\"wpb_wrapper\">\n\t<div class=\"wpb_single_image wpb_content_element vc_align_center\">\n\t\t\n\t\t<figure class=\"wpb_wrapper vc_figure\">\n\t\t\t<div class=\"vc_single_image-wrapper vc_box_shadow  vc_box_border_grey\"><img loading=\"lazy\" decoding=\"async\" width=\"300\" height=\"300\" src=\"https:\/\/augstudy.com\/aug-website-files\/wp-content\/uploads\/2020\/08\/guide_studentaccommodation_campus_perth_1_300x300.jpg\" class=\"vc_single_image-img attachment-full\" alt=\"\" srcset=\"https:\/\/augstudy.com\/aug-website-files\/wp-content\/uploads\/2020\/08\/guide_studentaccommodation_campus_perth_1_300x300.jpg 300w, https:\/\/augstudy.com\/aug-website-files\/wp-content\/uploads\/2020\/08\/guide_studentaccommodation_campus_perth_1_300x300-150x150.jpg 150w\" sizes=\"auto, (max-width: 300px) 100vw, 300px\" \/><\/div>\n\t\t<\/figure>\n\t<\/div>\n<\/div><\/div><\/div><div class=\"wpb_column vc_column_container vc_col-sm-6\"><div class=\"vc_column-inner\"><div class=\"wpb_wrapper\">\n\t<div class=\"wpb_single_image wpb_content_element vc_align_center   nd_options_margin_top_20_responsive\">\n\t\t\n\t\t<figure class=\"wpb_wrapper vc_figure\">\n\t\t\t<div class=\"vc_single_image-wrapper vc_box_shadow  vc_box_border_grey\"><img loading=\"lazy\" decoding=\"async\" width=\"300\" height=\"300\" src=\"https:\/\/augstudy.com\/aug-website-files\/wp-content\/uploads\/2020\/08\/guide_studentaccommodation_campus_perth_2_300x300.jpg\" class=\"vc_single_image-img attachment-full\" alt=\"\" srcset=\"https:\/\/augstudy.com\/aug-website-files\/wp-content\/uploads\/2020\/08\/guide_studentaccommodation_campus_perth_2_300x300.jpg 300w, https:\/\/augstudy.com\/aug-website-files\/wp-content\/uploads\/2020\/08\/guide_studentaccommodation_campus_perth_2_300x300-150x150.jpg 150w\" sizes=\"auto, (max-width: 300px) 100vw, 300px\" \/><\/div>\n\t\t<\/figure>\n\t<\/div>\n<\/div><\/div><\/div><\/div><br \/>\n<div style=\"background-color:; height: 15px;\" class=\"nicdark_section\"><\/div>\n<p>Campus Perth rooms are fully furnished, with rates inclusive of utilities, 24\/7 CCTV and high-speed WiFi. Along with your room, you gain access to 3,600 SQM of communal &amp; social areas. Hit the books in The Link, chill with your mates in The Commons, feel the burn in the Fitness Studio, cook in the Communal Kitchens or get some sun on The Rooftop \u2013 Campus Perth has got it all within the Campus Perth neighbourhood!<\/p>\n<div style=\"background-color:; height: 15px;\" class=\"nicdark_section\"><\/div>\n<p>M\u1ecdi th\u1ee9 \u0111\u01b0\u1ee3c g\u00f3i g\u1ecdn trong h\u01a1n 25 s\u1ef1 ki\u1ec7n m\u1ed7i th\u00e1ng, bao g\u1ed3m c\u00e1c bu\u1ed5i t\u1eadp yoga, \u0111\u00eam chi\u1ebfu phim, l\u1edbp h\u1ecdc n\u1ea5u \u0103n v\u00e0 nhi\u1ec1u s\u1ef1 ki\u1ec7n kh\u00e1c m\u00e0 kh\u00f4ng t\u00ednh th\u00eam ph\u00ed.<\/p>\n<div style=\"background-color:; height: 20px;\" class=\"nicdark_section\"><\/div>\n<h3>Li\u00ean h\u1ec7 <span style=\"text-decoration: underline;\"><a href=\"\/vi\/lien-he-2\/\" target=\"_blank\" rel=\"noopener noreferrer\">V\u0103n ph\u00f2ng AUG g\u1ea7n nh\u1ea5t<\/a><\/span> ngay b\u00e2y gi\u1edd, \u0111\u1ec3 \u0111\u1eb7t m\u1ed9t chuy\u1ebfn tham quan mi\u1ec5n ph\u00ed v\u1edbi ch\u00fang t\u00f4i.<\/h3>\n<div style=\"background-color:; height: 20px;\" class=\"nicdark_section\"><\/div>\n\n\t\t<\/div>\n\t<\/div>\n<\/div><\/div><\/div><div class=\"guide_right_content wpb_column vc_column_container vc_col-sm-4\"><div class=\"vc_column-inner\"><div class=\"wpb_wrapper\"><div class='aug_guide_left_menu course_guide nd_options_text_align_center_all_iphone'><h4 class='aug_left_menu_heading nd_options_margin_top_20'>Ch\u1ed7 \u1edf sinh vi\u00ean<\/h4><div class='aug_menu_arrow_preview' >\r\n\t\t\t<div class='aug_menu_arrow'><\/div>\r\n\t\t\t<div id='aug_left_menu_107' class='migration_menu aug_left_menu_item'>\r\n\t\t\t\t<a href='\/vi\/huong-dan\/cho-o-sinh-vien\/khuon-vien-truong-perth\/'>C\u01a1 s\u1edf Perth<\/a>\r\n\t\t\t<\/div>\r\n\t\t  <\/div><div class='aug_menu_arrow_preview' >\r\n\t\t\t<div class='aug_menu_arrow'><\/div>\r\n\t\t\t<div id='aug_left_menu_102' class='migration_menu aug_left_menu_item'>\r\n\t\t\t\t<a href='\/vi\/huong-dan\/cho-o-sinh-vien\/iglu\/'>Iglu<\/a>\r\n\t\t\t<\/div>\r\n\t\t  <\/div><div class='aug_menu_arrow_preview' >\r\n\t\t\t<div class='aug_menu_arrow'><\/div>\r\n\t\t\t<div id='aug_left_menu_104' class='migration_menu aug_left_menu_item'>\r\n\t\t\t\t<a href='\/vi\/huong-dan\/cho-o-sinh-vien\/tap-chi-cuoc-song-sinh-vien\/'>T\u1ea1p ch\u00ed cu\u1ed9c s\u1ed1ng sinh vi\u00ean<\/a>\r\n\t\t\t<\/div>\r\n\t\t  <\/div><div class='aug_menu_arrow_preview' >\r\n\t\t\t<div class='aug_menu_arrow'><\/div>\r\n\t\t\t<div id='aug_left_menu_108' class='migration_menu aug_left_menu_item'>\r\n\t\t\t\t<a href='\/vi\/huong-dan\/cho-o-sinh-vien\/scape\/'>h\u00ecnh d\u1ea1ng<\/a>\r\n\t\t\t<\/div>\r\n\t\t  <\/div><div class='aug_menu_arrow_preview' >\r\n\t\t\t<div class='aug_menu_arrow'><\/div>\r\n\t\t\t<div id='aug_left_menu_101' class='migration_menu aug_left_menu_item'>\r\n\t\t\t\t<a href='\/vi\/huong-dan\/cho-o-sinh-vien\/sinh-vien-mot\/'>Sinh vi\u00ean M\u1ed9t<\/a>\r\n\t\t\t<\/div>\r\n\t\t  <\/div><div class='aug_menu_arrow_preview' >\r\n\t\t\t<div class='aug_menu_arrow'><\/div>\r\n\t\t\t<div id='aug_left_menu_106' class='migration_menu aug_left_menu_item'>\r\n\t\t\t\t<a href='\/vi\/huong-dan\/cho-o-sinh-vien\/cong-ty-nha-o-sinh-vien\/'>C\u00f4ng ty Nh\u00e0 \u1edf Sinh vi\u00ean<\/a>\r\n\t\t\t<\/div>\r\n\t\t  <\/div><div class='aug_menu_arrow_preview' >\r\n\t\t\t<div class='aug_menu_arrow'><\/div>\r\n\t\t\t<div id='aug_left_menu_105' class='migration_menu aug_left_menu_item'>\r\n\t\t\t\t<a href='\/vi\/huong-dan\/cho-o-sinh-vien\/don-phuong\/'>UniLodge<\/a>\r\n\t\t\t<\/div>\r\n\t\t  <\/div><div class='aug_menu_arrow_preview' >\r\n\t\t\t<div class='aug_menu_arrow'><\/div>\r\n\t\t\t<div id='aug_left_menu_109' class='migration_menu aug_left_menu_item'>\r\n\t\t\t\t<a href='\/vi\/huong-dan\/cho-o-sinh-vien\/campus-living-villages\/'>Campus Living Villages<\/a>\r\n\t\t\t<\/div>\r\n\t\t  <\/div><img class='aug_live_chat aug_mascot' src='\/aug-website-files\/images\/menu\/got_question_white_356px.png' alt='Linh v\u1eadt AUG - B\u1ea1n c\u00f3 c\u00e2u h\u1ecfi?' \/><\/div>\r\n\t\t<script type='text\/javascript'>\r\n\t\t\ttry {\r\n\t\t\t\tjQuery('#aug_left_menu_107').addClass( 'menu_selected' );\r\n\t\t\t\tjQuery('#aug_left_menu_107').prev().addClass( 'aug_menu_arrow_showed');\r\n\t\t\t\tjQuery('.aug_menu_select').val('{selection_group}');\r\n\t\t\t\tvar selection = '107';\r\n\t\t\t\tif ( selection.length >= 4 ) {\r\n\t\t\t\t\tvar parent_menu = selection.substring(0,3);\r\n\t\t\t\t\tjQuery('#aug_left_menu_' + parent_menu).addClass( 'menu_selected' );\r\n\t\t\t\t}\r\n\t\t\t} catch(error) {}\r\n\t\t<\/script>\r\n\t<\/div><\/div><\/div><\/div>","protected":false},"excerpt":{"rendered":"Campus Perth Are you a student looking for affordable accommodation in the heart of Perth City, Western Australia? Don\u2019t get stuck in boring student accommodation and stay at your own sweet space located in the heart of Perth CBD. Campus Perth rooms are fully furnished, with rates inclusive of utilities, 24\/7 CCTV and high-speed WiFi. [...]","protected":false},"author":4,"featured_media":0,"parent":6741,"menu_order":0,"comment_status":"closed","ping_status":"closed","template":"","meta":{"footnotes":""},"class_list":["post-89147","page","type-page","status-publish","hentry"],"yoast_head":"<!-- This site is optimized with the Yoast SEO Premium plugin v27.0 (Yoast SEO v27.3) - https:\/\/yoast.com\/product\/yoast-seo-premium-wordpress\/ -->\n<title>Student Accommodation That Feels Like Home - AUG Student Services<\/title>\n<meta name=\"description\" content=\"Find affordable student accommodation with AUG. Enjoy fully furnished rooms and vibrant social spaces with AUG.\" \/>\n<meta name=\"robots\" content=\"index, follow, max-snippet:-1, max-image-preview:large, max-video-preview:-1\" \/>\n<link rel=\"canonical\" href=\"https:\/\/augstudy.com\/vi\/huong-dan\/cho-o-sinh-vien\/\" \/>\n<meta property=\"og:locale\" content=\"vi_VN\" \/>\n<meta property=\"og:type\" content=\"article\" \/>\n<meta property=\"og:title\" content=\"Student Accommodation\" \/>\n<meta property=\"og:description\" content=\"Find affordable student accommodation with AUG. Enjoy fully furnished rooms and vibrant social spaces with AUG.\" \/>\n<meta property=\"og:url\" content=\"https:\/\/augstudy.com\/vi\/huong-dan\/cho-o-sinh-vien\/\" \/>\n<meta property=\"og:site_name\" content=\"AUG Student Services\" \/>\n<meta property=\"article:publisher\" content=\"https:\/\/www.facebook.com\/augmalaysia\/\" \/>\n<meta property=\"article:modified_time\" content=\"2025-08-15T05:36:26+00:00\" \/>\n<meta name=\"twitter:card\" content=\"summary_large_image\" \/>\n<meta name=\"twitter:label1\" content=\"\u01af\u1edbc t\u00ednh th\u1eddi gian \u0111\u1ecdc\" \/>\n\t<meta name=\"twitter:data1\" content=\"2 ph\u00fat\" \/>\n<script type=\"application\/ld+json\" class=\"yoast-schema-graph\">{\"@context\":\"https:\\\/\\\/schema.org\",\"@graph\":[{\"@type\":\"WebPage\",\"@id\":\"https:\\\/\\\/augstudy.com\\\/guide\\\/student-accommodation\\\/\",\"url\":\"https:\\\/\\\/augstudy.com\\\/guide\\\/student-accommodation\\\/\",\"name\":\"Student Accommodation That Feels Like Home - AUG Student Services\",\"isPartOf\":{\"@id\":\"https:\\\/\\\/augstudy.com\\\/#website\"},\"datePublished\":\"2020-06-09T07:45:59+00:00\",\"dateModified\":\"2025-08-15T05:36:26+00:00\",\"description\":\"Find affordable student accommodation with AUG. Enjoy fully furnished rooms and vibrant social spaces with AUG.\",\"breadcrumb\":{\"@id\":\"https:\\\/\\\/augstudy.com\\\/guide\\\/student-accommodation\\\/#breadcrumb\"},\"inLanguage\":\"vi\",\"potentialAction\":[{\"@type\":\"ReadAction\",\"target\":[\"https:\\\/\\\/augstudy.com\\\/guide\\\/student-accommodation\\\/\"]}]},{\"@type\":\"BreadcrumbList\",\"@id\":\"https:\\\/\\\/augstudy.com\\\/guide\\\/student-accommodation\\\/#breadcrumb\",\"itemListElement\":[{\"@type\":\"ListItem\",\"position\":1,\"name\":\"Home\",\"item\":\"https:\\\/\\\/augstudy.com\\\/\"},{\"@type\":\"ListItem\",\"position\":2,\"name\":\"Guide\",\"item\":\"https:\\\/\\\/augstudy.com\\\/guide\\\/\"},{\"@type\":\"ListItem\",\"position\":3,\"name\":\"Student Accommodation\"}]},{\"@type\":\"WebSite\",\"@id\":\"https:\\\/\\\/augstudy.com\\\/#website\",\"url\":\"https:\\\/\\\/augstudy.com\\\/\",\"name\":\"AUG Student Services\",\"description\":\"Student Services\",\"alternateName\":\"AUG Global\",\"potentialAction\":[{\"@type\":\"SearchAction\",\"target\":{\"@type\":\"EntryPoint\",\"urlTemplate\":\"https:\\\/\\\/augstudy.com\\\/?s={search_term_string}\"},\"query-input\":{\"@type\":\"PropertyValueSpecification\",\"valueRequired\":true,\"valueName\":\"search_term_string\"}}],\"inLanguage\":\"vi\"}]}<\/script>\n<!-- \/ Yoast SEO Premium plugin. -->","yoast_head_json":{"title":"Student Accommodation That Feels Like Home - AUG Student Services","description":"Find affordable student accommodation with AUG. Enjoy fully furnished rooms and vibrant social spaces with AUG.","robots":{"index":"index","follow":"follow","max-snippet":"max-snippet:-1","max-image-preview":"max-image-preview:large","max-video-preview":"max-video-preview:-1"},"canonical":"https:\/\/augstudy.com\/vi\/huong-dan\/cho-o-sinh-vien\/","og_locale":"vi_VN","og_type":"article","og_title":"Student Accommodation","og_description":"Find affordable student accommodation with AUG. Enjoy fully furnished rooms and vibrant social spaces with AUG.","og_url":"https:\/\/augstudy.com\/vi\/huong-dan\/cho-o-sinh-vien\/","og_site_name":"AUG Student Services","article_publisher":"https:\/\/www.facebook.com\/augmalaysia\/","article_modified_time":"2025-08-15T05:36:26+00:00","twitter_card":"summary_large_image","twitter_misc":{"\u01af\u1edbc t\u00ednh th\u1eddi gian \u0111\u1ecdc":"2 ph\u00fat"},"schema":{"@context":"https:\/\/schema.org","@graph":[{"@type":"WebPage","@id":"https:\/\/augstudy.com\/guide\/student-accommodation\/","url":"https:\/\/augstudy.com\/guide\/student-accommodation\/","name":"Student Accommodation That Feels Like Home - AUG Student Services","isPartOf":{"@id":"https:\/\/augstudy.com\/#website"},"datePublished":"2020-06-09T07:45:59+00:00","dateModified":"2025-08-15T05:36:26+00:00","description":"Find affordable student accommodation with AUG. Enjoy fully furnished rooms and vibrant social spaces with AUG.","breadcrumb":{"@id":"https:\/\/augstudy.com\/guide\/student-accommodation\/#breadcrumb"},"inLanguage":"vi","potentialAction":[{"@type":"ReadAction","target":["https:\/\/augstudy.com\/guide\/student-accommodation\/"]}]},{"@type":"BreadcrumbList","@id":"https:\/\/augstudy.com\/guide\/student-accommodation\/#breadcrumb","itemListElement":[{"@type":"ListItem","position":1,"name":"Home","item":"https:\/\/augstudy.com\/"},{"@type":"ListItem","position":2,"name":"Guide","item":"https:\/\/augstudy.com\/guide\/"},{"@type":"ListItem","position":3,"name":"Student Accommodation"}]},{"@type":"WebSite","@id":"https:\/\/augstudy.com\/#website","url":"https:\/\/augstudy.com\/","name":"D\u1ecbch v\u1ee5 Sinh vi\u00ean AUG","description":"D\u1ecbch v\u1ee5 sinh vi\u00ean","alternateName":"AUG Global","potentialAction":[{"@type":"SearchAction","target":{"@type":"EntryPoint","urlTemplate":"https:\/\/augstudy.com\/?s={search_term_string}"},"query-input":{"@type":"PropertyValueSpecification","valueRequired":true,"valueName":"search_term_string"}}],"inLanguage":"vi"}]}},"_links":{"self":[{"href":"https:\/\/augstudy.com\/vi\/wp-json\/wp\/v2\/pages\/89147","targetHints":{"allow":["GET"]}}],"collection":[{"href":"https:\/\/augstudy.com\/vi\/wp-json\/wp\/v2\/pages"}],"about":[{"href":"https:\/\/augstudy.com\/vi\/wp-json\/wp\/v2\/types\/page"}],"author":[{"embeddable":true,"href":"https:\/\/augstudy.com\/vi\/wp-json\/wp\/v2\/users\/4"}],"replies":[{"embeddable":true,"href":"https:\/\/augstudy.com\/vi\/wp-json\/wp\/v2\/comments?post=89147"}],"version-history":[{"count":0,"href":"https:\/\/augstudy.com\/vi\/wp-json\/wp\/v2\/pages\/89147\/revisions"}],"up":[{"embeddable":true,"href":"https:\/\/augstudy.com\/vi\/wp-json\/wp\/v2\/pages\/6741"}],"wp:attachment":[{"href":"https:\/\/augstudy.com\/vi\/wp-json\/wp\/v2\/media?parent=89147"}],"curies":[{"name":"wp","href":"https:\/\/api.w.org\/{rel}","templated":true}]}}