{"id":89038,"date":"2020-06-09T15:07:55","date_gmt":"2020-06-09T05:07:55","guid":{"rendered":"https:\/\/augstudy.com\/?page_id=89038"},"modified":"2020-08-11T13:22:53","modified_gmt":"2020-08-11T03:22:53","slug":"sinh-vien-mot","status":"publish","type":"page","link":"https:\/\/augstudy.com\/vi\/guide\/student-accommodation\/student-one\/","title":{"rendered":"Sinh vi\u00ean M\u1ed9t"},"content":{"rendered":"<div class=\"vc_row wpb_row vc_row-fluid aug_margin_top_30\"><div class=\"aug_float_right_important aug_content_left_border wpb_column vc_column_container vc_col-sm-8\"><div class=\"vc_column-inner\"><div class=\"wpb_wrapper\">\n\t<div class=\"wpb_text_column wpb_content_element  aug_content_box\">\n\t\t<div class=\"wpb_wrapper\">\n\t\t\t<h1>Sinh vi\u00ean M\u1ed9t<\/h1>\n<div style=\"background-color:; height: 20px;\" class=\"nicdark_section\"><\/div>\n<p><img decoding=\"async\" class=\"aligncenter\" src=\"\/aug-website-files\/wp-content\/uploads\/2020\/06\/guide_studentaccommodation_student_one_620x525.jpg\" width=\"100%\" \/><\/p>\n<div style=\"background-color:; height: 15px;\" class=\"nicdark_section\"><\/div>\n<p>N\u1eb1m \u1edf trung t\u00e2m Khu Th\u01b0\u01a1ng m\u1ea1i Trung t\u00e2m c\u1ee7a Brisbane, Sinh vi\u00ean M\u1ed9t l\u00e0 Nh\u00e0 cung c\u1ea5p Ch\u1ed7 \u1edf Cao c\u1ea5p cho Sinh vi\u00ean c\u1ee7a Brisbane v\u1edbi 3 t\u00f2a nh\u00e0 hi\u1ec7n \u0111\u1ea1i v\u00e0 2.400 gi\u01b0\u1eddng. Sinh vi\u00ean c\u1ee7a ch\u00fang t\u00f4i \u0111\u1ebfn t\u1eeb h\u01a1n 60 qu\u1ed1c gia \u0111\u01b0\u1ee3c t\u1eadn h\u01b0\u1edfng c\u00e1c ti\u1ec7n \u00edch tuy\u1ec7t v\u1eddi nh\u01b0 h\u1ed3 b\u01a1i, BBQ tr\u00ean s\u00e2n th\u01b0\u1ee3ng, r\u1ea1p chi\u1ebfu phim, ph\u00f2ng tr\u00f2 ch\u01a1i, kh\u00f4ng gian h\u1ecdc t\u1eadp chuy\u00ean d\u1ee5ng v\u00e0 nhi\u1ec1u h\u01a1n th\u1ebf n\u1eefa. M\u1ed9t m\u00f4i tr\u01b0\u1eddng an to\u00e0n ch\u1ec9 d\u00e0nh cho sinh vi\u00ean v\u1edbi l\u1ec5 t\u00e2n 24\/7, internet kh\u00f4ng gi\u1edbi h\u1ea1n v\u00e0 l\u1ecbch d\u00e0y \u0111\u1eb7c c\u00e1c ho\u1ea1t \u0111\u1ed9ng mi\u1ec5n ph\u00ed nh\u01b0 l\u1edbp h\u1ecdc yoga v\u00e0 \u0111\u1ea5m b\u1ed1c, l\u1edbp h\u1ecdc n\u1ea5u \u0103n, \u1ea9m th\u1ef1c v\u00e0 c\u00e1c s\u1ef1 ki\u1ec7n v\u0103n h\u00f3a. H\u1ee3p \u0111\u1ed3ng thu\u00ea c\u1ee7a ch\u00fang t\u00f4i r\u1ea5t linh ho\u1ea1t, b\u1eaft \u0111\u1ea7u t\u1eeb 4 tu\u1ea7n v\u1edbi nhi\u1ec1u lo\u1ea1i ch\u1ed7 \u1edf kh\u00e1c nhau, t\u1eeb ph\u00f2ng \u0111\u00f4i \u0111\u1ebfn ph\u00f2ng ri\u00eang trong c\u0103n h\u1ed9 ho\u1eb7c studio ri\u00eang.<\/p>\n<div style=\"background-color:; height: 20px;\" class=\"nicdark_section\"><\/div>\n<h4>SINH VI\u00caN \u0110\u01af\u1edcNG WARF<\/h4>\n<p><b>V\u1ecb tr\u00ed:<\/b> Brisbane, QLD<\/p>\n<p>Khung c\u1ea3nh h\u00f9ng v\u0129 v\u00e0 m\u1ed9t h\u1ed3 b\u01a1i, c\u00f3 ai kh\u00f4ng? Sinh vi\u00ean One Wharf Street mang \u0111\u1ebfn phong c\u00e1ch s\u1ed1ng t\u1ed1i \u01b0u c\u1ee7a ng\u01b0\u1eddi \u00dac.<\/p>\n<div style=\"background-color:; height: 15px;\" class=\"nicdark_section\"><\/div>\n<p>B\u1ea1n s\u1ebd c\u00f3 quy\u1ec1n truy c\u1eadp v\u00e0o:<\/p>\n<ul>\n<li>m\u1ed9t h\u1ed3 b\u01a1i ngo\u00e0i tr\u1eddi s\u00f4i \u0111\u1ed9ng v\u00e0 khu v\u1ef1c n\u01b0\u1edbng th\u1ecbt<\/li>\n<li>khu v\u1ef1c tr\u00f2 ch\u01a1i v\u1edbi m\u00e1y PS4, bi-a, b\u00f3ng \u0111\u00e1, b\u00e0n b\u00f3ng b\u00e0n v\u00e0 h\u01a1n th\u1ebf n\u1eefa<\/li>\n<li>ph\u00f2ng \u00e2m nh\u1ea1c d\u00e0nh cho c\u00e1c bu\u1ed5i giao l\u01b0u<\/li>\n<li>Sky Lounge v\u1edbi t\u1ea7m nh\u00ecn ra th\u00e0nh ph\u1ed1 v\u00e0 khu v\u1ef1c xung quanh t\u1eeb t\u1ea7ng 39<\/li>\n<li>m\u1ed9t t\u1ea7ng h\u1ecdc t\u1eadp \u0111\u1ed9c quy\u1ec1n v\u1edbi kh\u00f4ng gian \u0111\u1ec3 c\u1ed9ng t\u00e1c, th\u01b0 gi\u00e3n v\u00e0 \u0111\u1ed5i m\u1edbi<\/li>\n<li>C\u0103n h\u1ed9 l\u1edbn nh\u1ea5t c\u1ee7a Sinh vi\u00ean M\u1ed9t \u0111\u1ec3 chia s\u1ebb v\u1edbi b\u1ea1n b\u00e8<\/li>\n<\/ul>\n<div style=\"background-color:; height: 20px;\" class=\"nicdark_section\"><\/div><br \/>\n<div class=\"vc_row wpb_row vc_inner vc_row-fluid\">\n\t<div class=\"wpb_single_image wpb_content_element vc_align_center\">\n\t\t\n\t\t<figure class=\"wpb_wrapper vc_figure\">\n\t\t\t<div class=\"vc_single_image-wrapper vc_box_shadow  vc_box_border_grey\"><img loading=\"lazy\" decoding=\"async\" width=\"620\" height=\"300\" src=\"https:\/\/augstudy.com\/aug-website-files\/wp-content\/uploads\/2020\/07\/guide_studentaccommodation_student_one_1_620x300.jpg\" class=\"vc_single_image-img attachment-full\" alt=\"\" srcset=\"https:\/\/augstudy.com\/aug-website-files\/wp-content\/uploads\/2020\/07\/guide_studentaccommodation_student_one_1_620x300.jpg 620w, https:\/\/augstudy.com\/aug-website-files\/wp-content\/uploads\/2020\/07\/guide_studentaccommodation_student_one_1_620x300-300x145.jpg 300w\" sizes=\"auto, (max-width: 620px) 100vw, 620px\" \/><\/div>\n\t\t<\/figure>\n\t<\/div>\n<\/div><br \/>\n<div style=\"background-color:; height: 20px;\" class=\"nicdark_section\"><\/div>\n<h4>SINH VI\u00caN M\u1ed8T \u0110\u01af\u1edcNG ADELAIDE<\/h4>\n<p><b>V\u1ecb tr\u00ed:<\/b> Brisbane, QLD<\/p>\n<p>\u0110\u00f3 l\u00e0 Sinh vi\u00ean M\u1ed9t ban \u0111\u1ea7u. Ph\u1ed1 Adelaide c\u00f3 nhi\u1ec1u l\u1ef1a ch\u1ecdn ph\u00f9 h\u1ee3p v\u1edbi nhu c\u1ea7u v\u00e0 ng\u00e2n s\u00e1ch c\u1ee7a m\u1ecdi h\u1ecdc sinh.<\/p>\n<div style=\"background-color:; height: 15px;\" class=\"nicdark_section\"><\/div>\n<p>C\u00e1c t\u00ednh n\u0103ng bao g\u1ed3m:<\/p>\n<ul>\n<li>d\u1eabn \u0111\u1ea7u v\u1ec1 c\u00e1c lo\u1ea1i ph\u00f2ng bao g\u1ed3m l\u1ef1a ch\u1ecdn gi\u01b0\u1eddng t\u1ea7ng v\u00e0 ph\u00f2ng \u0111\u00f4i<\/li>\n<li>ph\u00f2ng kh\u00e1ch\/ph\u00f2ng h\u1ecdc \u1edf m\u1ed7i t\u1ea7ng<\/li>\n<li>tr\u1ea7n nh\u00e0 si\u00eau cao<\/li>\n<li>r\u1ea1p chi\u1ebfu phim t\u00fai \u0111\u1eadu<\/li>\n<li>c\u1eeda h\u00e0ng t\u1ea1p h\u00f3a trong t\u00f2a nh\u00e0<\/li>\n<\/ul>\n<div style=\"background-color:; height: 15px;\" class=\"nicdark_section\"><\/div>\n<p>B\u1ea1n s\u1ebd kh\u00f4ng ch\u1ec9 \u1edf g\u1ea7n c\u00e1c khu mua s\u1eafm, \u0103n u\u1ed1ng v\u00e0 gi\u1ea3i tr\u00ed m\u00e0 c\u00f2n l\u00e0 h\u00e0ng x\u00f3m c\u1ee7a Ph\u1ed1 B\u1ebfn c\u1ea3ng Sinh vi\u00ean.<\/p>\n<div style=\"background-color:; height: 20px;\" class=\"nicdark_section\"><\/div><br \/>\n<div class=\"vc_row wpb_row vc_inner vc_row-fluid\">\n\t<div class=\"wpb_single_image wpb_content_element vc_align_center\">\n\t\t\n\t\t<figure class=\"wpb_wrapper vc_figure\">\n\t\t\t<div class=\"vc_single_image-wrapper vc_box_shadow  vc_box_border_grey\"><img loading=\"lazy\" decoding=\"async\" width=\"620\" height=\"300\" src=\"https:\/\/augstudy.com\/aug-website-files\/wp-content\/uploads\/2020\/07\/guide_studentaccommodation_student_one_2_620x300.jpg\" class=\"vc_single_image-img attachment-full\" alt=\"\" srcset=\"https:\/\/augstudy.com\/aug-website-files\/wp-content\/uploads\/2020\/07\/guide_studentaccommodation_student_one_2_620x300.jpg 620w, https:\/\/augstudy.com\/aug-website-files\/wp-content\/uploads\/2020\/07\/guide_studentaccommodation_student_one_2_620x300-300x145.jpg 300w\" sizes=\"auto, (max-width: 620px) 100vw, 620px\" \/><\/div>\n\t\t<\/figure>\n\t<\/div>\n<\/div><br \/>\n<div style=\"background-color:; height: 20px;\" class=\"nicdark_section\"><\/div>\n<h4>SINH VI\u00caN M\u1ed8T \u0110\u01af\u1edcNG ELIZABETH<\/h4>\n<p><b>V\u1ecb tr\u00ed:<\/b> Brisbane, QLD<\/p>\n<p>M\u1ed9t v\u1ecb tr\u00ed n\u1ed9i th\u00e0nh c\u00f3 m\u1ed9t kh\u00f4ng hai, nh\u1eefng m\u00f3n \u0103n tuy\u1ec7t v\u1eddi \u1edf m\u1ecdi n\u01a1i v\u00e0 tr\u1ea3i nghi\u1ec7m l\u01b0u tr\u00fa kh\u00f3 qu\u00ean.<\/p>\n<div style=\"background-color:; height: 15px;\" class=\"nicdark_section\"><\/div>\n<p>Ph\u1ed1 Sinh vi\u00ean M\u1ed9t Elizabeth bao g\u1ed3m:<\/p>\n<ul>\n<li>v\u1ecb tr\u00ed trung t\u00e2m th\u00e0nh ph\u1ed1 t\u1ed1t nh\u1ea5t<\/li>\n<li>r\u1ea1p chi\u1ebfu phim v\u00e0 khu n\u01b0\u1edbng th\u1ecbt tr\u00ean s\u00e2n th\u01b0\u1ee3ng<\/li>\n<li>ph\u00f2ng t\u1eadp th\u1ec3 d\u1ee5c hi\u1ec7n \u0111\u1ea1i<\/li>\n<li>khu v\u1ef1c nghi\u00ean c\u1ee9u<\/li>\n<li>ph\u00f2ng tr\u00f2 ch\u01a1i l\u1edbn<\/li>\n<\/ul>\n<div style=\"background-color:; height: 15px;\" class=\"nicdark_section\"><\/div>\n<p>Ch\u1ecdn Ph\u1ed1 Sinh vi\u00ean One Elizabeth v\u00e0 b\u1ea1n s\u1ebd \u1edf trung t\u00e2m c\u1ee7a t\u1ea5t c\u1ea3.<\/p>\n<div style=\"background-color:; height: 20px;\" class=\"nicdark_section\"><\/div>\n<h3>Li\u00ean h\u1ec7 <span style=\"text-decoration: underline;\"><a href=\"\/vi\/lien-he-2\/\" target=\"_blank\" rel=\"noopener noreferrer\">V\u0103n ph\u00f2ng AUG g\u1ea7n nh\u1ea5t<\/a><\/span> ngay b\u00e2y gi\u1edd, \u0111\u1ec3 \u0111\u1eb7t m\u1ed9t chuy\u1ebfn tham quan mi\u1ec5n ph\u00ed v\u1edbi ch\u00fang t\u00f4i.<\/h3>\n<div style=\"background-color:; height: 20px;\" class=\"nicdark_section\"><\/div>\n\n\t\t<\/div>\n\t<\/div>\n<\/div><\/div><\/div><div class=\"guide_right_content wpb_column vc_column_container vc_col-sm-4\"><div class=\"vc_column-inner\"><div class=\"wpb_wrapper\"><div class='aug_guide_left_menu course_guide nd_options_text_align_center_all_iphone'><h4 class='aug_left_menu_heading nd_options_margin_top_20'>Ch\u1ed7 \u1edf sinh vi\u00ean<\/h4><div class='aug_menu_arrow_preview' >\r\n\t\t\t<div class='aug_menu_arrow'><\/div>\r\n\t\t\t<div id='aug_left_menu_107' class='migration_menu aug_left_menu_item'>\r\n\t\t\t\t<a href='\/vi\/huong-dan\/cho-o-sinh-vien\/khuon-vien-truong-perth\/'>C\u01a1 s\u1edf Perth<\/a>\r\n\t\t\t<\/div>\r\n\t\t  <\/div><div class='aug_menu_arrow_preview' >\r\n\t\t\t<div class='aug_menu_arrow'><\/div>\r\n\t\t\t<div id='aug_left_menu_102' class='migration_menu aug_left_menu_item'>\r\n\t\t\t\t<a href='\/vi\/huong-dan\/cho-o-sinh-vien\/iglu\/'>Iglu<\/a>\r\n\t\t\t<\/div>\r\n\t\t  <\/div><div class='aug_menu_arrow_preview' >\r\n\t\t\t<div class='aug_menu_arrow'><\/div>\r\n\t\t\t<div id='aug_left_menu_104' class='migration_menu aug_left_menu_item'>\r\n\t\t\t\t<a href='\/vi\/huong-dan\/cho-o-sinh-vien\/tap-chi-cuoc-song-sinh-vien\/'>T\u1ea1p ch\u00ed cu\u1ed9c s\u1ed1ng sinh vi\u00ean<\/a>\r\n\t\t\t<\/div>\r\n\t\t  <\/div><div class='aug_menu_arrow_preview' >\r\n\t\t\t<div class='aug_menu_arrow'><\/div>\r\n\t\t\t<div id='aug_left_menu_108' class='migration_menu aug_left_menu_item'>\r\n\t\t\t\t<a href='\/vi\/huong-dan\/cho-o-sinh-vien\/scape\/'>h\u00ecnh d\u1ea1ng<\/a>\r\n\t\t\t<\/div>\r\n\t\t  <\/div><div class='aug_menu_arrow_preview' >\r\n\t\t\t<div class='aug_menu_arrow'><\/div>\r\n\t\t\t<div id='aug_left_menu_101' class='migration_menu aug_left_menu_item'>\r\n\t\t\t\t<a href='\/vi\/huong-dan\/cho-o-sinh-vien\/sinh-vien-mot\/'>Sinh vi\u00ean M\u1ed9t<\/a>\r\n\t\t\t<\/div>\r\n\t\t  <\/div><div class='aug_menu_arrow_preview' >\r\n\t\t\t<div class='aug_menu_arrow'><\/div>\r\n\t\t\t<div id='aug_left_menu_106' class='migration_menu aug_left_menu_item'>\r\n\t\t\t\t<a href='\/vi\/huong-dan\/cho-o-sinh-vien\/cong-ty-nha-o-sinh-vien\/'>C\u00f4ng ty Nh\u00e0 \u1edf Sinh vi\u00ean<\/a>\r\n\t\t\t<\/div>\r\n\t\t  <\/div><div class='aug_menu_arrow_preview' >\r\n\t\t\t<div class='aug_menu_arrow'><\/div>\r\n\t\t\t<div id='aug_left_menu_105' class='migration_menu aug_left_menu_item'>\r\n\t\t\t\t<a href='\/vi\/huong-dan\/cho-o-sinh-vien\/don-phuong\/'>UniLodge<\/a>\r\n\t\t\t<\/div>\r\n\t\t  <\/div><div class='aug_menu_arrow_preview' >\r\n\t\t\t<div class='aug_menu_arrow'><\/div>\r\n\t\t\t<div id='aug_left_menu_109' class='migration_menu aug_left_menu_item'>\r\n\t\t\t\t<a href='\/vi\/huong-dan\/cho-o-sinh-vien\/campus-living-villages\/'>Campus Living Villages<\/a>\r\n\t\t\t<\/div>\r\n\t\t  <\/div><img class='aug_live_chat aug_mascot' src='\/aug-website-files\/images\/menu\/got_question_white_356px.png' alt='Linh v\u1eadt AUG - B\u1ea1n c\u00f3 c\u00e2u h\u1ecfi?' \/><\/div>\r\n\t\t<script type='text\/javascript'>\r\n\t\t\ttry {\r\n\t\t\t\tjQuery('#aug_left_menu_101').addClass( 'menu_selected' );\r\n\t\t\t\tjQuery('#aug_left_menu_101').prev().addClass( 'aug_menu_arrow_showed');\r\n\t\t\t\tjQuery('.aug_menu_select').val('{selection_group}');\r\n\t\t\t\tvar selection = '101';\r\n\t\t\t\tif ( selection.length >= 4 ) {\r\n\t\t\t\t\tvar parent_menu = selection.substring(0,3);\r\n\t\t\t\t\tjQuery('#aug_left_menu_' + parent_menu).addClass( 'menu_selected' );\r\n\t\t\t\t}\r\n\t\t\t} catch(error) {}\r\n\t\t<\/script>\r\n\t<\/div><\/div><\/div><\/div>","protected":false},"excerpt":{"rendered":"Student One Located in the heart of Brisbane's CBD, Student One is Brisbane's Premium Student Accommodation Provider with 3 state-of-the-art buildings and 2,400 beds. Our students from over 60 nationalities enjoy amazing facilities such as swimming pool, rooftop BBQ, cinema, games room, dedicated study spaces and much more. A students-only safe environment with 24\/7 reception, [...]","protected":false},"author":4,"featured_media":0,"parent":89147,"menu_order":1,"comment_status":"closed","ping_status":"closed","template":"","meta":{"footnotes":""},"class_list":["post-89038","page","type-page","status-publish","hentry"],"yoast_head":"<!-- This site is optimized with the Yoast SEO Premium plugin v27.0 (Yoast SEO v27.3) - https:\/\/yoast.com\/product\/yoast-seo-premium-wordpress\/ -->\n<title>Student One - AUG Student Services<\/title>\n<meta name=\"description\" content=\"Free counselling for university selection, scholarships and visa applications. Let AUG Student Services fast-track your study-abroad journey today.\" \/>\n<meta name=\"robots\" content=\"index, follow, max-snippet:-1, max-image-preview:large, max-video-preview:-1\" \/>\n<link rel=\"canonical\" href=\"https:\/\/augstudy.com\/vi\/huong-dan\/cho-o-sinh-vien\/sinh-vien-mot\/\" \/>\n<meta property=\"og:locale\" content=\"vi_VN\" \/>\n<meta property=\"og:type\" content=\"article\" \/>\n<meta property=\"og:title\" content=\"Student One\" \/>\n<meta property=\"og:description\" content=\"Free counselling for university selection, scholarships and visa applications. Let AUG Student Services fast-track your study-abroad journey today.\" \/>\n<meta property=\"og:url\" content=\"https:\/\/augstudy.com\/vi\/huong-dan\/cho-o-sinh-vien\/sinh-vien-mot\/\" \/>\n<meta property=\"og:site_name\" content=\"AUG Student Services\" \/>\n<meta property=\"article:publisher\" content=\"https:\/\/www.facebook.com\/augmalaysia\/\" \/>\n<meta property=\"article:modified_time\" content=\"2020-08-11T03:22:53+00:00\" \/>\n<meta name=\"twitter:card\" content=\"summary_large_image\" \/>\n<meta name=\"twitter:label1\" content=\"\u01af\u1edbc t\u00ednh th\u1eddi gian \u0111\u1ecdc\" \/>\n\t<meta name=\"twitter:data1\" content=\"2 ph\u00fat\" \/>\n<script type=\"application\/ld+json\" class=\"yoast-schema-graph\">{\"@context\":\"https:\\\/\\\/schema.org\",\"@graph\":[{\"@type\":\"WebPage\",\"@id\":\"https:\\\/\\\/augstudy.com\\\/guide\\\/student-accommodation\\\/student-one\\\/\",\"url\":\"https:\\\/\\\/augstudy.com\\\/guide\\\/student-accommodation\\\/student-one\\\/\",\"name\":\"Student One - AUG Student Services\",\"isPartOf\":{\"@id\":\"https:\\\/\\\/augstudy.com\\\/#website\"},\"datePublished\":\"2020-06-09T05:07:55+00:00\",\"dateModified\":\"2020-08-11T03:22:53+00:00\",\"description\":\"Free counselling for university selection, scholarships and visa applications. Let AUG Student Services fast-track your study-abroad journey today.\",\"breadcrumb\":{\"@id\":\"https:\\\/\\\/augstudy.com\\\/guide\\\/student-accommodation\\\/student-one\\\/#breadcrumb\"},\"inLanguage\":\"vi\",\"potentialAction\":[{\"@type\":\"ReadAction\",\"target\":[\"https:\\\/\\\/augstudy.com\\\/guide\\\/student-accommodation\\\/student-one\\\/\"]}]},{\"@type\":\"BreadcrumbList\",\"@id\":\"https:\\\/\\\/augstudy.com\\\/guide\\\/student-accommodation\\\/student-one\\\/#breadcrumb\",\"itemListElement\":[{\"@type\":\"ListItem\",\"position\":1,\"name\":\"Home\",\"item\":\"https:\\\/\\\/augstudy.com\\\/\"},{\"@type\":\"ListItem\",\"position\":2,\"name\":\"Guide\",\"item\":\"https:\\\/\\\/augstudy.com\\\/guide\\\/\"},{\"@type\":\"ListItem\",\"position\":3,\"name\":\"Student Accommodation\",\"item\":\"https:\\\/\\\/augstudy.com\\\/guide\\\/student-accommodation\\\/\"},{\"@type\":\"ListItem\",\"position\":4,\"name\":\"Student One\"}]},{\"@type\":\"WebSite\",\"@id\":\"https:\\\/\\\/augstudy.com\\\/#website\",\"url\":\"https:\\\/\\\/augstudy.com\\\/\",\"name\":\"AUG Student Services\",\"description\":\"Student Services\",\"alternateName\":\"AUG Global\",\"potentialAction\":[{\"@type\":\"SearchAction\",\"target\":{\"@type\":\"EntryPoint\",\"urlTemplate\":\"https:\\\/\\\/augstudy.com\\\/?s={search_term_string}\"},\"query-input\":{\"@type\":\"PropertyValueSpecification\",\"valueRequired\":true,\"valueName\":\"search_term_string\"}}],\"inLanguage\":\"vi\"}]}<\/script>\n<!-- \/ Yoast SEO Premium plugin. -->","yoast_head_json":{"title":"Sinh Vi\u00ean M\u1ed9t - AUG D\u1ecbch V\u1ee5 Sinh Vi\u00ean","description":"T\u01b0 v\u1ea5n mi\u1ec5n ph\u00ed v\u1ec1 ch\u1ecdn tr\u01b0\u1eddng \u0111\u1ea1i h\u1ecdc, h\u1ecdc b\u1ed5ng v\u00e0 xin th\u1ecb th\u1ef1c. H\u00e3y \u0111\u1ec3 D\u1ecbch v\u1ee5 Sinh vi\u00ean AUG gi\u00fap b\u1ea1n nhanh ch\u00f3ng ho\u00e0n th\u00e0nh h\u00e0nh tr\u00ecnh du h\u1ecdc ngay h\u00f4m nay.","robots":{"index":"index","follow":"follow","max-snippet":"max-snippet:-1","max-image-preview":"max-image-preview:large","max-video-preview":"max-video-preview:-1"},"canonical":"https:\/\/augstudy.com\/vi\/huong-dan\/cho-o-sinh-vien\/sinh-vien-mot\/","og_locale":"vi_VN","og_type":"article","og_title":"Student One","og_description":"Free counselling for university selection, scholarships and visa applications. Let AUG Student Services fast-track your study-abroad journey today.","og_url":"https:\/\/augstudy.com\/vi\/huong-dan\/cho-o-sinh-vien\/sinh-vien-mot\/","og_site_name":"AUG Student Services","article_publisher":"https:\/\/www.facebook.com\/augmalaysia\/","article_modified_time":"2020-08-11T03:22:53+00:00","twitter_card":"summary_large_image","twitter_misc":{"\u01af\u1edbc t\u00ednh th\u1eddi gian \u0111\u1ecdc":"2 ph\u00fat"},"schema":{"@context":"https:\/\/schema.org","@graph":[{"@type":"WebPage","@id":"https:\/\/augstudy.com\/guide\/student-accommodation\/student-one\/","url":"https:\/\/augstudy.com\/guide\/student-accommodation\/student-one\/","name":"Sinh Vi\u00ean M\u1ed9t - AUG D\u1ecbch V\u1ee5 Sinh Vi\u00ean","isPartOf":{"@id":"https:\/\/augstudy.com\/#website"},"datePublished":"2020-06-09T05:07:55+00:00","dateModified":"2020-08-11T03:22:53+00:00","description":"T\u01b0 v\u1ea5n mi\u1ec5n ph\u00ed v\u1ec1 ch\u1ecdn tr\u01b0\u1eddng \u0111\u1ea1i h\u1ecdc, h\u1ecdc b\u1ed5ng v\u00e0 xin th\u1ecb th\u1ef1c. H\u00e3y \u0111\u1ec3 D\u1ecbch v\u1ee5 Sinh vi\u00ean AUG gi\u00fap b\u1ea1n nhanh ch\u00f3ng ho\u00e0n th\u00e0nh h\u00e0nh tr\u00ecnh du h\u1ecdc ngay h\u00f4m nay.","breadcrumb":{"@id":"https:\/\/augstudy.com\/guide\/student-accommodation\/student-one\/#breadcrumb"},"inLanguage":"vi","potentialAction":[{"@type":"ReadAction","target":["https:\/\/augstudy.com\/guide\/student-accommodation\/student-one\/"]}]},{"@type":"BreadcrumbList","@id":"https:\/\/augstudy.com\/guide\/student-accommodation\/student-one\/#breadcrumb","itemListElement":[{"@type":"ListItem","position":1,"name":"Home","item":"https:\/\/augstudy.com\/"},{"@type":"ListItem","position":2,"name":"Guide","item":"https:\/\/augstudy.com\/guide\/"},{"@type":"ListItem","position":3,"name":"Student Accommodation","item":"https:\/\/augstudy.com\/guide\/student-accommodation\/"},{"@type":"ListItem","position":4,"name":"Student One"}]},{"@type":"WebSite","@id":"https:\/\/augstudy.com\/#website","url":"https:\/\/augstudy.com\/","name":"D\u1ecbch v\u1ee5 Sinh vi\u00ean AUG","description":"D\u1ecbch v\u1ee5 sinh vi\u00ean","alternateName":"AUG Global","potentialAction":[{"@type":"SearchAction","target":{"@type":"EntryPoint","urlTemplate":"https:\/\/augstudy.com\/?s={search_term_string}"},"query-input":{"@type":"PropertyValueSpecification","valueRequired":true,"valueName":"search_term_string"}}],"inLanguage":"vi"}]}},"_links":{"self":[{"href":"https:\/\/augstudy.com\/vi\/wp-json\/wp\/v2\/pages\/89038","targetHints":{"allow":["GET"]}}],"collection":[{"href":"https:\/\/augstudy.com\/vi\/wp-json\/wp\/v2\/pages"}],"about":[{"href":"https:\/\/augstudy.com\/vi\/wp-json\/wp\/v2\/types\/page"}],"author":[{"embeddable":true,"href":"https:\/\/augstudy.com\/vi\/wp-json\/wp\/v2\/users\/4"}],"replies":[{"embeddable":true,"href":"https:\/\/augstudy.com\/vi\/wp-json\/wp\/v2\/comments?post=89038"}],"version-history":[{"count":0,"href":"https:\/\/augstudy.com\/vi\/wp-json\/wp\/v2\/pages\/89038\/revisions"}],"up":[{"embeddable":true,"href":"https:\/\/augstudy.com\/vi\/wp-json\/wp\/v2\/pages\/89147"}],"wp:attachment":[{"href":"https:\/\/augstudy.com\/vi\/wp-json\/wp\/v2\/media?parent=89038"}],"curies":[{"name":"wp","href":"https:\/\/api.w.org\/{rel}","templated":true}]}}