{"id":6361,"date":"2018-06-11T23:51:48","date_gmt":"2018-06-11T23:51:48","guid":{"rendered":"http:\/\/edsearch.com.au\/?page_id=6361"},"modified":"2018-06-11T23:51:48","modified_gmt":"2018-06-11T23:51:48","slug":"about-the-republic-of-ireland","status":"publish","type":"page","link":"https:\/\/augstudy.com\/vi\/about-the-republic-of-ireland\/","title":{"rendered":"Gi\u1edbi thi\u1ec7u v\u1ec1 C\u1ed9ng h\u00f2a Ireland"},"content":{"rendered":"<div class=\"vc_row wpb_row vc_row-fluid aug_spacer_all_iphone_30\"><div class=\"wpb_column vc_column_container vc_col-sm-12\"><div class=\"vc_column-inner\"><div class=\"wpb_wrapper\"><div style=\"background-color:; height: 100px;\" class=\"nicdark_section\"><\/div><\/div><\/div><\/div><\/div><div class=\"vc_row wpb_row vc_row-fluid\"><div class=\"wpb_column vc_column_container vc_col-sm-6\"><div class=\"vc_column-inner\"><div class=\"wpb_wrapper\">\n    <div style=\"text-align:left;\" class=\"nd_options_section\">\n      <img decoding=\"async\" alt=\"\" style=\"width:;\" class=\"aug_image_123 nd_options_margin_0 nd_options_padding_0\" src=\"https:\/\/augstudy.com\/aug-website-files\/wp-content\/uploads\/2018\/05\/about_au_environment_yellow.jpg\">\n    <\/div>\n   \n\t<div class=\"wpb_text_column wpb_content_element  wpb_animate_when_almost_visible wpb_top-to-bottom nd_options_padding_right_30 nd_options_padding_right_0_all_iphone\">\n\t\t<div class=\"wpb_wrapper\">\n\t\t\t<p>C\u1ed9ng h\u00f2a Ireland c\u00f3 m\u1ed9t di s\u1ea3n \u0111\u1ea7y m\u00e0u s\u1eafc v\u1ec1 gi\u00e1o d\u1ee5c, \u0111\u01b0\u1ee3c l\u1ecbch s\u1eed g\u1ecdi l\u00e0 \u201c\u0110\u1ea3o c\u1ee7a c\u00e1c v\u1ecb th\u00e1nh v\u00e0 h\u1ecdc gi\u1ea3\u201d. Gi\u00e1o d\u1ee5c \u0111\u01b0\u1ee3c \u0111\u00e1nh gi\u00e1 cao \u1edf Ireland, \u0111i\u1ec1u n\u00e0y th\u1ec3 hi\u1ec7n r\u00f5 qua cam k\u1ebft c\u1ee7a h\u1ecd trong vi\u1ec7c cung c\u1ea5p n\u1ec1n gi\u00e1o d\u1ee5c h\u00e0ng \u0111\u1ea7u v\u00e0 t\u1eeb \u0111\u00f3 t\u1ea1o ra m\u1ed9t s\u1ed1 sinh vi\u00ean t\u1ed1t nghi\u1ec7p c\u00f3 kh\u1ea3 n\u0103ng tuy\u1ec3n d\u1ee5ng cao nh\u1ea5t th\u1ebf gi\u1edbi.<\/p>\n\n\t\t<\/div>\n\t<\/div>\n<\/div><\/div><\/div><div class=\"wpb_column vc_column_container vc_col-sm-6\"><div class=\"vc_column-inner\"><div class=\"wpb_wrapper\">\n    <div style=\"text-align:left;\" class=\"nd_options_section\">\n      <img decoding=\"async\" alt=\"\" style=\"width:;\" class=\"aug_image_123 nd_options_padding_left_30 nd_options_padding_left_0_all_iphone nd_options_margin_0 nd_options_padding_0\" src=\"https:\/\/augstudy.com\/aug-website-files\/wp-content\/uploads\/2018\/05\/about_au_muticultural_yellow.jpg\">\n    <\/div>\n   \n\t<div class=\"wpb_text_column wpb_content_element  wpb_animate_when_almost_visible wpb_top-to-bottom nd_options_padding_left_30 nd_options_padding_left_0_all_iphone\">\n\t\t<div class=\"wpb_wrapper\">\n\t\t\t<p>Ireland cung c\u1ea5p m\u1ed9t m\u00f4i tr\u01b0\u1eddng s\u1ed1ng \u0111\u1ed9ng, an to\u00e0n v\u00e0 \u0111\u1ea3m b\u1ea3o \u0111\u1ec3 h\u1ecdc t\u1eadp v\u00e0 sinh s\u1ed1ng. Kh\u00ed h\u1eadu c\u0169ng \u00f4n h\u00f2a, hi\u1ebfm khi c\u00f3 tuy\u1ebft v\u00e0 nhi\u1ec7t \u0111\u1ed9 xu\u1ed1ng d\u01b0\u1edbi m\u1ee9c \u0111\u00f3ng b\u0103ng. Ng\u01b0\u1eddi Ireland c\u0169ng n\u1ed5i ti\u1ebfng l\u00e0 m\u1ed9t trong nh\u1eefng ng\u01b0\u1eddi th\u00e2n thi\u1ec7n nh\u1ea5t th\u1ebf gi\u1edbi. Vi\u1ec7c h\u00f2a nh\u1eadp v\u1edbi m\u00f4i tr\u01b0\u1eddng \u1edf Ireland s\u1ebd r\u1ea5t d\u1ec5 d\u00e0ng.<\/p>\n\n\t\t<\/div>\n\t<\/div>\n<\/div><\/div><\/div><\/div><div class=\"vc_row wpb_row vc_row-fluid aug_spacer_all_iphone_5\"><div class=\"wpb_column vc_column_container vc_col-sm-12\"><div class=\"vc_column-inner\"><div class=\"wpb_wrapper\"><div style=\"background-color:; height: 30px;\" class=\"nicdark_section\"><\/div><\/div><\/div><\/div><\/div><div class=\"vc_row wpb_row vc_row-fluid\"><div class=\"wpb_column vc_column_container vc_col-sm-6\"><div class=\"vc_column-inner\"><div class=\"wpb_wrapper\">\n    <div style=\"text-align:left;\" class=\"nd_options_section\">\n      <img decoding=\"async\" alt=\"\" style=\"width:;\" class=\"aug_image_123 nd_options_margin_0 nd_options_padding_0\" src=\"https:\/\/augstudy.com\/aug-website-files\/wp-content\/uploads\/2018\/05\/about_au_symbol_yellow.jpg\">\n    <\/div>\n   \n\t<div class=\"wpb_text_column wpb_content_element  nd_options_padding_right_30 nd_options_padding_right_0_all_iphone\">\n\t\t<div class=\"wpb_wrapper\">\n\t\t\t<p>H\u1ecdc t\u1eadp t\u1ea1i Ireland kh\u00f4ng y\u00eau c\u1ea7u th\u1ecb th\u1ef1c sinh vi\u00ean, c\u00e1c ch\u01b0\u01a1ng tr\u00ecnh th\u1ea1c s\u0129 c\u1ee7a h\u1ecd ch\u1ec9 k\u00e9o d\u00e0i m\u1ed9t n\u0103m, b\u1ea1n c\u00f3 th\u1ec3 l\u00e0m vi\u1ec7c b\u00e1n th\u1eddi gian l\u00ean t\u1edbi 20 gi\u1edd m\u1ed7i tu\u1ea7n trong khi h\u1ecdc (ki\u1ebfm \u0111\u01b0\u1ee3c 8-9 Euro m\u1ed7i gi\u1edd) v\u00e0 c\u00f3 c\u01a1 h\u1ed9i l\u00e0m vi\u1ec7c sau khi h\u1ecdc. B\u1ea1n c\u00f3 c\u1ea7n g\u00ec n\u1eefa kh\u00f4ng?<\/p>\n\n\t\t<\/div>\n\t<\/div>\n<\/div><\/div><\/div><div class=\"wpb_column vc_column_container vc_col-sm-6\"><div class=\"vc_column-inner\"><div class=\"wpb_wrapper\">\n    <div style=\"text-align:left;\" class=\"nd_options_section\">\n      <img decoding=\"async\" alt=\"\" style=\"width:;\" class=\"aug_image_123 nd_options_padding_left_30 nd_options_padding_left_0_all_iphone nd_options_margin_0 nd_options_padding_0\" src=\"https:\/\/augstudy.com\/aug-website-files\/wp-content\/uploads\/2018\/05\/about_au_activities_yellow.jpg\">\n    <\/div>\n   \n\t<div class=\"wpb_text_column wpb_content_element  nd_options_padding_left_30 nd_options_padding_left_0_all_iphone\">\n\t\t<div class=\"wpb_wrapper\">\n\t\t\t<p>Ed Sheeran y\u00eau Ireland v\u00e0 v\u0103n h\u00f3a c\u1ee7a n\u00f3 r\u1ea5t nhi\u1ec1u, anh \u1ea5y \u0111\u00e3 vi\u1ebft m\u1ed9t b\u00e0i h\u00e1t v\u1ec1 n\u00f3 (b\u1ea1n \u0111\u00e3 nghe n\u00f3i v\u1ec1 Galway Girl ch\u01b0a?). T\u1eeb \u00e2m nh\u1ea1c d\u00e2n gian truy\u1ec1n th\u1ed1ng \u0111\u1eb7c tr\u01b0ng c\u1ee7a Ireland \u0111\u1ebfn v\u00f4 s\u1ed1 qu\u00e1n r\u01b0\u1ee3u truy\u1ec1n th\u1ed1ng c\u1ee7a Ireland n\u1eb1m r\u1ea3i r\u00e1c xung quanh, th\u1eadt d\u1ec5 d\u00e0ng \u0111\u1ec3 l\u1ea1c v\u00e0o m\u1ed9t n\u1ec1n v\u0103n h\u00f3a vui v\u1ebb v\u00e0 \u0111\u1ea7y m\u00e0u s\u1eafc nh\u01b0 v\u1eady. C\u00f3 l\u1ebd b\u1ea1n c\u0169ng s\u1ebd th\u00edch vi\u1ebft m\u1ed9t b\u00e0i h\u00e1t n\u1ed5i ti\u1ebfng v\u1ec1 Ireland?<\/p>\n\n\t\t<\/div>\n\t<\/div>\n<\/div><\/div><\/div><\/div><div class=\"vc_row wpb_row vc_row-fluid aug_spacer_all_iphone_20\"><div class=\"wpb_column vc_column_container vc_col-sm-12\"><div class=\"vc_column-inner\"><div class=\"wpb_wrapper\"><div style=\"background-color:; height: 60px;\" class=\"nicdark_section\"><\/div><\/div><\/div><\/div><\/div><div data-vc-full-width=\"true\" data-vc-full-width-init=\"false\" class=\"vc_row wpb_row vc_row-fluid vc_custom_1522319996888 vc_row-has-fill\"><div class=\"wpb_column vc_column_container vc_col-sm-12\"><div class=\"vc_column-inner vc_custom_1467269031076\"><div class=\"wpb_wrapper\"><div class=\"vc_row wpb_row vc_inner vc_row-fluid\"><div class=\"wpb_column vc_column_container vc_col-sm-4\"><div class=\"vc_column-inner\"><div class=\"wpb_wrapper\"><div style=\"background-color:; height: 20px;\" class=\"nicdark_section\"><\/div> <h2 style=\"color:#ffffff; padding:px; text-align:center; font-size:46px; line-height:55px; letter-spacing: 2px; font-weight:bold;\" class=\"mainpage nd_options_second_font\">C\u00e2u h\u1ecfi<\/h2> <\/div><\/div><\/div><div class=\"wpb_column vc_column_container vc_col-sm-4\"><div class=\"vc_column-inner\"><div class=\"wpb_wrapper\"><div style=\"background-color:; height: 20px;\" class=\"nicdark_section\"><\/div> <h2 style=\"color:#ffffff; padding:px; text-align:center; font-size:46px; line-height:55px; letter-spacing: 2px; font-weight:bold;\" class=\"mainpage nd_options_second_font\">Du h\u1ecdc \u00dac<\/h2> <\/div><\/div><\/div><div class=\"wpb_column vc_column_container vc_col-sm-4\"><div class=\"vc_column-inner\"><div class=\"wpb_wrapper\"><div style=\"background-color:; height: 20px;\" class=\"nicdark_section\"><\/div> <h2 style=\"color:#ffffff; padding:px; text-align:center; font-size:46px; line-height:55px; letter-spacing: 2px; font-weight:bold;\" class=\"mainpage nd_options_second_font\">T\u1ea1i sao \u00dac<\/h2> <\/div><\/div><\/div><\/div><\/div><\/div><\/div><\/div><div class=\"vc_row-full-width vc_clearfix\"><\/div>","protected":false},"excerpt":{"rendered":"The Republic of Ireland has a colourful heritage in education, historically known as the \u201cIsland of the Saints and Scholars\u201d. Education is highly regarded in Ireland, this is evident in their commitment to providing top class education and therefore producing some of the world\u2019s most employable graduates. Ireland provides a lively, safe and secure environment [...]","protected":false},"author":1,"featured_media":0,"parent":0,"menu_order":0,"comment_status":"closed","ping_status":"closed","template":"","meta":{"footnotes":""},"class_list":["post-6361","page","type-page","status-publish","hentry"],"yoast_head":"<!-- This site is optimized with the Yoast SEO Premium plugin v27.5 (Yoast SEO v27.5) - https:\/\/yoast.com\/product\/yoast-seo-premium-wordpress\/ -->\n<title>About The Republic of Ireland - AUG Student Services<\/title>\n<meta name=\"description\" content=\"Free counselling for university selection, scholarships and visa applications. Let AUG Student Services fast-track your study-abroad journey today.\" \/>\n<meta name=\"robots\" content=\"index, follow, max-snippet:-1, max-image-preview:large, max-video-preview:-1\" \/>\n<link rel=\"canonical\" href=\"https:\/\/augstudy.com\/vi\/about-the-republic-of-ireland\/\" \/>\n<meta property=\"og:locale\" content=\"vi_VN\" \/>\n<meta property=\"og:type\" content=\"article\" \/>\n<meta property=\"og:title\" content=\"About The Republic of Ireland\" \/>\n<meta property=\"og:description\" content=\"Free counselling for university selection, scholarships and visa applications. Let AUG Student Services fast-track your study-abroad journey today.\" \/>\n<meta property=\"og:url\" content=\"https:\/\/augstudy.com\/vi\/about-the-republic-of-ireland\/\" \/>\n<meta property=\"og:site_name\" content=\"AUG Student Services\" \/>\n<meta property=\"article:publisher\" content=\"https:\/\/www.facebook.com\/augmalaysia\/\" \/>\n<meta name=\"twitter:card\" content=\"summary_large_image\" \/>\n<meta name=\"twitter:label1\" content=\"\u01af\u1edbc t\u00ednh th\u1eddi gian \u0111\u1ecdc\" \/>\n\t<meta name=\"twitter:data1\" content=\"4 ph\u00fat\" \/>\n<script type=\"application\/ld+json\" class=\"yoast-schema-graph\">{\"@context\":\"https:\\\/\\\/schema.org\",\"@graph\":[{\"@type\":\"WebPage\",\"@id\":\"https:\\\/\\\/augstudy.com\\\/about-the-republic-of-ireland\\\/\",\"url\":\"https:\\\/\\\/augstudy.com\\\/about-the-republic-of-ireland\\\/\",\"name\":\"About The Republic of Ireland - AUG Student Services\",\"isPartOf\":{\"@id\":\"https:\\\/\\\/augstudy.com\\\/#website\"},\"datePublished\":\"2018-06-11T23:51:48+00:00\",\"description\":\"Free counselling for university selection, scholarships and visa applications. Let AUG Student Services fast-track your study-abroad journey today.\",\"breadcrumb\":{\"@id\":\"https:\\\/\\\/augstudy.com\\\/about-the-republic-of-ireland\\\/#breadcrumb\"},\"inLanguage\":\"vi\",\"potentialAction\":[{\"@type\":\"ReadAction\",\"target\":[\"https:\\\/\\\/augstudy.com\\\/about-the-republic-of-ireland\\\/\"]}]},{\"@type\":\"BreadcrumbList\",\"@id\":\"https:\\\/\\\/augstudy.com\\\/about-the-republic-of-ireland\\\/#breadcrumb\",\"itemListElement\":[{\"@type\":\"ListItem\",\"position\":1,\"name\":\"Home\",\"item\":\"https:\\\/\\\/augstudy.com\\\/\"},{\"@type\":\"ListItem\",\"position\":2,\"name\":\"About The Republic of Ireland\"}]},{\"@type\":\"WebSite\",\"@id\":\"https:\\\/\\\/augstudy.com\\\/#website\",\"url\":\"https:\\\/\\\/augstudy.com\\\/\",\"name\":\"AUG Student Services\",\"description\":\"Student Services\",\"alternateName\":\"AUG Global\",\"potentialAction\":[{\"@type\":\"SearchAction\",\"target\":{\"@type\":\"EntryPoint\",\"urlTemplate\":\"https:\\\/\\\/augstudy.com\\\/?s={search_term_string}\"},\"query-input\":{\"@type\":\"PropertyValueSpecification\",\"valueRequired\":true,\"valueName\":\"search_term_string\"}}],\"inLanguage\":\"vi\"}]}<\/script>\n<!-- \/ Yoast SEO Premium plugin. -->","yoast_head_json":{"title":"About The Republic of Ireland - AUG Student Services","description":"T\u01b0 v\u1ea5n mi\u1ec5n ph\u00ed v\u1ec1 ch\u1ecdn tr\u01b0\u1eddng \u0111\u1ea1i h\u1ecdc, h\u1ecdc b\u1ed5ng v\u00e0 xin th\u1ecb th\u1ef1c. H\u00e3y \u0111\u1ec3 D\u1ecbch v\u1ee5 Sinh vi\u00ean AUG gi\u00fap b\u1ea1n nhanh ch\u00f3ng ho\u00e0n th\u00e0nh h\u00e0nh tr\u00ecnh du h\u1ecdc ngay h\u00f4m nay.","robots":{"index":"index","follow":"follow","max-snippet":"max-snippet:-1","max-image-preview":"max-image-preview:large","max-video-preview":"max-video-preview:-1"},"canonical":"https:\/\/augstudy.com\/vi\/about-the-republic-of-ireland\/","og_locale":"vi_VN","og_type":"article","og_title":"About The Republic of Ireland","og_description":"Free counselling for university selection, scholarships and visa applications. Let AUG Student Services fast-track your study-abroad journey today.","og_url":"https:\/\/augstudy.com\/vi\/about-the-republic-of-ireland\/","og_site_name":"AUG Student Services","article_publisher":"https:\/\/www.facebook.com\/augmalaysia\/","twitter_card":"summary_large_image","twitter_misc":{"\u01af\u1edbc t\u00ednh th\u1eddi gian \u0111\u1ecdc":"4 ph\u00fat"},"schema":{"@context":"https:\/\/schema.org","@graph":[{"@type":"WebPage","@id":"https:\/\/augstudy.com\/about-the-republic-of-ireland\/","url":"https:\/\/augstudy.com\/about-the-republic-of-ireland\/","name":"About The Republic of Ireland - AUG Student Services","isPartOf":{"@id":"https:\/\/augstudy.com\/#website"},"datePublished":"2018-06-11T23:51:48+00:00","description":"T\u01b0 v\u1ea5n mi\u1ec5n ph\u00ed v\u1ec1 ch\u1ecdn tr\u01b0\u1eddng \u0111\u1ea1i h\u1ecdc, h\u1ecdc b\u1ed5ng v\u00e0 xin th\u1ecb th\u1ef1c. H\u00e3y \u0111\u1ec3 D\u1ecbch v\u1ee5 Sinh vi\u00ean AUG gi\u00fap b\u1ea1n nhanh ch\u00f3ng ho\u00e0n th\u00e0nh h\u00e0nh tr\u00ecnh du h\u1ecdc ngay h\u00f4m nay.","breadcrumb":{"@id":"https:\/\/augstudy.com\/about-the-republic-of-ireland\/#breadcrumb"},"inLanguage":"vi","potentialAction":[{"@type":"ReadAction","target":["https:\/\/augstudy.com\/about-the-republic-of-ireland\/"]}]},{"@type":"BreadcrumbList","@id":"https:\/\/augstudy.com\/about-the-republic-of-ireland\/#breadcrumb","itemListElement":[{"@type":"ListItem","position":1,"name":"Home","item":"https:\/\/augstudy.com\/"},{"@type":"ListItem","position":2,"name":"About The Republic of Ireland"}]},{"@type":"WebSite","@id":"https:\/\/augstudy.com\/#website","url":"https:\/\/augstudy.com\/","name":"D\u1ecbch v\u1ee5 Sinh vi\u00ean AUG","description":"D\u1ecbch v\u1ee5 sinh vi\u00ean","alternateName":"AUG Global","potentialAction":[{"@type":"SearchAction","target":{"@type":"EntryPoint","urlTemplate":"https:\/\/augstudy.com\/?s={search_term_string}"},"query-input":{"@type":"PropertyValueSpecification","valueRequired":true,"valueName":"search_term_string"}}],"inLanguage":"vi"}]}},"_links":{"self":[{"href":"https:\/\/augstudy.com\/vi\/wp-json\/wp\/v2\/pages\/6361","targetHints":{"allow":["GET"]}}],"collection":[{"href":"https:\/\/augstudy.com\/vi\/wp-json\/wp\/v2\/pages"}],"about":[{"href":"https:\/\/augstudy.com\/vi\/wp-json\/wp\/v2\/types\/page"}],"author":[{"embeddable":true,"href":"https:\/\/augstudy.com\/vi\/wp-json\/wp\/v2\/users\/1"}],"replies":[{"embeddable":true,"href":"https:\/\/augstudy.com\/vi\/wp-json\/wp\/v2\/comments?post=6361"}],"version-history":[{"count":0,"href":"https:\/\/augstudy.com\/vi\/wp-json\/wp\/v2\/pages\/6361\/revisions"}],"wp:attachment":[{"href":"https:\/\/augstudy.com\/vi\/wp-json\/wp\/v2\/media?parent=6361"}],"curies":[{"name":"wp","href":"https:\/\/api.w.org\/{rel}","templated":true}]}}