{"id":6360,"date":"2018-06-11T23:50:46","date_gmt":"2018-06-11T23:50:46","guid":{"rendered":"http:\/\/edsearch.com.au\/?page_id=6360"},"modified":"2018-06-11T23:50:46","modified_gmt":"2018-06-11T23:50:46","slug":"about-switzerland","status":"publish","type":"page","link":"https:\/\/augstudy.com\/vi\/about-switzerland\/","title":{"rendered":"V\u1ec1 Th\u1ee5y S\u0129"},"content":{"rendered":"<div class=\"vc_row wpb_row vc_row-fluid aug_spacer_all_iphone_30\"><div class=\"wpb_column vc_column_container vc_col-sm-12\"><div class=\"vc_column-inner\"><div class=\"wpb_wrapper\"><div style=\"background-color:; height: 100px;\" class=\"nicdark_section\"><\/div><\/div><\/div><\/div><\/div><div class=\"vc_row wpb_row vc_row-fluid\"><div class=\"wpb_column vc_column_container vc_col-sm-6\"><div class=\"vc_column-inner\"><div class=\"wpb_wrapper\">\n    <div style=\"text-align:left;\" class=\"nd_options_section\">\n      <img decoding=\"async\" alt=\"\" style=\"width:;\" class=\"aug_image_123 nd_options_margin_0 nd_options_padding_0\" src=\"https:\/\/augstudy.com\/aug-website-files\/wp-content\/uploads\/2018\/05\/about_au_environment_yellow.jpg\">\n    <\/div>\n   \n\t<div class=\"wpb_text_column wpb_content_element  wpb_animate_when_almost_visible wpb_top-to-bottom nd_options_padding_right_30 nd_options_padding_right_0_all_iphone\">\n\t\t<div class=\"wpb_wrapper\">\n\t\t\t<p>\u0110\u00f4i khi, h\u00ecnh \u1ea3nh v\u1ec1 c\u00e1c \u0111\u1ecba \u0111i\u1ec3m c\u00f3 th\u1ec3 g\u00e2y hi\u1ec3u nh\u1ea7m, \u0111\u1eb7c bi\u1ec7t l\u00e0 v\u1edbi nhi\u1ec1u c\u00f4ng c\u1ee5 ch\u1ec9nh s\u1eeda hi\u1ec7n c\u00f3 nh\u01b0ng h\u00e3y so s\u00e1nh nh\u1eefng b\u1ee9c \u1ea3nh v\u1ec1 phong c\u1ea3nh \u0111\u1eb9p \u1edf Th\u1ee5y S\u0129 v\u1edbi \u1ea3nh th\u1eadt v\u00e0 b\u1ea1n s\u1ebd th\u1ea5y r\u1eb1ng c\u00f3 r\u1ea5t \u00edt ho\u1eb7c kh\u00f4ng c\u00f3 s\u1ef1 kh\u00e1c bi\u1ec7t. Th\u1ee5y S\u0129 th\u1ef1c s\u1ef1 xinh \u0111\u1eb9p v\u1edbi phong c\u1ea3nh r\u1ed9ng l\u1edbn, nh\u1eefng ng\u1ecdn n\u00fai h\u00f9ng v\u0129 v\u00e0 nh\u1eefng v\u00f9ng qu\u00ea c\u1ed5 k\u00ednh.<\/p>\n\n\t\t<\/div>\n\t<\/div>\n<\/div><\/div><\/div><div class=\"wpb_column vc_column_container vc_col-sm-6\"><div class=\"vc_column-inner\"><div class=\"wpb_wrapper\">\n    <div style=\"text-align:left;\" class=\"nd_options_section\">\n      <img decoding=\"async\" alt=\"\" style=\"width:;\" class=\"aug_image_123 nd_options_padding_left_30 nd_options_padding_left_0_all_iphone nd_options_margin_0 nd_options_padding_0\" src=\"https:\/\/augstudy.com\/aug-website-files\/wp-content\/uploads\/2018\/05\/about_au_muticultural_yellow.jpg\">\n    <\/div>\n   \n\t<div class=\"wpb_text_column wpb_content_element  wpb_animate_when_almost_visible wpb_top-to-bottom nd_options_padding_left_30 nd_options_padding_left_0_all_iphone\">\n\t\t<div class=\"wpb_wrapper\">\n\t\t\t<p>Th\u1ee5y S\u0129 n\u1ed5i ti\u1ebfng v\u1ec1 nhi\u1ec1u th\u1ee9. Ngo\u00e0i s\u1ef1 n\u1ed5i ti\u1ebfng r\u00f5 r\u00e0ng c\u1ee7a d\u00e3y n\u00fai Alps \u1edf Th\u1ee5y S\u0129, nh\u1eefng chi\u1ebfc \u0111\u1ed3ng h\u1ed3 xa x\u1ec9 t\u1ed1t nh\u1ea5t (nh\u01b0 Rolex, Patek Philippe v\u00e0 Panerai), m\u1ed9t s\u1ed1 ng\u00e2n h\u00e0ng \u1ed5n \u0111\u1ecbnh nh\u1ea5t tr\u00ean th\u1ebf gi\u1edbi v\u00e0 s\u00f4-c\u00f4-la ngon nh\u1ea5t (b\u1ea1n \u0111\u00e3 nghe n\u00f3i \u0111\u1ebfn Toblerone ch\u01b0a?) \u0111\u1ec1u t\u1ef1 h\u00e0o \u0111\u1ebfn t\u1eeb Th\u1ee5y S\u0129. N\u1ec1n gi\u00e1o d\u1ee5c Th\u1ee5y S\u0129 c\u0169ng \u0111\u01b0\u1ee3c \u0111\u00e1nh gi\u00e1 cao v\u00e0 n\u1ed5i ti\u1ebfng th\u1ebf gi\u1edbi. V\u00ec v\u1eady, h\u00e3y l\u00e0 m\u1ed9t ph\u1ea7n c\u1ee7a nh\u1eefng \u0111i\u1ec1u t\u1ed1t nh\u1ea5t.<\/p>\n\n\t\t<\/div>\n\t<\/div>\n<\/div><\/div><\/div><\/div><div class=\"vc_row wpb_row vc_row-fluid aug_spacer_all_iphone_5\"><div class=\"wpb_column vc_column_container vc_col-sm-12\"><div class=\"vc_column-inner\"><div class=\"wpb_wrapper\"><div style=\"background-color:; height: 30px;\" class=\"nicdark_section\"><\/div><\/div><\/div><\/div><\/div><div class=\"vc_row wpb_row vc_row-fluid\"><div class=\"wpb_column vc_column_container vc_col-sm-6\"><div class=\"vc_column-inner\"><div class=\"wpb_wrapper\">\n    <div style=\"text-align:left;\" class=\"nd_options_section\">\n      <img decoding=\"async\" alt=\"\" style=\"width:;\" class=\"aug_image_123 nd_options_margin_0 nd_options_padding_0\" src=\"https:\/\/augstudy.com\/aug-website-files\/wp-content\/uploads\/2018\/05\/about_au_symbol_yellow.jpg\">\n    <\/div>\n   \n\t<div class=\"wpb_text_column wpb_content_element  nd_options_padding_right_30 nd_options_padding_right_0_all_iphone\">\n\t\t<div class=\"wpb_wrapper\">\n\t\t\t<p>V\u1ecb tr\u00ed chi\u1ebfn l\u01b0\u1ee3c c\u1ee7a Th\u1ee5y S\u0129 ngay t\u1ea1i trung t\u00e2m ch\u00e2u \u00c2u khi\u1ebfn ph\u1ea7n c\u00f2n l\u1ea1i c\u1ee7a ch\u00e2u \u00c2u n\u1eb1m trong t\u1ea7m tay. V\u1edbi h\u1ea7u h\u1ebft c\u00e1c qu\u1ed1c gia ch\u00e2u \u00c2u ch\u1ec9 c\u00e1ch \u0111\u00f3 kho\u1ea3ng v\u00e0i gi\u1edd \u0111i t\u00e0u ho\u1eb7c chuy\u1ebfn bay ng\u1eafn, ngay c\u1ea3 nh\u1eefng ng\u01b0\u1eddi \u00edt phi\u00eau l\u01b0u nh\u1ea5t c\u0169ng s\u1ebd mu\u1ed1n kh\u00e1m ph\u00e1!<\/p>\n\n\t\t<\/div>\n\t<\/div>\n<\/div><\/div><\/div><div class=\"wpb_column vc_column_container vc_col-sm-6\"><div class=\"vc_column-inner\"><div class=\"wpb_wrapper\">\n    <div style=\"text-align:left;\" class=\"nd_options_section\">\n      <img decoding=\"async\" alt=\"\" style=\"width:;\" class=\"aug_image_123 nd_options_padding_left_30 nd_options_padding_left_0_all_iphone nd_options_margin_0 nd_options_padding_0\" src=\"https:\/\/augstudy.com\/aug-website-files\/wp-content\/uploads\/2018\/05\/about_au_activities_yellow.jpg\">\n    <\/div>\n   \n\t<div class=\"wpb_text_column wpb_content_element  nd_options_padding_left_30 nd_options_padding_left_0_all_iphone\">\n\t\t<div class=\"wpb_wrapper\">\n\t\t\t<p>Phong c\u1ea3nh d\u1ed1c, nguy hi\u1ec3m v\u00e0 \u0111\u1ea7y tuy\u1ebft c\u1ee7a d\u00e3y n\u00fai Alps \u1edf Th\u1ee5y S\u0129 l\u00e0 n\u01a1i ho\u00e0n h\u1ea3o cho nh\u1eefng ng\u01b0\u1eddi t\u00ecm ki\u1ebfm c\u1ea3m gi\u00e1c m\u1ea1nh, nh\u1eefng ng\u01b0\u1eddi th\u00edch th\u00fa khi lao xu\u1ed1ng s\u01b0\u1eddn d\u1ed1c \u1edf t\u1ed1c \u0111\u1ed9 cao v\u00e0 \u0111\u1ed9 cao ch\u00f3ng m\u1eb7t. Tuy nhi\u00ean, d\u00e3y n\u00fai Alps c\u1ee7a Th\u1ee5y S\u0129 c\u0169ng t\u1ed5 ch\u1ee9c m\u1ed9t lo\u1ea1t ho\u1ea1t \u0111\u1ed9ng d\u00e0nh cho nh\u1eefng ng\u01b0\u1eddi thu\u1ea7n h\u00f3a h\u01a1n m\u1ed9t ch\u00fat khi d\u00e0nh th\u1eddi gian r\u1ea3nh r\u1ed7i. C\u00f3 m\u1ed9t ho\u1ea1t \u0111\u1ed9ng d\u00e0nh cho t\u1ea5t c\u1ea3 m\u1ecdi ng\u01b0\u1eddi \u1edf \u0111\u00e2y.<\/p>\n\n\t\t<\/div>\n\t<\/div>\n<\/div><\/div><\/div><\/div><div class=\"vc_row wpb_row vc_row-fluid aug_spacer_all_iphone_20\"><div class=\"wpb_column vc_column_container vc_col-sm-12\"><div class=\"vc_column-inner\"><div class=\"wpb_wrapper\"><div style=\"background-color:; height: 60px;\" class=\"nicdark_section\"><\/div><\/div><\/div><\/div><\/div><div data-vc-full-width=\"true\" data-vc-full-width-init=\"false\" class=\"vc_row wpb_row vc_row-fluid vc_custom_1522319996888 vc_row-has-fill\"><div class=\"wpb_column vc_column_container vc_col-sm-12\"><div class=\"vc_column-inner vc_custom_1467269031076\"><div class=\"wpb_wrapper\"><div class=\"vc_row wpb_row vc_inner vc_row-fluid\"><div class=\"wpb_column vc_column_container vc_col-sm-4\"><div class=\"vc_column-inner\"><div class=\"wpb_wrapper\"><div style=\"background-color:; height: 20px;\" class=\"nicdark_section\"><\/div> <h2 style=\"color:#ffffff; padding:px; text-align:center; font-size:46px; line-height:55px; letter-spacing: 2px; font-weight:bold;\" class=\"mainpage nd_options_second_font\">C\u00e2u h\u1ecfi<\/h2> <\/div><\/div><\/div><div class=\"wpb_column vc_column_container vc_col-sm-4\"><div class=\"vc_column-inner\"><div class=\"wpb_wrapper\"><div style=\"background-color:; height: 20px;\" class=\"nicdark_section\"><\/div> <h2 style=\"color:#ffffff; padding:px; text-align:center; font-size:46px; line-height:55px; letter-spacing: 2px; font-weight:bold;\" class=\"mainpage nd_options_second_font\">Du h\u1ecdc \u00dac<\/h2> <\/div><\/div><\/div><div class=\"wpb_column vc_column_container vc_col-sm-4\"><div class=\"vc_column-inner\"><div class=\"wpb_wrapper\"><div style=\"background-color:; height: 20px;\" class=\"nicdark_section\"><\/div> <h2 style=\"color:#ffffff; padding:px; text-align:center; font-size:46px; line-height:55px; letter-spacing: 2px; font-weight:bold;\" class=\"mainpage nd_options_second_font\">T\u1ea1i sao \u00dac<\/h2> <\/div><\/div><\/div><\/div><\/div><\/div><\/div><\/div><div class=\"vc_row-full-width vc_clearfix\"><\/div>","protected":false},"excerpt":{"rendered":"Sometimes, pictures of places can be misleading especially with the many editing tools available nowadays but compare the pictures of the beautiful scenery in Switzerland to the real deal and you will find that there is little to no difference. Switzerland really is that beautiful with its sweeping landscapes, majestic mountains and quaint countrysides. Switzerland [...]","protected":false},"author":1,"featured_media":0,"parent":0,"menu_order":0,"comment_status":"closed","ping_status":"closed","template":"","meta":{"footnotes":""},"class_list":["post-6360","page","type-page","status-publish","hentry"],"yoast_head":"<!-- This site is optimized with the Yoast SEO Premium plugin v27.0 (Yoast SEO v27.3) - https:\/\/yoast.com\/product\/yoast-seo-premium-wordpress\/ -->\n<title>About Switzerland - AUG Student Services<\/title>\n<meta name=\"description\" content=\"Free counselling for university selection, scholarships and visa applications. Let AUG Student Services fast-track your study-abroad journey today.\" \/>\n<meta name=\"robots\" content=\"index, follow, max-snippet:-1, max-image-preview:large, max-video-preview:-1\" \/>\n<link rel=\"canonical\" href=\"https:\/\/augstudy.com\/vi\/about-switzerland\/\" \/>\n<meta property=\"og:locale\" content=\"vi_VN\" \/>\n<meta property=\"og:type\" content=\"article\" \/>\n<meta property=\"og:title\" content=\"About Switzerland\" \/>\n<meta property=\"og:description\" content=\"Free counselling for university selection, scholarships and visa applications. Let AUG Student Services fast-track your study-abroad journey today.\" \/>\n<meta property=\"og:url\" content=\"https:\/\/augstudy.com\/vi\/about-switzerland\/\" \/>\n<meta property=\"og:site_name\" content=\"AUG Student Services\" \/>\n<meta property=\"article:publisher\" content=\"https:\/\/www.facebook.com\/augmalaysia\/\" \/>\n<meta name=\"twitter:card\" content=\"summary_large_image\" \/>\n<meta name=\"twitter:label1\" content=\"\u01af\u1edbc t\u00ednh th\u1eddi gian \u0111\u1ecdc\" \/>\n\t<meta name=\"twitter:data1\" content=\"4 ph\u00fat\" \/>\n<script type=\"application\/ld+json\" class=\"yoast-schema-graph\">{\"@context\":\"https:\\\/\\\/schema.org\",\"@graph\":[{\"@type\":\"WebPage\",\"@id\":\"https:\\\/\\\/augstudy.com\\\/about-switzerland\\\/\",\"url\":\"https:\\\/\\\/augstudy.com\\\/about-switzerland\\\/\",\"name\":\"About Switzerland - AUG Student Services\",\"isPartOf\":{\"@id\":\"https:\\\/\\\/augstudy.com\\\/#website\"},\"datePublished\":\"2018-06-11T23:50:46+00:00\",\"description\":\"Free counselling for university selection, scholarships and visa applications. Let AUG Student Services fast-track your study-abroad journey today.\",\"breadcrumb\":{\"@id\":\"https:\\\/\\\/augstudy.com\\\/about-switzerland\\\/#breadcrumb\"},\"inLanguage\":\"vi\",\"potentialAction\":[{\"@type\":\"ReadAction\",\"target\":[\"https:\\\/\\\/augstudy.com\\\/about-switzerland\\\/\"]}]},{\"@type\":\"BreadcrumbList\",\"@id\":\"https:\\\/\\\/augstudy.com\\\/about-switzerland\\\/#breadcrumb\",\"itemListElement\":[{\"@type\":\"ListItem\",\"position\":1,\"name\":\"Home\",\"item\":\"https:\\\/\\\/augstudy.com\\\/\"},{\"@type\":\"ListItem\",\"position\":2,\"name\":\"About Switzerland\"}]},{\"@type\":\"WebSite\",\"@id\":\"https:\\\/\\\/augstudy.com\\\/#website\",\"url\":\"https:\\\/\\\/augstudy.com\\\/\",\"name\":\"AUG Student Services\",\"description\":\"Student Services\",\"alternateName\":\"AUG Global\",\"potentialAction\":[{\"@type\":\"SearchAction\",\"target\":{\"@type\":\"EntryPoint\",\"urlTemplate\":\"https:\\\/\\\/augstudy.com\\\/?s={search_term_string}\"},\"query-input\":{\"@type\":\"PropertyValueSpecification\",\"valueRequired\":true,\"valueName\":\"search_term_string\"}}],\"inLanguage\":\"vi\"}]}<\/script>\n<!-- \/ Yoast SEO Premium plugin. -->","yoast_head_json":{"title":"About Switzerland - AUG Student Services","description":"T\u01b0 v\u1ea5n mi\u1ec5n ph\u00ed v\u1ec1 ch\u1ecdn tr\u01b0\u1eddng \u0111\u1ea1i h\u1ecdc, h\u1ecdc b\u1ed5ng v\u00e0 xin th\u1ecb th\u1ef1c. H\u00e3y \u0111\u1ec3 D\u1ecbch v\u1ee5 Sinh vi\u00ean AUG gi\u00fap b\u1ea1n nhanh ch\u00f3ng ho\u00e0n th\u00e0nh h\u00e0nh tr\u00ecnh du h\u1ecdc ngay h\u00f4m nay.","robots":{"index":"index","follow":"follow","max-snippet":"max-snippet:-1","max-image-preview":"max-image-preview:large","max-video-preview":"max-video-preview:-1"},"canonical":"https:\/\/augstudy.com\/vi\/about-switzerland\/","og_locale":"vi_VN","og_type":"article","og_title":"About Switzerland","og_description":"Free counselling for university selection, scholarships and visa applications. Let AUG Student Services fast-track your study-abroad journey today.","og_url":"https:\/\/augstudy.com\/vi\/about-switzerland\/","og_site_name":"AUG Student Services","article_publisher":"https:\/\/www.facebook.com\/augmalaysia\/","twitter_card":"summary_large_image","twitter_misc":{"\u01af\u1edbc t\u00ednh th\u1eddi gian \u0111\u1ecdc":"4 ph\u00fat"},"schema":{"@context":"https:\/\/schema.org","@graph":[{"@type":"WebPage","@id":"https:\/\/augstudy.com\/about-switzerland\/","url":"https:\/\/augstudy.com\/about-switzerland\/","name":"About Switzerland - AUG Student Services","isPartOf":{"@id":"https:\/\/augstudy.com\/#website"},"datePublished":"2018-06-11T23:50:46+00:00","description":"T\u01b0 v\u1ea5n mi\u1ec5n ph\u00ed v\u1ec1 ch\u1ecdn tr\u01b0\u1eddng \u0111\u1ea1i h\u1ecdc, h\u1ecdc b\u1ed5ng v\u00e0 xin th\u1ecb th\u1ef1c. H\u00e3y \u0111\u1ec3 D\u1ecbch v\u1ee5 Sinh vi\u00ean AUG gi\u00fap b\u1ea1n nhanh ch\u00f3ng ho\u00e0n th\u00e0nh h\u00e0nh tr\u00ecnh du h\u1ecdc ngay h\u00f4m nay.","breadcrumb":{"@id":"https:\/\/augstudy.com\/about-switzerland\/#breadcrumb"},"inLanguage":"vi","potentialAction":[{"@type":"ReadAction","target":["https:\/\/augstudy.com\/about-switzerland\/"]}]},{"@type":"BreadcrumbList","@id":"https:\/\/augstudy.com\/about-switzerland\/#breadcrumb","itemListElement":[{"@type":"ListItem","position":1,"name":"Home","item":"https:\/\/augstudy.com\/"},{"@type":"ListItem","position":2,"name":"About Switzerland"}]},{"@type":"WebSite","@id":"https:\/\/augstudy.com\/#website","url":"https:\/\/augstudy.com\/","name":"D\u1ecbch v\u1ee5 Sinh vi\u00ean AUG","description":"D\u1ecbch v\u1ee5 sinh vi\u00ean","alternateName":"AUG Global","potentialAction":[{"@type":"SearchAction","target":{"@type":"EntryPoint","urlTemplate":"https:\/\/augstudy.com\/?s={search_term_string}"},"query-input":{"@type":"PropertyValueSpecification","valueRequired":true,"valueName":"search_term_string"}}],"inLanguage":"vi"}]}},"_links":{"self":[{"href":"https:\/\/augstudy.com\/vi\/wp-json\/wp\/v2\/pages\/6360","targetHints":{"allow":["GET"]}}],"collection":[{"href":"https:\/\/augstudy.com\/vi\/wp-json\/wp\/v2\/pages"}],"about":[{"href":"https:\/\/augstudy.com\/vi\/wp-json\/wp\/v2\/types\/page"}],"author":[{"embeddable":true,"href":"https:\/\/augstudy.com\/vi\/wp-json\/wp\/v2\/users\/1"}],"replies":[{"embeddable":true,"href":"https:\/\/augstudy.com\/vi\/wp-json\/wp\/v2\/comments?post=6360"}],"version-history":[{"count":0,"href":"https:\/\/augstudy.com\/vi\/wp-json\/wp\/v2\/pages\/6360\/revisions"}],"wp:attachment":[{"href":"https:\/\/augstudy.com\/vi\/wp-json\/wp\/v2\/media?parent=6360"}],"curies":[{"name":"wp","href":"https:\/\/api.w.org\/{rel}","templated":true}]}}