{"id":5706,"date":"2018-05-23T07:02:39","date_gmt":"2018-05-23T07:02:39","guid":{"rendered":"http:\/\/edsearch.com.au\/?page_id=5706"},"modified":"2019-08-29T16:45:06","modified_gmt":"2019-08-29T06:45:06","slug":"loi-chung-thuc","status":"publish","type":"page","link":"https:\/\/augstudy.com\/vi\/testimonial\/","title":{"rendered":"L\u1eddi ch\u1ee9ng th\u1ef1c"},"content":{"rendered":"<div class=\"vc_row wpb_row vc_row-fluid aug_header\"><div class=\"wpb_column vc_column_container vc_col-sm-12\"><div class=\"vc_column-inner\"><div class=\"wpb_wrapper\">\n\t<div class=\"wpb_raw_code wpb_content_element wpb_raw_html\">\n\t\t<div class=\"wpb_wrapper\">\n\t\t\t<h1>Ch\u00fang t\u00f4i c\u00f3 th\u1ec3 gi\u00fap<\/h1>\n<div class=\"aug_border\"><\/div>\n\t\t<\/div>\n\t<\/div>\n<div class=\"vc_row wpb_row vc_inner vc_row-fluid nd_options_padding_left_150 nd_options_padding_left_0_all_iphone nd_options_text_align_center_all_iphone\"><div class=\"wpb_column vc_column_container vc_col-sm-4\"><div class=\"vc_column-inner\"><div class=\"wpb_wrapper\">\n\t<div class=\"wpb_raw_code wpb_content_element wpb_raw_html\">\n\t\t<div class=\"wpb_wrapper\">\n\t\t\t<h2 class=\"nd_options_margin_bottom_10\">T\u01b0 v\u1ea5n<\/h2>\n<a href=\"\" class=\"aug_live_chat\"><h5>Tr\u00f2 chuy\u1ec7n tr\u1ef1c tuy\u1ebfn<\/h5><\/a>\n<a href=\"#\"><h5>G\u1eb7p<\/h5><\/a>\n<a href=\"\/vi\/su-kien-2\/\"><h5>Tham d\u1ef1 c\u00e1c s\u1ef1 ki\u1ec7n c\u1ee7a ch\u00fang t\u00f4i<\/h5><\/a>\n\t\t<\/div>\n\t<\/div>\n<\/div><\/div><\/div><div class=\"wpb_column vc_column_container vc_col-sm-4\"><div class=\"vc_column-inner\"><div class=\"wpb_wrapper\">\n\t<div class=\"wpb_raw_code wpb_content_element wpb_raw_html\">\n\t\t<div class=\"wpb_wrapper\">\n\t\t\t<h2 class=\"nd_options_margin_bottom_10\">T\u1ea1i sao l\u1ea1i l\u00e0 AUG<\/h2>\n<a href=\"\/vi\/loi-chung-thuc\/\"><h5>L\u1eddi ch\u1ee9ng th\u1ef1c c\u1ee7a sinh vi\u00ean<\/h5><\/a>\n<a href=\"#\"><h5>C\u00e1c ho\u1ea1t \u0111\u1ed9ng h\u1ed7 tr\u1ee3<\/h5><\/a>\n<a href=\"https:\/\/augstudy.com\/vi\/internship\/\"><h5>K\u1ef3 th\u1ef1c t\u1eadp<\/h5><\/a>\n\t\t<\/div>\n\t<\/div>\n<\/div><\/div><\/div><div class=\"wpb_column vc_column_container vc_col-sm-4\"><div class=\"vc_column-inner\"><div class=\"wpb_wrapper\">\n\t<div class=\"wpb_raw_code wpb_content_element wpb_raw_html\">\n\t\t<div class=\"wpb_wrapper\">\n\t\t\t<h2 class=\"nd_options_margin_bottom_10\">Nhi\u1ec7m v\u1ee5 c\u1ee7a AUG<\/h2>\n<a href=\"#\"><h5>\u0110\u1ed9i c\u1ee7a ch\u00fang t\u00f4i<\/h5><\/a>\n<a href=\"#\"><h5>Th\u00e0nh vi\u00ean AUG<\/h5><\/a>\n<a href=\"#\"><h5>D\u1ecbch v\u1ee5 c\u1ee7a ch\u00fang t\u00f4i<\/h5><\/a>\n\t\t<\/div>\n\t<\/div>\n<\/div><\/div><\/div><\/div>\n\t<div class=\"wpb_raw_code wpb_content_element wpb_raw_html\">\n\t\t<div class=\"wpb_wrapper\">\n\t\t\t<p class=\"aug_text_align_center nd_options_margin_top_50\">T\u1ea1i AUG, ch\u00fang t\u00f4i \u01afU TI\u00caN H\u00c0NG \u0110\u1ea6U cho nhu c\u1ea7u c\u1ee7a h\u1ecdc vi\u00ean<br>\u0110\u00e2y l\u00e0 nh\u1eefng D\u1ecaCH V\u1ee4 H\u00c0NG \u0110\u1ea6U m\u00e0 ch\u00fang t\u00f4i cung c\u1ea5p cho sinh vi\u00ean qu\u1ed1c t\u1ebf,<br>\u0111\u1ea3m b\u1ea3o ch\u00fang t\u00f4i lu\u00f4n \u1edf \u0111\u00e2y h\u1ed7 tr\u1ee3 b\u1ea1n tr\u00ean m\u1ecdi ch\u1eb7ng \u0111\u01b0\u1eddng trong h\u00e0nh tr\u00ecnh sinh vi\u00ean c\u1ee7a b\u1ea1n.<\/p>\n<div class=\"aug_bottom_border\"><\/div>\n\t\t<\/div>\n\t<\/div>\n<\/div><\/div><\/div><\/div><div class=\"vc_row wpb_row vc_row-fluid vc_custom_1539955159982\"><div class=\"wpb_column vc_column_container vc_col-sm-12\"><div class=\"vc_column-inner vc_custom_1467360650255\"><div class=\"wpb_wrapper\"> <h2 style=\"color:#00a0e9; padding:px; text-align:center; font-size:40px; line-height:55px; letter-spacing: px; font-weight:bold;\" class=\"nd_options_text_align_center_responsive_important nd_options_first_font\">C\u00e1c tr\u01b0\u1eddng v\u00e0 sinh vi\u00ean n\u00f3i g\u00ec v\u1ec1 ch\u00fang t\u00f4i<\/h2> \n\t<div class=\"wpb_text_column wpb_content_element\">\n\t\t<div class=\"wpb_wrapper\">\n\t\t\t<div class=\"title_yellow_bar\"><\/div>\n\n\t\t<\/div>\n\t<\/div>\n<div style=\"background-color:; height: 30px;\" class=\"nicdark_section\"><\/div><\/div><\/div><\/div><\/div><div class=\"vc_row wpb_row vc_row-fluid\"><div class=\"wpb_column vc_column_container vc_col-sm-12\"><div class=\"vc_column-inner\"><div class=\"wpb_wrapper\"><\/div><\/div><\/div><\/div><div class=\"vc_row wpb_row vc_row-fluid nd_options_display_none\"><div class=\"wpb_column vc_column_container vc_col-sm-4\"><div class=\"vc_column-inner vc_custom_1527117890296\"><div class=\"wpb_wrapper\">\n\t<div class=\"wpb_single_image wpb_content_element vc_align_center\">\n\t\t\n\t\t<figure class=\"wpb_wrapper vc_figure\">\n\t\t\t<div class=\"vc_single_image-wrapper   vc_box_border_grey\"><img loading=\"lazy\" decoding=\"async\" class=\"vc_single_image-img\" src=\"https:\/\/augstudy.com\/aug-website-files\/wp-content\/uploads\/2018\/05\/testimonial_fisher.png\" width=\"240\" height=\"240\" alt=\"H\u1ecdc sinh n\u00f3i g\u00ec v\u1ec1 AUG - Fisher Lim\" title=\"l\u1eddi ch\u1ee9ng th\u1ef1c_fisher\" \/><\/div>\n\t\t<\/figure>\n\t<\/div>\n\n\t<div class=\"wpb_text_column wpb_content_element\">\n\t\t<div class=\"wpb_wrapper\">\n\t\t\t<div class=\"testimonial_title\">\n<h3>Fisher Lim<\/h3>\n<\/div>\n<div class=\"testimonial_from\">\n<h6>T\u1eeb Malaysia<\/h6>\n<\/div>\n\n\t\t<\/div>\n\t<\/div>\n\n\t<div class=\"wpb_text_column wpb_content_element\">\n\t\t<div class=\"wpb_wrapper\">\n\t\t\t<div class=\"testimonial_quote\">\u201c<\/div>\n<div class=\"testimonial_content\">Nhi\u1ec1u b\u1ea1n b\u00e8 \u1edf Malaysia \u0111\u00e3 gi\u1edbi thi\u1ec7u t\u00f4i \u0111\u1ebfn AUG v\u00ec \u0111\u1ed9i ng\u0169 nh\u00e2n vi\u00ean th\u00e2n thi\u1ec7n. C\u1ea3m \u01a1n AUG v\u00ec \u0111\u00e3 cung c\u1ea5p d\u1ecbch v\u1ee5 ch\u1ea5t l\u01b0\u1ee3ng h\u00e0ng \u0111\u1ea7u, \u0111\u1ed9i ng\u0169 nh\u00e2n vi\u00ean r\u1ea5t chuy\u00ean nghi\u1ec7p trong vi\u1ec7c x\u1eed l\u00fd h\u1ed3 s\u01a1 c\u1ee7a t\u00f4i v\u00e0 gi\u00fap \u0111\u1ee1 t\u00f4i r\u1ea5t nhi\u1ec1u trong vi\u1ec7c xin visa du h\u1ecdc, th\u1ef1c s\u1ef1 khuy\u00ean d\u00f9ng AUG \u0111\u1ec3 c\u00f3 quy tr\u00ecnh xin visa nhanh ch\u00f3ng v\u00e0 \u0111\u00e1ng tin c\u1eady.<\/div>\n\n\t\t<\/div>\n\t<\/div>\n<\/div><\/div><\/div><div class=\"wpb_column vc_column_container vc_col-sm-4\"><div class=\"vc_column-inner vc_custom_1527117899129\"><div class=\"wpb_wrapper\">\n\t<div class=\"wpb_single_image wpb_content_element vc_align_center\">\n\t\t\n\t\t<figure class=\"wpb_wrapper vc_figure\">\n\t\t\t<div class=\"vc_single_image-wrapper   vc_box_border_grey\"><img loading=\"lazy\" decoding=\"async\" class=\"vc_single_image-img\" src=\"https:\/\/augstudy.com\/aug-website-files\/wp-content\/uploads\/2018\/05\/testimonial_eunice.png\" width=\"240\" height=\"240\" alt=\"H\u1ecdc vi\u00ean n\u00f3i g\u00ec v\u1ec1 AUG - Eunice Shen\" title=\"l\u1eddi ch\u1ee9ng th\u1ef1c_eunice\" \/><\/div>\n\t\t<\/figure>\n\t<\/div>\n\n\t<div class=\"wpb_text_column wpb_content_element\">\n\t\t<div class=\"wpb_wrapper\">\n\t\t\t<div class=\"testimonial_title\">\n<h3>Eunice Shen<\/h3>\n<\/div>\n<div class=\"testimonial_from\">\n<h6>T\u1eeb Trung Qu\u1ed1c<\/h6>\n<\/div>\n\n\t\t<\/div>\n\t<\/div>\n\n\t<div class=\"wpb_text_column wpb_content_element\">\n\t\t<div class=\"wpb_wrapper\">\n\t\t\t<div class=\"testimonial_quote\">\u201c<\/div>\n<div class=\"testimonial_content\">Th\u1ef1c s\u1ef1 bi\u1ebft \u01a1n AUG v\u00ec \u0111\u00e3 cung c\u1ea5p d\u1ecbch v\u1ee5 hi\u1ec7u qu\u1ea3 v\u00e0 gi\u1ea3i t\u1ecfa m\u1ecdi c\u0103ng th\u1eb3ng c\u1ee7a t\u00f4i! Kh\u00f4ng c\u00f3 danh m\u1ee5c thi\u1ebft k\u1ebf, t\u00f4i b\u1ed1i r\u1ed1i v\u00e0 c\u0103ng th\u1eb3ng kh\u00f4ng bi\u1ebft ph\u1ea3i \u0111i \u0111\u00e2u nh\u01b0ng AUG \u0111\u00e3 gi\u00fap t\u00f4i t\u00ecm \u0111\u01b0\u1ee3c kh\u00f3a h\u1ecdc m\u01a1 \u01b0\u1edbc c\u1ee7a m\u00ecnh. T\u00f4i ch\u1eafc ch\u1eafn \u0111\u1ec1 xu\u1ea5t AUG n\u1ebfu c\u00f3 b\u1ea5t k\u1ef3 m\u1ed1i quan ng\u1ea1i n\u00e0o li\u00ean quan \u0111\u1ebfn gi\u00e1o d\u1ee5c ho\u1eb7c di c\u01b0.<\/div>\n\n\t\t<\/div>\n\t<\/div>\n<\/div><\/div><\/div><div class=\"wpb_column vc_column_container vc_col-sm-4\"><div class=\"vc_column-inner\"><div class=\"wpb_wrapper\">\n\t<div class=\"wpb_single_image wpb_content_element vc_align_center  vc_custom_1527117910686\">\n\t\t\n\t\t<figure class=\"wpb_wrapper vc_figure\">\n\t\t\t<div class=\"vc_single_image-wrapper   vc_box_border_grey\"><img loading=\"lazy\" decoding=\"async\" class=\"vc_single_image-img\" src=\"https:\/\/augstudy.com\/aug-website-files\/wp-content\/uploads\/2018\/05\/testimonial_doreen.png\" width=\"240\" height=\"240\" alt=\"H\u1ecdc sinh n\u00f3i g\u00ec v\u1ec1 AUG - Doreen Pao\" title=\"l\u1eddi ch\u1ee9ng th\u1ef1c_doreen\" \/><\/div>\n\t\t<\/figure>\n\t<\/div>\n\n\t<div class=\"wpb_text_column wpb_content_element\">\n\t\t<div class=\"wpb_wrapper\">\n\t\t\t<div class=\"testimonial_title\">\n<h3>Doreen Pao<\/h3>\n<\/div>\n<div class=\"testimonial_from\">\n<h6>T\u1eeb \u0110\u00e0i Loan<\/h6>\n<\/div>\n\n\t\t<\/div>\n\t<\/div>\n\n\t<div class=\"wpb_text_column wpb_content_element\">\n\t\t<div class=\"wpb_wrapper\">\n\t\t\t<div class=\"testimonial_quote\">\u201c<\/div>\n<div class=\"testimonial_content\">Nh\u00e2n vi\u00ean ki\u00ean nh\u1eabn v\u00e0 h\u1eefu \u00edch! AUG \u0111\u00e3 th\u1ef1c hi\u1ec7n m\u1ed9t c\u00f4ng vi\u1ec7c tuy\u1ec7t v\u1eddi khi gi\u00fap t\u00f4i \u0111\u0103ng k\u00fd c\u1ea3 ch\u01b0\u01a1ng tr\u00ecnh C\u1eed nh\u00e2n v\u00e0 Th\u1ea1c s\u0129 v\u1ec1 thi\u1ebft k\u1ebf, tr\u1ea3 l\u1eddi t\u1ea5t c\u1ea3 c\u00e1c c\u00e2u h\u1ecfi c\u1ee7a t\u00f4i v\u1ec1 \u0111\u01a1n \u0111\u0103ng k\u00fd v\u00e0 visa sinh vi\u00ean. N\u1ebfu b\u1ea1n kh\u00f4ng ch\u1eafc ch\u1eafn v\u1ec1 b\u1ea5t k\u1ef3 th\u1ee7 t\u1ee5c n\u00e0o ho\u1eb7c ch\u1ec9 c\u1ea7n h\u01b0\u1edbng d\u1eabn, t\u00f4i th\u1ef1c s\u1ef1 khuy\u00ean b\u1ea1n n\u00ean \u0111\u0103ng k\u00fd t\u01b0 v\u1ea5n v\u1edbi AUG.<\/div>\n\n\t\t<\/div>\n\t<\/div>\n<\/div><\/div><\/div><\/div><div class=\"vc_row wpb_row vc_row-fluid\"><div class=\"wpb_column vc_column_container vc_col-sm-12\"><div class=\"vc_column-inner\"><div class=\"wpb_wrapper\"><div style=\"background-color:; height: 80px;\" class=\"nicdark_section\"><\/div><\/div><\/div><\/div><\/div>","protected":false},"excerpt":{"rendered":"We Can Help Consulting Chat Online Meet up Attend our events Why AUG Student Testimonials Support activities Internship Our Mission Our Team Our People Our Services At AUG, we give TOP PRIORITY to students' needsThese are the range of TOP SERVICES we provide to international students,ensuring we are here for you every step of the [...]","protected":false},"author":1,"featured_media":0,"parent":0,"menu_order":0,"comment_status":"closed","ping_status":"closed","template":"","meta":{"footnotes":""},"class_list":["post-5706","page","type-page","status-publish","hentry"],"yoast_head":"<!-- This site is optimized with the Yoast SEO Premium plugin v27.0 (Yoast SEO v27.3) - https:\/\/yoast.com\/product\/yoast-seo-premium-wordpress\/ -->\n<title>Testimonial - AUG Student Services<\/title>\n<meta name=\"description\" content=\"Free counselling for university selection, scholarships and visa applications. Let AUG Student Services fast-track your study-abroad journey today.\" \/>\n<meta name=\"robots\" content=\"index, follow, max-snippet:-1, max-image-preview:large, max-video-preview:-1\" \/>\n<link rel=\"canonical\" href=\"https:\/\/augstudy.com\/vi\/loi-chung-thuc\/\" \/>\n<meta property=\"og:locale\" content=\"vi_VN\" \/>\n<meta property=\"og:type\" content=\"article\" \/>\n<meta property=\"og:title\" content=\"Testimonial\" \/>\n<meta property=\"og:description\" content=\"Free counselling for university selection, scholarships and visa applications. Let AUG Student Services fast-track your study-abroad journey today.\" \/>\n<meta property=\"og:url\" content=\"https:\/\/augstudy.com\/vi\/loi-chung-thuc\/\" \/>\n<meta property=\"og:site_name\" content=\"AUG Student Services\" \/>\n<meta property=\"article:publisher\" content=\"https:\/\/www.facebook.com\/augmalaysia\/\" \/>\n<meta property=\"article:modified_time\" content=\"2019-08-29T06:45:06+00:00\" \/>\n<meta name=\"twitter:card\" content=\"summary_large_image\" \/>\n<meta name=\"twitter:label1\" content=\"\u01af\u1edbc t\u00ednh th\u1eddi gian \u0111\u1ecdc\" \/>\n\t<meta name=\"twitter:data1\" content=\"3 ph\u00fat\" \/>\n<script type=\"application\/ld+json\" class=\"yoast-schema-graph\">{\"@context\":\"https:\\\/\\\/schema.org\",\"@graph\":[{\"@type\":\"WebPage\",\"@id\":\"https:\\\/\\\/augstudy.com\\\/testimonial\\\/\",\"url\":\"https:\\\/\\\/augstudy.com\\\/testimonial\\\/\",\"name\":\"Testimonial - AUG Student Services\",\"isPartOf\":{\"@id\":\"https:\\\/\\\/augstudy.com\\\/#website\"},\"datePublished\":\"2018-05-23T07:02:39+00:00\",\"dateModified\":\"2019-08-29T06:45:06+00:00\",\"description\":\"Free counselling for university selection, scholarships and visa applications. Let AUG Student Services fast-track your study-abroad journey today.\",\"breadcrumb\":{\"@id\":\"https:\\\/\\\/augstudy.com\\\/testimonial\\\/#breadcrumb\"},\"inLanguage\":\"vi\",\"potentialAction\":[{\"@type\":\"ReadAction\",\"target\":[\"https:\\\/\\\/augstudy.com\\\/testimonial\\\/\"]}]},{\"@type\":\"BreadcrumbList\",\"@id\":\"https:\\\/\\\/augstudy.com\\\/testimonial\\\/#breadcrumb\",\"itemListElement\":[{\"@type\":\"ListItem\",\"position\":1,\"name\":\"Home\",\"item\":\"https:\\\/\\\/augstudy.com\\\/\"},{\"@type\":\"ListItem\",\"position\":2,\"name\":\"Testimonial\"}]},{\"@type\":\"WebSite\",\"@id\":\"https:\\\/\\\/augstudy.com\\\/#website\",\"url\":\"https:\\\/\\\/augstudy.com\\\/\",\"name\":\"AUG Student Services\",\"description\":\"Student Services\",\"alternateName\":\"AUG Global\",\"potentialAction\":[{\"@type\":\"SearchAction\",\"target\":{\"@type\":\"EntryPoint\",\"urlTemplate\":\"https:\\\/\\\/augstudy.com\\\/?s={search_term_string}\"},\"query-input\":{\"@type\":\"PropertyValueSpecification\",\"valueRequired\":true,\"valueName\":\"search_term_string\"}}],\"inLanguage\":\"vi\"}]}<\/script>\n<!-- \/ Yoast SEO Premium plugin. -->","yoast_head_json":{"title":"L\u1eddi Ch\u1ee9ng Th\u1ef1c - D\u1ecbch v\u1ee5 Sinh vi\u00ean AUG","description":"T\u01b0 v\u1ea5n mi\u1ec5n ph\u00ed v\u1ec1 ch\u1ecdn tr\u01b0\u1eddng \u0111\u1ea1i h\u1ecdc, h\u1ecdc b\u1ed5ng v\u00e0 xin th\u1ecb th\u1ef1c. H\u00e3y \u0111\u1ec3 D\u1ecbch v\u1ee5 Sinh vi\u00ean AUG gi\u00fap b\u1ea1n nhanh ch\u00f3ng ho\u00e0n th\u00e0nh h\u00e0nh tr\u00ecnh du h\u1ecdc ngay h\u00f4m nay.","robots":{"index":"index","follow":"follow","max-snippet":"max-snippet:-1","max-image-preview":"max-image-preview:large","max-video-preview":"max-video-preview:-1"},"canonical":"https:\/\/augstudy.com\/vi\/loi-chung-thuc\/","og_locale":"vi_VN","og_type":"article","og_title":"Testimonial","og_description":"Free counselling for university selection, scholarships and visa applications. Let AUG Student Services fast-track your study-abroad journey today.","og_url":"https:\/\/augstudy.com\/vi\/loi-chung-thuc\/","og_site_name":"AUG Student Services","article_publisher":"https:\/\/www.facebook.com\/augmalaysia\/","article_modified_time":"2019-08-29T06:45:06+00:00","twitter_card":"summary_large_image","twitter_misc":{"\u01af\u1edbc t\u00ednh th\u1eddi gian \u0111\u1ecdc":"3 ph\u00fat"},"schema":{"@context":"https:\/\/schema.org","@graph":[{"@type":"WebPage","@id":"https:\/\/augstudy.com\/testimonial\/","url":"https:\/\/augstudy.com\/testimonial\/","name":"L\u1eddi Ch\u1ee9ng Th\u1ef1c - D\u1ecbch v\u1ee5 Sinh vi\u00ean AUG","isPartOf":{"@id":"https:\/\/augstudy.com\/#website"},"datePublished":"2018-05-23T07:02:39+00:00","dateModified":"2019-08-29T06:45:06+00:00","description":"T\u01b0 v\u1ea5n mi\u1ec5n ph\u00ed v\u1ec1 ch\u1ecdn tr\u01b0\u1eddng \u0111\u1ea1i h\u1ecdc, h\u1ecdc b\u1ed5ng v\u00e0 xin th\u1ecb th\u1ef1c. H\u00e3y \u0111\u1ec3 D\u1ecbch v\u1ee5 Sinh vi\u00ean AUG gi\u00fap b\u1ea1n nhanh ch\u00f3ng ho\u00e0n th\u00e0nh h\u00e0nh tr\u00ecnh du h\u1ecdc ngay h\u00f4m nay.","breadcrumb":{"@id":"https:\/\/augstudy.com\/testimonial\/#breadcrumb"},"inLanguage":"vi","potentialAction":[{"@type":"ReadAction","target":["https:\/\/augstudy.com\/testimonial\/"]}]},{"@type":"BreadcrumbList","@id":"https:\/\/augstudy.com\/testimonial\/#breadcrumb","itemListElement":[{"@type":"ListItem","position":1,"name":"Home","item":"https:\/\/augstudy.com\/"},{"@type":"ListItem","position":2,"name":"Testimonial"}]},{"@type":"WebSite","@id":"https:\/\/augstudy.com\/#website","url":"https:\/\/augstudy.com\/","name":"D\u1ecbch v\u1ee5 Sinh vi\u00ean AUG","description":"D\u1ecbch v\u1ee5 sinh vi\u00ean","alternateName":"AUG Global","potentialAction":[{"@type":"SearchAction","target":{"@type":"EntryPoint","urlTemplate":"https:\/\/augstudy.com\/?s={search_term_string}"},"query-input":{"@type":"PropertyValueSpecification","valueRequired":true,"valueName":"search_term_string"}}],"inLanguage":"vi"}]}},"_links":{"self":[{"href":"https:\/\/augstudy.com\/vi\/wp-json\/wp\/v2\/pages\/5706","targetHints":{"allow":["GET"]}}],"collection":[{"href":"https:\/\/augstudy.com\/vi\/wp-json\/wp\/v2\/pages"}],"about":[{"href":"https:\/\/augstudy.com\/vi\/wp-json\/wp\/v2\/types\/page"}],"author":[{"embeddable":true,"href":"https:\/\/augstudy.com\/vi\/wp-json\/wp\/v2\/users\/1"}],"replies":[{"embeddable":true,"href":"https:\/\/augstudy.com\/vi\/wp-json\/wp\/v2\/comments?post=5706"}],"version-history":[{"count":0,"href":"https:\/\/augstudy.com\/vi\/wp-json\/wp\/v2\/pages\/5706\/revisions"}],"wp:attachment":[{"href":"https:\/\/augstudy.com\/vi\/wp-json\/wp\/v2\/media?parent=5706"}],"curies":[{"name":"wp","href":"https:\/\/api.w.org\/{rel}","templated":true}]}}