{"id":54770,"date":"2019-10-25T10:34:16","date_gmt":"2019-10-24T23:34:16","guid":{"rendered":"https:\/\/augstudy.com\/?page_id=54770"},"modified":"2023-12-08T15:53:02","modified_gmt":"2023-12-08T04:53:02","slug":"su-kien-2","status":"publish","type":"page","link":"https:\/\/augstudy.com\/vi\/philippines\/events\/","title":{"rendered":"S\u1ef1 ki\u1ec7n AUG Philippines"},"content":{"rendered":"<div class=\"vc_row wpb_row vc_row-fluid\"><div class=\"wpb_column vc_column_container vc_col-sm-12\"><div class=\"vc_column-inner \"><div class=\"wpb_wrapper\">\n\t<div class=\"wpb_raw_code wpb_content_element wpb_raw_html aug_header\">\n\t\t<div class=\"wpb_wrapper\">\n\t\t\t<h1>When Events<\/h1>\n<div class=\"aug_border\"><\/div>\n<h5 style=\"text-align:center\">These are AUG upcoming events in your region<\/h5>\n<p>&nbsp;<\/p>\n\t\t<\/div>\n\t<\/div>\n<div class=\"vc_row wpb_row vc_inner vc_row-fluid vc_custom_1685574934238\"><div class=\"wpb_column vc_column_container vc_col-sm-12\"><div class=\"vc_column-inner \"><div class=\"wpb_wrapper\">\n\t<div class=\"wpb_raw_code wpb_content_element wpb_raw_html\">\n\t\t<div class=\"wpb_wrapper\">\n\t\t\t<div class=\"aug_header aug_text_align_center\">\n<h5>Select your event:<\/h5>\n<\/div>\n\t\t<\/div>\n\t<\/div>\n<\/div><\/div><\/div><\/div>\t\t<div class=\"iee_archive row_grid\" data-paged=\"1\" data-shortcode=\"{&quot;col&quot;:3,&quot;category&quot;:&quot;77&quot;,&quot;posts_per_page&quot;:9,&quot;paged&quot;:1,&quot;ajaxpagi&quot;:&quot;no&quot;,&quot;past_events&quot;:&quot;&quot;,&quot;layout&quot;:&quot;style1&quot;,&quot;order&quot;:&quot;ASC&quot;,&quot;orderby&quot;:&quot;&quot;}\" >\n\t\t\t<a href=\"https:\/\/augstudy.com\/vi\/eventbrite-event\/aug-manila-study-in-the-united-kingdom-uk-and-ireland-open-day\/\" >\t\n\t<div class=\"col-iee-md-4 archive-event post-412691 eventbrite_events type-eventbrite_events status-publish hentry eventbrite_category-manila\">\n\t\t<div class=\"iee_event\" >\n\t\t\t<div class=\"img_placeholder\" style=\" background: url('https:\/\/augstudy.com\/aug-website-files\/wp-content\/uploads\/2026\/04\/aug_mnlevents_uk_ireland_open_day_260516_1080x540.jpg') no-repeat left top;\"><\/div>\n\t\t\t<div class=\"event_details\">\n\t\t\t\t<div class=\"event_date\">\n\t\t\t\t\t<span class=\"month\">Th5<\/span>\n\t\t\t\t\t<span class=\"date\"> 16 <\/span>\n\t\t\t\t<\/div>\n\t\t\t\t<div class=\"event_desc\">\n\t\t\t\t\t<a href=\"https:\/\/augstudy.com\/vi\/eventbrite-event\/aug-manila-study-in-the-united-kingdom-uk-and-ireland-open-day\/\" rel=\"bookmark\">\n\t\t\t\t\t<div class=\"event_title\">[AUG Manila] Study in the United Kingdom (UK) and Ireland Open Day<\/div>\t\t\t\t\t<\/a>\n\t\t\t\t\t\t\t\t\t\t\t<div class=\"event_address\"><i class=\"fa fa-map-marker\"><\/i>  AUG Manila Office<\/div>\n\t\t\t\t\t\t\t\t\t<\/div>\n\t\t\t\t<div style=\"clear: both\"><\/div>\n\t\t\t<\/div>\n\t\t<\/div>\n\t<\/div>\n<\/a>\n<a href=\"https:\/\/augstudy.com\/vi\/eventbrite-event\/aug-manila-aim-higher-with-triple-crown-business-school\/\" >\t\n\t<div class=\"col-iee-md-4 archive-event post-412971 eventbrite_events type-eventbrite_events status-publish hentry eventbrite_category-manila\">\n\t\t<div class=\"iee_event\" >\n\t\t\t<div class=\"img_placeholder\" style=\" background: url('https:\/\/augstudy.com\/aug-website-files\/wp-content\/uploads\/2026\/04\/aug_mnlevents_triple_crown_business_school_info_session_260523_1080x540.jpg') no-repeat left top;\"><\/div>\n\t\t\t<div class=\"event_details\">\n\t\t\t\t<div class=\"event_date\">\n\t\t\t\t\t<span class=\"month\">Th5<\/span>\n\t\t\t\t\t<span class=\"date\"> 23 <\/span>\n\t\t\t\t<\/div>\n\t\t\t\t<div class=\"event_desc\">\n\t\t\t\t\t<a href=\"https:\/\/augstudy.com\/vi\/eventbrite-event\/aug-manila-aim-higher-with-triple-crown-business-school\/\" rel=\"bookmark\">\n\t\t\t\t\t<div class=\"event_title\">[AUG Manila] Aim Higher with Triple Crown Business School<\/div>\t\t\t\t\t<\/a>\n\t\t\t\t\t\t\t\t\t\t\t<div class=\"event_address\"><i class=\"fa fa-map-marker\"><\/i>  AUG Manila Office<\/div>\n\t\t\t\t\t\t\t\t\t<\/div>\n\t\t\t\t<div style=\"clear: both\"><\/div>\n\t\t\t<\/div>\n\t\t<\/div>\n\t<\/div>\n<\/a>\n\t\t\t\t\t<\/div>\n\t\t<style type=\"text\/css\">\n\t\t\t.iee_archive .iee_event .event_date{\n\t\t\t    background-color: #039ED7;\n\t\t\t}\n\t\t\t.iee_archive .iee_event .event_desc .event_title{\n\t\t\t    color: #039ED7;\n\t\t\t}\n\t\t\t.iee-style4-main-div > div::before {\n\t\t\t\tbackground-color: #039ED7;\n      }\n\t\t\t.iee-event-count, .iee-event-meta > div, .iee-event-meta > div i, .iee-event-info h4 a:hover {\n\t\t\t\tcolor: #039ED7;\n\t\t\t}\n\t\t\t.iee-theme-btn{\n\t\t\t\tbackground: #039ED7;\n\t\t\t}\n\t\t<\/style>\n\t\t<div style=\"background-color:; height: 30px;\" class=\"nicdark_section\"><\/div><div class=\"vc_row wpb_row vc_inner vc_row-fluid\"><div class=\"wpb_column vc_column_container vc_col-sm-12\"><div class=\"vc_column-inner \"><div class=\"wpb_wrapper\"><\/div><\/div><\/div><\/div><\/div><\/div><\/div><\/div><div id=\"why\" class=\"vc_row wpb_row vc_row-fluid aug_header\"><div class=\"wpb_column vc_column_container vc_col-sm-12\"><div class=\"vc_column-inner \"><div class=\"wpb_wrapper\"><div class=\"vc_row wpb_row vc_row-fluid aug_header vc_custom_1536907797611\"><div class=\"wpb_column vc_column_container vc_col-sm-12\"><div class=\"vc_column-inner \"><div class=\"wpb_wrapper\">\r\n\t<div class=\"wpb_raw_code wpb_content_element wpb_raw_html\">\r\n\t\t<div class=\"wpb_wrapper\">\r\n\t\t\t<h1>Why Attend?<\/h1>\r\n<div class=\"aug_border\"><\/div>\r\n\t\t<\/div>\r\n\t<\/div>\r\n<div class=\"vc_row wpb_row vc_inner vc_row-fluid nd_options_padding_left_150 nd_options_margin_bottom_20 nd_options_padding_left_0_all_iphone nd_options_text_align_center_all_iphone\"><div class=\"wpb_column vc_column_container vc_col-sm-4\"><div class=\"vc_column-inner \"><div class=\"wpb_wrapper\">\r\n\t<div class=\"wpb_raw_code wpb_content_element wpb_raw_html\">\r\n\t\t<div class=\"wpb_wrapper\">\r\n\t\t\t<h2 class=\"nd_options_margin_bottom_10\">Application<\/h2>\r\n<h5>Fee Waived<\/h5>\r\n<p>Speak face to face with university <br \/>representative.<\/p>\r\n\r\n\t\t<\/div>\r\n\t<\/div>\r\n<\/div><\/div><\/div><div class=\"wpb_column vc_column_container vc_col-sm-4\"><div class=\"vc_column-inner \"><div class=\"wpb_wrapper\">\r\n\t<div class=\"wpb_raw_code wpb_content_element wpb_raw_html\">\r\n\t\t<div class=\"wpb_wrapper\">\r\n\t\t\t<h2 class=\"nd_options_margin_bottom_10\">Free Seminar<\/h2>\r\n<h5>On Further Study and Migration<\/h5>\r\n<p>Attend free seminar on <br \/>education and migration.<\/p>\r\n\t\t<\/div>\r\n\t<\/div>\r\n<\/div><\/div><\/div><div class=\"wpb_column vc_column_container vc_col-sm-4\"><div class=\"vc_column-inner \"><div class=\"wpb_wrapper\">\r\n\t<div class=\"wpb_raw_code wpb_content_element wpb_raw_html\">\r\n\t\t<div class=\"wpb_wrapper\">\r\n\t\t\t<h2 class=\"nd_options_margin_bottom_10\">Scholarship<\/h2>\r\n<h5>Available<\/h5>\r\n<p><a href=\"\/scholarships\"><u>Enquire<\/u><\/a> about scholarship <br \/>availability.<\/p>\r\n\t\t<\/div>\r\n\t<\/div>\r\n<\/div><\/div><\/div><\/div><\/div><\/div><\/div><\/div>\n\t<div class=\"wpb_text_column wpb_content_element \">\n\t\t<div class=\"wpb_wrapper\">\n\t\t\t<p><!-- Bottom Border --><\/p>\n<div class=\"aug_bottom_border\"><\/div>\n\n\t\t<\/div>\n\t<\/div>\n<\/div><\/div><\/div><\/div><div id=\"who\" class=\"vc_row wpb_row vc_row-fluid aug_header vc_custom_1542324699715\"><div class=\"wpb_column vc_column_container vc_col-sm-12\"><div class=\"vc_column-inner \"><div class=\"wpb_wrapper\"><div class=\"vc_row wpb_row vc_row-fluid aug_header vc_custom_1536907797611\"><div class=\"wpb_column vc_column_container vc_col-sm-12\"><div class=\"vc_column-inner \"><div class=\"wpb_wrapper\">\r\n\t<div class=\"wpb_raw_code wpb_content_element wpb_raw_html\">\r\n\t\t<div class=\"wpb_wrapper\">\r\n\t\t\t<h1>Who Should Attend?<\/h1>\r\n<div class=\"aug_border\"><\/div>\r\n\t\t<\/div>\r\n\t<\/div>\r\n<div class=\"vc_row wpb_row vc_inner vc_row-fluid nd_options_padding_left_150 nd_options_margin_bottom_20 nd_options_padding_left_0_all_iphone nd_options_text_align_center_all_iphone\"><div class=\"wpb_column vc_column_container vc_col-sm-4\"><div class=\"vc_column-inner \"><div class=\"wpb_wrapper\">\r\n\t<div class=\"wpb_raw_code wpb_content_element wpb_raw_html\">\r\n\t\t<div class=\"wpb_wrapper\">\r\n\t\t\t<h2 class=\"nd_options_margin_bottom_10\">Under\/Post Graduate<\/h2>\r\n            <h5>I wish to <a href=\"\/enquiry\"><u>enquire<\/u><\/a><\/h5>\r\n            <p>about undergraduate and <br \/>post graduate degree<\/p>\r\n\r\n\t\t<\/div>\r\n\t<\/div>\r\n<\/div><\/div><\/div><div class=\"wpb_column vc_column_container vc_col-sm-4\"><div class=\"vc_column-inner \"><div class=\"wpb_wrapper\">\r\n\t<div class=\"wpb_raw_code wpb_content_element wpb_raw_html\">\r\n\t\t<div class=\"wpb_wrapper\">\r\n\t\t\t<h2 class=\"nd_options_margin_bottom_10\">Scholarship & Visa<\/h2>\r\n            <h5>I wish to <a href=\"\/scholarships#apply\"><u>enquire<\/u><\/a><\/h5>\r\n<p>about Scholarship and <br \/>Visa & Migration<\/p>\r\n\t\t<\/div>\r\n\t<\/div>\r\n<\/div><\/div><\/div><div class=\"wpb_column vc_column_container vc_col-sm-4\"><div class=\"vc_column-inner \"><div class=\"wpb_wrapper\">\r\n\t<div class=\"wpb_raw_code wpb_content_element wpb_raw_html\">\r\n\t\t<div class=\"wpb_wrapper\">\r\n\t\t\t<h2 class=\"nd_options_margin_bottom_10\">Which University?<\/h2>\r\n            <h5>I wish to <a href=\"\/enquiry\"><u>enquire<\/u><\/a><\/h5>\r\n\t\t\t<p>about which University <br \/>to study at<\/p>\r\n\t\t<\/div>\r\n\t<\/div>\r\n<\/div><\/div><\/div><\/div><\/div><\/div><\/div><\/div><\/div><\/div><\/div><\/div>\n","protected":false},"excerpt":{"rendered":"window.location.replace(\"\/philippines\/events\/triple-crown-business-school-info-session\/\");","protected":false},"author":4,"featured_media":0,"parent":51750,"menu_order":0,"comment_status":"closed","ping_status":"closed","template":"","meta":{"footnotes":""},"class_list":["post-54770","page","type-page","status-publish","hentry"],"yoast_head":"<!-- This site is optimized with the Yoast SEO Premium plugin v27.5 (Yoast SEO v27.5) - https:\/\/yoast.com\/product\/yoast-seo-premium-wordpress\/ -->\n<title>AUG Philippines Events - AUG Student Services<\/title>\n<meta name=\"description\" content=\"Free counselling for university selection, scholarships and visa applications. Let AUG Student Services fast-track your study-abroad journey today.\" \/>\n<meta name=\"robots\" content=\"index, follow, max-snippet:-1, max-image-preview:large, max-video-preview:-1\" \/>\n<link rel=\"canonical\" href=\"https:\/\/augstudy.com\/vi\/philippines\/su-kien-2\/\" \/>\n<meta property=\"og:locale\" content=\"vi_VN\" \/>\n<meta property=\"og:type\" content=\"article\" \/>\n<meta property=\"og:title\" content=\"AUG Philippines Events\" \/>\n<meta property=\"og:description\" content=\"Free counselling for university selection, scholarships and visa applications. Let AUG Student Services fast-track your study-abroad journey today.\" \/>\n<meta property=\"og:url\" content=\"https:\/\/augstudy.com\/vi\/philippines\/su-kien-2\/\" \/>\n<meta property=\"og:site_name\" content=\"AUG Student Services\" \/>\n<meta property=\"article:publisher\" content=\"https:\/\/www.facebook.com\/augmalaysia\/\" \/>\n<meta property=\"article:modified_time\" content=\"2023-12-08T04:53:02+00:00\" \/>\n<meta name=\"twitter:card\" content=\"summary_large_image\" \/>\n<meta name=\"twitter:label1\" content=\"\u01af\u1edbc t\u00ednh th\u1eddi gian \u0111\u1ecdc\" \/>\n\t<meta name=\"twitter:data1\" content=\"1 ph\u00fat\" \/>\n<script type=\"application\/ld+json\" class=\"yoast-schema-graph\">{\"@context\":\"https:\\\/\\\/schema.org\",\"@graph\":[{\"@type\":\"WebPage\",\"@id\":\"https:\\\/\\\/augstudy.com\\\/philippines\\\/events\\\/\",\"url\":\"https:\\\/\\\/augstudy.com\\\/philippines\\\/events\\\/\",\"name\":\"AUG Philippines Events - AUG Student Services\",\"isPartOf\":{\"@id\":\"https:\\\/\\\/augstudy.com\\\/#website\"},\"datePublished\":\"2019-10-24T23:34:16+00:00\",\"dateModified\":\"2023-12-08T04:53:02+00:00\",\"description\":\"Free counselling for university selection, scholarships and visa applications. Let AUG Student Services fast-track your study-abroad journey today.\",\"breadcrumb\":{\"@id\":\"https:\\\/\\\/augstudy.com\\\/philippines\\\/events\\\/#breadcrumb\"},\"inLanguage\":\"vi\",\"potentialAction\":[{\"@type\":\"ReadAction\",\"target\":[\"https:\\\/\\\/augstudy.com\\\/philippines\\\/events\\\/\"]}]},{\"@type\":\"BreadcrumbList\",\"@id\":\"https:\\\/\\\/augstudy.com\\\/philippines\\\/events\\\/#breadcrumb\",\"itemListElement\":[{\"@type\":\"ListItem\",\"position\":1,\"name\":\"Home\",\"item\":\"https:\\\/\\\/augstudy.com\\\/\"},{\"@type\":\"ListItem\",\"position\":2,\"name\":\"AUG Philippines\",\"item\":\"https:\\\/\\\/augstudy.com\\\/philippines\\\/\"},{\"@type\":\"ListItem\",\"position\":3,\"name\":\"AUG Philippines Events\"}]},{\"@type\":\"WebSite\",\"@id\":\"https:\\\/\\\/augstudy.com\\\/#website\",\"url\":\"https:\\\/\\\/augstudy.com\\\/\",\"name\":\"AUG Student Services\",\"description\":\"Student Services\",\"alternateName\":\"AUG Global\",\"potentialAction\":[{\"@type\":\"SearchAction\",\"target\":{\"@type\":\"EntryPoint\",\"urlTemplate\":\"https:\\\/\\\/augstudy.com\\\/?s={search_term_string}\"},\"query-input\":{\"@type\":\"PropertyValueSpecification\",\"valueRequired\":true,\"valueName\":\"search_term_string\"}}],\"inLanguage\":\"vi\"}]}<\/script>\n<!-- \/ Yoast SEO Premium plugin. -->","yoast_head_json":{"title":"AUG Philippines Events - AUG Student Services","description":"T\u01b0 v\u1ea5n mi\u1ec5n ph\u00ed v\u1ec1 ch\u1ecdn tr\u01b0\u1eddng \u0111\u1ea1i h\u1ecdc, h\u1ecdc b\u1ed5ng v\u00e0 xin th\u1ecb th\u1ef1c. H\u00e3y \u0111\u1ec3 D\u1ecbch v\u1ee5 Sinh vi\u00ean AUG gi\u00fap b\u1ea1n nhanh ch\u00f3ng ho\u00e0n th\u00e0nh h\u00e0nh tr\u00ecnh du h\u1ecdc ngay h\u00f4m nay.","robots":{"index":"index","follow":"follow","max-snippet":"max-snippet:-1","max-image-preview":"max-image-preview:large","max-video-preview":"max-video-preview:-1"},"canonical":"https:\/\/augstudy.com\/vi\/philippines\/su-kien-2\/","og_locale":"vi_VN","og_type":"article","og_title":"AUG Philippines Events","og_description":"Free counselling for university selection, scholarships and visa applications. Let AUG Student Services fast-track your study-abroad journey today.","og_url":"https:\/\/augstudy.com\/vi\/philippines\/su-kien-2\/","og_site_name":"AUG Student Services","article_publisher":"https:\/\/www.facebook.com\/augmalaysia\/","article_modified_time":"2023-12-08T04:53:02+00:00","twitter_card":"summary_large_image","twitter_misc":{"\u01af\u1edbc t\u00ednh th\u1eddi gian \u0111\u1ecdc":"1 ph\u00fat"},"schema":{"@context":"https:\/\/schema.org","@graph":[{"@type":"WebPage","@id":"https:\/\/augstudy.com\/philippines\/events\/","url":"https:\/\/augstudy.com\/philippines\/events\/","name":"AUG Philippines Events - AUG Student Services","isPartOf":{"@id":"https:\/\/augstudy.com\/#website"},"datePublished":"2019-10-24T23:34:16+00:00","dateModified":"2023-12-08T04:53:02+00:00","description":"T\u01b0 v\u1ea5n mi\u1ec5n ph\u00ed v\u1ec1 ch\u1ecdn tr\u01b0\u1eddng \u0111\u1ea1i h\u1ecdc, h\u1ecdc b\u1ed5ng v\u00e0 xin th\u1ecb th\u1ef1c. H\u00e3y \u0111\u1ec3 D\u1ecbch v\u1ee5 Sinh vi\u00ean AUG gi\u00fap b\u1ea1n nhanh ch\u00f3ng ho\u00e0n th\u00e0nh h\u00e0nh tr\u00ecnh du h\u1ecdc ngay h\u00f4m nay.","breadcrumb":{"@id":"https:\/\/augstudy.com\/philippines\/events\/#breadcrumb"},"inLanguage":"vi","potentialAction":[{"@type":"ReadAction","target":["https:\/\/augstudy.com\/philippines\/events\/"]}]},{"@type":"BreadcrumbList","@id":"https:\/\/augstudy.com\/philippines\/events\/#breadcrumb","itemListElement":[{"@type":"ListItem","position":1,"name":"Home","item":"https:\/\/augstudy.com\/"},{"@type":"ListItem","position":2,"name":"AUG Philippines","item":"https:\/\/augstudy.com\/philippines\/"},{"@type":"ListItem","position":3,"name":"AUG Philippines Events"}]},{"@type":"WebSite","@id":"https:\/\/augstudy.com\/#website","url":"https:\/\/augstudy.com\/","name":"D\u1ecbch v\u1ee5 Sinh vi\u00ean AUG","description":"D\u1ecbch v\u1ee5 sinh vi\u00ean","alternateName":"AUG Global","potentialAction":[{"@type":"SearchAction","target":{"@type":"EntryPoint","urlTemplate":"https:\/\/augstudy.com\/?s={search_term_string}"},"query-input":{"@type":"PropertyValueSpecification","valueRequired":true,"valueName":"search_term_string"}}],"inLanguage":"vi"}]}},"_links":{"self":[{"href":"https:\/\/augstudy.com\/vi\/wp-json\/wp\/v2\/pages\/54770","targetHints":{"allow":["GET"]}}],"collection":[{"href":"https:\/\/augstudy.com\/vi\/wp-json\/wp\/v2\/pages"}],"about":[{"href":"https:\/\/augstudy.com\/vi\/wp-json\/wp\/v2\/types\/page"}],"author":[{"embeddable":true,"href":"https:\/\/augstudy.com\/vi\/wp-json\/wp\/v2\/users\/4"}],"replies":[{"embeddable":true,"href":"https:\/\/augstudy.com\/vi\/wp-json\/wp\/v2\/comments?post=54770"}],"version-history":[{"count":1,"href":"https:\/\/augstudy.com\/vi\/wp-json\/wp\/v2\/pages\/54770\/revisions"}],"predecessor-version":[{"id":407978,"href":"https:\/\/augstudy.com\/vi\/wp-json\/wp\/v2\/pages\/54770\/revisions\/407978"}],"up":[{"embeddable":true,"href":"https:\/\/augstudy.com\/vi\/wp-json\/wp\/v2\/pages\/51750"}],"wp:attachment":[{"href":"https:\/\/augstudy.com\/vi\/wp-json\/wp\/v2\/media?parent=54770"}],"curies":[{"name":"wp","href":"https:\/\/api.w.org\/{rel}","templated":true}]}}