{"id":5145,"date":"2018-05-08T06:29:33","date_gmt":"2018-05-08T06:29:33","guid":{"rendered":"http:\/\/edsearch.com.au\/?page_id=5145"},"modified":"2018-05-09T05:41:59","modified_gmt":"2018-05-09T05:41:59","slug":"ve-nuoc-uc","status":"publish","type":"page","link":"https:\/\/augstudy.com\/vi\/about-australia\/","title":{"rendered":"V\u1ec1 n\u01b0\u1edbc \u00dac"},"content":{"rendered":"<div class=\"vc_row wpb_row vc_row-fluid aug_spacer_all_iphone_30\"><div class=\"wpb_column vc_column_container vc_col-sm-12\"><div class=\"vc_column-inner \"><div class=\"wpb_wrapper\"><div style=\"background-color:; height: 100px;\" class=\"nicdark_section\"><\/div><\/div><\/div><\/div><\/div><div class=\"vc_row wpb_row vc_row-fluid\"><div class=\"wpb_column vc_column_container vc_col-sm-6\"><div class=\"vc_column-inner \"><div class=\"wpb_wrapper\">\n    <div style=\"text-align:left;\" class=\"nd_options_section\">\n      <img decoding=\"async\" alt=\"\" style=\"width:;\" class=\"aug_image_123 nd_options_margin_0 nd_options_padding_0 \" src=\"https:\/\/augstudy.com\/aug-website-files\/wp-content\/uploads\/2018\/05\/about_au_environment_yellow.jpg\">\n    <\/div>\n   \n\t<div class=\"wpb_text_column wpb_content_element  wpb_animate_when_almost_visible wpb_top-to-bottom nd_options_padding_right_30 nd_options_padding_right_0_all_iphone\">\n\t\t<div class=\"wpb_wrapper\">\n\t\t\t<p>Australia has a remarkable reputation as one of the best places in the world to live. Australia is a unique and diverse country in every way \u2013 in culture, population, climate, geography, and history. Over the years, states such as Melbourne and Sydney have continuously been voted one of the world\u2019s most livable cities, and other states in the country are on the top of the list of tourist destinations.<\/p>\n\n\t\t<\/div>\n\t<\/div>\n<\/div><\/div><\/div><div class=\"wpb_column vc_column_container vc_col-sm-6\"><div class=\"vc_column-inner \"><div class=\"wpb_wrapper\">\n    <div style=\"text-align:left;\" class=\"nd_options_section\">\n      <img decoding=\"async\" alt=\"\" style=\"width:;\" class=\"aug_image_123 nd_options_padding_left_30 nd_options_padding_left_0_all_iphone nd_options_margin_0 nd_options_padding_0 \" src=\"https:\/\/augstudy.com\/aug-website-files\/wp-content\/uploads\/2018\/05\/about_au_muticultural_yellow.jpg\">\n    <\/div>\n   \n\t<div class=\"wpb_text_column wpb_content_element  wpb_animate_when_almost_visible wpb_top-to-bottom nd_options_padding_left_30 nd_options_padding_left_0_all_iphone\">\n\t\t<div class=\"wpb_wrapper\">\n\t\t\t<p>Australian culture is as broad and varied as the country\u2019s landscape. Australia is multicultural and multiracial and this is reflected in the country\u2019s food, lifestyle and cultural practices and experience. Just walk along the streets of its major cities and you will identify with the large range of shops and restaurants from India, Malaysia, Singapore, Thailand and China. Australia has an important heritage from its indigenous people, which plays a defining role in the cultural landscape.<\/p>\n\n\t\t<\/div>\n\t<\/div>\n<\/div><\/div><\/div><\/div><div class=\"vc_row wpb_row vc_row-fluid aug_spacer_all_iphone_5\"><div class=\"wpb_column vc_column_container vc_col-sm-12\"><div class=\"vc_column-inner \"><div class=\"wpb_wrapper\"><div style=\"background-color:; height: 30px;\" class=\"nicdark_section\"><\/div><\/div><\/div><\/div><\/div><div class=\"vc_row wpb_row vc_row-fluid\"><div class=\"wpb_column vc_column_container vc_col-sm-6\"><div class=\"vc_column-inner \"><div class=\"wpb_wrapper\">\n    <div style=\"text-align:left;\" class=\"nd_options_section\">\n      <img decoding=\"async\" alt=\"\" style=\"width:;\" class=\"aug_image_123 nd_options_margin_0 nd_options_padding_0 \" src=\"https:\/\/augstudy.com\/aug-website-files\/wp-content\/uploads\/2018\/05\/about_au_symbol_yellow.jpg\">\n    <\/div>\n   \n\t<div class=\"wpb_text_column wpb_content_element  nd_options_padding_right_30 nd_options_padding_right_0_all_iphone\">\n\t\t<div class=\"wpb_wrapper\">\n\t\t\t<p>This diversity of influences creates a cultural environment in Australia that is lively, energetic, innovative, and outward looking. Its Australian emblem, the emu and kangaroo were selected based on the fact that these animals cannot move backwards, which is a strong reflection of the country as a whole.<\/p>\n\n\t\t<\/div>\n\t<\/div>\n<\/div><\/div><\/div><div class=\"wpb_column vc_column_container vc_col-sm-6\"><div class=\"vc_column-inner \"><div class=\"wpb_wrapper\">\n    <div style=\"text-align:left;\" class=\"nd_options_section\">\n      <img decoding=\"async\" alt=\"\" style=\"width:;\" class=\"aug_image_123 nd_options_padding_left_30 nd_options_padding_left_0_all_iphone nd_options_margin_0 nd_options_padding_0 \" src=\"https:\/\/augstudy.com\/aug-website-files\/wp-content\/uploads\/2018\/05\/about_au_activities_yellow.jpg\">\n    <\/div>\n   \n\t<div class=\"wpb_text_column wpb_content_element  nd_options_padding_left_30 nd_options_padding_left_0_all_iphone\">\n\t\t<div class=\"wpb_wrapper\">\n\t\t\t<p>Every season in Australia offers a different but always exciting array of activities including surfing, skiing, trekking, snowboarding and not forgetting, the wonderful array of wineries and national parks to explore. Australia also boasts an excellent track record of hosting international concerts [think Pink, Beyonce, Coldplay], major sporting events and cultural festivals.<\/p>\n\n\t\t<\/div>\n\t<\/div>\n<\/div><\/div><\/div><\/div><div class=\"vc_row wpb_row vc_row-fluid aug_spacer_all_iphone_20\"><div class=\"wpb_column vc_column_container vc_col-sm-12\"><div class=\"vc_column-inner \"><div class=\"wpb_wrapper\"><div style=\"background-color:; height: 60px;\" class=\"nicdark_section\"><\/div><\/div><\/div><\/div><\/div><div data-vc-full-width=\"true\" data-vc-full-width-init=\"false\" class=\"vc_row wpb_row vc_row-fluid vc_custom_1522319996888 vc_row-has-fill\"><div class=\"wpb_column vc_column_container vc_col-sm-12\"><div class=\"vc_column-inner vc_custom_1467269031076\"><div class=\"wpb_wrapper\"><div class=\"vc_row wpb_row vc_inner vc_row-fluid\"><div class=\"wpb_column vc_column_container vc_col-sm-4\"><div class=\"vc_column-inner \"><div class=\"wpb_wrapper\"><div style=\"background-color:; height: 20px;\" class=\"nicdark_section\"><\/div> <h2 style=\"color:#ffffff; padding:px; text-align:center; font-size:46px; line-height:55px; letter-spacing: 2px; font-weight:bold;\" class=\"mainpage nd_options_second_font \">Enquiry<\/h2> <\/div><\/div><\/div><div class=\"wpb_column vc_column_container vc_col-sm-4\"><div class=\"vc_column-inner \"><div class=\"wpb_wrapper\"><div style=\"background-color:; height: 20px;\" class=\"nicdark_section\"><\/div> <h2 style=\"color:#ffffff; padding:px; text-align:center; font-size:46px; line-height:55px; letter-spacing: 2px; font-weight:bold;\" class=\"mainpage nd_options_second_font \">Study in Australia<\/h2> <\/div><\/div><\/div><div class=\"wpb_column vc_column_container vc_col-sm-4\"><div class=\"vc_column-inner \"><div class=\"wpb_wrapper\"><div style=\"background-color:; height: 20px;\" class=\"nicdark_section\"><\/div> <h2 style=\"color:#ffffff; padding:px; text-align:center; font-size:46px; line-height:55px; letter-spacing: 2px; font-weight:bold;\" class=\"mainpage nd_options_second_font \">Why Australia<\/h2> <\/div><\/div><\/div><\/div><\/div><\/div><\/div><\/div><div class=\"vc_row-full-width vc_clearfix\"><\/div>\n","protected":false},"excerpt":{"rendered":"Australia has a remarkable reputation as one of the best places in the world to live. Australia is a unique and diverse country in every way \u2013 in culture, population, climate, geography, and history. Over the years, states such as Melbourne and Sydney have continuously been voted one of the world\u2019s most livable cities, and [...]","protected":false},"author":1,"featured_media":0,"parent":0,"menu_order":0,"comment_status":"closed","ping_status":"closed","template":"","meta":{"footnotes":""},"class_list":["post-5145","page","type-page","status-publish","hentry"],"yoast_head":"<!-- This site is optimized with the Yoast SEO Premium plugin v27.5 (Yoast SEO v27.5) - https:\/\/yoast.com\/product\/yoast-seo-premium-wordpress\/ -->\n<title>About Australia - AUG Student Services<\/title>\n<meta name=\"description\" content=\"Free counselling for university selection, scholarships and visa applications. Let AUG Student Services fast-track your study-abroad journey today.\" \/>\n<meta name=\"robots\" content=\"index, follow, max-snippet:-1, max-image-preview:large, max-video-preview:-1\" \/>\n<link rel=\"canonical\" href=\"https:\/\/augstudy.com\/vi\/ve-nuoc-uc\/\" \/>\n<meta property=\"og:locale\" content=\"vi_VN\" \/>\n<meta property=\"og:type\" content=\"article\" \/>\n<meta property=\"og:title\" content=\"About Australia\" \/>\n<meta property=\"og:description\" content=\"Free counselling for university selection, scholarships and visa applications. Let AUG Student Services fast-track your study-abroad journey today.\" \/>\n<meta property=\"og:url\" content=\"https:\/\/augstudy.com\/vi\/ve-nuoc-uc\/\" \/>\n<meta property=\"og:site_name\" content=\"AUG Student Services\" \/>\n<meta property=\"article:publisher\" content=\"https:\/\/www.facebook.com\/augmalaysia\/\" \/>\n<meta property=\"article:modified_time\" content=\"2018-05-09T05:41:59+00:00\" \/>\n<meta name=\"twitter:card\" content=\"summary_large_image\" \/>\n<meta name=\"twitter:label1\" content=\"\u01af\u1edbc t\u00ednh th\u1eddi gian \u0111\u1ecdc\" \/>\n\t<meta name=\"twitter:data1\" content=\"4 ph\u00fat\" \/>\n<script type=\"application\/ld+json\" class=\"yoast-schema-graph\">{\"@context\":\"https:\\\/\\\/schema.org\",\"@graph\":[{\"@type\":\"WebPage\",\"@id\":\"https:\\\/\\\/augstudy.com\\\/about-australia\\\/\",\"url\":\"https:\\\/\\\/augstudy.com\\\/about-australia\\\/\",\"name\":\"About Australia - AUG Student Services\",\"isPartOf\":{\"@id\":\"https:\\\/\\\/augstudy.com\\\/#website\"},\"datePublished\":\"2018-05-08T06:29:33+00:00\",\"dateModified\":\"2018-05-09T05:41:59+00:00\",\"description\":\"Free counselling for university selection, scholarships and visa applications. Let AUG Student Services fast-track your study-abroad journey today.\",\"breadcrumb\":{\"@id\":\"https:\\\/\\\/augstudy.com\\\/about-australia\\\/#breadcrumb\"},\"inLanguage\":\"vi\",\"potentialAction\":[{\"@type\":\"ReadAction\",\"target\":[\"https:\\\/\\\/augstudy.com\\\/about-australia\\\/\"]}]},{\"@type\":\"BreadcrumbList\",\"@id\":\"https:\\\/\\\/augstudy.com\\\/about-australia\\\/#breadcrumb\",\"itemListElement\":[{\"@type\":\"ListItem\",\"position\":1,\"name\":\"Home\",\"item\":\"https:\\\/\\\/augstudy.com\\\/\"},{\"@type\":\"ListItem\",\"position\":2,\"name\":\"About Australia\"}]},{\"@type\":\"WebSite\",\"@id\":\"https:\\\/\\\/augstudy.com\\\/#website\",\"url\":\"https:\\\/\\\/augstudy.com\\\/\",\"name\":\"AUG Student Services\",\"description\":\"Student Services\",\"alternateName\":\"AUG Global\",\"potentialAction\":[{\"@type\":\"SearchAction\",\"target\":{\"@type\":\"EntryPoint\",\"urlTemplate\":\"https:\\\/\\\/augstudy.com\\\/?s={search_term_string}\"},\"query-input\":{\"@type\":\"PropertyValueSpecification\",\"valueRequired\":true,\"valueName\":\"search_term_string\"}}],\"inLanguage\":\"vi\"}]}<\/script>\n<!-- \/ Yoast SEO Premium plugin. -->","yoast_head_json":{"title":"Gi\u1edbi thi\u1ec7u v\u1ec1 n\u01b0\u1edbc \u00dac - D\u1ecbch v\u1ee5 sinh vi\u00ean AUG","description":"T\u01b0 v\u1ea5n mi\u1ec5n ph\u00ed v\u1ec1 ch\u1ecdn tr\u01b0\u1eddng \u0111\u1ea1i h\u1ecdc, h\u1ecdc b\u1ed5ng v\u00e0 xin th\u1ecb th\u1ef1c. H\u00e3y \u0111\u1ec3 D\u1ecbch v\u1ee5 Sinh vi\u00ean AUG gi\u00fap b\u1ea1n nhanh ch\u00f3ng ho\u00e0n th\u00e0nh h\u00e0nh tr\u00ecnh du h\u1ecdc ngay h\u00f4m nay.","robots":{"index":"index","follow":"follow","max-snippet":"max-snippet:-1","max-image-preview":"max-image-preview:large","max-video-preview":"max-video-preview:-1"},"canonical":"https:\/\/augstudy.com\/vi\/ve-nuoc-uc\/","og_locale":"vi_VN","og_type":"article","og_title":"About Australia","og_description":"Free counselling for university selection, scholarships and visa applications. Let AUG Student Services fast-track your study-abroad journey today.","og_url":"https:\/\/augstudy.com\/vi\/ve-nuoc-uc\/","og_site_name":"AUG Student Services","article_publisher":"https:\/\/www.facebook.com\/augmalaysia\/","article_modified_time":"2018-05-09T05:41:59+00:00","twitter_card":"summary_large_image","twitter_misc":{"\u01af\u1edbc t\u00ednh th\u1eddi gian \u0111\u1ecdc":"4 ph\u00fat"},"schema":{"@context":"https:\/\/schema.org","@graph":[{"@type":"WebPage","@id":"https:\/\/augstudy.com\/about-australia\/","url":"https:\/\/augstudy.com\/about-australia\/","name":"Gi\u1edbi thi\u1ec7u v\u1ec1 n\u01b0\u1edbc \u00dac - D\u1ecbch v\u1ee5 sinh vi\u00ean AUG","isPartOf":{"@id":"https:\/\/augstudy.com\/#website"},"datePublished":"2018-05-08T06:29:33+00:00","dateModified":"2018-05-09T05:41:59+00:00","description":"T\u01b0 v\u1ea5n mi\u1ec5n ph\u00ed v\u1ec1 ch\u1ecdn tr\u01b0\u1eddng \u0111\u1ea1i h\u1ecdc, h\u1ecdc b\u1ed5ng v\u00e0 xin th\u1ecb th\u1ef1c. H\u00e3y \u0111\u1ec3 D\u1ecbch v\u1ee5 Sinh vi\u00ean AUG gi\u00fap b\u1ea1n nhanh ch\u00f3ng ho\u00e0n th\u00e0nh h\u00e0nh tr\u00ecnh du h\u1ecdc ngay h\u00f4m nay.","breadcrumb":{"@id":"https:\/\/augstudy.com\/about-australia\/#breadcrumb"},"inLanguage":"vi","potentialAction":[{"@type":"ReadAction","target":["https:\/\/augstudy.com\/about-australia\/"]}]},{"@type":"BreadcrumbList","@id":"https:\/\/augstudy.com\/about-australia\/#breadcrumb","itemListElement":[{"@type":"ListItem","position":1,"name":"Home","item":"https:\/\/augstudy.com\/"},{"@type":"ListItem","position":2,"name":"About Australia"}]},{"@type":"WebSite","@id":"https:\/\/augstudy.com\/#website","url":"https:\/\/augstudy.com\/","name":"D\u1ecbch v\u1ee5 Sinh vi\u00ean AUG","description":"D\u1ecbch v\u1ee5 sinh vi\u00ean","alternateName":"AUG Global","potentialAction":[{"@type":"SearchAction","target":{"@type":"EntryPoint","urlTemplate":"https:\/\/augstudy.com\/?s={search_term_string}"},"query-input":{"@type":"PropertyValueSpecification","valueRequired":true,"valueName":"search_term_string"}}],"inLanguage":"vi"}]}},"_links":{"self":[{"href":"https:\/\/augstudy.com\/vi\/wp-json\/wp\/v2\/pages\/5145","targetHints":{"allow":["GET"]}}],"collection":[{"href":"https:\/\/augstudy.com\/vi\/wp-json\/wp\/v2\/pages"}],"about":[{"href":"https:\/\/augstudy.com\/vi\/wp-json\/wp\/v2\/types\/page"}],"author":[{"embeddable":true,"href":"https:\/\/augstudy.com\/vi\/wp-json\/wp\/v2\/users\/1"}],"replies":[{"embeddable":true,"href":"https:\/\/augstudy.com\/vi\/wp-json\/wp\/v2\/comments?post=5145"}],"version-history":[{"count":0,"href":"https:\/\/augstudy.com\/vi\/wp-json\/wp\/v2\/pages\/5145\/revisions"}],"wp:attachment":[{"href":"https:\/\/augstudy.com\/vi\/wp-json\/wp\/v2\/media?parent=5145"}],"curies":[{"name":"wp","href":"https:\/\/api.w.org\/{rel}","templated":true}]}}