{"id":45937,"date":"2019-06-13T18:45:42","date_gmt":"2019-06-13T08:45:42","guid":{"rendered":"https:\/\/augstudy.com\/?page_id=45937"},"modified":"2019-06-18T13:45:46","modified_gmt":"2019-06-18T03:45:46","slug":"jb-fubc-2","status":"publish","type":"page","link":"https:\/\/augstudy.com\/vi\/malaysia\/events\/jb-fubc-2\/","title":{"rendered":"Foreign University Branch Campus Fair"},"content":{"rendered":"<div class=\"vc_row wpb_row vc_row-fluid\"><div class=\"wpb_column vc_column_container vc_col-sm-12\"><div class=\"vc_column-inner\"><div class=\"wpb_wrapper\"><h2 style=\"text-align: left;font-family:Roboto;font-weight:400;font-style:normal\" class=\"vc_custom_heading\">H\u1ed9i ch\u1ee3 chi nh\u00e1nh tr\u01b0\u1eddng \u0111\u1ea1i h\u1ecdc n\u01b0\u1edbc ngo\u00e0i<\/h2><div class=\"vc_separator wpb_content_element vc_separator_align_center vc_sep_width_100 vc_sep_pos_align_center vc_separator_no_text vc_sep_color_grey\"><span class=\"vc_sep_holder vc_sep_holder_l\"><span  class=\"vc_sep_line\"><\/span><\/span><span class=\"vc_sep_holder vc_sep_holder_r\"><span  class=\"vc_sep_line\"><\/span><\/span>\n<\/div><\/div><\/div><\/div><\/div><div class=\"vc_row wpb_row vc_row-fluid\"><div class=\"wpb_column vc_column_container vc_col-sm-12\"><div class=\"vc_column-inner\"><div class=\"wpb_wrapper\"><div class=\"wpb_gallery wpb_content_element vc_clearfix\"><div class=\"wpb_wrapper\"><div class=\"wpb_gallery_slides wpb_flexslider flexslider_fade flexslider\" data-interval=\"0\" data-flex_fx=\"fade\"><ul class=\"slides\"><li><\/li><\/ul><\/div><\/div><\/div><div class=\"wpb_gallery wpb_content_element vc_clearfix\"><div class=\"wpb_wrapper\"><div class=\"wpb_gallery_slides wpb_flexslider flexslider_fade flexslider\" data-interval=\"0\" data-flex_fx=\"fade\"><ul class=\"slides\"><li><\/li><\/ul><\/div><\/div><\/div>\n\t<div class=\"wpb_text_column wpb_content_element\">\n\t\t<div class=\"wpb_wrapper\">\n\t\t\t<ul>\n<li>9 tr\u01b0\u1eddng \u0111\u1ea1i h\u1ecdc n\u01b0\u1edbc ngo\u00e0i s\u1ebd tham d\u1ef1<\/li>\n<li>Ki\u1ec3m tra t\u00ednh c\u00e1ch mi\u1ec5n ph\u00ed<\/li>\n<li>H\u1ed9i th\u1ea3o mi\u1ec5n ph\u00ed (K\u1ef8 THU\u1eacT &amp; KHOA H\u1eccC Y SINH H\u1eccC)<\/li>\n<li>Tham d\u1ef1 v\u00e0 \u0111\u1ed5i phi\u1ebfu mua tr\u00e0 s\u1eefa The Yunique Tea tr\u1ecb gi\u00e1 20 RM!<\/li>\n<li>\u0110\u0103ng k\u00fd t\u1ea1i \u0111\u00e2y \u0111\u1ec3 <a href=\"http:\/\/tiny.cc\/FUBC2019\"><u>http:\/\/tiny.cc\/FUBC2019<\/u><\/a>.<\/li>\n<li>\u0110\u1ec3 bi\u1ebft th\u00eam th\u00f4ng tin chi ti\u1ebft, vui l\u00f2ng li\u00ean h\u1ec7 Whatsapp theo s\u1ed1 012-9699462.<\/li>\n<\/ul>\n\n\t\t<\/div>\n\t<\/div>\n<\/div><\/div><\/div><\/div>","protected":false},"excerpt":{"rendered":"Foreign Universities Branch Campus Fair 9 foreign universities will be attending Free personality test Free seminars \uff08ENGINEERING\uff06BIOMEDICAL SCIENCES\uff09 Attend and Redeem A RM 20 The Yunique Tea bubble tea cash voucher! . Register here for http:\/\/tiny.cc\/FUBC2019. For further enquiry, please feel free to Whatsapp 012-9699462.","protected":false},"author":5,"featured_media":0,"parent":2350,"menu_order":1,"comment_status":"closed","ping_status":"closed","template":"","meta":{"footnotes":""},"class_list":["post-45937","page","type-page","status-publish","hentry"],"yoast_head":"<!-- This site is optimized with the Yoast SEO Premium plugin v27.0 (Yoast SEO v27.3) - https:\/\/yoast.com\/product\/yoast-seo-premium-wordpress\/ -->\n<title>Foreign University Branch Campus Fair - AUG Student Services<\/title>\n<meta name=\"description\" content=\"Free counselling for university selection, scholarships and visa applications. Let AUG Student Services fast-track your study-abroad journey today.\" \/>\n<meta name=\"robots\" content=\"index, follow, max-snippet:-1, max-image-preview:large, max-video-preview:-1\" \/>\n<link rel=\"canonical\" href=\"https:\/\/augstudy.com\/vi\/malaysia-2\/su-kien-2\/jb-fubc-2\/\" \/>\n<meta property=\"og:locale\" content=\"vi_VN\" \/>\n<meta property=\"og:type\" content=\"article\" \/>\n<meta property=\"og:title\" content=\"Foreign University Branch Campus Fair\" \/>\n<meta property=\"og:description\" content=\"Free counselling for university selection, scholarships and visa applications. Let AUG Student Services fast-track your study-abroad journey today.\" \/>\n<meta property=\"og:url\" content=\"https:\/\/augstudy.com\/vi\/malaysia-2\/su-kien-2\/jb-fubc-2\/\" \/>\n<meta property=\"og:site_name\" content=\"AUG Student Services\" \/>\n<meta property=\"article:publisher\" content=\"https:\/\/www.facebook.com\/augmalaysia\/\" \/>\n<meta property=\"article:modified_time\" content=\"2019-06-18T03:45:46+00:00\" \/>\n<meta property=\"og:image\" content=\"https:\/\/augstudy.com\/aug-website-files\/wp-content\/uploads\/2019\/06\/artwork-2.jpg\" \/>\n\t<meta property=\"og:image:width\" content=\"1920\" \/>\n\t<meta property=\"og:image:height\" content=\"951\" \/>\n\t<meta property=\"og:image:type\" content=\"image\/jpeg\" \/>\n<meta name=\"twitter:card\" content=\"summary_large_image\" \/>\n<meta name=\"twitter:label1\" content=\"\u01af\u1edbc t\u00ednh th\u1eddi gian \u0111\u1ecdc\" \/>\n\t<meta name=\"twitter:data1\" content=\"1 ph\u00fat\" \/>\n<script type=\"application\/ld+json\" class=\"yoast-schema-graph\">{\"@context\":\"https:\\\/\\\/schema.org\",\"@graph\":[{\"@type\":\"WebPage\",\"@id\":\"https:\\\/\\\/augstudy.com\\\/malaysia\\\/events\\\/jb-fubc-2\\\/\",\"url\":\"https:\\\/\\\/augstudy.com\\\/malaysia\\\/events\\\/jb-fubc-2\\\/\",\"name\":\"Foreign University Branch Campus Fair - AUG Student Services\",\"isPartOf\":{\"@id\":\"https:\\\/\\\/augstudy.com\\\/#website\"},\"datePublished\":\"2019-06-13T08:45:42+00:00\",\"dateModified\":\"2019-06-18T03:45:46+00:00\",\"description\":\"Free counselling for university selection, scholarships and visa applications. Let AUG Student Services fast-track your study-abroad journey today.\",\"breadcrumb\":{\"@id\":\"https:\\\/\\\/augstudy.com\\\/malaysia\\\/events\\\/jb-fubc-2\\\/#breadcrumb\"},\"inLanguage\":\"vi\",\"potentialAction\":[{\"@type\":\"ReadAction\",\"target\":[\"https:\\\/\\\/augstudy.com\\\/malaysia\\\/events\\\/jb-fubc-2\\\/\"]}]},{\"@type\":\"BreadcrumbList\",\"@id\":\"https:\\\/\\\/augstudy.com\\\/malaysia\\\/events\\\/jb-fubc-2\\\/#breadcrumb\",\"itemListElement\":[{\"@type\":\"ListItem\",\"position\":1,\"name\":\"Home\",\"item\":\"https:\\\/\\\/augstudy.com\\\/\"},{\"@type\":\"ListItem\",\"position\":2,\"name\":\"AUG Malaysia\",\"item\":\"https:\\\/\\\/augstudy.com\\\/malaysia\\\/\"},{\"@type\":\"ListItem\",\"position\":3,\"name\":\"AUG Malaysia Events\",\"item\":\"https:\\\/\\\/augstudy.com\\\/malaysia\\\/events\\\/\"},{\"@type\":\"ListItem\",\"position\":4,\"name\":\"Foreign University Branch Campus Fair\"}]},{\"@type\":\"WebSite\",\"@id\":\"https:\\\/\\\/augstudy.com\\\/#website\",\"url\":\"https:\\\/\\\/augstudy.com\\\/\",\"name\":\"AUG Student Services\",\"description\":\"Student Services\",\"alternateName\":\"AUG Global\",\"potentialAction\":[{\"@type\":\"SearchAction\",\"target\":{\"@type\":\"EntryPoint\",\"urlTemplate\":\"https:\\\/\\\/augstudy.com\\\/?s={search_term_string}\"},\"query-input\":{\"@type\":\"PropertyValueSpecification\",\"valueRequired\":true,\"valueName\":\"search_term_string\"}}],\"inLanguage\":\"vi\"}]}<\/script>\n<!-- \/ Yoast SEO Premium plugin. -->","yoast_head_json":{"title":"Foreign University Branch Campus Fair - AUG Student Services","description":"T\u01b0 v\u1ea5n mi\u1ec5n ph\u00ed v\u1ec1 ch\u1ecdn tr\u01b0\u1eddng \u0111\u1ea1i h\u1ecdc, h\u1ecdc b\u1ed5ng v\u00e0 xin th\u1ecb th\u1ef1c. H\u00e3y \u0111\u1ec3 D\u1ecbch v\u1ee5 Sinh vi\u00ean AUG gi\u00fap b\u1ea1n nhanh ch\u00f3ng ho\u00e0n th\u00e0nh h\u00e0nh tr\u00ecnh du h\u1ecdc ngay h\u00f4m nay.","robots":{"index":"index","follow":"follow","max-snippet":"max-snippet:-1","max-image-preview":"max-image-preview:large","max-video-preview":"max-video-preview:-1"},"canonical":"https:\/\/augstudy.com\/vi\/malaysia-2\/su-kien-2\/jb-fubc-2\/","og_locale":"vi_VN","og_type":"article","og_title":"Foreign University Branch Campus Fair","og_description":"Free counselling for university selection, scholarships and visa applications. Let AUG Student Services fast-track your study-abroad journey today.","og_url":"https:\/\/augstudy.com\/vi\/malaysia-2\/su-kien-2\/jb-fubc-2\/","og_site_name":"AUG Student Services","article_publisher":"https:\/\/www.facebook.com\/augmalaysia\/","article_modified_time":"2019-06-18T03:45:46+00:00","og_image":[{"width":1920,"height":951,"url":"https:\/\/augstudy.com\/aug-website-files\/wp-content\/uploads\/2019\/06\/artwork-2.jpg","type":"image\/jpeg"}],"twitter_card":"summary_large_image","twitter_misc":{"\u01af\u1edbc t\u00ednh th\u1eddi gian \u0111\u1ecdc":"1 ph\u00fat"},"schema":{"@context":"https:\/\/schema.org","@graph":[{"@type":"WebPage","@id":"https:\/\/augstudy.com\/malaysia\/events\/jb-fubc-2\/","url":"https:\/\/augstudy.com\/malaysia\/events\/jb-fubc-2\/","name":"Foreign University Branch Campus Fair - AUG Student Services","isPartOf":{"@id":"https:\/\/augstudy.com\/#website"},"datePublished":"2019-06-13T08:45:42+00:00","dateModified":"2019-06-18T03:45:46+00:00","description":"T\u01b0 v\u1ea5n mi\u1ec5n ph\u00ed v\u1ec1 ch\u1ecdn tr\u01b0\u1eddng \u0111\u1ea1i h\u1ecdc, h\u1ecdc b\u1ed5ng v\u00e0 xin th\u1ecb th\u1ef1c. H\u00e3y \u0111\u1ec3 D\u1ecbch v\u1ee5 Sinh vi\u00ean AUG gi\u00fap b\u1ea1n nhanh ch\u00f3ng ho\u00e0n th\u00e0nh h\u00e0nh tr\u00ecnh du h\u1ecdc ngay h\u00f4m nay.","breadcrumb":{"@id":"https:\/\/augstudy.com\/malaysia\/events\/jb-fubc-2\/#breadcrumb"},"inLanguage":"vi","potentialAction":[{"@type":"ReadAction","target":["https:\/\/augstudy.com\/malaysia\/events\/jb-fubc-2\/"]}]},{"@type":"BreadcrumbList","@id":"https:\/\/augstudy.com\/malaysia\/events\/jb-fubc-2\/#breadcrumb","itemListElement":[{"@type":"ListItem","position":1,"name":"Home","item":"https:\/\/augstudy.com\/"},{"@type":"ListItem","position":2,"name":"AUG Malaysia","item":"https:\/\/augstudy.com\/malaysia\/"},{"@type":"ListItem","position":3,"name":"AUG Malaysia Events","item":"https:\/\/augstudy.com\/malaysia\/events\/"},{"@type":"ListItem","position":4,"name":"Foreign University Branch Campus Fair"}]},{"@type":"WebSite","@id":"https:\/\/augstudy.com\/#website","url":"https:\/\/augstudy.com\/","name":"D\u1ecbch v\u1ee5 Sinh vi\u00ean AUG","description":"D\u1ecbch v\u1ee5 sinh vi\u00ean","alternateName":"AUG Global","potentialAction":[{"@type":"SearchAction","target":{"@type":"EntryPoint","urlTemplate":"https:\/\/augstudy.com\/?s={search_term_string}"},"query-input":{"@type":"PropertyValueSpecification","valueRequired":true,"valueName":"search_term_string"}}],"inLanguage":"vi"}]}},"_links":{"self":[{"href":"https:\/\/augstudy.com\/vi\/wp-json\/wp\/v2\/pages\/45937","targetHints":{"allow":["GET"]}}],"collection":[{"href":"https:\/\/augstudy.com\/vi\/wp-json\/wp\/v2\/pages"}],"about":[{"href":"https:\/\/augstudy.com\/vi\/wp-json\/wp\/v2\/types\/page"}],"author":[{"embeddable":true,"href":"https:\/\/augstudy.com\/vi\/wp-json\/wp\/v2\/users\/5"}],"replies":[{"embeddable":true,"href":"https:\/\/augstudy.com\/vi\/wp-json\/wp\/v2\/comments?post=45937"}],"version-history":[{"count":0,"href":"https:\/\/augstudy.com\/vi\/wp-json\/wp\/v2\/pages\/45937\/revisions"}],"up":[{"embeddable":true,"href":"https:\/\/augstudy.com\/vi\/wp-json\/wp\/v2\/pages\/2350"}],"wp:attachment":[{"href":"https:\/\/augstudy.com\/vi\/wp-json\/wp\/v2\/media?parent=45937"}],"curies":[{"name":"wp","href":"https:\/\/api.w.org\/{rel}","templated":true}]}}