{"id":42818,"date":"2019-04-26T16:00:19","date_gmt":"2019-04-26T06:00:19","guid":{"rendered":"https:\/\/augstudy.com\/?page_id=42818"},"modified":"2020-11-24T14:30:19","modified_gmt":"2020-11-24T03:30:19","slug":"my-aug-story","status":"publish","type":"page","link":"https:\/\/augstudy.com\/vi\/philippines\/my-aug-story\/","title":{"rendered":"C\u00e2u chuy\u1ec7n AUG c\u1ee7a t\u00f4i"},"content":{"rendered":"<div class=\"vc_row wpb_row vc_row-fluid vc_custom_1606174956016\"><div class=\"wpb_column vc_column_container vc_col-sm-12\"><div class=\"vc_column-inner \"><div class=\"wpb_wrapper\"><div class=\"wpb_gallery wpb_content_element vc_clearfix\"><div class=\"wpb_wrapper\"><div class=\"wpb_gallery_slides wpb_flexslider flexslider_slide flexslider\" data-interval=\"10\" data-flex_fx=\"slide\"><ul class=\"slides\"><li><a class=\"prettyphoto\" href=\"https:\/\/augstudy.com\/aug-website-files\/wp-content\/uploads\/2020\/11\/My-AUG-Story_Lazin-1024x1024.png\" data-rel=\"prettyPhoto[rel-42818-640004808]\"><img loading=\"lazy\" decoding=\"async\" width=\"1080\" height=\"1080\" src=\"https:\/\/augstudy.com\/aug-website-files\/wp-content\/uploads\/2020\/11\/My-AUG-Story_Lazin.png\" class=\"attachment-full\" alt=\"\" srcset=\"https:\/\/augstudy.com\/aug-website-files\/wp-content\/uploads\/2020\/11\/My-AUG-Story_Lazin.png 1080w, https:\/\/augstudy.com\/aug-website-files\/wp-content\/uploads\/2020\/11\/My-AUG-Story_Lazin-300x300.png 300w, https:\/\/augstudy.com\/aug-website-files\/wp-content\/uploads\/2020\/11\/My-AUG-Story_Lazin-1024x1024.png 1024w, https:\/\/augstudy.com\/aug-website-files\/wp-content\/uploads\/2020\/11\/My-AUG-Story_Lazin-150x150.png 150w, https:\/\/augstudy.com\/aug-website-files\/wp-content\/uploads\/2020\/11\/My-AUG-Story_Lazin-768x768.png 768w\" sizes=\"auto, (max-width: 1080px) 100vw, 1080px\" \/><\/a><\/li><li><a class=\"prettyphoto\" href=\"https:\/\/augstudy.com\/aug-website-files\/wp-content\/uploads\/2020\/11\/My-AUG-Story_Marielle-Hernandez-1024x1024.png\" data-rel=\"prettyPhoto[rel-42818-640004808]\"><img loading=\"lazy\" decoding=\"async\" width=\"1080\" height=\"1080\" src=\"https:\/\/augstudy.com\/aug-website-files\/wp-content\/uploads\/2020\/11\/My-AUG-Story_Marielle-Hernandez.png\" class=\"attachment-full\" alt=\"\" srcset=\"https:\/\/augstudy.com\/aug-website-files\/wp-content\/uploads\/2020\/11\/My-AUG-Story_Marielle-Hernandez.png 1080w, https:\/\/augstudy.com\/aug-website-files\/wp-content\/uploads\/2020\/11\/My-AUG-Story_Marielle-Hernandez-300x300.png 300w, https:\/\/augstudy.com\/aug-website-files\/wp-content\/uploads\/2020\/11\/My-AUG-Story_Marielle-Hernandez-1024x1024.png 1024w, https:\/\/augstudy.com\/aug-website-files\/wp-content\/uploads\/2020\/11\/My-AUG-Story_Marielle-Hernandez-150x150.png 150w, https:\/\/augstudy.com\/aug-website-files\/wp-content\/uploads\/2020\/11\/My-AUG-Story_Marielle-Hernandez-768x768.png 768w\" sizes=\"auto, (max-width: 1080px) 100vw, 1080px\" \/><\/a><\/li><li><a class=\"prettyphoto\" href=\"https:\/\/augstudy.com\/aug-website-files\/wp-content\/uploads\/2020\/11\/My-AUG-Story_Maureen-Mae-Macapagal-1024x1024.png\" data-rel=\"prettyPhoto[rel-42818-640004808]\"><img loading=\"lazy\" decoding=\"async\" width=\"1080\" height=\"1080\" src=\"https:\/\/augstudy.com\/aug-website-files\/wp-content\/uploads\/2020\/11\/My-AUG-Story_Maureen-Mae-Macapagal.png\" class=\"attachment-full\" alt=\"\" srcset=\"https:\/\/augstudy.com\/aug-website-files\/wp-content\/uploads\/2020\/11\/My-AUG-Story_Maureen-Mae-Macapagal.png 1080w, https:\/\/augstudy.com\/aug-website-files\/wp-content\/uploads\/2020\/11\/My-AUG-Story_Maureen-Mae-Macapagal-300x300.png 300w, https:\/\/augstudy.com\/aug-website-files\/wp-content\/uploads\/2020\/11\/My-AUG-Story_Maureen-Mae-Macapagal-1024x1024.png 1024w, https:\/\/augstudy.com\/aug-website-files\/wp-content\/uploads\/2020\/11\/My-AUG-Story_Maureen-Mae-Macapagal-150x150.png 150w, https:\/\/augstudy.com\/aug-website-files\/wp-content\/uploads\/2020\/11\/My-AUG-Story_Maureen-Mae-Macapagal-768x768.png 768w\" sizes=\"auto, (max-width: 1080px) 100vw, 1080px\" \/><\/a><\/li><li><a class=\"prettyphoto\" href=\"https:\/\/augstudy.com\/aug-website-files\/wp-content\/uploads\/2020\/11\/My-AUG-Story_Sabine-1024x1024.png\" data-rel=\"prettyPhoto[rel-42818-640004808]\"><img loading=\"lazy\" decoding=\"async\" width=\"1080\" height=\"1080\" src=\"https:\/\/augstudy.com\/aug-website-files\/wp-content\/uploads\/2020\/11\/My-AUG-Story_Sabine.png\" class=\"attachment-full\" alt=\"\" srcset=\"https:\/\/augstudy.com\/aug-website-files\/wp-content\/uploads\/2020\/11\/My-AUG-Story_Sabine.png 1080w, https:\/\/augstudy.com\/aug-website-files\/wp-content\/uploads\/2020\/11\/My-AUG-Story_Sabine-300x300.png 300w, https:\/\/augstudy.com\/aug-website-files\/wp-content\/uploads\/2020\/11\/My-AUG-Story_Sabine-1024x1024.png 1024w, https:\/\/augstudy.com\/aug-website-files\/wp-content\/uploads\/2020\/11\/My-AUG-Story_Sabine-150x150.png 150w, https:\/\/augstudy.com\/aug-website-files\/wp-content\/uploads\/2020\/11\/My-AUG-Story_Sabine-768x768.png 768w\" sizes=\"auto, (max-width: 1080px) 100vw, 1080px\" \/><\/a><\/li><li><a class=\"prettyphoto\" href=\"https:\/\/augstudy.com\/aug-website-files\/wp-content\/uploads\/2020\/11\/My-AUG-Story_Sabine-Dave-1024x1024.png\" data-rel=\"prettyPhoto[rel-42818-640004808]\"><img loading=\"lazy\" decoding=\"async\" width=\"1080\" height=\"1080\" src=\"https:\/\/augstudy.com\/aug-website-files\/wp-content\/uploads\/2020\/11\/My-AUG-Story_Sabine-Dave.png\" class=\"attachment-full\" alt=\"\" srcset=\"https:\/\/augstudy.com\/aug-website-files\/wp-content\/uploads\/2020\/11\/My-AUG-Story_Sabine-Dave.png 1080w, https:\/\/augstudy.com\/aug-website-files\/wp-content\/uploads\/2020\/11\/My-AUG-Story_Sabine-Dave-300x300.png 300w, https:\/\/augstudy.com\/aug-website-files\/wp-content\/uploads\/2020\/11\/My-AUG-Story_Sabine-Dave-1024x1024.png 1024w, https:\/\/augstudy.com\/aug-website-files\/wp-content\/uploads\/2020\/11\/My-AUG-Story_Sabine-Dave-150x150.png 150w, https:\/\/augstudy.com\/aug-website-files\/wp-content\/uploads\/2020\/11\/My-AUG-Story_Sabine-Dave-768x768.png 768w\" sizes=\"auto, (max-width: 1080px) 100vw, 1080px\" \/><\/a><\/li><li><a class=\"prettyphoto\" href=\"https:\/\/augstudy.com\/aug-website-files\/wp-content\/uploads\/2020\/11\/My-AUG-Story_Tagala-1024x1024.png\" data-rel=\"prettyPhoto[rel-42818-640004808]\"><img loading=\"lazy\" decoding=\"async\" width=\"1080\" height=\"1080\" src=\"https:\/\/augstudy.com\/aug-website-files\/wp-content\/uploads\/2020\/11\/My-AUG-Story_Tagala.png\" class=\"attachment-full\" alt=\"\" srcset=\"https:\/\/augstudy.com\/aug-website-files\/wp-content\/uploads\/2020\/11\/My-AUG-Story_Tagala.png 1080w, https:\/\/augstudy.com\/aug-website-files\/wp-content\/uploads\/2020\/11\/My-AUG-Story_Tagala-300x300.png 300w, https:\/\/augstudy.com\/aug-website-files\/wp-content\/uploads\/2020\/11\/My-AUG-Story_Tagala-1024x1024.png 1024w, https:\/\/augstudy.com\/aug-website-files\/wp-content\/uploads\/2020\/11\/My-AUG-Story_Tagala-150x150.png 150w, https:\/\/augstudy.com\/aug-website-files\/wp-content\/uploads\/2020\/11\/My-AUG-Story_Tagala-768x768.png 768w\" sizes=\"auto, (max-width: 1080px) 100vw, 1080px\" \/><\/a><\/li><li><a class=\"prettyphoto\" href=\"https:\/\/augstudy.com\/aug-website-files\/wp-content\/uploads\/2020\/11\/My-AUG-Story_Flavier-1024x1024.jpg\" data-rel=\"prettyPhoto[rel-42818-640004808]\"><img loading=\"lazy\" decoding=\"async\" width=\"1080\" height=\"1080\" src=\"https:\/\/augstudy.com\/aug-website-files\/wp-content\/uploads\/2020\/11\/My-AUG-Story_Flavier.jpg\" class=\"attachment-full\" alt=\"\" srcset=\"https:\/\/augstudy.com\/aug-website-files\/wp-content\/uploads\/2020\/11\/My-AUG-Story_Flavier.jpg 1080w, https:\/\/augstudy.com\/aug-website-files\/wp-content\/uploads\/2020\/11\/My-AUG-Story_Flavier-300x300.jpg 300w, https:\/\/augstudy.com\/aug-website-files\/wp-content\/uploads\/2020\/11\/My-AUG-Story_Flavier-1024x1024.jpg 1024w, https:\/\/augstudy.com\/aug-website-files\/wp-content\/uploads\/2020\/11\/My-AUG-Story_Flavier-150x150.jpg 150w, https:\/\/augstudy.com\/aug-website-files\/wp-content\/uploads\/2020\/11\/My-AUG-Story_Flavier-768x768.jpg 768w\" sizes=\"auto, (max-width: 1080px) 100vw, 1080px\" \/><\/a><\/li><\/ul><\/div><\/div><\/div><\/div><\/div><\/div><\/div>\n","protected":false},"excerpt":{"rendered":"","protected":false},"author":4,"featured_media":0,"parent":51750,"menu_order":0,"comment_status":"closed","ping_status":"closed","template":"","meta":{"footnotes":""},"class_list":["post-42818","page","type-page","status-publish","hentry"],"yoast_head":"<!-- This site is optimized with the Yoast SEO Premium plugin v27.0 (Yoast SEO v27.3) - https:\/\/yoast.com\/product\/yoast-seo-premium-wordpress\/ -->\n<title>My AUG Story - AUG Student Services<\/title>\n<meta name=\"description\" content=\"Free counselling for university selection, scholarships and visa applications. Let AUG Student Services fast-track your study-abroad journey today.\" \/>\n<meta name=\"robots\" content=\"index, follow, max-snippet:-1, max-image-preview:large, max-video-preview:-1\" \/>\n<link rel=\"canonical\" href=\"https:\/\/augstudy.com\/vi\/philippines\/my-aug-story\/\" \/>\n<meta property=\"og:locale\" content=\"vi_VN\" \/>\n<meta property=\"og:type\" content=\"article\" \/>\n<meta property=\"og:title\" content=\"My AUG Story\" \/>\n<meta property=\"og:description\" content=\"Free counselling for university selection, scholarships and visa applications. Let AUG Student Services fast-track your study-abroad journey today.\" \/>\n<meta property=\"og:url\" content=\"https:\/\/augstudy.com\/vi\/philippines\/my-aug-story\/\" \/>\n<meta property=\"og:site_name\" content=\"AUG Student Services\" \/>\n<meta property=\"article:publisher\" content=\"https:\/\/www.facebook.com\/augmalaysia\/\" \/>\n<meta property=\"article:modified_time\" content=\"2020-11-24T03:30:19+00:00\" \/>\n<meta name=\"twitter:card\" content=\"summary_large_image\" \/>\n<meta name=\"twitter:label1\" content=\"\u01af\u1edbc t\u00ednh th\u1eddi gian \u0111\u1ecdc\" \/>\n\t<meta name=\"twitter:data1\" content=\"1 ph\u00fat\" \/>\n<script type=\"application\/ld+json\" class=\"yoast-schema-graph\">{\"@context\":\"https:\\\/\\\/schema.org\",\"@graph\":[{\"@type\":\"WebPage\",\"@id\":\"https:\\\/\\\/augstudy.com\\\/philippines\\\/my-aug-story\\\/\",\"url\":\"https:\\\/\\\/augstudy.com\\\/philippines\\\/my-aug-story\\\/\",\"name\":\"My AUG Story - AUG Student Services\",\"isPartOf\":{\"@id\":\"https:\\\/\\\/augstudy.com\\\/#website\"},\"datePublished\":\"2019-04-26T06:00:19+00:00\",\"dateModified\":\"2020-11-24T03:30:19+00:00\",\"description\":\"Free counselling for university selection, scholarships and visa applications. Let AUG Student Services fast-track your study-abroad journey today.\",\"breadcrumb\":{\"@id\":\"https:\\\/\\\/augstudy.com\\\/philippines\\\/my-aug-story\\\/#breadcrumb\"},\"inLanguage\":\"vi\",\"potentialAction\":[{\"@type\":\"ReadAction\",\"target\":[\"https:\\\/\\\/augstudy.com\\\/philippines\\\/my-aug-story\\\/\"]}]},{\"@type\":\"BreadcrumbList\",\"@id\":\"https:\\\/\\\/augstudy.com\\\/philippines\\\/my-aug-story\\\/#breadcrumb\",\"itemListElement\":[{\"@type\":\"ListItem\",\"position\":1,\"name\":\"Home\",\"item\":\"https:\\\/\\\/augstudy.com\\\/\"},{\"@type\":\"ListItem\",\"position\":2,\"name\":\"AUG Philippines\",\"item\":\"https:\\\/\\\/augstudy.com\\\/philippines\\\/\"},{\"@type\":\"ListItem\",\"position\":3,\"name\":\"My AUG Story\"}]},{\"@type\":\"WebSite\",\"@id\":\"https:\\\/\\\/augstudy.com\\\/#website\",\"url\":\"https:\\\/\\\/augstudy.com\\\/\",\"name\":\"AUG Student Services\",\"description\":\"Student Services\",\"alternateName\":\"AUG Global\",\"potentialAction\":[{\"@type\":\"SearchAction\",\"target\":{\"@type\":\"EntryPoint\",\"urlTemplate\":\"https:\\\/\\\/augstudy.com\\\/?s={search_term_string}\"},\"query-input\":{\"@type\":\"PropertyValueSpecification\",\"valueRequired\":true,\"valueName\":\"search_term_string\"}}],\"inLanguage\":\"vi\"}]}<\/script>\n<!-- \/ Yoast SEO Premium plugin. -->","yoast_head_json":{"title":"My AUG Story - AUG Student Services","description":"T\u01b0 v\u1ea5n mi\u1ec5n ph\u00ed v\u1ec1 ch\u1ecdn tr\u01b0\u1eddng \u0111\u1ea1i h\u1ecdc, h\u1ecdc b\u1ed5ng v\u00e0 xin th\u1ecb th\u1ef1c. H\u00e3y \u0111\u1ec3 D\u1ecbch v\u1ee5 Sinh vi\u00ean AUG gi\u00fap b\u1ea1n nhanh ch\u00f3ng ho\u00e0n th\u00e0nh h\u00e0nh tr\u00ecnh du h\u1ecdc ngay h\u00f4m nay.","robots":{"index":"index","follow":"follow","max-snippet":"max-snippet:-1","max-image-preview":"max-image-preview:large","max-video-preview":"max-video-preview:-1"},"canonical":"https:\/\/augstudy.com\/vi\/philippines\/my-aug-story\/","og_locale":"vi_VN","og_type":"article","og_title":"My AUG Story","og_description":"Free counselling for university selection, scholarships and visa applications. Let AUG Student Services fast-track your study-abroad journey today.","og_url":"https:\/\/augstudy.com\/vi\/philippines\/my-aug-story\/","og_site_name":"AUG Student Services","article_publisher":"https:\/\/www.facebook.com\/augmalaysia\/","article_modified_time":"2020-11-24T03:30:19+00:00","twitter_card":"summary_large_image","twitter_misc":{"\u01af\u1edbc t\u00ednh th\u1eddi gian \u0111\u1ecdc":"1 ph\u00fat"},"schema":{"@context":"https:\/\/schema.org","@graph":[{"@type":"WebPage","@id":"https:\/\/augstudy.com\/philippines\/my-aug-story\/","url":"https:\/\/augstudy.com\/philippines\/my-aug-story\/","name":"My AUG Story - AUG Student Services","isPartOf":{"@id":"https:\/\/augstudy.com\/#website"},"datePublished":"2019-04-26T06:00:19+00:00","dateModified":"2020-11-24T03:30:19+00:00","description":"T\u01b0 v\u1ea5n mi\u1ec5n ph\u00ed v\u1ec1 ch\u1ecdn tr\u01b0\u1eddng \u0111\u1ea1i h\u1ecdc, h\u1ecdc b\u1ed5ng v\u00e0 xin th\u1ecb th\u1ef1c. H\u00e3y \u0111\u1ec3 D\u1ecbch v\u1ee5 Sinh vi\u00ean AUG gi\u00fap b\u1ea1n nhanh ch\u00f3ng ho\u00e0n th\u00e0nh h\u00e0nh tr\u00ecnh du h\u1ecdc ngay h\u00f4m nay.","breadcrumb":{"@id":"https:\/\/augstudy.com\/philippines\/my-aug-story\/#breadcrumb"},"inLanguage":"vi","potentialAction":[{"@type":"ReadAction","target":["https:\/\/augstudy.com\/philippines\/my-aug-story\/"]}]},{"@type":"BreadcrumbList","@id":"https:\/\/augstudy.com\/philippines\/my-aug-story\/#breadcrumb","itemListElement":[{"@type":"ListItem","position":1,"name":"Home","item":"https:\/\/augstudy.com\/"},{"@type":"ListItem","position":2,"name":"AUG Philippines","item":"https:\/\/augstudy.com\/philippines\/"},{"@type":"ListItem","position":3,"name":"My AUG Story"}]},{"@type":"WebSite","@id":"https:\/\/augstudy.com\/#website","url":"https:\/\/augstudy.com\/","name":"D\u1ecbch v\u1ee5 Sinh vi\u00ean AUG","description":"D\u1ecbch v\u1ee5 sinh vi\u00ean","alternateName":"AUG Global","potentialAction":[{"@type":"SearchAction","target":{"@type":"EntryPoint","urlTemplate":"https:\/\/augstudy.com\/?s={search_term_string}"},"query-input":{"@type":"PropertyValueSpecification","valueRequired":true,"valueName":"search_term_string"}}],"inLanguage":"vi"}]}},"_links":{"self":[{"href":"https:\/\/augstudy.com\/vi\/wp-json\/wp\/v2\/pages\/42818","targetHints":{"allow":["GET"]}}],"collection":[{"href":"https:\/\/augstudy.com\/vi\/wp-json\/wp\/v2\/pages"}],"about":[{"href":"https:\/\/augstudy.com\/vi\/wp-json\/wp\/v2\/types\/page"}],"author":[{"embeddable":true,"href":"https:\/\/augstudy.com\/vi\/wp-json\/wp\/v2\/users\/4"}],"replies":[{"embeddable":true,"href":"https:\/\/augstudy.com\/vi\/wp-json\/wp\/v2\/comments?post=42818"}],"version-history":[{"count":0,"href":"https:\/\/augstudy.com\/vi\/wp-json\/wp\/v2\/pages\/42818\/revisions"}],"up":[{"embeddable":true,"href":"https:\/\/augstudy.com\/vi\/wp-json\/wp\/v2\/pages\/51750"}],"wp:attachment":[{"href":"https:\/\/augstudy.com\/vi\/wp-json\/wp\/v2\/media?parent=42818"}],"curies":[{"name":"wp","href":"https:\/\/api.w.org\/{rel}","templated":true}]}}