{"id":411801,"date":"2026-04-06T13:43:54","date_gmt":"2026-04-06T03:43:54","guid":{"rendered":"https:\/\/augstudy.com\/?page_id=411801"},"modified":"2026-04-06T18:57:26","modified_gmt":"2026-04-06T08:57:26","slug":"the-university-of-queensland-open-day-surabaya","status":"publish","type":"page","link":"https:\/\/augstudy.com\/vi\/indonesia\/events\/the-university-of-queensland-open-day-surabaya\/","title":{"rendered":"The University of Queensland Open Day Surabaya"},"content":{"rendered":"<p><img loading=\"lazy\" decoding=\"async\" class=\"aligncenter size-large wp-image-411810\" src=\"https:\/\/augstudy.com\/aug-website-files\/wp-content\/uploads\/2026\/04\/UQ-OD-HMNTX-1-1024x512.webp\" alt=\"UQ Open Day 2026\" width=\"1024\" height=\"512\" srcset=\"https:\/\/augstudy.com\/aug-website-files\/wp-content\/uploads\/2026\/04\/UQ-OD-HMNTX-1-1024x512.webp 1024w, https:\/\/augstudy.com\/aug-website-files\/wp-content\/uploads\/2026\/04\/UQ-OD-HMNTX-1-300x150.webp 300w, https:\/\/augstudy.com\/aug-website-files\/wp-content\/uploads\/2026\/04\/UQ-OD-HMNTX-1-768x384.webp 768w, https:\/\/augstudy.com\/aug-website-files\/wp-content\/uploads\/2026\/04\/UQ-OD-HMNTX-1-1536x768.webp 1536w, https:\/\/augstudy.com\/aug-website-files\/wp-content\/uploads\/2026\/04\/UQ-OD-HMNTX-1-2048x1024.webp 2048w, https:\/\/augstudy.com\/aug-website-files\/wp-content\/uploads\/2026\/04\/UQ-OD-HMNTX-1-18x9.webp 18w\" sizes=\"auto, (max-width: 1024px) 100vw, 1024px\" \/><\/p>\n<p>&nbsp;<\/p>\n<div class='fluentform ff-default fluentform_wrapper_53 ffs_default_wrap'><form data-form_id=\"53\" id=\"fluentform_53\" class=\"frm-fluent-form fluent_form_53 ff-el-form-top ff_form_instance_53_1 ff-form-loading ffs_default\" data-form_instance=\"ff_form_instance_53_1\" method=\"POST\" action=\"\" ><fieldset  style=\"border: none!important;margin: 0!important;padding: 0!important;background-color: transparent!important;box-shadow: none!important;outline: none!important; min-inline-size: 100%;\">\n                    <legend class=\"ff_screen_reader_title\" style=\"display: block; margin: 0!important;padding: 0!important;height: 0!important;text-indent: -999999px;width: 0!important;overflow:hidden;\">Register UQ Open Day 2026<\/legend><input type='hidden' name='__fluent_form_embded_post_id' value='411801' \/><input type=\"hidden\" id=\"_fluentform_53_fluentformnonce\" name=\"_fluentform_53_fluentformnonce\" value=\"9a41666776\" \/><input type=\"hidden\" name=\"_wp_http_referer\" value=\"\/vi\/wp-json\/wp\/v2\/pages\/411801\" \/><div class='ff-el-group  ff-custom_html' tabindex='-1' data-name=\"custom_html-53_1\" ><div class=\"form-header-wrapper\">\n<div class=\"form-header-banner\">Register UQ Open Day 2026\n<\/div>\n<\/div>\n<p><style>\n.form-header-wrapper {\n    width: 100%;\n    padding: 20px 0; \/* beri ruang atas-bawah *\/\n    background: transparent; \/* transparan seperti diminta *\/\n}\n\n.form-header-banner {\n    width: 100%;\n    background: #1F51B8; \/* biru seperti contoh *\/\n    color: #fff;\n    text-align: center;\n    font-size: 28px;\n    font-weight: 700;\n    padding: 30px 20px;\n    border-radius: 40px; \/* rounded besar seperti gambar *\/\n    box-sizing: border-box;\n    font-family: 'Montserrat', sans-serif;\n}\n<\/style><\/p><\/div><div data-name=\"ff_cn_id_1\"  class='ff-t-container ff-column-container ff_columns_total_2'><div class='ff-t-cell ff-t-column-1' style='flex-basis: 50%;'><div class='ff-el-group'><div class=\"ff-el-input--label ff-el-is-required asterisk-right\"><label for='ff_53_input_text_3' id='label_ff_53_input_text_3' aria-label=\"T\u00ean \u0111\u1ea7u ti\u00ean\">T\u00ean \u0111\u1ea7u ti\u00ean<\/label><\/div><div class='ff-el-input--content'><input type=\"text\" name=\"input_text_3\" class=\"ff-el-form-control\" placeholder=\"T\u00ean \u0111\u1ea7u ti\u00ean\" data-name=\"input_text_3\" id=\"ff_53_input_text_3\"  aria-invalid=\"false\" aria-required=\"true\"><\/div><\/div><\/div><div class='ff-t-cell ff-t-column-2' style='flex-basis: 50%;'><div class='ff-el-group'><div class=\"ff-el-input--label ff-el-is-required asterisk-right\"><label for='ff_53_input_text_4' id='label_ff_53_input_text_4' aria-label=\"H\u1ecd\">H\u1ecd<\/label><\/div><div class='ff-el-input--content'><input type=\"text\" name=\"input_text_4\" class=\"ff-el-form-control\" data-name=\"input_text_4\" id=\"ff_53_input_text_4\"  aria-invalid=\"false\" aria-required=\"true\"><\/div><\/div><\/div><\/div><div data-name=\"ff_cn_id_2\"  class='ff-t-container ff-column-container ff_columns_total_2'><div class='ff-t-cell ff-t-column-1' style='flex-basis: 50%;'><div class='ff-el-group'><div class=\"ff-el-input--label ff-el-is-required asterisk-right\"><label for='ff_53_email' id='label_ff_53_email' aria-label=\"E-mail\">E-mail<\/label><\/div><div class='ff-el-input--content'><input type=\"email\" name=\"email\" id=\"ff_53_email\" class=\"ff-el-form-control\" placeholder=\"\u0110i\u0323a chi\u0309 email\" data-name=\"email\"  aria-invalid=\"false\" aria-required=\"true\"><\/div><\/div><\/div><div class='ff-t-cell ff-t-column-2' style='flex-basis: 50%;'><div class='ff-el-group'><div class=\"ff-el-input--label ff-el-is-required asterisk-right\"><label for='ff_53_input_text_5' id='label_ff_53_input_text_5' aria-label=\"Phone Number \/ Whatsapp\">Phone Number \/ Whatsapp<\/label><\/div><div class='ff-el-input--content'><input type=\"text\" name=\"input_text_5\" class=\"ff-el-form-control\" data-name=\"input_text_5\" id=\"ff_53_input_text_5\"  aria-invalid=\"false\" aria-required=\"true\"><\/div><\/div><\/div><\/div><div data-name=\"ff_cn_id_3\"  class='ff-t-container ff-column-container ff_columns_total_2'><div class='ff-t-cell ff-t-column-1' style='flex-basis: 50%;'><div class='ff-el-group'><div class=\"ff-el-input--label ff-el-is-required asterisk-right\"><label for='ff_53_dropdown_3' id='label_ff_53_dropdown_3' aria-label=\"What best describes you?\">What best describes you?<\/label><\/div><div class='ff-el-input--content'><select name=\"dropdown_3\" id=\"ff_53_dropdown_3\" class=\"ff-el-form-control\" data-name=\"dropdown_3\" data-calc_value=\"0\"  aria-invalid=\"false\" aria-required=\"true\" aria-labelledby=\"label_ff_53_dropdown_3\"><option value=\"\">- Select -<\/option><option value=\"International Student\"  >Sinh vi\u00ean Qu\u1ed1c t\u1ebf<\/option><option value=\"Australian Domestic Student\"  >Australian Domestic Student<\/option><option value=\"Parent or Guardian\"  >Parent or Guardian<\/option><option value=\"Agent counsellor\"  >Agent counsellor<\/option><option value=\"Guidance or career counsellor\"  >Guidance or career counsellor<\/option><\/select><\/div><\/div><\/div><div class='ff-t-cell ff-t-column-2' style='flex-basis: 50%;'><div class='ff-el-group'><div class=\"ff-el-input--label ff-el-is-required asterisk-right\"><label for='ff_53_dropdown_5' id='label_ff_53_dropdown_5' aria-label=\"What are you looking to study?\">What are you looking to study?<\/label><\/div><div class='ff-el-input--content'><select name=\"dropdown_5\" id=\"ff_53_dropdown_5\" class=\"ff-el-form-control\" data-name=\"dropdown_5\" data-calc_value=\"0\"  aria-invalid=\"false\" aria-required=\"true\" aria-labelledby=\"label_ff_53_dropdown_5\"><option value=\"\">- Select -<\/option><option value=\"Undergraduate\"  >\u0110\u1ea1i h\u1ecdc<\/option><option value=\"Postgraduate Coursework\"  >Postgraduate Coursework<\/option><option value=\"Higher Degree by Research\"  >Higher Degree by Research<\/option><option value=\"Short-term study\"  >Short-term study<\/option><\/select><\/div><\/div><\/div><\/div><div data-name=\"ff_cn_id_4\"  class='ff-t-container ff-column-container ff_columns_total_2'><div class='ff-t-cell ff-t-column-1' style='flex-basis: 50%;'><div class='ff-el-group'><div class=\"ff-el-input--label ff-el-is-required asterisk-right\"><label for='ff_53_multi_select' id='label_ff_53_multi_select' aria-label=\"Please choose your Study Area of Interest for UQ Info Day\">Please choose your Study Area of Interest for UQ Info Day<\/label><\/div><div class='ff-el-input--content'><select name=\"multi_select[]\" id=\"ff_53_multi_select\" class=\"ff-el-form-control  ff_has_multi_select\" placeholder=\"- Select -\" multiple=\"1\" data-name=\"multi_select\" data-calc_value=\"0\"  aria-invalid=\"false\" aria-required=\"true\" aria-labelledby=\"label_ff_53_multi_select\"><option value=\"\">- Select -<\/option><option value=\"Agriculture &amp; Animal Sciences\"  >Agriculture & Animal Sciences<\/option><option value=\"Architecture, Design &amp; Urban Planning\"  >Architecture, Design & Urban Planning<\/option><option value=\"Arts, Humanities &amp; Social Sciences\"  >Arts, Humanities & Social Sciences<\/option><option value=\"Business &amp; Economics\"  >Business & Economics<\/option><option value=\"Communication, Media &amp; Experience Design\"  >Communication, Media & Experience Design<\/option><option value=\"Computer Science &amp; IT\"  >Computer Science & IT<\/option><option value=\"Education\"  >Gi\u00e1o d\u1ee5c<\/option><option value=\"Engineering\"  >K\u1ef9 thu\u1eadt<\/option><option value=\"Environment\"  >M\u00f4i tr\u01b0\u1eddng<\/option><option value=\"Health &amp; Medicine\"  >Health & Medicine<\/option><option value=\"Law\"  >Ph\u00e1p lu\u1eadt<\/option><option value=\"Science &amp; Mathematics\"  >Science & Mathematics<\/option><\/select><\/div><\/div><\/div><div class='ff-t-cell ff-t-column-2' style='flex-basis: 50%;'><div class='ff-el-group'><div class=\"ff-el-input--label ff-el-is-required asterisk-right\"><label for='ff_53_dropdown_4' id='label_ff_53_dropdown_4' aria-label=\"Do you have accessibility requirements (e.g. wheelchair access)? Please select...\">Do you have accessibility requirements (e.g. wheelchair access)? Please select... <\/label><\/div><div class='ff-el-input--content'><select name=\"dropdown_4\" id=\"ff_53_dropdown_4\" class=\"ff-el-form-control\" data-name=\"dropdown_4\" data-calc_value=\"0\"  aria-invalid=\"false\" aria-required=\"true\" aria-labelledby=\"label_ff_53_dropdown_4\"><option value=\"\">- Select -<\/option><option value=\"Yes, I require wheelchair access\"  >Yes, I require wheelchair access<\/option><option value=\"Yes, please contact me before event\"  >Yes, please contact me before event<\/option><option value=\"No\"  >KH\u00d4NG<\/option><\/select><\/div><\/div><\/div><\/div><div data-name=\"ff_cn_id_5\"  class='ff-t-container ff-column-container ff_columns_total_2'><div class='ff-t-cell ff-t-column-1' style='flex-basis: 50%;'><div class='ff-el-group'><div class=\"ff-el-input--label ff-el-is-required asterisk-right\"><label for='ff_53_dropdown' id='label_ff_53_dropdown' aria-label=\"Do you have accessibility requirements (e.g. wheelchair access)? Please select...\">Do you have accessibility requirements (e.g. wheelchair access)? Please select... <\/label><\/div><div class='ff-el-input--content'><select name=\"dropdown\" id=\"ff_53_dropdown\" class=\"ff-el-form-control\" data-name=\"dropdown\" data-calc_value=\"0\"  aria-invalid=\"false\" aria-required=\"true\" aria-labelledby=\"label_ff_53_dropdown\"><option value=\"\">- Select -<\/option><option value=\"Yes, I require wheelchair access\"  >Yes, I require wheelchair access<\/option><option value=\"Yes, please contact me before the event\"  >Yes, please contact me before the event<\/option><option value=\"No\"  >KH\u00d4NG<\/option><\/select><\/div><\/div><\/div><div class='ff-t-cell ff-t-column-2' style='flex-basis: 50%;'><div class='ff-el-group'><div class=\"ff-el-input--label ff-el-is-required asterisk-right\"><label for='ff_53_dropdown_6' id='label_ff_53_dropdown_6' aria-label=\"I will attend UQ Open Day in...\">I will attend UQ Open Day in...<\/label><\/div><div class='ff-el-input--content'><select name=\"dropdown_6\" id=\"ff_53_dropdown_6\" class=\"ff-el-form-control\" data-name=\"dropdown_6\" data-calc_value=\"0\"  aria-invalid=\"false\" aria-required=\"true\" aria-labelledby=\"label_ff_53_dropdown_6\"><option value=\"\">- Select -<\/option><option value=\"Surabaya: Sat, 18 Apr | 12:30pm - 4:30pm | The Westin Surabaya\"  >Surabaya: Sat, 18 Apr | 12:30pm - 4:30pm | The Westin Surabaya<\/option><option value=\"Jakarta: Sun, 19 Apr | 12:30pm - 5pm | Fairmont Hotel\"  >Jakarta: Sun, 19 Apr | 12:30pm - 5pm | Fairmont Hotel<\/option><\/select><\/div><\/div><\/div><\/div><input type=\"hidden\" name=\"utm_source\" value=\"\" data-name=\"utm_source\" ><input type=\"hidden\" name=\"utm_medium\" value=\"\" data-name=\"utm_medium\" ><input type=\"hidden\" name=\"utm_campaign\" value=\"\" data-name=\"utm_campaign\" ><input type=\"hidden\" name=\"utm_content\" value=\"\" data-name=\"utm_content\" ><div class='ff-el-group ff-text-center ff_submit_btn_wrapper'><button type=\"submit\" class=\"ff-btn ff-btn-submit ff-btn-lg ff_btn_style wpf_has_custom_css\"  aria-label=\"N\u1ed9p\">N\u1ed9p<\/button><\/div><\/fieldset><input type=\"hidden\" name=\"trp-form-language\" value=\"vi\"\/><\/form><div id='fluentform_53_errors' class='ff-errors-in-stack ff_form_instance_53_1 ff-form-loading_errors ff_form_instance_53_1_errors'><\/div><\/div>            <script type=\"text\/javascript\">\n                window.fluent_form_ff_form_instance_53_1 = {\"id\":\"53\",\"ajaxUrl\":\"https:\\\/\\\/augstudy.com\\\/aug-website-files\\\/wp-admin\\\/admin-ajax.php\",\"settings\":{\"layout\":{\"labelPlacement\":\"top\",\"asteriskPlacement\":\"asterisk-right\",\"helpMessagePlacement\":\"with_label\",\"errorMessagePlacement\":\"inline\",\"cssClassName\":\"\"},\"restrictions\":{\"denyEmptySubmission\":{\"enabled\":false}}},\"form_instance\":\"ff_form_instance_53_1\",\"form_id_selector\":\"fluentform_53\",\"rules\":{\"input_text_3\":{\"required\":{\"value\":true,\"message\":\"Tr\\u01b0\\u1eddng n\\u00e0y l\\u00e0 b\\u1eaft bu\\u1ed9c\",\"global_message\":\"This field is required\",\"global\":true}},\"input_text_4\":{\"required\":{\"value\":true,\"message\":\"Tr\\u01b0\\u1eddng n\\u00e0y l\\u00e0 b\\u1eaft bu\\u1ed9c\",\"global_message\":\"This field is required\",\"global\":true}},\"email\":{\"required\":{\"value\":true,\"message\":\"Tr\\u01b0\\u1eddng n\\u00e0y l\\u00e0 b\\u1eaft bu\\u1ed9c\",\"global_message\":\"This field is required\",\"global\":true},\"email\":{\"value\":true,\"message\":\"Tr\\u01b0\\u1eddng n\\u00e0y ph\\u1ea3i ch\\u1ee9a m\\u1ed9t email h\\u1ee3p l\\u1ec7\",\"global_message\":\"This field must contain a valid email\",\"global\":true}},\"input_text_5\":{\"required\":{\"value\":true,\"message\":\"Tr\\u01b0\\u1eddng n\\u00e0y l\\u00e0 b\\u1eaft bu\\u1ed9c\",\"global_message\":\"This field is required\",\"global\":true}},\"dropdown_3\":{\"required\":{\"value\":true,\"message\":\"Tr\\u01b0\\u1eddng n\\u00e0y l\\u00e0 b\\u1eaft bu\\u1ed9c\",\"global_message\":\"This field is required\",\"global\":true}},\"dropdown_5\":{\"required\":{\"value\":true,\"message\":\"Tr\\u01b0\\u1eddng n\\u00e0y l\\u00e0 b\\u1eaft bu\\u1ed9c\",\"global_message\":\"This field is required\",\"global\":true}},\"multi_select\":{\"required\":{\"value\":true,\"message\":\"Tr\\u01b0\\u1eddng n\\u00e0y l\\u00e0 b\\u1eaft bu\\u1ed9c\",\"global_message\":\"This field is required\",\"global\":true}},\"dropdown_4\":{\"required\":{\"value\":true,\"message\":\"Tr\\u01b0\\u1eddng n\\u00e0y l\\u00e0 b\\u1eaft bu\\u1ed9c\",\"global_message\":\"This field is required\",\"global\":true}},\"dropdown\":{\"required\":{\"value\":true,\"message\":\"Tr\\u01b0\\u1eddng n\\u00e0y l\\u00e0 b\\u1eaft bu\\u1ed9c\",\"global_message\":\"This field is required\",\"global\":true}},\"dropdown_6\":{\"required\":{\"value\":true,\"message\":\"Tr\\u01b0\\u1eddng n\\u00e0y l\\u00e0 b\\u1eaft bu\\u1ed9c\",\"global_message\":\"This field is required\",\"global\":true}}},\"debounce_time\":300};\n                            <\/script>","protected":false},"excerpt":{"rendered":"<p>&nbsp;<\/p>","protected":false},"author":24937,"featured_media":0,"parent":2349,"menu_order":0,"comment_status":"closed","ping_status":"closed","template":"","meta":{"footnotes":""},"class_list":["post-411801","page","type-page","status-publish","hentry"],"yoast_head":"<!-- This site is optimized with the Yoast SEO Premium plugin v27.0 (Yoast SEO v27.3) - https:\/\/yoast.com\/product\/yoast-seo-premium-wordpress\/ -->\n<title>The University of Queensland Open Day Surabaya - AUG Student Services<\/title>\n<meta name=\"description\" content=\"Free counselling for university selection, scholarships and visa applications. Let AUG Student Services fast-track your study-abroad journey today.\" \/>\n<meta name=\"robots\" content=\"index, follow, max-snippet:-1, max-image-preview:large, max-video-preview:-1\" \/>\n<link rel=\"canonical\" href=\"https:\/\/augstudy.com\/vi\/indonesia\/su-kien-2\/the-university-of-queensland-open-day-surabaya\/\" \/>\n<meta property=\"og:locale\" content=\"vi_VN\" \/>\n<meta property=\"og:type\" content=\"article\" \/>\n<meta property=\"og:title\" content=\"The University of Queensland Open Day Surabaya\" \/>\n<meta property=\"og:description\" content=\"Free counselling for university selection, scholarships and visa applications. Let AUG Student Services fast-track your study-abroad journey today.\" \/>\n<meta property=\"og:url\" content=\"https:\/\/augstudy.com\/vi\/indonesia\/su-kien-2\/the-university-of-queensland-open-day-surabaya\/\" \/>\n<meta property=\"og:site_name\" content=\"AUG Student Services\" \/>\n<meta property=\"article:publisher\" content=\"https:\/\/www.facebook.com\/augmalaysia\/\" \/>\n<meta property=\"article:modified_time\" content=\"2026-04-06T08:57:26+00:00\" \/>\n<meta property=\"og:image\" content=\"https:\/\/augstudy.com\/aug-website-files\/wp-content\/uploads\/2026\/04\/UQ-OD-HMNTX-1-scaled.webp\" \/>\n\t<meta property=\"og:image:width\" content=\"2560\" \/>\n\t<meta property=\"og:image:height\" content=\"1280\" \/>\n\t<meta property=\"og:image:type\" content=\"image\/webp\" \/>\n<meta name=\"twitter:card\" content=\"summary_large_image\" \/>\n<script type=\"application\/ld+json\" class=\"yoast-schema-graph\">{\"@context\":\"https:\\\/\\\/schema.org\",\"@graph\":[{\"@type\":\"WebPage\",\"@id\":\"https:\\\/\\\/augstudy.com\\\/indonesia\\\/events\\\/the-university-of-queensland-open-day-surabaya\\\/\",\"url\":\"https:\\\/\\\/augstudy.com\\\/indonesia\\\/events\\\/the-university-of-queensland-open-day-surabaya\\\/\",\"name\":\"The University of Queensland Open Day Surabaya - AUG Student Services\",\"isPartOf\":{\"@id\":\"https:\\\/\\\/augstudy.com\\\/#website\"},\"primaryImageOfPage\":{\"@id\":\"https:\\\/\\\/augstudy.com\\\/indonesia\\\/events\\\/the-university-of-queensland-open-day-surabaya\\\/#primaryimage\"},\"image\":{\"@id\":\"https:\\\/\\\/augstudy.com\\\/indonesia\\\/events\\\/the-university-of-queensland-open-day-surabaya\\\/#primaryimage\"},\"thumbnailUrl\":\"https:\\\/\\\/augstudy.com\\\/aug-website-files\\\/wp-content\\\/uploads\\\/2026\\\/04\\\/UQ-OD-HMNTX-1-1024x512.webp\",\"datePublished\":\"2026-04-06T03:43:54+00:00\",\"dateModified\":\"2026-04-06T08:57:26+00:00\",\"description\":\"Free counselling for university selection, scholarships and visa applications. Let AUG Student Services fast-track your study-abroad journey today.\",\"breadcrumb\":{\"@id\":\"https:\\\/\\\/augstudy.com\\\/indonesia\\\/events\\\/the-university-of-queensland-open-day-surabaya\\\/#breadcrumb\"},\"inLanguage\":\"vi\",\"potentialAction\":[{\"@type\":\"ReadAction\",\"target\":[\"https:\\\/\\\/augstudy.com\\\/indonesia\\\/events\\\/the-university-of-queensland-open-day-surabaya\\\/\"]}]},{\"@type\":\"ImageObject\",\"inLanguage\":\"vi\",\"@id\":\"https:\\\/\\\/augstudy.com\\\/indonesia\\\/events\\\/the-university-of-queensland-open-day-surabaya\\\/#primaryimage\",\"url\":\"https:\\\/\\\/augstudy.com\\\/aug-website-files\\\/wp-content\\\/uploads\\\/2026\\\/04\\\/UQ-OD-HMNTX-1-1024x512.webp\",\"contentUrl\":\"https:\\\/\\\/augstudy.com\\\/aug-website-files\\\/wp-content\\\/uploads\\\/2026\\\/04\\\/UQ-OD-HMNTX-1-1024x512.webp\"},{\"@type\":\"BreadcrumbList\",\"@id\":\"https:\\\/\\\/augstudy.com\\\/indonesia\\\/events\\\/the-university-of-queensland-open-day-surabaya\\\/#breadcrumb\",\"itemListElement\":[{\"@type\":\"ListItem\",\"position\":1,\"name\":\"Home\",\"item\":\"https:\\\/\\\/augstudy.com\\\/\"},{\"@type\":\"ListItem\",\"position\":2,\"name\":\"AUG Indonesia\",\"item\":\"https:\\\/\\\/augstudy.com\\\/indonesia\\\/\"},{\"@type\":\"ListItem\",\"position\":3,\"name\":\"AUG Indonesia Events\",\"item\":\"https:\\\/\\\/augstudy.com\\\/indonesia\\\/events\\\/\"},{\"@type\":\"ListItem\",\"position\":4,\"name\":\"The University of Queensland Open Day Surabaya\"}]},{\"@type\":\"WebSite\",\"@id\":\"https:\\\/\\\/augstudy.com\\\/#website\",\"url\":\"https:\\\/\\\/augstudy.com\\\/\",\"name\":\"AUG Student Services\",\"description\":\"Student Services\",\"alternateName\":\"AUG Global\",\"potentialAction\":[{\"@type\":\"SearchAction\",\"target\":{\"@type\":\"EntryPoint\",\"urlTemplate\":\"https:\\\/\\\/augstudy.com\\\/?s={search_term_string}\"},\"query-input\":{\"@type\":\"PropertyValueSpecification\",\"valueRequired\":true,\"valueName\":\"search_term_string\"}}],\"inLanguage\":\"vi\"}]}<\/script>\n<!-- \/ Yoast SEO Premium plugin. -->","yoast_head_json":{"title":"The University of Queensland Open Day Surabaya - AUG Student Services","description":"T\u01b0 v\u1ea5n mi\u1ec5n ph\u00ed v\u1ec1 ch\u1ecdn tr\u01b0\u1eddng \u0111\u1ea1i h\u1ecdc, h\u1ecdc b\u1ed5ng v\u00e0 xin th\u1ecb th\u1ef1c. H\u00e3y \u0111\u1ec3 D\u1ecbch v\u1ee5 Sinh vi\u00ean AUG gi\u00fap b\u1ea1n nhanh ch\u00f3ng ho\u00e0n th\u00e0nh h\u00e0nh tr\u00ecnh du h\u1ecdc ngay h\u00f4m nay.","robots":{"index":"index","follow":"follow","max-snippet":"max-snippet:-1","max-image-preview":"max-image-preview:large","max-video-preview":"max-video-preview:-1"},"canonical":"https:\/\/augstudy.com\/vi\/indonesia\/su-kien-2\/the-university-of-queensland-open-day-surabaya\/","og_locale":"vi_VN","og_type":"article","og_title":"The University of Queensland Open Day Surabaya","og_description":"Free counselling for university selection, scholarships and visa applications. Let AUG Student Services fast-track your study-abroad journey today.","og_url":"https:\/\/augstudy.com\/vi\/indonesia\/su-kien-2\/the-university-of-queensland-open-day-surabaya\/","og_site_name":"AUG Student Services","article_publisher":"https:\/\/www.facebook.com\/augmalaysia\/","article_modified_time":"2026-04-06T08:57:26+00:00","og_image":[{"width":2560,"height":1280,"url":"https:\/\/augstudy.com\/aug-website-files\/wp-content\/uploads\/2026\/04\/UQ-OD-HMNTX-1-scaled.webp","type":"image\/webp"}],"twitter_card":"summary_large_image","schema":{"@context":"https:\/\/schema.org","@graph":[{"@type":"WebPage","@id":"https:\/\/augstudy.com\/indonesia\/events\/the-university-of-queensland-open-day-surabaya\/","url":"https:\/\/augstudy.com\/indonesia\/events\/the-university-of-queensland-open-day-surabaya\/","name":"The University of Queensland Open Day Surabaya - AUG Student Services","isPartOf":{"@id":"https:\/\/augstudy.com\/#website"},"primaryImageOfPage":{"@id":"https:\/\/augstudy.com\/indonesia\/events\/the-university-of-queensland-open-day-surabaya\/#primaryimage"},"image":{"@id":"https:\/\/augstudy.com\/indonesia\/events\/the-university-of-queensland-open-day-surabaya\/#primaryimage"},"thumbnailUrl":"https:\/\/augstudy.com\/aug-website-files\/wp-content\/uploads\/2026\/04\/UQ-OD-HMNTX-1-1024x512.webp","datePublished":"2026-04-06T03:43:54+00:00","dateModified":"2026-04-06T08:57:26+00:00","description":"T\u01b0 v\u1ea5n mi\u1ec5n ph\u00ed v\u1ec1 ch\u1ecdn tr\u01b0\u1eddng \u0111\u1ea1i h\u1ecdc, h\u1ecdc b\u1ed5ng v\u00e0 xin th\u1ecb th\u1ef1c. H\u00e3y \u0111\u1ec3 D\u1ecbch v\u1ee5 Sinh vi\u00ean AUG gi\u00fap b\u1ea1n nhanh ch\u00f3ng ho\u00e0n th\u00e0nh h\u00e0nh tr\u00ecnh du h\u1ecdc ngay h\u00f4m nay.","breadcrumb":{"@id":"https:\/\/augstudy.com\/indonesia\/events\/the-university-of-queensland-open-day-surabaya\/#breadcrumb"},"inLanguage":"vi","potentialAction":[{"@type":"ReadAction","target":["https:\/\/augstudy.com\/indonesia\/events\/the-university-of-queensland-open-day-surabaya\/"]}]},{"@type":"ImageObject","inLanguage":"vi","@id":"https:\/\/augstudy.com\/indonesia\/events\/the-university-of-queensland-open-day-surabaya\/#primaryimage","url":"https:\/\/augstudy.com\/aug-website-files\/wp-content\/uploads\/2026\/04\/UQ-OD-HMNTX-1-1024x512.webp","contentUrl":"https:\/\/augstudy.com\/aug-website-files\/wp-content\/uploads\/2026\/04\/UQ-OD-HMNTX-1-1024x512.webp"},{"@type":"BreadcrumbList","@id":"https:\/\/augstudy.com\/indonesia\/events\/the-university-of-queensland-open-day-surabaya\/#breadcrumb","itemListElement":[{"@type":"ListItem","position":1,"name":"Home","item":"https:\/\/augstudy.com\/"},{"@type":"ListItem","position":2,"name":"AUG Indonesia","item":"https:\/\/augstudy.com\/indonesia\/"},{"@type":"ListItem","position":3,"name":"AUG Indonesia Events","item":"https:\/\/augstudy.com\/indonesia\/events\/"},{"@type":"ListItem","position":4,"name":"The University of Queensland Open Day Surabaya"}]},{"@type":"WebSite","@id":"https:\/\/augstudy.com\/#website","url":"https:\/\/augstudy.com\/","name":"D\u1ecbch v\u1ee5 Sinh vi\u00ean AUG","description":"D\u1ecbch v\u1ee5 sinh vi\u00ean","alternateName":"AUG Global","potentialAction":[{"@type":"SearchAction","target":{"@type":"EntryPoint","urlTemplate":"https:\/\/augstudy.com\/?s={search_term_string}"},"query-input":{"@type":"PropertyValueSpecification","valueRequired":true,"valueName":"search_term_string"}}],"inLanguage":"vi"}]}},"_links":{"self":[{"href":"https:\/\/augstudy.com\/vi\/wp-json\/wp\/v2\/pages\/411801","targetHints":{"allow":["GET"]}}],"collection":[{"href":"https:\/\/augstudy.com\/vi\/wp-json\/wp\/v2\/pages"}],"about":[{"href":"https:\/\/augstudy.com\/vi\/wp-json\/wp\/v2\/types\/page"}],"author":[{"embeddable":true,"href":"https:\/\/augstudy.com\/vi\/wp-json\/wp\/v2\/users\/24937"}],"replies":[{"embeddable":true,"href":"https:\/\/augstudy.com\/vi\/wp-json\/wp\/v2\/comments?post=411801"}],"version-history":[{"count":2,"href":"https:\/\/augstudy.com\/vi\/wp-json\/wp\/v2\/pages\/411801\/revisions"}],"predecessor-version":[{"id":411824,"href":"https:\/\/augstudy.com\/vi\/wp-json\/wp\/v2\/pages\/411801\/revisions\/411824"}],"up":[{"embeddable":true,"href":"https:\/\/augstudy.com\/vi\/wp-json\/wp\/v2\/pages\/2349"}],"wp:attachment":[{"href":"https:\/\/augstudy.com\/vi\/wp-json\/wp\/v2\/media?parent=411801"}],"curies":[{"name":"wp","href":"https:\/\/api.w.org\/{rel}","templated":true}]}}