{"id":405413,"date":"2025-12-04T12:51:19","date_gmt":"2025-12-04T01:51:19","guid":{"rendered":"https:\/\/augstudy.com\/?page_id=405413"},"modified":"2025-12-05T12:10:43","modified_gmt":"2025-12-05T01:10:43","slug":"aug-malaysia-last-call-application-day-jan-26-terms-conditions","status":"publish","type":"page","link":"https:\/\/augstudy.com\/vi\/malaysia\/events\/last-call-app-day\/aug-malaysia-last-call-application-day-jan-26-terms-conditions\/","title":{"rendered":"[AUG Malaysia] Last Call Application Day Jan 26 &#8211; Terms &#038; Conditions"},"content":{"rendered":"<div class=\"vc_row wpb_row vc_row-fluid\"><div class=\"wpb_column vc_column_container vc_col-sm-12\"><div class=\"vc_column-inner\"><div class=\"wpb_wrapper\"><div class=\"vc_empty_space\"  style=\"height: 32px\" ><span class=\"vc_empty_space_inner\"><\/span><\/div>\n\n\t<div class=\"wpb_text_column wpb_content_element\">\n\t\t<div class=\"wpb_wrapper\">\n\t\t\t<h2><strong>Buddy Up &amp; Unlock Bonuses \u2013 Campaign Terms &amp; Conditions<\/strong><\/h2>\n<p>&nbsp;<\/p>\n<p>a) This campaign runs from <strong>1 to 31 January 2026<\/strong>. All referrals and application submissions must occur within this period to be eligible for rewards.<\/p>\n<p>b) Applicable only for applications submitted through any <strong>AUG Malaysia<\/strong><\/p>\n<p>c) Both the referrer and referred student must <strong>attend an AUG counselling session in-person<\/strong> to be eligible.<\/p>\n<p>d) Student A may refer <strong>any number of friends<\/strong> (Student B, C, D, etc.). The referred student must <strong>declare the referrer\u2019s name upon attendance<\/strong>, or the referral will not be counted.<\/p>\n<p>e) <strong><u>Reward Structure<\/u><\/strong><br \/>\n<u>Referrer (Student A)<\/u><\/p>\n<ul>\n<li>If Student A <strong>attends + submits an application<\/strong> \u2192 Student A receives an RM100 application reward + additional <strong>RM50<\/strong> for each friend who submits an application.<\/li>\n<li>If Student A <strong>attends only (no application submitted)<\/strong> \u2192 Student A receives <strong>RM20<\/strong> for each friend who submits an application.<\/li>\n<li><strong>Students who have submitted their application before 1 January 2026<\/strong> and subsequently refer a friend who applies during the campaign period are <strong>entitled to one (1) RM50 bonus only<\/strong>.<\/li>\n<\/ul>\n<p><u>Referred Student (Student B \/ C \/ D)<\/u><\/p>\n<ul>\n<li>If the referred student <strong>attends + submits an application<\/strong> \u2192 They receive <strong>RM100<\/strong>.<\/li>\n<li>If the referred student <strong>attends only (no application submitted)<\/strong> \u2192 No reward is issued. They may still receive RM100 if they later submit an application <strong>within the campaign period<\/strong>.<\/li>\n<\/ul>\n<p>f) Rewards are issued in the form of <strong>vouchers<\/strong> (type may vary by office location).<\/p>\n<p>g) Vouchers must be <strong>collected in person<\/strong> from the same AUG office where attendance was recorded.<\/p>\n<p>h) Rewards will be issued <strong>only after the application has been submitted and verified<\/strong> by the counselor.<\/p>\n<p>i) Rewards are <strong>non-exchangeable<\/strong>, V\u00e0 <strong>non-transferable<\/strong>.<\/p>\n<p>j) AUG reserves the right to<\/p>\n<ul>\n<li>Substitute vouchers with another item of similar value.<\/li>\n<li>Fake referrals, repeated names, duplicate identity submissions, or any attempt to misuse the campaign will result in <strong>disqualification<\/strong>.<\/li>\n<li>AUG Malaysia reserves the right to <strong>amend, extend, pause, or terminate<\/strong> the campaign at any time without prior notice.<\/li>\n<\/ul>\n<p>k) Buddy Up campaign rewards <strong>cannot be combined or stacked<\/strong> with rewards from any other on-going campaigns.<\/p>\n<p>l) Application reward (RM100) is not applicable to students from Klang Valley applying to Sunway College or Sunway University programme.<\/p>\n\n\t\t<\/div>\n\t<\/div>\n<\/div><\/div><\/div><\/div>","protected":false},"excerpt":{"rendered":"Buddy Up &amp; Unlock Bonuses \u2013 Campaign Terms &amp; Conditions &nbsp; a) This campaign runs from 1 to 31 January 2026. All referrals and application submissions must occur within this period to be eligible for rewards. b) Applicable only for applications submitted through any AUG Malaysia c) Both the referrer and referred student must attend [...]","protected":false},"author":5,"featured_media":0,"parent":404522,"menu_order":0,"comment_status":"closed","ping_status":"closed","template":"","meta":{"footnotes":""},"class_list":["post-405413","page","type-page","status-publish","hentry"],"yoast_head":"<!-- This site is optimized with the Yoast SEO Premium plugin v27.5 (Yoast SEO v27.5) - https:\/\/yoast.com\/product\/yoast-seo-premium-wordpress\/ -->\n<title>[AUG Malaysia] Last Call Application Day Jan 26 - Terms &amp; Conditions - AUG Student Services<\/title>\n<meta name=\"description\" content=\"Free counselling for university selection, scholarships and visa applications. Let AUG Student Services fast-track your study-abroad journey today.\" \/>\n<meta name=\"robots\" content=\"index, follow, max-snippet:-1, max-image-preview:large, max-video-preview:-1\" \/>\n<link rel=\"canonical\" href=\"https:\/\/augstudy.com\/vi\/malaysia-2\/su-kien-2\/last-call-app-day\/aug-malaysia-last-call-application-day-jan-26-terms-conditions\/\" \/>\n<meta property=\"og:locale\" content=\"vi_VN\" \/>\n<meta property=\"og:type\" content=\"article\" \/>\n<meta property=\"og:title\" content=\"[AUG Malaysia] Last Call Application Day Jan 26 - Terms &amp; Conditions\" \/>\n<meta property=\"og:description\" content=\"Free counselling for university selection, scholarships and visa applications. Let AUG Student Services fast-track your study-abroad journey today.\" \/>\n<meta property=\"og:url\" content=\"https:\/\/augstudy.com\/vi\/malaysia-2\/su-kien-2\/last-call-app-day\/aug-malaysia-last-call-application-day-jan-26-terms-conditions\/\" \/>\n<meta property=\"og:site_name\" content=\"AUG Student Services\" \/>\n<meta property=\"article:publisher\" content=\"https:\/\/www.facebook.com\/augmalaysia\/\" \/>\n<meta property=\"article:modified_time\" content=\"2025-12-05T01:10:43+00:00\" \/>\n<meta name=\"twitter:card\" content=\"summary_large_image\" \/>\n<meta name=\"twitter:label1\" content=\"\u01af\u1edbc t\u00ednh th\u1eddi gian \u0111\u1ecdc\" \/>\n\t<meta name=\"twitter:data1\" content=\"3 ph\u00fat\" \/>\n<script type=\"application\/ld+json\" class=\"yoast-schema-graph\">{\"@context\":\"https:\\\/\\\/schema.org\",\"@graph\":[{\"@type\":\"WebPage\",\"@id\":\"https:\\\/\\\/augstudy.com\\\/malaysia\\\/events\\\/last-call-app-day\\\/aug-malaysia-last-call-application-day-jan-26-terms-conditions\\\/\",\"url\":\"https:\\\/\\\/augstudy.com\\\/malaysia\\\/events\\\/last-call-app-day\\\/aug-malaysia-last-call-application-day-jan-26-terms-conditions\\\/\",\"name\":\"[AUG Malaysia] Last Call Application Day Jan 26 - Terms & Conditions - AUG Student Services\",\"isPartOf\":{\"@id\":\"https:\\\/\\\/augstudy.com\\\/#website\"},\"datePublished\":\"2025-12-04T01:51:19+00:00\",\"dateModified\":\"2025-12-05T01:10:43+00:00\",\"description\":\"Free counselling for university selection, scholarships and visa applications. Let AUG Student Services fast-track your study-abroad journey today.\",\"breadcrumb\":{\"@id\":\"https:\\\/\\\/augstudy.com\\\/malaysia\\\/events\\\/last-call-app-day\\\/aug-malaysia-last-call-application-day-jan-26-terms-conditions\\\/#breadcrumb\"},\"inLanguage\":\"vi\",\"potentialAction\":[{\"@type\":\"ReadAction\",\"target\":[\"https:\\\/\\\/augstudy.com\\\/malaysia\\\/events\\\/last-call-app-day\\\/aug-malaysia-last-call-application-day-jan-26-terms-conditions\\\/\"]}]},{\"@type\":\"BreadcrumbList\",\"@id\":\"https:\\\/\\\/augstudy.com\\\/malaysia\\\/events\\\/last-call-app-day\\\/aug-malaysia-last-call-application-day-jan-26-terms-conditions\\\/#breadcrumb\",\"itemListElement\":[{\"@type\":\"ListItem\",\"position\":1,\"name\":\"Home\",\"item\":\"https:\\\/\\\/augstudy.com\\\/\"},{\"@type\":\"ListItem\",\"position\":2,\"name\":\"AUG Malaysia\",\"item\":\"https:\\\/\\\/augstudy.com\\\/malaysia\\\/\"},{\"@type\":\"ListItem\",\"position\":3,\"name\":\"AUG Malaysia Events\",\"item\":\"https:\\\/\\\/augstudy.com\\\/malaysia\\\/events\\\/\"},{\"@type\":\"ListItem\",\"position\":4,\"name\":\"[AUG Malaysia] Last Call Application Day Jan 26\",\"item\":\"https:\\\/\\\/augstudy.com\\\/malaysia\\\/events\\\/last-call-app-day\\\/\"},{\"@type\":\"ListItem\",\"position\":5,\"name\":\"[AUG Malaysia] Last Call Application Day Jan 26 &#8211; Terms &#038; Conditions\"}]},{\"@type\":\"WebSite\",\"@id\":\"https:\\\/\\\/augstudy.com\\\/#website\",\"url\":\"https:\\\/\\\/augstudy.com\\\/\",\"name\":\"AUG Student Services\",\"description\":\"Student Services\",\"alternateName\":\"AUG Global\",\"potentialAction\":[{\"@type\":\"SearchAction\",\"target\":{\"@type\":\"EntryPoint\",\"urlTemplate\":\"https:\\\/\\\/augstudy.com\\\/?s={search_term_string}\"},\"query-input\":{\"@type\":\"PropertyValueSpecification\",\"valueRequired\":true,\"valueName\":\"search_term_string\"}}],\"inLanguage\":\"vi\"}]}<\/script>\n<!-- \/ Yoast SEO Premium plugin. -->","yoast_head_json":{"title":"[AUG Malaysia] Last Call Application Day Jan 26 - Terms & Conditions - AUG Student Services","description":"T\u01b0 v\u1ea5n mi\u1ec5n ph\u00ed v\u1ec1 ch\u1ecdn tr\u01b0\u1eddng \u0111\u1ea1i h\u1ecdc, h\u1ecdc b\u1ed5ng v\u00e0 xin th\u1ecb th\u1ef1c. H\u00e3y \u0111\u1ec3 D\u1ecbch v\u1ee5 Sinh vi\u00ean AUG gi\u00fap b\u1ea1n nhanh ch\u00f3ng ho\u00e0n th\u00e0nh h\u00e0nh tr\u00ecnh du h\u1ecdc ngay h\u00f4m nay.","robots":{"index":"index","follow":"follow","max-snippet":"max-snippet:-1","max-image-preview":"max-image-preview:large","max-video-preview":"max-video-preview:-1"},"canonical":"https:\/\/augstudy.com\/vi\/malaysia-2\/su-kien-2\/last-call-app-day\/aug-malaysia-last-call-application-day-jan-26-terms-conditions\/","og_locale":"vi_VN","og_type":"article","og_title":"[AUG Malaysia] Last Call Application Day Jan 26 - Terms & Conditions","og_description":"Free counselling for university selection, scholarships and visa applications. Let AUG Student Services fast-track your study-abroad journey today.","og_url":"https:\/\/augstudy.com\/vi\/malaysia-2\/su-kien-2\/last-call-app-day\/aug-malaysia-last-call-application-day-jan-26-terms-conditions\/","og_site_name":"AUG Student Services","article_publisher":"https:\/\/www.facebook.com\/augmalaysia\/","article_modified_time":"2025-12-05T01:10:43+00:00","twitter_card":"summary_large_image","twitter_misc":{"\u01af\u1edbc t\u00ednh th\u1eddi gian \u0111\u1ecdc":"3 ph\u00fat"},"schema":{"@context":"https:\/\/schema.org","@graph":[{"@type":"WebPage","@id":"https:\/\/augstudy.com\/malaysia\/events\/last-call-app-day\/aug-malaysia-last-call-application-day-jan-26-terms-conditions\/","url":"https:\/\/augstudy.com\/malaysia\/events\/last-call-app-day\/aug-malaysia-last-call-application-day-jan-26-terms-conditions\/","name":"[AUG Malaysia] Last Call Application Day Jan 26 - Terms & Conditions - AUG Student Services","isPartOf":{"@id":"https:\/\/augstudy.com\/#website"},"datePublished":"2025-12-04T01:51:19+00:00","dateModified":"2025-12-05T01:10:43+00:00","description":"T\u01b0 v\u1ea5n mi\u1ec5n ph\u00ed v\u1ec1 ch\u1ecdn tr\u01b0\u1eddng \u0111\u1ea1i h\u1ecdc, h\u1ecdc b\u1ed5ng v\u00e0 xin th\u1ecb th\u1ef1c. H\u00e3y \u0111\u1ec3 D\u1ecbch v\u1ee5 Sinh vi\u00ean AUG gi\u00fap b\u1ea1n nhanh ch\u00f3ng ho\u00e0n th\u00e0nh h\u00e0nh tr\u00ecnh du h\u1ecdc ngay h\u00f4m nay.","breadcrumb":{"@id":"https:\/\/augstudy.com\/malaysia\/events\/last-call-app-day\/aug-malaysia-last-call-application-day-jan-26-terms-conditions\/#breadcrumb"},"inLanguage":"vi","potentialAction":[{"@type":"ReadAction","target":["https:\/\/augstudy.com\/malaysia\/events\/last-call-app-day\/aug-malaysia-last-call-application-day-jan-26-terms-conditions\/"]}]},{"@type":"BreadcrumbList","@id":"https:\/\/augstudy.com\/malaysia\/events\/last-call-app-day\/aug-malaysia-last-call-application-day-jan-26-terms-conditions\/#breadcrumb","itemListElement":[{"@type":"ListItem","position":1,"name":"Home","item":"https:\/\/augstudy.com\/"},{"@type":"ListItem","position":2,"name":"AUG Malaysia","item":"https:\/\/augstudy.com\/malaysia\/"},{"@type":"ListItem","position":3,"name":"AUG Malaysia Events","item":"https:\/\/augstudy.com\/malaysia\/events\/"},{"@type":"ListItem","position":4,"name":"[AUG Malaysia] Last Call Application Day Jan 26","item":"https:\/\/augstudy.com\/malaysia\/events\/last-call-app-day\/"},{"@type":"ListItem","position":5,"name":"[AUG Malaysia] Last Call Application Day Jan 26 &#8211; Terms &#038; Conditions"}]},{"@type":"WebSite","@id":"https:\/\/augstudy.com\/#website","url":"https:\/\/augstudy.com\/","name":"D\u1ecbch v\u1ee5 Sinh vi\u00ean AUG","description":"D\u1ecbch v\u1ee5 sinh vi\u00ean","alternateName":"AUG Global","potentialAction":[{"@type":"SearchAction","target":{"@type":"EntryPoint","urlTemplate":"https:\/\/augstudy.com\/?s={search_term_string}"},"query-input":{"@type":"PropertyValueSpecification","valueRequired":true,"valueName":"search_term_string"}}],"inLanguage":"vi"}]}},"_links":{"self":[{"href":"https:\/\/augstudy.com\/vi\/wp-json\/wp\/v2\/pages\/405413","targetHints":{"allow":["GET"]}}],"collection":[{"href":"https:\/\/augstudy.com\/vi\/wp-json\/wp\/v2\/pages"}],"about":[{"href":"https:\/\/augstudy.com\/vi\/wp-json\/wp\/v2\/types\/page"}],"author":[{"embeddable":true,"href":"https:\/\/augstudy.com\/vi\/wp-json\/wp\/v2\/users\/5"}],"replies":[{"embeddable":true,"href":"https:\/\/augstudy.com\/vi\/wp-json\/wp\/v2\/comments?post=405413"}],"version-history":[{"count":5,"href":"https:\/\/augstudy.com\/vi\/wp-json\/wp\/v2\/pages\/405413\/revisions"}],"predecessor-version":[{"id":405448,"href":"https:\/\/augstudy.com\/vi\/wp-json\/wp\/v2\/pages\/405413\/revisions\/405448"}],"up":[{"embeddable":true,"href":"https:\/\/augstudy.com\/vi\/wp-json\/wp\/v2\/pages\/404522"}],"wp:attachment":[{"href":"https:\/\/augstudy.com\/vi\/wp-json\/wp\/v2\/media?parent=405413"}],"curies":[{"name":"wp","href":"https:\/\/api.w.org\/{rel}","templated":true}]}}