{"id":405358,"date":"2025-12-03T12:25:12","date_gmt":"2025-12-03T01:25:12","guid":{"rendered":"https:\/\/augstudy.com\/?page_id=405358"},"modified":"2025-12-04T13:05:23","modified_gmt":"2025-12-04T02:05:23","slug":"augmelbourne-deakin-university-information-and-application-day","status":"publish","type":"page","link":"https:\/\/augstudy.com\/vi\/australia\/events\/augmelbourne-deakin-university-information-and-application-day\/","title":{"rendered":"[AUG Melbourne] Deakin University Information and Application Day"},"content":{"rendered":"<div data-vc-full-width=\"true\" data-vc-full-width-init=\"false\" class=\"vc_row wpb_row vc_row-fluid vc_custom_1764813918100 vc_row-has-fill vc_row-o-content-middle vc_row-flex\"><div class=\"wpb_column vc_column_container vc_col-sm-12\"><div class=\"vc_column-inner vc_custom_1661838891579\"><div class=\"wpb_wrapper\">\n\t<div class=\"wpb_single_image wpb_content_element vc_align_center  vc_custom_1764813836632\">\n\t\t\n\t\t<figure class=\"wpb_wrapper vc_figure\">\n\t\t\t<div class=\"vc_single_image-wrapper   vc_box_border_grey\"><img loading=\"lazy\" decoding=\"async\" width=\"2250\" height=\"1125\" src=\"https:\/\/augstudy.com\/aug-website-files\/wp-content\/uploads\/2025\/12\/AU-Deakin-University-Information-Application-Day_EVB-2-1.jpg\" class=\"vc_single_image-img attachment-full\" alt=\"\" srcset=\"https:\/\/augstudy.com\/aug-website-files\/wp-content\/uploads\/2025\/12\/AU-Deakin-University-Information-Application-Day_EVB-2-1.jpg 2250w, https:\/\/augstudy.com\/aug-website-files\/wp-content\/uploads\/2025\/12\/AU-Deakin-University-Information-Application-Day_EVB-2-1-300x150.jpg 300w, https:\/\/augstudy.com\/aug-website-files\/wp-content\/uploads\/2025\/12\/AU-Deakin-University-Information-Application-Day_EVB-2-1-1024x512.jpg 1024w, https:\/\/augstudy.com\/aug-website-files\/wp-content\/uploads\/2025\/12\/AU-Deakin-University-Information-Application-Day_EVB-2-1-768x384.jpg 768w, https:\/\/augstudy.com\/aug-website-files\/wp-content\/uploads\/2025\/12\/AU-Deakin-University-Information-Application-Day_EVB-2-1-1536x768.jpg 1536w, https:\/\/augstudy.com\/aug-website-files\/wp-content\/uploads\/2025\/12\/AU-Deakin-University-Information-Application-Day_EVB-2-1-2048x1024.jpg 2048w, https:\/\/augstudy.com\/aug-website-files\/wp-content\/uploads\/2025\/12\/AU-Deakin-University-Information-Application-Day_EVB-2-1-18x9.jpg 18w\" sizes=\"auto, (max-width: 2250px) 100vw, 2250px\" \/><\/div>\n\t\t<\/figure>\n\t<\/div>\n<\/div><\/div><\/div><\/div><div class=\"vc_row-full-width vc_clearfix\"><\/div><div data-vc-full-width=\"true\" data-vc-full-width-init=\"false\" class=\"vc_row wpb_row vc_row-fluid vc_custom_1726638472389 vc_row-has-fill vc_row-o-content-middle vc_row-flex\"><div class=\"wpb_column vc_column_container vc_col-sm-2 vc_hidden-sm vc_hidden-xs\"><div class=\"vc_column-inner\"><div class=\"wpb_wrapper\"><\/div><\/div><\/div><div class=\"wpb_column vc_column_container vc_col-sm-8\"><div class=\"vc_column-inner vc_custom_1671748405855\"><div class=\"wpb_wrapper\">\n\t<div class=\"wpb_text_column wpb_content_element  aug_content_box\">\n\t\t<div class=\"wpb_wrapper\">\n\t\t\t<h3><strong>Deakin University Information &amp; Application Day<\/strong><\/h3>\n<p><span class=\"\" style=\"display:block;clear:both;height: 0px;padding-top: 15px;border-top-width:0px;border-bottom-width:0px;\"><\/span> If you have any questions for Deakin University and need immediate answers, book a one-on-one consultation with us! This is a great opportunity to receive expert advice on study options, course details, scholarships and university applications. Don\u2019t miss your chance to get personalised guidance and insights directly from Deakin University representative.<\/p>\n<h3><span class=\"\" style=\"display:block;clear:both;height: 0px;padding-top: 15px;border-top-width:0px;border-bottom-width:0px;\"><\/span><strong>chi ti\u1ebft s\u1ef1 ki\u1ec7n<\/strong><\/h3>\n<p><span class=\"\" style=\"display:block;clear:both;height: 0px;padding-top: 15px;border-top-width:0px;border-bottom-width:0px;\"><\/span><strong>Ng\u00e0y:<\/strong> 18 December 2025 (Thursday)<br \/>\n<span class=\"\" style=\"display:block;clear:both;height: 0px;padding-top: 15px;border-top-width:0px;border-bottom-width:0px;\"><\/span><strong>Th\u1eddi gian:<\/strong> 2:00 PM &#8211; 4:00 PM (Melbourne time)<br \/>\n<span class=\"\" style=\"display:block;clear:both;height: 0px;padding-top: 15px;border-top-width:0px;border-bottom-width:0px;\"><\/span><strong>\u0110\u1ecba \u0111i\u1ec3m:<\/strong> Thu ph\u00f3ng AUG<br \/>\n<span class=\"\" style=\"display:block;clear:both;height: 0px;padding-top: 15px;border-top-width:0px;border-bottom-width:0px;\"><\/span><\/p>\n<h6 style=\"color: #ff0000;\"><strong><em>* ch\u1ec9 ra tr\u01b0\u1eddng b\u1eaft bu\u1ed9c<\/em><\/strong><\/h6>\n<h6><strong><em>\u0110\u1ea1i l\u00fd di tr\u00fa \u0111\u00e3 \u0111\u0103ng k\u00fd, MARN 1683189<\/em><\/strong><\/h6>\n\n\t\t<\/div>\n\t<\/div>\n<\/div><\/div><\/div><div class=\"wpb_column vc_column_container vc_col-sm-2 vc_hidden-sm vc_hidden-xs\"><div class=\"vc_column-inner\"><div class=\"wpb_wrapper\"><\/div><\/div><\/div><\/div><div class=\"vc_row-full-width vc_clearfix\"><\/div><div id=\"registration\" class=\"vc_row wpb_row vc_row-fluid\"><div class=\"wpb_column vc_column_container vc_col-sm-12\"><div class=\"vc_column-inner vc_custom_1660175491551\"><div class=\"wpb_wrapper\">\n\t<div class=\"wpb_text_column wpb_content_element\">\n\t\t<div class=\"wpb_wrapper\">\n\t\t\t\r\n<iframe\r\n    id='augRegoForm'\r\n    title='AUG Registration Form'\r\n    allow='geolocation; microphone; camera; fullscreen; payment'\r\n    src='https:\/\/form.jotform.com\/253336865629873?eventName=Deakin%20University%20Information%20%26%20Application%20Day'\r\n    frameborder='0'\r\n    style='min-width: 100%; max-width: 100%; height: 100%; border: none;'\r\n\tscrolling='no'\r\n><\/iframe>\r\n\r\n<script src='https:\/\/cdn.jotfor.ms\/s\/umd\/latest\/for-form-embed-handler.js'><\/script>\r\n<script>\r\n    window.jotformEmbedHandler(\r\n        'iframe#augRegoForm',\r\n        'https:\/\/form.jotform.com\/'\r\n    );\r\n<\/script>\r\n\n\n\t\t<\/div>\n\t<\/div>\n<\/div><\/div><\/div><\/div>","protected":false},"excerpt":{"rendered":"Deakin University Information &amp; Application Day If you have any questions for Deakin University and need immediate answers, book a one-on-one consultation with us! This is a great opportunity to receive expert advice on study options, course details, scholarships and university applications. Don\u2019t miss your chance to get personalised guidance and insights directly from Deakin [...]","protected":false},"author":24935,"featured_media":405420,"parent":2351,"menu_order":0,"comment_status":"closed","ping_status":"closed","template":"","meta":{"footnotes":""},"class_list":["post-405358","page","type-page","status-publish","hentry"],"yoast_head":"<!-- This site is optimized with the Yoast SEO Premium plugin v27.0 (Yoast SEO v27.3) - https:\/\/yoast.com\/product\/yoast-seo-premium-wordpress\/ -->\n<title>[AUG Melbourne] Deakin University Information and Application Day - AUG Student Services<\/title>\n<meta name=\"description\" content=\"485 Visa and Permanent Residency Visa webinar\" \/>\n<meta name=\"robots\" content=\"index, follow, max-snippet:-1, max-image-preview:large, max-video-preview:-1\" \/>\n<link rel=\"canonical\" href=\"https:\/\/augstudy.com\/vi\/chau-uc\/su-kien-2\/augmelbourne-deakin-university-information-and-application-day\/\" \/>\n<meta property=\"og:locale\" content=\"vi_VN\" \/>\n<meta property=\"og:type\" content=\"article\" \/>\n<meta property=\"og:title\" content=\"[AUG Melbourne] Deakin University Information and Application Day\" \/>\n<meta property=\"og:description\" content=\"485 Visa and Permanent Residency Visa webinar\" \/>\n<meta property=\"og:url\" content=\"https:\/\/augstudy.com\/vi\/chau-uc\/su-kien-2\/augmelbourne-deakin-university-information-and-application-day\/\" \/>\n<meta property=\"og:site_name\" content=\"AUG Student Services\" \/>\n<meta property=\"article:publisher\" content=\"https:\/\/www.facebook.com\/augmalaysia\/\" \/>\n<meta property=\"article:modified_time\" content=\"2025-12-04T02:05:23+00:00\" \/>\n<meta property=\"og:image\" content=\"https:\/\/augstudy.com\/aug-website-files\/wp-content\/uploads\/2025\/12\/AU-Deakin-University-Information-Application-Day_EVB-2-1.jpg\" \/>\n\t<meta property=\"og:image:width\" content=\"2250\" \/>\n\t<meta property=\"og:image:height\" content=\"1125\" \/>\n\t<meta property=\"og:image:type\" content=\"image\/jpeg\" \/>\n<meta name=\"twitter:card\" content=\"summary_large_image\" \/>\n<meta name=\"twitter:label1\" content=\"\u01af\u1edbc t\u00ednh th\u1eddi gian \u0111\u1ecdc\" \/>\n\t<meta name=\"twitter:data1\" content=\"1 ph\u00fat\" \/>\n<script type=\"application\/ld+json\" class=\"yoast-schema-graph\">{\"@context\":\"https:\\\/\\\/schema.org\",\"@graph\":[{\"@type\":\"WebPage\",\"@id\":\"https:\\\/\\\/augstudy.com\\\/australia\\\/events\\\/augmelbourne-deakin-university-information-and-application-day\\\/\",\"url\":\"https:\\\/\\\/augstudy.com\\\/australia\\\/events\\\/augmelbourne-deakin-university-information-and-application-day\\\/\",\"name\":\"[AUG Melbourne] Deakin University Information and Application Day - AUG Student Services\",\"isPartOf\":{\"@id\":\"https:\\\/\\\/augstudy.com\\\/#website\"},\"primaryImageOfPage\":{\"@id\":\"https:\\\/\\\/augstudy.com\\\/australia\\\/events\\\/augmelbourne-deakin-university-information-and-application-day\\\/#primaryimage\"},\"image\":{\"@id\":\"https:\\\/\\\/augstudy.com\\\/australia\\\/events\\\/augmelbourne-deakin-university-information-and-application-day\\\/#primaryimage\"},\"thumbnailUrl\":\"https:\\\/\\\/augstudy.com\\\/aug-website-files\\\/wp-content\\\/uploads\\\/2025\\\/12\\\/AU-Deakin-University-Information-Application-Day_EVB-2-1.jpg\",\"datePublished\":\"2025-12-03T01:25:12+00:00\",\"dateModified\":\"2025-12-04T02:05:23+00:00\",\"description\":\"485 Visa and Permanent Residency Visa webinar\",\"breadcrumb\":{\"@id\":\"https:\\\/\\\/augstudy.com\\\/australia\\\/events\\\/augmelbourne-deakin-university-information-and-application-day\\\/#breadcrumb\"},\"inLanguage\":\"vi\",\"potentialAction\":[{\"@type\":\"ReadAction\",\"target\":[\"https:\\\/\\\/augstudy.com\\\/australia\\\/events\\\/augmelbourne-deakin-university-information-and-application-day\\\/\"]}]},{\"@type\":\"ImageObject\",\"inLanguage\":\"vi\",\"@id\":\"https:\\\/\\\/augstudy.com\\\/australia\\\/events\\\/augmelbourne-deakin-university-information-and-application-day\\\/#primaryimage\",\"url\":\"https:\\\/\\\/augstudy.com\\\/aug-website-files\\\/wp-content\\\/uploads\\\/2025\\\/12\\\/AU-Deakin-University-Information-Application-Day_EVB-2-1.jpg\",\"contentUrl\":\"https:\\\/\\\/augstudy.com\\\/aug-website-files\\\/wp-content\\\/uploads\\\/2025\\\/12\\\/AU-Deakin-University-Information-Application-Day_EVB-2-1.jpg\",\"width\":2250,\"height\":1125},{\"@type\":\"BreadcrumbList\",\"@id\":\"https:\\\/\\\/augstudy.com\\\/australia\\\/events\\\/augmelbourne-deakin-university-information-and-application-day\\\/#breadcrumb\",\"itemListElement\":[{\"@type\":\"ListItem\",\"position\":1,\"name\":\"Home\",\"item\":\"https:\\\/\\\/augstudy.com\\\/\"},{\"@type\":\"ListItem\",\"position\":2,\"name\":\"AUG Australia\",\"item\":\"https:\\\/\\\/augstudy.com\\\/australia\\\/\"},{\"@type\":\"ListItem\",\"position\":3,\"name\":\"AUG Australia Events\",\"item\":\"https:\\\/\\\/augstudy.com\\\/australia\\\/events\\\/\"},{\"@type\":\"ListItem\",\"position\":4,\"name\":\"Deakin University \u2013 Information & Application Day\"}]},{\"@type\":\"WebSite\",\"@id\":\"https:\\\/\\\/augstudy.com\\\/#website\",\"url\":\"https:\\\/\\\/augstudy.com\\\/\",\"name\":\"AUG Student Services\",\"description\":\"Student Services\",\"alternateName\":\"AUG Global\",\"potentialAction\":[{\"@type\":\"SearchAction\",\"target\":{\"@type\":\"EntryPoint\",\"urlTemplate\":\"https:\\\/\\\/augstudy.com\\\/?s={search_term_string}\"},\"query-input\":{\"@type\":\"PropertyValueSpecification\",\"valueRequired\":true,\"valueName\":\"search_term_string\"}}],\"inLanguage\":\"vi\"}]}<\/script>\n<!-- \/ Yoast SEO Premium plugin. -->","yoast_head_json":{"title":"[AUG Melbourne] Deakin University Information and Application Day - AUG Student Services","description":"485 Visa and Permanent Residency Visa webinar","robots":{"index":"index","follow":"follow","max-snippet":"max-snippet:-1","max-image-preview":"max-image-preview:large","max-video-preview":"max-video-preview:-1"},"canonical":"https:\/\/augstudy.com\/vi\/chau-uc\/su-kien-2\/augmelbourne-deakin-university-information-and-application-day\/","og_locale":"vi_VN","og_type":"article","og_title":"[AUG Melbourne] Deakin University Information and Application Day","og_description":"485 Visa and Permanent Residency Visa webinar","og_url":"https:\/\/augstudy.com\/vi\/chau-uc\/su-kien-2\/augmelbourne-deakin-university-information-and-application-day\/","og_site_name":"AUG Student Services","article_publisher":"https:\/\/www.facebook.com\/augmalaysia\/","article_modified_time":"2025-12-04T02:05:23+00:00","og_image":[{"width":2250,"height":1125,"url":"https:\/\/augstudy.com\/aug-website-files\/wp-content\/uploads\/2025\/12\/AU-Deakin-University-Information-Application-Day_EVB-2-1.jpg","type":"image\/jpeg"}],"twitter_card":"summary_large_image","twitter_misc":{"\u01af\u1edbc t\u00ednh th\u1eddi gian \u0111\u1ecdc":"1 ph\u00fat"},"schema":{"@context":"https:\/\/schema.org","@graph":[{"@type":"WebPage","@id":"https:\/\/augstudy.com\/australia\/events\/augmelbourne-deakin-university-information-and-application-day\/","url":"https:\/\/augstudy.com\/australia\/events\/augmelbourne-deakin-university-information-and-application-day\/","name":"[AUG Melbourne] Deakin University Information and Application Day - AUG Student Services","isPartOf":{"@id":"https:\/\/augstudy.com\/#website"},"primaryImageOfPage":{"@id":"https:\/\/augstudy.com\/australia\/events\/augmelbourne-deakin-university-information-and-application-day\/#primaryimage"},"image":{"@id":"https:\/\/augstudy.com\/australia\/events\/augmelbourne-deakin-university-information-and-application-day\/#primaryimage"},"thumbnailUrl":"https:\/\/augstudy.com\/aug-website-files\/wp-content\/uploads\/2025\/12\/AU-Deakin-University-Information-Application-Day_EVB-2-1.jpg","datePublished":"2025-12-03T01:25:12+00:00","dateModified":"2025-12-04T02:05:23+00:00","description":"485 Visa and Permanent Residency Visa webinar","breadcrumb":{"@id":"https:\/\/augstudy.com\/australia\/events\/augmelbourne-deakin-university-information-and-application-day\/#breadcrumb"},"inLanguage":"vi","potentialAction":[{"@type":"ReadAction","target":["https:\/\/augstudy.com\/australia\/events\/augmelbourne-deakin-university-information-and-application-day\/"]}]},{"@type":"ImageObject","inLanguage":"vi","@id":"https:\/\/augstudy.com\/australia\/events\/augmelbourne-deakin-university-information-and-application-day\/#primaryimage","url":"https:\/\/augstudy.com\/aug-website-files\/wp-content\/uploads\/2025\/12\/AU-Deakin-University-Information-Application-Day_EVB-2-1.jpg","contentUrl":"https:\/\/augstudy.com\/aug-website-files\/wp-content\/uploads\/2025\/12\/AU-Deakin-University-Information-Application-Day_EVB-2-1.jpg","width":2250,"height":1125},{"@type":"BreadcrumbList","@id":"https:\/\/augstudy.com\/australia\/events\/augmelbourne-deakin-university-information-and-application-day\/#breadcrumb","itemListElement":[{"@type":"ListItem","position":1,"name":"Home","item":"https:\/\/augstudy.com\/"},{"@type":"ListItem","position":2,"name":"AUG Australia","item":"https:\/\/augstudy.com\/australia\/"},{"@type":"ListItem","position":3,"name":"AUG Australia Events","item":"https:\/\/augstudy.com\/australia\/events\/"},{"@type":"ListItem","position":4,"name":"Deakin University \u2013 Information & Application Day"}]},{"@type":"WebSite","@id":"https:\/\/augstudy.com\/#website","url":"https:\/\/augstudy.com\/","name":"D\u1ecbch v\u1ee5 Sinh vi\u00ean AUG","description":"D\u1ecbch v\u1ee5 sinh vi\u00ean","alternateName":"AUG Global","potentialAction":[{"@type":"SearchAction","target":{"@type":"EntryPoint","urlTemplate":"https:\/\/augstudy.com\/?s={search_term_string}"},"query-input":{"@type":"PropertyValueSpecification","valueRequired":true,"valueName":"search_term_string"}}],"inLanguage":"vi"}]}},"_links":{"self":[{"href":"https:\/\/augstudy.com\/vi\/wp-json\/wp\/v2\/pages\/405358","targetHints":{"allow":["GET"]}}],"collection":[{"href":"https:\/\/augstudy.com\/vi\/wp-json\/wp\/v2\/pages"}],"about":[{"href":"https:\/\/augstudy.com\/vi\/wp-json\/wp\/v2\/types\/page"}],"author":[{"embeddable":true,"href":"https:\/\/augstudy.com\/vi\/wp-json\/wp\/v2\/users\/24935"}],"replies":[{"embeddable":true,"href":"https:\/\/augstudy.com\/vi\/wp-json\/wp\/v2\/comments?post=405358"}],"version-history":[{"count":5,"href":"https:\/\/augstudy.com\/vi\/wp-json\/wp\/v2\/pages\/405358\/revisions"}],"predecessor-version":[{"id":405423,"href":"https:\/\/augstudy.com\/vi\/wp-json\/wp\/v2\/pages\/405358\/revisions\/405423"}],"up":[{"embeddable":true,"href":"https:\/\/augstudy.com\/vi\/wp-json\/wp\/v2\/pages\/2351"}],"wp:featuredmedia":[{"embeddable":true,"href":"https:\/\/augstudy.com\/vi\/wp-json\/wp\/v2\/media\/405420"}],"wp:attachment":[{"href":"https:\/\/augstudy.com\/vi\/wp-json\/wp\/v2\/media?parent=405358"}],"curies":[{"name":"wp","href":"https:\/\/api.w.org\/{rel}","templated":true}]}}