{"id":404692,"date":"2025-11-13T11:23:53","date_gmt":"2025-11-13T00:23:53","guid":{"rendered":"https:\/\/augstudy.com\/?page_id=404692"},"modified":"2025-11-13T12:45:16","modified_gmt":"2025-11-13T01:45:16","slug":"o-cua","status":"publish","type":"page","link":"https:\/\/augstudy.com\/vi\/australia\/events\/aug-sydney-bubble-tea-on-us\/at-the-door\/","title":{"rendered":"[AUG Sydney] Bubble On Us"},"content":{"rendered":"<div id=\"registration\" class=\"vc_row wpb_row vc_row-fluid\"><div class=\"wpb_column vc_column_container vc_col-sm-12\"><div class=\"vc_column-inner vc_custom_1660175491551\"><div class=\"wpb_wrapper\">\n\t<div class=\"wpb_text_column wpb_content_element \">\n\t\t<div class=\"wpb_wrapper\">\n\t\t\t<!doctype html>\r\n<html>\r\n<head>\r\n<meta charset=\"utf-8\">\r\n<title><\/title>\r\n<\/head>\r\n<body data-rsssl=1>\r\n\r\n<iframe id=\"augRegoForm\"\r\n        src=\"https:\/\/form.jotform.com\/253146243808861?eventName=Bubble%20Tea%20On%20Us&amp;is_walk_in=Yes\"\r\n        style=\"width:100%;height:700px;border:0;\"><\/iframe>\r\n\r\n<script>\r\n(function(){\r\n  const iframe = document.getElementById('augRegoForm');\r\n  if (!iframe) return;\r\n\r\n  const lang = 'vi';\r\n  const src = iframe.src;\r\n\r\n  const joinChar = src.includes('?') ? '&' : '?';\r\n  iframe.src = src + joinChar + 'language=' + lang + '&form_language=' + lang;\r\n\r\n  const s = document.createElement('script');\r\n  s.src = 'https:\/\/cdn.jotfor.ms\/s\/umd\/latest\/for-form-embed-handler.js';\r\n  s.async = true;\r\n  s.onload = function(){\r\n    if (window.jotformEmbedHandler) {\r\n      window.jotformEmbedHandler('iframe[id=\"augRegoForm\"]', 'https:\/\/form.jotform.com\/');\r\n    }\r\n  };\r\n  document.head.appendChild(s);\r\n})();\r\n<\/script>\r\n\r\n<\/body>\r\n<\/html>\n\n\t\t<\/div>\n\t<\/div>\n<\/div><\/div><\/div><\/div>\n","protected":false},"excerpt":{"rendered":"(function(){ const iframe = document.getElementById('augRegoForm'); if (!iframe) return; const lang = 'vi'; const src = iframe.src; const joinChar = src.includes('?') ? '&' : '?'; iframe.src = src + joinChar + 'language=' + lang + '&form_language=' + lang; const s = document.createElement('script'); s.src = 'https:\/\/cdn.jotfor.ms\/s\/umd\/latest\/for-form-embed-handler.js'; s.async = true; s.onload = function(){ if (window.jotformEmbedHandler) { window.jotformEmbedHandler('iframe[id=\"augRegoForm\"]', 'https:\/\/form.jotform.com\/'); [...]","protected":false},"author":24935,"featured_media":404688,"parent":404687,"menu_order":0,"comment_status":"closed","ping_status":"closed","template":"","meta":{"footnotes":""},"class_list":["post-404692","page","type-page","status-publish","hentry"],"yoast_head":"<!-- This site is optimized with the Yoast SEO Premium plugin v27.0 (Yoast SEO v27.3) - https:\/\/yoast.com\/product\/yoast-seo-premium-wordpress\/ -->\n<title>[AUG Sydney] Bubble On Us - AUG Student Services<\/title>\n<meta name=\"description\" content=\"M\u1eddi b\u1ea1n tr\u00e0 s\u1eefa mi\u1ec5n ph\u00ed c\u00f9ng AUG t\u1ea1i s\u1ef1 ki\u1ec7n Bubble Tea On Us \u1edf Bankstown v\u00e0 Cabramatta th\u00e1ng 12 n\u00e0y\" \/>\n<meta name=\"robots\" content=\"index, nofollow, max-snippet:-1, max-image-preview:large, max-video-preview:-1\" \/>\n<link rel=\"canonical\" href=\"https:\/\/augstudy.com\/vi\/chau-uc\/su-kien-2\/aug-sydney-bubble-tea-on-us\/o-cua\/\" \/>\n<meta property=\"og:locale\" content=\"vi_VN\" \/>\n<meta property=\"og:type\" content=\"article\" \/>\n<meta property=\"og:title\" content=\"[AUG Sydney] Bubble On Us\" \/>\n<meta property=\"og:description\" content=\"M\u1eddi b\u1ea1n tr\u00e0 s\u1eefa mi\u1ec5n ph\u00ed c\u00f9ng AUG t\u1ea1i s\u1ef1 ki\u1ec7n Bubble Tea On Us \u1edf Bankstown v\u00e0 Cabramatta th\u00e1ng 12 n\u00e0y\" \/>\n<meta property=\"og:url\" content=\"https:\/\/augstudy.com\/vi\/chau-uc\/su-kien-2\/aug-sydney-bubble-tea-on-us\/o-cua\/\" \/>\n<meta property=\"og:site_name\" content=\"AUG Student Services\" \/>\n<meta property=\"article:publisher\" content=\"https:\/\/www.facebook.com\/augmalaysia\/\" \/>\n<meta property=\"article:modified_time\" content=\"2025-11-13T01:45:16+00:00\" \/>\n<meta property=\"og:image\" content=\"https:\/\/augstudy.com\/aug-website-files\/wp-content\/uploads\/2025\/11\/trasuasurmon-1.png\" \/>\n\t<meta property=\"og:image:width\" content=\"1920\" \/>\n\t<meta property=\"og:image:height\" content=\"711\" \/>\n\t<meta property=\"og:image:type\" content=\"image\/png\" \/>\n<meta name=\"twitter:card\" content=\"summary_large_image\" \/>\n<meta name=\"twitter:label1\" content=\"\u01af\u1edbc t\u00ednh th\u1eddi gian \u0111\u1ecdc\" \/>\n\t<meta name=\"twitter:data1\" content=\"1 ph\u00fat\" \/>\n<script type=\"application\/ld+json\" class=\"yoast-schema-graph\">{\"@context\":\"https:\\\/\\\/schema.org\",\"@graph\":[{\"@type\":\"WebPage\",\"@id\":\"https:\\\/\\\/augstudy.com\\\/australia\\\/events\\\/aug-sydney-bubble-tea-on-us\\\/at-the-door\\\/\",\"url\":\"https:\\\/\\\/augstudy.com\\\/australia\\\/events\\\/aug-sydney-bubble-tea-on-us\\\/at-the-door\\\/\",\"name\":\"[AUG Sydney] Bubble On Us - AUG Student Services\",\"isPartOf\":{\"@id\":\"https:\\\/\\\/augstudy.com\\\/#website\"},\"primaryImageOfPage\":{\"@id\":\"https:\\\/\\\/augstudy.com\\\/australia\\\/events\\\/aug-sydney-bubble-tea-on-us\\\/at-the-door\\\/#primaryimage\"},\"image\":{\"@id\":\"https:\\\/\\\/augstudy.com\\\/australia\\\/events\\\/aug-sydney-bubble-tea-on-us\\\/at-the-door\\\/#primaryimage\"},\"thumbnailUrl\":\"https:\\\/\\\/augstudy.com\\\/aug-website-files\\\/wp-content\\\/uploads\\\/2025\\\/11\\\/trasuasurmon-1.png\",\"datePublished\":\"2025-11-13T00:23:53+00:00\",\"dateModified\":\"2025-11-13T01:45:16+00:00\",\"description\":\"M\u1eddi b\u1ea1n tr\u00e0 s\u1eefa mi\u1ec5n ph\u00ed c\u00f9ng AUG t\u1ea1i s\u1ef1 ki\u1ec7n Bubble Tea On Us \u1edf Bankstown v\u00e0 Cabramatta th\u00e1ng 12 n\u00e0y\",\"breadcrumb\":{\"@id\":\"https:\\\/\\\/augstudy.com\\\/australia\\\/events\\\/aug-sydney-bubble-tea-on-us\\\/at-the-door\\\/#breadcrumb\"},\"inLanguage\":\"vi\",\"potentialAction\":[{\"@type\":\"ReadAction\",\"target\":[\"https:\\\/\\\/augstudy.com\\\/australia\\\/events\\\/aug-sydney-bubble-tea-on-us\\\/at-the-door\\\/\"]}]},{\"@type\":\"ImageObject\",\"inLanguage\":\"vi\",\"@id\":\"https:\\\/\\\/augstudy.com\\\/australia\\\/events\\\/aug-sydney-bubble-tea-on-us\\\/at-the-door\\\/#primaryimage\",\"url\":\"https:\\\/\\\/augstudy.com\\\/aug-website-files\\\/wp-content\\\/uploads\\\/2025\\\/11\\\/trasuasurmon-1.png\",\"contentUrl\":\"https:\\\/\\\/augstudy.com\\\/aug-website-files\\\/wp-content\\\/uploads\\\/2025\\\/11\\\/trasuasurmon-1.png\",\"width\":1920,\"height\":711},{\"@type\":\"BreadcrumbList\",\"@id\":\"https:\\\/\\\/augstudy.com\\\/australia\\\/events\\\/aug-sydney-bubble-tea-on-us\\\/at-the-door\\\/#breadcrumb\",\"itemListElement\":[{\"@type\":\"ListItem\",\"position\":1,\"name\":\"Home\",\"item\":\"https:\\\/\\\/augstudy.com\\\/\"},{\"@type\":\"ListItem\",\"position\":2,\"name\":\"AUG Australia\",\"item\":\"https:\\\/\\\/augstudy.com\\\/australia\\\/\"},{\"@type\":\"ListItem\",\"position\":3,\"name\":\"AUG Australia Events\",\"item\":\"https:\\\/\\\/augstudy.com\\\/australia\\\/events\\\/\"},{\"@type\":\"ListItem\",\"position\":4,\"name\":\"[AUG Sydney] Bubble On Us\",\"item\":\"https:\\\/\\\/augstudy.com\\\/australia\\\/events\\\/aug-sydney-bubble-tea-on-us\\\/\"},{\"@type\":\"ListItem\",\"position\":5,\"name\":\"[AUG Sydney] Bubble On Us\"}]},{\"@type\":\"WebSite\",\"@id\":\"https:\\\/\\\/augstudy.com\\\/#website\",\"url\":\"https:\\\/\\\/augstudy.com\\\/\",\"name\":\"AUG Student Services\",\"description\":\"Student Services\",\"alternateName\":\"AUG Global\",\"potentialAction\":[{\"@type\":\"SearchAction\",\"target\":{\"@type\":\"EntryPoint\",\"urlTemplate\":\"https:\\\/\\\/augstudy.com\\\/?s={search_term_string}\"},\"query-input\":{\"@type\":\"PropertyValueSpecification\",\"valueRequired\":true,\"valueName\":\"search_term_string\"}}],\"inLanguage\":\"vi\"}]}<\/script>\n<!-- \/ Yoast SEO Premium plugin. -->","yoast_head_json":{"title":"[AUG Sydney] Bubble On Us - AUG Student Services","description":"M\u1eddi b\u1ea1n tr\u00e0 s\u1eefa mi\u1ec5n ph\u00ed c\u00f9ng AUG t\u1ea1i s\u1ef1 ki\u1ec7n Bubble Tea On Us \u1edf Bankstown v\u00e0 Cabramatta th\u00e1ng 12 n\u00e0y","robots":{"index":"index","follow":"nofollow","max-snippet":"max-snippet:-1","max-image-preview":"max-image-preview:large","max-video-preview":"max-video-preview:-1"},"canonical":"https:\/\/augstudy.com\/vi\/chau-uc\/su-kien-2\/aug-sydney-bubble-tea-on-us\/o-cua\/","og_locale":"vi_VN","og_type":"article","og_title":"[AUG Sydney] Bubble On Us","og_description":"M\u1eddi b\u1ea1n tr\u00e0 s\u1eefa mi\u1ec5n ph\u00ed c\u00f9ng AUG t\u1ea1i s\u1ef1 ki\u1ec7n Bubble Tea On Us \u1edf Bankstown v\u00e0 Cabramatta th\u00e1ng 12 n\u00e0y","og_url":"https:\/\/augstudy.com\/vi\/chau-uc\/su-kien-2\/aug-sydney-bubble-tea-on-us\/o-cua\/","og_site_name":"AUG Student Services","article_publisher":"https:\/\/www.facebook.com\/augmalaysia\/","article_modified_time":"2025-11-13T01:45:16+00:00","og_image":[{"width":1920,"height":711,"url":"https:\/\/augstudy.com\/aug-website-files\/wp-content\/uploads\/2025\/11\/trasuasurmon-1.png","type":"image\/png"}],"twitter_card":"summary_large_image","twitter_misc":{"\u01af\u1edbc t\u00ednh th\u1eddi gian \u0111\u1ecdc":"1 ph\u00fat"},"schema":{"@context":"https:\/\/schema.org","@graph":[{"@type":"WebPage","@id":"https:\/\/augstudy.com\/australia\/events\/aug-sydney-bubble-tea-on-us\/at-the-door\/","url":"https:\/\/augstudy.com\/australia\/events\/aug-sydney-bubble-tea-on-us\/at-the-door\/","name":"[AUG Sydney] Bubble On Us - AUG Student Services","isPartOf":{"@id":"https:\/\/augstudy.com\/#website"},"primaryImageOfPage":{"@id":"https:\/\/augstudy.com\/australia\/events\/aug-sydney-bubble-tea-on-us\/at-the-door\/#primaryimage"},"image":{"@id":"https:\/\/augstudy.com\/australia\/events\/aug-sydney-bubble-tea-on-us\/at-the-door\/#primaryimage"},"thumbnailUrl":"https:\/\/augstudy.com\/aug-website-files\/wp-content\/uploads\/2025\/11\/trasuasurmon-1.png","datePublished":"2025-11-13T00:23:53+00:00","dateModified":"2025-11-13T01:45:16+00:00","description":"M\u1eddi b\u1ea1n tr\u00e0 s\u1eefa mi\u1ec5n ph\u00ed c\u00f9ng AUG t\u1ea1i s\u1ef1 ki\u1ec7n Bubble Tea On Us \u1edf Bankstown v\u00e0 Cabramatta th\u00e1ng 12 n\u00e0y","breadcrumb":{"@id":"https:\/\/augstudy.com\/australia\/events\/aug-sydney-bubble-tea-on-us\/at-the-door\/#breadcrumb"},"inLanguage":"vi","potentialAction":[{"@type":"ReadAction","target":["https:\/\/augstudy.com\/australia\/events\/aug-sydney-bubble-tea-on-us\/at-the-door\/"]}]},{"@type":"ImageObject","inLanguage":"vi","@id":"https:\/\/augstudy.com\/australia\/events\/aug-sydney-bubble-tea-on-us\/at-the-door\/#primaryimage","url":"https:\/\/augstudy.com\/aug-website-files\/wp-content\/uploads\/2025\/11\/trasuasurmon-1.png","contentUrl":"https:\/\/augstudy.com\/aug-website-files\/wp-content\/uploads\/2025\/11\/trasuasurmon-1.png","width":1920,"height":711},{"@type":"BreadcrumbList","@id":"https:\/\/augstudy.com\/australia\/events\/aug-sydney-bubble-tea-on-us\/at-the-door\/#breadcrumb","itemListElement":[{"@type":"ListItem","position":1,"name":"Home","item":"https:\/\/augstudy.com\/"},{"@type":"ListItem","position":2,"name":"AUG Australia","item":"https:\/\/augstudy.com\/australia\/"},{"@type":"ListItem","position":3,"name":"AUG Australia Events","item":"https:\/\/augstudy.com\/australia\/events\/"},{"@type":"ListItem","position":4,"name":"[AUG Sydney] Bubble On Us","item":"https:\/\/augstudy.com\/australia\/events\/aug-sydney-bubble-tea-on-us\/"},{"@type":"ListItem","position":5,"name":"[AUG Sydney] Bubble On Us"}]},{"@type":"WebSite","@id":"https:\/\/augstudy.com\/#website","url":"https:\/\/augstudy.com\/","name":"D\u1ecbch v\u1ee5 Sinh vi\u00ean AUG","description":"D\u1ecbch v\u1ee5 sinh vi\u00ean","alternateName":"AUG Global","potentialAction":[{"@type":"SearchAction","target":{"@type":"EntryPoint","urlTemplate":"https:\/\/augstudy.com\/?s={search_term_string}"},"query-input":{"@type":"PropertyValueSpecification","valueRequired":true,"valueName":"search_term_string"}}],"inLanguage":"vi"}]}},"_links":{"self":[{"href":"https:\/\/augstudy.com\/vi\/wp-json\/wp\/v2\/pages\/404692","targetHints":{"allow":["GET"]}}],"collection":[{"href":"https:\/\/augstudy.com\/vi\/wp-json\/wp\/v2\/pages"}],"about":[{"href":"https:\/\/augstudy.com\/vi\/wp-json\/wp\/v2\/types\/page"}],"author":[{"embeddable":true,"href":"https:\/\/augstudy.com\/vi\/wp-json\/wp\/v2\/users\/24935"}],"replies":[{"embeddable":true,"href":"https:\/\/augstudy.com\/vi\/wp-json\/wp\/v2\/comments?post=404692"}],"version-history":[{"count":3,"href":"https:\/\/augstudy.com\/vi\/wp-json\/wp\/v2\/pages\/404692\/revisions"}],"predecessor-version":[{"id":404702,"href":"https:\/\/augstudy.com\/vi\/wp-json\/wp\/v2\/pages\/404692\/revisions\/404702"}],"up":[{"embeddable":true,"href":"https:\/\/augstudy.com\/vi\/wp-json\/wp\/v2\/pages\/404687"}],"wp:featuredmedia":[{"embeddable":true,"href":"https:\/\/augstudy.com\/vi\/wp-json\/wp\/v2\/media\/404688"}],"wp:attachment":[{"href":"https:\/\/augstudy.com\/vi\/wp-json\/wp\/v2\/media?parent=404692"}],"curies":[{"name":"wp","href":"https:\/\/api.w.org\/{rel}","templated":true}]}}