{"id":402465,"date":"2025-09-05T13:46:07","date_gmt":"2025-09-05T03:46:07","guid":{"rendered":"https:\/\/augstudy.com\/?page_id=402465"},"modified":"2025-10-27T13:33:38","modified_gmt":"2025-10-27T02:33:38","slug":"edinbugh-seminar","status":"publish","type":"page","link":"https:\/\/augstudy.com\/vi\/singapore\/events\/edinbugh-seminar\/","title":{"rendered":"[AUG Singapore] The University of Edinburgh Seminar"},"content":{"rendered":"<div data-vc-full-width=\"true\" data-vc-full-width-init=\"false\" class=\"vc_row wpb_row vc_row-fluid vc_custom_1761532374530 vc_row-has-fill vc_row-o-content-middle vc_row-flex\"><div class=\"wpb_column vc_column_container vc_col-sm-12\"><div class=\"vc_column-inner vc_custom_1661838891579\"><div class=\"wpb_wrapper\">\n\t<div class=\"wpb_single_image wpb_content_element vc_align_center  vc_custom_1761532356188\">\n\t\t\n\t\t<figure class=\"wpb_wrapper vc_figure\">\n\t\t\t<div class=\"vc_single_image-wrapper   vc_box_border_grey\"><img loading=\"lazy\" decoding=\"async\" width=\"1080\" height=\"500\" src=\"https:\/\/augstudy.com\/aug-website-files\/wp-content\/uploads\/2025\/10\/aug_sgpevents_edinburgh_ve_seminar_260116_1080x500.jpg\" class=\"vc_single_image-img attachment-full\" alt=\"\" srcset=\"https:\/\/augstudy.com\/aug-website-files\/wp-content\/uploads\/2025\/10\/aug_sgpevents_edinburgh_ve_seminar_260116_1080x500.jpg 1080w, https:\/\/augstudy.com\/aug-website-files\/wp-content\/uploads\/2025\/10\/aug_sgpevents_edinburgh_ve_seminar_260116_1080x500-300x139.jpg 300w, https:\/\/augstudy.com\/aug-website-files\/wp-content\/uploads\/2025\/10\/aug_sgpevents_edinburgh_ve_seminar_260116_1080x500-1024x474.jpg 1024w, https:\/\/augstudy.com\/aug-website-files\/wp-content\/uploads\/2025\/10\/aug_sgpevents_edinburgh_ve_seminar_260116_1080x500-768x356.jpg 768w, https:\/\/augstudy.com\/aug-website-files\/wp-content\/uploads\/2025\/10\/aug_sgpevents_edinburgh_ve_seminar_260116_1080x500-18x8.jpg 18w\" sizes=\"auto, (max-width: 1080px) 100vw, 1080px\" \/><\/div>\n\t\t<\/figure>\n\t<\/div>\n<\/div><\/div><\/div><\/div><div class=\"vc_row-full-width vc_clearfix\"><\/div><div data-vc-full-width=\"true\" data-vc-full-width-init=\"false\" class=\"vc_row wpb_row vc_row-fluid vc_custom_1740373835628 vc_row-has-fill vc_row-o-content-middle vc_row-flex\"><div class=\"wpb_column vc_column_container vc_col-sm-2 vc_hidden-sm vc_hidden-xs\"><div class=\"vc_column-inner\"><div class=\"wpb_wrapper\"><\/div><\/div><\/div><div class=\"wpb_column vc_column_container vc_col-sm-8\"><div class=\"vc_column-inner\"><div class=\"wpb_wrapper\">\n\t<div class=\"wpb_text_column wpb_content_element  aug_content_box\">\n\t\t<div class=\"wpb_wrapper\">\n\t\t\t<h1><strong>The University of Edinburgh Veterinary Seminar<\/strong><\/h1>\n<p><span class=\"\" style=\"display:block;clear:both;height: 0px;padding-top: 15px;border-top-width:0px;border-bottom-width:0px;\"><\/span>\u0110\u1ea1t \u0111\u01b0\u1ee3c n\u1ec1n gi\u00e1o d\u1ee5c \u0111\u1eb3ng c\u1ea5p th\u1ebf gi\u1edbi v\u00e0 b\u1eb1ng c\u1ea5p \u0111\u01b0\u1ee3c qu\u1ed1c t\u1ebf c\u00f4ng nh\u1eadn trong m\u00f4i tr\u01b0\u1eddng \u0111a v\u0103n h\u00f3a v\u00e0 th\u1ecbnh v\u01b0\u1ee3ng<br \/>\n<span class=\"\" style=\"display:block;clear:both;height: 0px;padding-top: 15px;border-top-width:0px;border-bottom-width:0px;\"><\/span><strong>Bachelor of Veterinary Medicine and Surgery (BVM&amp;S)<\/strong><\/p>\n<ul>\n<li>Renowned BVM&amp;S program offering world-class veterinary education.<\/li>\n<li>Tr\u1ea3i nghi\u1ec7m l\u00e2m s\u00e0ng s\u1edbm gi\u00fap sinh vi\u00ean \u0111\u1ea1t \u0111\u01b0\u1ee3c th\u00e0nh c\u00f4ng trong ng\u00e0nh th\u00fa y.<\/li>\n<li>Ch\u01b0\u01a1ng tr\u00ecnh \u0111\u01b0\u1ee3c qu\u1ed1c t\u1ebf c\u00f4ng nh\u1eadn, cho ph\u00e9p sinh vi\u00ean t\u1ed1t nghi\u1ec7p th\u1ef1c h\u00e0nh tr\u00ean to\u00e0n th\u1ebf gi\u1edbi.<\/li>\n<\/ul>\n<p><span class=\"\" style=\"display:block;clear:both;height: 0px;padding-top: 15px;border-top-width:0px;border-bottom-width:0px;\"><\/span><strong>Tr\u01b0\u1eddng Nghi\u00ean c\u1ee9u Th\u00fa y Royal (Dick)<\/strong><br \/>\nTr\u01b0\u1eddng Nghi\u00ean c\u1ee9u Th\u00fa y Royal (Dick) \u0111\u01b0\u1ee3c c\u00f4ng nh\u1eadn l\u00e0 tr\u01b0\u1eddng d\u1eabn \u0111\u1ea7u qu\u1ed1c t\u1ebf v\u1ec1 gi\u00e1o d\u1ee5c, nghi\u00ean c\u1ee9u v\u00e0 th\u1ef1c h\u00e0nh th\u00fa y. N\u00f3 li\u00ean t\u1ee5c \u0111\u01b0\u1ee3c x\u1ebfp h\u1ea1ng l\u00e0 m\u1ed9t trong nh\u1eefng tr\u01b0\u1eddng h\u00e0ng \u0111\u1ea7u \u1edf V\u01b0\u01a1ng qu\u1ed1c Anh v\u00e0 tr\u00ean to\u00e0n c\u1ea7u.<br \/>\n<span class=\"\" style=\"display:block;clear:both;height: 0px;padding-top: 15px;border-top-width:0px;border-bottom-width:0px;\"><\/span>C\u00e1c t\u00ednh n\u0103ng ch\u00ednh<\/p>\n<ul>\n<li>Ti\u00ean phong gi\u00e1o d\u1ee5c v\u00e0 nghi\u00ean c\u1ee9u th\u00fa y t\u1ea1i trung t\u00e2m th\u1ee7 \u0111\u00f4 c\u1ee7a Scotland.<\/li>\n<li>\u0110\u1ed9i ng\u0169 gi\u1ea3ng vi\u00ean \u0111\u1eb3ng c\u1ea5p th\u1ebf gi\u1edbi v\u00e0 tr\u1ea3i nghi\u1ec7m h\u1ecdc t\u1eadp s\u00e1ng t\u1ea1o.<\/li>\n<li>C\u01a1 h\u1ed9i th\u1ef1c h\u00e0nh l\u00e2m s\u00e0ng \u0111\u1eb7c bi\u1ec7t v\u00e0 c\u01a1 s\u1edf v\u1eadt ch\u1ea5t hi\u1ec7n \u0111\u1ea1i.<\/li>\n<li>K\u1ebft n\u1ed1i ng\u00e0nh m\u1ea1nh m\u1ebd v\u00e0 s\u1ef1 c\u00f4ng nh\u1eadn to\u00e0n c\u1ea7u.<\/li>\n<\/ul>\n<h2><span class=\"\" style=\"display:block;clear:both;height: 0px;padding-top: 15px;border-top-width:0px;border-bottom-width:0px;\"><\/span><strong>chi ti\u1ebft s\u1ef1 ki\u1ec7n<\/strong><\/h2>\n<p><span class=\"\" style=\"display:block;clear:both;height: 0px;padding-top: 15px;border-top-width:0px;border-bottom-width:0px;\"><\/span><strong>Ng\u00e0y:<\/strong> 16 January 2026 (Friday)<br \/>\n<span class=\"\" style=\"display:block;clear:both;height: 0px;padding-top: 15px;border-top-width:0px;border-bottom-width:0px;\"><\/span><strong>Th\u1eddi gian:<\/strong> 6:30 PM<br \/>\n<span class=\"\" style=\"display:block;clear:both;height: 0px;padding-top: 15px;border-top-width:0px;border-bottom-width:0px;\"><\/span><strong>\u0110\u1ecba \u0111i\u1ec3m:<\/strong> <span style=\"text-decoration: underline;\"><a href=\"https:\/\/maps.app.goo.gl\/YNz3aRH2KhmpVZy96\" target=\"_blank\" rel=\"noopener\">AUG Singapore Office (7 Maxwell Road, #02-100 Annex B, MND Complex, Singapore 069111)<\/a><\/span><br \/>\n<span class=\"\" style=\"display:block;clear:both;height: 0px;padding-top: 15px;border-top-width:0px;border-bottom-width:0px;\"><\/span><\/p>\n<h6 style=\"color: #ff0000;\"><strong><em>* ch\u1ec9 ra tr\u01b0\u1eddng b\u1eaft bu\u1ed9c<\/em><\/strong><\/h6>\n\n\t\t<\/div>\n\t<\/div>\n<\/div><\/div><\/div><div class=\"wpb_column vc_column_container vc_col-sm-2\"><div class=\"vc_column-inner\"><div class=\"wpb_wrapper\"><\/div><\/div><\/div><\/div><div class=\"vc_row-full-width vc_clearfix\"><\/div><div id=\"registration\" class=\"vc_row wpb_row vc_row-fluid\"><div class=\"wpb_column vc_column_container vc_col-sm-12\"><div class=\"vc_column-inner\"><div class=\"wpb_wrapper\">\n\t<div class=\"wpb_text_column wpb_content_element\">\n\t\t<div class=\"wpb_wrapper\">\n\t\t\t\r\n<iframe\r\n    id='augRegoForm'\r\n    title='AUG Registration Form'\r\n    allow='geolocation; microphone; camera; fullscreen; payment'\r\n    src='https:\/\/form.jotform.com\/252468796726879?eventName=%5BAUG%20Singapore%5D%20The%20University%20of%20Edinburgh%20Veterinary%20Seminar'\r\n    frameborder='0'\r\n    style='min-width: 100%; max-width: 100%; height: 100%; border: none;'\r\n\tscrolling='no'\r\n><\/iframe>\r\n\r\n<script src='https:\/\/cdn.jotfor.ms\/s\/umd\/latest\/for-form-embed-handler.js'><\/script>\r\n<script>\r\n    window.jotformEmbedHandler(\r\n        'iframe#augRegoForm',\r\n        'https:\/\/form.jotform.com\/'\r\n    );\r\n<\/script>\r\n\n\n\t\t<\/div>\n\t<\/div>\n<\/div><\/div><\/div><\/div>","protected":false},"excerpt":{"rendered":"The University of Edinburgh Veterinary Seminar Achieve a world-class education and an internationally accredited qualification in a multi-cultural and thriving environment Bachelor of Veterinary Medicine and Surgery (BVM&amp;S) Renowned BVM&amp;S program offering world-class veterinary education. Early clinical experience sets students up for success in veterinary medicine. Internationally accredited programme, allowing graduates to practice all over [...]","protected":false},"author":4,"featured_media":404128,"parent":2348,"menu_order":0,"comment_status":"closed","ping_status":"closed","template":"","meta":{"footnotes":""},"class_list":["post-402465","page","type-page","status-publish","hentry"],"yoast_head":"<!-- This site is optimized with the Yoast SEO Premium plugin v27.0 (Yoast SEO v27.3) - https:\/\/yoast.com\/product\/yoast-seo-premium-wordpress\/ -->\n<title>[AUG Singapore] The University of Edinburgh Seminar - AUG Student Services<\/title>\n<meta name=\"description\" content=\"Study Veterinary Medicine at The University of Edinburgh!\" \/>\n<meta name=\"robots\" content=\"index, follow, max-snippet:-1, max-image-preview:large, max-video-preview:-1\" \/>\n<link rel=\"canonical\" href=\"https:\/\/augstudy.com\/vi\/singapore\/su-kien-2\/edinbugh-seminar\/\" \/>\n<meta property=\"og:locale\" content=\"vi_VN\" \/>\n<meta property=\"og:type\" content=\"article\" \/>\n<meta property=\"og:title\" content=\"[AUG Singapore] The University of Edinburgh Seminar\" \/>\n<meta property=\"og:description\" content=\"Study Veterinary Medicine at The University of Edinburgh!\" \/>\n<meta property=\"og:url\" content=\"https:\/\/augstudy.com\/vi\/singapore\/su-kien-2\/edinbugh-seminar\/\" \/>\n<meta property=\"og:site_name\" content=\"AUG Student Services\" \/>\n<meta property=\"article:publisher\" content=\"https:\/\/www.facebook.com\/augmalaysia\/\" \/>\n<meta property=\"article:modified_time\" content=\"2025-10-27T02:33:38+00:00\" \/>\n<meta property=\"og:image\" content=\"https:\/\/augstudy.com\/aug-website-files\/wp-content\/uploads\/2025\/10\/aug_sgpevents_edinburgh_ve_seminar_260116_1080x500.jpg\" \/>\n\t<meta property=\"og:image:width\" content=\"1080\" \/>\n\t<meta property=\"og:image:height\" content=\"500\" \/>\n\t<meta property=\"og:image:type\" content=\"image\/jpeg\" \/>\n<meta name=\"twitter:card\" content=\"summary_large_image\" \/>\n<meta name=\"twitter:label1\" content=\"\u01af\u1edbc t\u00ednh th\u1eddi gian \u0111\u1ecdc\" \/>\n\t<meta name=\"twitter:data1\" content=\"2 ph\u00fat\" \/>\n<script type=\"application\/ld+json\" class=\"yoast-schema-graph\">{\"@context\":\"https:\\\/\\\/schema.org\",\"@graph\":[{\"@type\":\"WebPage\",\"@id\":\"https:\\\/\\\/augstudy.com\\\/singapore\\\/events\\\/edinbugh-seminar\\\/\",\"url\":\"https:\\\/\\\/augstudy.com\\\/singapore\\\/events\\\/edinbugh-seminar\\\/\",\"name\":\"[AUG Singapore] The University of Edinburgh Seminar - AUG Student Services\",\"isPartOf\":{\"@id\":\"https:\\\/\\\/augstudy.com\\\/#website\"},\"primaryImageOfPage\":{\"@id\":\"https:\\\/\\\/augstudy.com\\\/singapore\\\/events\\\/edinbugh-seminar\\\/#primaryimage\"},\"image\":{\"@id\":\"https:\\\/\\\/augstudy.com\\\/singapore\\\/events\\\/edinbugh-seminar\\\/#primaryimage\"},\"thumbnailUrl\":\"https:\\\/\\\/augstudy.com\\\/aug-website-files\\\/wp-content\\\/uploads\\\/2025\\\/10\\\/aug_sgpevents_edinburgh_ve_seminar_260116_1080x500.jpg\",\"datePublished\":\"2025-09-05T03:46:07+00:00\",\"dateModified\":\"2025-10-27T02:33:38+00:00\",\"description\":\"Study Veterinary Medicine at The University of Edinburgh!\",\"breadcrumb\":{\"@id\":\"https:\\\/\\\/augstudy.com\\\/singapore\\\/events\\\/edinbugh-seminar\\\/#breadcrumb\"},\"inLanguage\":\"vi\",\"potentialAction\":[{\"@type\":\"ReadAction\",\"target\":[\"https:\\\/\\\/augstudy.com\\\/singapore\\\/events\\\/edinbugh-seminar\\\/\"]}]},{\"@type\":\"ImageObject\",\"inLanguage\":\"vi\",\"@id\":\"https:\\\/\\\/augstudy.com\\\/singapore\\\/events\\\/edinbugh-seminar\\\/#primaryimage\",\"url\":\"https:\\\/\\\/augstudy.com\\\/aug-website-files\\\/wp-content\\\/uploads\\\/2025\\\/10\\\/aug_sgpevents_edinburgh_ve_seminar_260116_1080x500.jpg\",\"contentUrl\":\"https:\\\/\\\/augstudy.com\\\/aug-website-files\\\/wp-content\\\/uploads\\\/2025\\\/10\\\/aug_sgpevents_edinburgh_ve_seminar_260116_1080x500.jpg\",\"width\":1080,\"height\":500},{\"@type\":\"BreadcrumbList\",\"@id\":\"https:\\\/\\\/augstudy.com\\\/singapore\\\/events\\\/edinbugh-seminar\\\/#breadcrumb\",\"itemListElement\":[{\"@type\":\"ListItem\",\"position\":1,\"name\":\"Home\",\"item\":\"https:\\\/\\\/augstudy.com\\\/\"},{\"@type\":\"ListItem\",\"position\":2,\"name\":\"AUG Singapore\",\"item\":\"https:\\\/\\\/augstudy.com\\\/singapore\\\/\"},{\"@type\":\"ListItem\",\"position\":3,\"name\":\"AUG Singapore Events\",\"item\":\"https:\\\/\\\/augstudy.com\\\/singapore\\\/events\\\/\"},{\"@type\":\"ListItem\",\"position\":4,\"name\":\"[AUG Singapore] The University of Edinburgh Seminar\"}]},{\"@type\":\"WebSite\",\"@id\":\"https:\\\/\\\/augstudy.com\\\/#website\",\"url\":\"https:\\\/\\\/augstudy.com\\\/\",\"name\":\"AUG Student Services\",\"description\":\"Student Services\",\"alternateName\":\"AUG Global\",\"potentialAction\":[{\"@type\":\"SearchAction\",\"target\":{\"@type\":\"EntryPoint\",\"urlTemplate\":\"https:\\\/\\\/augstudy.com\\\/?s={search_term_string}\"},\"query-input\":{\"@type\":\"PropertyValueSpecification\",\"valueRequired\":true,\"valueName\":\"search_term_string\"}}],\"inLanguage\":\"vi\"}]}<\/script>\n<!-- \/ Yoast SEO Premium plugin. -->","yoast_head_json":{"title":"[AUG Singapore] The University of Edinburgh Seminar - AUG Student Services","description":"H\u1ecdc ng\u00e0nh Th\u00fa y t\u1ea1i \u0110\u1ea1i h\u1ecdc Edinburgh!","robots":{"index":"index","follow":"follow","max-snippet":"max-snippet:-1","max-image-preview":"max-image-preview:large","max-video-preview":"max-video-preview:-1"},"canonical":"https:\/\/augstudy.com\/vi\/singapore\/su-kien-2\/edinbugh-seminar\/","og_locale":"vi_VN","og_type":"article","og_title":"[AUG Singapore] The University of Edinburgh Seminar","og_description":"Study Veterinary Medicine at The University of Edinburgh!","og_url":"https:\/\/augstudy.com\/vi\/singapore\/su-kien-2\/edinbugh-seminar\/","og_site_name":"AUG Student Services","article_publisher":"https:\/\/www.facebook.com\/augmalaysia\/","article_modified_time":"2025-10-27T02:33:38+00:00","og_image":[{"width":1080,"height":500,"url":"https:\/\/augstudy.com\/aug-website-files\/wp-content\/uploads\/2025\/10\/aug_sgpevents_edinburgh_ve_seminar_260116_1080x500.jpg","type":"image\/jpeg"}],"twitter_card":"summary_large_image","twitter_misc":{"\u01af\u1edbc t\u00ednh th\u1eddi gian \u0111\u1ecdc":"2 ph\u00fat"},"schema":{"@context":"https:\/\/schema.org","@graph":[{"@type":"WebPage","@id":"https:\/\/augstudy.com\/singapore\/events\/edinbugh-seminar\/","url":"https:\/\/augstudy.com\/singapore\/events\/edinbugh-seminar\/","name":"[AUG Singapore] The University of Edinburgh Seminar - AUG Student Services","isPartOf":{"@id":"https:\/\/augstudy.com\/#website"},"primaryImageOfPage":{"@id":"https:\/\/augstudy.com\/singapore\/events\/edinbugh-seminar\/#primaryimage"},"image":{"@id":"https:\/\/augstudy.com\/singapore\/events\/edinbugh-seminar\/#primaryimage"},"thumbnailUrl":"https:\/\/augstudy.com\/aug-website-files\/wp-content\/uploads\/2025\/10\/aug_sgpevents_edinburgh_ve_seminar_260116_1080x500.jpg","datePublished":"2025-09-05T03:46:07+00:00","dateModified":"2025-10-27T02:33:38+00:00","description":"H\u1ecdc ng\u00e0nh Th\u00fa y t\u1ea1i \u0110\u1ea1i h\u1ecdc Edinburgh!","breadcrumb":{"@id":"https:\/\/augstudy.com\/singapore\/events\/edinbugh-seminar\/#breadcrumb"},"inLanguage":"vi","potentialAction":[{"@type":"ReadAction","target":["https:\/\/augstudy.com\/singapore\/events\/edinbugh-seminar\/"]}]},{"@type":"ImageObject","inLanguage":"vi","@id":"https:\/\/augstudy.com\/singapore\/events\/edinbugh-seminar\/#primaryimage","url":"https:\/\/augstudy.com\/aug-website-files\/wp-content\/uploads\/2025\/10\/aug_sgpevents_edinburgh_ve_seminar_260116_1080x500.jpg","contentUrl":"https:\/\/augstudy.com\/aug-website-files\/wp-content\/uploads\/2025\/10\/aug_sgpevents_edinburgh_ve_seminar_260116_1080x500.jpg","width":1080,"height":500},{"@type":"BreadcrumbList","@id":"https:\/\/augstudy.com\/singapore\/events\/edinbugh-seminar\/#breadcrumb","itemListElement":[{"@type":"ListItem","position":1,"name":"Home","item":"https:\/\/augstudy.com\/"},{"@type":"ListItem","position":2,"name":"AUG Singapore","item":"https:\/\/augstudy.com\/singapore\/"},{"@type":"ListItem","position":3,"name":"AUG Singapore Events","item":"https:\/\/augstudy.com\/singapore\/events\/"},{"@type":"ListItem","position":4,"name":"[AUG Singapore] The University of Edinburgh Seminar"}]},{"@type":"WebSite","@id":"https:\/\/augstudy.com\/#website","url":"https:\/\/augstudy.com\/","name":"D\u1ecbch v\u1ee5 Sinh vi\u00ean AUG","description":"D\u1ecbch v\u1ee5 sinh vi\u00ean","alternateName":"AUG Global","potentialAction":[{"@type":"SearchAction","target":{"@type":"EntryPoint","urlTemplate":"https:\/\/augstudy.com\/?s={search_term_string}"},"query-input":{"@type":"PropertyValueSpecification","valueRequired":true,"valueName":"search_term_string"}}],"inLanguage":"vi"}]}},"_links":{"self":[{"href":"https:\/\/augstudy.com\/vi\/wp-json\/wp\/v2\/pages\/402465","targetHints":{"allow":["GET"]}}],"collection":[{"href":"https:\/\/augstudy.com\/vi\/wp-json\/wp\/v2\/pages"}],"about":[{"href":"https:\/\/augstudy.com\/vi\/wp-json\/wp\/v2\/types\/page"}],"author":[{"embeddable":true,"href":"https:\/\/augstudy.com\/vi\/wp-json\/wp\/v2\/users\/4"}],"replies":[{"embeddable":true,"href":"https:\/\/augstudy.com\/vi\/wp-json\/wp\/v2\/comments?post=402465"}],"version-history":[{"count":3,"href":"https:\/\/augstudy.com\/vi\/wp-json\/wp\/v2\/pages\/402465\/revisions"}],"predecessor-version":[{"id":404130,"href":"https:\/\/augstudy.com\/vi\/wp-json\/wp\/v2\/pages\/402465\/revisions\/404130"}],"up":[{"embeddable":true,"href":"https:\/\/augstudy.com\/vi\/wp-json\/wp\/v2\/pages\/2348"}],"wp:featuredmedia":[{"embeddable":true,"href":"https:\/\/augstudy.com\/vi\/wp-json\/wp\/v2\/media\/404128"}],"wp:attachment":[{"href":"https:\/\/augstudy.com\/vi\/wp-json\/wp\/v2\/media?parent=402465"}],"curies":[{"name":"wp","href":"https:\/\/api.w.org\/{rel}","templated":true}]}}