{"id":402194,"date":"2025-08-28T17:17:01","date_gmt":"2025-08-28T07:17:01","guid":{"rendered":"https:\/\/augstudy.com\/?page_id=402194"},"modified":"2025-10-17T21:48:14","modified_gmt":"2025-10-17T10:48:14","slug":"fsedec","status":"publish","type":"page","link":"https:\/\/augstudy.com\/vi\/malaysia\/events\/fsedec\/","title":{"rendered":"[AUG Malaysia] Go! Further Studies Education Fair"},"content":{"rendered":"<div data-vc-full-width=\"true\" data-vc-full-width-init=\"false\" class=\"vc_row wpb_row vc_row-fluid vc_custom_1760696066908 vc_row-has-fill vc_row-o-content-middle vc_row-flex\"><div class=\"wpb_column vc_column_container vc_col-sm-12\"><div class=\"vc_column-inner vc_custom_1661838891579\"><div class=\"wpb_wrapper\">\n\t<div class=\"wpb_single_image wpb_content_element vc_align_center  vc_custom_1760696053401\">\n\t\t\n\t\t<figure class=\"wpb_wrapper vc_figure\">\n\t\t\t<div class=\"vc_single_image-wrapper   vc_box_border_grey\"><img loading=\"lazy\" decoding=\"async\" width=\"1080\" height=\"540\" src=\"https:\/\/augstudy.com\/aug-website-files\/wp-content\/uploads\/2025\/10\/aug_myevents_go_further_studies_education_fair_1080x540.jpg\" class=\"vc_single_image-img attachment-full\" alt=\"\" srcset=\"https:\/\/augstudy.com\/aug-website-files\/wp-content\/uploads\/2025\/10\/aug_myevents_go_further_studies_education_fair_1080x540.jpg 1080w, https:\/\/augstudy.com\/aug-website-files\/wp-content\/uploads\/2025\/10\/aug_myevents_go_further_studies_education_fair_1080x540-300x150.jpg 300w, https:\/\/augstudy.com\/aug-website-files\/wp-content\/uploads\/2025\/10\/aug_myevents_go_further_studies_education_fair_1080x540-1024x512.jpg 1024w, https:\/\/augstudy.com\/aug-website-files\/wp-content\/uploads\/2025\/10\/aug_myevents_go_further_studies_education_fair_1080x540-768x384.jpg 768w, https:\/\/augstudy.com\/aug-website-files\/wp-content\/uploads\/2025\/10\/aug_myevents_go_further_studies_education_fair_1080x540-18x9.jpg 18w\" sizes=\"auto, (max-width: 1080px) 100vw, 1080px\" \/><\/div>\n\t\t<\/figure>\n\t<\/div>\n<\/div><\/div><\/div><\/div><div class=\"vc_row-full-width vc_clearfix\"><\/div><div data-vc-full-width=\"true\" data-vc-full-width-init=\"false\" class=\"vc_row wpb_row vc_row-fluid vc_custom_1760695739061 vc_row-has-fill vc_row-o-full-height vc_row-o-columns-middle vc_row-o-content-middle vc_row-flex\"><div class=\"wpb_column vc_column_container vc_col-sm-2 vc_hidden-sm vc_hidden-xs\"><div class=\"vc_column-inner\"><div class=\"wpb_wrapper\"><\/div><\/div><\/div><div class=\"wpb_column vc_column_container vc_col-sm-8\"><div class=\"vc_column-inner vc_custom_1671748405855\"><div class=\"wpb_wrapper\"><div class=\"vc_empty_space\"  style=\"height: 32px\" ><span class=\"vc_empty_space_inner\"><\/span><\/div>\n\n\t<div class=\"wpb_text_column wpb_content_element\">\n\t\t<div class=\"wpb_wrapper\">\n\t\t\t<p>H\u1ed9i ch\u1ee3 Gi\u00e1o d\u1ee5c n\u00e0y mang \u0111\u1ebfn cho b\u1ea1n c\u00e1c l\u1ef1a ch\u1ecdn gi\u00e1o d\u1ee5c t\u1eeb c\u00e1c qu\u1ed1c gia kh\u00e1c nhau nh\u01b0 \u00dac, Anh, M\u1ef9, Ireland, Th\u1ee5y S\u0129, Singapore, c\u0169ng nh\u01b0 c\u00e1c \u0111\u1ecba ph\u01b0\u01a1ng \u1edf Malaysia!<\/p>\n<p>&nbsp;<\/p>\n<p>T\u00ecm ch\u00fang t\u00f4i t\u1ea1i\u2026<\/p>\n<p>&nbsp;<\/p>\n<p>\u2022\u00a012 Nov 25 | <a href=\"https:\/\/maps.app.goo.gl\/kfBW3SqNCtPeJ4ez9\" target=\"_blank\" rel=\"noopener\">Premier Hotel, Klang<\/a> | 1-5pm<br \/>\n\u2022\u00a015 Nov 25 | <a href=\"https:\/\/maps.app.goo.gl\/hW6fZ5FwbBTbg8ju9\" target=\"_blank\" rel=\"noopener\">Kh\u00e1ch s\u1ea1n WEIL, Ipoh<\/a> | 1-6pm<br \/>\n\u2022\u00a016 Nov 25 | <a href=\"https:\/\/maps.app.goo.gl\/ccCuaSCNcMqyDQFD9\" target=\"_blank\" rel=\"noopener\">Kh\u00e1ch s\u1ea1n E&amp;O, Penang<\/a> | 1-6pm<br \/>\n\u2022\u00a021 Nov 25 | <a href=\"https:\/\/maps.app.goo.gl\/GcG8ztLZHFc4DGaP6\" target=\"_blank\" rel=\"noopener\">Kh\u00e1ch s\u1ea1n Zenith, Kuantan<\/a> | 1-6pm<br \/>\n\u2022\u00a022 Nov 25 | <a href=\"https:\/\/maps.app.goo.gl\/ZLdx1pCTZ9AiwGfv8\" target=\"_blank\" rel=\"noopener\">Noble Hotel, Melaka<\/a> | 1-6pm<br \/>\n\u2022\u00a023 Nov 25 | <a href=\"https:\/\/maps.app.goo.gl\/kwQLEwFiCVPj2C2q7\" target=\"_blank\" rel=\"noopener\">KSL Resort Hotel, Johor Bharu<\/a> | 1-6pm<br \/>\n\u2022 30 Nov 25 | <a href=\"https:\/\/maps.app.goo.gl\/oYfo3iYvKQvCWWaD7\" target=\"_blank\" rel=\"noopener\">Aloft Hotel, Kuala Lumpur<\/a> | 1-6pm<\/p>\n<p>&nbsp;<\/p>\n<p>Ch\u00fang t\u00f4i h\u1ed7 tr\u1ee3\u2026<\/p>\n<p>\u2022 Duy\u1ec7t kh\u00f3a h\u1ecdc<\/p>\n<p>\u2022 Th\u0103m d\u00f2 ngh\u1ec1 nghi\u1ec7p<\/p>\n<p>\u2022 So s\u00e1nh c\u00e1c tr\u01b0\u1eddng \u0111\u1ea1i h\u1ecdc<\/p>\n<p>&nbsp;<\/p>\n<p>T\u1ea1i sao tham d\u1ef1?<\/p>\n<p>\u2022 Nh\u1eadp h\u1ecdc mi\u1ec5n ph\u00ed<\/p>\n<p>\u2022 Mi\u1ec5n ph\u00ed \u0111\u0103ng k\u00fd*<\/p>\n<p>\u2022 T\u01b0 v\u1ea5n tr\u1ef1c ti\u1ebfp v\u1edbi \u0111\u1ea1i di\u1ec7n tr\u01b0\u1eddng \u0111\u1ea1i h\u1ecdc<\/p>\n<p>\u2022 C\u00f3 h\u1ecdc b\u1ed5ng*<\/p>\n<p>\u2022 Pre-register &amp; Attend : first 30 student get free RM20 grab voucher from each stop*<\/p>\n<p>* Terms and conditions applies<\/p>\n<p>&nbsp;<\/p>\n<p>Ai n\u00ean tham d\u1ef1?<\/p>\n<p>\u2022 High School Student : SPM, IGSCE, UEC<\/p>\n<p>\u2022 Pre-U student : A&#8217;level, IB, STPM, AUSMAT, SAM, Foundation Program<\/p>\n<p>\u2022 B\u1eb1ng t\u1ed1t nghi\u1ec7p<\/p>\n<p>\u2022 Sinh vi\u00ean \u0111\u1ea1i h\u1ecdc mu\u1ed1n h\u1ecdc ch\u01b0\u01a1ng tr\u00ecnh Chuy\u1ec3n ti\u1ebfp ho\u1eb7c Th\u1ea1c s\u0129<\/p>\n\n\t\t<\/div>\n\t<\/div>\n\n\t<div class=\"wpb_text_column wpb_content_element\">\n\t\t<div class=\"wpb_wrapper\">\n\t\t\t<p><script src=\"https:\/\/events.humanitix.com\/scripts\/widgets\/inline.js\" type=\"module\"><\/script><br \/>\n<iframe data-checkout=\"fsedec2025\"><\/iframe><\/p>\n\n\t\t<\/div>\n\t<\/div>\n<div style=\"background-color:; height: 20px;\" class=\"nicdark_section\"><\/div><\/div><\/div><\/div><div class=\"wpb_column vc_column_container vc_col-sm-2 vc_hidden-sm vc_hidden-xs\"><div class=\"vc_column-inner\"><div class=\"wpb_wrapper\"><\/div><\/div><\/div><\/div><div class=\"vc_row-full-width vc_clearfix\"><\/div>","protected":false},"excerpt":{"rendered":"This Education Fair brings you education options from different countries such as Australia, UK, USA, Ireland, Switzerland, Singapore, as well as locally in Malaysia! &nbsp; Find us at\u2026 &nbsp; \u2022\u00a012 Nov 25 | Premier Hotel, Klang | 1-5pm \u2022\u00a015 Nov 25 | WEIL Hotel, Ipoh | 1-6pm \u2022\u00a016 Nov 25 | E&amp;O Hotel, Penang | [...]","protected":false},"author":5,"featured_media":403891,"parent":2350,"menu_order":0,"comment_status":"closed","ping_status":"closed","template":"","meta":{"footnotes":""},"class_list":["post-402194","page","type-page","status-publish","hentry"],"yoast_head":"<!-- This site is optimized with the Yoast SEO Premium plugin v27.0 (Yoast SEO v27.3) - https:\/\/yoast.com\/product\/yoast-seo-premium-wordpress\/ -->\n<title>[AUG Malaysia] Go! Further Studies Education Fair - AUG Student Services<\/title>\n<meta name=\"description\" content=\"Free counselling for university selection, scholarships and visa applications. Let AUG Student Services fast-track your study-abroad journey today.\" \/>\n<meta name=\"robots\" content=\"index, follow, max-snippet:-1, max-image-preview:large, max-video-preview:-1\" \/>\n<link rel=\"canonical\" href=\"https:\/\/augstudy.com\/vi\/malaysia-2\/su-kien-2\/fsedec\/\" \/>\n<meta property=\"og:locale\" content=\"vi_VN\" \/>\n<meta property=\"og:type\" content=\"article\" \/>\n<meta property=\"og:title\" content=\"[AUG Malaysia] Go! Further Studies Education Fair\" \/>\n<meta property=\"og:description\" content=\"Free counselling for university selection, scholarships and visa applications. Let AUG Student Services fast-track your study-abroad journey today.\" \/>\n<meta property=\"og:url\" content=\"https:\/\/augstudy.com\/vi\/malaysia-2\/su-kien-2\/fsedec\/\" \/>\n<meta property=\"og:site_name\" content=\"AUG Student Services\" \/>\n<meta property=\"article:publisher\" content=\"https:\/\/www.facebook.com\/augmalaysia\/\" \/>\n<meta property=\"article:modified_time\" content=\"2025-10-17T10:48:14+00:00\" \/>\n<meta property=\"og:image\" content=\"https:\/\/augstudy.com\/aug-website-files\/wp-content\/uploads\/2025\/10\/aug_myevents_go_further_studies_education_fair_1080x540.jpg\" \/>\n\t<meta property=\"og:image:width\" content=\"1080\" \/>\n\t<meta property=\"og:image:height\" content=\"540\" \/>\n\t<meta property=\"og:image:type\" content=\"image\/jpeg\" \/>\n<meta name=\"twitter:card\" content=\"summary_large_image\" \/>\n<meta name=\"twitter:label1\" content=\"\u01af\u1edbc t\u00ednh th\u1eddi gian \u0111\u1ecdc\" \/>\n\t<meta name=\"twitter:data1\" content=\"2 ph\u00fat\" \/>\n<script type=\"application\/ld+json\" class=\"yoast-schema-graph\">{\"@context\":\"https:\\\/\\\/schema.org\",\"@graph\":[{\"@type\":\"WebPage\",\"@id\":\"https:\\\/\\\/augstudy.com\\\/malaysia\\\/events\\\/fsedec\\\/\",\"url\":\"https:\\\/\\\/augstudy.com\\\/malaysia\\\/events\\\/fsedec\\\/\",\"name\":\"[AUG Malaysia] Go! Further Studies Education Fair - AUG Student Services\",\"isPartOf\":{\"@id\":\"https:\\\/\\\/augstudy.com\\\/#website\"},\"primaryImageOfPage\":{\"@id\":\"https:\\\/\\\/augstudy.com\\\/malaysia\\\/events\\\/fsedec\\\/#primaryimage\"},\"image\":{\"@id\":\"https:\\\/\\\/augstudy.com\\\/malaysia\\\/events\\\/fsedec\\\/#primaryimage\"},\"thumbnailUrl\":\"https:\\\/\\\/augstudy.com\\\/aug-website-files\\\/wp-content\\\/uploads\\\/2025\\\/10\\\/aug_myevents_go_further_studies_education_fair_1080x540.jpg\",\"datePublished\":\"2025-08-28T07:17:01+00:00\",\"dateModified\":\"2025-10-17T10:48:14+00:00\",\"description\":\"Free counselling for university selection, scholarships and visa applications. Let AUG Student Services fast-track your study-abroad journey today.\",\"breadcrumb\":{\"@id\":\"https:\\\/\\\/augstudy.com\\\/malaysia\\\/events\\\/fsedec\\\/#breadcrumb\"},\"inLanguage\":\"vi\",\"potentialAction\":[{\"@type\":\"ReadAction\",\"target\":[\"https:\\\/\\\/augstudy.com\\\/malaysia\\\/events\\\/fsedec\\\/\"]}]},{\"@type\":\"ImageObject\",\"inLanguage\":\"vi\",\"@id\":\"https:\\\/\\\/augstudy.com\\\/malaysia\\\/events\\\/fsedec\\\/#primaryimage\",\"url\":\"https:\\\/\\\/augstudy.com\\\/aug-website-files\\\/wp-content\\\/uploads\\\/2025\\\/10\\\/aug_myevents_go_further_studies_education_fair_1080x540.jpg\",\"contentUrl\":\"https:\\\/\\\/augstudy.com\\\/aug-website-files\\\/wp-content\\\/uploads\\\/2025\\\/10\\\/aug_myevents_go_further_studies_education_fair_1080x540.jpg\",\"width\":1080,\"height\":540},{\"@type\":\"BreadcrumbList\",\"@id\":\"https:\\\/\\\/augstudy.com\\\/malaysia\\\/events\\\/fsedec\\\/#breadcrumb\",\"itemListElement\":[{\"@type\":\"ListItem\",\"position\":1,\"name\":\"Home\",\"item\":\"https:\\\/\\\/augstudy.com\\\/\"},{\"@type\":\"ListItem\",\"position\":2,\"name\":\"AUG Malaysia\",\"item\":\"https:\\\/\\\/augstudy.com\\\/malaysia\\\/\"},{\"@type\":\"ListItem\",\"position\":3,\"name\":\"AUG Malaysia Events\",\"item\":\"https:\\\/\\\/augstudy.com\\\/malaysia\\\/events\\\/\"},{\"@type\":\"ListItem\",\"position\":4,\"name\":\"[AUG Malaysia] Go! Further Studies Education Fair\"}]},{\"@type\":\"WebSite\",\"@id\":\"https:\\\/\\\/augstudy.com\\\/#website\",\"url\":\"https:\\\/\\\/augstudy.com\\\/\",\"name\":\"AUG Student Services\",\"description\":\"Student Services\",\"alternateName\":\"AUG Global\",\"potentialAction\":[{\"@type\":\"SearchAction\",\"target\":{\"@type\":\"EntryPoint\",\"urlTemplate\":\"https:\\\/\\\/augstudy.com\\\/?s={search_term_string}\"},\"query-input\":{\"@type\":\"PropertyValueSpecification\",\"valueRequired\":true,\"valueName\":\"search_term_string\"}}],\"inLanguage\":\"vi\"}]}<\/script>\n<!-- \/ Yoast SEO Premium plugin. -->","yoast_head_json":{"title":"[AUG Malaysia] Go! Further Studies Education Fair - AUG Student Services","description":"T\u01b0 v\u1ea5n mi\u1ec5n ph\u00ed v\u1ec1 ch\u1ecdn tr\u01b0\u1eddng \u0111\u1ea1i h\u1ecdc, h\u1ecdc b\u1ed5ng v\u00e0 xin th\u1ecb th\u1ef1c. H\u00e3y \u0111\u1ec3 D\u1ecbch v\u1ee5 Sinh vi\u00ean AUG gi\u00fap b\u1ea1n nhanh ch\u00f3ng ho\u00e0n th\u00e0nh h\u00e0nh tr\u00ecnh du h\u1ecdc ngay h\u00f4m nay.","robots":{"index":"index","follow":"follow","max-snippet":"max-snippet:-1","max-image-preview":"max-image-preview:large","max-video-preview":"max-video-preview:-1"},"canonical":"https:\/\/augstudy.com\/vi\/malaysia-2\/su-kien-2\/fsedec\/","og_locale":"vi_VN","og_type":"article","og_title":"[AUG Malaysia] Go! Further Studies Education Fair","og_description":"Free counselling for university selection, scholarships and visa applications. Let AUG Student Services fast-track your study-abroad journey today.","og_url":"https:\/\/augstudy.com\/vi\/malaysia-2\/su-kien-2\/fsedec\/","og_site_name":"AUG Student Services","article_publisher":"https:\/\/www.facebook.com\/augmalaysia\/","article_modified_time":"2025-10-17T10:48:14+00:00","og_image":[{"width":1080,"height":540,"url":"https:\/\/augstudy.com\/aug-website-files\/wp-content\/uploads\/2025\/10\/aug_myevents_go_further_studies_education_fair_1080x540.jpg","type":"image\/jpeg"}],"twitter_card":"summary_large_image","twitter_misc":{"\u01af\u1edbc t\u00ednh th\u1eddi gian \u0111\u1ecdc":"2 ph\u00fat"},"schema":{"@context":"https:\/\/schema.org","@graph":[{"@type":"WebPage","@id":"https:\/\/augstudy.com\/malaysia\/events\/fsedec\/","url":"https:\/\/augstudy.com\/malaysia\/events\/fsedec\/","name":"[AUG Malaysia] Go! Further Studies Education Fair - AUG Student Services","isPartOf":{"@id":"https:\/\/augstudy.com\/#website"},"primaryImageOfPage":{"@id":"https:\/\/augstudy.com\/malaysia\/events\/fsedec\/#primaryimage"},"image":{"@id":"https:\/\/augstudy.com\/malaysia\/events\/fsedec\/#primaryimage"},"thumbnailUrl":"https:\/\/augstudy.com\/aug-website-files\/wp-content\/uploads\/2025\/10\/aug_myevents_go_further_studies_education_fair_1080x540.jpg","datePublished":"2025-08-28T07:17:01+00:00","dateModified":"2025-10-17T10:48:14+00:00","description":"T\u01b0 v\u1ea5n mi\u1ec5n ph\u00ed v\u1ec1 ch\u1ecdn tr\u01b0\u1eddng \u0111\u1ea1i h\u1ecdc, h\u1ecdc b\u1ed5ng v\u00e0 xin th\u1ecb th\u1ef1c. H\u00e3y \u0111\u1ec3 D\u1ecbch v\u1ee5 Sinh vi\u00ean AUG gi\u00fap b\u1ea1n nhanh ch\u00f3ng ho\u00e0n th\u00e0nh h\u00e0nh tr\u00ecnh du h\u1ecdc ngay h\u00f4m nay.","breadcrumb":{"@id":"https:\/\/augstudy.com\/malaysia\/events\/fsedec\/#breadcrumb"},"inLanguage":"vi","potentialAction":[{"@type":"ReadAction","target":["https:\/\/augstudy.com\/malaysia\/events\/fsedec\/"]}]},{"@type":"ImageObject","inLanguage":"vi","@id":"https:\/\/augstudy.com\/malaysia\/events\/fsedec\/#primaryimage","url":"https:\/\/augstudy.com\/aug-website-files\/wp-content\/uploads\/2025\/10\/aug_myevents_go_further_studies_education_fair_1080x540.jpg","contentUrl":"https:\/\/augstudy.com\/aug-website-files\/wp-content\/uploads\/2025\/10\/aug_myevents_go_further_studies_education_fair_1080x540.jpg","width":1080,"height":540},{"@type":"BreadcrumbList","@id":"https:\/\/augstudy.com\/malaysia\/events\/fsedec\/#breadcrumb","itemListElement":[{"@type":"ListItem","position":1,"name":"Home","item":"https:\/\/augstudy.com\/"},{"@type":"ListItem","position":2,"name":"AUG Malaysia","item":"https:\/\/augstudy.com\/malaysia\/"},{"@type":"ListItem","position":3,"name":"AUG Malaysia Events","item":"https:\/\/augstudy.com\/malaysia\/events\/"},{"@type":"ListItem","position":4,"name":"[AUG Malaysia] Go! Further Studies Education Fair"}]},{"@type":"WebSite","@id":"https:\/\/augstudy.com\/#website","url":"https:\/\/augstudy.com\/","name":"D\u1ecbch v\u1ee5 Sinh vi\u00ean AUG","description":"D\u1ecbch v\u1ee5 sinh vi\u00ean","alternateName":"AUG Global","potentialAction":[{"@type":"SearchAction","target":{"@type":"EntryPoint","urlTemplate":"https:\/\/augstudy.com\/?s={search_term_string}"},"query-input":{"@type":"PropertyValueSpecification","valueRequired":true,"valueName":"search_term_string"}}],"inLanguage":"vi"}]}},"_links":{"self":[{"href":"https:\/\/augstudy.com\/vi\/wp-json\/wp\/v2\/pages\/402194","targetHints":{"allow":["GET"]}}],"collection":[{"href":"https:\/\/augstudy.com\/vi\/wp-json\/wp\/v2\/pages"}],"about":[{"href":"https:\/\/augstudy.com\/vi\/wp-json\/wp\/v2\/types\/page"}],"author":[{"embeddable":true,"href":"https:\/\/augstudy.com\/vi\/wp-json\/wp\/v2\/users\/5"}],"replies":[{"embeddable":true,"href":"https:\/\/augstudy.com\/vi\/wp-json\/wp\/v2\/comments?post=402194"}],"version-history":[{"count":13,"href":"https:\/\/augstudy.com\/vi\/wp-json\/wp\/v2\/pages\/402194\/revisions"}],"predecessor-version":[{"id":404520,"href":"https:\/\/augstudy.com\/vi\/wp-json\/wp\/v2\/pages\/402194\/revisions\/404520"}],"up":[{"embeddable":true,"href":"https:\/\/augstudy.com\/vi\/wp-json\/wp\/v2\/pages\/2350"}],"wp:featuredmedia":[{"embeddable":true,"href":"https:\/\/augstudy.com\/vi\/wp-json\/wp\/v2\/media\/403891"}],"wp:attachment":[{"href":"https:\/\/augstudy.com\/vi\/wp-json\/wp\/v2\/media?parent=402194"}],"curies":[{"name":"wp","href":"https:\/\/api.w.org\/{rel}","templated":true}]}}