{"id":400916,"date":"2025-07-25T14:59:32","date_gmt":"2025-07-25T04:59:32","guid":{"rendered":"https:\/\/augstudy.com\/?page_id=400916"},"modified":"2025-07-25T16:25:41","modified_gmt":"2025-07-25T06:25:41","slug":"trinity-college-info-session-elementor","status":"publish","type":"page","link":"https:\/\/augstudy.com\/vi\/malaysia\/events\/trinity-college-info-session-elementor\/","title":{"rendered":"[AUG Malaysia] Trinity College Information Session"},"content":{"rendered":"<p><img loading=\"lazy\" decoding=\"async\" src=\"https:\/\/augstudy.com\/aug-website-files\/wp-content\/uploads\/2025\/07\/aug_myevents_trinity_college_info_session_250823_250824_2084x771.jpg\" sizes=\"auto, (max-width: 2084px) 100vw, 2084px\" srcset=\"https:\/\/augstudy.com\/aug-website-files\/wp-content\/uploads\/2025\/07\/aug_myevents_trinity_college_info_session_250823_250824_2084x771.jpg 2084w, https:\/\/augstudy.com\/aug-website-files\/wp-content\/uploads\/2025\/07\/aug_myevents_trinity_college_info_session_250823_250824_2084x771-300x111.jpg 300w, https:\/\/augstudy.com\/aug-website-files\/wp-content\/uploads\/2025\/07\/aug_myevents_trinity_college_info_session_250823_250824_2084x771-1024x379.jpg 1024w, https:\/\/augstudy.com\/aug-website-files\/wp-content\/uploads\/2025\/07\/aug_myevents_trinity_college_info_session_250823_250824_2084x771-768x284.jpg 768w, https:\/\/augstudy.com\/aug-website-files\/wp-content\/uploads\/2025\/07\/aug_myevents_trinity_college_info_session_250823_250824_2084x771-1536x568.jpg 1536w, https:\/\/augstudy.com\/aug-website-files\/wp-content\/uploads\/2025\/07\/aug_myevents_trinity_college_info_session_250823_250824_2084x771-2048x758.jpg 2048w, https:\/\/augstudy.com\/aug-website-files\/wp-content\/uploads\/2025\/07\/aug_myevents_trinity_college_info_session_250823_250824_2084x771-18x7.jpg 18w\" alt=\"\" width=\"2084\" height=\"771\" \/><\/p>\n<h2>Trinity College: Parents and Students Networking Session<\/h2>\n<p><span class=\"\" style=\"display:block;clear:both;height: 0px;padding-top: 15px;border-top-width:0px;border-bottom-width:0px;\"><\/span>Get a closer look at life at Trinity College and how it leads to the University of Melbourne. Hear directly from current students and parents, and gain practical tips on navigating your academic journey and application process.<br \/>\n<span class=\"\" style=\"display:block;clear:both;height: 0px;padding-top: 15px;border-top-width:0px;border-bottom-width:0px;\"><\/span>\u0110i\u1ec3m n\u1ed5i b\u1eadt c\u1ee7a s\u1ef1 ki\u1ec7n:<br \/>\n&lt;ul&gt;<br \/>\n&lt;li&gt;Welcome and Introduction &#8211; by Trinity College&lt;\/li&gt;<br \/>\n&lt;li&gt;Presentation &#8211; by The University of Melbourne&lt;\/li&gt;<br \/>\n&lt;li&gt;Panel Discussion &#8211; Melbourne Awaits: Your Journey Starts with Trinity College<br \/>\nGain real insights from current Trinity students and their parents.&lt;\/li&gt;<br \/>\n&lt;\/ul&gt;<br \/>\n<span class=\"\" style=\"display:block;clear:both;height: 0px;padding-top: 15px;border-top-width:0px;border-bottom-width:0px;\"><\/span>Perfect for students and families exploring a world-class education pathway to Australia&#8217;s top university.<br \/>\n&lt;h3&gt;<span class=\"\" style=\"display:block;clear:both;height: 0px;padding-top: 15px;border-top-width:0px;border-bottom-width:0px;\"><\/span>&lt;strong&gt;chi ti\u1ebft s\u1ef1 ki\u1ec7n&lt;\/strong&gt;&lt;\/h3&gt;<br \/>\n&lt;h4&gt;<span class=\"\" style=\"display:block;clear:both;height: 0px;padding-top: 15px;border-top-width:0px;border-bottom-width:0px;\"><\/span>&lt;strong&gt;23 August 2025 (Saturday)&lt;\/strong&gt;&lt;\/h4&gt;<br \/>\n<span class=\"\" style=\"display:block;clear:both;height: 0px;padding-top: 15px;border-top-width:0px;border-bottom-width:0px;\"><\/span>&lt;strong&gt;Th\u1eddi gian:&lt;\/strong&gt; 2:00 chi\u1ec1u &ndash; 5:00 chi\u1ec1u<br \/>\n<span class=\"\" style=\"display:block;clear:both;height: 0px;padding-top: 15px;border-top-width:0px;border-bottom-width:0px;\"><\/span>&lt;strong&gt;\u0110\u1ecba \u0111i\u1ec3m:&lt;\/strong&gt; &lt;span style=&quot;&rdquo;text-decoration:&quot; underline;&rdquo;&gt;&lt;a href=&quot;\/vi\/&rdquo;https:\/\/maps.app.goo.gl\/hQhKhse5a22dhvG47&Prime;\/&quot; target=&quot;&rdquo;_blank&rdquo;&quot; rel=&quot;&rdquo;noopener&rdquo;&quot;&gt;Le Petit Four Patisserie (310, Lebuh Pantai, George Town, 10300 George Town, Pulau Pinang, Malaysia)&lt;\/a&gt;&lt;\/span&gt;<br \/>\n&lt;h4&gt;<span class=\"\" style=\"display:block;clear:both;height: 0px;padding-top: 15px;border-top-width:0px;border-bottom-width:0px;\"><\/span>&lt;strong&gt;24 August 2025 (Sunday)&lt;\/strong&gt;&lt;\/h4&gt;<br \/>\n<span class=\"\" style=\"display:block;clear:both;height: 0px;padding-top: 15px;border-top-width:0px;border-bottom-width:0px;\"><\/span>&lt;strong&gt;Th\u1eddi gian:&lt;\/strong&gt; 1:00 PM &ndash; 3:00 PM<br \/>\n<span class=\"\" style=\"display:block;clear:both;height: 0px;padding-top: 15px;border-top-width:0px;border-bottom-width:0px;\"><\/span>&lt;strong&gt;\u0110\u1ecba \u0111i\u1ec3m:&lt;\/strong&gt; &lt;span style=&quot;&rdquo;text-decoration:&quot; underline;&rdquo;&gt;&lt;a href=&quot;\/vi\/&rdquo;https:\/\/maps.app.goo.gl\/jP31qQHoKRyEDUaY6&Prime;\/&quot; target=&quot;&rdquo;_blank&rdquo;&quot; rel=&quot;&rdquo;noopener&rdquo;&quot;&gt;AUG Subang Jaya Office (8, Jalan SS 15\/8, Ss 15, 47500 Subang Jaya, Selangor, Malaysia)&lt;\/a&gt;&lt;\/span&gt;<br \/>\n<span class=\"\" style=\"display:block;clear:both;height: 0px;padding-top: 15px;border-top-width:0px;border-bottom-width:0px;\"><\/span><br \/>\n&lt;h6 style=&quot;&rdquo;color:&quot; #ff0000;&rdquo;&gt;&lt;strong&gt;&lt;em&gt;* ch\u1ec9 ra tr\u01b0\u1eddng b\u1eaft bu\u1ed9c&lt;\/em&gt;&lt;\/strong&gt;&lt;\/h6&gt;<\/p>\n<iframe class=\"aug_rego_iframe\" src=\"https:\/\/www.research.net\/r\/B52WY8N\" style=\"--height_desktop: 1200px; --height_mobile: 1300px;\"><\/iframe>","protected":false},"excerpt":{"rendered":"<p>Trinity College: Parents and Students Networking Session Get a closer look at life at Trinity College and how it leads to the University of Melbourne. Hear directly from current students and parents, and gain practical tips on navigating your academic journey and application process. Event Highlights: &lt;ul&gt; &lt;li&gt;Welcome and Introduction &#8211; by Trinity College&lt;\/li&gt; &lt;li&gt;Presentation [&hellip;]<\/p>\n","protected":false},"author":4,"featured_media":0,"parent":2350,"menu_order":0,"comment_status":"closed","ping_status":"closed","template":"","meta":{"footnotes":""},"class_list":["post-400916","page","type-page","status-publish","hentry"],"yoast_head":"<!-- This site is optimized with the Yoast SEO Premium plugin v27.0 (Yoast SEO v27.3) - https:\/\/yoast.com\/product\/yoast-seo-premium-wordpress\/ -->\n<title>[AUG Malaysia] Trinity College Information Session - AUG Student Services<\/title>\n<meta name=\"description\" content=\"Free counselling for university selection, scholarships and visa applications. Let AUG Student Services fast-track your study-abroad journey today.\" \/>\n<meta name=\"robots\" content=\"index, follow, max-snippet:-1, max-image-preview:large, max-video-preview:-1\" \/>\n<link rel=\"canonical\" href=\"https:\/\/augstudy.com\/vi\/malaysia-2\/su-kien-2\/trinity-college-info-session-elementor\/\" \/>\n<meta property=\"og:locale\" content=\"vi_VN\" \/>\n<meta property=\"og:type\" content=\"article\" \/>\n<meta property=\"og:title\" content=\"[AUG Malaysia] Trinity College Information Session\" \/>\n<meta property=\"og:description\" content=\"Free counselling for university selection, scholarships and visa applications. Let AUG Student Services fast-track your study-abroad journey today.\" \/>\n<meta property=\"og:url\" content=\"https:\/\/augstudy.com\/vi\/malaysia-2\/su-kien-2\/trinity-college-info-session-elementor\/\" \/>\n<meta property=\"og:site_name\" content=\"AUG Student Services\" \/>\n<meta property=\"article:publisher\" content=\"https:\/\/www.facebook.com\/augmalaysia\/\" \/>\n<meta property=\"article:modified_time\" content=\"2025-07-25T06:25:41+00:00\" \/>\n<meta property=\"og:image\" content=\"https:\/\/augstudy.com\/aug-website-files\/wp-content\/uploads\/2025\/07\/aug_myevents_trinity_college_info_session_250823_250824_2084x771.jpg\" \/>\n<meta name=\"twitter:card\" content=\"summary_large_image\" \/>\n<meta name=\"twitter:label1\" content=\"\u01af\u1edbc t\u00ednh th\u1eddi gian \u0111\u1ecdc\" \/>\n\t<meta name=\"twitter:data1\" content=\"2 ph\u00fat\" \/>\n<script type=\"application\/ld+json\" class=\"yoast-schema-graph\">{\"@context\":\"https:\\\/\\\/schema.org\",\"@graph\":[{\"@type\":\"WebPage\",\"@id\":\"https:\\\/\\\/augstudy.com\\\/malaysia\\\/events\\\/trinity-college-info-session-elementor\\\/\",\"url\":\"https:\\\/\\\/augstudy.com\\\/malaysia\\\/events\\\/trinity-college-info-session-elementor\\\/\",\"name\":\"[AUG Malaysia] Trinity College Information Session - AUG Student Services\",\"isPartOf\":{\"@id\":\"https:\\\/\\\/augstudy.com\\\/#website\"},\"primaryImageOfPage\":{\"@id\":\"https:\\\/\\\/augstudy.com\\\/malaysia\\\/events\\\/trinity-college-info-session-elementor\\\/#primaryimage\"},\"image\":{\"@id\":\"https:\\\/\\\/augstudy.com\\\/malaysia\\\/events\\\/trinity-college-info-session-elementor\\\/#primaryimage\"},\"thumbnailUrl\":\"https:\\\/\\\/augstudy.com\\\/aug-website-files\\\/wp-content\\\/uploads\\\/2025\\\/07\\\/aug_myevents_trinity_college_info_session_250823_250824_2084x771.jpg\",\"datePublished\":\"2025-07-25T04:59:32+00:00\",\"dateModified\":\"2025-07-25T06:25:41+00:00\",\"description\":\"Free counselling for university selection, scholarships and visa applications. Let AUG Student Services fast-track your study-abroad journey today.\",\"breadcrumb\":{\"@id\":\"https:\\\/\\\/augstudy.com\\\/malaysia\\\/events\\\/trinity-college-info-session-elementor\\\/#breadcrumb\"},\"inLanguage\":\"vi\",\"potentialAction\":[{\"@type\":\"ReadAction\",\"target\":[\"https:\\\/\\\/augstudy.com\\\/malaysia\\\/events\\\/trinity-college-info-session-elementor\\\/\"]}]},{\"@type\":\"ImageObject\",\"inLanguage\":\"vi\",\"@id\":\"https:\\\/\\\/augstudy.com\\\/malaysia\\\/events\\\/trinity-college-info-session-elementor\\\/#primaryimage\",\"url\":\"https:\\\/\\\/augstudy.com\\\/aug-website-files\\\/wp-content\\\/uploads\\\/2025\\\/07\\\/aug_myevents_trinity_college_info_session_250823_250824_2084x771.jpg\",\"contentUrl\":\"https:\\\/\\\/augstudy.com\\\/aug-website-files\\\/wp-content\\\/uploads\\\/2025\\\/07\\\/aug_myevents_trinity_college_info_session_250823_250824_2084x771.jpg\"},{\"@type\":\"BreadcrumbList\",\"@id\":\"https:\\\/\\\/augstudy.com\\\/malaysia\\\/events\\\/trinity-college-info-session-elementor\\\/#breadcrumb\",\"itemListElement\":[{\"@type\":\"ListItem\",\"position\":1,\"name\":\"Home\",\"item\":\"https:\\\/\\\/augstudy.com\\\/\"},{\"@type\":\"ListItem\",\"position\":2,\"name\":\"AUG Malaysia\",\"item\":\"https:\\\/\\\/augstudy.com\\\/malaysia\\\/\"},{\"@type\":\"ListItem\",\"position\":3,\"name\":\"AUG Malaysia Events\",\"item\":\"https:\\\/\\\/augstudy.com\\\/malaysia\\\/events\\\/\"},{\"@type\":\"ListItem\",\"position\":4,\"name\":\"[AUG Malaysia] Trinity College Information Session\"}]},{\"@type\":\"WebSite\",\"@id\":\"https:\\\/\\\/augstudy.com\\\/#website\",\"url\":\"https:\\\/\\\/augstudy.com\\\/\",\"name\":\"AUG Student Services\",\"description\":\"Student Services\",\"alternateName\":\"AUG Global\",\"potentialAction\":[{\"@type\":\"SearchAction\",\"target\":{\"@type\":\"EntryPoint\",\"urlTemplate\":\"https:\\\/\\\/augstudy.com\\\/?s={search_term_string}\"},\"query-input\":{\"@type\":\"PropertyValueSpecification\",\"valueRequired\":true,\"valueName\":\"search_term_string\"}}],\"inLanguage\":\"vi\"}]}<\/script>\n<!-- \/ Yoast SEO Premium plugin. -->","yoast_head_json":{"title":"[AUG Malaysia] Trinity College Information Session - AUG Student Services","description":"T\u01b0 v\u1ea5n mi\u1ec5n ph\u00ed v\u1ec1 ch\u1ecdn tr\u01b0\u1eddng \u0111\u1ea1i h\u1ecdc, h\u1ecdc b\u1ed5ng v\u00e0 xin th\u1ecb th\u1ef1c. H\u00e3y \u0111\u1ec3 D\u1ecbch v\u1ee5 Sinh vi\u00ean AUG gi\u00fap b\u1ea1n nhanh ch\u00f3ng ho\u00e0n th\u00e0nh h\u00e0nh tr\u00ecnh du h\u1ecdc ngay h\u00f4m nay.","robots":{"index":"index","follow":"follow","max-snippet":"max-snippet:-1","max-image-preview":"max-image-preview:large","max-video-preview":"max-video-preview:-1"},"canonical":"https:\/\/augstudy.com\/vi\/malaysia-2\/su-kien-2\/trinity-college-info-session-elementor\/","og_locale":"vi_VN","og_type":"article","og_title":"[AUG Malaysia] Trinity College Information Session","og_description":"Free counselling for university selection, scholarships and visa applications. Let AUG Student Services fast-track your study-abroad journey today.","og_url":"https:\/\/augstudy.com\/vi\/malaysia-2\/su-kien-2\/trinity-college-info-session-elementor\/","og_site_name":"AUG Student Services","article_publisher":"https:\/\/www.facebook.com\/augmalaysia\/","article_modified_time":"2025-07-25T06:25:41+00:00","og_image":[{"url":"https:\/\/augstudy.com\/aug-website-files\/wp-content\/uploads\/2025\/07\/aug_myevents_trinity_college_info_session_250823_250824_2084x771.jpg","type":"","width":"","height":""}],"twitter_card":"summary_large_image","twitter_misc":{"\u01af\u1edbc t\u00ednh th\u1eddi gian \u0111\u1ecdc":"2 ph\u00fat"},"schema":{"@context":"https:\/\/schema.org","@graph":[{"@type":"WebPage","@id":"https:\/\/augstudy.com\/malaysia\/events\/trinity-college-info-session-elementor\/","url":"https:\/\/augstudy.com\/malaysia\/events\/trinity-college-info-session-elementor\/","name":"[AUG Malaysia] Trinity College Information Session - AUG Student Services","isPartOf":{"@id":"https:\/\/augstudy.com\/#website"},"primaryImageOfPage":{"@id":"https:\/\/augstudy.com\/malaysia\/events\/trinity-college-info-session-elementor\/#primaryimage"},"image":{"@id":"https:\/\/augstudy.com\/malaysia\/events\/trinity-college-info-session-elementor\/#primaryimage"},"thumbnailUrl":"https:\/\/augstudy.com\/aug-website-files\/wp-content\/uploads\/2025\/07\/aug_myevents_trinity_college_info_session_250823_250824_2084x771.jpg","datePublished":"2025-07-25T04:59:32+00:00","dateModified":"2025-07-25T06:25:41+00:00","description":"T\u01b0 v\u1ea5n mi\u1ec5n ph\u00ed v\u1ec1 ch\u1ecdn tr\u01b0\u1eddng \u0111\u1ea1i h\u1ecdc, h\u1ecdc b\u1ed5ng v\u00e0 xin th\u1ecb th\u1ef1c. H\u00e3y \u0111\u1ec3 D\u1ecbch v\u1ee5 Sinh vi\u00ean AUG gi\u00fap b\u1ea1n nhanh ch\u00f3ng ho\u00e0n th\u00e0nh h\u00e0nh tr\u00ecnh du h\u1ecdc ngay h\u00f4m nay.","breadcrumb":{"@id":"https:\/\/augstudy.com\/malaysia\/events\/trinity-college-info-session-elementor\/#breadcrumb"},"inLanguage":"vi","potentialAction":[{"@type":"ReadAction","target":["https:\/\/augstudy.com\/malaysia\/events\/trinity-college-info-session-elementor\/"]}]},{"@type":"ImageObject","inLanguage":"vi","@id":"https:\/\/augstudy.com\/malaysia\/events\/trinity-college-info-session-elementor\/#primaryimage","url":"https:\/\/augstudy.com\/aug-website-files\/wp-content\/uploads\/2025\/07\/aug_myevents_trinity_college_info_session_250823_250824_2084x771.jpg","contentUrl":"https:\/\/augstudy.com\/aug-website-files\/wp-content\/uploads\/2025\/07\/aug_myevents_trinity_college_info_session_250823_250824_2084x771.jpg"},{"@type":"BreadcrumbList","@id":"https:\/\/augstudy.com\/malaysia\/events\/trinity-college-info-session-elementor\/#breadcrumb","itemListElement":[{"@type":"ListItem","position":1,"name":"Home","item":"https:\/\/augstudy.com\/"},{"@type":"ListItem","position":2,"name":"AUG Malaysia","item":"https:\/\/augstudy.com\/malaysia\/"},{"@type":"ListItem","position":3,"name":"AUG Malaysia Events","item":"https:\/\/augstudy.com\/malaysia\/events\/"},{"@type":"ListItem","position":4,"name":"[AUG Malaysia] Trinity College Information Session"}]},{"@type":"WebSite","@id":"https:\/\/augstudy.com\/#website","url":"https:\/\/augstudy.com\/","name":"D\u1ecbch v\u1ee5 Sinh vi\u00ean AUG","description":"D\u1ecbch v\u1ee5 sinh vi\u00ean","alternateName":"AUG Global","potentialAction":[{"@type":"SearchAction","target":{"@type":"EntryPoint","urlTemplate":"https:\/\/augstudy.com\/?s={search_term_string}"},"query-input":{"@type":"PropertyValueSpecification","valueRequired":true,"valueName":"search_term_string"}}],"inLanguage":"vi"}]}},"_links":{"self":[{"href":"https:\/\/augstudy.com\/vi\/wp-json\/wp\/v2\/pages\/400916","targetHints":{"allow":["GET"]}}],"collection":[{"href":"https:\/\/augstudy.com\/vi\/wp-json\/wp\/v2\/pages"}],"about":[{"href":"https:\/\/augstudy.com\/vi\/wp-json\/wp\/v2\/types\/page"}],"author":[{"embeddable":true,"href":"https:\/\/augstudy.com\/vi\/wp-json\/wp\/v2\/users\/4"}],"replies":[{"embeddable":true,"href":"https:\/\/augstudy.com\/vi\/wp-json\/wp\/v2\/comments?post=400916"}],"version-history":[{"count":0,"href":"https:\/\/augstudy.com\/vi\/wp-json\/wp\/v2\/pages\/400916\/revisions"}],"up":[{"embeddable":true,"href":"https:\/\/augstudy.com\/vi\/wp-json\/wp\/v2\/pages\/2350"}],"wp:attachment":[{"href":"https:\/\/augstudy.com\/vi\/wp-json\/wp\/v2\/media?parent=400916"}],"curies":[{"name":"wp","href":"https:\/\/api.w.org\/{rel}","templated":true}]}}