{"id":398934,"date":"2025-06-10T11:53:38","date_gmt":"2025-06-10T01:53:38","guid":{"rendered":"https:\/\/augstudy.com\/?page_id=398934"},"modified":"2025-06-11T15:54:44","modified_gmt":"2025-06-11T05:54:44","slug":"ucas-app-day","status":"publish","type":"page","link":"https:\/\/augstudy.com\/vi\/singapore\/events\/ucas-app-day\/","title":{"rendered":"[AUG Singapore] UCAS Clearing Application Day"},"content":{"rendered":"<div data-vc-full-width=\"true\" data-vc-full-width-init=\"false\" class=\"vc_row wpb_row vc_row-fluid vc_custom_1749520650019 vc_row-has-fill vc_row-o-content-middle vc_row-flex\"><div class=\"wpb_column vc_column_container vc_col-sm-12\"><div class=\"vc_column-inner vc_custom_1661838891579\"><div class=\"wpb_wrapper\">\n\t<div class=\"wpb_single_image wpb_content_element vc_align_center  vc_custom_1749621162301\">\n\t\t\n\t\t<figure class=\"wpb_wrapper vc_figure\">\n\t\t\t<div class=\"vc_single_image-wrapper   vc_box_border_grey\"><img loading=\"lazy\" decoding=\"async\" width=\"2084\" height=\"771\" src=\"https:\/\/augstudy.com\/aug-website-files\/wp-content\/uploads\/2025\/06\/aug_sgpevents_ucas_clearing_application_day_250705_2084x771.jpg\" class=\"vc_single_image-img attachment-full\" alt=\"\" srcset=\"https:\/\/augstudy.com\/aug-website-files\/wp-content\/uploads\/2025\/06\/aug_sgpevents_ucas_clearing_application_day_250705_2084x771.jpg 2084w, https:\/\/augstudy.com\/aug-website-files\/wp-content\/uploads\/2025\/06\/aug_sgpevents_ucas_clearing_application_day_250705_2084x771-300x111.jpg 300w, https:\/\/augstudy.com\/aug-website-files\/wp-content\/uploads\/2025\/06\/aug_sgpevents_ucas_clearing_application_day_250705_2084x771-1024x379.jpg 1024w, https:\/\/augstudy.com\/aug-website-files\/wp-content\/uploads\/2025\/06\/aug_sgpevents_ucas_clearing_application_day_250705_2084x771-768x284.jpg 768w, https:\/\/augstudy.com\/aug-website-files\/wp-content\/uploads\/2025\/06\/aug_sgpevents_ucas_clearing_application_day_250705_2084x771-1536x568.jpg 1536w, https:\/\/augstudy.com\/aug-website-files\/wp-content\/uploads\/2025\/06\/aug_sgpevents_ucas_clearing_application_day_250705_2084x771-2048x758.jpg 2048w, https:\/\/augstudy.com\/aug-website-files\/wp-content\/uploads\/2025\/06\/aug_sgpevents_ucas_clearing_application_day_250705_2084x771-18x7.jpg 18w\" sizes=\"auto, (max-width: 2084px) 100vw, 2084px\" \/><\/div>\n\t\t<\/figure>\n\t<\/div>\n<\/div><\/div><\/div><\/div><div class=\"vc_row-full-width vc_clearfix\"><\/div><div data-vc-full-width=\"true\" data-vc-full-width-init=\"false\" class=\"vc_row wpb_row vc_row-fluid vc_custom_1682916971038 vc_row-has-fill vc_row-o-content-middle vc_row-flex\"><div class=\"wpb_column vc_column_container vc_col-sm-2 vc_hidden-sm vc_hidden-xs\"><div class=\"vc_column-inner\"><div class=\"wpb_wrapper\"><\/div><\/div><\/div><div class=\"wpb_column vc_column_container vc_col-sm-8\"><div class=\"vc_column-inner vc_custom_1671748405855\"><div class=\"wpb_wrapper\">\n\t<div class=\"wpb_text_column wpb_content_element  aug_content_box\">\n\t\t<div class=\"wpb_wrapper\">\n\t\t\t<h3><strong>Study in the United Kingdom (UK)<\/strong><\/h3>\n<p><span class=\"\" style=\"display:block;clear:both;height: 0px;padding-top: 15px;border-top-width:0px;border-bottom-width:0px;\"><\/span>Seize the opportunity to study at a prestigious UK university!<br \/>\n<span class=\"\" style=\"display:block;clear:both;height: 0px;padding-top: 15px;border-top-width:0px;border-bottom-width:0px;\"><\/span>Don&#8217;t miss our exclusive UCAS Clearing event, where you can explore last-minute openings at top institutions like University of Leeds, University of Dundee and many more. This is your chance to secure a spot in your dream program if you haven&#8217;t yet received any offers or want to change your course.<br \/>\n<span class=\"\" style=\"display:block;clear:both;height: 0px;padding-top: 15px;border-top-width:0px;border-bottom-width:0px;\"><\/span>At AUG, we&#8217;re here to guide you through every step of the Clearing process. Our expert advisors will provide personalized advice, help you understand your options, and assist with application submissions, ensuring you make informed decisions.<\/p>\n<h3><span class=\"\" style=\"display:block;clear:both;height: 0px;padding-top: 15px;border-top-width:0px;border-bottom-width:0px;\"><\/span><strong>chi ti\u1ebft s\u1ef1 ki\u1ec7n<\/strong><\/h3>\n<p><span class=\"\" style=\"display:block;clear:both;height: 0px;padding-top: 15px;border-top-width:0px;border-bottom-width:0px;\"><\/span><strong>Ng\u00e0y:<\/strong> 5 July 2025 (Saturday)<br \/>\n<span class=\"\" style=\"display:block;clear:both;height: 0px;padding-top: 15px;border-top-width:0px;border-bottom-width:0px;\"><\/span><strong>Th\u1eddi gian:<\/strong> 10:00 AM &#8211; 1:00 PM<br \/>\n<span class=\"\" style=\"display:block;clear:both;height: 0px;padding-top: 15px;border-top-width:0px;border-bottom-width:0px;\"><\/span><strong>\u0110\u1ecba \u0111i\u1ec3m:<\/strong> Thu ph\u00f3ng AUG<br \/>\n<span class=\"\" style=\"display:block;clear:both;height: 0px;padding-top: 15px;border-top-width:0px;border-bottom-width:0px;\"><\/span><\/p>\n<h6 style=\"color: #ff0000;\"><strong><em>* ch\u1ec9 ra tr\u01b0\u1eddng b\u1eaft bu\u1ed9c<\/em><\/strong><\/h6>\n\n\t\t<\/div>\n\t<\/div>\n<\/div><\/div><\/div><div class=\"wpb_column vc_column_container vc_col-sm-2 vc_hidden-sm vc_hidden-xs\"><div class=\"vc_column-inner\"><div class=\"wpb_wrapper\"><\/div><\/div><\/div><\/div><div class=\"vc_row-full-width vc_clearfix\"><\/div><div id=\"registration\" class=\"vc_row wpb_row vc_row-fluid\"><div class=\"wpb_column vc_column_container vc_col-sm-12\"><div class=\"vc_column-inner vc_custom_1660175491551\"><div class=\"wpb_wrapper\">\n\t<div class=\"wpb_text_column wpb_content_element\">\n\t\t<div class=\"wpb_wrapper\">\n\t\t\t<iframe class=\"aug_rego_iframe\" src=\"https:\/\/www.research.net\/r\/K8CFN7M\" style=\"--height_desktop: 1200px; --height_mobile: 1300px;\"><\/iframe>\n\n\t\t<\/div>\n\t<\/div>\n<\/div><\/div><\/div><\/div>","protected":false},"excerpt":{"rendered":"Study in the United Kingdom (UK) Seize the opportunity to study at a prestigious UK university! Don't miss our exclusive UCAS Clearing event, where you can explore last-minute openings at top institutions like University of Leeds, University of Dundee and many more. This is your chance to secure a spot in your dream program if [...]","protected":false},"author":4,"featured_media":399067,"parent":2348,"menu_order":0,"comment_status":"closed","ping_status":"closed","template":"","meta":{"footnotes":""},"class_list":["post-398934","page","type-page","status-publish","hentry"],"yoast_head":"<!-- This site is optimized with the Yoast SEO Premium plugin v27.0 (Yoast SEO v27.3) - https:\/\/yoast.com\/product\/yoast-seo-premium-wordpress\/ -->\n<title>[AUG Singapore] UCAS Clearing Application Day - AUG Student Services<\/title>\n<meta name=\"description\" content=\"Free counselling for university selection, scholarships and visa applications. Let AUG Student Services fast-track your study-abroad journey today.\" \/>\n<meta name=\"robots\" content=\"index, follow, max-snippet:-1, max-image-preview:large, max-video-preview:-1\" \/>\n<link rel=\"canonical\" href=\"https:\/\/augstudy.com\/vi\/singapore\/su-kien-2\/ucas-app-day\/\" \/>\n<meta property=\"og:locale\" content=\"vi_VN\" \/>\n<meta property=\"og:type\" content=\"article\" \/>\n<meta property=\"og:title\" content=\"[AUG Singapore] UCAS Clearing Application Day\" \/>\n<meta property=\"og:description\" content=\"Free counselling for university selection, scholarships and visa applications. Let AUG Student Services fast-track your study-abroad journey today.\" \/>\n<meta property=\"og:url\" content=\"https:\/\/augstudy.com\/vi\/singapore\/su-kien-2\/ucas-app-day\/\" \/>\n<meta property=\"og:site_name\" content=\"AUG Student Services\" \/>\n<meta property=\"article:publisher\" content=\"https:\/\/www.facebook.com\/augmalaysia\/\" \/>\n<meta property=\"article:modified_time\" content=\"2025-06-11T05:54:44+00:00\" \/>\n<meta property=\"og:image\" content=\"https:\/\/augstudy.com\/aug-website-files\/wp-content\/uploads\/2025\/06\/aug_sgpevents_ucas_clearing_application_day_250705_1080x540.jpg\" \/>\n\t<meta property=\"og:image:width\" content=\"1080\" \/>\n\t<meta property=\"og:image:height\" content=\"540\" \/>\n\t<meta property=\"og:image:type\" content=\"image\/jpeg\" \/>\n<meta name=\"twitter:card\" content=\"summary_large_image\" \/>\n<meta name=\"twitter:label1\" content=\"\u01af\u1edbc t\u00ednh th\u1eddi gian \u0111\u1ecdc\" \/>\n\t<meta name=\"twitter:data1\" content=\"2 ph\u00fat\" \/>\n<script type=\"application\/ld+json\" class=\"yoast-schema-graph\">{\"@context\":\"https:\\\/\\\/schema.org\",\"@graph\":[{\"@type\":\"WebPage\",\"@id\":\"https:\\\/\\\/augstudy.com\\\/singapore\\\/events\\\/ucas-app-day\\\/\",\"url\":\"https:\\\/\\\/augstudy.com\\\/singapore\\\/events\\\/ucas-app-day\\\/\",\"name\":\"[AUG Singapore] UCAS Clearing Application Day - AUG Student Services\",\"isPartOf\":{\"@id\":\"https:\\\/\\\/augstudy.com\\\/#website\"},\"primaryImageOfPage\":{\"@id\":\"https:\\\/\\\/augstudy.com\\\/singapore\\\/events\\\/ucas-app-day\\\/#primaryimage\"},\"image\":{\"@id\":\"https:\\\/\\\/augstudy.com\\\/singapore\\\/events\\\/ucas-app-day\\\/#primaryimage\"},\"thumbnailUrl\":\"https:\\\/\\\/augstudy.com\\\/aug-website-files\\\/wp-content\\\/uploads\\\/2025\\\/06\\\/aug_sgpevents_ucas_clearing_application_day_250705_1080x540.jpg\",\"datePublished\":\"2025-06-10T01:53:38+00:00\",\"dateModified\":\"2025-06-11T05:54:44+00:00\",\"description\":\"Free counselling for university selection, scholarships and visa applications. Let AUG Student Services fast-track your study-abroad journey today.\",\"breadcrumb\":{\"@id\":\"https:\\\/\\\/augstudy.com\\\/singapore\\\/events\\\/ucas-app-day\\\/#breadcrumb\"},\"inLanguage\":\"vi\",\"potentialAction\":[{\"@type\":\"ReadAction\",\"target\":[\"https:\\\/\\\/augstudy.com\\\/singapore\\\/events\\\/ucas-app-day\\\/\"]}]},{\"@type\":\"ImageObject\",\"inLanguage\":\"vi\",\"@id\":\"https:\\\/\\\/augstudy.com\\\/singapore\\\/events\\\/ucas-app-day\\\/#primaryimage\",\"url\":\"https:\\\/\\\/augstudy.com\\\/aug-website-files\\\/wp-content\\\/uploads\\\/2025\\\/06\\\/aug_sgpevents_ucas_clearing_application_day_250705_1080x540.jpg\",\"contentUrl\":\"https:\\\/\\\/augstudy.com\\\/aug-website-files\\\/wp-content\\\/uploads\\\/2025\\\/06\\\/aug_sgpevents_ucas_clearing_application_day_250705_1080x540.jpg\",\"width\":1080,\"height\":540},{\"@type\":\"BreadcrumbList\",\"@id\":\"https:\\\/\\\/augstudy.com\\\/singapore\\\/events\\\/ucas-app-day\\\/#breadcrumb\",\"itemListElement\":[{\"@type\":\"ListItem\",\"position\":1,\"name\":\"Home\",\"item\":\"https:\\\/\\\/augstudy.com\\\/\"},{\"@type\":\"ListItem\",\"position\":2,\"name\":\"AUG Singapore\",\"item\":\"https:\\\/\\\/augstudy.com\\\/singapore\\\/\"},{\"@type\":\"ListItem\",\"position\":3,\"name\":\"AUG Singapore Events\",\"item\":\"https:\\\/\\\/augstudy.com\\\/singapore\\\/events\\\/\"},{\"@type\":\"ListItem\",\"position\":4,\"name\":\"[AUG Singapore] UCAS Clearing Application Day\"}]},{\"@type\":\"WebSite\",\"@id\":\"https:\\\/\\\/augstudy.com\\\/#website\",\"url\":\"https:\\\/\\\/augstudy.com\\\/\",\"name\":\"AUG Student Services\",\"description\":\"Student Services\",\"alternateName\":\"AUG Global\",\"potentialAction\":[{\"@type\":\"SearchAction\",\"target\":{\"@type\":\"EntryPoint\",\"urlTemplate\":\"https:\\\/\\\/augstudy.com\\\/?s={search_term_string}\"},\"query-input\":{\"@type\":\"PropertyValueSpecification\",\"valueRequired\":true,\"valueName\":\"search_term_string\"}}],\"inLanguage\":\"vi\"}]}<\/script>\n<!-- \/ Yoast SEO Premium plugin. -->","yoast_head_json":{"title":"[AUG Singapore] UCAS Clearing Application Day - AUG Student Services","description":"T\u01b0 v\u1ea5n mi\u1ec5n ph\u00ed v\u1ec1 ch\u1ecdn tr\u01b0\u1eddng \u0111\u1ea1i h\u1ecdc, h\u1ecdc b\u1ed5ng v\u00e0 xin th\u1ecb th\u1ef1c. H\u00e3y \u0111\u1ec3 D\u1ecbch v\u1ee5 Sinh vi\u00ean AUG gi\u00fap b\u1ea1n nhanh ch\u00f3ng ho\u00e0n th\u00e0nh h\u00e0nh tr\u00ecnh du h\u1ecdc ngay h\u00f4m nay.","robots":{"index":"index","follow":"follow","max-snippet":"max-snippet:-1","max-image-preview":"max-image-preview:large","max-video-preview":"max-video-preview:-1"},"canonical":"https:\/\/augstudy.com\/vi\/singapore\/su-kien-2\/ucas-app-day\/","og_locale":"vi_VN","og_type":"article","og_title":"[AUG Singapore] UCAS Clearing Application Day","og_description":"Free counselling for university selection, scholarships and visa applications. Let AUG Student Services fast-track your study-abroad journey today.","og_url":"https:\/\/augstudy.com\/vi\/singapore\/su-kien-2\/ucas-app-day\/","og_site_name":"AUG Student Services","article_publisher":"https:\/\/www.facebook.com\/augmalaysia\/","article_modified_time":"2025-06-11T05:54:44+00:00","og_image":[{"width":1080,"height":540,"url":"https:\/\/augstudy.com\/aug-website-files\/wp-content\/uploads\/2025\/06\/aug_sgpevents_ucas_clearing_application_day_250705_1080x540.jpg","type":"image\/jpeg"}],"twitter_card":"summary_large_image","twitter_misc":{"\u01af\u1edbc t\u00ednh th\u1eddi gian \u0111\u1ecdc":"2 ph\u00fat"},"schema":{"@context":"https:\/\/schema.org","@graph":[{"@type":"WebPage","@id":"https:\/\/augstudy.com\/singapore\/events\/ucas-app-day\/","url":"https:\/\/augstudy.com\/singapore\/events\/ucas-app-day\/","name":"[AUG Singapore] UCAS Clearing Application Day - AUG Student Services","isPartOf":{"@id":"https:\/\/augstudy.com\/#website"},"primaryImageOfPage":{"@id":"https:\/\/augstudy.com\/singapore\/events\/ucas-app-day\/#primaryimage"},"image":{"@id":"https:\/\/augstudy.com\/singapore\/events\/ucas-app-day\/#primaryimage"},"thumbnailUrl":"https:\/\/augstudy.com\/aug-website-files\/wp-content\/uploads\/2025\/06\/aug_sgpevents_ucas_clearing_application_day_250705_1080x540.jpg","datePublished":"2025-06-10T01:53:38+00:00","dateModified":"2025-06-11T05:54:44+00:00","description":"T\u01b0 v\u1ea5n mi\u1ec5n ph\u00ed v\u1ec1 ch\u1ecdn tr\u01b0\u1eddng \u0111\u1ea1i h\u1ecdc, h\u1ecdc b\u1ed5ng v\u00e0 xin th\u1ecb th\u1ef1c. H\u00e3y \u0111\u1ec3 D\u1ecbch v\u1ee5 Sinh vi\u00ean AUG gi\u00fap b\u1ea1n nhanh ch\u00f3ng ho\u00e0n th\u00e0nh h\u00e0nh tr\u00ecnh du h\u1ecdc ngay h\u00f4m nay.","breadcrumb":{"@id":"https:\/\/augstudy.com\/singapore\/events\/ucas-app-day\/#breadcrumb"},"inLanguage":"vi","potentialAction":[{"@type":"ReadAction","target":["https:\/\/augstudy.com\/singapore\/events\/ucas-app-day\/"]}]},{"@type":"ImageObject","inLanguage":"vi","@id":"https:\/\/augstudy.com\/singapore\/events\/ucas-app-day\/#primaryimage","url":"https:\/\/augstudy.com\/aug-website-files\/wp-content\/uploads\/2025\/06\/aug_sgpevents_ucas_clearing_application_day_250705_1080x540.jpg","contentUrl":"https:\/\/augstudy.com\/aug-website-files\/wp-content\/uploads\/2025\/06\/aug_sgpevents_ucas_clearing_application_day_250705_1080x540.jpg","width":1080,"height":540},{"@type":"BreadcrumbList","@id":"https:\/\/augstudy.com\/singapore\/events\/ucas-app-day\/#breadcrumb","itemListElement":[{"@type":"ListItem","position":1,"name":"Home","item":"https:\/\/augstudy.com\/"},{"@type":"ListItem","position":2,"name":"AUG Singapore","item":"https:\/\/augstudy.com\/singapore\/"},{"@type":"ListItem","position":3,"name":"AUG Singapore Events","item":"https:\/\/augstudy.com\/singapore\/events\/"},{"@type":"ListItem","position":4,"name":"[AUG Singapore] UCAS Clearing Application Day"}]},{"@type":"WebSite","@id":"https:\/\/augstudy.com\/#website","url":"https:\/\/augstudy.com\/","name":"D\u1ecbch v\u1ee5 Sinh vi\u00ean AUG","description":"D\u1ecbch v\u1ee5 sinh vi\u00ean","alternateName":"AUG Global","potentialAction":[{"@type":"SearchAction","target":{"@type":"EntryPoint","urlTemplate":"https:\/\/augstudy.com\/?s={search_term_string}"},"query-input":{"@type":"PropertyValueSpecification","valueRequired":true,"valueName":"search_term_string"}}],"inLanguage":"vi"}]}},"_links":{"self":[{"href":"https:\/\/augstudy.com\/vi\/wp-json\/wp\/v2\/pages\/398934","targetHints":{"allow":["GET"]}}],"collection":[{"href":"https:\/\/augstudy.com\/vi\/wp-json\/wp\/v2\/pages"}],"about":[{"href":"https:\/\/augstudy.com\/vi\/wp-json\/wp\/v2\/types\/page"}],"author":[{"embeddable":true,"href":"https:\/\/augstudy.com\/vi\/wp-json\/wp\/v2\/users\/4"}],"replies":[{"embeddable":true,"href":"https:\/\/augstudy.com\/vi\/wp-json\/wp\/v2\/comments?post=398934"}],"version-history":[{"count":0,"href":"https:\/\/augstudy.com\/vi\/wp-json\/wp\/v2\/pages\/398934\/revisions"}],"up":[{"embeddable":true,"href":"https:\/\/augstudy.com\/vi\/wp-json\/wp\/v2\/pages\/2348"}],"wp:featuredmedia":[{"embeddable":true,"href":"https:\/\/augstudy.com\/vi\/wp-json\/wp\/v2\/media\/399067"}],"wp:attachment":[{"href":"https:\/\/augstudy.com\/vi\/wp-json\/wp\/v2\/media?parent=398934"}],"curies":[{"name":"wp","href":"https:\/\/api.w.org\/{rel}","templated":true}]}}