{"id":398784,"date":"2025-06-05T10:13:44","date_gmt":"2025-06-05T00:13:44","guid":{"rendered":"https:\/\/augstudy.com\/?page_id=398784"},"modified":"2025-06-10T16:28:24","modified_gmt":"2025-06-10T06:28:24","slug":"celine-chen","status":"publish","type":"page","link":"https:\/\/augstudy.com\/vi\/30years\/stories\/celine-chen\/","title":{"rendered":"AUG 30th Anniversary Photo Stories &#8211; Celine Chen"},"content":{"rendered":"<div class=\"vc_row wpb_row vc_row-fluid photo_story_container vc_custom_1748927411057\"><div class=\"wpb_column vc_column_container vc_col-sm-12\"><div class=\"vc_column-inner \"><div class=\"wpb_wrapper\"><div id=\"aug-photo-stories-pagination\"><\/div>\r\n\r\n<style>\r\n  #aug-photo-stories-pagination .nav-button {\r\n    font-size: 14px;\r\n    padding: 5px 10px;\r\n    color: black;\r\n    display: inline-block;\r\n    transition: background-color 0.1s linear;\r\n  }\r\n\r\n  #aug-photo-stories-pagination .nav-button.prev {\r\n    text-decoration: underline;\r\n  }\r\n\r\n  #aug-photo-stories-pagination .nav-button.prev:hover {\r\n    background-color: #eeeeee;\r\n  }\r\n\r\n  #aug-photo-stories-pagination .nav-button.next {\r\n    text-decoration: none;\r\n    border: 1px solid #696969;\r\n  }\r\n\r\n  #aug-photo-stories-pagination .nav-button.next:hover {\r\n    background-color: #00aeef;\r\n    border: 1px solid #00aeef;\r\n    color: #ffffff;\r\n  }\r\n\r\n  #aug-photo-stories-pagination .nav-button.close {\r\n    text-decoration: none;\r\n    border: 1px solid #696969;\r\n    margin: 0 5px;\r\n  }\r\n\r\n  #aug-photo-stories-pagination .nav-button.close:hover {\r\n    background-color: #00aeef;\r\n    border: 1px solid #00aeef;\r\n    color: #ffffff;\r\n  }\r\n\r\n  #aug-photo-stories-pagination .pagination-wrapper {\r\n    display: flex;\r\n    justify-content: space-between;\r\n    align-items: center;\r\n    flex-wrap: nowrap;\r\n    gap: 20px;\r\n  }\r\n\r\n  #aug-photo-stories-pagination .pagination-left,\r\n  #aug-photo-stories-pagination .pagination-right,\r\n  #aug-photo-stories-pagination .pagination-center {\r\n    flex: 1;\r\n  }\r\n\r\n  #aug-photo-stories-pagination .pagination-left {\r\n    text-align: left;\r\n  }\r\n\r\n  #aug-photo-stories-pagination .pagination-center {\r\n    text-align: center;\r\n  }\r\n\r\n  #aug-photo-stories-pagination .pagination-right {\r\n    text-align: right;\r\n  }\r\n<\/style>\r\n\r\n<script>\r\n  (function () {\r\n    const paths = [\r\n      \"\/30years\/stories\/alfred-tan\/\",\r\n      \"\/30years\/stories\/alice-sim\/\",\r\n      \"\/30years\/stories\/allonica-apolinario\/\",\r\n      \"\/30years\/stories\/amy-thien\/\",\r\n      \"\/30years\/stories\/angela-chew\/\",\r\n      \"\/30years\/stories\/anny-wong\/\",\r\n      \"\/30years\/stories\/apple-magayaga\/\",\r\n      \"\/30years\/stories\/ashley-yeong\/\",\r\n      \"\/30years\/stories\/audrey-chan\/\",\r\n      \"\/30years\/stories\/cameron-carnecer\/\",\r\n      \"\/30years\/stories\/celine-chen\/\",\r\n      \"\/30years\/stories\/charles-phan\/\",\r\n      \"\/30years\/stories\/cherry-ngo\/\",\r\n      \"\/30years\/stories\/cynthia-tee\/\",\r\n      \"\/30years\/stories\/diane-costelo\/\",\r\n      \"\/30years\/stories\/donna-chan\/\",\r\n      \"\/30years\/stories\/ellie-cheong\/\",\r\n      \"\/30years\/stories\/esther-wong\/\",\r\n      \"\/30years\/stories\/esti-liritantri\/\",\r\n      \"\/30years\/stories\/fifi-wiryawan\/\",\r\n      \"\/30years\/stories\/fiona-wu\/\",\r\n      \"\/30years\/stories\/gladys-goh\/\",\r\n      \"\/30years\/stories\/hwee-ling-lee\/\",\r\n      \"\/30years\/stories\/james-kon\/\",\r\n      \"\/30years\/stories\/jane-leong\/\",\r\n      \"\/30years\/stories\/jannah-radwan\/\",\r\n      \"\/30years\/stories\/janna-salanio\/\",\r\n      \"\/30years\/stories\/jean-wu\/\",\r\n      \"\/30years\/stories\/jenny-lau\/\",\r\n      \"\/30years\/stories\/jessintha-tan\/\",\r\n      \"\/30years\/stories\/josette-acierto\/\",\r\n      \"\/30years\/stories\/karin-kon\/\",\r\n      \"\/30years\/stories\/kate-liew\/\",\r\n      \"\/30years\/stories\/kate-wang\/\",\r\n      \"\/30years\/stories\/kelly-tran\/\",\r\n      \"\/30years\/stories\/kevin-vo\/\",\r\n      \"\/30years\/stories\/kim-chong\/\",\r\n      \"\/30years\/stories\/lai-hy-huynh\/\",\r\n      \"\/30years\/stories\/lisdhany-widyastuti\/\",\r\n      \"\/30years\/stories\/man-yu-chai\/\",\r\n      \"\/30years\/stories\/mary-ting\/\",\r\n      \"\/30years\/stories\/may-tan\/\",\r\n      \"\/30years\/stories\/mei-ching-hua\/\",\r\n      \"\/30years\/stories\/melody-wong\/\",\r\n      \"\/30years\/stories\/minh-nguyen\/\",\r\n      \"\/30years\/stories\/nhi-guong\/\",\r\n      \"\/30years\/stories\/nicole-chong\/\",\r\n      \"\/30years\/stories\/ong-yen-yen\/\",\r\n      \"\/30years\/stories\/peggy-wong\/\",\r\n      \"\/30years\/stories\/phuc-nguyen\/\",\r\n      \"\/30years\/stories\/safuan-mohammmad\/\",\r\n      \"\/30years\/stories\/sheryl-calais\/\",\r\n      \"\/30years\/stories\/sin-yee-heng\/\",\r\n      \"\/30years\/stories\/tin-wong\/\",\r\n      \"\/30years\/stories\/tracey-bao\/\",\r\n      \"\/30years\/stories\/wendy-chan\/\",\r\n      \"\/30years\/stories\/william-teh\/\",\r\n      \"\/30years\/stories\/yong-loon-yap\/\"\r\n    ];\r\n\r\n    function formatNameFromPath(path) {\r\n      const parts = path.split(\"\/\").filter(Boolean);\r\n      const nameSlug = parts[parts.length - 1];\r\n      return nameSlug\r\n        .split(\"-\")\r\n        .map(w => w.charAt(0).toUpperCase() + w.slice(1))\r\n        .join(\" \");\r\n    }\r\n\r\n    const currentPath = window.location.pathname.replace(\/\\\/+$\/, '') + '\/';\r\n    const index = paths.indexOf(currentPath);\r\n    if (index === -1) return;\r\n\r\n    const prevPath = index > 0 ? paths[index - 1] : null;\r\n    const nextPath = index < paths.length - 1 ? paths[index + 1] : null;\r\n\r\n    let html = '<div class=\"pagination-wrapper\">';\r\n\r\n    html += '<div class=\"pagination-left\">';\r\n    \/\/ if (prevPath) {\r\n    \/\/   const prevName = formatNameFromPath(prevPath);\r\n    \/\/   html += `<a href=\"${prevPath}\" class=\"nav-button prev nd_options_bg_white nd_options_border_radius_50\">&laquo; ${prevName}<\/a>`;\r\n    \/\/ }\r\n    \r\n    html += '<a href=\"\/30years\/stories\/\" class=\"nav-button close nd_options_bg_white nd_options_border_radius_50\">Back<\/a>';\r\n    html += '<a href=\"javascript:window.close()\" class=\"nav-button close nd_options_bg_white nd_options_border_radius_50\">Close<\/a>';\r\n    html += '<\/div>';\r\n\r\n    html += '<div class=\"pagination-right\">';\r\n    if (nextPath) {\r\n      const nextName = formatNameFromPath(nextPath);\r\n      html += `<a href=\"${nextPath}\" class=\"nav-button next nd_options_bg_white nd_options_border_radius_50\">${nextName} &raquo;<\/a>`;\r\n    }\r\n    html += '<\/div>';\r\n\r\n    html += '<\/div>';\r\n\r\n    document.getElementById('aug-photo-stories-pagination').innerHTML = html;\r\n  })();\r\n<\/script>\n\t<div class=\"wpb_raw_code wpb_content_element wpb_raw_html\">\n\t\t<div class=\"wpb_wrapper\">\n\t\t\t<div style=\"position: relative; width: 100%; height: 0; padding-top: 141.4286%;\n padding-bottom: 0; box-shadow: 0 2px 8px 0 rgba(63,69,81,0.16); margin-top: 1.6em; margin-bottom: 0.9em; overflow: hidden;\n border-radius: 8px; will-change: transform;\">\n  <iframe loading=\"lazy\" style=\"position: absolute; width: 100%; height: 100%; top: 0; left: 0; border: none; padding: 0;margin: 0;\"\n    src=\"https:\/\/www.canva.com\/design\/DAGpb-YukJw\/cxSL_phjhklgOX5MwPwMSg\/view?embed\" allowfullscreen=\"allowfullscreen\" allow=\"fullscreen\">\n  <\/iframe>\n<\/div>\n\t\t<\/div>\n\t<\/div>\n<\/div><\/div><\/div><\/div>\n","protected":false},"excerpt":{"rendered":"#aug-photo-stories-pagination .nav-button { font-size: 14px; padding: 5px 10px; color: black; display: inline-block; transition: background-color 0.1s linear; } #aug-photo-stories-pagination .nav-button.prev { text-decoration: underline; } #aug-photo-stories-pagination .nav-button.prev:hover { background-color: #eeeeee; } #aug-photo-stories-pagination .nav-button.next { text-decoration: none; border: 1px solid #696969; } #aug-photo-stories-pagination .nav-button.next:hover { background-color: #00aeef; border: 1px solid #00aeef; color: #ffffff; } #aug-photo-stories-pagination .nav-button.close { text-decoration: [...]","protected":false},"author":24929,"featured_media":0,"parent":398676,"menu_order":0,"comment_status":"closed","ping_status":"closed","template":"","meta":{"footnotes":""},"class_list":["post-398784","page","type-page","status-publish","hentry"],"yoast_head":"<!-- This site is optimized with the Yoast SEO Premium plugin v27.0 (Yoast SEO v27.3) - https:\/\/yoast.com\/product\/yoast-seo-premium-wordpress\/ -->\n<title>AUG 30th Anniversary Photo Stories - Celine Chen - AUG Student Services<\/title>\n<meta name=\"description\" content=\"Free counselling for university selection, scholarships and visa applications. Let AUG Student Services fast-track your study-abroad journey today.\" \/>\n<meta name=\"robots\" content=\"index, follow, max-snippet:-1, max-image-preview:large, max-video-preview:-1\" \/>\n<link rel=\"canonical\" href=\"https:\/\/augstudy.com\/vi\/30-nam\/nhung-cau-chuyen\/celine-chen\/\" \/>\n<meta property=\"og:locale\" content=\"vi_VN\" \/>\n<meta property=\"og:type\" content=\"article\" \/>\n<meta property=\"og:title\" content=\"AUG 30th Anniversary Photo Stories - Celine Chen\" \/>\n<meta property=\"og:description\" content=\"Free counselling for university selection, scholarships and visa applications. Let AUG Student Services fast-track your study-abroad journey today.\" \/>\n<meta property=\"og:url\" content=\"https:\/\/augstudy.com\/vi\/30-nam\/nhung-cau-chuyen\/celine-chen\/\" \/>\n<meta property=\"og:site_name\" content=\"AUG Student Services\" \/>\n<meta property=\"article:publisher\" content=\"https:\/\/www.facebook.com\/augmalaysia\/\" \/>\n<meta property=\"article:modified_time\" content=\"2025-06-10T06:28:24+00:00\" \/>\n<meta name=\"twitter:card\" content=\"summary_large_image\" \/>\n<meta name=\"twitter:label1\" content=\"\u01af\u1edbc t\u00ednh th\u1eddi gian \u0111\u1ecdc\" \/>\n\t<meta name=\"twitter:data1\" content=\"1 ph\u00fat\" \/>\n<script type=\"application\/ld+json\" class=\"yoast-schema-graph\">{\"@context\":\"https:\\\/\\\/schema.org\",\"@graph\":[{\"@type\":\"WebPage\",\"@id\":\"https:\\\/\\\/augstudy.com\\\/30years\\\/stories\\\/celine-chen\\\/\",\"url\":\"https:\\\/\\\/augstudy.com\\\/30years\\\/stories\\\/celine-chen\\\/\",\"name\":\"AUG 30th Anniversary Photo Stories - Celine Chen - AUG Student Services\",\"isPartOf\":{\"@id\":\"https:\\\/\\\/augstudy.com\\\/#website\"},\"datePublished\":\"2025-06-05T00:13:44+00:00\",\"dateModified\":\"2025-06-10T06:28:24+00:00\",\"description\":\"Free counselling for university selection, scholarships and visa applications. Let AUG Student Services fast-track your study-abroad journey today.\",\"breadcrumb\":{\"@id\":\"https:\\\/\\\/augstudy.com\\\/30years\\\/stories\\\/celine-chen\\\/#breadcrumb\"},\"inLanguage\":\"vi\",\"potentialAction\":[{\"@type\":\"ReadAction\",\"target\":[\"https:\\\/\\\/augstudy.com\\\/30years\\\/stories\\\/celine-chen\\\/\"]}]},{\"@type\":\"BreadcrumbList\",\"@id\":\"https:\\\/\\\/augstudy.com\\\/30years\\\/stories\\\/celine-chen\\\/#breadcrumb\",\"itemListElement\":[{\"@type\":\"ListItem\",\"position\":1,\"name\":\"Home\",\"item\":\"https:\\\/\\\/augstudy.com\\\/\"},{\"@type\":\"ListItem\",\"position\":2,\"name\":\"30th Anniversary\",\"item\":\"https:\\\/\\\/augstudy.com\\\/30years\\\/\"},{\"@type\":\"ListItem\",\"position\":3,\"name\":\"AUG 30th Anniversary &#8211; Photo Stories\",\"item\":\"https:\\\/\\\/augstudy.com\\\/30years\\\/stories\\\/\"},{\"@type\":\"ListItem\",\"position\":4,\"name\":\"AUG 30th Anniversary Photo Stories &#8211; Celine Chen\"}]},{\"@type\":\"WebSite\",\"@id\":\"https:\\\/\\\/augstudy.com\\\/#website\",\"url\":\"https:\\\/\\\/augstudy.com\\\/\",\"name\":\"AUG Student Services\",\"description\":\"Student Services\",\"alternateName\":\"AUG Global\",\"potentialAction\":[{\"@type\":\"SearchAction\",\"target\":{\"@type\":\"EntryPoint\",\"urlTemplate\":\"https:\\\/\\\/augstudy.com\\\/?s={search_term_string}\"},\"query-input\":{\"@type\":\"PropertyValueSpecification\",\"valueRequired\":true,\"valueName\":\"search_term_string\"}}],\"inLanguage\":\"vi\"}]}<\/script>\n<!-- \/ Yoast SEO Premium plugin. -->","yoast_head_json":{"title":"AUG 30th Anniversary Photo Stories - Celine Chen - AUG Student Services","description":"T\u01b0 v\u1ea5n mi\u1ec5n ph\u00ed v\u1ec1 ch\u1ecdn tr\u01b0\u1eddng \u0111\u1ea1i h\u1ecdc, h\u1ecdc b\u1ed5ng v\u00e0 xin th\u1ecb th\u1ef1c. H\u00e3y \u0111\u1ec3 D\u1ecbch v\u1ee5 Sinh vi\u00ean AUG gi\u00fap b\u1ea1n nhanh ch\u00f3ng ho\u00e0n th\u00e0nh h\u00e0nh tr\u00ecnh du h\u1ecdc ngay h\u00f4m nay.","robots":{"index":"index","follow":"follow","max-snippet":"max-snippet:-1","max-image-preview":"max-image-preview:large","max-video-preview":"max-video-preview:-1"},"canonical":"https:\/\/augstudy.com\/vi\/30-nam\/nhung-cau-chuyen\/celine-chen\/","og_locale":"vi_VN","og_type":"article","og_title":"AUG 30th Anniversary Photo Stories - Celine Chen","og_description":"Free counselling for university selection, scholarships and visa applications. Let AUG Student Services fast-track your study-abroad journey today.","og_url":"https:\/\/augstudy.com\/vi\/30-nam\/nhung-cau-chuyen\/celine-chen\/","og_site_name":"AUG Student Services","article_publisher":"https:\/\/www.facebook.com\/augmalaysia\/","article_modified_time":"2025-06-10T06:28:24+00:00","twitter_card":"summary_large_image","twitter_misc":{"\u01af\u1edbc t\u00ednh th\u1eddi gian \u0111\u1ecdc":"1 ph\u00fat"},"schema":{"@context":"https:\/\/schema.org","@graph":[{"@type":"WebPage","@id":"https:\/\/augstudy.com\/30years\/stories\/celine-chen\/","url":"https:\/\/augstudy.com\/30years\/stories\/celine-chen\/","name":"AUG 30th Anniversary Photo Stories - Celine Chen - AUG Student Services","isPartOf":{"@id":"https:\/\/augstudy.com\/#website"},"datePublished":"2025-06-05T00:13:44+00:00","dateModified":"2025-06-10T06:28:24+00:00","description":"T\u01b0 v\u1ea5n mi\u1ec5n ph\u00ed v\u1ec1 ch\u1ecdn tr\u01b0\u1eddng \u0111\u1ea1i h\u1ecdc, h\u1ecdc b\u1ed5ng v\u00e0 xin th\u1ecb th\u1ef1c. H\u00e3y \u0111\u1ec3 D\u1ecbch v\u1ee5 Sinh vi\u00ean AUG gi\u00fap b\u1ea1n nhanh ch\u00f3ng ho\u00e0n th\u00e0nh h\u00e0nh tr\u00ecnh du h\u1ecdc ngay h\u00f4m nay.","breadcrumb":{"@id":"https:\/\/augstudy.com\/30years\/stories\/celine-chen\/#breadcrumb"},"inLanguage":"vi","potentialAction":[{"@type":"ReadAction","target":["https:\/\/augstudy.com\/30years\/stories\/celine-chen\/"]}]},{"@type":"BreadcrumbList","@id":"https:\/\/augstudy.com\/30years\/stories\/celine-chen\/#breadcrumb","itemListElement":[{"@type":"ListItem","position":1,"name":"Home","item":"https:\/\/augstudy.com\/"},{"@type":"ListItem","position":2,"name":"30th Anniversary","item":"https:\/\/augstudy.com\/30years\/"},{"@type":"ListItem","position":3,"name":"AUG 30th Anniversary &#8211; Photo Stories","item":"https:\/\/augstudy.com\/30years\/stories\/"},{"@type":"ListItem","position":4,"name":"AUG 30th Anniversary Photo Stories &#8211; Celine Chen"}]},{"@type":"WebSite","@id":"https:\/\/augstudy.com\/#website","url":"https:\/\/augstudy.com\/","name":"D\u1ecbch v\u1ee5 Sinh vi\u00ean AUG","description":"D\u1ecbch v\u1ee5 sinh vi\u00ean","alternateName":"AUG Global","potentialAction":[{"@type":"SearchAction","target":{"@type":"EntryPoint","urlTemplate":"https:\/\/augstudy.com\/?s={search_term_string}"},"query-input":{"@type":"PropertyValueSpecification","valueRequired":true,"valueName":"search_term_string"}}],"inLanguage":"vi"}]}},"_links":{"self":[{"href":"https:\/\/augstudy.com\/vi\/wp-json\/wp\/v2\/pages\/398784","targetHints":{"allow":["GET"]}}],"collection":[{"href":"https:\/\/augstudy.com\/vi\/wp-json\/wp\/v2\/pages"}],"about":[{"href":"https:\/\/augstudy.com\/vi\/wp-json\/wp\/v2\/types\/page"}],"author":[{"embeddable":true,"href":"https:\/\/augstudy.com\/vi\/wp-json\/wp\/v2\/users\/24929"}],"replies":[{"embeddable":true,"href":"https:\/\/augstudy.com\/vi\/wp-json\/wp\/v2\/comments?post=398784"}],"version-history":[{"count":0,"href":"https:\/\/augstudy.com\/vi\/wp-json\/wp\/v2\/pages\/398784\/revisions"}],"up":[{"embeddable":true,"href":"https:\/\/augstudy.com\/vi\/wp-json\/wp\/v2\/pages\/398676"}],"wp:attachment":[{"href":"https:\/\/augstudy.com\/vi\/wp-json\/wp\/v2\/media?parent=398784"}],"curies":[{"name":"wp","href":"https:\/\/api.w.org\/{rel}","templated":true}]}}