{"id":397593,"date":"2025-04-08T13:55:12","date_gmt":"2025-04-08T03:55:12","guid":{"rendered":"https:\/\/augstudy.com\/?page_id=397593"},"modified":"2025-08-18T19:42:59","modified_gmt":"2025-08-18T09:42:59","slug":"30-nam","status":"publish","type":"page","link":"https:\/\/augstudy.com\/vi\/scholarships\/30years\/","title":{"rendered":"Australia 30 Years Scholarships"},"content":{"rendered":"<div data-vc-full-width=\"true\" data-vc-full-width-init=\"false\" class=\"vc_row wpb_row vc_row-fluid aug_header\"><div class=\"wpb_column vc_column_container vc_col-sm-12\"><div class=\"vc_column-inner\"><div class=\"wpb_wrapper\"><div class=\"vc_row wpb_row vc_inner vc_row-fluid\"><div class=\"wpb_column vc_column_container vc_col-sm-12\"><div class=\"vc_column-inner\"><div class=\"wpb_wrapper\">\n\t<div class=\"wpb_raw_code wpb_content_element wpb_raw_html\">\n\t\t<div class=\"wpb_wrapper\">\n\t\t\t<h1>Kh\u1ea3 n\u0103ng c\u00f3 h\u1ecdc b\u1ed5ng<\/h1>\n<div class=\"aug_border\"><\/div>\n\n\t\t<\/div>\n\t<\/div>\n<\/div><\/div><\/div><\/div><div class=\"vc_row wpb_row vc_inner vc_row-fluid nd_options_padding_left_100 nd_options_padding_left_0_all_iphone nd_options_text_align_center_all_iphone\"><div class=\"wpb_column vc_column_container vc_col-sm-4\"><div class=\"vc_column-inner\"><div class=\"wpb_wrapper\">\n\t<div class=\"wpb_raw_code wpb_content_element wpb_raw_html\">\n\t\t<div class=\"wpb_wrapper\">\n\t\t\t<h2>1 tri\u1ec7u<\/h2>\n<h4>$$$$$$<\/h4>\n<h5>h\u1ecdc b\u1ed5ng c\u00f3 gi\u00e1 tr\u1ecb<\/h5>\n<p>\u0111\u01b0\u1ee3c \u0111\u01b0a ra b\u1edfi t\u1ed5 ch\u1ee9c tr\u00ean to\u00e0n c\u1ea7u<\/p>\n\n\n\t\t<\/div>\n\t<\/div>\n<\/div><\/div><\/div><div class=\"wpb_column vc_column_container vc_col-sm-4\"><div class=\"vc_column-inner\"><div class=\"wpb_wrapper\">\n\t<div class=\"wpb_raw_code wpb_content_element wpb_raw_html\">\n\t\t<div class=\"wpb_wrapper\">\n\t\t\t<h2>30% m\u1ed9t ph\u1ea7n<\/h2>\n<h4>H\u1ecdc b\u1ed5ng<\/h4>\n<h5>mi\u1ec5n h\u1ecdc ph\u00ed l\u00ean t\u1edbi 30%<\/h5>\n<p class=\"aug_live_chat\" >Tr\u00f2 chuy\u1ec7n v\u1edbi ch\u00fang t\u00f4i \u0111\u1ec3 t\u00ecm hi\u1ec3u t\u00ednh \u0111\u1ee7 \u0111i\u1ec1u ki\u1ec7n c\u1ee7a b\u1ea1n<\/p>\n\n\n\t\t<\/div>\n\t<\/div>\n<\/div><\/div><\/div><div class=\"wpb_column vc_column_container vc_col-sm-4\"><div class=\"vc_column-inner\"><div class=\"wpb_wrapper\">\n\t<div class=\"wpb_raw_code wpb_content_element wpb_raw_html\">\n\t\t<div class=\"wpb_wrapper\">\n\t\t\t<h2>\u0110\u01b0\u1ee3c cung c\u1ea5p 1 trong 2<\/h2>\n<h4>H\u1ecdc b\u1ed5ng<\/h4>\n<h5>ph\u1ea1m vi gi\u00e1 tr\u1ecb $100 \u0111\u1ebfn $10.000<\/h5>\n<p>cho h\u1ecdc ph\u00ed v\u00e0 chi ph\u00ed sinh ho\u1ea1t c\u1ee7a b\u1ea1n<\/p>\n\n\n\t\t<\/div>\n\t<\/div>\n<\/div><\/div><\/div><\/div>\n\t<div class=\"wpb_raw_code wpb_content_element wpb_raw_html\">\n\t\t<div class=\"wpb_wrapper\">\n\t\t\t<div class=\"aug_bottom_border\"><\/div>\n\n\n\t\t<\/div>\n\t<\/div>\n<\/div><\/div><\/div><\/div><div class=\"vc_row-full-width vc_clearfix\"><\/div><div class=\"vc_row wpb_row vc_row-fluid\"><div class=\"wpb_column vc_column_container vc_col-sm-3\"><div class=\"vc_column-inner\"><div class=\"wpb_wrapper\">\n\t<div class=\"wpb_raw_code wpb_content_element wpb_raw_html\">\n\t\t<div class=\"wpb_wrapper\">\n\t\t\t<div>\n<a href=\"\/vi\/hoc-bong\/chau-uc\/\">\n    <span class=\"scholarship_button\">\n      Ch\u00e2u \u00dac\n      <img decoding=\"async\" src=\"\/aug-website-files\/wp-content\/uploads\/2018\/07\/arrow_black_right.svg\" \/>\n    <\/span>\n  <\/a>\n  <a href=\"\/vi\/hoc-bong\/ireland\/\">\n    <span class=\"scholarship_button\">\n      Ireland\n      <img decoding=\"async\" src=\"\/aug-website-files\/wp-content\/uploads\/2018\/07\/arrow_black_right.svg\" \/>\n    <\/span>\n  <\/a>\n  <a href=\"\/vi\/hoc-bong\/malaysia-2\/\">\n    <span class=\"scholarship_button\">\n      Malaysia\n      <img decoding=\"async\" src=\"\/aug-website-files\/wp-content\/uploads\/2018\/07\/arrow_black_right.svg\" \/>\n    <\/span>\n  <\/a>\n  <a href=\"\/vi\/hoc-bong\/vuong-quoc-anh\/\">\n    <span class=\"scholarship_button\">\n      V\u01b0\u01a1ng qu\u1ed1c Anh\n      <img decoding=\"async\" src=\"\/aug-website-files\/wp-content\/uploads\/2018\/07\/arrow_black_right.svg\" \/>\n    <\/span>\n  <\/a>\n  <a href=\"\/vi\/hoc-bong\/nuoc-my\/\">\n    <span class=\"scholarship_button\">\n      N\u01b0\u1edbc M\u1ef9\n      <img decoding=\"async\" src=\"\/aug-website-files\/wp-content\/uploads\/2018\/07\/arrow_black_right.svg\" \/>\n    <\/span>\n  <\/a>\n  <span class=\"scholarship_button anniversary_scholarship scholarship_country_selected\">\n    H\u1ecdc b\u1ed5ng n\u0103m th\u1ee9 30\n    <img decoding=\"async\" src=\"\/aug-website-files\/wp-content\/uploads\/2018\/07\/arrow_black_right.svg\" \/>\n  <\/span>\n<\/div>\n\t\t<\/div>\n\t<\/div>\n<\/div><\/div><\/div><div class=\"wpb_column vc_column_container vc_col-sm-9\"><div class=\"vc_column-inner\"><div class=\"wpb_wrapper\">\r\n        <script type=\"text\/javascript\">\r\n            jQuery( \".all_institution\" ).hide();\r\n            \r\n            function showScholarship( institution_classname ) {\r\n                jQuery( \".all_institution\" ).hide();\r\n                institution_classname.show(600);\r\n            }\r\n\r\n            jQuery( \".migration_menu\" ).click(function() {\r\n                showScholarship(jQuery( \".\" + this.id ));\r\n                jQuery( \".aug_menu_arrow\" ).removeClass( \"aug_menu_arrow_showed\" );\r\n                jQuery( \".migration_menu\" ).removeClass( \"menu_selected\" );\r\n                jQuery(this).prev().addClass( \"aug_menu_arrow_showed\" );\r\n                jQuery(this).addClass( \"menu_selected\" ); \r\n            });\r\n\r\n        <\/script>\r\n    \n\t<div class=\"wpb_raw_code wpb_content_element wpb_raw_html\">\n\t\t<div class=\"wpb_wrapper\">\n\t\t\t<script type=\"text\/javascript\">\nvar institution_id = window.location.search;\n\nif (institution_id == \"\") {\n  institution_id = \"australian_catholic_university\";\n} else {\n  institution_id = institution_id.substring(3);\n}\n\njQuery(\".\" + institution_id).show(6);\njQuery(\"#\" + institution_id).addClass(\"menu_selected\");\njQuery(\"#\" + institution_id).prev().addClass(\"aug_menu_arrow_showed\");\n\n\n<\/script>\n\t\t<\/div>\n\t<\/div>\n<style> .scholarship_weblink { display: none; } <\/style><script type=\"text\/javascript\">jQuery( \".scholarship_weblink\" ).remove();<\/script><\/div><\/div><\/div><\/div><div class=\"vc_row wpb_row vc_row-fluid\"><div class=\"wpb_column vc_column_container vc_col-sm-12\"><div class=\"vc_column-inner\"><div class=\"wpb_wrapper\"><div style=\"background-color:; height: 30px;\" class=\"nicdark_section\"><\/div><\/div><\/div><\/div><\/div>","protected":false},"excerpt":{"rendered":"Scholarship Availability 1 Million $$$$$$ scholarship worth to be given by institution globally 30% Partial Scholarship up to 30% tuition fee waiver Chat with us to find out your eligibility 1 in 2 Offered Scholarship value range $100 to $10,000 for your tuition fee and living expenses Australia Ireland Malaysia United Kingdom United States of [...]","protected":false},"author":24929,"featured_media":0,"parent":7360,"menu_order":0,"comment_status":"closed","ping_status":"closed","template":"","meta":{"footnotes":""},"class_list":["post-397593","page","type-page","status-publish","hentry"],"yoast_head":"<!-- This site is optimized with the Yoast SEO Premium plugin v27.0 (Yoast SEO v27.3) - https:\/\/yoast.com\/product\/yoast-seo-premium-wordpress\/ -->\n<title>Australia 30 Years Scholarships: Apply Today! - AUG Student Services<\/title>\n<meta name=\"description\" content=\"Explore the Australia 30 Years Scholarships for students seeking educational funding opportunities in Australia.\" \/>\n<meta name=\"robots\" content=\"index, follow, max-snippet:-1, max-image-preview:large, max-video-preview:-1\" \/>\n<link rel=\"canonical\" href=\"https:\/\/augstudy.com\/vi\/hoc-bong\/30-nam\/\" \/>\n<meta property=\"og:locale\" content=\"vi_VN\" \/>\n<meta property=\"og:type\" content=\"article\" \/>\n<meta property=\"og:title\" content=\"Australia 30 Years Scholarships\" \/>\n<meta property=\"og:description\" content=\"Explore the Australia 30 Years Scholarships for students seeking educational funding opportunities in Australia.\" \/>\n<meta property=\"og:url\" content=\"https:\/\/augstudy.com\/vi\/hoc-bong\/30-nam\/\" \/>\n<meta property=\"og:site_name\" content=\"AUG Student Services\" \/>\n<meta property=\"article:publisher\" content=\"https:\/\/www.facebook.com\/augmalaysia\/\" \/>\n<meta property=\"article:modified_time\" content=\"2025-08-18T09:42:59+00:00\" \/>\n<meta name=\"twitter:card\" content=\"summary_large_image\" \/>\n<meta name=\"twitter:label1\" content=\"\u01af\u1edbc t\u00ednh th\u1eddi gian \u0111\u1ecdc\" \/>\n\t<meta name=\"twitter:data1\" content=\"1 ph\u00fat\" \/>\n<script type=\"application\/ld+json\" class=\"yoast-schema-graph\">{\"@context\":\"https:\\\/\\\/schema.org\",\"@graph\":[{\"@type\":\"WebPage\",\"@id\":\"https:\\\/\\\/augstudy.com\\\/scholarships\\\/30years\\\/\",\"url\":\"https:\\\/\\\/augstudy.com\\\/scholarships\\\/30years\\\/\",\"name\":\"Australia 30 Years Scholarships: Apply Today! - AUG Student Services\",\"isPartOf\":{\"@id\":\"https:\\\/\\\/augstudy.com\\\/#website\"},\"datePublished\":\"2025-04-08T03:55:12+00:00\",\"dateModified\":\"2025-08-18T09:42:59+00:00\",\"description\":\"Explore the Australia 30 Years Scholarships for students seeking educational funding opportunities in Australia.\",\"breadcrumb\":{\"@id\":\"https:\\\/\\\/augstudy.com\\\/scholarships\\\/30years\\\/#breadcrumb\"},\"inLanguage\":\"vi\",\"potentialAction\":[{\"@type\":\"ReadAction\",\"target\":[\"https:\\\/\\\/augstudy.com\\\/scholarships\\\/30years\\\/\"]}]},{\"@type\":\"BreadcrumbList\",\"@id\":\"https:\\\/\\\/augstudy.com\\\/scholarships\\\/30years\\\/#breadcrumb\",\"itemListElement\":[{\"@type\":\"ListItem\",\"position\":1,\"name\":\"Home\",\"item\":\"https:\\\/\\\/augstudy.com\\\/\"},{\"@type\":\"ListItem\",\"position\":2,\"name\":\"Scholarships\",\"item\":\"https:\\\/\\\/augstudy.com\\\/scholarships\\\/\"},{\"@type\":\"ListItem\",\"position\":3,\"name\":\"Australia 30 Years Scholarships\"}]},{\"@type\":\"WebSite\",\"@id\":\"https:\\\/\\\/augstudy.com\\\/#website\",\"url\":\"https:\\\/\\\/augstudy.com\\\/\",\"name\":\"AUG Student Services\",\"description\":\"Student Services\",\"alternateName\":\"AUG Global\",\"potentialAction\":[{\"@type\":\"SearchAction\",\"target\":{\"@type\":\"EntryPoint\",\"urlTemplate\":\"https:\\\/\\\/augstudy.com\\\/?s={search_term_string}\"},\"query-input\":{\"@type\":\"PropertyValueSpecification\",\"valueRequired\":true,\"valueName\":\"search_term_string\"}}],\"inLanguage\":\"vi\"}]}<\/script>\n<!-- \/ Yoast SEO Premium plugin. -->","yoast_head_json":{"title":"Australia 30 Years Scholarships: Apply Today! - AUG Student Services","description":"Explore the Australia 30 Years Scholarships for students seeking educational funding opportunities in Australia.","robots":{"index":"index","follow":"follow","max-snippet":"max-snippet:-1","max-image-preview":"max-image-preview:large","max-video-preview":"max-video-preview:-1"},"canonical":"https:\/\/augstudy.com\/vi\/hoc-bong\/30-nam\/","og_locale":"vi_VN","og_type":"article","og_title":"Australia 30 Years Scholarships","og_description":"Explore the Australia 30 Years Scholarships for students seeking educational funding opportunities in Australia.","og_url":"https:\/\/augstudy.com\/vi\/hoc-bong\/30-nam\/","og_site_name":"AUG Student Services","article_publisher":"https:\/\/www.facebook.com\/augmalaysia\/","article_modified_time":"2025-08-18T09:42:59+00:00","twitter_card":"summary_large_image","twitter_misc":{"\u01af\u1edbc t\u00ednh th\u1eddi gian \u0111\u1ecdc":"1 ph\u00fat"},"schema":{"@context":"https:\/\/schema.org","@graph":[{"@type":"WebPage","@id":"https:\/\/augstudy.com\/scholarships\/30years\/","url":"https:\/\/augstudy.com\/scholarships\/30years\/","name":"Australia 30 Years Scholarships: Apply Today! - AUG Student Services","isPartOf":{"@id":"https:\/\/augstudy.com\/#website"},"datePublished":"2025-04-08T03:55:12+00:00","dateModified":"2025-08-18T09:42:59+00:00","description":"Explore the Australia 30 Years Scholarships for students seeking educational funding opportunities in Australia.","breadcrumb":{"@id":"https:\/\/augstudy.com\/scholarships\/30years\/#breadcrumb"},"inLanguage":"vi","potentialAction":[{"@type":"ReadAction","target":["https:\/\/augstudy.com\/scholarships\/30years\/"]}]},{"@type":"BreadcrumbList","@id":"https:\/\/augstudy.com\/scholarships\/30years\/#breadcrumb","itemListElement":[{"@type":"ListItem","position":1,"name":"Home","item":"https:\/\/augstudy.com\/"},{"@type":"ListItem","position":2,"name":"Scholarships","item":"https:\/\/augstudy.com\/scholarships\/"},{"@type":"ListItem","position":3,"name":"Australia 30 Years Scholarships"}]},{"@type":"WebSite","@id":"https:\/\/augstudy.com\/#website","url":"https:\/\/augstudy.com\/","name":"D\u1ecbch v\u1ee5 Sinh vi\u00ean AUG","description":"D\u1ecbch v\u1ee5 sinh vi\u00ean","alternateName":"AUG Global","potentialAction":[{"@type":"SearchAction","target":{"@type":"EntryPoint","urlTemplate":"https:\/\/augstudy.com\/?s={search_term_string}"},"query-input":{"@type":"PropertyValueSpecification","valueRequired":true,"valueName":"search_term_string"}}],"inLanguage":"vi"}]}},"_links":{"self":[{"href":"https:\/\/augstudy.com\/vi\/wp-json\/wp\/v2\/pages\/397593","targetHints":{"allow":["GET"]}}],"collection":[{"href":"https:\/\/augstudy.com\/vi\/wp-json\/wp\/v2\/pages"}],"about":[{"href":"https:\/\/augstudy.com\/vi\/wp-json\/wp\/v2\/types\/page"}],"author":[{"embeddable":true,"href":"https:\/\/augstudy.com\/vi\/wp-json\/wp\/v2\/users\/24929"}],"replies":[{"embeddable":true,"href":"https:\/\/augstudy.com\/vi\/wp-json\/wp\/v2\/comments?post=397593"}],"version-history":[{"count":0,"href":"https:\/\/augstudy.com\/vi\/wp-json\/wp\/v2\/pages\/397593\/revisions"}],"up":[{"embeddable":true,"href":"https:\/\/augstudy.com\/vi\/wp-json\/wp\/v2\/pages\/7360"}],"wp:attachment":[{"href":"https:\/\/augstudy.com\/vi\/wp-json\/wp\/v2\/media?parent=397593"}],"curies":[{"name":"wp","href":"https:\/\/api.w.org\/{rel}","templated":true}]}}