{"id":397583,"date":"2025-04-08T11:59:57","date_gmt":"2025-04-08T01:59:57","guid":{"rendered":"https:\/\/augstudy.com\/?page_id=397583"},"modified":"2025-04-28T16:23:31","modified_gmt":"2025-04-28T06:23:31","slug":"malaysia-2","status":"publish","type":"page","link":"https:\/\/augstudy.com\/vi\/30years\/malaysia\/","title":{"rendered":"[AUG Malaysia] 30 Years Follow &#038; Win Campaign"},"content":{"rendered":"<div class=\"vc_row wpb_row vc_row-fluid\"><div class=\"wpb_column vc_column_container vc_col-sm-12\"><div class=\"vc_column-inner\"><div class=\"wpb_wrapper\"><\/div><\/div><\/div><\/div><div class=\"vc_row wpb_row vc_row-fluid vc_custom_1744078965699\"><div class=\"wpb_column vc_column_container vc_col-sm-12\"><div class=\"vc_column-inner\"><div class=\"wpb_wrapper\"><h1 style=\"font-size: 24px;color: #006991;text-align: left;font-family:Roboto;font-weight:700;font-style:normal\" class=\"vc_custom_heading\">C\u01a1 ch\u1ebf cu\u1ed9c thi<\/h1><div class=\"vc_row wpb_row vc_inner vc_row-fluid vc_custom_1745821388009\"><div class=\"wpb_column vc_column_container vc_col-sm-4\"><div class=\"vc_column-inner\"><div class=\"wpb_wrapper\">\n\t<div class=\"wpb_single_image wpb_content_element vc_align_left  wpb_animate_when_almost_visible wpb_left-to-right\">\n\t\t\n\t\t<figure class=\"wpb_wrapper vc_figure\">\n\t\t\t<div class=\"vc_single_image-wrapper vc_box_rounded  vc_box_border_grey\"><img loading=\"lazy\" decoding=\"async\" width=\"1080\" height=\"1350\" src=\"https:\/\/augstudy.com\/aug-website-files\/wp-content\/uploads\/2025\/04\/Malaysia-2.jpg\" class=\"vc_single_image-img attachment-full\" alt=\"\" srcset=\"https:\/\/augstudy.com\/aug-website-files\/wp-content\/uploads\/2025\/04\/Malaysia-2.jpg 1080w, https:\/\/augstudy.com\/aug-website-files\/wp-content\/uploads\/2025\/04\/Malaysia-2-240x300.jpg 240w, https:\/\/augstudy.com\/aug-website-files\/wp-content\/uploads\/2025\/04\/Malaysia-2-819x1024.jpg 819w, https:\/\/augstudy.com\/aug-website-files\/wp-content\/uploads\/2025\/04\/Malaysia-2-768x960.jpg 768w, https:\/\/augstudy.com\/aug-website-files\/wp-content\/uploads\/2025\/04\/Malaysia-2-10x12.jpg 10w\" sizes=\"auto, (max-width: 1080px) 100vw, 1080px\" \/><\/div>\n\t\t<\/figure>\n\t<\/div>\n<\/div><\/div><\/div><div class=\"wpb_column vc_column_container vc_col-sm-8\"><div class=\"vc_column-inner\"><div class=\"wpb_wrapper\">\n\t<div class=\"wpb_text_column wpb_content_element\">\n\t\t<div class=\"wpb_wrapper\">\n\t\t\t<ol>\n<li>The Campaign will take place on the Organizer\u2019s Instagram Page <a style=\"text-decoration: underline;\" href=\"https:\/\/www.instagram.com\/augmalaysia\/\" target=\"_blank\" rel=\"noopener\">AUG Student Services Malaysia<\/a><\/li>\n<li>For Participants to qualify for winning a prize, Participants must follow the Organizer\u2019s Instagram Page, like the campaign post on Instagram, and tag at least three friends in the comment section. All entries must be submitted within the specified campaign period to be considered.<\/li>\n<li>Each Participant can only comment ONCE (1) on the specific Campaign post during the whole duration of the Campaign. Only one (1) entry is permitted per Participant.<\/li>\n<li>At the end of the Campaign, the Organizer will proceed to draw the winners and reach out to the winners via Instagram Direct Message.<\/li>\n<li>The Organizer reserves the right to reject any Participant at its sole and absolute discretion, without having to assign any reasons whatsoever.<\/li>\n<\/ol>\n\n\t\t<\/div>\n\t<\/div>\n<\/div><\/div><\/div><\/div><h2 style=\"font-size: 24px;color: #006991;text-align: left;font-family:Roboto;font-weight:700;font-style:normal\" class=\"vc_custom_heading\">Gi\u1ea3i th\u01b0\u1edfng<\/h2>\n\t<div class=\"wpb_text_column wpb_content_element\">\n\t\t<div class=\"wpb_wrapper\">\n\t\t\t<ul>\n<li>Thirty (30) lucky winners will each receive one (1) AUG Animal Keychain Blind Box.<\/li>\n<\/ul>\n\n\t\t<\/div>\n\t<\/div>\n<div class=\"vc_row wpb_row vc_inner vc_row-fluid\"><div class=\"wpb_column vc_column_container vc_col-sm-4\"><div class=\"vc_column-inner\"><div class=\"wpb_wrapper\">\n\t<div class=\"wpb_single_image wpb_content_element vc_align_center  wpb_animate_when_almost_visible wpb_bottom-to-top\">\n\t\t\n\t\t<figure class=\"wpb_wrapper vc_figure\">\n\t\t\t<div class=\"vc_single_image-wrapper   vc_box_border_grey\"><img loading=\"lazy\" decoding=\"async\" width=\"240\" height=\"300\" src=\"https:\/\/augstudy.com\/aug-website-files\/wp-content\/uploads\/2025\/04\/Kangaroo-240x300.png\" class=\"vc_single_image-img attachment-medium\" alt=\"\" srcset=\"https:\/\/augstudy.com\/aug-website-files\/wp-content\/uploads\/2025\/04\/Kangaroo-240x300.png 240w, https:\/\/augstudy.com\/aug-website-files\/wp-content\/uploads\/2025\/04\/Kangaroo-819x1024.png 819w, https:\/\/augstudy.com\/aug-website-files\/wp-content\/uploads\/2025\/04\/Kangaroo-768x960.png 768w, https:\/\/augstudy.com\/aug-website-files\/wp-content\/uploads\/2025\/04\/Kangaroo-10x12.png 10w, https:\/\/augstudy.com\/aug-website-files\/wp-content\/uploads\/2025\/04\/Kangaroo.png 1080w\" sizes=\"auto, (max-width: 240px) 100vw, 240px\" \/><\/div><figcaption class=\"vc_figure-caption\">Con chu\u1ed9t t\u00fai<\/figcaption>\n\t\t<\/figure>\n\t<\/div>\n<\/div><\/div><\/div><div class=\"wpb_column vc_column_container vc_col-sm-4\"><div class=\"vc_column-inner\"><div class=\"wpb_wrapper\">\n\t<div class=\"wpb_single_image wpb_content_element vc_align_center  wpb_animate_when_almost_visible wpb_bottom-to-top\">\n\t\t\n\t\t<figure class=\"wpb_wrapper vc_figure\">\n\t\t\t<div class=\"vc_single_image-wrapper   vc_box_border_grey\"><img loading=\"lazy\" decoding=\"async\" width=\"240\" height=\"300\" src=\"https:\/\/augstudy.com\/aug-website-files\/wp-content\/uploads\/2025\/04\/Koala-240x300.png\" class=\"vc_single_image-img attachment-medium\" alt=\"\" srcset=\"https:\/\/augstudy.com\/aug-website-files\/wp-content\/uploads\/2025\/04\/Koala-240x300.png 240w, https:\/\/augstudy.com\/aug-website-files\/wp-content\/uploads\/2025\/04\/Koala-819x1024.png 819w, https:\/\/augstudy.com\/aug-website-files\/wp-content\/uploads\/2025\/04\/Koala-768x960.png 768w, https:\/\/augstudy.com\/aug-website-files\/wp-content\/uploads\/2025\/04\/Koala-10x12.png 10w, https:\/\/augstudy.com\/aug-website-files\/wp-content\/uploads\/2025\/04\/Koala.png 1080w\" sizes=\"auto, (max-width: 240px) 100vw, 240px\" \/><\/div><figcaption class=\"vc_figure-caption\">G\u1ea5u t\u00fai<\/figcaption>\n\t\t<\/figure>\n\t<\/div>\n<\/div><\/div><\/div><div class=\"wpb_column vc_column_container vc_col-sm-4\"><div class=\"vc_column-inner\"><div class=\"wpb_wrapper\">\n\t<div class=\"wpb_single_image wpb_content_element vc_align_center  wpb_animate_when_almost_visible wpb_bottom-to-top\">\n\t\t\n\t\t<figure class=\"wpb_wrapper vc_figure\">\n\t\t\t<div class=\"vc_single_image-wrapper   vc_box_border_grey\"><img loading=\"lazy\" decoding=\"async\" width=\"240\" height=\"300\" src=\"https:\/\/augstudy.com\/aug-website-files\/wp-content\/uploads\/2025\/04\/Platypus-240x300.png\" class=\"vc_single_image-img attachment-medium\" alt=\"\" srcset=\"https:\/\/augstudy.com\/aug-website-files\/wp-content\/uploads\/2025\/04\/Platypus-240x300.png 240w, https:\/\/augstudy.com\/aug-website-files\/wp-content\/uploads\/2025\/04\/Platypus-819x1024.png 819w, https:\/\/augstudy.com\/aug-website-files\/wp-content\/uploads\/2025\/04\/Platypus-768x960.png 768w, https:\/\/augstudy.com\/aug-website-files\/wp-content\/uploads\/2025\/04\/Platypus-10x12.png 10w, https:\/\/augstudy.com\/aug-website-files\/wp-content\/uploads\/2025\/04\/Platypus.png 1080w\" sizes=\"auto, (max-width: 240px) 100vw, 240px\" \/><\/div><figcaption class=\"vc_figure-caption\">Th\u00fa m\u1ecf v\u1ecbt<\/figcaption>\n\t\t<\/figure>\n\t<\/div>\n<\/div><\/div><\/div><\/div><h2 style=\"font-size: 24px;color: #006991;text-align: left;font-family:Roboto;font-weight:700;font-style:normal\" class=\"vc_custom_heading\">Terms<\/h2>\n\t<div class=\"wpb_text_column wpb_content_element\">\n\t\t<div class=\"wpb_wrapper\">\n\t\t\t<ol>\n<li>Prizes are not exchangeable, transferable, or redeemable in any other form for whatever reason.<\/li>\n<li>Contest winners are required to collect the prize personally. Winners will claim their prizes at the AUG\u2019s education fair or at their nearest AUG office.<\/li>\n<li>The winner shall be responsible for all costs in connection with the redemption and collection of their prize.<\/li>\n<li>The eligibility to be selected for the lucky draw will consist of qualified individuals selected by the organizer.<\/li>\n<li>The decision of the Organizer is final, and no enquiries, verbal or written, shall be entertained.<\/li>\n<li>By participating in the \u201cAUG30Years Follow &amp; Win\u201d campaign, participants acknowledge that they have read, understood, and agree to abide by terms and conditions stipulated.<\/li>\n<li>The Organizer and its partners reserve the right to use any photographs (including those of Participants), motion pictures, recordings, or any other media records of the Campaign, for any legitimate purpose including commercial advertising and distribution to sponsors anywhere in the world without any notification and\/or payment to the Participants.<\/li>\n<li>The Organizer reserves the right to disqualify any Participant who violates any terms and conditions, including failure to respond to our Instagram Direct Message within 48 hours and to complete the validity check form required for prize collection.<\/li>\n<li>By participating in the Campaign, the Participant agrees and provides consent to the Organiser for the use of any personal data inherently for the purpose of participation in this Campaign in line with the Personal Data Protection (Amendment) Act 2024 and other applicable laws, to the extent that any personal data provided shall only be processed and be used by the Organiser for lawful purpose directly related to the running of this Campaign, including but not limited to the purposes of promotional events, advertising, marketing and any administrative matters to facilitate the management and organizing of this Campaign.<\/li>\n<\/ol>\n\n\t\t<\/div>\n\t<\/div>\n<h2 style=\"font-size: 24px;color: #006991;text-align: left;font-family:Roboto;font-weight:700;font-style:normal\" class=\"vc_custom_heading\">Winners Announcement<\/h2>\n\t<div class=\"wpb_text_column wpb_content_element\">\n\t\t<div class=\"wpb_wrapper\">\n\t\t\t<ol>\n<li>The Organiser will announce the thirty (30) winners via the Organiser\u2019s Instagram Page on 16th June 2025 (Monday).<\/li>\n<li>The Organiser will contact the winners via Instagram Direct Message for prize collection arrangements.<\/li>\n<\/ol>\n\n\t\t<\/div>\n\t<\/div>\n<\/div><\/div><\/div><\/div>","protected":false},"excerpt":{"rendered":"Contest Mechanics The Campaign will take place on the Organizer\u2019s Instagram Page AUG Student Services Malaysia For Participants to qualify for winning a prize, Participants must follow the Organizer\u2019s Instagram Page, like the campaign post on Instagram, and tag at least three friends in the comment section. All entries must be submitted within the specified [...]","protected":false},"author":24929,"featured_media":0,"parent":390209,"menu_order":0,"comment_status":"closed","ping_status":"closed","template":"","meta":{"footnotes":""},"class_list":["post-397583","page","type-page","status-publish","hentry"],"yoast_head":"<!-- This site is optimized with the Yoast SEO Premium plugin v27.0 (Yoast SEO v27.3) - https:\/\/yoast.com\/product\/yoast-seo-premium-wordpress\/ -->\n<title>[AUG Malaysia] 30 Years Follow &amp; Win Campaign - AUG Student Services<\/title>\n<meta name=\"description\" content=\"Free counselling for university selection, scholarships and visa applications. Let AUG Student Services fast-track your study-abroad journey today.\" \/>\n<meta name=\"robots\" content=\"index, follow, max-snippet:-1, max-image-preview:large, max-video-preview:-1\" \/>\n<link rel=\"canonical\" href=\"https:\/\/augstudy.com\/vi\/30-nam\/malaysia-2\/\" \/>\n<meta property=\"og:locale\" content=\"vi_VN\" \/>\n<meta property=\"og:type\" content=\"article\" \/>\n<meta property=\"og:title\" content=\"[AUG Malaysia] 30 Years Follow &amp; Win Campaign\" \/>\n<meta property=\"og:description\" content=\"Free counselling for university selection, scholarships and visa applications. Let AUG Student Services fast-track your study-abroad journey today.\" \/>\n<meta property=\"og:url\" content=\"https:\/\/augstudy.com\/vi\/30-nam\/malaysia-2\/\" \/>\n<meta property=\"og:site_name\" content=\"AUG Student Services\" \/>\n<meta property=\"article:publisher\" content=\"https:\/\/www.facebook.com\/augmalaysia\/\" \/>\n<meta property=\"article:modified_time\" content=\"2025-04-28T06:23:31+00:00\" \/>\n<meta name=\"twitter:card\" content=\"summary_large_image\" \/>\n<meta name=\"twitter:label1\" content=\"\u01af\u1edbc t\u00ednh th\u1eddi gian \u0111\u1ecdc\" \/>\n\t<meta name=\"twitter:data1\" content=\"3 ph\u00fat\" \/>\n<script type=\"application\/ld+json\" class=\"yoast-schema-graph\">{\"@context\":\"https:\\\/\\\/schema.org\",\"@graph\":[{\"@type\":\"WebPage\",\"@id\":\"https:\\\/\\\/augstudy.com\\\/30years\\\/malaysia\\\/\",\"url\":\"https:\\\/\\\/augstudy.com\\\/30years\\\/malaysia\\\/\",\"name\":\"[AUG Malaysia] 30 Years Follow & Win Campaign - AUG Student Services\",\"isPartOf\":{\"@id\":\"https:\\\/\\\/augstudy.com\\\/#website\"},\"datePublished\":\"2025-04-08T01:59:57+00:00\",\"dateModified\":\"2025-04-28T06:23:31+00:00\",\"description\":\"Free counselling for university selection, scholarships and visa applications. Let AUG Student Services fast-track your study-abroad journey today.\",\"breadcrumb\":{\"@id\":\"https:\\\/\\\/augstudy.com\\\/30years\\\/malaysia\\\/#breadcrumb\"},\"inLanguage\":\"vi\",\"potentialAction\":[{\"@type\":\"ReadAction\",\"target\":[\"https:\\\/\\\/augstudy.com\\\/30years\\\/malaysia\\\/\"]}]},{\"@type\":\"BreadcrumbList\",\"@id\":\"https:\\\/\\\/augstudy.com\\\/30years\\\/malaysia\\\/#breadcrumb\",\"itemListElement\":[{\"@type\":\"ListItem\",\"position\":1,\"name\":\"Home\",\"item\":\"https:\\\/\\\/augstudy.com\\\/\"},{\"@type\":\"ListItem\",\"position\":2,\"name\":\"30th Anniversary\",\"item\":\"https:\\\/\\\/augstudy.com\\\/30years\\\/\"},{\"@type\":\"ListItem\",\"position\":3,\"name\":\"[AUG Malaysia] 30 Years Follow &#038; Win Campaign\"}]},{\"@type\":\"WebSite\",\"@id\":\"https:\\\/\\\/augstudy.com\\\/#website\",\"url\":\"https:\\\/\\\/augstudy.com\\\/\",\"name\":\"AUG Student Services\",\"description\":\"Student Services\",\"alternateName\":\"AUG Global\",\"potentialAction\":[{\"@type\":\"SearchAction\",\"target\":{\"@type\":\"EntryPoint\",\"urlTemplate\":\"https:\\\/\\\/augstudy.com\\\/?s={search_term_string}\"},\"query-input\":{\"@type\":\"PropertyValueSpecification\",\"valueRequired\":true,\"valueName\":\"search_term_string\"}}],\"inLanguage\":\"vi\"}]}<\/script>\n<!-- \/ Yoast SEO Premium plugin. -->","yoast_head_json":{"title":"[AUG Malaysia] 30 Years Follow & Win Campaign - AUG Student Services","description":"T\u01b0 v\u1ea5n mi\u1ec5n ph\u00ed v\u1ec1 ch\u1ecdn tr\u01b0\u1eddng \u0111\u1ea1i h\u1ecdc, h\u1ecdc b\u1ed5ng v\u00e0 xin th\u1ecb th\u1ef1c. H\u00e3y \u0111\u1ec3 D\u1ecbch v\u1ee5 Sinh vi\u00ean AUG gi\u00fap b\u1ea1n nhanh ch\u00f3ng ho\u00e0n th\u00e0nh h\u00e0nh tr\u00ecnh du h\u1ecdc ngay h\u00f4m nay.","robots":{"index":"index","follow":"follow","max-snippet":"max-snippet:-1","max-image-preview":"max-image-preview:large","max-video-preview":"max-video-preview:-1"},"canonical":"https:\/\/augstudy.com\/vi\/30-nam\/malaysia-2\/","og_locale":"vi_VN","og_type":"article","og_title":"[AUG Malaysia] 30 Years Follow & Win Campaign","og_description":"Free counselling for university selection, scholarships and visa applications. Let AUG Student Services fast-track your study-abroad journey today.","og_url":"https:\/\/augstudy.com\/vi\/30-nam\/malaysia-2\/","og_site_name":"AUG Student Services","article_publisher":"https:\/\/www.facebook.com\/augmalaysia\/","article_modified_time":"2025-04-28T06:23:31+00:00","twitter_card":"summary_large_image","twitter_misc":{"\u01af\u1edbc t\u00ednh th\u1eddi gian \u0111\u1ecdc":"3 ph\u00fat"},"schema":{"@context":"https:\/\/schema.org","@graph":[{"@type":"WebPage","@id":"https:\/\/augstudy.com\/30years\/malaysia\/","url":"https:\/\/augstudy.com\/30years\/malaysia\/","name":"[AUG Malaysia] 30 Years Follow & Win Campaign - AUG Student Services","isPartOf":{"@id":"https:\/\/augstudy.com\/#website"},"datePublished":"2025-04-08T01:59:57+00:00","dateModified":"2025-04-28T06:23:31+00:00","description":"T\u01b0 v\u1ea5n mi\u1ec5n ph\u00ed v\u1ec1 ch\u1ecdn tr\u01b0\u1eddng \u0111\u1ea1i h\u1ecdc, h\u1ecdc b\u1ed5ng v\u00e0 xin th\u1ecb th\u1ef1c. H\u00e3y \u0111\u1ec3 D\u1ecbch v\u1ee5 Sinh vi\u00ean AUG gi\u00fap b\u1ea1n nhanh ch\u00f3ng ho\u00e0n th\u00e0nh h\u00e0nh tr\u00ecnh du h\u1ecdc ngay h\u00f4m nay.","breadcrumb":{"@id":"https:\/\/augstudy.com\/30years\/malaysia\/#breadcrumb"},"inLanguage":"vi","potentialAction":[{"@type":"ReadAction","target":["https:\/\/augstudy.com\/30years\/malaysia\/"]}]},{"@type":"BreadcrumbList","@id":"https:\/\/augstudy.com\/30years\/malaysia\/#breadcrumb","itemListElement":[{"@type":"ListItem","position":1,"name":"Home","item":"https:\/\/augstudy.com\/"},{"@type":"ListItem","position":2,"name":"30th Anniversary","item":"https:\/\/augstudy.com\/30years\/"},{"@type":"ListItem","position":3,"name":"[AUG Malaysia] 30 Years Follow &#038; Win Campaign"}]},{"@type":"WebSite","@id":"https:\/\/augstudy.com\/#website","url":"https:\/\/augstudy.com\/","name":"D\u1ecbch v\u1ee5 Sinh vi\u00ean AUG","description":"D\u1ecbch v\u1ee5 sinh vi\u00ean","alternateName":"AUG Global","potentialAction":[{"@type":"SearchAction","target":{"@type":"EntryPoint","urlTemplate":"https:\/\/augstudy.com\/?s={search_term_string}"},"query-input":{"@type":"PropertyValueSpecification","valueRequired":true,"valueName":"search_term_string"}}],"inLanguage":"vi"}]}},"_links":{"self":[{"href":"https:\/\/augstudy.com\/vi\/wp-json\/wp\/v2\/pages\/397583","targetHints":{"allow":["GET"]}}],"collection":[{"href":"https:\/\/augstudy.com\/vi\/wp-json\/wp\/v2\/pages"}],"about":[{"href":"https:\/\/augstudy.com\/vi\/wp-json\/wp\/v2\/types\/page"}],"author":[{"embeddable":true,"href":"https:\/\/augstudy.com\/vi\/wp-json\/wp\/v2\/users\/24929"}],"replies":[{"embeddable":true,"href":"https:\/\/augstudy.com\/vi\/wp-json\/wp\/v2\/comments?post=397583"}],"version-history":[{"count":0,"href":"https:\/\/augstudy.com\/vi\/wp-json\/wp\/v2\/pages\/397583\/revisions"}],"up":[{"embeddable":true,"href":"https:\/\/augstudy.com\/vi\/wp-json\/wp\/v2\/pages\/390209"}],"wp:attachment":[{"href":"https:\/\/augstudy.com\/vi\/wp-json\/wp\/v2\/media?parent=397583"}],"curies":[{"name":"wp","href":"https:\/\/api.w.org\/{rel}","templated":true}]}}