{"id":395,"date":"2016-07-01T16:12:31","date_gmt":"2016-07-01T16:12:31","guid":{"rendered":"http:\/\/www.nicdarkthemes.com\/themes\/education\/wp\/demo\/food\/?page_id=395"},"modified":"2025-08-15T15:06:43","modified_gmt":"2025-08-15T05:06:43","slug":"tai-khoan-aug","status":"publish","type":"page","link":"https:\/\/augstudy.com\/vi\/aug-account\/","title":{"rendered":"T\u00e0i kho\u1ea3n sinh vi\u00ean AUG"},"content":{"rendered":"<div class=\"vc_row wpb_row vc_row-fluid aug_header\"><div class=\"wpb_column vc_column_container vc_col-sm-12\"><div class=\"vc_column-inner\"><div class=\"wpb_wrapper\">\n\t<div class=\"wpb_raw_code wpb_content_element wpb_raw_html\">\n\t\t<div class=\"wpb_wrapper\">\n\t\t\t<a href=\"\/vi\/giup-do\/\"><h1>Ch\u00fang t\u00f4i c\u00f3 th\u1ec3 gi\u00fap<\/h1><\/a>\n<div class=\"aug_border\"><\/div>\n\t\t<\/div>\n\t<\/div>\n<\/div><\/div><\/div><\/div><div class=\"vc_row wpb_row vc_row-fluid\"><div class=\"wpb_column vc_column_container vc_col-sm-12\"><div class=\"vc_column-inner\"><div class=\"wpb_wrapper\">\r\n\r\n            <div class=\"nd_learning_section\">\r\n              <div class=\"nd_learning_width_50_percentage nd_learning_float_left nd_learning_box_sizing_border_box nd_learning_padding_30 nd_learning_width_100_percentage_responsive\">\r\n                \r\n                <div class=\"nd_learning_section nd_learning_border_radius_3 nd_learning_border_1_solid_grey nd_learning_padding_30 nd_learning_box_sizing_border_box\">\r\n                    \r\n                    <h6 class=\"nd_options_second_font nd_options_bg_yellow nd_learning_padding_5_10 nd_learning_border_radius_3 nd_learning_display_inline_block\">\u0110\u00c3 L\u00c0 TH\u00c0NH VI\u00caN HAY CH\u01afA<\/h6>\r\n                    <div class=\"nd_learning_section nd_learning_height_5\"><\/div>\r\n                    <h4><strong>\u0110\u0103ng nh\u1eadp<\/strong><\/h4>\r\n\r\n                    <form name=\"nd_learning_shortcode_account_login_form\" id=\"nd_learning_shortcode_account_login_form\" action=\"https:\/\/augstudy.com\/aug-website-files\/wp-login.php\" method=\"post\"><p class=\"login-username\">\n\t\t\t\t<label for=\"user_login\">t\u00ean t\u00e0i kho\u1ea3n<\/label>\n\t\t\t\t<input type=\"text\" name=\"log\" id=\"user_login\" autocomplete=\"username\" class=\"input\" value=\"\" size=\"20\" \/>\n\t\t\t<\/p><p class=\"login-password\">\n\t\t\t\t<label for=\"user_pass\">M\u1eadt kh\u1ea9u<\/label>\n\t\t\t\t<input type=\"password\" name=\"pwd\" id=\"user_pass\" autocomplete=\"current-password\" spellcheck=\"false\" class=\"input\" value=\"\" size=\"20\" \/>\n\t\t\t<\/p><p class=\"login-submit\">\n\t\t\t\t<input type=\"submit\" name=\"wp-submit\" id=\"aug_login_form_submit\" class=\"button button-primary\" value=\"\u0110I\" \/>\n\t\t\t\t<input type=\"hidden\" name=\"redirect_to\" value=\"https:\/\/augstudy.com\/aug-website-files\/aug-account\" \/>\n\t\t\t<\/p><\/form> \r\n                <\/div>\r\n\r\n                \r\n              <\/div>\r\n\r\n        \r\n\r\n            <div class=\"nd_learning_width_50_percentage nd_learning_float_left nd_learning_box_sizing_border_box nd_learning_padding_15 nd_learning_width_100_percentage_responsive\">\r\n\r\n\r\n                <div class=\"nd_learning_opacity_04 nd_learning_section nd_learning_bg_white nd_learning_border_radius_3 nd_learning_border_1_solid_grey nd_learning_padding_20 nd_learning_box_sizing_border_box\">\r\n                \r\n                    <h6 class=\"nd_options_second_font nd_learning_bg_orange nd_learning_padding_5 nd_learning_border_radius_3 nd_learning_color_white_important nd_learning_display_inline_block\">T\u00d4I KH\u00d4NG C\u00d3 T\u00c0I KHO\u1ea2N<\/h6>\r\n                    <div class=\"nd_learning_section nd_learning_height_5\"><\/div>\r\n                    <h2><strong>\u0110\u0103ng k\u00fd b\u1ecb v\u00f4 hi\u1ec7u h\u00f3a<\/strong><\/h2>\r\n\r\n                    \r\n                    <form action=\"#\" method=\"post\" data-trp-original-action=\"#\">\r\n                        <p>\r\n                          <label class=\"nd_learning_section nd_learning_margin_top_20\">T\u00ean t\u00e0i kho\u1ea3n *<\/label>\r\n                          <input readonly type=\"text\" name=\"nd_learning_username\" class=\"nd_learning_section\" value=\"\">\r\n                        <\/p>\r\n                        <p>\r\n                          <label class=\"nd_learning_section nd_learning_margin_top_20\">M\u1eadt kh\u1ea9u *<\/label>\r\n                          <input readonly type=\"password\" name=\"nd_learning_password\" class=\"nd_learning_section\" value=\"\">\r\n                        <\/p>\r\n                        <p>\r\n                          <label class=\"nd_learning_section nd_learning_margin_top_20\">Email *<\/label>\r\n                          <input readonly type=\"text\" name=\"nd_learning_email\" class=\"nd_learning_section\" value=\"\">\r\n                        <\/p>\r\n                        <p>\r\n                          <label class=\"nd_learning_section nd_learning_margin_top_20\">Trang m\u1ea1ng<\/label>\r\n                          <input readonly type=\"text\" name=\"nd_learning_website\" class=\"nd_learning_section\" value=\"\">\r\n                        <\/p>\r\n                        <p>\r\n                          <label class=\"nd_learning_section nd_learning_margin_top_20\">T\u00ean \u0111\u1ea7u ti\u00ean<\/label>\r\n                          <input readonly type=\"text\" name=\"nd_learning_first_name\" class=\"nd_learning_section\" value=\"\">\r\n                        <\/p>\r\n                        <p>\r\n                          <label class=\"nd_learning_section nd_learning_margin_top_20\">H\u1ecd<\/label>\r\n                          <input readonly type=\"text\" name=\"nd_learning_last_name\" class=\"nd_learning_section\" value=\"\">\r\n                        <\/p>\r\n                        <p>\r\n                          <label class=\"nd_learning_section nd_learning_margin_top_20\">T\u00ean nick<\/label>\r\n                          <input readonly type=\"text\" name=\"nd_learning_nickname\" class=\"nd_learning_section\" value=\"\">\r\n                        <\/p>\r\n                        <p>\r\n                          <label class=\"nd_learning_section nd_learning_margin_top_20\">Gi\u1edbi thi\u1ec7u \/ Ti\u1ec3u s\u1eed<\/label>\r\n                          <textarea readonly class=\"nd_learning_section\" name=\"nd_learning_bio\"><\/textarea>\r\n                        <\/p>\r\n                        <input disabled class=\"nd_learning_section nd_learning_margin_top_20\" type=\"submit\" name=\"submit\" value=\"\u0110\u0103ng k\u00fd b\u1ecb v\u00f4 hi\u1ec7u h\u00f3a\">\r\n                    <input type=\"hidden\" name=\"trp-form-language\" value=\"vi\"\/><\/form>\r\n    \r\n\r\n                <\/div>\r\n\r\n\r\n              <\/div><\/div>\n\t<div class=\"wpb_text_column wpb_content_element\">\n\t\t<div class=\"wpb_wrapper\">\n\t\t\t<p>&nbsp;<\/p>\n\n\n\t\t<\/div>\n\t<\/div>\n<\/div><\/div><\/div><\/div>","protected":false},"excerpt":{"rendered":"Ch\u00fang t\u00f4i c\u00f3 th\u1ec3 gi\u00fap B\u1ea0N \u0110\u00c3 L\u00c0 TH\u00c0NH VI\u00caN \u0110\u0103ng nh\u1eadp T\u00ean ng\u01b0\u1eddi d\u00f9ng M\u1eadt kh\u1ea9u T\u00f4i KH\u00d4NG C\u00d3 T\u00c0I KHO\u1ea2N \u0110\u0103ng k\u00fd B\u1ecb v\u00f4 hi\u1ec7u h\u00f3a T\u00ean ng\u01b0\u1eddi d\u00f9ng * M\u1eadt kh\u1ea9u * Email * Trang web T\u00ean H\u1ecd Bi\u1ec7t hi\u1ec7u Gi\u1edbi thi\u1ec7u \/ Bio &nbsp;","protected":false},"author":1,"featured_media":0,"parent":0,"menu_order":0,"comment_status":"closed","ping_status":"closed","template":"","meta":{"footnotes":""},"class_list":["post-395","page","type-page","status-publish","hentry"],"yoast_head":"<!-- This site is optimized with the Yoast SEO Premium plugin v27.5 (Yoast SEO v27.5) - https:\/\/yoast.com\/product\/yoast-seo-premium-wordpress\/ -->\n<title>AUG Account Page: Your Central Hub for Access - AUG Student Services<\/title>\n<meta name=\"description\" content=\"Get the most out of your AUG Account page. Explore its functions and how it enhances your online experience.\" \/>\n<meta name=\"robots\" content=\"index, follow, max-snippet:-1, max-image-preview:large, max-video-preview:-1\" \/>\n<link rel=\"canonical\" href=\"https:\/\/augstudy.com\/vi\/tai-khoan-aug\/\" \/>\n<meta property=\"og:locale\" content=\"vi_VN\" \/>\n<meta property=\"og:type\" content=\"article\" \/>\n<meta property=\"og:title\" content=\"AUG Student Account\" \/>\n<meta property=\"og:description\" content=\"Get the most out of your AUG Account page. Explore its functions and how it enhances your online experience.\" \/>\n<meta property=\"og:url\" content=\"https:\/\/augstudy.com\/vi\/tai-khoan-aug\/\" \/>\n<meta property=\"og:site_name\" content=\"AUG Student Services\" \/>\n<meta property=\"article:publisher\" content=\"https:\/\/www.facebook.com\/augmalaysia\/\" \/>\n<meta property=\"article:modified_time\" content=\"2025-08-15T05:06:43+00:00\" \/>\n<meta name=\"twitter:card\" content=\"summary_large_image\" \/>\n<meta name=\"twitter:label1\" content=\"\u01af\u1edbc t\u00ednh th\u1eddi gian \u0111\u1ecdc\" \/>\n\t<meta name=\"twitter:data1\" content=\"1 ph\u00fat\" \/>\n<script type=\"application\/ld+json\" class=\"yoast-schema-graph\">{\"@context\":\"https:\\\/\\\/schema.org\",\"@graph\":[{\"@type\":\"WebPage\",\"@id\":\"https:\\\/\\\/augstudy.com\\\/aug-account\\\/\",\"url\":\"https:\\\/\\\/augstudy.com\\\/aug-account\\\/\",\"name\":\"AUG Account Page: Your Central Hub for Access - AUG Student Services\",\"isPartOf\":{\"@id\":\"https:\\\/\\\/augstudy.com\\\/#website\"},\"datePublished\":\"2016-07-01T16:12:31+00:00\",\"dateModified\":\"2025-08-15T05:06:43+00:00\",\"description\":\"Get the most out of your AUG Account page. Explore its functions and how it enhances your online experience.\",\"breadcrumb\":{\"@id\":\"https:\\\/\\\/augstudy.com\\\/aug-account\\\/#breadcrumb\"},\"inLanguage\":\"vi\",\"potentialAction\":[{\"@type\":\"ReadAction\",\"target\":[\"https:\\\/\\\/augstudy.com\\\/aug-account\\\/\"]}]},{\"@type\":\"BreadcrumbList\",\"@id\":\"https:\\\/\\\/augstudy.com\\\/aug-account\\\/#breadcrumb\",\"itemListElement\":[{\"@type\":\"ListItem\",\"position\":1,\"name\":\"Home\",\"item\":\"https:\\\/\\\/augstudy.com\\\/\"},{\"@type\":\"ListItem\",\"position\":2,\"name\":\"AUG Student Account\"}]},{\"@type\":\"WebSite\",\"@id\":\"https:\\\/\\\/augstudy.com\\\/#website\",\"url\":\"https:\\\/\\\/augstudy.com\\\/\",\"name\":\"AUG Student Services\",\"description\":\"Student Services\",\"alternateName\":\"AUG Global\",\"potentialAction\":[{\"@type\":\"SearchAction\",\"target\":{\"@type\":\"EntryPoint\",\"urlTemplate\":\"https:\\\/\\\/augstudy.com\\\/?s={search_term_string}\"},\"query-input\":{\"@type\":\"PropertyValueSpecification\",\"valueRequired\":true,\"valueName\":\"search_term_string\"}}],\"inLanguage\":\"vi\"}]}<\/script>\n<!-- \/ Yoast SEO Premium plugin. -->","yoast_head_json":{"title":"Trang t\u00e0i kho\u1ea3n AUG: Trung t\u00e2m truy c\u1eadp c\u1ee7a b\u1ea1n - D\u1ecbch v\u1ee5 sinh vi\u00ean AUG","description":"T\u1eadn d\u1ee5ng t\u1ed1i \u0111a trang T\u00e0i kho\u1ea3n AUG c\u1ee7a b\u1ea1n. Kh\u00e1m ph\u00e1 c\u00e1c ch\u1ee9c n\u0103ng c\u1ee7a trang v\u00e0 c\u00e1ch n\u00f3 n\u00e2ng cao tr\u1ea3i nghi\u1ec7m tr\u1ef1c tuy\u1ebfn c\u1ee7a b\u1ea1n.","robots":{"index":"index","follow":"follow","max-snippet":"max-snippet:-1","max-image-preview":"max-image-preview:large","max-video-preview":"max-video-preview:-1"},"canonical":"https:\/\/augstudy.com\/vi\/tai-khoan-aug\/","og_locale":"vi_VN","og_type":"article","og_title":"AUG Student Account","og_description":"Get the most out of your AUG Account page. Explore its functions and how it enhances your online experience.","og_url":"https:\/\/augstudy.com\/vi\/tai-khoan-aug\/","og_site_name":"AUG Student Services","article_publisher":"https:\/\/www.facebook.com\/augmalaysia\/","article_modified_time":"2025-08-15T05:06:43+00:00","twitter_card":"summary_large_image","twitter_misc":{"\u01af\u1edbc t\u00ednh th\u1eddi gian \u0111\u1ecdc":"1 ph\u00fat"},"schema":{"@context":"https:\/\/schema.org","@graph":[{"@type":"WebPage","@id":"https:\/\/augstudy.com\/aug-account\/","url":"https:\/\/augstudy.com\/aug-account\/","name":"Trang t\u00e0i kho\u1ea3n AUG: Trung t\u00e2m truy c\u1eadp c\u1ee7a b\u1ea1n - D\u1ecbch v\u1ee5 sinh vi\u00ean AUG","isPartOf":{"@id":"https:\/\/augstudy.com\/#website"},"datePublished":"2016-07-01T16:12:31+00:00","dateModified":"2025-08-15T05:06:43+00:00","description":"T\u1eadn d\u1ee5ng t\u1ed1i \u0111a trang T\u00e0i kho\u1ea3n AUG c\u1ee7a b\u1ea1n. Kh\u00e1m ph\u00e1 c\u00e1c ch\u1ee9c n\u0103ng c\u1ee7a trang v\u00e0 c\u00e1ch n\u00f3 n\u00e2ng cao tr\u1ea3i nghi\u1ec7m tr\u1ef1c tuy\u1ebfn c\u1ee7a b\u1ea1n.","breadcrumb":{"@id":"https:\/\/augstudy.com\/aug-account\/#breadcrumb"},"inLanguage":"vi","potentialAction":[{"@type":"ReadAction","target":["https:\/\/augstudy.com\/aug-account\/"]}]},{"@type":"BreadcrumbList","@id":"https:\/\/augstudy.com\/aug-account\/#breadcrumb","itemListElement":[{"@type":"ListItem","position":1,"name":"Home","item":"https:\/\/augstudy.com\/"},{"@type":"ListItem","position":2,"name":"AUG Student Account"}]},{"@type":"WebSite","@id":"https:\/\/augstudy.com\/#website","url":"https:\/\/augstudy.com\/","name":"D\u1ecbch v\u1ee5 Sinh vi\u00ean AUG","description":"D\u1ecbch v\u1ee5 sinh vi\u00ean","alternateName":"AUG Global","potentialAction":[{"@type":"SearchAction","target":{"@type":"EntryPoint","urlTemplate":"https:\/\/augstudy.com\/?s={search_term_string}"},"query-input":{"@type":"PropertyValueSpecification","valueRequired":true,"valueName":"search_term_string"}}],"inLanguage":"vi"}]}},"_links":{"self":[{"href":"https:\/\/augstudy.com\/vi\/wp-json\/wp\/v2\/pages\/395","targetHints":{"allow":["GET"]}}],"collection":[{"href":"https:\/\/augstudy.com\/vi\/wp-json\/wp\/v2\/pages"}],"about":[{"href":"https:\/\/augstudy.com\/vi\/wp-json\/wp\/v2\/types\/page"}],"author":[{"embeddable":true,"href":"https:\/\/augstudy.com\/vi\/wp-json\/wp\/v2\/users\/1"}],"replies":[{"embeddable":true,"href":"https:\/\/augstudy.com\/vi\/wp-json\/wp\/v2\/comments?post=395"}],"version-history":[{"count":0,"href":"https:\/\/augstudy.com\/vi\/wp-json\/wp\/v2\/pages\/395\/revisions"}],"wp:attachment":[{"href":"https:\/\/augstudy.com\/vi\/wp-json\/wp\/v2\/media?parent=395"}],"curies":[{"name":"wp","href":"https:\/\/api.w.org\/{rel}","templated":true}]}}