{"id":394997,"date":"2025-01-14T18:40:53","date_gmt":"2025-01-14T07:40:53","guid":{"rendered":"https:\/\/augstudy.com\/?page_id=394997"},"modified":"2025-01-14T19:07:56","modified_gmt":"2025-01-14T08:07:56","slug":"hoi-cho-giao-duc-malaysia-go-uk-thang-8","status":"publish","type":"page","link":"https:\/\/augstudy.com\/vi\/malaysia\/events\/aug-malaysia-go-uk-education-fair\/","title":{"rendered":"[AUG Malaysia] GO! UK Education Fair"},"content":{"rendered":"<div data-vc-full-width=\"true\" data-vc-full-width-init=\"false\" class=\"vc_row wpb_row vc_row-fluid vc_custom_1736840173064 vc_row-has-fill vc_row-o-content-middle vc_row-flex\"><div class=\"wpb_column vc_column_container vc_col-sm-12\"><div class=\"vc_column-inner vc_custom_1661838891579\"><div class=\"wpb_wrapper\">\n\t<div class=\"wpb_single_image wpb_content_element vc_align_center  vc_custom_1736839824366\">\n\t\t\n\t\t<figure class=\"wpb_wrapper vc_figure\">\n\t\t\t<div class=\"vc_single_image-wrapper   vc_box_border_grey\"><img loading=\"lazy\" decoding=\"async\" width=\"2084\" height=\"771\" src=\"https:\/\/augstudy.com\/aug-website-files\/wp-content\/uploads\/2025\/01\/aug_myevents_go_uk_education_fair_090325_2084x771.jpg\" class=\"vc_single_image-img attachment-full\" alt=\"\" srcset=\"https:\/\/augstudy.com\/aug-website-files\/wp-content\/uploads\/2025\/01\/aug_myevents_go_uk_education_fair_090325_2084x771.jpg 2084w, https:\/\/augstudy.com\/aug-website-files\/wp-content\/uploads\/2025\/01\/aug_myevents_go_uk_education_fair_090325_2084x771-300x111.jpg 300w, https:\/\/augstudy.com\/aug-website-files\/wp-content\/uploads\/2025\/01\/aug_myevents_go_uk_education_fair_090325_2084x771-1024x379.jpg 1024w, https:\/\/augstudy.com\/aug-website-files\/wp-content\/uploads\/2025\/01\/aug_myevents_go_uk_education_fair_090325_2084x771-768x284.jpg 768w, https:\/\/augstudy.com\/aug-website-files\/wp-content\/uploads\/2025\/01\/aug_myevents_go_uk_education_fair_090325_2084x771-1536x568.jpg 1536w, https:\/\/augstudy.com\/aug-website-files\/wp-content\/uploads\/2025\/01\/aug_myevents_go_uk_education_fair_090325_2084x771-2048x758.jpg 2048w, https:\/\/augstudy.com\/aug-website-files\/wp-content\/uploads\/2025\/01\/aug_myevents_go_uk_education_fair_090325_2084x771-18x7.jpg 18w\" sizes=\"auto, (max-width: 2084px) 100vw, 2084px\" \/><\/div>\n\t\t<\/figure>\n\t<\/div>\n<\/div><\/div><\/div><\/div><div class=\"vc_row-full-width vc_clearfix\"><\/div><div data-vc-full-width=\"true\" data-vc-full-width-init=\"false\" class=\"vc_row wpb_row vc_row-fluid vc_custom_1722494718626 vc_row-has-fill vc_row-o-full-height vc_row-o-columns-middle vc_row-o-content-middle vc_row-flex\"><div class=\"wpb_column vc_column_container vc_col-sm-2 vc_hidden-sm vc_hidden-xs\"><div class=\"vc_column-inner\"><div class=\"wpb_wrapper\"><\/div><\/div><\/div><div class=\"wpb_column vc_column_container vc_col-sm-8\"><div class=\"vc_column-inner vc_custom_1671748405855\"><div class=\"wpb_wrapper\">\n\t<div class=\"wpb_text_column wpb_content_element  aug_content_box\">\n\t\t<div class=\"wpb_wrapper\">\n\t\t\t<h2>H\u1ed9i ch\u1ee3 Gi\u00e1o d\u1ee5c GO! UK<\/h2>\n<p>&nbsp;<\/p>\n<p><strong>H\u1ed9i ch\u1ee3 Gi\u00e1o d\u1ee5c V\u01b0\u01a1ng qu\u1ed1c Anh AUG GO! 2025 \u0111\u00e3 \u0111\u1ebfn!<\/strong>\u00a0H\u00e3y kho\u00e1c l\u00ean m\u00ecnh b\u1ed9 c\u00e1nh theo \u0111u\u1ed5i \u01b0\u1edbc m\u01a1 c\u1ee7a b\u1ea1n v\u00ec \u0111\u00e2y kh\u00f4ng ch\u1ec9 l\u00e0 m\u1ed9t h\u1ed9i ch\u1ee3 \u2013 m\u00e0 c\u00f2n l\u00e0 c\u00e1nh c\u1ed5ng d\u1eabn b\u1ea1n \u0111\u1ebfn kh\u00e1m ph\u00e1 40 tr\u01b0\u1eddng \u0111\u1ea1i h\u1ecdc V\u01b0\u01a1ng qu\u1ed1c Anh \u0111\u01b0\u1ee3c thi\u1ebft k\u1ebf ri\u00eang cho \u0111am m\u00ea c\u1ee7a b\u1ea1n. M\u1ecdi th\u1ee9 b\u1ea1n c\u1ea7n cho m\u1ed9t t\u01b0\u01a1ng lai tr\u00e0n ng\u1eadp th\u00e0nh t\u1ef1u v\u00e0 c\u1ed9t m\u1ed1c.<\/p>\n<p><strong>\u0110i\u1ec1u g\u00ec \u0111ang ch\u1edd \u0111\u00f3n b\u1ea1n?<\/strong><\/p>\n<p>1) Duy\u1ec7t kh\u00f3a h\u1ecdc &amp; Gi\u1ea3i m\u00e3 c\u00e1c \u0111\u1eb7c \u0111i\u1ec3m n\u1ed5i b\u1eadt c\u1ee7a tr\u01b0\u1eddng \u0111\u1ea1i h\u1ecdc<br \/>\n2) T\u01b0 v\u1ea5n tr\u1ef1c ti\u1ebfp v\u1edbi \u0110\u1ea1i di\u1ec7n tr\u01b0\u1eddng \u0110\u1ea1i h\u1ecdc<br \/>\n3) Th\u00f4ng tin chi ti\u1ebft v\u1ec1 h\u1ecdc b\u1ed5ng<\/p>\n<p><strong>Ai \u0111\u01b0\u1ee3c m\u1eddi? T\u1ea4T C\u1ea2 C\u00c1C B\u1ea0N!<\/strong><br \/>\n\u0110\u1eebng ch\u1ec9 m\u01a1 \u01b0\u1edbc \u2013 H\u00e3y n\u1eafm b\u1eaft c\u01a1 h\u1ed9i n\u00e0y v\u00e0 ch\u1ec9 c\u1ea7n m\u1ed9t b\u01b0\u1edbc ch\u00e2n, b\u1ea1n c\u00f3 th\u1ec3 bay \u0111\u1ebfn V\u01b0\u01a1ng qu\u1ed1c Anh, m\u1edf ra m\u1ed9t th\u1ebf gi\u1edbi h\u1ecdc thu\u1eadt \u0111\u1ea7y ti\u1ec1m n\u0103ng<\/p>\n<p>\u1ed2, ch\u00fang t\u00f4i \u0111\u00e3 \u0111\u1ec1 c\u1eadp \u0111\u1ebfn ch\u01b0a?<strong>\u00a0\u01b0u \u0111\u00e3i \u0111\u1eb7c bi\u1ec7t<\/strong>? Kh\u00e1m ph\u00e1 nh\u1eefng \u01b0u \u0111\u00e3i \u0111\u1ed9c quy\u1ec1n t\u1ea1i h\u1ed9i ch\u1ee3!<\/p>\n<p><strong>H\u00e3y gi\u1eef ch\u1ed7 ngay!<\/strong><\/p>\n<p>Ch\u00fang t\u00f4i r\u1ea5t mong \u0111\u01b0\u1ee3c ch\u00e0o \u0111\u00f3n b\u1ea1n t\u1ea1i H\u1ed9i ch\u1ee3 Gi\u00e1o d\u1ee5c V\u01b0\u01a1ng qu\u1ed1c Anh!<\/p>\n<p>H\u1ed8I TH\u1ea2O MI\u1ec4N PH\u00cd C\u00d3 S\u1eb4N~<\/p>\n<p><img loading=\"lazy\" decoding=\"async\" class=\"alignnone size-full wp-image-395002\" src=\"https:\/\/augstudy.com\/aug-website-files\/wp-content\/uploads\/2025\/01\/aug_myevents_go_uk_education_fair_090325_351x348.png\" alt=\"\" width=\"351\" height=\"348\" srcset=\"https:\/\/augstudy.com\/aug-website-files\/wp-content\/uploads\/2025\/01\/aug_myevents_go_uk_education_fair_090325_351x348.png 351w, https:\/\/augstudy.com\/aug-website-files\/wp-content\/uploads\/2025\/01\/aug_myevents_go_uk_education_fair_090325_351x348-300x297.png 300w, https:\/\/augstudy.com\/aug-website-files\/wp-content\/uploads\/2025\/01\/aug_myevents_go_uk_education_fair_090325_351x348-150x150.png 150w, https:\/\/augstudy.com\/aug-website-files\/wp-content\/uploads\/2025\/01\/aug_myevents_go_uk_education_fair_090325_351x348-12x12.png 12w\" sizes=\"auto, (max-width: 351px) 100vw, 351px\" \/><script src=\"https:\/\/events.humanitix.com\/scripts\/widgets\/inline.js\" type=\"module\"><\/script><\/p>\n<p>&nbsp;<\/p>\n<p>B\u1eb1ng c\u00e1ch g\u1eedi Bi\u1ec3u m\u1eabu n\u00e0y, b\u1ea1n \u0111\u1ed3ng \u00fd r\u1eb1ng D\u1ecbch v\u1ee5 Sinh vi\u00ean AUG (AUG) c\u00f3 th\u1ec3 thu th\u1eadp, l\u1ea5y, l\u01b0u tr\u1eef v\u00e0 x\u1eed l\u00fd d\u1eef li\u1ec7u c\u00e1 nh\u00e2n m\u00e0 b\u1ea1n cung c\u1ea5p trong bi\u1ec3u m\u1eabu n\u00e0y nh\u1eb1m m\u1ee5c \u0111\u00edch nh\u1eadn th\u00f4ng tin c\u1eadp nh\u1eadt, tin t\u1ee9c, th\u01b0 qu\u1ea3ng c\u00e1o v\u00e0 ti\u1ebfp th\u1ecb ho\u1eb7c t\u00e0i li\u1ec7u t\u1eeb AUG.<\/p>\n<p>\u0110\u1ec3 tr\u00e1nh nghi ng\u1edd, D\u1eef li\u1ec7u c\u00e1 nh\u00e2n bao g\u1ed3m t\u1ea5t c\u1ea3 d\u1eef li\u1ec7u \u0111\u01b0\u1ee3c \u0111\u1ecbnh ngh\u0129a trong \u0110\u1ea1o lu\u1eadt B\u1ea3o v\u1ec7 D\u1eef li\u1ec7u c\u00e1 nh\u00e2n n\u0103m 2010, bao g\u1ed3m t\u1ea5t c\u1ea3 d\u1eef li\u1ec7u b\u1ea1n \u0111\u00e3 ti\u1ebft l\u1ed9 cho AUG trong Bi\u1ec3u m\u1eabu n\u00e0y.<\/p>\n<p>\u0110\u1ec3 bi\u1ebft th\u00eam th\u00f4ng tin: https:\/\/augstudy.com\/terms-and-conditions\/<\/p>\n<p><iframe data-checkout=\"gouk25\"><\/iframe><\/p>\n\n\t\t<\/div>\n\t<\/div>\n<\/div><\/div><\/div><div class=\"wpb_column vc_column_container vc_col-sm-2 vc_hidden-sm vc_hidden-xs\"><div class=\"vc_column-inner\"><div class=\"wpb_wrapper\"><\/div><\/div><\/div><\/div><div class=\"vc_row-full-width vc_clearfix\"><\/div>","protected":false},"excerpt":{"rendered":"GO! UK Education Fair &nbsp; AUG GO! UK Education Fair 2025 is here!\u00a0Dust off your dream-chaser outfit because this isn't just a fair \u2013 it's your gateway to explore 40 UK universities tailored to your passion. Everything you need for a future filled with achievements and milestones. What Awaits You? 1) Course browsing &amp; Decode [...]","protected":false},"author":5,"featured_media":395014,"parent":2350,"menu_order":0,"comment_status":"closed","ping_status":"closed","template":"","meta":{"footnotes":""},"class_list":["post-394997","page","type-page","status-publish","hentry"],"yoast_head":"<!-- This site is optimized with the Yoast SEO Premium plugin v27.0 (Yoast SEO v27.3) - https:\/\/yoast.com\/product\/yoast-seo-premium-wordpress\/ -->\n<title>[AUG Malaysia] GO! UK Education Fair - AUG Student Services<\/title>\n<meta name=\"description\" content=\"Free counselling for university selection, scholarships and visa applications. Let AUG Student Services fast-track your study-abroad journey today.\" \/>\n<meta name=\"robots\" content=\"index, follow, max-snippet:-1, max-image-preview:large, max-video-preview:-1\" \/>\n<link rel=\"canonical\" href=\"https:\/\/augstudy.com\/vi\/malaysia-2\/su-kien-2\/hoi-cho-giao-duc-malaysia-go-uk-thang-8\/\" \/>\n<meta property=\"og:locale\" content=\"vi_VN\" \/>\n<meta property=\"og:type\" content=\"article\" \/>\n<meta property=\"og:title\" content=\"[AUG Malaysia] GO! UK Education Fair\" \/>\n<meta property=\"og:description\" content=\"Free counselling for university selection, scholarships and visa applications. Let AUG Student Services fast-track your study-abroad journey today.\" \/>\n<meta property=\"og:url\" content=\"https:\/\/augstudy.com\/vi\/malaysia-2\/su-kien-2\/hoi-cho-giao-duc-malaysia-go-uk-thang-8\/\" \/>\n<meta property=\"og:site_name\" content=\"AUG Student Services\" \/>\n<meta property=\"article:publisher\" content=\"https:\/\/www.facebook.com\/augmalaysia\/\" \/>\n<meta property=\"article:modified_time\" content=\"2025-01-14T08:07:56+00:00\" \/>\n<meta property=\"og:image\" content=\"https:\/\/augstudy.com\/aug-website-files\/wp-content\/uploads\/2025\/01\/aug_myevents_go_uk_education_fair_090325_1080x540.png\" \/>\n\t<meta property=\"og:image:width\" content=\"1080\" \/>\n\t<meta property=\"og:image:height\" content=\"540\" \/>\n\t<meta property=\"og:image:type\" content=\"image\/png\" \/>\n<meta name=\"twitter:card\" content=\"summary_large_image\" \/>\n<meta name=\"twitter:label1\" content=\"\u01af\u1edbc t\u00ednh th\u1eddi gian \u0111\u1ecdc\" \/>\n\t<meta name=\"twitter:data1\" content=\"2 ph\u00fat\" \/>\n<script type=\"application\/ld+json\" class=\"yoast-schema-graph\">{\"@context\":\"https:\\\/\\\/schema.org\",\"@graph\":[{\"@type\":\"WebPage\",\"@id\":\"https:\\\/\\\/augstudy.com\\\/malaysia\\\/events\\\/aug-malaysia-go-uk-education-fair\\\/\",\"url\":\"https:\\\/\\\/augstudy.com\\\/malaysia\\\/events\\\/aug-malaysia-go-uk-education-fair\\\/\",\"name\":\"[AUG Malaysia] GO! UK Education Fair - AUG Student Services\",\"isPartOf\":{\"@id\":\"https:\\\/\\\/augstudy.com\\\/#website\"},\"primaryImageOfPage\":{\"@id\":\"https:\\\/\\\/augstudy.com\\\/malaysia\\\/events\\\/aug-malaysia-go-uk-education-fair\\\/#primaryimage\"},\"image\":{\"@id\":\"https:\\\/\\\/augstudy.com\\\/malaysia\\\/events\\\/aug-malaysia-go-uk-education-fair\\\/#primaryimage\"},\"thumbnailUrl\":\"https:\\\/\\\/augstudy.com\\\/aug-website-files\\\/wp-content\\\/uploads\\\/2025\\\/01\\\/aug_myevents_go_uk_education_fair_090325_1080x540.png\",\"datePublished\":\"2025-01-14T07:40:53+00:00\",\"dateModified\":\"2025-01-14T08:07:56+00:00\",\"description\":\"Free counselling for university selection, scholarships and visa applications. Let AUG Student Services fast-track your study-abroad journey today.\",\"breadcrumb\":{\"@id\":\"https:\\\/\\\/augstudy.com\\\/malaysia\\\/events\\\/aug-malaysia-go-uk-education-fair\\\/#breadcrumb\"},\"inLanguage\":\"vi\",\"potentialAction\":[{\"@type\":\"ReadAction\",\"target\":[\"https:\\\/\\\/augstudy.com\\\/malaysia\\\/events\\\/aug-malaysia-go-uk-education-fair\\\/\"]}]},{\"@type\":\"ImageObject\",\"inLanguage\":\"vi\",\"@id\":\"https:\\\/\\\/augstudy.com\\\/malaysia\\\/events\\\/aug-malaysia-go-uk-education-fair\\\/#primaryimage\",\"url\":\"https:\\\/\\\/augstudy.com\\\/aug-website-files\\\/wp-content\\\/uploads\\\/2025\\\/01\\\/aug_myevents_go_uk_education_fair_090325_1080x540.png\",\"contentUrl\":\"https:\\\/\\\/augstudy.com\\\/aug-website-files\\\/wp-content\\\/uploads\\\/2025\\\/01\\\/aug_myevents_go_uk_education_fair_090325_1080x540.png\",\"width\":1080,\"height\":540},{\"@type\":\"BreadcrumbList\",\"@id\":\"https:\\\/\\\/augstudy.com\\\/malaysia\\\/events\\\/aug-malaysia-go-uk-education-fair\\\/#breadcrumb\",\"itemListElement\":[{\"@type\":\"ListItem\",\"position\":1,\"name\":\"Home\",\"item\":\"https:\\\/\\\/augstudy.com\\\/\"},{\"@type\":\"ListItem\",\"position\":2,\"name\":\"AUG Malaysia\",\"item\":\"https:\\\/\\\/augstudy.com\\\/malaysia\\\/\"},{\"@type\":\"ListItem\",\"position\":3,\"name\":\"AUG Malaysia Events\",\"item\":\"https:\\\/\\\/augstudy.com\\\/malaysia\\\/events\\\/\"},{\"@type\":\"ListItem\",\"position\":4,\"name\":\"[AUG Malaysia] GO! UK Education Fair\"}]},{\"@type\":\"WebSite\",\"@id\":\"https:\\\/\\\/augstudy.com\\\/#website\",\"url\":\"https:\\\/\\\/augstudy.com\\\/\",\"name\":\"AUG Student Services\",\"description\":\"Student Services\",\"alternateName\":\"AUG Global\",\"potentialAction\":[{\"@type\":\"SearchAction\",\"target\":{\"@type\":\"EntryPoint\",\"urlTemplate\":\"https:\\\/\\\/augstudy.com\\\/?s={search_term_string}\"},\"query-input\":{\"@type\":\"PropertyValueSpecification\",\"valueRequired\":true,\"valueName\":\"search_term_string\"}}],\"inLanguage\":\"vi\"}]}<\/script>\n<!-- \/ Yoast SEO Premium plugin. -->","yoast_head_json":{"title":"[AUG Malaysia] GO! UK Education Fair - AUG Student Services","description":"T\u01b0 v\u1ea5n mi\u1ec5n ph\u00ed v\u1ec1 ch\u1ecdn tr\u01b0\u1eddng \u0111\u1ea1i h\u1ecdc, h\u1ecdc b\u1ed5ng v\u00e0 xin th\u1ecb th\u1ef1c. H\u00e3y \u0111\u1ec3 D\u1ecbch v\u1ee5 Sinh vi\u00ean AUG gi\u00fap b\u1ea1n nhanh ch\u00f3ng ho\u00e0n th\u00e0nh h\u00e0nh tr\u00ecnh du h\u1ecdc ngay h\u00f4m nay.","robots":{"index":"index","follow":"follow","max-snippet":"max-snippet:-1","max-image-preview":"max-image-preview:large","max-video-preview":"max-video-preview:-1"},"canonical":"https:\/\/augstudy.com\/vi\/malaysia-2\/su-kien-2\/hoi-cho-giao-duc-malaysia-go-uk-thang-8\/","og_locale":"vi_VN","og_type":"article","og_title":"[AUG Malaysia] GO! UK Education Fair","og_description":"Free counselling for university selection, scholarships and visa applications. Let AUG Student Services fast-track your study-abroad journey today.","og_url":"https:\/\/augstudy.com\/vi\/malaysia-2\/su-kien-2\/hoi-cho-giao-duc-malaysia-go-uk-thang-8\/","og_site_name":"AUG Student Services","article_publisher":"https:\/\/www.facebook.com\/augmalaysia\/","article_modified_time":"2025-01-14T08:07:56+00:00","og_image":[{"width":1080,"height":540,"url":"https:\/\/augstudy.com\/aug-website-files\/wp-content\/uploads\/2025\/01\/aug_myevents_go_uk_education_fair_090325_1080x540.png","type":"image\/png"}],"twitter_card":"summary_large_image","twitter_misc":{"\u01af\u1edbc t\u00ednh th\u1eddi gian \u0111\u1ecdc":"2 ph\u00fat"},"schema":{"@context":"https:\/\/schema.org","@graph":[{"@type":"WebPage","@id":"https:\/\/augstudy.com\/malaysia\/events\/aug-malaysia-go-uk-education-fair\/","url":"https:\/\/augstudy.com\/malaysia\/events\/aug-malaysia-go-uk-education-fair\/","name":"[AUG Malaysia] GO! UK Education Fair - AUG Student Services","isPartOf":{"@id":"https:\/\/augstudy.com\/#website"},"primaryImageOfPage":{"@id":"https:\/\/augstudy.com\/malaysia\/events\/aug-malaysia-go-uk-education-fair\/#primaryimage"},"image":{"@id":"https:\/\/augstudy.com\/malaysia\/events\/aug-malaysia-go-uk-education-fair\/#primaryimage"},"thumbnailUrl":"https:\/\/augstudy.com\/aug-website-files\/wp-content\/uploads\/2025\/01\/aug_myevents_go_uk_education_fair_090325_1080x540.png","datePublished":"2025-01-14T07:40:53+00:00","dateModified":"2025-01-14T08:07:56+00:00","description":"T\u01b0 v\u1ea5n mi\u1ec5n ph\u00ed v\u1ec1 ch\u1ecdn tr\u01b0\u1eddng \u0111\u1ea1i h\u1ecdc, h\u1ecdc b\u1ed5ng v\u00e0 xin th\u1ecb th\u1ef1c. H\u00e3y \u0111\u1ec3 D\u1ecbch v\u1ee5 Sinh vi\u00ean AUG gi\u00fap b\u1ea1n nhanh ch\u00f3ng ho\u00e0n th\u00e0nh h\u00e0nh tr\u00ecnh du h\u1ecdc ngay h\u00f4m nay.","breadcrumb":{"@id":"https:\/\/augstudy.com\/malaysia\/events\/aug-malaysia-go-uk-education-fair\/#breadcrumb"},"inLanguage":"vi","potentialAction":[{"@type":"ReadAction","target":["https:\/\/augstudy.com\/malaysia\/events\/aug-malaysia-go-uk-education-fair\/"]}]},{"@type":"ImageObject","inLanguage":"vi","@id":"https:\/\/augstudy.com\/malaysia\/events\/aug-malaysia-go-uk-education-fair\/#primaryimage","url":"https:\/\/augstudy.com\/aug-website-files\/wp-content\/uploads\/2025\/01\/aug_myevents_go_uk_education_fair_090325_1080x540.png","contentUrl":"https:\/\/augstudy.com\/aug-website-files\/wp-content\/uploads\/2025\/01\/aug_myevents_go_uk_education_fair_090325_1080x540.png","width":1080,"height":540},{"@type":"BreadcrumbList","@id":"https:\/\/augstudy.com\/malaysia\/events\/aug-malaysia-go-uk-education-fair\/#breadcrumb","itemListElement":[{"@type":"ListItem","position":1,"name":"Home","item":"https:\/\/augstudy.com\/"},{"@type":"ListItem","position":2,"name":"AUG Malaysia","item":"https:\/\/augstudy.com\/malaysia\/"},{"@type":"ListItem","position":3,"name":"AUG Malaysia Events","item":"https:\/\/augstudy.com\/malaysia\/events\/"},{"@type":"ListItem","position":4,"name":"[AUG Malaysia] GO! UK Education Fair"}]},{"@type":"WebSite","@id":"https:\/\/augstudy.com\/#website","url":"https:\/\/augstudy.com\/","name":"D\u1ecbch v\u1ee5 Sinh vi\u00ean AUG","description":"D\u1ecbch v\u1ee5 sinh vi\u00ean","alternateName":"AUG Global","potentialAction":[{"@type":"SearchAction","target":{"@type":"EntryPoint","urlTemplate":"https:\/\/augstudy.com\/?s={search_term_string}"},"query-input":{"@type":"PropertyValueSpecification","valueRequired":true,"valueName":"search_term_string"}}],"inLanguage":"vi"}]}},"_links":{"self":[{"href":"https:\/\/augstudy.com\/vi\/wp-json\/wp\/v2\/pages\/394997","targetHints":{"allow":["GET"]}}],"collection":[{"href":"https:\/\/augstudy.com\/vi\/wp-json\/wp\/v2\/pages"}],"about":[{"href":"https:\/\/augstudy.com\/vi\/wp-json\/wp\/v2\/types\/page"}],"author":[{"embeddable":true,"href":"https:\/\/augstudy.com\/vi\/wp-json\/wp\/v2\/users\/5"}],"replies":[{"embeddable":true,"href":"https:\/\/augstudy.com\/vi\/wp-json\/wp\/v2\/comments?post=394997"}],"version-history":[{"count":0,"href":"https:\/\/augstudy.com\/vi\/wp-json\/wp\/v2\/pages\/394997\/revisions"}],"up":[{"embeddable":true,"href":"https:\/\/augstudy.com\/vi\/wp-json\/wp\/v2\/pages\/2350"}],"wp:featuredmedia":[{"embeddable":true,"href":"https:\/\/augstudy.com\/vi\/wp-json\/wp\/v2\/media\/395014"}],"wp:attachment":[{"href":"https:\/\/augstudy.com\/vi\/wp-json\/wp\/v2\/media?parent=394997"}],"curies":[{"name":"wp","href":"https:\/\/api.w.org\/{rel}","templated":true}]}}