{"id":393111,"date":"2024-09-19T14:29:29","date_gmt":"2024-09-19T04:29:29","guid":{"rendered":"https:\/\/augstudy.com\/?page_id=393111"},"modified":"2024-09-19T14:29:29","modified_gmt":"2024-09-19T04:29:29","slug":"cac-dieu-khoan-va-dieu-kien","status":"publish","type":"page","link":"https:\/\/augstudy.com\/vi\/go-study\/terms-and-conditions\/","title":{"rendered":"Go Study @ Top Universities 2024 &#8211; Terms and Conditions"},"content":{"rendered":"<div class=\"vc_row wpb_row vc_row-fluid\"><div class=\"wpb_column vc_column_container vc_col-sm-2\"><div class=\"vc_column-inner \"><div class=\"wpb_wrapper\"><\/div><\/div><\/div><div class=\"wpb_column vc_column_container vc_col-sm-8\"><div class=\"vc_column-inner vc_custom_1581549237411\"><div class=\"wpb_wrapper\">\n\t<div class=\"wpb_text_column wpb_content_element \">\n\t\t<div class=\"wpb_wrapper\">\n\t\t\t<h2 class=\"aug_title\" style=\"text-align: center;\"><strong>[AUG Australia] Group of Eight Universities (Go8) Information Day &#8211; Terms and Conditions<\/strong><\/h2>\n\n\t\t<\/div>\n\t<\/div>\n<\/div><\/div><\/div><div class=\"wpb_column vc_column_container vc_col-sm-2\"><div class=\"vc_column-inner \"><div class=\"wpb_wrapper\"><\/div><\/div><\/div><\/div><div class=\"vc_row wpb_row vc_row-fluid\"><div class=\"wpb_column vc_column_container vc_col-sm-2\"><div class=\"vc_column-inner \"><div class=\"wpb_wrapper\"><\/div><\/div><\/div><div class=\"wpb_column vc_column_container vc_col-sm-8\"><div class=\"vc_column-inner vc_custom_1581549296616\"><div class=\"wpb_wrapper\">\n\t<div class=\"wpb_text_column wpb_content_element \">\n\t\t<div class=\"wpb_wrapper\">\n\t\t\t<h4><strong>Thursday, 19 September 2024 (2:00 PM \u2013 6:00 PM)<\/strong><\/h4>\n<ol>\n<li>Eligibility Criteria:\n<ul>\n<li>The event is exclusively open to International Students;<\/li>\n<li>Participants will be eligible for application fee waiver, provided they meet the specific course entry requirements set by the university they are applying to. These requirements may include, but are not limited to, academic qualifications, language proficiency, and prerequisite courses or skills.<\/li>\n<\/ul>\n<\/li>\n<li>Application Fee Waiver:\n<ul>\n<li>AUG will waive the application fee for students who meet the entry requirements for the specified applied program. Please note that each AUG office has different policies regarding the application fee waiver. It is recommended to check with your local AUG office for more details;<\/li>\n<li>The fee waiver can only be used for the university to which the applicant is applying at the time of the Event;<\/li>\n<li>The application fee waiver cannot be transferred to another university or used for a future application;<\/li>\n<li>The application fee waiver does not guarantee the admission to the university. Admission decisions are made by the university based on their own criteria and processes.<\/li>\n<\/ul>\n<\/li>\n<\/ol>\n\n\t\t<\/div>\n\t<\/div>\n<div class=\"vc_empty_space\"  style=\"height: 40px\" ><span class=\"vc_empty_space_inner\"><\/span><\/div>\n\n\t<div class=\"wpb_text_column wpb_content_element \">\n\t\t<div class=\"wpb_wrapper\">\n\t\t\t<h2><strong>Consent<\/strong><\/h2>\n<h4><strong>Publication of Photos, Videos and Other Identifying Materials<\/strong><\/h4>\n<p>AUG may be taking photos, videos, sound recordings or other materials that may identify you during our office operations and activities. AUG will own the copyright to these materials and may use them in our publications and social media of which the public may have access to them. Please notify any of our AUG staff if you do not consent to this.<\/p>\n\n\t\t<\/div>\n\t<\/div>\n<\/div><\/div><\/div><div class=\"wpb_column vc_column_container vc_col-sm-2\"><div class=\"vc_column-inner \"><div class=\"wpb_wrapper\"><\/div><\/div><\/div><\/div>\n","protected":false},"excerpt":{"rendered":"[AUG Australia] Group of Eight Universities (Go8) Information Day - Terms and Conditions Thursday, 19 September 2024 (2:00 PM \u2013 6:00 PM) Eligibility Criteria: The event is exclusively open to International Students; Participants will be eligible for application fee waiver, provided they meet the specific course entry requirements set by the university they are applying [...]","protected":false},"author":4,"featured_media":389518,"parent":112555,"menu_order":0,"comment_status":"closed","ping_status":"closed","template":"","meta":{"footnotes":""},"class_list":["post-393111","page","type-page","status-publish","hentry"],"yoast_head":"<!-- This site is optimized with the Yoast SEO Premium plugin v27.0 (Yoast SEO v27.3) - https:\/\/yoast.com\/product\/yoast-seo-premium-wordpress\/ -->\n<title>Go Study @ Top Universities 2024 - Terms and Conditions - AUG Student Services<\/title>\n<meta name=\"description\" content=\"Free counselling for university selection, scholarships and visa applications. Let AUG Student Services fast-track your study-abroad journey today.\" \/>\n<meta name=\"robots\" content=\"index, follow, max-snippet:-1, max-image-preview:large, max-video-preview:-1\" \/>\n<link rel=\"canonical\" href=\"https:\/\/augstudy.com\/vi\/go-study\/cac-dieu-khoan-va-dieu-kien\/\" \/>\n<meta property=\"og:locale\" content=\"vi_VN\" \/>\n<meta property=\"og:type\" content=\"article\" \/>\n<meta property=\"og:title\" content=\"Go Study @ Top Universities 2024 - Terms and Conditions\" \/>\n<meta property=\"og:description\" content=\"Free counselling for university selection, scholarships and visa applications. Let AUG Student Services fast-track your study-abroad journey today.\" \/>\n<meta property=\"og:url\" content=\"https:\/\/augstudy.com\/vi\/go-study\/cac-dieu-khoan-va-dieu-kien\/\" \/>\n<meta property=\"og:site_name\" content=\"AUG Student Services\" \/>\n<meta property=\"article:publisher\" content=\"https:\/\/www.facebook.com\/augmalaysia\/\" \/>\n<meta property=\"og:image\" content=\"https:\/\/augstudy.com\/aug-website-files\/wp-content\/uploads\/2024\/05\/aug_auhomepage_gostudy_may24_650x325.png\" \/>\n\t<meta property=\"og:image:width\" content=\"650\" \/>\n\t<meta property=\"og:image:height\" content=\"325\" \/>\n\t<meta property=\"og:image:type\" content=\"image\/png\" \/>\n<meta name=\"twitter:card\" content=\"summary_large_image\" \/>\n<meta name=\"twitter:label1\" content=\"\u01af\u1edbc t\u00ednh th\u1eddi gian \u0111\u1ecdc\" \/>\n\t<meta name=\"twitter:data1\" content=\"2 ph\u00fat\" \/>\n<script type=\"application\/ld+json\" class=\"yoast-schema-graph\">{\"@context\":\"https:\\\/\\\/schema.org\",\"@graph\":[{\"@type\":\"WebPage\",\"@id\":\"https:\\\/\\\/augstudy.com\\\/go-study\\\/terms-and-conditions\\\/\",\"url\":\"https:\\\/\\\/augstudy.com\\\/go-study\\\/terms-and-conditions\\\/\",\"name\":\"Go Study @ Top Universities 2024 - Terms and Conditions - AUG Student Services\",\"isPartOf\":{\"@id\":\"https:\\\/\\\/augstudy.com\\\/#website\"},\"primaryImageOfPage\":{\"@id\":\"https:\\\/\\\/augstudy.com\\\/go-study\\\/terms-and-conditions\\\/#primaryimage\"},\"image\":{\"@id\":\"https:\\\/\\\/augstudy.com\\\/go-study\\\/terms-and-conditions\\\/#primaryimage\"},\"thumbnailUrl\":\"https:\\\/\\\/augstudy.com\\\/aug-website-files\\\/wp-content\\\/uploads\\\/2024\\\/05\\\/aug_auhomepage_gostudy_may24_650x325.png\",\"datePublished\":\"2024-09-19T04:29:29+00:00\",\"description\":\"Free counselling for university selection, scholarships and visa applications. Let AUG Student Services fast-track your study-abroad journey today.\",\"breadcrumb\":{\"@id\":\"https:\\\/\\\/augstudy.com\\\/go-study\\\/terms-and-conditions\\\/#breadcrumb\"},\"inLanguage\":\"vi\",\"potentialAction\":[{\"@type\":\"ReadAction\",\"target\":[\"https:\\\/\\\/augstudy.com\\\/go-study\\\/terms-and-conditions\\\/\"]}]},{\"@type\":\"ImageObject\",\"inLanguage\":\"vi\",\"@id\":\"https:\\\/\\\/augstudy.com\\\/go-study\\\/terms-and-conditions\\\/#primaryimage\",\"url\":\"https:\\\/\\\/augstudy.com\\\/aug-website-files\\\/wp-content\\\/uploads\\\/2024\\\/05\\\/aug_auhomepage_gostudy_may24_650x325.png\",\"contentUrl\":\"https:\\\/\\\/augstudy.com\\\/aug-website-files\\\/wp-content\\\/uploads\\\/2024\\\/05\\\/aug_auhomepage_gostudy_may24_650x325.png\",\"width\":650,\"height\":325},{\"@type\":\"BreadcrumbList\",\"@id\":\"https:\\\/\\\/augstudy.com\\\/go-study\\\/terms-and-conditions\\\/#breadcrumb\",\"itemListElement\":[{\"@type\":\"ListItem\",\"position\":1,\"name\":\"Home\",\"item\":\"https:\\\/\\\/augstudy.com\\\/\"},{\"@type\":\"ListItem\",\"position\":2,\"name\":\"Go Study @ Top Universities 2025\",\"item\":\"https:\\\/\\\/augstudy.com\\\/go-study\\\/\"},{\"@type\":\"ListItem\",\"position\":3,\"name\":\"Go Study @ Top Universities 2024 &#8211; Terms and Conditions\"}]},{\"@type\":\"WebSite\",\"@id\":\"https:\\\/\\\/augstudy.com\\\/#website\",\"url\":\"https:\\\/\\\/augstudy.com\\\/\",\"name\":\"AUG Student Services\",\"description\":\"Student Services\",\"alternateName\":\"AUG Global\",\"potentialAction\":[{\"@type\":\"SearchAction\",\"target\":{\"@type\":\"EntryPoint\",\"urlTemplate\":\"https:\\\/\\\/augstudy.com\\\/?s={search_term_string}\"},\"query-input\":{\"@type\":\"PropertyValueSpecification\",\"valueRequired\":true,\"valueName\":\"search_term_string\"}}],\"inLanguage\":\"vi\"}]}<\/script>\n<!-- \/ Yoast SEO Premium plugin. -->","yoast_head_json":{"title":"Go Study @ Top Universities 2024 - Terms and Conditions - AUG Student Services","description":"T\u01b0 v\u1ea5n mi\u1ec5n ph\u00ed v\u1ec1 ch\u1ecdn tr\u01b0\u1eddng \u0111\u1ea1i h\u1ecdc, h\u1ecdc b\u1ed5ng v\u00e0 xin th\u1ecb th\u1ef1c. H\u00e3y \u0111\u1ec3 D\u1ecbch v\u1ee5 Sinh vi\u00ean AUG gi\u00fap b\u1ea1n nhanh ch\u00f3ng ho\u00e0n th\u00e0nh h\u00e0nh tr\u00ecnh du h\u1ecdc ngay h\u00f4m nay.","robots":{"index":"index","follow":"follow","max-snippet":"max-snippet:-1","max-image-preview":"max-image-preview:large","max-video-preview":"max-video-preview:-1"},"canonical":"https:\/\/augstudy.com\/vi\/go-study\/cac-dieu-khoan-va-dieu-kien\/","og_locale":"vi_VN","og_type":"article","og_title":"Go Study @ Top Universities 2024 - Terms and Conditions","og_description":"Free counselling for university selection, scholarships and visa applications. Let AUG Student Services fast-track your study-abroad journey today.","og_url":"https:\/\/augstudy.com\/vi\/go-study\/cac-dieu-khoan-va-dieu-kien\/","og_site_name":"AUG Student Services","article_publisher":"https:\/\/www.facebook.com\/augmalaysia\/","og_image":[{"width":650,"height":325,"url":"https:\/\/augstudy.com\/aug-website-files\/wp-content\/uploads\/2024\/05\/aug_auhomepage_gostudy_may24_650x325.png","type":"image\/png"}],"twitter_card":"summary_large_image","twitter_misc":{"\u01af\u1edbc t\u00ednh th\u1eddi gian \u0111\u1ecdc":"2 ph\u00fat"},"schema":{"@context":"https:\/\/schema.org","@graph":[{"@type":"WebPage","@id":"https:\/\/augstudy.com\/go-study\/terms-and-conditions\/","url":"https:\/\/augstudy.com\/go-study\/terms-and-conditions\/","name":"Go Study @ Top Universities 2024 - Terms and Conditions - AUG Student Services","isPartOf":{"@id":"https:\/\/augstudy.com\/#website"},"primaryImageOfPage":{"@id":"https:\/\/augstudy.com\/go-study\/terms-and-conditions\/#primaryimage"},"image":{"@id":"https:\/\/augstudy.com\/go-study\/terms-and-conditions\/#primaryimage"},"thumbnailUrl":"https:\/\/augstudy.com\/aug-website-files\/wp-content\/uploads\/2024\/05\/aug_auhomepage_gostudy_may24_650x325.png","datePublished":"2024-09-19T04:29:29+00:00","description":"T\u01b0 v\u1ea5n mi\u1ec5n ph\u00ed v\u1ec1 ch\u1ecdn tr\u01b0\u1eddng \u0111\u1ea1i h\u1ecdc, h\u1ecdc b\u1ed5ng v\u00e0 xin th\u1ecb th\u1ef1c. H\u00e3y \u0111\u1ec3 D\u1ecbch v\u1ee5 Sinh vi\u00ean AUG gi\u00fap b\u1ea1n nhanh ch\u00f3ng ho\u00e0n th\u00e0nh h\u00e0nh tr\u00ecnh du h\u1ecdc ngay h\u00f4m nay.","breadcrumb":{"@id":"https:\/\/augstudy.com\/go-study\/terms-and-conditions\/#breadcrumb"},"inLanguage":"vi","potentialAction":[{"@type":"ReadAction","target":["https:\/\/augstudy.com\/go-study\/terms-and-conditions\/"]}]},{"@type":"ImageObject","inLanguage":"vi","@id":"https:\/\/augstudy.com\/go-study\/terms-and-conditions\/#primaryimage","url":"https:\/\/augstudy.com\/aug-website-files\/wp-content\/uploads\/2024\/05\/aug_auhomepage_gostudy_may24_650x325.png","contentUrl":"https:\/\/augstudy.com\/aug-website-files\/wp-content\/uploads\/2024\/05\/aug_auhomepage_gostudy_may24_650x325.png","width":650,"height":325},{"@type":"BreadcrumbList","@id":"https:\/\/augstudy.com\/go-study\/terms-and-conditions\/#breadcrumb","itemListElement":[{"@type":"ListItem","position":1,"name":"Home","item":"https:\/\/augstudy.com\/"},{"@type":"ListItem","position":2,"name":"Go Study @ Top Universities 2025","item":"https:\/\/augstudy.com\/go-study\/"},{"@type":"ListItem","position":3,"name":"Go Study @ Top Universities 2024 &#8211; Terms and Conditions"}]},{"@type":"WebSite","@id":"https:\/\/augstudy.com\/#website","url":"https:\/\/augstudy.com\/","name":"D\u1ecbch v\u1ee5 Sinh vi\u00ean AUG","description":"D\u1ecbch v\u1ee5 sinh vi\u00ean","alternateName":"AUG Global","potentialAction":[{"@type":"SearchAction","target":{"@type":"EntryPoint","urlTemplate":"https:\/\/augstudy.com\/?s={search_term_string}"},"query-input":{"@type":"PropertyValueSpecification","valueRequired":true,"valueName":"search_term_string"}}],"inLanguage":"vi"}]}},"_links":{"self":[{"href":"https:\/\/augstudy.com\/vi\/wp-json\/wp\/v2\/pages\/393111","targetHints":{"allow":["GET"]}}],"collection":[{"href":"https:\/\/augstudy.com\/vi\/wp-json\/wp\/v2\/pages"}],"about":[{"href":"https:\/\/augstudy.com\/vi\/wp-json\/wp\/v2\/types\/page"}],"author":[{"embeddable":true,"href":"https:\/\/augstudy.com\/vi\/wp-json\/wp\/v2\/users\/4"}],"replies":[{"embeddable":true,"href":"https:\/\/augstudy.com\/vi\/wp-json\/wp\/v2\/comments?post=393111"}],"version-history":[{"count":0,"href":"https:\/\/augstudy.com\/vi\/wp-json\/wp\/v2\/pages\/393111\/revisions"}],"up":[{"embeddable":true,"href":"https:\/\/augstudy.com\/vi\/wp-json\/wp\/v2\/pages\/112555"}],"wp:featuredmedia":[{"embeddable":true,"href":"https:\/\/augstudy.com\/vi\/wp-json\/wp\/v2\/media\/389518"}],"wp:attachment":[{"href":"https:\/\/augstudy.com\/vi\/wp-json\/wp\/v2\/media?parent=393111"}],"curies":[{"name":"wp","href":"https:\/\/api.w.org\/{rel}","templated":true}]}}