{"id":392634,"date":"2024-09-18T15:52:39","date_gmt":"2024-09-18T05:52:39","guid":{"rendered":"https:\/\/augstudy.com\/?page_id=392634"},"modified":"2024-09-23T16:33:38","modified_gmt":"2024-09-23T06:33:38","slug":"mel-semester-end-party","status":"publish","type":"page","link":"https:\/\/augstudy.com\/vi\/australia\/events\/mel-semester-end-party\/","title":{"rendered":"[AUG Melbourne] End of Semester Party"},"content":{"rendered":"<div data-vc-full-width=\"true\" data-vc-full-width-init=\"false\" class=\"vc_row wpb_row vc_row-fluid vc_custom_1727073198484 vc_row-has-fill vc_row-o-content-middle vc_row-flex\"><div class=\"wpb_column vc_column_container vc_col-sm-12\"><div class=\"vc_column-inner vc_custom_1661838891579\"><div class=\"wpb_wrapper\">\n\t<div class=\"wpb_single_image wpb_content_element vc_align_center  vc_custom_1727073211604\">\n\t\t\n\t\t<figure class=\"wpb_wrapper vc_figure\">\n\t\t\t<div class=\"vc_single_image-wrapper   vc_box_border_grey\"><img loading=\"lazy\" decoding=\"async\" width=\"2084\" height=\"771\" src=\"https:\/\/augstudy.com\/aug-website-files\/wp-content\/uploads\/2024\/09\/aug_melevents_end_of_semester_party_241025_2084x771.jpg\" class=\"vc_single_image-img attachment-full\" alt=\"\" srcset=\"https:\/\/augstudy.com\/aug-website-files\/wp-content\/uploads\/2024\/09\/aug_melevents_end_of_semester_party_241025_2084x771.jpg 2084w, https:\/\/augstudy.com\/aug-website-files\/wp-content\/uploads\/2024\/09\/aug_melevents_end_of_semester_party_241025_2084x771-300x111.jpg 300w, https:\/\/augstudy.com\/aug-website-files\/wp-content\/uploads\/2024\/09\/aug_melevents_end_of_semester_party_241025_2084x771-1024x379.jpg 1024w, https:\/\/augstudy.com\/aug-website-files\/wp-content\/uploads\/2024\/09\/aug_melevents_end_of_semester_party_241025_2084x771-768x284.jpg 768w, https:\/\/augstudy.com\/aug-website-files\/wp-content\/uploads\/2024\/09\/aug_melevents_end_of_semester_party_241025_2084x771-1536x568.jpg 1536w, https:\/\/augstudy.com\/aug-website-files\/wp-content\/uploads\/2024\/09\/aug_melevents_end_of_semester_party_241025_2084x771-2048x758.jpg 2048w, https:\/\/augstudy.com\/aug-website-files\/wp-content\/uploads\/2024\/09\/aug_melevents_end_of_semester_party_241025_2084x771-18x7.jpg 18w\" sizes=\"auto, (max-width: 2084px) 100vw, 2084px\" \/><\/div>\n\t\t<\/figure>\n\t<\/div>\n<\/div><\/div><\/div><\/div><div class=\"vc_row-full-width vc_clearfix\"><\/div><div data-vc-full-width=\"true\" data-vc-full-width-init=\"false\" class=\"vc_row wpb_row vc_row-fluid vc_custom_1726638472389 vc_row-has-fill vc_row-o-content-middle vc_row-flex\"><div class=\"wpb_column vc_column_container vc_col-sm-2 vc_hidden-sm vc_hidden-xs\"><div class=\"vc_column-inner\"><div class=\"wpb_wrapper\"><\/div><\/div><\/div><div class=\"wpb_column vc_column_container vc_col-sm-8\"><div class=\"vc_column-inner vc_custom_1671748405855\"><div class=\"wpb_wrapper\">\n\t<div class=\"wpb_text_column wpb_content_element  aug_content_box\">\n\t\t<div class=\"wpb_wrapper\">\n\t\t\t<h3><strong>Ti\u1ec7c cu\u1ed1i h\u1ecdc k\u1ef3<\/strong><\/h3>\n<p><span class=\"\" style=\"display:block;clear:both;height: 0px;padding-top: 15px;border-top-width:0px;border-bottom-width:0px;\"><\/span>Xin ch\u00e0o t\u1ea5t c\u1ea3 sinh vi\u00ean qu\u1ed1c t\u1ebf \u2014 h\u00e3y \u0111\u1ebfn tham d\u1ef1 l\u1ec5 k\u1ebft th\u00fac h\u1ecdc k\u1ef3 t\u1ea1i v\u0103n ph\u00f2ng m\u1edbi c\u1ee7a ch\u00fang t\u00f4i!<br \/>\n<span class=\"\" style=\"display:block;clear:both;height: 0px;padding-top: 15px;border-top-width:0px;border-bottom-width:0px;\"><\/span>Cho d\u00f9 b\u1ea1n m\u1edbi \u0111\u1ebfn Melbourne hay \u0111\u00e3 \u1edf \u0111\u00e2y m\u1ed9t th\u1eddi gian, \u0111\u00e2y ch\u00ednh l\u00e0 c\u01a1 h\u1ed9i ho\u00e0n h\u1ea3o \u0111\u1ec3 giao l\u01b0u v\u1edbi c\u00e1c b\u1ea1n sinh vi\u00ean kh\u00e1c, k\u1ebft b\u1ea1n m\u1edbi v\u00e0 t\u1eadn h\u01b0\u1edfng m\u1ed9t \u0111\u00eam tr\u00e0n ng\u1eadp ni\u1ec1m vui v\u00e0 s\u1ef1 ph\u1ea5n kh\u00edch.<br \/>\n<span class=\"\" style=\"display:block;clear:both;height: 0px;padding-top: 15px;border-top-width:0px;border-bottom-width:0px;\"><\/span>\u0110i\u1ec3m n\u1ed5i b\u1eadt c\u1ee7a s\u1ef1 ki\u1ec7n:<\/p>\n<ul>\n<li>Th\u01b0\u1edfng th\u1ee9c nhi\u1ec1u lo\u1ea1i \u0111\u1ed3 \u0103n v\u00e0 \u0111\u1ed3 u\u1ed1ng mi\u1ec5n ph\u00ed;<\/li>\n<li>C\u00e1c tr\u00f2 ch\u01a1i th\u00fa v\u1ecb v\u00e0 ho\u1ea1t \u0111\u1ed9ng t\u01b0\u01a1ng t\u00e1c, bao g\u1ed3m m\u00e1y ch\u01a1i \u0111i\u1ec7n t\u1eed;<\/li>\n<li>Gi\u1ea3i th\u01b0\u1edfng \u0111\u1ed9c quy\u1ec1n \u0111ang ch\u1edd b\u1ea1n!<\/li>\n<\/ul>\n<p><span class=\"\" style=\"display:block;clear:both;height: 0px;padding-top: 15px;border-top-width:0px;border-bottom-width:0px;\"><\/span><span style=\"text-decoration: underline;\"><a href=\"#registration\">RSVP ngay b\u00e2y gi\u1edd<\/a><\/span> v\u00e0 h\u00e3y bi\u1ebfn \u0111\u00eam nay th\u00e0nh m\u1ed9t \u0111\u00eam \u0111\u00e1ng nh\u1edb.<\/p>\n<h3><span class=\"\" style=\"display:block;clear:both;height: 0px;padding-top: 15px;border-top-width:0px;border-bottom-width:0px;\"><\/span><strong>chi ti\u1ebft s\u1ef1 ki\u1ec7n<\/strong><\/h3>\n<p><span class=\"\" style=\"display:block;clear:both;height: 0px;padding-top: 15px;border-top-width:0px;border-bottom-width:0px;\"><\/span><strong>Ng\u00e0y:<\/strong> Ng\u00e0y 25 th\u00e1ng 10 n\u0103m 2024 (Th\u1ee9 s\u00e1u)<br \/>\n<span class=\"\" style=\"display:block;clear:both;height: 0px;padding-top: 15px;border-top-width:0px;border-bottom-width:0px;\"><\/span><strong>Th\u1eddi gian:<\/strong> 4:00 PM \u2013 7:00 PM (gi\u1edd Melbourne)<br \/>\n<span class=\"\" style=\"display:block;clear:both;height: 0px;padding-top: 15px;border-top-width:0px;border-bottom-width:0px;\"><\/span><strong>\u0110\u1ecba \u0111i\u1ec3m:<\/strong> <span style=\"text-decoration: underline;\"><a href=\"https:\/\/maps.app.goo.gl\/iWyjR7gTMDfiFKUUA\" target=\"_blank\" rel=\"noopener\">V\u0103n ph\u00f2ng m\u1edbi AUG Melbourne (T\u1ea7ng 1, 480 Elizabeth Street, Melbourne VIC 3000, \u00dac)<\/a><\/span><br \/>\n<span class=\"\" style=\"display:block;clear:both;height: 0px;padding-top: 15px;border-top-width:0px;border-bottom-width:0px;\"><\/span><\/p>\n<h6 style=\"color: #ff0000;\"><strong><em>* ch\u1ec9 ra tr\u01b0\u1eddng b\u1eaft bu\u1ed9c<\/em><\/strong><\/h6>\n<h6><strong><em>** \u0111i\u1ec1u kho\u1ea3n v\u00e0 \u0111i\u1ec1u ki\u1ec7n \u00e1p d\u1ee5ng<\/em><\/strong><\/h6>\n<h6><strong><em>** ch\u1ec9 d\u00e0nh cho sinh vi\u00ean qu\u1ed1c t\u1ebf<\/em><\/strong><\/h6>\n\n\t\t<\/div>\n\t<\/div>\n<\/div><\/div><\/div><div class=\"wpb_column vc_column_container vc_col-sm-2 vc_hidden-sm vc_hidden-xs\"><div class=\"vc_column-inner\"><div class=\"wpb_wrapper\"><\/div><\/div><\/div><\/div><div class=\"vc_row-full-width vc_clearfix\"><\/div><div id=\"registration\" class=\"vc_row wpb_row vc_row-fluid\"><div class=\"wpb_column vc_column_container vc_col-sm-12\"><div class=\"vc_column-inner vc_custom_1660175491551\"><div class=\"wpb_wrapper\">\n\t<div class=\"wpb_text_column wpb_content_element\">\n\t\t<div class=\"wpb_wrapper\">\n\t\t\t<iframe class=\"aug_rego_iframe\" src=\"https:\/\/www.research.net\/r\/Y62QRLX\" style=\"--height_desktop: 1500px; --height_mobile: 1700px;\"><\/iframe>\n\n\t\t<\/div>\n\t<\/div>\n<\/div><\/div><\/div><\/div>","protected":false},"excerpt":{"rendered":"End of Semester Party Calling all International Students \u2014 come celebrate the end of the semester at our new office! Whether you're new to Melbourne or have been here a while, this is the perfect chance to connect with fellow students, make new friends, and enjoy a night packed with fun and excitement. Event Highlights: [...]","protected":false},"author":4,"featured_media":393212,"parent":2351,"menu_order":0,"comment_status":"closed","ping_status":"closed","template":"","meta":{"footnotes":""},"class_list":["post-392634","page","type-page","status-publish","hentry"],"yoast_head":"<!-- This site is optimized with the Yoast SEO Premium plugin v27.0 (Yoast SEO v27.3) - https:\/\/yoast.com\/product\/yoast-seo-premium-wordpress\/ -->\n<title>[AUG Melbourne] End of Semester Party - AUG Student Services<\/title>\n<meta name=\"description\" content=\"End of semester students party at AUG Melbourne New Office!\" \/>\n<meta name=\"robots\" content=\"index, follow, max-snippet:-1, max-image-preview:large, max-video-preview:-1\" \/>\n<link rel=\"canonical\" href=\"https:\/\/augstudy.com\/vi\/chau-uc\/su-kien-2\/mel-semester-end-party\/\" \/>\n<meta property=\"og:locale\" content=\"vi_VN\" \/>\n<meta property=\"og:type\" content=\"article\" \/>\n<meta property=\"og:title\" content=\"[AUG Melbourne] End of Semester Party\" \/>\n<meta property=\"og:description\" content=\"End of semester students party at AUG Melbourne New Office!\" \/>\n<meta property=\"og:url\" content=\"https:\/\/augstudy.com\/vi\/chau-uc\/su-kien-2\/mel-semester-end-party\/\" \/>\n<meta property=\"og:site_name\" content=\"AUG Student Services\" \/>\n<meta property=\"article:publisher\" content=\"https:\/\/www.facebook.com\/augmalaysia\/\" \/>\n<meta property=\"article:modified_time\" content=\"2024-09-23T06:33:38+00:00\" \/>\n<meta property=\"og:image\" content=\"https:\/\/augstudy.com\/aug-website-files\/wp-content\/uploads\/2024\/09\/aug_melevents_end_of_semester_party_241025_1080x540.jpg\" \/>\n\t<meta property=\"og:image:width\" content=\"1080\" \/>\n\t<meta property=\"og:image:height\" content=\"540\" \/>\n\t<meta property=\"og:image:type\" content=\"image\/jpeg\" \/>\n<meta name=\"twitter:card\" content=\"summary_large_image\" \/>\n<meta name=\"twitter:label1\" content=\"\u01af\u1edbc t\u00ednh th\u1eddi gian \u0111\u1ecdc\" \/>\n\t<meta name=\"twitter:data1\" content=\"2 ph\u00fat\" \/>\n<script type=\"application\/ld+json\" class=\"yoast-schema-graph\">{\"@context\":\"https:\\\/\\\/schema.org\",\"@graph\":[{\"@type\":\"WebPage\",\"@id\":\"https:\\\/\\\/augstudy.com\\\/australia\\\/events\\\/mel-semester-end-party\\\/\",\"url\":\"https:\\\/\\\/augstudy.com\\\/australia\\\/events\\\/mel-semester-end-party\\\/\",\"name\":\"[AUG Melbourne] End of Semester Party - AUG Student Services\",\"isPartOf\":{\"@id\":\"https:\\\/\\\/augstudy.com\\\/#website\"},\"primaryImageOfPage\":{\"@id\":\"https:\\\/\\\/augstudy.com\\\/australia\\\/events\\\/mel-semester-end-party\\\/#primaryimage\"},\"image\":{\"@id\":\"https:\\\/\\\/augstudy.com\\\/australia\\\/events\\\/mel-semester-end-party\\\/#primaryimage\"},\"thumbnailUrl\":\"https:\\\/\\\/augstudy.com\\\/aug-website-files\\\/wp-content\\\/uploads\\\/2024\\\/09\\\/aug_melevents_end_of_semester_party_241025_1080x540.jpg\",\"datePublished\":\"2024-09-18T05:52:39+00:00\",\"dateModified\":\"2024-09-23T06:33:38+00:00\",\"description\":\"End of semester students party at AUG Melbourne New Office!\",\"breadcrumb\":{\"@id\":\"https:\\\/\\\/augstudy.com\\\/australia\\\/events\\\/mel-semester-end-party\\\/#breadcrumb\"},\"inLanguage\":\"vi\",\"potentialAction\":[{\"@type\":\"ReadAction\",\"target\":[\"https:\\\/\\\/augstudy.com\\\/australia\\\/events\\\/mel-semester-end-party\\\/\"]}]},{\"@type\":\"ImageObject\",\"inLanguage\":\"vi\",\"@id\":\"https:\\\/\\\/augstudy.com\\\/australia\\\/events\\\/mel-semester-end-party\\\/#primaryimage\",\"url\":\"https:\\\/\\\/augstudy.com\\\/aug-website-files\\\/wp-content\\\/uploads\\\/2024\\\/09\\\/aug_melevents_end_of_semester_party_241025_1080x540.jpg\",\"contentUrl\":\"https:\\\/\\\/augstudy.com\\\/aug-website-files\\\/wp-content\\\/uploads\\\/2024\\\/09\\\/aug_melevents_end_of_semester_party_241025_1080x540.jpg\",\"width\":1080,\"height\":540},{\"@type\":\"BreadcrumbList\",\"@id\":\"https:\\\/\\\/augstudy.com\\\/australia\\\/events\\\/mel-semester-end-party\\\/#breadcrumb\",\"itemListElement\":[{\"@type\":\"ListItem\",\"position\":1,\"name\":\"Home\",\"item\":\"https:\\\/\\\/augstudy.com\\\/\"},{\"@type\":\"ListItem\",\"position\":2,\"name\":\"AUG Australia\",\"item\":\"https:\\\/\\\/augstudy.com\\\/australia\\\/\"},{\"@type\":\"ListItem\",\"position\":3,\"name\":\"AUG Australia Events\",\"item\":\"https:\\\/\\\/augstudy.com\\\/australia\\\/events\\\/\"},{\"@type\":\"ListItem\",\"position\":4,\"name\":\"[AUG Melbourne] End of Semester Party\"}]},{\"@type\":\"WebSite\",\"@id\":\"https:\\\/\\\/augstudy.com\\\/#website\",\"url\":\"https:\\\/\\\/augstudy.com\\\/\",\"name\":\"AUG Student Services\",\"description\":\"Student Services\",\"alternateName\":\"AUG Global\",\"potentialAction\":[{\"@type\":\"SearchAction\",\"target\":{\"@type\":\"EntryPoint\",\"urlTemplate\":\"https:\\\/\\\/augstudy.com\\\/?s={search_term_string}\"},\"query-input\":{\"@type\":\"PropertyValueSpecification\",\"valueRequired\":true,\"valueName\":\"search_term_string\"}}],\"inLanguage\":\"vi\"}]}<\/script>\n<!-- \/ Yoast SEO Premium plugin. -->","yoast_head_json":{"title":"[AUG Melbourne] End of Semester Party - AUG Student Services","description":"End of semester students party at AUG Melbourne New Office!","robots":{"index":"index","follow":"follow","max-snippet":"max-snippet:-1","max-image-preview":"max-image-preview:large","max-video-preview":"max-video-preview:-1"},"canonical":"https:\/\/augstudy.com\/vi\/chau-uc\/su-kien-2\/mel-semester-end-party\/","og_locale":"vi_VN","og_type":"article","og_title":"[AUG Melbourne] End of Semester Party","og_description":"End of semester students party at AUG Melbourne New Office!","og_url":"https:\/\/augstudy.com\/vi\/chau-uc\/su-kien-2\/mel-semester-end-party\/","og_site_name":"AUG Student Services","article_publisher":"https:\/\/www.facebook.com\/augmalaysia\/","article_modified_time":"2024-09-23T06:33:38+00:00","og_image":[{"width":1080,"height":540,"url":"https:\/\/augstudy.com\/aug-website-files\/wp-content\/uploads\/2024\/09\/aug_melevents_end_of_semester_party_241025_1080x540.jpg","type":"image\/jpeg"}],"twitter_card":"summary_large_image","twitter_misc":{"\u01af\u1edbc t\u00ednh th\u1eddi gian \u0111\u1ecdc":"2 ph\u00fat"},"schema":{"@context":"https:\/\/schema.org","@graph":[{"@type":"WebPage","@id":"https:\/\/augstudy.com\/australia\/events\/mel-semester-end-party\/","url":"https:\/\/augstudy.com\/australia\/events\/mel-semester-end-party\/","name":"[AUG Melbourne] End of Semester Party - AUG Student Services","isPartOf":{"@id":"https:\/\/augstudy.com\/#website"},"primaryImageOfPage":{"@id":"https:\/\/augstudy.com\/australia\/events\/mel-semester-end-party\/#primaryimage"},"image":{"@id":"https:\/\/augstudy.com\/australia\/events\/mel-semester-end-party\/#primaryimage"},"thumbnailUrl":"https:\/\/augstudy.com\/aug-website-files\/wp-content\/uploads\/2024\/09\/aug_melevents_end_of_semester_party_241025_1080x540.jpg","datePublished":"2024-09-18T05:52:39+00:00","dateModified":"2024-09-23T06:33:38+00:00","description":"End of semester students party at AUG Melbourne New Office!","breadcrumb":{"@id":"https:\/\/augstudy.com\/australia\/events\/mel-semester-end-party\/#breadcrumb"},"inLanguage":"vi","potentialAction":[{"@type":"ReadAction","target":["https:\/\/augstudy.com\/australia\/events\/mel-semester-end-party\/"]}]},{"@type":"ImageObject","inLanguage":"vi","@id":"https:\/\/augstudy.com\/australia\/events\/mel-semester-end-party\/#primaryimage","url":"https:\/\/augstudy.com\/aug-website-files\/wp-content\/uploads\/2024\/09\/aug_melevents_end_of_semester_party_241025_1080x540.jpg","contentUrl":"https:\/\/augstudy.com\/aug-website-files\/wp-content\/uploads\/2024\/09\/aug_melevents_end_of_semester_party_241025_1080x540.jpg","width":1080,"height":540},{"@type":"BreadcrumbList","@id":"https:\/\/augstudy.com\/australia\/events\/mel-semester-end-party\/#breadcrumb","itemListElement":[{"@type":"ListItem","position":1,"name":"Home","item":"https:\/\/augstudy.com\/"},{"@type":"ListItem","position":2,"name":"AUG Australia","item":"https:\/\/augstudy.com\/australia\/"},{"@type":"ListItem","position":3,"name":"AUG Australia Events","item":"https:\/\/augstudy.com\/australia\/events\/"},{"@type":"ListItem","position":4,"name":"[AUG Melbourne] End of Semester Party"}]},{"@type":"WebSite","@id":"https:\/\/augstudy.com\/#website","url":"https:\/\/augstudy.com\/","name":"D\u1ecbch v\u1ee5 Sinh vi\u00ean AUG","description":"D\u1ecbch v\u1ee5 sinh vi\u00ean","alternateName":"AUG Global","potentialAction":[{"@type":"SearchAction","target":{"@type":"EntryPoint","urlTemplate":"https:\/\/augstudy.com\/?s={search_term_string}"},"query-input":{"@type":"PropertyValueSpecification","valueRequired":true,"valueName":"search_term_string"}}],"inLanguage":"vi"}]}},"_links":{"self":[{"href":"https:\/\/augstudy.com\/vi\/wp-json\/wp\/v2\/pages\/392634","targetHints":{"allow":["GET"]}}],"collection":[{"href":"https:\/\/augstudy.com\/vi\/wp-json\/wp\/v2\/pages"}],"about":[{"href":"https:\/\/augstudy.com\/vi\/wp-json\/wp\/v2\/types\/page"}],"author":[{"embeddable":true,"href":"https:\/\/augstudy.com\/vi\/wp-json\/wp\/v2\/users\/4"}],"replies":[{"embeddable":true,"href":"https:\/\/augstudy.com\/vi\/wp-json\/wp\/v2\/comments?post=392634"}],"version-history":[{"count":0,"href":"https:\/\/augstudy.com\/vi\/wp-json\/wp\/v2\/pages\/392634\/revisions"}],"up":[{"embeddable":true,"href":"https:\/\/augstudy.com\/vi\/wp-json\/wp\/v2\/pages\/2351"}],"wp:featuredmedia":[{"embeddable":true,"href":"https:\/\/augstudy.com\/vi\/wp-json\/wp\/v2\/media\/393212"}],"wp:attachment":[{"href":"https:\/\/augstudy.com\/vi\/wp-json\/wp\/v2\/media?parent=392634"}],"curies":[{"name":"wp","href":"https:\/\/api.w.org\/{rel}","templated":true}]}}