{"id":392036,"date":"2024-09-03T16:59:01","date_gmt":"2024-09-03T06:59:01","guid":{"rendered":"https:\/\/augstudy.com\/?page_id=392036"},"modified":"2025-07-10T16:06:40","modified_gmt":"2025-07-10T06:06:40","slug":"buoi-thong-tin-sut","status":"publish","type":"page","link":"https:\/\/augstudy.com\/vi\/malaysia\/events\/sut-info-session\/","title":{"rendered":"[AUG Malaysia] Swinburne University Technology Information Session"},"content":{"rendered":"<div data-vc-full-width=\"true\" data-vc-full-width-init=\"false\" class=\"vc_row wpb_row vc_row-fluid vc_custom_1752127238411 vc_row-has-fill vc_row-o-content-middle vc_row-flex\"><div class=\"wpb_column vc_column_container vc_col-sm-12\"><div class=\"vc_column-inner vc_custom_1661838891579\"><div class=\"wpb_wrapper\">\n\t<div class=\"wpb_single_image wpb_content_element vc_align_center  vc_custom_1752127256341\">\n\t\t\n\t\t<figure class=\"wpb_wrapper vc_figure\">\n\t\t\t<div class=\"vc_single_image-wrapper   vc_box_border_grey\"><img loading=\"lazy\" decoding=\"async\" width=\"2084\" height=\"771\" src=\"https:\/\/augstudy.com\/aug-website-files\/wp-content\/uploads\/2025\/07\/aug_myevents_sut_info_day_251103_251107_2084x771.jpg\" class=\"vc_single_image-img attachment-full\" alt=\"\" srcset=\"https:\/\/augstudy.com\/aug-website-files\/wp-content\/uploads\/2025\/07\/aug_myevents_sut_info_day_251103_251107_2084x771.jpg 2084w, https:\/\/augstudy.com\/aug-website-files\/wp-content\/uploads\/2025\/07\/aug_myevents_sut_info_day_251103_251107_2084x771-300x111.jpg 300w, https:\/\/augstudy.com\/aug-website-files\/wp-content\/uploads\/2025\/07\/aug_myevents_sut_info_day_251103_251107_2084x771-1024x379.jpg 1024w, https:\/\/augstudy.com\/aug-website-files\/wp-content\/uploads\/2025\/07\/aug_myevents_sut_info_day_251103_251107_2084x771-768x284.jpg 768w, https:\/\/augstudy.com\/aug-website-files\/wp-content\/uploads\/2025\/07\/aug_myevents_sut_info_day_251103_251107_2084x771-1536x568.jpg 1536w, https:\/\/augstudy.com\/aug-website-files\/wp-content\/uploads\/2025\/07\/aug_myevents_sut_info_day_251103_251107_2084x771-2048x758.jpg 2048w, https:\/\/augstudy.com\/aug-website-files\/wp-content\/uploads\/2025\/07\/aug_myevents_sut_info_day_251103_251107_2084x771-18x7.jpg 18w\" sizes=\"auto, (max-width: 2084px) 100vw, 2084px\" \/><\/div>\n\t\t<\/figure>\n\t<\/div>\n<\/div><\/div><\/div><\/div><div class=\"vc_row-full-width vc_clearfix\"><\/div><div data-vc-full-width=\"true\" data-vc-full-width-init=\"false\" class=\"vc_row wpb_row vc_row-fluid vc_custom_1670821921550 vc_row-has-fill vc_row-o-content-middle vc_row-flex\"><div class=\"wpb_column vc_column_container vc_col-sm-2 vc_hidden-sm vc_hidden-xs\"><div class=\"vc_column-inner\"><div class=\"wpb_wrapper\"><\/div><\/div><\/div><div class=\"wpb_column vc_column_container vc_col-sm-8\"><div class=\"vc_column-inner vc_custom_1671748405855\"><div class=\"wpb_wrapper\">\n\t<div class=\"wpb_text_column wpb_content_element  aug_content_box\">\n\t\t<div class=\"wpb_wrapper\">\n\t\t\t<h3><strong>Tu\u1ea7n l\u1ec5 th\u00f4ng tin c\u1ee7a \u0110\u1ea1i h\u1ecdc C\u00f4ng ngh\u1ec7 Swinburne<\/strong><\/h3>\n<p><span class=\"\" style=\"display:block;clear:both;height: 0px;padding-top: 15px;border-top-width:0px;border-bottom-width:0px;\"><\/span>C\u01a1 s\u1edf v\u1eadt ch\u1ea5t hi\u1ec7n \u0111\u1ea1i c\u1ee7a \u0110\u1ea1i h\u1ecdc C\u00f4ng ngh\u1ec7 Swinburne mang \u0111\u1ebfn tr\u1ea3i nghi\u1ec7m th\u1ef1c t\u1ebf v\u1edbi c\u00f4ng ngh\u1ec7 ti\u00ean ti\u1ebfn nh\u1ea5t, trang b\u1ecb cho b\u1ea1n nh\u1eefng k\u1ef9 n\u0103ng th\u1ef1c t\u1ebf m\u00e0 nh\u00e0 tuy\u1ec3n d\u1ee5ng \u0111\u00e1nh gi\u00e1 cao. T\u1eeb c\u00e1c ph\u00f2ng th\u00ed nghi\u1ec7m ti\u00ean ti\u1ebfn \u0111\u1ebfn c\u00e1c d\u1ef1 \u00e1n li\u00ean k\u1ebft v\u1edbi ng\u00e0nh, Swinburne trang b\u1ecb cho b\u1ea1n h\u00e0nh trang \u0111\u1ec3 b\u1ee9t ph\u00e1 gi\u1edbi h\u1ea1n, \u0111\u1ed5i m\u1edbi v\u00e0 v\u01b0\u1ee3t tr\u1ed9i trong l\u0129nh v\u1ef1c b\u1ea1n \u0111\u00e3 ch\u1ecdn.<br \/>\n<span class=\"\" style=\"display:block;clear:both;height: 0px;padding-top: 15px;border-top-width:0px;border-bottom-width:0px;\"><\/span>C\u00e1c kh\u00f3a h\u1ecdc \u0111\u01b0\u1ee3c cung c\u1ea5p bao g\u1ed3m:<\/p>\n<ul>\n<li>Thi\u1ebft k\u1ebf;<\/li>\n<li>C\u00f4ng ngh\u1ec7 th\u00f4ng tin;<\/li>\n<li>Tr\u00f2 ch\u01a1i v\u00e0 ho\u1ea1t h\u00ecnh;<\/li>\n<li>S\u1ee9c kh\u1ecfe;<\/li>\n<li>Ngh\u1ec7 thu\u1eadt, Nh\u00e2n v\u0103n v\u00e0 Khoa h\u1ecdc x\u00e3 h\u1ed9i;<\/li>\n<li>v\u00e0 nhi\u1ec1u h\u01a1n n\u1eefa!<\/li>\n<\/ul>\n<p><span class=\"\" style=\"display:block;clear:both;height: 0px;padding-top: 15px;border-top-width:0px;border-bottom-width:0px;\"><\/span>H\u00e3y tham gia Tu\u1ea7n l\u1ec5 th\u00f4ng tin c\u1ee7a \u0110\u1ea1i h\u1ecdc Swinburne v\u00e0 kh\u00e1m ph\u00e1 \u0111i\u1ec1u g\u00ec l\u00e0m n\u00ean s\u1ef1 kh\u00e1c bi\u1ec7t c\u1ee7a tr\u01b0\u1eddng!<br \/>\n<span class=\"\" style=\"display:block;clear:both;height: 0px;padding-top: 15px;border-top-width:0px;border-bottom-width:0px;\"><\/span><span style=\"text-decoration: underline;\"><a href=\"#registration\">\u0110\u0103ng k\u00fd ngay b\u00e2y gi\u1edd!<\/a><\/span><\/p>\n<h3><span class=\"\" style=\"display:block;clear:both;height: 0px;padding-top: 15px;border-top-width:0px;border-bottom-width:0px;\"><\/span><strong>chi ti\u1ebft s\u1ef1 ki\u1ec7n<\/strong><\/h3>\n<h4><span class=\"\" style=\"display:block;clear:both;height: 0px;padding-top: 15px;border-top-width:0px;border-bottom-width:0px;\"><\/span><strong>Ng\u00e0y 3 th\u00e1ng 11 n\u0103m 2025 (Th\u1ee9 Hai)<\/strong><\/h4>\n<p><span class=\"\" style=\"display:block;clear:both;height: 0px;padding-top: 15px;border-top-width:0px;border-bottom-width:0px;\"><\/span><strong>Th\u1eddi gian:<\/strong> 2:00 Chi\u1ec1u \u2013 4:00 Chi\u1ec1u<br \/>\n<span class=\"\" style=\"display:block;clear:both;height: 0px;padding-top: 15px;border-top-width:0px;border-bottom-width:0px;\"><\/span><strong>\u0110\u1ecba \u0111i\u1ec3m:<\/strong> <span style=\"text-decoration: underline;\"><a href=\"https:\/\/maps.app.goo.gl\/KvLPAuzTzSB1xFnCA\" target=\"_blank\" rel=\"noopener\">V\u0103n ph\u00f2ng AUG Penang (441-G-9, Pulau Tikus Plaza, Jalan Burma, 10350 Penang, Malaysia)<\/a><\/span><\/p>\n<h4><span class=\"\" style=\"display:block;clear:both;height: 0px;padding-top: 15px;border-top-width:0px;border-bottom-width:0px;\"><\/span><strong>Ng\u00e0y 4 th\u00e1ng 11 n\u0103m 2025 (Th\u1ee9 Ba)<\/strong><\/h4>\n<p><span class=\"\" style=\"display:block;clear:both;height: 0px;padding-top: 15px;border-top-width:0px;border-bottom-width:0px;\"><\/span><strong>Th\u1eddi gian:<\/strong> 2:00 Chi\u1ec1u \u2013 4:00 Chi\u1ec1u<br \/>\n<span class=\"\" style=\"display:block;clear:both;height: 0px;padding-top: 15px;border-top-width:0px;border-bottom-width:0px;\"><\/span><strong>\u0110\u1ecba \u0111i\u1ec3m:<\/strong> <span style=\"text-decoration: underline;\"><a href=\"https:\/\/maps.app.goo.gl\/5BvM2FescPCNynZB6\" target=\"_blank\" rel=\"noopener\">V\u0103n ph\u00f2ng AUG Ipoh (54, Persiaran Greenhill, 30450 Ipoh, Negeri Perak, Malaysia)<\/a><\/span><\/p>\n<h4><span class=\"\" style=\"display:block;clear:both;height: 0px;padding-top: 15px;border-top-width:0px;border-bottom-width:0px;\"><\/span><strong>Ng\u00e0y 5 th\u00e1ng 11 n\u0103m 2025 (Th\u1ee9 T\u01b0)<\/strong><\/h4>\n<p><span class=\"\" style=\"display:block;clear:both;height: 0px;padding-top: 15px;border-top-width:0px;border-bottom-width:0px;\"><\/span><strong>Th\u1eddi gian:<\/strong> 2:00 Chi\u1ec1u \u2013 4:00 Chi\u1ec1u<br \/>\n<span class=\"\" style=\"display:block;clear:both;height: 0px;padding-top: 15px;border-top-width:0px;border-bottom-width:0px;\"><\/span><strong>\u0110\u1ecba \u0111i\u1ec3m:<\/strong> <span style=\"text-decoration: underline;\"><a href=\"https:\/\/maps.app.goo.gl\/xL2cYEbC91mNeDNk7\" target=\"_blank\" rel=\"noopener\">V\u0103n ph\u00f2ng AUG Subang Jaya (8 Jalan SS15\/8, 47500 Subang Jaya, Selangor, Malaysia)<\/a><\/span><\/p>\n<h4><span class=\"\" style=\"display:block;clear:both;height: 0px;padding-top: 15px;border-top-width:0px;border-bottom-width:0px;\"><\/span><strong>Ng\u00e0y 6 th\u00e1ng 11 n\u0103m 2025 (Th\u1ee9 N\u0103m)<\/strong><\/h4>\n<p><span class=\"\" style=\"display:block;clear:both;height: 0px;padding-top: 15px;border-top-width:0px;border-bottom-width:0px;\"><\/span><strong>Th\u1eddi gian:<\/strong> 2:00 Chi\u1ec1u \u2013 4:00 Chi\u1ec1u<br \/>\n<span class=\"\" style=\"display:block;clear:both;height: 0px;padding-top: 15px;border-top-width:0px;border-bottom-width:0px;\"><\/span><strong>\u0110\u1ecba \u0111i\u1ec3m:<\/strong> <span style=\"text-decoration: underline;\"><a href=\"https:\/\/maps.app.goo.gl\/bFDzWMHUUSMwuzAM7\" target=\"_blank\" rel=\"noopener\">V\u0103n ph\u00f2ng AUG Johor Bahru (10, Jalan Sri Pelangi 4, Taman Pelangi, 80400 Johor Bahru, Johor, Malaysia)<\/a><\/span><\/p>\n<h4><span class=\"\" style=\"display:block;clear:both;height: 0px;padding-top: 15px;border-top-width:0px;border-bottom-width:0px;\"><\/span><strong>Ng\u00e0y 7 th\u00e1ng 11 n\u0103m 2025 (Th\u1ee9 S\u00e1u)<\/strong><\/h4>\n<p><span class=\"\" style=\"display:block;clear:both;height: 0px;padding-top: 15px;border-top-width:0px;border-bottom-width:0px;\"><\/span><strong>Th\u1eddi gian:<\/strong> 2:00 Chi\u1ec1u \u2013 4:00 Chi\u1ec1u<br \/>\n<span class=\"\" style=\"display:block;clear:both;height: 0px;padding-top: 15px;border-top-width:0px;border-bottom-width:0px;\"><\/span><strong>\u0110\u1ecba \u0111i\u1ec3m:<\/strong> <span style=\"text-decoration: underline;\"><a href=\"https:\/\/maps.app.goo.gl\/1Np1zB6dvRDJUeYf6\" target=\"_blank\" rel=\"noopener\">V\u0103n ph\u00f2ng AUG Kuching (Sub Lot 6, Sekama 7, Jalan Sekama, 93300 Kuching, Sarawak, Malaysia)<\/a><\/span><br \/>\n<span class=\"\" style=\"display:block;clear:both;height: 0px;padding-top: 15px;border-top-width:0px;border-bottom-width:0px;\"><\/span><\/p>\n<h6 style=\"color: #ff0000;\"><strong><em>* ch\u1ec9 ra tr\u01b0\u1eddng b\u1eaft bu\u1ed9c<\/em><\/strong><\/h6>\n\n\t\t<\/div>\n\t<\/div>\n<\/div><\/div><\/div><div class=\"wpb_column vc_column_container vc_col-sm-2 vc_hidden-sm vc_hidden-xs\"><div class=\"vc_column-inner\"><div class=\"wpb_wrapper\"><\/div><\/div><\/div><\/div><div class=\"vc_row-full-width vc_clearfix\"><\/div><div id=\"registration\" class=\"vc_row wpb_row vc_row-fluid\"><div class=\"wpb_column vc_column_container vc_col-sm-12\"><div class=\"vc_column-inner vc_custom_1660175491551\"><div class=\"wpb_wrapper\">\n\t<div class=\"wpb_text_column wpb_content_element\">\n\t\t<div class=\"wpb_wrapper\">\n\t\t\t<iframe class=\"aug_rego_iframe\" src=\"https:\/\/www.research.net\/r\/97GB93Y\" style=\"--height_desktop: 1200px; --height_mobile: 1200px;\"><\/iframe>\n\n\t\t<\/div>\n\t<\/div>\n<\/div><\/div><\/div><\/div>","protected":false},"excerpt":{"rendered":"Swinburne University of Technology Information Week Swinburne University of Technology modern facilities provide hands-on experience with the latest technology, equipping you with real-world skills that employers value. From cutting-edge labs to industry-linked projects, Swinburne prepares you to push boundaries, innovate, and excel in your chosen field. Courses offered include: Design; Information Technology; Games and Animation; [...]","protected":false},"author":5,"featured_media":400299,"parent":2350,"menu_order":0,"comment_status":"closed","ping_status":"closed","template":"","meta":{"footnotes":""},"class_list":["post-392036","page","type-page","status-publish","hentry"],"yoast_head":"<!-- This site is optimized with the Yoast SEO Premium plugin v27.0 (Yoast SEO v27.3) - https:\/\/yoast.com\/product\/yoast-seo-premium-wordpress\/ -->\n<title>[AUG Malaysia] Swinburne University Technology Information Session - AUG Student Services<\/title>\n<meta name=\"description\" content=\"Explore hands-on learning, industry-linked projects, and cutting-edge facilities at Swinburne University of Technology \u2014 offering top courses in Design, Information Technology, Games and Animation, Health, Arts and more \u2014 at Swinburne Information Week this 3 November - 7 November 2025 across Malaysia.\" \/>\n<meta name=\"robots\" content=\"index, follow, max-snippet:-1, max-image-preview:large, max-video-preview:-1\" \/>\n<link rel=\"canonical\" href=\"https:\/\/augstudy.com\/vi\/malaysia-2\/su-kien-2\/buoi-thong-tin-sut\/\" \/>\n<meta property=\"og:locale\" content=\"vi_VN\" \/>\n<meta property=\"og:type\" content=\"article\" \/>\n<meta property=\"og:title\" content=\"[AUG Malaysia] Swinburne University Technology Information Session\" \/>\n<meta property=\"og:description\" content=\"Explore hands-on learning, industry-linked projects, and cutting-edge facilities at Swinburne University of Technology \u2014 offering top courses in Design, Information Technology, Games and Animation, Health, Arts and more \u2014 at Swinburne Information Week this 3 November - 7 November 2025 across Malaysia.\" \/>\n<meta property=\"og:url\" content=\"https:\/\/augstudy.com\/vi\/malaysia-2\/su-kien-2\/buoi-thong-tin-sut\/\" \/>\n<meta property=\"og:site_name\" content=\"AUG Student Services\" \/>\n<meta property=\"article:publisher\" content=\"https:\/\/www.facebook.com\/augmalaysia\/\" \/>\n<meta property=\"article:modified_time\" content=\"2025-07-10T06:06:40+00:00\" \/>\n<meta property=\"og:image\" content=\"https:\/\/augstudy.com\/aug-website-files\/wp-content\/uploads\/2025\/07\/aug_myevents_sut_info_day_251103_251107_1080x540.jpg\" \/>\n\t<meta property=\"og:image:width\" content=\"1080\" \/>\n\t<meta property=\"og:image:height\" content=\"540\" \/>\n\t<meta property=\"og:image:type\" content=\"image\/jpeg\" \/>\n<meta name=\"twitter:card\" content=\"summary_large_image\" \/>\n<meta name=\"twitter:label1\" content=\"\u01af\u1edbc t\u00ednh th\u1eddi gian \u0111\u1ecdc\" \/>\n\t<meta name=\"twitter:data1\" content=\"2 ph\u00fat\" \/>\n<script type=\"application\/ld+json\" class=\"yoast-schema-graph\">{\"@context\":\"https:\\\/\\\/schema.org\",\"@graph\":[{\"@type\":\"WebPage\",\"@id\":\"https:\\\/\\\/augstudy.com\\\/malaysia\\\/events\\\/sut-info-session\\\/\",\"url\":\"https:\\\/\\\/augstudy.com\\\/malaysia\\\/events\\\/sut-info-session\\\/\",\"name\":\"[AUG Malaysia] Swinburne University Technology Information Session - AUG Student Services\",\"isPartOf\":{\"@id\":\"https:\\\/\\\/augstudy.com\\\/#website\"},\"primaryImageOfPage\":{\"@id\":\"https:\\\/\\\/augstudy.com\\\/malaysia\\\/events\\\/sut-info-session\\\/#primaryimage\"},\"image\":{\"@id\":\"https:\\\/\\\/augstudy.com\\\/malaysia\\\/events\\\/sut-info-session\\\/#primaryimage\"},\"thumbnailUrl\":\"https:\\\/\\\/augstudy.com\\\/aug-website-files\\\/wp-content\\\/uploads\\\/2025\\\/07\\\/aug_myevents_sut_info_day_251103_251107_1080x540.jpg\",\"datePublished\":\"2024-09-03T06:59:01+00:00\",\"dateModified\":\"2025-07-10T06:06:40+00:00\",\"description\":\"Explore hands-on learning, industry-linked projects, and cutting-edge facilities at Swinburne University of Technology \u2014 offering top courses in Design, Information Technology, Games and Animation, Health, Arts and more \u2014 at Swinburne Information Week this 3 November - 7 November 2025 across Malaysia.\",\"breadcrumb\":{\"@id\":\"https:\\\/\\\/augstudy.com\\\/malaysia\\\/events\\\/sut-info-session\\\/#breadcrumb\"},\"inLanguage\":\"vi\",\"potentialAction\":[{\"@type\":\"ReadAction\",\"target\":[\"https:\\\/\\\/augstudy.com\\\/malaysia\\\/events\\\/sut-info-session\\\/\"]}]},{\"@type\":\"ImageObject\",\"inLanguage\":\"vi\",\"@id\":\"https:\\\/\\\/augstudy.com\\\/malaysia\\\/events\\\/sut-info-session\\\/#primaryimage\",\"url\":\"https:\\\/\\\/augstudy.com\\\/aug-website-files\\\/wp-content\\\/uploads\\\/2025\\\/07\\\/aug_myevents_sut_info_day_251103_251107_1080x540.jpg\",\"contentUrl\":\"https:\\\/\\\/augstudy.com\\\/aug-website-files\\\/wp-content\\\/uploads\\\/2025\\\/07\\\/aug_myevents_sut_info_day_251103_251107_1080x540.jpg\",\"width\":1080,\"height\":540},{\"@type\":\"BreadcrumbList\",\"@id\":\"https:\\\/\\\/augstudy.com\\\/malaysia\\\/events\\\/sut-info-session\\\/#breadcrumb\",\"itemListElement\":[{\"@type\":\"ListItem\",\"position\":1,\"name\":\"Home\",\"item\":\"https:\\\/\\\/augstudy.com\\\/\"},{\"@type\":\"ListItem\",\"position\":2,\"name\":\"AUG Malaysia\",\"item\":\"https:\\\/\\\/augstudy.com\\\/malaysia\\\/\"},{\"@type\":\"ListItem\",\"position\":3,\"name\":\"AUG Malaysia Events\",\"item\":\"https:\\\/\\\/augstudy.com\\\/malaysia\\\/events\\\/\"},{\"@type\":\"ListItem\",\"position\":4,\"name\":\"[AUG Malaysia] Swinburne University Technology Information Session\"}]},{\"@type\":\"WebSite\",\"@id\":\"https:\\\/\\\/augstudy.com\\\/#website\",\"url\":\"https:\\\/\\\/augstudy.com\\\/\",\"name\":\"AUG Student Services\",\"description\":\"Student Services\",\"alternateName\":\"AUG Global\",\"potentialAction\":[{\"@type\":\"SearchAction\",\"target\":{\"@type\":\"EntryPoint\",\"urlTemplate\":\"https:\\\/\\\/augstudy.com\\\/?s={search_term_string}\"},\"query-input\":{\"@type\":\"PropertyValueSpecification\",\"valueRequired\":true,\"valueName\":\"search_term_string\"}}],\"inLanguage\":\"vi\"}]}<\/script>\n<!-- \/ Yoast SEO Premium plugin. -->","yoast_head_json":{"title":"[AUG Malaysia] Swinburne University Technology Information Session - AUG Student Services","description":"Kh\u00e1m ph\u00e1 ch\u01b0\u01a1ng tr\u00ecnh h\u1ecdc th\u1ef1c h\u00e0nh, c\u00e1c d\u1ef1 \u00e1n li\u00ean k\u1ebft v\u1edbi ng\u00e0nh v\u00e0 c\u01a1 s\u1edf v\u1eadt ch\u1ea5t ti\u00ean ti\u1ebfn t\u1ea1i \u0110\u1ea1i h\u1ecdc C\u00f4ng ngh\u1ec7 Swinburne \u2014 n\u01a1i cung c\u1ea5p c\u00e1c kh\u00f3a h\u1ecdc h\u00e0ng \u0111\u1ea7u v\u1ec1 Thi\u1ebft k\u1ebf, C\u00f4ng ngh\u1ec7 th\u00f4ng tin, Tr\u00f2 ch\u01a1i v\u00e0 Ho\u1ea1t h\u00ecnh, Y t\u1ebf, Ngh\u1ec7 thu\u1eadt, v.v. \u2014 t\u1ea1i Tu\u1ea7n l\u1ec5 th\u00f4ng tin Swinburne t\u1eeb ng\u00e0y 3 th\u00e1ng 11 \u0111\u1ebfn ng\u00e0y 7 th\u00e1ng 11 n\u0103m 2025 tr\u00ean kh\u1eafp Malaysia.","robots":{"index":"index","follow":"follow","max-snippet":"max-snippet:-1","max-image-preview":"max-image-preview:large","max-video-preview":"max-video-preview:-1"},"canonical":"https:\/\/augstudy.com\/vi\/malaysia-2\/su-kien-2\/buoi-thong-tin-sut\/","og_locale":"vi_VN","og_type":"article","og_title":"[AUG Malaysia] Swinburne University Technology Information Session","og_description":"Explore hands-on learning, industry-linked projects, and cutting-edge facilities at Swinburne University of Technology \u2014 offering top courses in Design, Information Technology, Games and Animation, Health, Arts and more \u2014 at Swinburne Information Week this 3 November - 7 November 2025 across Malaysia.","og_url":"https:\/\/augstudy.com\/vi\/malaysia-2\/su-kien-2\/buoi-thong-tin-sut\/","og_site_name":"AUG Student Services","article_publisher":"https:\/\/www.facebook.com\/augmalaysia\/","article_modified_time":"2025-07-10T06:06:40+00:00","og_image":[{"width":1080,"height":540,"url":"https:\/\/augstudy.com\/aug-website-files\/wp-content\/uploads\/2025\/07\/aug_myevents_sut_info_day_251103_251107_1080x540.jpg","type":"image\/jpeg"}],"twitter_card":"summary_large_image","twitter_misc":{"\u01af\u1edbc t\u00ednh th\u1eddi gian \u0111\u1ecdc":"2 ph\u00fat"},"schema":{"@context":"https:\/\/schema.org","@graph":[{"@type":"WebPage","@id":"https:\/\/augstudy.com\/malaysia\/events\/sut-info-session\/","url":"https:\/\/augstudy.com\/malaysia\/events\/sut-info-session\/","name":"[AUG Malaysia] Swinburne University Technology Information Session - AUG Student Services","isPartOf":{"@id":"https:\/\/augstudy.com\/#website"},"primaryImageOfPage":{"@id":"https:\/\/augstudy.com\/malaysia\/events\/sut-info-session\/#primaryimage"},"image":{"@id":"https:\/\/augstudy.com\/malaysia\/events\/sut-info-session\/#primaryimage"},"thumbnailUrl":"https:\/\/augstudy.com\/aug-website-files\/wp-content\/uploads\/2025\/07\/aug_myevents_sut_info_day_251103_251107_1080x540.jpg","datePublished":"2024-09-03T06:59:01+00:00","dateModified":"2025-07-10T06:06:40+00:00","description":"Kh\u00e1m ph\u00e1 ch\u01b0\u01a1ng tr\u00ecnh h\u1ecdc th\u1ef1c h\u00e0nh, c\u00e1c d\u1ef1 \u00e1n li\u00ean k\u1ebft v\u1edbi ng\u00e0nh v\u00e0 c\u01a1 s\u1edf v\u1eadt ch\u1ea5t ti\u00ean ti\u1ebfn t\u1ea1i \u0110\u1ea1i h\u1ecdc C\u00f4ng ngh\u1ec7 Swinburne \u2014 n\u01a1i cung c\u1ea5p c\u00e1c kh\u00f3a h\u1ecdc h\u00e0ng \u0111\u1ea7u v\u1ec1 Thi\u1ebft k\u1ebf, C\u00f4ng ngh\u1ec7 th\u00f4ng tin, Tr\u00f2 ch\u01a1i v\u00e0 Ho\u1ea1t h\u00ecnh, Y t\u1ebf, Ngh\u1ec7 thu\u1eadt, v.v. \u2014 t\u1ea1i Tu\u1ea7n l\u1ec5 th\u00f4ng tin Swinburne t\u1eeb ng\u00e0y 3 th\u00e1ng 11 \u0111\u1ebfn ng\u00e0y 7 th\u00e1ng 11 n\u0103m 2025 tr\u00ean kh\u1eafp Malaysia.","breadcrumb":{"@id":"https:\/\/augstudy.com\/malaysia\/events\/sut-info-session\/#breadcrumb"},"inLanguage":"vi","potentialAction":[{"@type":"ReadAction","target":["https:\/\/augstudy.com\/malaysia\/events\/sut-info-session\/"]}]},{"@type":"ImageObject","inLanguage":"vi","@id":"https:\/\/augstudy.com\/malaysia\/events\/sut-info-session\/#primaryimage","url":"https:\/\/augstudy.com\/aug-website-files\/wp-content\/uploads\/2025\/07\/aug_myevents_sut_info_day_251103_251107_1080x540.jpg","contentUrl":"https:\/\/augstudy.com\/aug-website-files\/wp-content\/uploads\/2025\/07\/aug_myevents_sut_info_day_251103_251107_1080x540.jpg","width":1080,"height":540},{"@type":"BreadcrumbList","@id":"https:\/\/augstudy.com\/malaysia\/events\/sut-info-session\/#breadcrumb","itemListElement":[{"@type":"ListItem","position":1,"name":"Home","item":"https:\/\/augstudy.com\/"},{"@type":"ListItem","position":2,"name":"AUG Malaysia","item":"https:\/\/augstudy.com\/malaysia\/"},{"@type":"ListItem","position":3,"name":"AUG Malaysia Events","item":"https:\/\/augstudy.com\/malaysia\/events\/"},{"@type":"ListItem","position":4,"name":"[AUG Malaysia] Swinburne University Technology Information Session"}]},{"@type":"WebSite","@id":"https:\/\/augstudy.com\/#website","url":"https:\/\/augstudy.com\/","name":"D\u1ecbch v\u1ee5 Sinh vi\u00ean AUG","description":"D\u1ecbch v\u1ee5 sinh vi\u00ean","alternateName":"AUG Global","potentialAction":[{"@type":"SearchAction","target":{"@type":"EntryPoint","urlTemplate":"https:\/\/augstudy.com\/?s={search_term_string}"},"query-input":{"@type":"PropertyValueSpecification","valueRequired":true,"valueName":"search_term_string"}}],"inLanguage":"vi"}]}},"_links":{"self":[{"href":"https:\/\/augstudy.com\/vi\/wp-json\/wp\/v2\/pages\/392036","targetHints":{"allow":["GET"]}}],"collection":[{"href":"https:\/\/augstudy.com\/vi\/wp-json\/wp\/v2\/pages"}],"about":[{"href":"https:\/\/augstudy.com\/vi\/wp-json\/wp\/v2\/types\/page"}],"author":[{"embeddable":true,"href":"https:\/\/augstudy.com\/vi\/wp-json\/wp\/v2\/users\/5"}],"replies":[{"embeddable":true,"href":"https:\/\/augstudy.com\/vi\/wp-json\/wp\/v2\/comments?post=392036"}],"version-history":[{"count":0,"href":"https:\/\/augstudy.com\/vi\/wp-json\/wp\/v2\/pages\/392036\/revisions"}],"up":[{"embeddable":true,"href":"https:\/\/augstudy.com\/vi\/wp-json\/wp\/v2\/pages\/2350"}],"wp:featuredmedia":[{"embeddable":true,"href":"https:\/\/augstudy.com\/vi\/wp-json\/wp\/v2\/media\/400299"}],"wp:attachment":[{"href":"https:\/\/augstudy.com\/vi\/wp-json\/wp\/v2\/media?parent=392036"}],"curies":[{"name":"wp","href":"https:\/\/api.w.org\/{rel}","templated":true}]}}