{"id":391960,"date":"2024-09-02T13:15:19","date_gmt":"2024-09-02T03:15:19","guid":{"rendered":"https:\/\/augstudy.com\/?page_id=391960"},"modified":"2026-03-06T18:00:14","modified_gmt":"2026-03-06T07:00:14","slug":"kuala-lumpur","status":"publish","type":"page","link":"https:\/\/augstudy.com\/vi\/malaysia\/events\/kuala-lumpur\/","title":{"rendered":"[AUG Kuala Lumpur] Office Events"},"content":{"rendered":"<div data-vc-full-width=\"true\" data-vc-full-width-init=\"false\" class=\"vc_row wpb_row vc_row-fluid vc_custom_1725242671315 vc_row-has-fill vc_row-o-content-middle vc_row-flex\"><div class=\"wpb_column vc_column_container vc_col-sm-12\"><div class=\"vc_column-inner vc_custom_1661838891579\"><div class=\"wpb_wrapper\">\n\t<div class=\"wpb_single_image wpb_content_element vc_align_center  vc_custom_1725242430478\">\n\t\t\n\t\t<figure class=\"wpb_wrapper vc_figure\">\n\t\t\t<div class=\"vc_single_image-wrapper   vc_box_border_grey\"><img loading=\"lazy\" decoding=\"async\" width=\"2084\" height=\"771\" src=\"https:\/\/augstudy.com\/aug-website-files\/wp-content\/uploads\/2024\/09\/aug_myevents_general_2084x771.jpg\" class=\"vc_single_image-img attachment-full\" alt=\"\" srcset=\"https:\/\/augstudy.com\/aug-website-files\/wp-content\/uploads\/2024\/09\/aug_myevents_general_2084x771.jpg 2084w, https:\/\/augstudy.com\/aug-website-files\/wp-content\/uploads\/2024\/09\/aug_myevents_general_2084x771-300x111.jpg 300w, https:\/\/augstudy.com\/aug-website-files\/wp-content\/uploads\/2024\/09\/aug_myevents_general_2084x771-1024x379.jpg 1024w, https:\/\/augstudy.com\/aug-website-files\/wp-content\/uploads\/2024\/09\/aug_myevents_general_2084x771-768x284.jpg 768w, https:\/\/augstudy.com\/aug-website-files\/wp-content\/uploads\/2024\/09\/aug_myevents_general_2084x771-1536x568.jpg 1536w, https:\/\/augstudy.com\/aug-website-files\/wp-content\/uploads\/2024\/09\/aug_myevents_general_2084x771-2048x758.jpg 2048w, https:\/\/augstudy.com\/aug-website-files\/wp-content\/uploads\/2024\/09\/aug_myevents_general_2084x771-18x7.jpg 18w\" sizes=\"auto, (max-width: 2084px) 100vw, 2084px\" \/><\/div>\n\t\t<\/figure>\n\t<\/div>\n<\/div><\/div><\/div><\/div><div class=\"vc_row-full-width vc_clearfix\"><\/div><div data-vc-full-width=\"true\" data-vc-full-width-init=\"false\" class=\"vc_row wpb_row vc_row-fluid vc_custom_1722494718626 vc_row-has-fill vc_row-o-full-height vc_row-o-columns-middle vc_row-o-content-middle vc_row-flex\"><div class=\"wpb_column vc_column_container vc_col-sm-2 vc_hidden-sm vc_hidden-xs\"><div class=\"vc_column-inner\"><div class=\"wpb_wrapper\"><\/div><\/div><\/div><div class=\"wpb_column vc_column_container vc_col-sm-8\"><div class=\"vc_column-inner vc_custom_1671748405855\"><div class=\"wpb_wrapper\"><div class=\"vc_empty_space\"  style=\"height: 32px\" ><span class=\"vc_empty_space_inner\"><\/span><\/div>\n\n\t<div class=\"wpb_text_column wpb_content_element\">\n\t\t<div class=\"wpb_wrapper\">\n\t\t\t<h2>AUG Kuala Lumpur<\/h2>\n<p>&nbsp;<\/p>\n<p>H\u00e3y xem c\u00e1c s\u1ef1 ki\u1ec7n, bu\u1ed5i ph\u1ecfng v\u1ea5n v\u00e0 chuy\u1ebfn th\u0103m c\u01a1 s\u1edf gi\u00e1o d\u1ee5c g\u1ea7n b\u1ea1n:<\/p>\n\n\t\t<\/div>\n\t<\/div>\n\n\t<div class=\"wpb_text_column wpb_content_element\">\n\t\t<div class=\"wpb_wrapper\">\n\t\t\t<table class=\"tg\">\n<thead>\n<tr>\n<th class=\"tg-lboi\" width=\"150px\"><strong>Ng\u00e0y <\/strong><\/th>\n<th class=\"tg-0pky\" width=\"500px\"><strong>Th\u1eddi gian<\/strong><\/th>\n<th class=\"tg-0pky\" width=\"500px\"><strong>V\u1ecb tr\u00ed<\/strong><\/th>\n<th class=\"tg-0pky\" width=\"500px\"><strong>S\u1ef1 ki\u1ec7n<\/strong><\/th>\n<th class=\"tg-0pky\" width=\"200px\"><strong>Li\u00ean h\u1ec7 ch\u00fang t\u00f4i<\/strong><\/th>\n<\/tr>\n<\/thead>\n<tbody>\n<tr>\n<td class=\"tg-0pky\" style=\"text-align: center;\">2nd April 2026<\/td>\n<td class=\"tg-0pky\" style=\"text-align: center;\">2 gi\u1edd chi\u1ec1u \u2013 4 gi\u1edd chi\u1ec1u<\/td>\n<td class=\"tg-0pky\" style=\"text-align: center;\">AUG Kuala Lumpur<\/td>\n<td class=\"tg-0pky\" style=\"text-align: center;\">StudyGroup Info Session<\/td>\n<td class=\"tg-0pky\" style=\"text-align: center;\"><a href=\"https:\/\/wa.me\/129699708?text=Hi,%20I%20am%20interested%20about%20StudyGroup%20Info%20Session%20in%20AUG%20KL\" target=\"blank\" rel=\"noopener\"><button name=\"Whatsapp\" type=\"button\">Tr\u00f2 chuy\u1ec7n ngay<\/button><\/a><\/td>\n<\/tr>\n<\/tbody>\n<tbody>\n<tr>\n<td class=\"tg-0pky\" style=\"text-align: center;\">16th April 2026<\/td>\n<td class=\"tg-0pky\" style=\"text-align: center;\">2 gi\u1edd chi\u1ec1u \u2013 4 gi\u1edd chi\u1ec1u<\/td>\n<td class=\"tg-0pky\" style=\"text-align: center;\">AUG Kuala Lumpur<\/td>\n<td class=\"tg-0pky\" style=\"text-align: center;\">StudyGroup Info Session<\/td>\n<td class=\"tg-0pky\" style=\"text-align: center;\"><a href=\"https:\/\/wa.me\/129699708?text=Hi,%20I%20am%20interested%20about%20StudyGroup%20Info%20Session%20in%20AUG%20KL\" target=\"blank\" rel=\"noopener\"><button name=\"Whatsapp\" type=\"button\">Tr\u00f2 chuy\u1ec7n ngay<\/button><\/a><\/td>\n<\/tr>\n<\/tbody>\n<tbody>\n<tr>\n<td class=\"tg-0pky\" style=\"text-align: center;\">9th June 2026<\/td>\n<td class=\"tg-0pky\" style=\"text-align: center;\">2 gi\u1edd chi\u1ec1u \u2013 4 gi\u1edd chi\u1ec1u<\/td>\n<td class=\"tg-0pky\" style=\"text-align: center;\">AUG Kuala Lumpur<\/td>\n<td class=\"tg-0pky\" style=\"text-align: center;\">ANU Monthly Counselling Session<\/td>\n<td class=\"tg-0pky\" style=\"text-align: center;\"><a href=\"https:\/\/wa.me\/129699708?text=Hi,%20I%20am%20interested%20about%20ANU%20Monthly%20Counselling%20Session%20in%20AUG%20KL\" target=\"blank\" rel=\"noopener\"><button name=\"Whatsapp\" type=\"button\">Tr\u00f2 chuy\u1ec7n ngay<\/button><\/a><\/td>\n<\/tr>\n<\/tbody>\n<\/table>\n\n\t\t<\/div>\n\t<\/div>\n<\/div><\/div><\/div><div class=\"wpb_column vc_column_container vc_col-sm-2 vc_hidden-sm vc_hidden-xs\"><div class=\"vc_column-inner\"><div class=\"wpb_wrapper\"><\/div><\/div><\/div><\/div><div class=\"vc_row-full-width vc_clearfix\"><\/div><div class=\"vc_row wpb_row vc_row-fluid\"><div class=\"wpb_column vc_column_container vc_col-sm-4\"><div class=\"vc_column-inner\"><div class=\"wpb_wrapper\">\n\t<div class=\"wpb_text_column wpb_content_element\">\n\t\t<div class=\"wpb_wrapper\">\n\t\t\t<h5>\u0110\u1ecaA CH\u1ec8 :<\/h5>\n<p><a href=\"https:\/\/www.google.com\/maps\/place\/AUG+Student+Services+-+Kuala+Lumpur\/@3.1598515,101.7145412,17z\/data=!3m1!4b1!4m5!3m4!1s0x31cc37d06aa6d889:0xa1403e36d3de594!8m2!3d3.1598515!4d101.7167299\" target=\"_blank\" rel=\"noopener noreferrer\">Ph\u00f2ng 19.02, T\u1ea7ng 19, Wisma MCA,<br \/>\n163 Jalan Ampang, 50450 Kuala Lumpur, Malaysia<\/a><\/p>\n<div style=\"background-color:; height: 20px;\" class=\"nicdark_section\"><\/div>\n<h5>\u0110I\u1ec6N THO\u1ea0I :<\/h5>\n<p><a href=\"tel:+60321622266\">+60 3 2162 2266<\/a><br \/>\n<div style=\"background-color:; height: 20px;\" class=\"nicdark_section\"><\/div>\n<h5>WHATSAPP :<\/h5>\n<p><a href=\"https:\/\/wa.me\/60129699708?text=Hi%20AUG!%20I%20would%20like%20to%20\" target=\"_blank\" rel=\"noopener noreferrer\">+60 12 969 9708<\/a><br \/>\n<span style=\"text-decoration: underline;\"><a href=\"https:\/\/wa.me\/60129699708?text=Hi%20AUG!%20I%20would%20like%20to%20\" target=\"_blank\" rel=\"noopener noreferrer\">Nh\u1ea5p v\u00e0o WhatsApp<\/a><\/span><br \/>\n<div style=\"background-color:; height: 20px;\" class=\"nicdark_section\"><\/div>\n<h5>EMAIL:<\/h5>\n<p><a href=\"mailto:kl@augstudy.com\">kl@augstudy.com<\/a><\/p>\n\n\t\t<\/div>\n\t<\/div>\n<\/div><\/div><\/div><div class=\"wpb_column vc_column_container vc_col-sm-8\"><div class=\"vc_column-inner\"><div class=\"wpb_wrapper\"><div style=\"background-color:; height: 20px;\" class=\"nicdark_section\"><\/div><div class=\"wpb_gmaps_widget wpb_content_element\">\n\t\t<div class=\"wpb_wrapper\">\n\t\t<div class=\"wpb_map_wraper\">\n\t\t\t<iframe loading=\"lazy\" src=\"https:\/\/www.google.com\/maps\/embed?pb=!1m14!1m8!1m3!1d7967.504680242159!2d101.71673!3d3.159851!3m2!1i1024!2i768!4f13.1!3m3!1m2!1s0x0%3A0xa1403e36d3de594!2sAUG+Student+Services+-+Kuala+Lumpur!5e0!3m2!1sen!2sau!4v1526869815536\" width=\"600\" height=\"395\" frameborder=\"0\" style=\"border:0\" allowfullscreen><\/iframe>\t\t<\/div>\n\t<\/div>\n<\/div>\n<\/div><\/div><\/div><\/div>","protected":false},"excerpt":{"rendered":"AUG Kuala Lumpur &nbsp; Check out our events, interview session, and institution visit nearby you: Date Time Location Events Contact us 2nd April 2026 2.00pm - 4.00pm AUG Kuala Lumpur StudyGroup Info Session Chat now 16th April 2026 2.00pm - 4.00pm AUG Kuala Lumpur StudyGroup Info Session Chat now 9th June 2026 2.00pm - 4.00pm [...]","protected":false},"author":5,"featured_media":391931,"parent":2350,"menu_order":0,"comment_status":"closed","ping_status":"closed","template":"","meta":{"footnotes":""},"class_list":["post-391960","page","type-page","status-publish","hentry"],"yoast_head":"<!-- This site is optimized with the Yoast SEO Premium plugin v27.0 (Yoast SEO v27.3) - https:\/\/yoast.com\/product\/yoast-seo-premium-wordpress\/ -->\n<title>[AUG Kuala Lumpur] Office Events - AUG Student Services<\/title>\n<meta name=\"description\" content=\"Free counselling for university selection, scholarships and visa applications. Let AUG Student Services fast-track your study-abroad journey today.\" \/>\n<meta name=\"robots\" content=\"index, follow, max-snippet:-1, max-image-preview:large, max-video-preview:-1\" \/>\n<link rel=\"canonical\" href=\"https:\/\/augstudy.com\/vi\/malaysia-2\/su-kien-2\/kuala-lumpur\/\" \/>\n<meta property=\"og:locale\" content=\"vi_VN\" \/>\n<meta property=\"og:type\" content=\"article\" \/>\n<meta property=\"og:title\" content=\"[AUG Kuala Lumpur] Office Events\" \/>\n<meta property=\"og:description\" content=\"Free counselling for university selection, scholarships and visa applications. Let AUG Student Services fast-track your study-abroad journey today.\" \/>\n<meta property=\"og:url\" content=\"https:\/\/augstudy.com\/vi\/malaysia-2\/su-kien-2\/kuala-lumpur\/\" \/>\n<meta property=\"og:site_name\" content=\"AUG Student Services\" \/>\n<meta property=\"article:publisher\" content=\"https:\/\/www.facebook.com\/augmalaysia\/\" \/>\n<meta property=\"article:modified_time\" content=\"2026-03-06T07:00:14+00:00\" \/>\n<meta property=\"og:image\" content=\"https:\/\/augstudy.com\/aug-website-files\/wp-content\/uploads\/2024\/09\/aug_myevents_general_1080x540.jpg\" \/>\n\t<meta property=\"og:image:width\" content=\"1080\" \/>\n\t<meta property=\"og:image:height\" content=\"540\" \/>\n\t<meta property=\"og:image:type\" content=\"image\/jpeg\" \/>\n<meta name=\"twitter:card\" content=\"summary_large_image\" \/>\n<meta name=\"twitter:label1\" content=\"\u01af\u1edbc t\u00ednh th\u1eddi gian \u0111\u1ecdc\" \/>\n\t<meta name=\"twitter:data1\" content=\"1 ph\u00fat\" \/>\n<script type=\"application\/ld+json\" class=\"yoast-schema-graph\">{\"@context\":\"https:\\\/\\\/schema.org\",\"@graph\":[{\"@type\":\"WebPage\",\"@id\":\"https:\\\/\\\/augstudy.com\\\/malaysia\\\/events\\\/kuala-lumpur\\\/\",\"url\":\"https:\\\/\\\/augstudy.com\\\/malaysia\\\/events\\\/kuala-lumpur\\\/\",\"name\":\"[AUG Kuala Lumpur] Office Events - AUG Student Services\",\"isPartOf\":{\"@id\":\"https:\\\/\\\/augstudy.com\\\/#website\"},\"primaryImageOfPage\":{\"@id\":\"https:\\\/\\\/augstudy.com\\\/malaysia\\\/events\\\/kuala-lumpur\\\/#primaryimage\"},\"image\":{\"@id\":\"https:\\\/\\\/augstudy.com\\\/malaysia\\\/events\\\/kuala-lumpur\\\/#primaryimage\"},\"thumbnailUrl\":\"https:\\\/\\\/augstudy.com\\\/aug-website-files\\\/wp-content\\\/uploads\\\/2024\\\/09\\\/aug_myevents_general_1080x540.jpg\",\"datePublished\":\"2024-09-02T03:15:19+00:00\",\"dateModified\":\"2026-03-06T07:00:14+00:00\",\"description\":\"Free counselling for university selection, scholarships and visa applications. Let AUG Student Services fast-track your study-abroad journey today.\",\"breadcrumb\":{\"@id\":\"https:\\\/\\\/augstudy.com\\\/malaysia\\\/events\\\/kuala-lumpur\\\/#breadcrumb\"},\"inLanguage\":\"vi\",\"potentialAction\":[{\"@type\":\"ReadAction\",\"target\":[\"https:\\\/\\\/augstudy.com\\\/malaysia\\\/events\\\/kuala-lumpur\\\/\"]}]},{\"@type\":\"ImageObject\",\"inLanguage\":\"vi\",\"@id\":\"https:\\\/\\\/augstudy.com\\\/malaysia\\\/events\\\/kuala-lumpur\\\/#primaryimage\",\"url\":\"https:\\\/\\\/augstudy.com\\\/aug-website-files\\\/wp-content\\\/uploads\\\/2024\\\/09\\\/aug_myevents_general_1080x540.jpg\",\"contentUrl\":\"https:\\\/\\\/augstudy.com\\\/aug-website-files\\\/wp-content\\\/uploads\\\/2024\\\/09\\\/aug_myevents_general_1080x540.jpg\",\"width\":1080,\"height\":540},{\"@type\":\"BreadcrumbList\",\"@id\":\"https:\\\/\\\/augstudy.com\\\/malaysia\\\/events\\\/kuala-lumpur\\\/#breadcrumb\",\"itemListElement\":[{\"@type\":\"ListItem\",\"position\":1,\"name\":\"Home\",\"item\":\"https:\\\/\\\/augstudy.com\\\/\"},{\"@type\":\"ListItem\",\"position\":2,\"name\":\"AUG Malaysia\",\"item\":\"https:\\\/\\\/augstudy.com\\\/malaysia\\\/\"},{\"@type\":\"ListItem\",\"position\":3,\"name\":\"AUG Malaysia Events\",\"item\":\"https:\\\/\\\/augstudy.com\\\/malaysia\\\/events\\\/\"},{\"@type\":\"ListItem\",\"position\":4,\"name\":\"[AUG Kuala Lumpur] Office Events\"}]},{\"@type\":\"WebSite\",\"@id\":\"https:\\\/\\\/augstudy.com\\\/#website\",\"url\":\"https:\\\/\\\/augstudy.com\\\/\",\"name\":\"AUG Student Services\",\"description\":\"Student Services\",\"alternateName\":\"AUG Global\",\"potentialAction\":[{\"@type\":\"SearchAction\",\"target\":{\"@type\":\"EntryPoint\",\"urlTemplate\":\"https:\\\/\\\/augstudy.com\\\/?s={search_term_string}\"},\"query-input\":{\"@type\":\"PropertyValueSpecification\",\"valueRequired\":true,\"valueName\":\"search_term_string\"}}],\"inLanguage\":\"vi\"}]}<\/script>\n<!-- \/ Yoast SEO Premium plugin. -->","yoast_head_json":{"title":"[AUG Kuala Lumpur] Office Events - AUG Student Services","description":"T\u01b0 v\u1ea5n mi\u1ec5n ph\u00ed v\u1ec1 ch\u1ecdn tr\u01b0\u1eddng \u0111\u1ea1i h\u1ecdc, h\u1ecdc b\u1ed5ng v\u00e0 xin th\u1ecb th\u1ef1c. H\u00e3y \u0111\u1ec3 D\u1ecbch v\u1ee5 Sinh vi\u00ean AUG gi\u00fap b\u1ea1n nhanh ch\u00f3ng ho\u00e0n th\u00e0nh h\u00e0nh tr\u00ecnh du h\u1ecdc ngay h\u00f4m nay.","robots":{"index":"index","follow":"follow","max-snippet":"max-snippet:-1","max-image-preview":"max-image-preview:large","max-video-preview":"max-video-preview:-1"},"canonical":"https:\/\/augstudy.com\/vi\/malaysia-2\/su-kien-2\/kuala-lumpur\/","og_locale":"vi_VN","og_type":"article","og_title":"[AUG Kuala Lumpur] Office Events","og_description":"Free counselling for university selection, scholarships and visa applications. Let AUG Student Services fast-track your study-abroad journey today.","og_url":"https:\/\/augstudy.com\/vi\/malaysia-2\/su-kien-2\/kuala-lumpur\/","og_site_name":"AUG Student Services","article_publisher":"https:\/\/www.facebook.com\/augmalaysia\/","article_modified_time":"2026-03-06T07:00:14+00:00","og_image":[{"width":1080,"height":540,"url":"https:\/\/augstudy.com\/aug-website-files\/wp-content\/uploads\/2024\/09\/aug_myevents_general_1080x540.jpg","type":"image\/jpeg"}],"twitter_card":"summary_large_image","twitter_misc":{"\u01af\u1edbc t\u00ednh th\u1eddi gian \u0111\u1ecdc":"1 ph\u00fat"},"schema":{"@context":"https:\/\/schema.org","@graph":[{"@type":"WebPage","@id":"https:\/\/augstudy.com\/malaysia\/events\/kuala-lumpur\/","url":"https:\/\/augstudy.com\/malaysia\/events\/kuala-lumpur\/","name":"[AUG Kuala Lumpur] Office Events - AUG Student Services","isPartOf":{"@id":"https:\/\/augstudy.com\/#website"},"primaryImageOfPage":{"@id":"https:\/\/augstudy.com\/malaysia\/events\/kuala-lumpur\/#primaryimage"},"image":{"@id":"https:\/\/augstudy.com\/malaysia\/events\/kuala-lumpur\/#primaryimage"},"thumbnailUrl":"https:\/\/augstudy.com\/aug-website-files\/wp-content\/uploads\/2024\/09\/aug_myevents_general_1080x540.jpg","datePublished":"2024-09-02T03:15:19+00:00","dateModified":"2026-03-06T07:00:14+00:00","description":"T\u01b0 v\u1ea5n mi\u1ec5n ph\u00ed v\u1ec1 ch\u1ecdn tr\u01b0\u1eddng \u0111\u1ea1i h\u1ecdc, h\u1ecdc b\u1ed5ng v\u00e0 xin th\u1ecb th\u1ef1c. H\u00e3y \u0111\u1ec3 D\u1ecbch v\u1ee5 Sinh vi\u00ean AUG gi\u00fap b\u1ea1n nhanh ch\u00f3ng ho\u00e0n th\u00e0nh h\u00e0nh tr\u00ecnh du h\u1ecdc ngay h\u00f4m nay.","breadcrumb":{"@id":"https:\/\/augstudy.com\/malaysia\/events\/kuala-lumpur\/#breadcrumb"},"inLanguage":"vi","potentialAction":[{"@type":"ReadAction","target":["https:\/\/augstudy.com\/malaysia\/events\/kuala-lumpur\/"]}]},{"@type":"ImageObject","inLanguage":"vi","@id":"https:\/\/augstudy.com\/malaysia\/events\/kuala-lumpur\/#primaryimage","url":"https:\/\/augstudy.com\/aug-website-files\/wp-content\/uploads\/2024\/09\/aug_myevents_general_1080x540.jpg","contentUrl":"https:\/\/augstudy.com\/aug-website-files\/wp-content\/uploads\/2024\/09\/aug_myevents_general_1080x540.jpg","width":1080,"height":540},{"@type":"BreadcrumbList","@id":"https:\/\/augstudy.com\/malaysia\/events\/kuala-lumpur\/#breadcrumb","itemListElement":[{"@type":"ListItem","position":1,"name":"Home","item":"https:\/\/augstudy.com\/"},{"@type":"ListItem","position":2,"name":"AUG Malaysia","item":"https:\/\/augstudy.com\/malaysia\/"},{"@type":"ListItem","position":3,"name":"AUG Malaysia Events","item":"https:\/\/augstudy.com\/malaysia\/events\/"},{"@type":"ListItem","position":4,"name":"[AUG Kuala Lumpur] Office Events"}]},{"@type":"WebSite","@id":"https:\/\/augstudy.com\/#website","url":"https:\/\/augstudy.com\/","name":"D\u1ecbch v\u1ee5 Sinh vi\u00ean AUG","description":"D\u1ecbch v\u1ee5 sinh vi\u00ean","alternateName":"AUG Global","potentialAction":[{"@type":"SearchAction","target":{"@type":"EntryPoint","urlTemplate":"https:\/\/augstudy.com\/?s={search_term_string}"},"query-input":{"@type":"PropertyValueSpecification","valueRequired":true,"valueName":"search_term_string"}}],"inLanguage":"vi"}]}},"_links":{"self":[{"href":"https:\/\/augstudy.com\/vi\/wp-json\/wp\/v2\/pages\/391960","targetHints":{"allow":["GET"]}}],"collection":[{"href":"https:\/\/augstudy.com\/vi\/wp-json\/wp\/v2\/pages"}],"about":[{"href":"https:\/\/augstudy.com\/vi\/wp-json\/wp\/v2\/types\/page"}],"author":[{"embeddable":true,"href":"https:\/\/augstudy.com\/vi\/wp-json\/wp\/v2\/users\/5"}],"replies":[{"embeddable":true,"href":"https:\/\/augstudy.com\/vi\/wp-json\/wp\/v2\/comments?post=391960"}],"version-history":[{"count":5,"href":"https:\/\/augstudy.com\/vi\/wp-json\/wp\/v2\/pages\/391960\/revisions"}],"predecessor-version":[{"id":408926,"href":"https:\/\/augstudy.com\/vi\/wp-json\/wp\/v2\/pages\/391960\/revisions\/408926"}],"up":[{"embeddable":true,"href":"https:\/\/augstudy.com\/vi\/wp-json\/wp\/v2\/pages\/2350"}],"wp:featuredmedia":[{"embeddable":true,"href":"https:\/\/augstudy.com\/vi\/wp-json\/wp\/v2\/media\/391931"}],"wp:attachment":[{"href":"https:\/\/augstudy.com\/vi\/wp-json\/wp\/v2\/media?parent=391960"}],"curies":[{"name":"wp","href":"https:\/\/api.w.org\/{rel}","templated":true}]}}