{"id":391951,"date":"2024-09-02T12:56:03","date_gmt":"2024-09-02T02:56:03","guid":{"rendered":"https:\/\/augstudy.com\/?page_id=391951"},"modified":"2025-02-07T17:16:47","modified_gmt":"2025-02-07T06:16:47","slug":"johor-bahru","status":"publish","type":"page","link":"https:\/\/augstudy.com\/vi\/malaysia\/events\/johor-bahru\/","title":{"rendered":"[AUG Johor Bahru] Office Events"},"content":{"rendered":"<div data-vc-full-width=\"true\" data-vc-full-width-init=\"false\" class=\"vc_row wpb_row vc_row-fluid vc_custom_1725242671315 vc_row-has-fill vc_row-o-content-middle vc_row-flex\"><div class=\"wpb_column vc_column_container vc_col-sm-12\"><div class=\"vc_column-inner vc_custom_1661838891579\"><div class=\"wpb_wrapper\">\n\t<div class=\"wpb_single_image wpb_content_element vc_align_center  vc_custom_1725242430478\">\n\t\t\n\t\t<figure class=\"wpb_wrapper vc_figure\">\n\t\t\t<div class=\"vc_single_image-wrapper   vc_box_border_grey\"><img loading=\"lazy\" decoding=\"async\" width=\"2084\" height=\"771\" src=\"https:\/\/augstudy.com\/aug-website-files\/wp-content\/uploads\/2024\/09\/aug_myevents_general_2084x771.jpg\" class=\"vc_single_image-img attachment-full\" alt=\"\" srcset=\"https:\/\/augstudy.com\/aug-website-files\/wp-content\/uploads\/2024\/09\/aug_myevents_general_2084x771.jpg 2084w, https:\/\/augstudy.com\/aug-website-files\/wp-content\/uploads\/2024\/09\/aug_myevents_general_2084x771-300x111.jpg 300w, https:\/\/augstudy.com\/aug-website-files\/wp-content\/uploads\/2024\/09\/aug_myevents_general_2084x771-1024x379.jpg 1024w, https:\/\/augstudy.com\/aug-website-files\/wp-content\/uploads\/2024\/09\/aug_myevents_general_2084x771-768x284.jpg 768w, https:\/\/augstudy.com\/aug-website-files\/wp-content\/uploads\/2024\/09\/aug_myevents_general_2084x771-1536x568.jpg 1536w, https:\/\/augstudy.com\/aug-website-files\/wp-content\/uploads\/2024\/09\/aug_myevents_general_2084x771-2048x758.jpg 2048w, https:\/\/augstudy.com\/aug-website-files\/wp-content\/uploads\/2024\/09\/aug_myevents_general_2084x771-18x7.jpg 18w\" sizes=\"auto, (max-width: 2084px) 100vw, 2084px\" \/><\/div>\n\t\t<\/figure>\n\t<\/div>\n<\/div><\/div><\/div><\/div><div class=\"vc_row-full-width vc_clearfix\"><\/div><div data-vc-full-width=\"true\" data-vc-full-width-init=\"false\" class=\"vc_row wpb_row vc_row-fluid vc_custom_1722494718626 vc_row-has-fill vc_row-o-full-height vc_row-o-columns-middle vc_row-o-content-middle vc_row-flex\"><div class=\"wpb_column vc_column_container vc_col-sm-2 vc_hidden-sm vc_hidden-xs\"><div class=\"vc_column-inner\"><div class=\"wpb_wrapper\"><\/div><\/div><\/div><div class=\"wpb_column vc_column_container vc_col-sm-8\"><div class=\"vc_column-inner vc_custom_1671748405855\"><div class=\"wpb_wrapper\"><div class=\"vc_empty_space\"  style=\"height: 32px\" ><span class=\"vc_empty_space_inner\"><\/span><\/div>\n\n\t<div class=\"wpb_text_column wpb_content_element\">\n\t\t<div class=\"wpb_wrapper\">\n\t\t\t<h2>AUG Johor Bahru<\/h2>\n<p>&nbsp;<\/p>\n<p>H\u00e3y xem c\u00e1c s\u1ef1 ki\u1ec7n, bu\u1ed5i ph\u1ecfng v\u1ea5n v\u00e0 chuy\u1ebfn th\u0103m c\u01a1 s\u1edf gi\u00e1o d\u1ee5c g\u1ea7n b\u1ea1n:<\/p>\n\n\t\t<\/div>\n\t<\/div>\n\n\t<div class=\"wpb_text_column wpb_content_element\">\n\t\t<div class=\"wpb_wrapper\">\n\t\t\t<table class=\"tg\">\n<thead>\n<tr>\n<th class=\"tg-lboi\" width=\"300px\"><strong>Ng\u00e0y<\/strong><\/th>\n<th class=\"tg-0pky\" width=\"350px\"><strong>Th\u1eddi gian<\/strong><\/th>\n<th class=\"tg-0pky\" width=\"500px\"><strong>V\u1ecb tr\u00ed<\/strong><\/th>\n<th class=\"tg-0pky\" width=\"500px\"><strong>S\u1ef1 ki\u1ec7n<\/strong><\/th>\n<th class=\"tg-0pky\" width=\"200px\"><strong>Li\u00ean h\u1ec7 ch\u00fang t\u00f4i<\/strong><\/th>\n<\/tr>\n<\/thead>\n<tbody>\n<tr>\n<td class=\"tg-0pky\" style=\"text-align: center;\">Ng\u00e0y 9 th\u00e1ng 1 n\u0103m 2025<\/td>\n<td class=\"tg-0pky\" style=\"text-align: center;\">2:30 chi\u1ec1u \u2013 3:30 chi\u1ec1u<\/td>\n<td class=\"tg-0pky\" style=\"text-align: center;\">AUG Johor Bahru<\/td>\n<td class=\"tg-0pky\" style=\"text-align: center;\">\u0110\u1ea1i h\u1ecdc C\u00f4ng ngh\u1ec7 Swinburne, \u00dac<\/td>\n<td class=\"tg-0pky\" style=\"text-align: center;\"><a href=\"https:\/\/wa.me\/+60129699462\" target=\"blank\" rel=\"noopener\"><button name=\"Whatsapp\" type=\"button\">Tr\u00f2 chuy\u1ec7n ngay<\/button><\/a><\/td>\n<\/tr>\n<tr>\n<td class=\"tg-0pky\" style=\"text-align: center;\">Ng\u00e0y 10 th\u00e1ng 1 n\u0103m 2025<\/td>\n<td class=\"tg-0pky\" style=\"text-align: center;\">2 gi\u1edd chi\u1ec1u \u2013 3 gi\u1edd chi\u1ec1u<\/td>\n<td class=\"tg-0pky\" style=\"text-align: center;\">AUG Johor Bahru<\/td>\n<td class=\"tg-0pky\" style=\"text-align: center;\">H\u1ecdc vi\u1ec7n JMC, \u00dac<\/td>\n<td class=\"tg-0pky\" style=\"text-align: center;\"><a href=\"https:\/\/wa.me\/+60129699462\" target=\"blank\" rel=\"noopener\"><button name=\"Whatsapp\" type=\"button\">Tr\u00f2 chuy\u1ec7n ngay<\/button><\/a><\/td>\n<\/tr>\n<tr>\n<td class=\"tg-0pky\" style=\"text-align: center;\">Ng\u00e0y 16 th\u00e1ng 1 n\u0103m 2025<\/td>\n<td class=\"tg-0pky\" style=\"text-align: center;\">10:00 s\u00e1ng \u2013 12:00 tr\u01b0a<\/td>\n<td class=\"tg-0pky\" style=\"text-align: center;\">AUG Johor Bahru<\/td>\n<td class=\"tg-0pky\" style=\"text-align: center;\">\u0110\u1ea1i h\u1ecdc Monash, \u00dac<\/td>\n<td class=\"tg-0pky\" style=\"text-align: center;\"><a href=\"https:\/\/wa.me\/+60129699462\" target=\"blank\" rel=\"noopener\"><button name=\"Whatsapp\" type=\"button\">Tr\u00f2 chuy\u1ec7n ngay<\/button><\/a><\/td>\n<\/tr>\n<tr>\n<td class=\"tg-0pky\" style=\"text-align: center;\">Ng\u00e0y 21 th\u00e1ng 1 n\u0103m 2025<\/td>\n<td class=\"tg-0pky\" style=\"text-align: center;\">11:00 s\u00e1ng \u2013 12:00 tr\u01b0a<\/td>\n<td class=\"tg-0pky\" style=\"text-align: center;\">AUG Johor Bahru<\/td>\n<td class=\"tg-0pky\" style=\"text-align: center;\">\u0110\u1ea1i h\u1ecdc Coventry, V\u01b0\u01a1ng qu\u1ed1c Anh (UK)<\/td>\n<td class=\"tg-0pky\" style=\"text-align: center;\"><a href=\"https:\/\/wa.me\/+60129699462\" target=\"blank\" rel=\"noopener\"><button name=\"Whatsapp\" type=\"button\">Tr\u00f2 chuy\u1ec7n ngay<\/button><\/a><\/td>\n<\/tr>\n<tr>\n<td class=\"tg-0pky\" style=\"text-align: center;\">Ng\u00e0y 19 th\u00e1ng 2 n\u0103m 2025<\/td>\n<td class=\"tg-0pky\" style=\"text-align: center;\">10:00 s\u00e1ng \u2013 11:00 s\u00e1ng<\/td>\n<td class=\"tg-0pky\" style=\"text-align: center;\">AUG Johor Bahru<\/td>\n<td class=\"tg-0pky\" style=\"text-align: center;\">T\u1eadp \u0111o\u00e0n Gi\u00e1o d\u1ee5c Th\u1ee5y S\u0129 (SEG), Th\u1ee5y S\u0129<\/td>\n<td class=\"tg-0pky\" style=\"text-align: center;\"><a href=\"https:\/\/wa.me\/+60129699462\" target=\"blank\" rel=\"noopener\"><button name=\"Whatsapp\" type=\"button\">Tr\u00f2 chuy\u1ec7n ngay<\/button><\/a><\/td>\n<\/tr>\n<\/tbody>\n<\/table>\n\n\t\t<\/div>\n\t<\/div>\n<\/div><\/div><\/div><div class=\"wpb_column vc_column_container vc_col-sm-2 vc_hidden-sm vc_hidden-xs\"><div class=\"vc_column-inner\"><div class=\"wpb_wrapper\"><\/div><\/div><\/div><\/div><div class=\"vc_row-full-width vc_clearfix\"><\/div><div class=\"vc_row wpb_row vc_row-fluid\"><div class=\"wpb_column vc_column_container vc_col-sm-4\"><div class=\"vc_column-inner\"><div class=\"wpb_wrapper\">\n\t<div class=\"wpb_text_column wpb_content_element\">\n\t\t<div class=\"wpb_wrapper\">\n\t\t\t<h5>\u0110\u1ecaA CH\u1ec8 :<\/h5>\n<p><a href=\"https:\/\/www.google.com\/maps\/place\/AUG+Student+Services+-+Johor+Bahru\/@1.4812748,103.7620455,17z\/data=!3m1!4b1!4m5!3m4!1s0x31da6d2df28e6617:0xf9ca2d7c9be1d717!8m2!3d1.4812748!4d103.7642342\" target=\"_blank\" rel=\"noopener noreferrer\">10, Jalan Sri Pelangi 4, Taman Pelangi,<br \/>\n80400 Johor Bahru, Johor, Malaysia<\/a><\/p>\n<div style=\"background-color:; height: 20px;\" class=\"nicdark_section\"><\/div>\n<h5>\u0110I\u1ec6N THO\u1ea0I :<\/h5>\n<p><a href=\"tel:+6073312977\">+60 7 331 2977<\/a><br \/>\n<div style=\"background-color:; height: 20px;\" class=\"nicdark_section\"><\/div>\n<h5>WHATSAPP :<\/h5>\n<p><a href=\"https:\/\/wa.me\/60129699462?text=Hi%20AUG!%20I%20would%20like%20to%20\" target=\"_blank\" rel=\"noopener noreferrer\">+60 12 969 9462<\/a><br \/>\n<span style=\"text-decoration: underline;\"><a href=\"https:\/\/wa.me\/60129699462?text=Hi%20AUG!%20I%20would%20like%20to%20\" target=\"_blank\" rel=\"noopener noreferrer\">Nh\u1ea5p v\u00e0o WhatsApp<\/a><\/span><br \/>\n<div style=\"background-color:; height: 20px;\" class=\"nicdark_section\"><\/div>\n<h5>EMAIL:<\/h5>\n<p><a href=\"mailto:jb@augstudy.com\">jb@augstudy.com<\/a><\/p>\n\n\t\t<\/div>\n\t<\/div>\n<\/div><\/div><\/div><div class=\"wpb_column vc_column_container vc_col-sm-8\"><div class=\"vc_column-inner\"><div class=\"wpb_wrapper\"><div style=\"background-color:; height: 20px;\" class=\"nicdark_section\"><\/div><div class=\"wpb_gmaps_widget wpb_content_element\">\n\t\t<div class=\"wpb_wrapper\">\n\t\t<div class=\"wpb_map_wraper\">\n\t\t\t<iframe loading=\"lazy\" src=\"https:\/\/www.google.com\/maps\/embed?pb=!1m14!1m8!1m3!1d7976.970058018814!2d103.764234!3d1.481275!3m2!1i1024!2i768!4f13.1!3m3!1m2!1s0x0%3A0xf9ca2d7c9be1d717!2sAUG+Student+Services+-+Johor+Bahru!5e0!3m2!1sen!2sau!4v1526869537482\" width=\"600\" height=\"395\" frameborder=\"0\" style=\"border:0\" allowfullscreen><\/iframe>\t\t<\/div>\n\t<\/div>\n<\/div>\n<\/div><\/div><\/div><\/div>","protected":false},"excerpt":{"rendered":"AUG Johor Bahru &nbsp; Check out our events, interview session, and institution visit nearby you: Date Time Location Events Contact us 9th January 2025 2.30pm - 3.30pm AUG Johor Bahru Swinburne University of Technology, Australia Chat now 10th January 2025 2.00pm - 3.00pm AUG Johor Bahru JMC Academy, Australia Chat now 16th January 2025 10.00am [...]","protected":false},"author":5,"featured_media":391931,"parent":2350,"menu_order":0,"comment_status":"closed","ping_status":"closed","template":"","meta":{"footnotes":""},"class_list":["post-391951","page","type-page","status-publish","hentry"],"yoast_head":"<!-- This site is optimized with the Yoast SEO Premium plugin v27.0 (Yoast SEO v27.3) - https:\/\/yoast.com\/product\/yoast-seo-premium-wordpress\/ -->\n<title>[AUG Johor Bahru] Office Events - AUG Student Services<\/title>\n<meta name=\"description\" content=\"Free counselling for university selection, scholarships and visa applications. Let AUG Student Services fast-track your study-abroad journey today.\" \/>\n<meta name=\"robots\" content=\"index, follow, max-snippet:-1, max-image-preview:large, max-video-preview:-1\" \/>\n<link rel=\"canonical\" href=\"https:\/\/augstudy.com\/vi\/malaysia-2\/su-kien-2\/johor-bahru\/\" \/>\n<meta property=\"og:locale\" content=\"vi_VN\" \/>\n<meta property=\"og:type\" content=\"article\" \/>\n<meta property=\"og:title\" content=\"[AUG Johor Bahru] Office Events\" \/>\n<meta property=\"og:description\" content=\"Free counselling for university selection, scholarships and visa applications. Let AUG Student Services fast-track your study-abroad journey today.\" \/>\n<meta property=\"og:url\" content=\"https:\/\/augstudy.com\/vi\/malaysia-2\/su-kien-2\/johor-bahru\/\" \/>\n<meta property=\"og:site_name\" content=\"AUG Student Services\" \/>\n<meta property=\"article:publisher\" content=\"https:\/\/www.facebook.com\/augmalaysia\/\" \/>\n<meta property=\"article:modified_time\" content=\"2025-02-07T06:16:47+00:00\" \/>\n<meta property=\"og:image\" content=\"https:\/\/augstudy.com\/aug-website-files\/wp-content\/uploads\/2024\/09\/aug_myevents_general_1080x540.jpg\" \/>\n\t<meta property=\"og:image:width\" content=\"1080\" \/>\n\t<meta property=\"og:image:height\" content=\"540\" \/>\n\t<meta property=\"og:image:type\" content=\"image\/jpeg\" \/>\n<meta name=\"twitter:card\" content=\"summary_large_image\" \/>\n<meta name=\"twitter:label1\" content=\"\u01af\u1edbc t\u00ednh th\u1eddi gian \u0111\u1ecdc\" \/>\n\t<meta name=\"twitter:data1\" content=\"2 ph\u00fat\" \/>\n<script type=\"application\/ld+json\" class=\"yoast-schema-graph\">{\"@context\":\"https:\\\/\\\/schema.org\",\"@graph\":[{\"@type\":\"WebPage\",\"@id\":\"https:\\\/\\\/augstudy.com\\\/malaysia\\\/events\\\/johor-bahru\\\/\",\"url\":\"https:\\\/\\\/augstudy.com\\\/malaysia\\\/events\\\/johor-bahru\\\/\",\"name\":\"[AUG Johor Bahru] Office Events - AUG Student Services\",\"isPartOf\":{\"@id\":\"https:\\\/\\\/augstudy.com\\\/#website\"},\"primaryImageOfPage\":{\"@id\":\"https:\\\/\\\/augstudy.com\\\/malaysia\\\/events\\\/johor-bahru\\\/#primaryimage\"},\"image\":{\"@id\":\"https:\\\/\\\/augstudy.com\\\/malaysia\\\/events\\\/johor-bahru\\\/#primaryimage\"},\"thumbnailUrl\":\"https:\\\/\\\/augstudy.com\\\/aug-website-files\\\/wp-content\\\/uploads\\\/2024\\\/09\\\/aug_myevents_general_1080x540.jpg\",\"datePublished\":\"2024-09-02T02:56:03+00:00\",\"dateModified\":\"2025-02-07T06:16:47+00:00\",\"description\":\"Free counselling for university selection, scholarships and visa applications. Let AUG Student Services fast-track your study-abroad journey today.\",\"breadcrumb\":{\"@id\":\"https:\\\/\\\/augstudy.com\\\/malaysia\\\/events\\\/johor-bahru\\\/#breadcrumb\"},\"inLanguage\":\"vi\",\"potentialAction\":[{\"@type\":\"ReadAction\",\"target\":[\"https:\\\/\\\/augstudy.com\\\/malaysia\\\/events\\\/johor-bahru\\\/\"]}]},{\"@type\":\"ImageObject\",\"inLanguage\":\"vi\",\"@id\":\"https:\\\/\\\/augstudy.com\\\/malaysia\\\/events\\\/johor-bahru\\\/#primaryimage\",\"url\":\"https:\\\/\\\/augstudy.com\\\/aug-website-files\\\/wp-content\\\/uploads\\\/2024\\\/09\\\/aug_myevents_general_1080x540.jpg\",\"contentUrl\":\"https:\\\/\\\/augstudy.com\\\/aug-website-files\\\/wp-content\\\/uploads\\\/2024\\\/09\\\/aug_myevents_general_1080x540.jpg\",\"width\":1080,\"height\":540},{\"@type\":\"BreadcrumbList\",\"@id\":\"https:\\\/\\\/augstudy.com\\\/malaysia\\\/events\\\/johor-bahru\\\/#breadcrumb\",\"itemListElement\":[{\"@type\":\"ListItem\",\"position\":1,\"name\":\"Home\",\"item\":\"https:\\\/\\\/augstudy.com\\\/\"},{\"@type\":\"ListItem\",\"position\":2,\"name\":\"AUG Malaysia\",\"item\":\"https:\\\/\\\/augstudy.com\\\/malaysia\\\/\"},{\"@type\":\"ListItem\",\"position\":3,\"name\":\"AUG Malaysia Events\",\"item\":\"https:\\\/\\\/augstudy.com\\\/malaysia\\\/events\\\/\"},{\"@type\":\"ListItem\",\"position\":4,\"name\":\"[AUG Johor Bahru] Office Events\"}]},{\"@type\":\"WebSite\",\"@id\":\"https:\\\/\\\/augstudy.com\\\/#website\",\"url\":\"https:\\\/\\\/augstudy.com\\\/\",\"name\":\"AUG Student Services\",\"description\":\"Student Services\",\"alternateName\":\"AUG Global\",\"potentialAction\":[{\"@type\":\"SearchAction\",\"target\":{\"@type\":\"EntryPoint\",\"urlTemplate\":\"https:\\\/\\\/augstudy.com\\\/?s={search_term_string}\"},\"query-input\":{\"@type\":\"PropertyValueSpecification\",\"valueRequired\":true,\"valueName\":\"search_term_string\"}}],\"inLanguage\":\"vi\"}]}<\/script>\n<!-- \/ Yoast SEO Premium plugin. -->","yoast_head_json":{"title":"[AUG Johor Bahru] Office Events - AUG Student Services","description":"T\u01b0 v\u1ea5n mi\u1ec5n ph\u00ed v\u1ec1 ch\u1ecdn tr\u01b0\u1eddng \u0111\u1ea1i h\u1ecdc, h\u1ecdc b\u1ed5ng v\u00e0 xin th\u1ecb th\u1ef1c. H\u00e3y \u0111\u1ec3 D\u1ecbch v\u1ee5 Sinh vi\u00ean AUG gi\u00fap b\u1ea1n nhanh ch\u00f3ng ho\u00e0n th\u00e0nh h\u00e0nh tr\u00ecnh du h\u1ecdc ngay h\u00f4m nay.","robots":{"index":"index","follow":"follow","max-snippet":"max-snippet:-1","max-image-preview":"max-image-preview:large","max-video-preview":"max-video-preview:-1"},"canonical":"https:\/\/augstudy.com\/vi\/malaysia-2\/su-kien-2\/johor-bahru\/","og_locale":"vi_VN","og_type":"article","og_title":"[AUG Johor Bahru] Office Events","og_description":"Free counselling for university selection, scholarships and visa applications. Let AUG Student Services fast-track your study-abroad journey today.","og_url":"https:\/\/augstudy.com\/vi\/malaysia-2\/su-kien-2\/johor-bahru\/","og_site_name":"AUG Student Services","article_publisher":"https:\/\/www.facebook.com\/augmalaysia\/","article_modified_time":"2025-02-07T06:16:47+00:00","og_image":[{"width":1080,"height":540,"url":"https:\/\/augstudy.com\/aug-website-files\/wp-content\/uploads\/2024\/09\/aug_myevents_general_1080x540.jpg","type":"image\/jpeg"}],"twitter_card":"summary_large_image","twitter_misc":{"\u01af\u1edbc t\u00ednh th\u1eddi gian \u0111\u1ecdc":"2 ph\u00fat"},"schema":{"@context":"https:\/\/schema.org","@graph":[{"@type":"WebPage","@id":"https:\/\/augstudy.com\/malaysia\/events\/johor-bahru\/","url":"https:\/\/augstudy.com\/malaysia\/events\/johor-bahru\/","name":"[AUG Johor Bahru] Office Events - AUG Student Services","isPartOf":{"@id":"https:\/\/augstudy.com\/#website"},"primaryImageOfPage":{"@id":"https:\/\/augstudy.com\/malaysia\/events\/johor-bahru\/#primaryimage"},"image":{"@id":"https:\/\/augstudy.com\/malaysia\/events\/johor-bahru\/#primaryimage"},"thumbnailUrl":"https:\/\/augstudy.com\/aug-website-files\/wp-content\/uploads\/2024\/09\/aug_myevents_general_1080x540.jpg","datePublished":"2024-09-02T02:56:03+00:00","dateModified":"2025-02-07T06:16:47+00:00","description":"T\u01b0 v\u1ea5n mi\u1ec5n ph\u00ed v\u1ec1 ch\u1ecdn tr\u01b0\u1eddng \u0111\u1ea1i h\u1ecdc, h\u1ecdc b\u1ed5ng v\u00e0 xin th\u1ecb th\u1ef1c. H\u00e3y \u0111\u1ec3 D\u1ecbch v\u1ee5 Sinh vi\u00ean AUG gi\u00fap b\u1ea1n nhanh ch\u00f3ng ho\u00e0n th\u00e0nh h\u00e0nh tr\u00ecnh du h\u1ecdc ngay h\u00f4m nay.","breadcrumb":{"@id":"https:\/\/augstudy.com\/malaysia\/events\/johor-bahru\/#breadcrumb"},"inLanguage":"vi","potentialAction":[{"@type":"ReadAction","target":["https:\/\/augstudy.com\/malaysia\/events\/johor-bahru\/"]}]},{"@type":"ImageObject","inLanguage":"vi","@id":"https:\/\/augstudy.com\/malaysia\/events\/johor-bahru\/#primaryimage","url":"https:\/\/augstudy.com\/aug-website-files\/wp-content\/uploads\/2024\/09\/aug_myevents_general_1080x540.jpg","contentUrl":"https:\/\/augstudy.com\/aug-website-files\/wp-content\/uploads\/2024\/09\/aug_myevents_general_1080x540.jpg","width":1080,"height":540},{"@type":"BreadcrumbList","@id":"https:\/\/augstudy.com\/malaysia\/events\/johor-bahru\/#breadcrumb","itemListElement":[{"@type":"ListItem","position":1,"name":"Home","item":"https:\/\/augstudy.com\/"},{"@type":"ListItem","position":2,"name":"AUG Malaysia","item":"https:\/\/augstudy.com\/malaysia\/"},{"@type":"ListItem","position":3,"name":"AUG Malaysia Events","item":"https:\/\/augstudy.com\/malaysia\/events\/"},{"@type":"ListItem","position":4,"name":"[AUG Johor Bahru] Office Events"}]},{"@type":"WebSite","@id":"https:\/\/augstudy.com\/#website","url":"https:\/\/augstudy.com\/","name":"D\u1ecbch v\u1ee5 Sinh vi\u00ean AUG","description":"D\u1ecbch v\u1ee5 sinh vi\u00ean","alternateName":"AUG Global","potentialAction":[{"@type":"SearchAction","target":{"@type":"EntryPoint","urlTemplate":"https:\/\/augstudy.com\/?s={search_term_string}"},"query-input":{"@type":"PropertyValueSpecification","valueRequired":true,"valueName":"search_term_string"}}],"inLanguage":"vi"}]}},"_links":{"self":[{"href":"https:\/\/augstudy.com\/vi\/wp-json\/wp\/v2\/pages\/391951","targetHints":{"allow":["GET"]}}],"collection":[{"href":"https:\/\/augstudy.com\/vi\/wp-json\/wp\/v2\/pages"}],"about":[{"href":"https:\/\/augstudy.com\/vi\/wp-json\/wp\/v2\/types\/page"}],"author":[{"embeddable":true,"href":"https:\/\/augstudy.com\/vi\/wp-json\/wp\/v2\/users\/5"}],"replies":[{"embeddable":true,"href":"https:\/\/augstudy.com\/vi\/wp-json\/wp\/v2\/comments?post=391951"}],"version-history":[{"count":0,"href":"https:\/\/augstudy.com\/vi\/wp-json\/wp\/v2\/pages\/391951\/revisions"}],"up":[{"embeddable":true,"href":"https:\/\/augstudy.com\/vi\/wp-json\/wp\/v2\/pages\/2350"}],"wp:featuredmedia":[{"embeddable":true,"href":"https:\/\/augstudy.com\/vi\/wp-json\/wp\/v2\/media\/391931"}],"wp:attachment":[{"href":"https:\/\/augstudy.com\/vi\/wp-json\/wp\/v2\/media?parent=391951"}],"curies":[{"name":"wp","href":"https:\/\/api.w.org\/{rel}","templated":true}]}}