{"id":390920,"date":"2024-07-18T19:15:46","date_gmt":"2024-07-18T09:15:46","guid":{"rendered":"https:\/\/augstudy.com\/?page_id=390920"},"modified":"2024-07-22T18:56:01","modified_gmt":"2024-07-22T08:56:01","slug":"tnc","status":"publish","type":"page","link":"https:\/\/augstudy.com\/vi\/malaysia\/events\/pte\/tnc\/","title":{"rendered":"[AUG Subang Jaya] PTE Champions  &#8211; Test Your English &#8211; Terms &#038; Conditions"},"content":{"rendered":"<div class=\"vc_row wpb_row vc_row-fluid\"><div class=\"wpb_column vc_column_container vc_col-sm-2\"><div class=\"vc_column-inner\"><div class=\"wpb_wrapper\"><\/div><\/div><\/div><div class=\"wpb_column vc_column_container vc_col-sm-8\"><div class=\"vc_column-inner\"><div class=\"wpb_wrapper\"><div class=\"vc_empty_space\"  style=\"height: 32px\" ><span class=\"vc_empty_space_inner\"><\/span><\/div>\n\n\t<div class=\"wpb_text_column wpb_content_element\">\n\t\t<div class=\"wpb_wrapper\">\n\t\t\t<h4><strong>C\u00c1C \u0110I\u1ec0U KHO\u1ea2N V\u00c0 \u0110I\u1ec0U KI\u1ec6N KH\u00c1C<\/strong><\/h4>\n<p>&nbsp;<\/p>\n<p>&#8212;&#8212;&#8212;&#8212;&#8212;&#8211;<\/p>\n<p>&nbsp;<\/p>\n<p><strong>Thu\u1ebf<\/strong>: T\u1ea4T C\u1ea2 C\u00c1C LO\u1ea0I THU\u1ebe \u0110\u00c1NH V\u00c0O GI\u1ea2I TH\u01af\u1edeNG L\u00c0 TR\u00c1CH NHI\u1ec6M DUY NH\u1ea4T C\u1ee6A NG\u01af\u1edcI THAM GIA. \u0110\u1ec3 nh\u1eadn \u0111\u01b0\u1ee3c gi\u1ea3i th\u01b0\u1edfng, m\u1ed7i Ng\u01b0\u1eddi tham gia c\u00f3 th\u1ec3 \u0111\u01b0\u1ee3c y\u00eau c\u1ea7u n\u1ed9p t\u00e0i li\u1ec7u thu\u1ebf theo y\u00eau c\u1ea7u c\u1ee7a ch\u00fang t\u00f4i ho\u1eb7c theo y\u00eau c\u1ea7u c\u1ee7a lu\u1eadt hi\u1ec7n h\u00e0nh ho\u1eb7c c\u01a1 quan thu\u1ebf c\u00f3 li\u00ean quan, t\u1ea5t c\u1ea3 \u0111\u1ec1u theo quy \u0111\u1ecbnh c\u1ee7a lu\u1eadt hi\u1ec7n h\u00e0nh, bao g\u1ed3m, khi c\u00f3 li\u00ean quan, lu\u1eadt c\u1ee7a qu\u1ed1c gia c\u01b0 tr\u00fa c\u1ee7a Ng\u01b0\u1eddi tham gia. M\u1ed7i Ng\u01b0\u1eddi tham gia s\u1ebd ch\u1ecbu tr\u00e1ch nhi\u1ec7m duy nh\u1ea5t trong vi\u1ec7c \u0111\u1ea3m b\u1ea3o r\u1eb1ng (anh \u1ea5y\/c\u00f4 \u1ea5y) tu\u00e2n th\u1ee7 t\u1ea5t c\u1ea3 c\u00e1c lu\u1eadt thu\u1ebf hi\u1ec7n h\u00e0nh v\u00e0 c\u00e1c y\u00eau c\u1ea7u n\u1ed9p h\u1ed3 s\u01a1.<\/p>\n<p>&nbsp;<\/p>\n<p><strong>Quy\u1ec1n h\u1ee7y b\u1ecf, s\u1eeda \u0111\u1ed5i ho\u1eb7c h\u1ee7y t\u01b0 c\u00e1ch: <\/strong>Nh\u00e0 t\u1ed5 ch\u1ee9c c\u00f3 quy\u1ec1n, h\u00e0nh \u0111\u1ed9ng h\u1ee3p l\u00fd v\u00e0 ph\u00f9 h\u1ee3p v\u1edbi t\u1ea5t c\u1ea3 c\u00e1c lu\u1eadt v\u00e0 quy t\u1eafc th\u1ef1c h\u00e0nh c\u00f3 li\u00ean quan, \u0111\u1ec3 thay \u0111\u1ed5i c\u00e1c \u0111i\u1ec1u kho\u1ea3n v\u00e0 \u0111i\u1ec1u ki\u1ec7n n\u00e0y. N\u1ebfu v\u00ec b\u1ea5t k\u1ef3 l\u00fd do n\u00e0o m\u00e0 Cu\u1ed9c thi kh\u00f4ng th\u1ec3 di\u1ec5n ra theo k\u1ebf ho\u1ea1ch, bao g\u1ed3m nh\u01b0ng kh\u00f4ng gi\u1edbi h\u1ea1n \u1edf, do nhi\u1ec5m vi-r\u00fat m\u00e1y t\u00ednh, l\u1ed7i, gi\u1ea3 m\u1ea1o, can thi\u1ec7p tr\u00e1i ph\u00e9p, gian l\u1eadn, l\u1ed7i k\u1ef9 thu\u1eadt ho\u1eb7c b\u1ea5t k\u1ef3 nguy\u00ean nh\u00e2n n\u00e0o kh\u00e1c l\u00e0m h\u1ecfng ho\u1eb7c \u1ea3nh h\u01b0\u1edfng \u0111\u1ebfn vi\u1ec7c qu\u1ea3n l\u00fd, b\u1ea3o m\u1eadt, c\u00f4ng b\u1eb1ng, to\u00e0n v\u1eb9n ho\u1eb7c ti\u1ebfn h\u00e0nh \u0111\u00fang \u0111\u1eafn c\u1ee7a Cu\u1ed9c thi, th\u00ec ch\u00fang t\u00f4i c\u00f3 quy\u1ec1n h\u1ee7y b\u1ecf, ch\u1ea5m d\u1ee9t, s\u1eeda \u0111\u1ed5i ho\u1eb7c \u0111\u00ecnh ch\u1ec9 Cu\u1ed9c thi. Ch\u00fang t\u00f4i c\u0169ng c\u00f3 quy\u1ec1n, theo quy\u1ebft \u0111\u1ecbnh ri\u00eang c\u1ee7a m\u00ecnh (a) h\u1ee7y t\u01b0 c\u00e1ch c\u1ee7a b\u1ea5t k\u1ef3 Ng\u01b0\u1eddi tham gia n\u00e0o can thi\u1ec7p v\u00e0o quy tr\u00ecnh g\u1eedi b\u00e0i ho\u1eb7c b\u1ea5t k\u1ef3 ph\u1ea7n n\u00e0o kh\u00e1c c\u1ee7a Cu\u1ed9c thi ho\u1eb7c trang web\/c\u00f4ng c\u1ee5 Cu\u1ed9c thi. Ho\u1eb7c <strong>(b)<\/strong> \u0111\u1ec3 h\u1ee7y b\u1ecf b\u1ea5t k\u1ef3 b\u00e0i \u0111\u0103ng ho\u1eb7c m\u1ee5c b\u00ecnh lu\u1eadn n\u00e0o m\u00e0 ch\u00fang t\u00f4i x\u00e1c \u0111\u1ecbnh l\u00e0 &#039;th\u01b0 r\u00e1c&#039;. B\u1ea5t k\u1ef3 n\u1ed7 l\u1ef1c n\u00e0o c\u1ee7a b\u1ea5t k\u1ef3 Ng\u01b0\u1eddi tham gia n\u00e0o nh\u1eb1m c\u1ed1 \u00fd g\u00e2y thi\u1ec7t h\u1ea1i cho b\u1ea5t k\u1ef3 trang web n\u00e0o, bao g\u1ed3m c\u1ea3 trang web Cu\u1ed9c thi ho\u1eb7c l\u00e0m suy y\u1ebfu ho\u1ea1t \u0111\u1ed9ng h\u1ee3p ph\u00e1p c\u1ee7a Cu\u1ed9c thi \u0111\u1ec1u l\u00e0 h\u00e0nh vi vi ph\u1ea1m lu\u1eadt h\u00ecnh s\u1ef1 v\u00e0 d\u00e2n s\u1ef1 v\u00e0 n\u1ebfu c\u00f3 n\u1ed7 l\u1ef1c nh\u01b0 v\u1eady, ch\u00fang t\u00f4i c\u00f3 quy\u1ec1n t\u00ecm ki\u1ebfm b\u1ea5t k\u1ef3 v\u00e0 t\u1ea5t c\u1ea3 c\u00e1c bi\u1ec7n ph\u00e1p kh\u1eafc ph\u1ee5c c\u00f3 s\u1eb5n t\u1eeb b\u1ea5t k\u1ef3 Ng\u01b0\u1eddi tham gia n\u00e0o nh\u01b0 v\u1eady \u1edf m\u1ee9c \u0111\u1ed9 t\u1ed1i \u0111a c\u1ee7a lu\u1eadt hi\u1ec7n h\u00e0nh.<\/p>\n<p>&nbsp;<\/p>\n<p><strong>Internet: <\/strong>Ban t\u1ed5 ch\u1ee9c s\u1ebd kh\u00f4ng ch\u1ecbu tr\u00e1ch nhi\u1ec7m cho b\u1ea5t k\u1ef3 s\u1ef1 c\u1ed1 ho\u1eb7c b\u1ea5t k\u1ef3 b\u00e0i d\u1ef1 thi n\u00e0o b\u1ecb tr\u1ec5 ho\u1eb7c b\u1ecb m\u1ea5t, b\u1ecb h\u01b0 h\u1ecfng, g\u1eedi sai \u0111\u1ecba ch\u1ec9, kh\u00f4ng \u0111\u1ea7y \u0111\u1ee7 ho\u1eb7c kh\u00f4ng \u0111\u01b0\u1ee3c g\u1eedi do l\u1ed7i h\u1ec7 th\u1ed1ng, m\u00e1y t\u00ednh b\u1ecb l\u1ed7i, kh\u00f4ng \u0111\u1ea7y \u0111\u1ee7 ho\u1eb7c b\u1ecb nhi\u1ec5u, l\u1ed7i ph\u1ea7n c\u1ee9ng ho\u1eb7c ph\u1ea7n m\u1ec1m d\u01b0\u1edbi b\u1ea5t k\u1ef3 h\u00ecnh th\u1ee9c n\u00e0o, k\u1ebft n\u1ed1i m\u1ea1ng b\u1ecb m\u1ea5t ho\u1eb7c kh\u00f4ng kh\u1ea3 d\u1ee5ng, l\u1ed7i \u0111\u00e1nh m\u00e1y ho\u1eb7c l\u1ed7i h\u1ec7 th\u1ed1ng\/con ng\u01b0\u1eddi, tr\u1ee5c tr\u1eb7c k\u1ef9 thu\u1eadt c\u1ee7a b\u1ea5t k\u1ef3 m\u1ea1ng ho\u1eb7c \u0111\u01b0\u1eddng d\u00e2y \u0111i\u1ec7n tho\u1ea1i n\u00e0o, k\u1ebft n\u1ed1i c\u00e1p, truy\u1ec1n v\u1ec7 tinh, m\u00e1y ch\u1ee7 ho\u1eb7c nh\u00e0 cung c\u1ea5p, ho\u1eb7c thi\u1ebft b\u1ecb m\u00e1y t\u00ednh, t\u1eafc ngh\u1ebdn l\u01b0u l\u01b0\u1ee3ng tr\u00ean internet ho\u1eb7c t\u1ea1i c\u00f4ng c\u1ee5\/trang web c\u1ee7a Cu\u1ed9c thi, ho\u1eb7c b\u1ea5t k\u1ef3 s\u1ef1 k\u1ebft h\u1ee3p n\u00e0o trong s\u1ed1 \u0111\u00f3, bao g\u1ed3m c\u00e1c tr\u1ee5c tr\u1eb7c vi\u1ec5n th\u00f4ng, c\u00e1p, k\u1ef9 thu\u1eadt s\u1ed1 ho\u1eb7c v\u1ec7 tinh kh\u00e1c ho\u1eb7c b\u1ea5t k\u1ef3 l\u00fd do n\u00e0o kh\u00f4ng v\u01b0\u1ee3t qu\u00e1 gi\u1edbi h\u1ea1n h\u1ee3p l\u00fd c\u1ee7a Ban t\u1ed5 ch\u1ee9c, c\u00f3 th\u1ec3 h\u1ea1n ch\u1ebf kh\u1ea3 n\u0103ng tham gia Cu\u1ed9c thi c\u1ee7a Ng\u01b0\u1eddi tham gia.<\/p>\n<p>&nbsp;<\/p>\n<p><strong>B\u1ea3o h\u00e0nh v\u00e0 b\u1ed3i th\u01b0\u1eddng<\/strong>: \u1ede m\u1ee9c \u0111\u1ed9 t\u1ed1i \u0111a \u0111\u01b0\u1ee3c ph\u00e1p lu\u1eadt cho ph\u00e9p, m\u1ed7i Ng\u01b0\u1eddi tham gia b\u1ed3i th\u01b0\u1eddng v\u00e0 \u0111\u1ed3ng \u00fd b\u1ea3o v\u1ec7 Nh\u00e0 t\u1ed5 ch\u1ee9c m\u1ecdi l\u00fac kh\u1ecfi v\u00e0 ch\u1ed1ng l\u1ea1i m\u1ecdi tr\u00e1ch nhi\u1ec7m ph\u00e1p l\u00fd, khi\u1ebfu n\u1ea1i, y\u00eau c\u1ea7u, m\u1ea5t m\u00e1t, thi\u1ec7t h\u1ea1i, chi ph\u00ed v\u00e0 ph\u00ed t\u1ed5n ph\u00e1t sinh t\u1eeb b\u1ea5t k\u1ef3 h\u00e0nh \u0111\u1ed9ng, l\u1ed7i ho\u1eb7c thi\u1ebfu s\u00f3t n\u00e0o c\u1ee7a Ng\u01b0\u1eddi tham gia v\u00e0\/ho\u1eb7c vi ph\u1ea1m b\u1ea5t k\u1ef3 b\u1ea3o h\u00e0nh n\u00e0o \u0111\u01b0\u1ee3c n\u00eau t\u1ea1i \u0111\u00e2y. \u1ede m\u1ee9c \u0111\u1ed9 t\u1ed1i \u0111a \u0111\u01b0\u1ee3c ph\u00e1p lu\u1eadt cho ph\u00e9p, m\u1ed7i Ng\u01b0\u1eddi tham gia \u0111\u1ed3ng \u00fd b\u1ea3o v\u1ec7, b\u1ed3i th\u01b0\u1eddng v\u00e0 gi\u1eef cho Nh\u00e0 t\u1ed5 ch\u1ee9c v\u00f4 h\u1ea1i kh\u1ecfi v\u00e0 ch\u1ed1ng l\u1ea1i m\u1ecdi khi\u1ebfu n\u1ea1i, h\u00e0nh \u0111\u1ed9ng, v\u1ee5 ki\u1ec7n ho\u1eb7c th\u1ee7 t\u1ee5c t\u1ed1 t\u1ee5ng, c\u0169ng nh\u01b0 m\u1ecdi m\u1ea5t m\u00e1t, tr\u00e1ch nhi\u1ec7m ph\u00e1p l\u00fd, thi\u1ec7t h\u1ea1i, chi ph\u00ed v\u00e0 ph\u00ed t\u1ed5n (bao g\u1ed3m c\u1ea3 ph\u00ed lu\u1eadt s\u01b0 h\u1ee3p l\u00fd) ph\u00e1t sinh t\u1eeb ho\u1eb7c ph\u00e1t sinh t\u1eeb (a) Cu\u1ed9c thi n\u00e0y ho\u1eb7c t\u00e0i li\u1ec7u kh\u00e1c do Ng\u01b0\u1eddi tham gia t\u1ea3i l\u00ean ho\u1eb7c cung c\u1ea5p theo c\u00e1ch kh\u00e1c vi ph\u1ea1m b\u1ea5t k\u1ef3 b\u1ea3n quy\u1ec1n, nh\u00e3n hi\u1ec7u, b\u00ed m\u1eadt th\u01b0\u01a1ng m\u1ea1i, h\u00ecnh th\u1ee9c th\u01b0\u01a1ng m\u1ea1i, b\u1eb1ng s\u00e1ng ch\u1ebf ho\u1eb7c quy\u1ec1n s\u1edf h\u1eefu tr\u00ed tu\u1ec7 kh\u00e1c c\u1ee7a b\u1ea5t k\u1ef3 ng\u01b0\u1eddi n\u00e0o ho\u1eb7c ph\u1ec9 b\u00e1ng b\u1ea5t k\u1ef3 ng\u01b0\u1eddi n\u00e0o ho\u1eb7c vi ph\u1ea1m quy\u1ec1n c\u00f4ng khai ho\u1eb7c quy\u1ec1n ri\u00eang t\u01b0 c\u1ee7a h\u1ecd, (b) b\u1ea5t k\u1ef3 s\u1ef1 tr\u00ecnh b\u00e0y sai l\u1ec7ch n\u00e0o do Ng\u01b0\u1eddi tham gia th\u1ef1c hi\u1ec7n li\u00ean quan \u0111\u1ebfn Cu\u1ed9c thi; (c) b\u1ea5t k\u1ef3 h\u00e0nh vi kh\u00f4ng tu\u00e2n th\u1ee7 n\u00e0o c\u1ee7a Ng\u01b0\u1eddi tham gia \u0111\u1ed1i v\u1edbi c\u00e1c quy t\u1eafc n\u00e0y; (d) c\u00e1c khi\u1ebfu n\u1ea1i do nh\u1eefng c\u00e1 nh\u00e2n ho\u1eb7c t\u1ed5 ch\u1ee9c kh\u00e1c ngo\u00e0i c\u00e1c b\u00ean c\u1ee7a c\u00e1c quy t\u1eafc n\u00e0y \u0111\u01b0a ra ph\u00e1t sinh t\u1eeb ho\u1eb7c li\u00ean quan \u0111\u1ebfn vi\u1ec7c Ng\u01b0\u1eddi tham gia tham gia Cu\u1ed9c thi; (e) vi\u1ec7c ch\u1ea5p nh\u1eadn, s\u1edf h\u1eefu, s\u1eed d\u1ee5ng sai ho\u1eb7c s\u1eed d\u1ee5ng b\u1ea5t k\u1ef3 gi\u1ea3i th\u01b0\u1edfng n\u00e0o ho\u1eb7c tham gia v\u00e0o b\u1ea5t k\u1ef3 ho\u1ea1t \u0111\u1ed9ng n\u00e0o li\u00ean quan \u0111\u1ebfn Cu\u1ed9c thi ho\u1eb7c tham gia v\u00e0o Cu\u1ed9c thi n\u00e0y; (f) b\u1ea5t k\u1ef3 tr\u1ee5c tr\u1eb7c ho\u1eb7c v\u1ea5n \u0111\u1ec1 n\u00e0o kh\u00e1c v\u1edbi c\u00e1c c\u00f4ng c\u1ee5 c\u1ee7a Cu\u1ed9c thi; (g) b\u1ea5t k\u1ef3 l\u1ed7i n\u00e0o trong vi\u1ec7c thu th\u1eadp, x\u1eed l\u00fd ho\u1eb7c l\u01b0u gi\u1eef th\u00f4ng tin; ho\u1eb7c (h) b\u1ea5t k\u1ef3 l\u1ed7i \u0111\u00e1nh m\u00e1y ho\u1eb7c l\u1ed7i kh\u00e1c trong vi\u1ec7c in \u1ea5n, cung c\u1ea5p ho\u1eb7c th\u00f4ng b\u00e1o v\u1ec1 b\u1ea5t k\u1ef3 gi\u1ea3i th\u01b0\u1edfng n\u00e0o.<\/p>\n<p>&nbsp;<\/p>\n<p><strong>S\u1ef1 ri\u00eang t\u01b0<\/strong>: B\u1eb1ng c\u00e1ch tham gia Cu\u1ed9c thi n\u00e0y, Ng\u01b0\u1eddi tham gia \u0111\u1ed3ng \u00fd v\u00e0 th\u1eeba nh\u1eadn r\u1eb1ng m\u1ecdi d\u1eef li\u1ec7u c\u00e1 nh\u00e2n \u0111\u01b0\u1ee3c g\u1eedi c\u00f3 th\u1ec3 \u0111\u01b0\u1ee3c Nh\u00e0 t\u1ed5 ch\u1ee9c v\u00e0 c\u00e1c chi nh\u00e1nh c\u1ee7a Nh\u00e0 t\u1ed5 ch\u1ee9c thu th\u1eadp, x\u1eed l\u00fd, l\u01b0u tr\u1eef, ti\u1ebft l\u1ed9 ho\u1eb7c s\u1eed d\u1ee5ng theo c\u00e1ch kh\u00e1c cho m\u1ee5c \u0111\u00edch ti\u1ebfn h\u00e0nh v\u00e0 qu\u1ea3n l\u00fd Cu\u1ed9c thi v\u00e0 tu\u00e2n theo Ch\u00ednh s\u00e1ch quy\u1ec1n ri\u00eang t\u01b0 c\u00f3 t\u1ea1i <a href=\"https:\/\/www.pearson.com\/asia\/privacy-policy.html\">https:\/\/www.pearson.com\/asia\/privacy-policy.html<\/a>. Ng\u01b0\u1eddi tham gia \u0111\u1ed3ng \u00fd v\u00e0 \u1ee7y quy\u1ec1n cho Ban t\u1ed5 ch\u1ee9c s\u1eed d\u1ee5ng, theo quy\u1ebft \u0111\u1ecbnh ri\u00eang c\u1ee7a m\u00ecnh, m\u00e0 kh\u00f4ng ph\u1ea3i tr\u1ea3 th\u00eam b\u1ea5t k\u1ef3 kho\u1ea3n b\u1ed3i th\u01b0\u1eddng n\u00e0o cho Ng\u01b0\u1eddi tham gia, b\u1ea5t k\u1ef3 t\u00ean, \u1ea3nh, video, t\u1ec7p \u00e2m thanh ho\u1eb7c b\u1ea5t k\u1ef3 h\u00ecnh \u1ea3nh n\u00e0o gi\u1ed1ng v\u1edbi h\u1ecd cho m\u1ee5c \u0111\u00edch \u0111\u00f3ng g\u00f3i, qu\u1ea3ng c\u00e1o, ti\u1ebfp th\u1ecb v\u00e0\/ho\u1eb7c c\u00f4ng khai (n\u1ebfu kh\u00f4ng b\u1ecb lu\u1eadt ph\u00e1p c\u1ea5m). T\u1ea5t c\u1ea3 ng\u01b0\u1eddi chi\u1ebfn th\u1eafng t\u1ea1i \u0111\u00e2y \u0111\u1ed3ng \u00fd c\u00f4ng khai t\u00ean v\u00e0 k\u1ebft qu\u1ea3 c\u1ee7a Cu\u1ed9c thi.<\/p>\n<p>&nbsp;<\/p>\n<p><strong>Quy\u1ec1n s\u1edf h\u1eefu tr\u00ed tu\u1ec7<\/strong>: B\u1ea1n c\u1ea5p cho ch\u00fang t\u00f4i, c\u00e1c c\u00f4ng ty con, \u0111\u1ea1i l\u00fd v\u00e0 c\u00f4ng ty \u0111\u1ed1i t\u00e1c c\u1ee7a ch\u00fang t\u00f4i, gi\u1ea5y ph\u00e9p v\u0129nh vi\u1ec5n, kh\u00f4ng th\u1ec3 h\u1ee7y ngang, tr\u00ean to\u00e0n th\u1ebf gi\u1edbi, mi\u1ec5n ph\u00ed b\u1ea3n quy\u1ec1n v\u00e0 kh\u00f4ng \u0111\u1ed9c quy\u1ec1n \u0111\u1ec3 s\u1eed d\u1ee5ng, sao ch\u00e9p, \u0111i\u1ec1u ch\u1ec9nh, s\u1eeda \u0111\u1ed5i, xu\u1ea5t b\u1ea3n, ph\u00e2n ph\u1ed1i, tr\u00ecnh di\u1ec5n c\u00f4ng khai, t\u1ea1o t\u00e1c ph\u1ea9m ph\u00e1i sinh t\u1eeb v\u00e0 hi\u1ec3n th\u1ecb c\u00f4ng khai video c\u1ee7a b\u1ea1n do b\u1ea1n cung c\u1ea5p trong Cu\u1ed9c thi li\u00ean quan \u0111\u1ebfn qu\u1ea3ng c\u00e1o v\u00e0 kh\u1ea3o s\u00e1t th\u00f4ng qua giao ti\u1ebfp v\u1edbi c\u00f4ng ch\u00fang ho\u1eb7c c\u00e1c nh\u00f3m kh\u00e1c. B\u1ea5t k\u1ef3 nh\u00e3n hi\u1ec7u, bi\u1ec3u t\u01b0\u1ee3ng \u0111\u1ed3 h\u1ecda, logo ho\u1eb7c t\u00e0i s\u1ea3n tr\u00ed tu\u1ec7 n\u00e0o c\u00f3 trong b\u1ea5t k\u1ef3 t\u00e0i li\u1ec7u n\u00e0o \u0111\u01b0\u1ee3c s\u1eed d\u1ee5ng li\u00ean quan \u0111\u1ebfn Cu\u1ed9c thi n\u00e0y, \u0111\u1eb7c bi\u1ec7t li\u00ean quan \u0111\u1ebfn Nh\u00e0 t\u1ed5 ch\u1ee9c, gi\u1ea3i th\u01b0\u1edfng v\u00e0 b\u1ea5t k\u1ef3 quan h\u1ec7 \u0111\u1ed1i t\u00e1c s\u1ea3n ph\u1ea9m n\u00e0o, \u0111\u1ec1u l\u00e0 t\u00e0i s\u1ea3n c\u1ee7a ch\u1ee7 s\u1edf h\u1eefu t\u01b0\u01a1ng \u1ee9ng c\u1ee7a ch\u00fang.<\/p>\n<p>&nbsp;<\/p>\n<p><strong>Di\u1ec5n \u0111\u00e0n v\u00e0 vi\u1ec7c s\u1eed d\u1ee5ng c\u00e1c th\u1ee7 t\u1ee5c t\u01b0 ph\u00e1p<\/strong>: C\u00e1c \u0111i\u1ec1u kho\u1ea3n v\u00e0 \u0111i\u1ec1u ki\u1ec7n n\u00e0y v\u00e0 b\u1ea5t k\u1ef3 tranh ch\u1ea5p n\u00e0o ph\u00e1t sinh t\u1eeb ho\u1eb7c li\u00ean quan \u0111\u1ebfn \u0111\u00e2y, \u0111\u1ec1u \u0111\u01b0\u1ee3c \u0111i\u1ec1u ch\u1ec9nh \u0111\u1ed9c quy\u1ec1n b\u1edfi lu\u1eadt ph\u00e1p Malaysia v\u00e0 t\u00f2a \u00e1n Malaysia s\u1ebd c\u00f3 th\u1ea9m quy\u1ec1n \u0111\u1ed9c quy\u1ec1n \u0111\u1ec3 gi\u1ea3i quy\u1ebft b\u1ea5t k\u1ef3 tranh ch\u1ea5p n\u00e0o ph\u00e1t sinh t\u1eeb ho\u1eb7c li\u00ean quan \u0111\u1ebfn c\u00e1c \u0111i\u1ec1u kho\u1ea3n v\u00e0 \u0111i\u1ec1u ki\u1ec7n n\u00e0y, c\u00e1ch gi\u1ea3i th\u00edch ho\u1eb7c th\u1ef1c thi c\u1ee7a c\u00e1c \u0111i\u1ec1u kho\u1ea3n v\u00e0 \u0111i\u1ec1u ki\u1ec7n n\u00e0y. M\u1ed7i b\u00ean t\u1ea1i \u0111\u00e2y \u0111\u1ed3ng \u00fd v\u00e0 tu\u00e2n theo th\u1ea9m quy\u1ec1n \u0111\u1ed9c quy\u1ec1n c\u1ee7a c\u00e1c t\u00f2a \u00e1n \u0111\u00f3. N\u1ebfu b\u1ea5t k\u1ef3 \u0111i\u1ec1u kho\u1ea3n n\u00e0o c\u1ee7a c\u00e1c \u0111i\u1ec1u kho\u1ea3n v\u00e0 \u0111i\u1ec1u ki\u1ec7n n\u00e0y b\u1ecb coi l\u00e0 kh\u00f4ng h\u1ee3p l\u1ec7 ho\u1eb7c kh\u00f4ng th\u1ec3 th\u1ef1c thi, t\u1ea5t c\u1ea3 c\u00e1c \u0111i\u1ec1u kho\u1ea3n c\u00f2n l\u1ea1i t\u1ea1i \u0111\u00e2y s\u1ebd v\u1eabn c\u00f3 hi\u1ec7u l\u1ef1c \u0111\u1ea7y \u0111\u1ee7. Trong ph\u1ea1m vi ph\u00e1p lu\u1eadt cho ph\u00e9p, c\u00e1c quy\u1ec1n ki\u1ec7n t\u1ee5ng, t\u00ecm ki\u1ebfm bi\u1ec7n ph\u00e1p kh\u1eafc ph\u1ee5c b\u1eb1ng l\u1ec7nh c\u1ea5m ho\u1eb7c th\u1ef1c hi\u1ec7n b\u1ea5t k\u1ef3 bi\u1ec7n ph\u00e1p kh\u1eafc ph\u1ee5c n\u00e0o kh\u00e1c \u0111\u1ed1i v\u1edbi t\u01b0 ph\u00e1p ho\u1eb7c b\u1ea5t k\u1ef3 th\u1ee7 t\u1ee5c n\u00e0o kh\u00e1c trong tr\u01b0\u1eddng h\u1ee3p c\u00f3 tranh ch\u1ea5p ho\u1eb7c khi\u1ebfu n\u1ea1i ph\u00e1t sinh t\u1eeb ho\u1eb7c li\u00ean quan \u0111\u1ebfn Cu\u1ed9c thi n\u00e0y \u0111\u1ec1u b\u1ecb lo\u1ea1i tr\u1eeb t\u1ea1i \u0111\u00e2y v\u00e0 t\u1ea5t c\u1ea3 Ng\u01b0\u1eddi tham gia \u0111\u1ec1u t\u1eeb b\u1ecf r\u00f5 r\u00e0ng b\u1ea5t k\u1ef3 v\u00e0 t\u1ea5t c\u1ea3 c\u00e1c quy\u1ec1n \u0111\u00f3.<\/p>\n\n\t\t<\/div>\n\t<\/div>\n<\/div><\/div><\/div><div class=\"wpb_column vc_column_container vc_col-sm-2\"><div class=\"vc_column-inner\"><div class=\"wpb_wrapper\"><\/div><\/div><\/div><\/div>","protected":false},"excerpt":{"rendered":"OTHER TERMS &amp; CONDITIONS &nbsp; ----------------- &nbsp; Taxes: ALL TAXES IMPOSED ON PRIZES ARE THE SOLE RESPONSIBILITY OF THE PARTICIPANT. In order to receive a prize, each Participant may be required to submit the tax documentation requested by us or otherwise required by applicable law, or the relevant tax authority, all as determined by applicable [...]","protected":false},"author":5,"featured_media":0,"parent":390445,"menu_order":0,"comment_status":"closed","ping_status":"closed","template":"","meta":{"footnotes":""},"class_list":["post-390920","page","type-page","status-publish","hentry"],"yoast_head":"<!-- This site is optimized with the Yoast SEO Premium plugin v27.0 (Yoast SEO v27.3) - https:\/\/yoast.com\/product\/yoast-seo-premium-wordpress\/ -->\n<title>[AUG Subang Jaya] PTE Champions - Test Your English - Terms &amp; Conditions - AUG Student Services<\/title>\n<meta name=\"description\" content=\"Free counselling for university selection, scholarships and visa applications. Let AUG Student Services fast-track your study-abroad journey today.\" \/>\n<meta name=\"robots\" content=\"index, follow, max-snippet:-1, max-image-preview:large, max-video-preview:-1\" \/>\n<link rel=\"canonical\" href=\"https:\/\/augstudy.com\/vi\/malaysia-2\/su-kien-2\/pte\/tnc\/\" \/>\n<meta property=\"og:locale\" content=\"vi_VN\" \/>\n<meta property=\"og:type\" content=\"article\" \/>\n<meta property=\"og:title\" content=\"[AUG Subang Jaya] PTE Champions - Test Your English - Terms &amp; Conditions\" \/>\n<meta property=\"og:description\" content=\"Free counselling for university selection, scholarships and visa applications. Let AUG Student Services fast-track your study-abroad journey today.\" \/>\n<meta property=\"og:url\" content=\"https:\/\/augstudy.com\/vi\/malaysia-2\/su-kien-2\/pte\/tnc\/\" \/>\n<meta property=\"og:site_name\" content=\"AUG Student Services\" \/>\n<meta property=\"article:publisher\" content=\"https:\/\/www.facebook.com\/augmalaysia\/\" \/>\n<meta property=\"article:modified_time\" content=\"2024-07-22T08:56:01+00:00\" \/>\n<meta name=\"twitter:card\" content=\"summary_large_image\" \/>\n<meta name=\"twitter:label1\" content=\"\u01af\u1edbc t\u00ednh th\u1eddi gian \u0111\u1ecdc\" \/>\n\t<meta name=\"twitter:data1\" content=\"5 ph\u00fat\" \/>\n<script type=\"application\/ld+json\" class=\"yoast-schema-graph\">{\"@context\":\"https:\\\/\\\/schema.org\",\"@graph\":[{\"@type\":\"WebPage\",\"@id\":\"https:\\\/\\\/augstudy.com\\\/malaysia\\\/events\\\/pte\\\/tnc\\\/\",\"url\":\"https:\\\/\\\/augstudy.com\\\/malaysia\\\/events\\\/pte\\\/tnc\\\/\",\"name\":\"[AUG Subang Jaya] PTE Champions - Test Your English - Terms & Conditions - AUG Student Services\",\"isPartOf\":{\"@id\":\"https:\\\/\\\/augstudy.com\\\/#website\"},\"datePublished\":\"2024-07-18T09:15:46+00:00\",\"dateModified\":\"2024-07-22T08:56:01+00:00\",\"description\":\"Free counselling for university selection, scholarships and visa applications. Let AUG Student Services fast-track your study-abroad journey today.\",\"breadcrumb\":{\"@id\":\"https:\\\/\\\/augstudy.com\\\/malaysia\\\/events\\\/pte\\\/tnc\\\/#breadcrumb\"},\"inLanguage\":\"vi\",\"potentialAction\":[{\"@type\":\"ReadAction\",\"target\":[\"https:\\\/\\\/augstudy.com\\\/malaysia\\\/events\\\/pte\\\/tnc\\\/\"]}]},{\"@type\":\"BreadcrumbList\",\"@id\":\"https:\\\/\\\/augstudy.com\\\/malaysia\\\/events\\\/pte\\\/tnc\\\/#breadcrumb\",\"itemListElement\":[{\"@type\":\"ListItem\",\"position\":1,\"name\":\"Home\",\"item\":\"https:\\\/\\\/augstudy.com\\\/\"},{\"@type\":\"ListItem\",\"position\":2,\"name\":\"AUG Malaysia\",\"item\":\"https:\\\/\\\/augstudy.com\\\/malaysia\\\/\"},{\"@type\":\"ListItem\",\"position\":3,\"name\":\"AUG Malaysia Events\",\"item\":\"https:\\\/\\\/augstudy.com\\\/malaysia\\\/events\\\/\"},{\"@type\":\"ListItem\",\"position\":4,\"name\":\"[AUG Subang Jaya] PTE Champions &#8211; Test Your English\",\"item\":\"https:\\\/\\\/augstudy.com\\\/malaysia\\\/events\\\/pte\\\/\"},{\"@type\":\"ListItem\",\"position\":5,\"name\":\"[AUG Subang Jaya] PTE Champions &#8211; Test Your English &#8211; Terms &#038; Conditions\"}]},{\"@type\":\"WebSite\",\"@id\":\"https:\\\/\\\/augstudy.com\\\/#website\",\"url\":\"https:\\\/\\\/augstudy.com\\\/\",\"name\":\"AUG Student Services\",\"description\":\"Student Services\",\"alternateName\":\"AUG Global\",\"potentialAction\":[{\"@type\":\"SearchAction\",\"target\":{\"@type\":\"EntryPoint\",\"urlTemplate\":\"https:\\\/\\\/augstudy.com\\\/?s={search_term_string}\"},\"query-input\":{\"@type\":\"PropertyValueSpecification\",\"valueRequired\":true,\"valueName\":\"search_term_string\"}}],\"inLanguage\":\"vi\"}]}<\/script>\n<!-- \/ Yoast SEO Premium plugin. -->","yoast_head_json":{"title":"[AUG Subang Jaya] PTE Champions - Test Your English - Terms & Conditions - AUG Student Services","description":"T\u01b0 v\u1ea5n mi\u1ec5n ph\u00ed v\u1ec1 ch\u1ecdn tr\u01b0\u1eddng \u0111\u1ea1i h\u1ecdc, h\u1ecdc b\u1ed5ng v\u00e0 xin th\u1ecb th\u1ef1c. H\u00e3y \u0111\u1ec3 D\u1ecbch v\u1ee5 Sinh vi\u00ean AUG gi\u00fap b\u1ea1n nhanh ch\u00f3ng ho\u00e0n th\u00e0nh h\u00e0nh tr\u00ecnh du h\u1ecdc ngay h\u00f4m nay.","robots":{"index":"index","follow":"follow","max-snippet":"max-snippet:-1","max-image-preview":"max-image-preview:large","max-video-preview":"max-video-preview:-1"},"canonical":"https:\/\/augstudy.com\/vi\/malaysia-2\/su-kien-2\/pte\/tnc\/","og_locale":"vi_VN","og_type":"article","og_title":"[AUG Subang Jaya] PTE Champions - Test Your English - Terms & Conditions","og_description":"Free counselling for university selection, scholarships and visa applications. Let AUG Student Services fast-track your study-abroad journey today.","og_url":"https:\/\/augstudy.com\/vi\/malaysia-2\/su-kien-2\/pte\/tnc\/","og_site_name":"AUG Student Services","article_publisher":"https:\/\/www.facebook.com\/augmalaysia\/","article_modified_time":"2024-07-22T08:56:01+00:00","twitter_card":"summary_large_image","twitter_misc":{"\u01af\u1edbc t\u00ednh th\u1eddi gian \u0111\u1ecdc":"5 ph\u00fat"},"schema":{"@context":"https:\/\/schema.org","@graph":[{"@type":"WebPage","@id":"https:\/\/augstudy.com\/malaysia\/events\/pte\/tnc\/","url":"https:\/\/augstudy.com\/malaysia\/events\/pte\/tnc\/","name":"[AUG Subang Jaya] PTE Champions - Test Your English - Terms & Conditions - AUG Student Services","isPartOf":{"@id":"https:\/\/augstudy.com\/#website"},"datePublished":"2024-07-18T09:15:46+00:00","dateModified":"2024-07-22T08:56:01+00:00","description":"T\u01b0 v\u1ea5n mi\u1ec5n ph\u00ed v\u1ec1 ch\u1ecdn tr\u01b0\u1eddng \u0111\u1ea1i h\u1ecdc, h\u1ecdc b\u1ed5ng v\u00e0 xin th\u1ecb th\u1ef1c. H\u00e3y \u0111\u1ec3 D\u1ecbch v\u1ee5 Sinh vi\u00ean AUG gi\u00fap b\u1ea1n nhanh ch\u00f3ng ho\u00e0n th\u00e0nh h\u00e0nh tr\u00ecnh du h\u1ecdc ngay h\u00f4m nay.","breadcrumb":{"@id":"https:\/\/augstudy.com\/malaysia\/events\/pte\/tnc\/#breadcrumb"},"inLanguage":"vi","potentialAction":[{"@type":"ReadAction","target":["https:\/\/augstudy.com\/malaysia\/events\/pte\/tnc\/"]}]},{"@type":"BreadcrumbList","@id":"https:\/\/augstudy.com\/malaysia\/events\/pte\/tnc\/#breadcrumb","itemListElement":[{"@type":"ListItem","position":1,"name":"Home","item":"https:\/\/augstudy.com\/"},{"@type":"ListItem","position":2,"name":"AUG Malaysia","item":"https:\/\/augstudy.com\/malaysia\/"},{"@type":"ListItem","position":3,"name":"AUG Malaysia Events","item":"https:\/\/augstudy.com\/malaysia\/events\/"},{"@type":"ListItem","position":4,"name":"[AUG Subang Jaya] PTE Champions &#8211; Test Your English","item":"https:\/\/augstudy.com\/malaysia\/events\/pte\/"},{"@type":"ListItem","position":5,"name":"[AUG Subang Jaya] PTE Champions &#8211; Test Your English &#8211; Terms &#038; Conditions"}]},{"@type":"WebSite","@id":"https:\/\/augstudy.com\/#website","url":"https:\/\/augstudy.com\/","name":"D\u1ecbch v\u1ee5 Sinh vi\u00ean AUG","description":"D\u1ecbch v\u1ee5 sinh vi\u00ean","alternateName":"AUG Global","potentialAction":[{"@type":"SearchAction","target":{"@type":"EntryPoint","urlTemplate":"https:\/\/augstudy.com\/?s={search_term_string}"},"query-input":{"@type":"PropertyValueSpecification","valueRequired":true,"valueName":"search_term_string"}}],"inLanguage":"vi"}]}},"_links":{"self":[{"href":"https:\/\/augstudy.com\/vi\/wp-json\/wp\/v2\/pages\/390920","targetHints":{"allow":["GET"]}}],"collection":[{"href":"https:\/\/augstudy.com\/vi\/wp-json\/wp\/v2\/pages"}],"about":[{"href":"https:\/\/augstudy.com\/vi\/wp-json\/wp\/v2\/types\/page"}],"author":[{"embeddable":true,"href":"https:\/\/augstudy.com\/vi\/wp-json\/wp\/v2\/users\/5"}],"replies":[{"embeddable":true,"href":"https:\/\/augstudy.com\/vi\/wp-json\/wp\/v2\/comments?post=390920"}],"version-history":[{"count":0,"href":"https:\/\/augstudy.com\/vi\/wp-json\/wp\/v2\/pages\/390920\/revisions"}],"up":[{"embeddable":true,"href":"https:\/\/augstudy.com\/vi\/wp-json\/wp\/v2\/pages\/390445"}],"wp:attachment":[{"href":"https:\/\/augstudy.com\/vi\/wp-json\/wp\/v2\/media?parent=390920"}],"curies":[{"name":"wp","href":"https:\/\/api.w.org\/{rel}","templated":true}]}}