{"id":390571,"date":"2024-07-09T13:53:00","date_gmt":"2024-07-09T03:53:00","guid":{"rendered":"https:\/\/augstudy.com\/?page_id=390571"},"modified":"2024-07-09T13:56:03","modified_gmt":"2024-07-09T03:56:03","slug":"bri-spin-win","status":"publish","type":"page","link":"https:\/\/augstudy.com\/vi\/australia\/events\/bri-spin-win\/","title":{"rendered":"[AUG Brisbane] UPC Confession Tea Spin &#038; Win and Education Consultation"},"content":{"rendered":"<div data-vc-full-width=\"true\" data-vc-full-width-init=\"false\" class=\"vc_row wpb_row vc_row-fluid vc_custom_1682916971038 vc_row-has-fill vc_row-o-content-middle vc_row-flex\"><div class=\"wpb_column vc_column_container vc_col-sm-2 vc_hidden-sm vc_hidden-xs\"><div class=\"vc_column-inner\"><div class=\"wpb_wrapper\"><\/div><\/div><\/div><div class=\"wpb_column vc_column_container vc_col-sm-8\"><div class=\"vc_column-inner vc_custom_1671748405855\"><div class=\"wpb_wrapper\">\n\t<div class=\"wpb_text_column wpb_content_element  aug_content_box\">\n\t\t<div class=\"wpb_wrapper\">\n\t\t\t<h3><strong>UPC Confession Tea Spin &amp; Win v\u00e0 T\u01b0 v\u1ea5n gi\u00e1o d\u1ee5c<\/strong><\/h3>\n<p><span class=\"\" style=\"display:block;clear:both;height: 0px;padding-top: 15px;border-top-width:0px;border-bottom-width:0px;\"><\/span>H\u00e3y tham gia c\u00f9ng ch\u00fang t\u00f4i trong s\u1ef1 ki\u1ec7n vui v\u1ebb v\u00e0 th\u00fa v\u1ecb, n\u01a1i m\u1ecdi ng\u01b0\u1eddi \u0111\u1ec1u c\u00f3 c\u01a1 h\u1ed9i gi\u00e0nh \u0111\u01b0\u1ee3c m\u1ed9t t\u00e1ch tr\u00e0 s\u1eefa th\u01a1m ngon!<br \/>\n<span class=\"\" style=\"display:block;clear:both;height: 0px;padding-top: 15px;border-top-width:0px;border-bottom-width:0px;\"><\/span>\u0110\u00e2y l\u00e0 c\u01a1 h\u1ed9i ho\u00e0n h\u1ea3o \u0111\u1ec3 th\u1eed v\u1eadn may v\u00e0 th\u01b0\u1edfng th\u1ee9c \u0111\u1ed3 u\u1ed1ng gi\u1ea3i kh\u00e1t do ch\u00fang t\u00f4i cung c\u1ea5p.<br \/>\n<span class=\"\" style=\"display:block;clear:both;height: 0px;padding-top: 15px;border-top-width:0px;border-bottom-width:0px;\"><\/span>Ngo\u00e0i ra, h\u00e3y kh\u00e1m ph\u00e1 c\u00e1c c\u01a1 h\u1ed9i gi\u00e1o d\u1ee5c v\u00e0 th\u1ecb th\u1ef1c t\u1ea1i \u00dac v\u1edbi c\u00e1c c\u1ed1 v\u1ea5n gi\u00e1o d\u1ee5c gi\u00e0u kinh nghi\u1ec7m c\u1ee7a ch\u00fang t\u00f4i.<\/p>\n<h3><span class=\"\" style=\"display:block;clear:both;height: 0px;padding-top: 15px;border-top-width:0px;border-bottom-width:0px;\"><\/span><strong>chi ti\u1ebft s\u1ef1 ki\u1ec7n<\/strong><\/h3>\n<p><span class=\"\" style=\"display:block;clear:both;height: 0px;padding-top: 15px;border-top-width:0px;border-bottom-width:0px;\"><\/span><strong>Ng\u00e0y:<\/strong> Ng\u00e0y 18 th\u00e1ng 7 n\u0103m 2024 (Th\u1ee9 n\u0103m)<br \/>\n<span class=\"\" style=\"display:block;clear:both;height: 0px;padding-top: 15px;border-top-width:0px;border-bottom-width:0px;\"><\/span><strong>Th\u1eddi gian:<\/strong> 4:00 PM \u2013 6:00 PM (gi\u1edd Brisbane)<br \/>\n<span class=\"\" style=\"display:block;clear:both;height: 0px;padding-top: 15px;border-top-width:0px;border-bottom-width:0px;\"><\/span><strong>\u0110\u1ecba \u0111i\u1ec3m:<\/strong> <span style=\"text-decoration: underline;\"><a href=\"https:\/\/maps.app.goo.gl\/HcpgSxCUDTX8kewV7\" target=\"_blank\" rel=\"noopener\">Tr\u00e0 x\u01b0ng t\u1ed9i UPC (C\u1eeda h\u00e0ng 8\/8 ph\u1ed1 Gillingham, Woolloongabba QLD 4102, \u00dac)<\/a><\/span><br \/>\n<span class=\"\" style=\"display:block;clear:both;height: 0px;padding-top: 15px;border-top-width:0px;border-bottom-width:0px;\"><\/span><\/p>\n<h6 style=\"color: #ff0000;\"><strong><em>* ch\u1ec9 ra tr\u01b0\u1eddng b\u1eaft bu\u1ed9c<\/em><\/strong><\/h6>\n<h6><strong><em>** ch\u1ec9 d\u00e0nh cho sinh vi\u00ean qu\u1ed1c t\u1ebf<\/em><\/strong><\/h6>\n\n\t\t<\/div>\n\t<\/div>\n<\/div><\/div><\/div><div class=\"wpb_column vc_column_container vc_col-sm-2 vc_hidden-sm vc_hidden-xs\"><div class=\"vc_column-inner\"><div class=\"wpb_wrapper\"><\/div><\/div><\/div><\/div><div class=\"vc_row-full-width vc_clearfix\"><\/div><div id=\"registration\" class=\"vc_row wpb_row vc_row-fluid\"><div class=\"wpb_column vc_column_container vc_col-sm-12\"><div class=\"vc_column-inner vc_custom_1660175491551\"><div class=\"wpb_wrapper\">\n\t<div class=\"wpb_raw_code wpb_content_element wpb_raw_html\">\n\t\t<div class=\"wpb_wrapper\">\n\t\t\t<iframe src=\"https:\/\/www.research.net\/r\/X2XJP7B\" style=\"--height_desktop: 1800px; --height_mobile: 1900px;\"><\/iframe>\n\t\t<\/div>\n\t<\/div>\n<\/div><\/div><\/div><\/div>","protected":false},"excerpt":{"rendered":"UPC Confession Tea Spin &amp; Win and Education Consultation Join us for a fun and exciting event where everyone has a chance to win a delicious milk tea! This is the perfect opportunity to try your luck and enjoy a refreshing beverage on us. Additionally, explore opportunities for education and Visas in Australia with our [...]","protected":false},"author":4,"featured_media":0,"parent":2351,"menu_order":0,"comment_status":"closed","ping_status":"closed","template":"","meta":{"footnotes":""},"class_list":["post-390571","page","type-page","status-publish","hentry"],"yoast_head":"<!-- This site is optimized with the Yoast SEO Premium plugin v27.5 (Yoast SEO v27.5) - https:\/\/yoast.com\/product\/yoast-seo-premium-wordpress\/ -->\n<title>[AUG Brisbane] UPC Confession Tea Spin &amp; Win and Education Consultation - AUG Student Services<\/title>\n<meta name=\"description\" content=\"Education consultation and spin the wheel to win free milk tea!\" \/>\n<meta name=\"robots\" content=\"index, follow, max-snippet:-1, max-image-preview:large, max-video-preview:-1\" \/>\n<link rel=\"canonical\" href=\"https:\/\/augstudy.com\/vi\/chau-uc\/su-kien-2\/bri-spin-win\/\" \/>\n<meta property=\"og:locale\" content=\"vi_VN\" \/>\n<meta property=\"og:type\" content=\"article\" \/>\n<meta property=\"og:title\" content=\"[AUG Brisbane] UPC Confession Tea Spin &amp; Win and Education Consultation\" \/>\n<meta property=\"og:description\" content=\"Education consultation and spin the wheel to win free milk tea!\" \/>\n<meta property=\"og:url\" content=\"https:\/\/augstudy.com\/vi\/chau-uc\/su-kien-2\/bri-spin-win\/\" \/>\n<meta property=\"og:site_name\" content=\"AUG Student Services\" \/>\n<meta property=\"article:publisher\" content=\"https:\/\/www.facebook.com\/augmalaysia\/\" \/>\n<meta property=\"article:modified_time\" content=\"2024-07-09T03:56:03+00:00\" \/>\n<meta name=\"twitter:card\" content=\"summary_large_image\" \/>\n<meta name=\"twitter:label1\" content=\"\u01af\u1edbc t\u00ednh th\u1eddi gian \u0111\u1ecdc\" \/>\n\t<meta name=\"twitter:data1\" content=\"1 ph\u00fat\" \/>\n<script type=\"application\/ld+json\" class=\"yoast-schema-graph\">{\"@context\":\"https:\\\/\\\/schema.org\",\"@graph\":[{\"@type\":\"WebPage\",\"@id\":\"https:\\\/\\\/augstudy.com\\\/australia\\\/events\\\/bri-spin-win\\\/\",\"url\":\"https:\\\/\\\/augstudy.com\\\/australia\\\/events\\\/bri-spin-win\\\/\",\"name\":\"[AUG Brisbane] UPC Confession Tea Spin & Win and Education Consultation - AUG Student Services\",\"isPartOf\":{\"@id\":\"https:\\\/\\\/augstudy.com\\\/#website\"},\"datePublished\":\"2024-07-09T03:53:00+00:00\",\"dateModified\":\"2024-07-09T03:56:03+00:00\",\"description\":\"Education consultation and spin the wheel to win free milk tea!\",\"breadcrumb\":{\"@id\":\"https:\\\/\\\/augstudy.com\\\/australia\\\/events\\\/bri-spin-win\\\/#breadcrumb\"},\"inLanguage\":\"vi\",\"potentialAction\":[{\"@type\":\"ReadAction\",\"target\":[\"https:\\\/\\\/augstudy.com\\\/australia\\\/events\\\/bri-spin-win\\\/\"]}]},{\"@type\":\"BreadcrumbList\",\"@id\":\"https:\\\/\\\/augstudy.com\\\/australia\\\/events\\\/bri-spin-win\\\/#breadcrumb\",\"itemListElement\":[{\"@type\":\"ListItem\",\"position\":1,\"name\":\"Home\",\"item\":\"https:\\\/\\\/augstudy.com\\\/\"},{\"@type\":\"ListItem\",\"position\":2,\"name\":\"AUG Australia\",\"item\":\"https:\\\/\\\/augstudy.com\\\/australia\\\/\"},{\"@type\":\"ListItem\",\"position\":3,\"name\":\"AUG Australia Events\",\"item\":\"https:\\\/\\\/augstudy.com\\\/australia\\\/events\\\/\"},{\"@type\":\"ListItem\",\"position\":4,\"name\":\"[AUG Brisbane] UPC Confession Tea Spin &#038; Win and Education Consultation\"}]},{\"@type\":\"WebSite\",\"@id\":\"https:\\\/\\\/augstudy.com\\\/#website\",\"url\":\"https:\\\/\\\/augstudy.com\\\/\",\"name\":\"AUG Student Services\",\"description\":\"Student Services\",\"alternateName\":\"AUG Global\",\"potentialAction\":[{\"@type\":\"SearchAction\",\"target\":{\"@type\":\"EntryPoint\",\"urlTemplate\":\"https:\\\/\\\/augstudy.com\\\/?s={search_term_string}\"},\"query-input\":{\"@type\":\"PropertyValueSpecification\",\"valueRequired\":true,\"valueName\":\"search_term_string\"}}],\"inLanguage\":\"vi\"}]}<\/script>\n<!-- \/ Yoast SEO Premium plugin. -->","yoast_head_json":{"title":"[AUG Brisbane] UPC Confession Tea Spin & Win and Education Consultation - AUG Student Services","description":"T\u01b0 v\u1ea5n gi\u00e1o d\u1ee5c v\u00e0 quay v\u00f2ng \u0111\u1ec3 tr\u00fang tr\u00e0 s\u1eefa mi\u1ec5n ph\u00ed!","robots":{"index":"index","follow":"follow","max-snippet":"max-snippet:-1","max-image-preview":"max-image-preview:large","max-video-preview":"max-video-preview:-1"},"canonical":"https:\/\/augstudy.com\/vi\/chau-uc\/su-kien-2\/bri-spin-win\/","og_locale":"vi_VN","og_type":"article","og_title":"[AUG Brisbane] UPC Confession Tea Spin & Win and Education Consultation","og_description":"Education consultation and spin the wheel to win free milk tea!","og_url":"https:\/\/augstudy.com\/vi\/chau-uc\/su-kien-2\/bri-spin-win\/","og_site_name":"AUG Student Services","article_publisher":"https:\/\/www.facebook.com\/augmalaysia\/","article_modified_time":"2024-07-09T03:56:03+00:00","twitter_card":"summary_large_image","twitter_misc":{"\u01af\u1edbc t\u00ednh th\u1eddi gian \u0111\u1ecdc":"1 ph\u00fat"},"schema":{"@context":"https:\/\/schema.org","@graph":[{"@type":"WebPage","@id":"https:\/\/augstudy.com\/australia\/events\/bri-spin-win\/","url":"https:\/\/augstudy.com\/australia\/events\/bri-spin-win\/","name":"[AUG Brisbane] UPC Confession Tea Spin & Win and Education Consultation - AUG Student Services","isPartOf":{"@id":"https:\/\/augstudy.com\/#website"},"datePublished":"2024-07-09T03:53:00+00:00","dateModified":"2024-07-09T03:56:03+00:00","description":"T\u01b0 v\u1ea5n gi\u00e1o d\u1ee5c v\u00e0 quay v\u00f2ng \u0111\u1ec3 tr\u00fang tr\u00e0 s\u1eefa mi\u1ec5n ph\u00ed!","breadcrumb":{"@id":"https:\/\/augstudy.com\/australia\/events\/bri-spin-win\/#breadcrumb"},"inLanguage":"vi","potentialAction":[{"@type":"ReadAction","target":["https:\/\/augstudy.com\/australia\/events\/bri-spin-win\/"]}]},{"@type":"BreadcrumbList","@id":"https:\/\/augstudy.com\/australia\/events\/bri-spin-win\/#breadcrumb","itemListElement":[{"@type":"ListItem","position":1,"name":"Home","item":"https:\/\/augstudy.com\/"},{"@type":"ListItem","position":2,"name":"AUG Australia","item":"https:\/\/augstudy.com\/australia\/"},{"@type":"ListItem","position":3,"name":"AUG Australia Events","item":"https:\/\/augstudy.com\/australia\/events\/"},{"@type":"ListItem","position":4,"name":"[AUG Brisbane] UPC Confession Tea Spin &#038; Win and Education Consultation"}]},{"@type":"WebSite","@id":"https:\/\/augstudy.com\/#website","url":"https:\/\/augstudy.com\/","name":"D\u1ecbch v\u1ee5 Sinh vi\u00ean AUG","description":"D\u1ecbch v\u1ee5 sinh vi\u00ean","alternateName":"AUG Global","potentialAction":[{"@type":"SearchAction","target":{"@type":"EntryPoint","urlTemplate":"https:\/\/augstudy.com\/?s={search_term_string}"},"query-input":{"@type":"PropertyValueSpecification","valueRequired":true,"valueName":"search_term_string"}}],"inLanguage":"vi"}]}},"_links":{"self":[{"href":"https:\/\/augstudy.com\/vi\/wp-json\/wp\/v2\/pages\/390571","targetHints":{"allow":["GET"]}}],"collection":[{"href":"https:\/\/augstudy.com\/vi\/wp-json\/wp\/v2\/pages"}],"about":[{"href":"https:\/\/augstudy.com\/vi\/wp-json\/wp\/v2\/types\/page"}],"author":[{"embeddable":true,"href":"https:\/\/augstudy.com\/vi\/wp-json\/wp\/v2\/users\/4"}],"replies":[{"embeddable":true,"href":"https:\/\/augstudy.com\/vi\/wp-json\/wp\/v2\/comments?post=390571"}],"version-history":[{"count":0,"href":"https:\/\/augstudy.com\/vi\/wp-json\/wp\/v2\/pages\/390571\/revisions"}],"up":[{"embeddable":true,"href":"https:\/\/augstudy.com\/vi\/wp-json\/wp\/v2\/pages\/2351"}],"wp:attachment":[{"href":"https:\/\/augstudy.com\/vi\/wp-json\/wp\/v2\/media?parent=390571"}],"curies":[{"name":"wp","href":"https:\/\/api.w.org\/{rel}","templated":true}]}}