{"id":390467,"date":"2024-07-04T11:20:04","date_gmt":"2024-07-04T01:20:04","guid":{"rendered":"https:\/\/augstudy.com\/?page_id=390467"},"modified":"2024-09-19T15:18:58","modified_gmt":"2024-09-19T05:18:58","slug":"ade-campus-tour","status":"publish","type":"page","link":"https:\/\/augstudy.com\/vi\/australia\/events\/ade-campus-tour\/","title":{"rendered":"[AUG Adelaide] Fun Series Zone"},"content":{"rendered":"<div data-vc-full-width=\"true\" data-vc-full-width-init=\"false\" class=\"vc_row wpb_row vc_row-fluid vc_custom_1726638472389 vc_row-has-fill vc_row-o-content-middle vc_row-flex\"><div class=\"wpb_column vc_column_container vc_col-sm-2 vc_hidden-sm vc_hidden-xs\"><div class=\"vc_column-inner\"><div class=\"wpb_wrapper\"><\/div><\/div><\/div><div class=\"wpb_column vc_column_container vc_col-sm-8\"><div class=\"vc_column-inner vc_custom_1671748405855\"><div class=\"wpb_wrapper\">\n\t<div class=\"wpb_text_column wpb_content_element  aug_content_box\">\n\t\t<div class=\"wpb_wrapper\">\n\t\t\t<h3><strong>Lo\u1ea1t khu vui ch\u01a1i<\/strong><\/h3>\n<p><span class=\"\" style=\"display:block;clear:both;height: 0px;padding-top: 15px;border-top-width:0px;border-bottom-width:0px;\"><\/span>B\u1ea1n \u0111ang trong k\u1ef3 ngh\u1ec9 h\u1ecdc? \u0110\u1eebng ch\u1ec9 \u1edf nh\u00e0, h\u00e3y tham gia c\u00f9ng ch\u00fang t\u00f4i trong Fun Zone Series v\u00e0 t\u1eadn h\u01b0\u1edfng m\u1ed9t ng\u00e0y v\u1edbi nh\u1eefng ho\u1ea1t \u0111\u1ed9ng tuy\u1ec7t v\u1eddi.<br \/>\n<span class=\"\" style=\"display:block;clear:both;height: 0px;padding-top: 15px;border-top-width:0px;border-bottom-width:0px;\"><\/span>H\u00e3y r\u1ee7 b\u1ea1n b\u00e8 c\u00f9ng \u0111i ch\u01a1i c\u1ea3 ng\u00e0y v\u1edbi \u0111\u1ea7y n\u1eafng, ti\u1ebfng c\u01b0\u1eddi v\u00e0 nhi\u1ec1u ho\u1ea1t \u0111\u1ed9ng th\u00fa v\u1ecb.<br \/>\n<span class=\"\" style=\"display:block;clear:both;height: 0px;padding-top: 15px;border-top-width:0px;border-bottom-width:0px;\"><\/span>\u0110\u1eb7c bi\u1ec7t, tr\u00e0 s\u1eefa Machi Machi mi\u1ec5n ph\u00ed cho t\u1ea5t c\u1ea3 kh\u00e1ch tham d\u1ef1!<br \/>\n<span class=\"\" style=\"display:block;clear:both;height: 0px;padding-top: 15px;border-top-width:0px;border-bottom-width:0px;\"><\/span><span style=\"text-decoration: underline;\"><a href=\"#registration\">\u0110\u0103ng k\u00fd ngay b\u00e2y gi\u1edd!<\/a><\/span><\/p>\n<h3><span class=\"\" style=\"display:block;clear:both;height: 0px;padding-top: 15px;border-top-width:0px;border-bottom-width:0px;\"><\/span><strong>chi ti\u1ebft s\u1ef1 ki\u1ec7n<\/strong><\/h3>\n<h4><span class=\"\" style=\"display:block;clear:both;height: 0px;padding-top: 15px;border-top-width:0px;border-bottom-width:0px;\"><\/span>Ng\u00e0y 1 \u2013 \u0110\u1ea1i h\u1ecdc Flinders \u2013 C\u00f4ng vi\u00ean Bedford<\/h4>\n<ul>\n<li>Pinic t\u1ea1i m\u1ed9t trong nh\u1eefng khu\u00f4n vi\u00ean tr\u01b0\u1eddng \u0111\u1ea1i h\u1ecdc \u0111\u1eb9p nh\u1ea5t \u1edf Adelaide;<\/li>\n<li>Tham quan B\u1ea3o t\u00e0ng Gi\u1ea3i ph\u1eabu;<\/li>\n<li>C\u00f3 ph\u1ee5c v\u1ee5 b\u1eefa tr\u01b0a.<\/li>\n<\/ul>\n<p><span class=\"\" style=\"display:block;clear:both;height: 0px;padding-top: 15px;border-top-width:0px;border-bottom-width:0px;\"><\/span><strong>Ng\u00e0y:<\/strong> Ng\u00e0y 2 th\u00e1ng 10 n\u0103m 2024 (Th\u1ee9 t\u01b0)<br \/>\n<span class=\"\" style=\"display:block;clear:both;height: 0px;padding-top: 15px;border-top-width:0px;border-bottom-width:0px;\"><\/span><strong>Th\u1eddi gian:<\/strong> 11:00 AM \u2013 3:00 PM (gi\u1edd Adelaide)<br \/>\n<span class=\"\" style=\"display:block;clear:both;height: 0px;padding-top: 15px;border-top-width:0px;border-bottom-width:0px;\"><\/span><strong>\u0110i\u1ec3m g\u1eb7p:<\/strong> <span style=\"text-decoration: underline;\"><a href=\"https:\/\/maps.app.goo.gl\/bU76cx3rCmUif6LXA\" target=\"_blank\" rel=\"noopener\">\u0110\u1ea1i h\u1ecdc Flinders (C\u01a1 s\u1edf th\u00e0nh ph\u1ed1) (Th\u00e1p Festival, \u0110\u01b0\u1eddng Station, Adelaide SA 5000, \u00dac)<\/a><\/span><\/p>\n<h4><span class=\"\" style=\"display:block;clear:both;height: 0px;padding-top: 15px;border-top-width:0px;border-bottom-width:0px;\"><\/span>Ng\u00e0y 2 \u2013 C\u01a1 s\u1edf ICHM<\/h4>\n<ul>\n<li>L\u1edbp pha ch\u1ebf mocktail mi\u1ec5n ph\u00ed;<\/li>\n<li>Tham quan Kh\u00e1ch s\u1ea1n Sofitel;<\/li>\n<li>C\u00f3 ph\u1ee5c v\u1ee5 b\u1eefa tr\u01b0a.<\/li>\n<\/ul>\n<p><span class=\"\" style=\"display:block;clear:both;height: 0px;padding-top: 15px;border-top-width:0px;border-bottom-width:0px;\"><\/span><strong>Ng\u00e0y:<\/strong> Ng\u00e0y 3 th\u00e1ng 10 n\u0103m 2024 (Th\u1ee9 n\u0103m)<br \/>\n<span class=\"\" style=\"display:block;clear:both;height: 0px;padding-top: 15px;border-top-width:0px;border-bottom-width:0px;\"><\/span><strong>Th\u1eddi gian:<\/strong> 11:00 AM \u2013 3:00 PM (gi\u1edd Adelaide)<br \/>\n<span class=\"\" style=\"display:block;clear:both;height: 0px;padding-top: 15px;border-top-width:0px;border-bottom-width:0px;\"><\/span><strong>\u0110i\u1ec3m g\u1eb7p:<\/strong> <span style=\"text-decoration: underline;\"><a href=\"https:\/\/maps.app.goo.gl\/i1Cd8MXJH4Q6kfX69\" target=\"_blank\" rel=\"noopener\">C\u01a1 s\u1edf ICHM (131-139 Currie Street, Adelaide SA 5000, \u00dac)<\/a><\/span><br \/>\n<span class=\"\" style=\"display:block;clear:both;height: 0px;padding-top: 15px;border-top-width:0px;border-bottom-width:0px;\"><\/span><\/p>\n<h6 style=\"color: #ff0000;\"><strong><em>* ch\u1ec9 ra tr\u01b0\u1eddng b\u1eaft bu\u1ed9c<\/em><\/strong><\/h6>\n<h6><strong><em>** \u0111i\u1ec1u kho\u1ea3n v\u00e0 \u0111i\u1ec1u ki\u1ec7n \u00e1p d\u1ee5ng<\/em><\/strong><\/h6>\n<h6><strong><em>** ch\u1ec9 d\u00e0nh cho sinh vi\u00ean qu\u1ed1c t\u1ebf<\/em><\/strong><\/h6>\n\n\t\t<\/div>\n\t<\/div>\n<\/div><\/div><\/div><div class=\"wpb_column vc_column_container vc_col-sm-2 vc_hidden-sm vc_hidden-xs\"><div class=\"vc_column-inner\"><div class=\"wpb_wrapper\"><\/div><\/div><\/div><\/div><div class=\"vc_row-full-width vc_clearfix\"><\/div><div id=\"registration\" class=\"vc_row wpb_row vc_row-fluid\"><div class=\"wpb_column vc_column_container vc_col-sm-12\"><div class=\"vc_column-inner vc_custom_1660175491551\"><div class=\"wpb_wrapper\">\n\t<div class=\"wpb_text_column wpb_content_element\">\n\t\t<div class=\"wpb_wrapper\">\n\t\t\t<iframe class=\"aug_rego_iframe\" src=\"https:\/\/www.research.net\/r\/Q22F5FN\" style=\"--height_desktop: 1900px; --height_mobile: 2000px;\"><\/iframe>\n\n\t\t<\/div>\n\t<\/div>\n<\/div><\/div><\/div><\/div>","protected":false},"excerpt":{"rendered":"Fun Zone Series Are you in school holiday? Don't just stay at home, join us in the Fun Zone Series and enjoy your day with amazing activities. Bring your friends to go for a day filled with sunshine, laughter, and many interesting activities. Specially, free Machi Machi milk tea for all attendees! Register now! Event [...]","protected":false},"author":4,"featured_media":393120,"parent":2351,"menu_order":0,"comment_status":"closed","ping_status":"closed","template":"","meta":{"footnotes":""},"class_list":["post-390467","page","type-page","status-publish","hentry"],"yoast_head":"<!-- This site is optimized with the Yoast SEO Premium plugin v27.0 (Yoast SEO v27.3) - https:\/\/yoast.com\/product\/yoast-seo-premium-wordpress\/ -->\n<title>[AUG Adelaide] Fun Series Zone - AUG Student Services<\/title>\n<meta name=\"description\" content=\"Join us to enjoy a fun day, hanging out and learning new skills!\" \/>\n<meta name=\"robots\" content=\"index, follow, max-snippet:-1, max-image-preview:large, max-video-preview:-1\" \/>\n<link rel=\"canonical\" href=\"https:\/\/augstudy.com\/vi\/chau-uc\/su-kien-2\/ade-campus-tour\/\" \/>\n<meta property=\"og:locale\" content=\"vi_VN\" \/>\n<meta property=\"og:type\" content=\"article\" \/>\n<meta property=\"og:title\" content=\"[AUG Adelaide] Fun Series Zone\" \/>\n<meta property=\"og:description\" content=\"Join us to enjoy a fun day, hanging out and learning new skills!\" \/>\n<meta property=\"og:url\" content=\"https:\/\/augstudy.com\/vi\/chau-uc\/su-kien-2\/ade-campus-tour\/\" \/>\n<meta property=\"og:site_name\" content=\"AUG Student Services\" \/>\n<meta property=\"article:publisher\" content=\"https:\/\/www.facebook.com\/augmalaysia\/\" \/>\n<meta property=\"article:modified_time\" content=\"2024-09-19T05:18:58+00:00\" \/>\n<meta property=\"og:image\" content=\"https:\/\/augstudy.com\/aug-website-files\/wp-content\/uploads\/2024\/09\/aug_adeevents_oct_campus_tour_241002_241003_1080x540.jpg\" \/>\n\t<meta property=\"og:image:width\" content=\"1080\" \/>\n\t<meta property=\"og:image:height\" content=\"540\" \/>\n\t<meta property=\"og:image:type\" content=\"image\/jpeg\" \/>\n<meta name=\"twitter:card\" content=\"summary_large_image\" \/>\n<meta name=\"twitter:label1\" content=\"\u01af\u1edbc t\u00ednh th\u1eddi gian \u0111\u1ecdc\" \/>\n\t<meta name=\"twitter:data1\" content=\"2 ph\u00fat\" \/>\n<script type=\"application\/ld+json\" class=\"yoast-schema-graph\">{\"@context\":\"https:\\\/\\\/schema.org\",\"@graph\":[{\"@type\":\"WebPage\",\"@id\":\"https:\\\/\\\/augstudy.com\\\/australia\\\/events\\\/ade-campus-tour\\\/\",\"url\":\"https:\\\/\\\/augstudy.com\\\/australia\\\/events\\\/ade-campus-tour\\\/\",\"name\":\"[AUG Adelaide] Fun Series Zone - AUG Student Services\",\"isPartOf\":{\"@id\":\"https:\\\/\\\/augstudy.com\\\/#website\"},\"primaryImageOfPage\":{\"@id\":\"https:\\\/\\\/augstudy.com\\\/australia\\\/events\\\/ade-campus-tour\\\/#primaryimage\"},\"image\":{\"@id\":\"https:\\\/\\\/augstudy.com\\\/australia\\\/events\\\/ade-campus-tour\\\/#primaryimage\"},\"thumbnailUrl\":\"https:\\\/\\\/augstudy.com\\\/aug-website-files\\\/wp-content\\\/uploads\\\/2024\\\/09\\\/aug_adeevents_oct_campus_tour_241002_241003_1080x540.jpg\",\"datePublished\":\"2024-07-04T01:20:04+00:00\",\"dateModified\":\"2024-09-19T05:18:58+00:00\",\"description\":\"Join us to enjoy a fun day, hanging out and learning new skills!\",\"breadcrumb\":{\"@id\":\"https:\\\/\\\/augstudy.com\\\/australia\\\/events\\\/ade-campus-tour\\\/#breadcrumb\"},\"inLanguage\":\"vi\",\"potentialAction\":[{\"@type\":\"ReadAction\",\"target\":[\"https:\\\/\\\/augstudy.com\\\/australia\\\/events\\\/ade-campus-tour\\\/\"]}]},{\"@type\":\"ImageObject\",\"inLanguage\":\"vi\",\"@id\":\"https:\\\/\\\/augstudy.com\\\/australia\\\/events\\\/ade-campus-tour\\\/#primaryimage\",\"url\":\"https:\\\/\\\/augstudy.com\\\/aug-website-files\\\/wp-content\\\/uploads\\\/2024\\\/09\\\/aug_adeevents_oct_campus_tour_241002_241003_1080x540.jpg\",\"contentUrl\":\"https:\\\/\\\/augstudy.com\\\/aug-website-files\\\/wp-content\\\/uploads\\\/2024\\\/09\\\/aug_adeevents_oct_campus_tour_241002_241003_1080x540.jpg\",\"width\":1080,\"height\":540},{\"@type\":\"BreadcrumbList\",\"@id\":\"https:\\\/\\\/augstudy.com\\\/australia\\\/events\\\/ade-campus-tour\\\/#breadcrumb\",\"itemListElement\":[{\"@type\":\"ListItem\",\"position\":1,\"name\":\"Home\",\"item\":\"https:\\\/\\\/augstudy.com\\\/\"},{\"@type\":\"ListItem\",\"position\":2,\"name\":\"AUG Australia\",\"item\":\"https:\\\/\\\/augstudy.com\\\/australia\\\/\"},{\"@type\":\"ListItem\",\"position\":3,\"name\":\"AUG Australia Events\",\"item\":\"https:\\\/\\\/augstudy.com\\\/australia\\\/events\\\/\"},{\"@type\":\"ListItem\",\"position\":4,\"name\":\"[AUG Adelaide] Fun Series Zone\"}]},{\"@type\":\"WebSite\",\"@id\":\"https:\\\/\\\/augstudy.com\\\/#website\",\"url\":\"https:\\\/\\\/augstudy.com\\\/\",\"name\":\"AUG Student Services\",\"description\":\"Student Services\",\"alternateName\":\"AUG Global\",\"potentialAction\":[{\"@type\":\"SearchAction\",\"target\":{\"@type\":\"EntryPoint\",\"urlTemplate\":\"https:\\\/\\\/augstudy.com\\\/?s={search_term_string}\"},\"query-input\":{\"@type\":\"PropertyValueSpecification\",\"valueRequired\":true,\"valueName\":\"search_term_string\"}}],\"inLanguage\":\"vi\"}]}<\/script>\n<!-- \/ Yoast SEO Premium plugin. -->","yoast_head_json":{"title":"[AUG Adelaide] Fun Series Zone - AUG Student Services","description":"Join us to enjoy a fun day, hanging out and learning new skills!","robots":{"index":"index","follow":"follow","max-snippet":"max-snippet:-1","max-image-preview":"max-image-preview:large","max-video-preview":"max-video-preview:-1"},"canonical":"https:\/\/augstudy.com\/vi\/chau-uc\/su-kien-2\/ade-campus-tour\/","og_locale":"vi_VN","og_type":"article","og_title":"[AUG Adelaide] Fun Series Zone","og_description":"Join us to enjoy a fun day, hanging out and learning new skills!","og_url":"https:\/\/augstudy.com\/vi\/chau-uc\/su-kien-2\/ade-campus-tour\/","og_site_name":"AUG Student Services","article_publisher":"https:\/\/www.facebook.com\/augmalaysia\/","article_modified_time":"2024-09-19T05:18:58+00:00","og_image":[{"width":1080,"height":540,"url":"https:\/\/augstudy.com\/aug-website-files\/wp-content\/uploads\/2024\/09\/aug_adeevents_oct_campus_tour_241002_241003_1080x540.jpg","type":"image\/jpeg"}],"twitter_card":"summary_large_image","twitter_misc":{"\u01af\u1edbc t\u00ednh th\u1eddi gian \u0111\u1ecdc":"2 ph\u00fat"},"schema":{"@context":"https:\/\/schema.org","@graph":[{"@type":"WebPage","@id":"https:\/\/augstudy.com\/australia\/events\/ade-campus-tour\/","url":"https:\/\/augstudy.com\/australia\/events\/ade-campus-tour\/","name":"[AUG Adelaide] Fun Series Zone - AUG Student Services","isPartOf":{"@id":"https:\/\/augstudy.com\/#website"},"primaryImageOfPage":{"@id":"https:\/\/augstudy.com\/australia\/events\/ade-campus-tour\/#primaryimage"},"image":{"@id":"https:\/\/augstudy.com\/australia\/events\/ade-campus-tour\/#primaryimage"},"thumbnailUrl":"https:\/\/augstudy.com\/aug-website-files\/wp-content\/uploads\/2024\/09\/aug_adeevents_oct_campus_tour_241002_241003_1080x540.jpg","datePublished":"2024-07-04T01:20:04+00:00","dateModified":"2024-09-19T05:18:58+00:00","description":"Join us to enjoy a fun day, hanging out and learning new skills!","breadcrumb":{"@id":"https:\/\/augstudy.com\/australia\/events\/ade-campus-tour\/#breadcrumb"},"inLanguage":"vi","potentialAction":[{"@type":"ReadAction","target":["https:\/\/augstudy.com\/australia\/events\/ade-campus-tour\/"]}]},{"@type":"ImageObject","inLanguage":"vi","@id":"https:\/\/augstudy.com\/australia\/events\/ade-campus-tour\/#primaryimage","url":"https:\/\/augstudy.com\/aug-website-files\/wp-content\/uploads\/2024\/09\/aug_adeevents_oct_campus_tour_241002_241003_1080x540.jpg","contentUrl":"https:\/\/augstudy.com\/aug-website-files\/wp-content\/uploads\/2024\/09\/aug_adeevents_oct_campus_tour_241002_241003_1080x540.jpg","width":1080,"height":540},{"@type":"BreadcrumbList","@id":"https:\/\/augstudy.com\/australia\/events\/ade-campus-tour\/#breadcrumb","itemListElement":[{"@type":"ListItem","position":1,"name":"Home","item":"https:\/\/augstudy.com\/"},{"@type":"ListItem","position":2,"name":"AUG Australia","item":"https:\/\/augstudy.com\/australia\/"},{"@type":"ListItem","position":3,"name":"AUG Australia Events","item":"https:\/\/augstudy.com\/australia\/events\/"},{"@type":"ListItem","position":4,"name":"[AUG Adelaide] Fun Series Zone"}]},{"@type":"WebSite","@id":"https:\/\/augstudy.com\/#website","url":"https:\/\/augstudy.com\/","name":"D\u1ecbch v\u1ee5 Sinh vi\u00ean AUG","description":"D\u1ecbch v\u1ee5 sinh vi\u00ean","alternateName":"AUG Global","potentialAction":[{"@type":"SearchAction","target":{"@type":"EntryPoint","urlTemplate":"https:\/\/augstudy.com\/?s={search_term_string}"},"query-input":{"@type":"PropertyValueSpecification","valueRequired":true,"valueName":"search_term_string"}}],"inLanguage":"vi"}]}},"_links":{"self":[{"href":"https:\/\/augstudy.com\/vi\/wp-json\/wp\/v2\/pages\/390467","targetHints":{"allow":["GET"]}}],"collection":[{"href":"https:\/\/augstudy.com\/vi\/wp-json\/wp\/v2\/pages"}],"about":[{"href":"https:\/\/augstudy.com\/vi\/wp-json\/wp\/v2\/types\/page"}],"author":[{"embeddable":true,"href":"https:\/\/augstudy.com\/vi\/wp-json\/wp\/v2\/users\/4"}],"replies":[{"embeddable":true,"href":"https:\/\/augstudy.com\/vi\/wp-json\/wp\/v2\/comments?post=390467"}],"version-history":[{"count":0,"href":"https:\/\/augstudy.com\/vi\/wp-json\/wp\/v2\/pages\/390467\/revisions"}],"up":[{"embeddable":true,"href":"https:\/\/augstudy.com\/vi\/wp-json\/wp\/v2\/pages\/2351"}],"wp:featuredmedia":[{"embeddable":true,"href":"https:\/\/augstudy.com\/vi\/wp-json\/wp\/v2\/media\/393120"}],"wp:attachment":[{"href":"https:\/\/augstudy.com\/vi\/wp-json\/wp\/v2\/media?parent=390467"}],"curies":[{"name":"wp","href":"https:\/\/api.w.org\/{rel}","templated":true}]}}