{"id":390318,"date":"2024-06-26T16:39:17","date_gmt":"2024-06-26T06:39:17","guid":{"rendered":"https:\/\/augstudy.com\/?page_id=390318"},"modified":"2024-08-01T17:47:46","modified_gmt":"2024-08-01T07:47:46","slug":"tang-moi-goi-sinh-ton","status":"publish","type":"page","link":"https:\/\/augstudy.com\/vi\/australia\/events\/per-survival-pack-giveaway\/","title":{"rendered":"[AUG Perth] Winter Survival Pack Giveaway"},"content":{"rendered":"<div data-vc-full-width=\"true\" data-vc-full-width-init=\"false\" class=\"vc_row wpb_row vc_row-fluid vc_custom_1720504530912 vc_row-has-fill vc_row-o-content-middle vc_row-flex\"><div class=\"wpb_column vc_column_container vc_col-sm-12\"><div class=\"vc_column-inner vc_custom_1661838891579\"><div class=\"wpb_wrapper\">\n\t<div class=\"wpb_single_image wpb_content_element vc_align_center  vc_custom_1720504544779\">\n\t\t\n\t\t<figure class=\"wpb_wrapper vc_figure\">\n\t\t\t<div class=\"vc_single_image-wrapper   vc_box_border_grey\"><img loading=\"lazy\" decoding=\"async\" width=\"2084\" height=\"771\" src=\"https:\/\/augstudy.com\/aug-website-files\/wp-content\/uploads\/2024\/07\/aug_perevents_winter_survival_pack_giveaway_240801_240802_2084x771.jpg\" class=\"vc_single_image-img attachment-full\" alt=\"\" srcset=\"https:\/\/augstudy.com\/aug-website-files\/wp-content\/uploads\/2024\/07\/aug_perevents_winter_survival_pack_giveaway_240801_240802_2084x771.jpg 2084w, https:\/\/augstudy.com\/aug-website-files\/wp-content\/uploads\/2024\/07\/aug_perevents_winter_survival_pack_giveaway_240801_240802_2084x771-300x111.jpg 300w, https:\/\/augstudy.com\/aug-website-files\/wp-content\/uploads\/2024\/07\/aug_perevents_winter_survival_pack_giveaway_240801_240802_2084x771-1024x379.jpg 1024w, https:\/\/augstudy.com\/aug-website-files\/wp-content\/uploads\/2024\/07\/aug_perevents_winter_survival_pack_giveaway_240801_240802_2084x771-768x284.jpg 768w, https:\/\/augstudy.com\/aug-website-files\/wp-content\/uploads\/2024\/07\/aug_perevents_winter_survival_pack_giveaway_240801_240802_2084x771-1536x568.jpg 1536w, https:\/\/augstudy.com\/aug-website-files\/wp-content\/uploads\/2024\/07\/aug_perevents_winter_survival_pack_giveaway_240801_240802_2084x771-2048x758.jpg 2048w, https:\/\/augstudy.com\/aug-website-files\/wp-content\/uploads\/2024\/07\/aug_perevents_winter_survival_pack_giveaway_240801_240802_2084x771-18x7.jpg 18w\" sizes=\"auto, (max-width: 2084px) 100vw, 2084px\" \/><\/div>\n\t\t<\/figure>\n\t<\/div>\n<\/div><\/div><\/div><\/div><div class=\"vc_row-full-width vc_clearfix\"><\/div><div data-vc-full-width=\"true\" data-vc-full-width-init=\"false\" class=\"vc_row wpb_row vc_row-fluid vc_custom_1682916971038 vc_row-has-fill vc_row-o-content-middle vc_row-flex\"><div class=\"wpb_column vc_column_container vc_col-sm-2 vc_hidden-sm vc_hidden-xs\"><div class=\"vc_column-inner\"><div class=\"wpb_wrapper\"><\/div><\/div><\/div><div class=\"wpb_column vc_column_container vc_col-sm-8\"><div class=\"vc_column-inner vc_custom_1671748405855\"><div class=\"wpb_wrapper\">\n\t<div class=\"wpb_text_column wpb_content_element  aug_content_box\">\n\t\t<div class=\"wpb_wrapper\">\n\t\t\t<h3><strong>T\u1eb7ng g\u00f3i sinh t\u1ed3n m\u00f9a \u0111\u00f4ng<\/strong><\/h3>\n<p><span class=\"\" style=\"display:block;clear:both;height: 0px;padding-top: 15px;border-top-width:0px;border-bottom-width:0px;\"><\/span>M\u1edf c\u1eeda cho t\u1ea5t c\u1ea3 sinh vi\u00ean qu\u1ed1c t\u1ebf, h\u00e3y \u0111\u1ebfn v\u00e0 nh\u1eadn g\u00f3i \u0111\u1ed3 sinh t\u1ed3n m\u00f9a \u0111\u00f4ng c\u1ee7a b\u1ea1n!<\/p>\n\n\t\t<\/div>\n\t<\/div>\n<div class=\"vc_tta-container\" data-vc-action=\"collapse\"><div class=\"vc_general vc_tta vc_tta-tabs vc_tta-color-white vc_tta-style-flat vc_tta-shape-rounded vc_tta-spacing-1 aug_content_box vc_tta-tabs-position-top vc_tta-controls-align-left aug_content_box\"><div class=\"vc_tta-tabs-container\"><ul class=\"vc_tta-tabs-list\"><li class=\"vc_tta-tab\" data-vc-tab><a href=\"#campus-perth\" data-vc-tabs data-vc-container=\".vc_tta\"><i class=\"vc_tta-icon fa fa-map-marker\"><\/i><span class=\"vc_tta-title-text\">C\u01a1 s\u1edf Perth<\/span><\/a><\/li><li class=\"vc_tta-tab vc_active\" data-vc-tab><a href=\"#studyperth\" data-vc-tabs data-vc-container=\".vc_tta\"><i class=\"vc_tta-icon fa fa-map-marker\"><\/i><span class=\"vc_tta-title-text\">H\u1ecdc t\u1eadpPerth<\/span><\/a><\/li><\/ul><\/div><div class=\"vc_tta-panels-container\"><div class=\"vc_tta-panels\"><div class=\"vc_tta-panel\" id=\"campus-perth\" data-vc-content=\".vc_tta-panel-body\"><div class=\"vc_tta-panel-heading\"><h4 class=\"vc_tta-panel-title\"><a href=\"#campus-perth\" data-vc-accordion data-vc-container=\".vc_tta-container\"><i class=\"vc_tta-icon fa fa-map-marker\"><\/i><span class=\"vc_tta-title-text\">C\u01a1 s\u1edf Perth<\/span><\/a><\/h4><\/div><div class=\"vc_tta-panel-body\">\n\t<div class=\"wpb_text_column wpb_content_element  aug_content_box\">\n\t\t<div class=\"wpb_wrapper\">\n\t\t\t<h3><span class=\"\" style=\"display:block;clear:both;height: 0px;padding-top: 15px;border-top-width:0px;border-bottom-width:0px;\"><\/span><strong>C\u01a1 s\u1edf Perth<\/strong><\/h3>\n<p><span class=\"\" style=\"display:block;clear:both;height: 0px;padding-top: 15px;border-top-width:0px;border-bottom-width:0px;\"><\/span><strong>Ng\u00e0y:<\/strong> Ng\u00e0y 1 th\u00e1ng 8 n\u0103m 2024 (Th\u1ee9 N\u0103m)<br \/>\n<span class=\"\" style=\"display:block;clear:both;height: 0px;padding-top: 15px;border-top-width:0px;border-bottom-width:0px;\"><\/span><strong>Th\u1eddi gian:<\/strong> 1:00 chi\u1ec1u \u2013 3:00 chi\u1ec1u (gi\u1edd Perth)<br \/>\n<span class=\"\" style=\"display:block;clear:both;height: 0px;padding-top: 15px;border-top-width:0px;border-bottom-width:0px;\"><\/span><strong>\u0110\u1ecba \u0111i\u1ec3m:<\/strong> <span style=\"text-decoration: underline;\"><a href=\"https:\/\/maps.app.goo.gl\/c6K9sYAB31ZN9FXB7\" target=\"_blank\" rel=\"noopener\">C\u01a1 s\u1edf Perth (80 Stirling Street, Perth WA 6000, \u00dac)<\/a><\/span><\/p>\n\n\t\t<\/div>\n\t<\/div>\n<\/div><\/div><div class=\"vc_tta-panel vc_active\" id=\"studyperth\" data-vc-content=\".vc_tta-panel-body\"><div class=\"vc_tta-panel-heading\"><h4 class=\"vc_tta-panel-title\"><a href=\"#studyperth\" data-vc-accordion data-vc-container=\".vc_tta-container\"><i class=\"vc_tta-icon fa fa-map-marker\"><\/i><span class=\"vc_tta-title-text\">H\u1ecdc t\u1eadpPerth<\/span><\/a><\/h4><\/div><div class=\"vc_tta-panel-body\">\n\t<div class=\"wpb_text_column wpb_content_element  aug_content_box\">\n\t\t<div class=\"wpb_wrapper\">\n\t\t\t<h3><span class=\"\" style=\"display:block;clear:both;height: 0px;padding-top: 15px;border-top-width:0px;border-bottom-width:0px;\"><\/span><strong>H\u1ecdc t\u1eadpPerth<\/strong><\/h3>\n<p><span class=\"\" style=\"display:block;clear:both;height: 0px;padding-top: 15px;border-top-width:0px;border-bottom-width:0px;\"><\/span><strong>Ng\u00e0y:<\/strong> Ng\u00e0y 2 th\u00e1ng 8 n\u0103m 2024 (Th\u1ee9 S\u00e1u)<br \/>\n<span class=\"\" style=\"display:block;clear:both;height: 0px;padding-top: 15px;border-top-width:0px;border-bottom-width:0px;\"><\/span><strong>Th\u1eddi gian:<\/strong> 1:00 chi\u1ec1u \u2013 3:00 chi\u1ec1u (gi\u1edd Perth)<br \/>\n<span class=\"\" style=\"display:block;clear:both;height: 0px;padding-top: 15px;border-top-width:0px;border-bottom-width:0px;\"><\/span><strong>\u0110\u1ecba \u0111i\u1ec3m:<\/strong> <span style=\"text-decoration: underline;\"><a href=\"https:\/\/maps.app.goo.gl\/4FmkTTgNz1sLtkAb9\" target=\"_blank\" rel=\"noopener\">StudyPerth (555 Wellington Street, Perth WA 6000, \u00dac)<\/a><\/span><\/p>\n\n\t\t<\/div>\n\t<\/div>\n<\/div><\/div><\/div><\/div><\/div><\/div>\n\t<div class=\"wpb_text_column wpb_content_element  aug_content_box\">\n\t\t<div class=\"wpb_wrapper\">\n\t\t\t<span class=\"\" style=\"display:block;clear:both;height: 0px;padding-top: 15px;border-top-width:0px;border-bottom-width:0px;\"><\/span>\n<h6 style=\"color: #ff0000;\"><strong><em>* ch\u1ec9 ra tr\u01b0\u1eddng b\u1eaft bu\u1ed9c<\/em><\/strong><\/h6>\n\n\t\t<\/div>\n\t<\/div>\n<\/div><\/div><\/div><div class=\"wpb_column vc_column_container vc_col-sm-2 vc_hidden-sm vc_hidden-xs\"><div class=\"vc_column-inner\"><div class=\"wpb_wrapper\"><\/div><\/div><\/div><\/div><div class=\"vc_row-full-width vc_clearfix\"><\/div><div id=\"registration\" class=\"vc_row wpb_row vc_row-fluid\"><div class=\"wpb_column vc_column_container vc_col-sm-12\"><div class=\"vc_column-inner vc_custom_1660175491551\"><div class=\"wpb_wrapper\">\n\t<div class=\"wpb_raw_code wpb_content_element wpb_raw_html\">\n\t\t<div class=\"wpb_wrapper\">\n\t\t\t<iframe src=\"https:\/\/www.research.net\/r\/6NNS7HX?pick_up_location=StudyPerth%20-%202%20August%202024%20%28Friday%29\" style=\"--height_desktop: 1400px; --height_mobile: 1500px;\"><\/iframe>\n\t\t<\/div>\n\t<\/div>\n<\/div><\/div><\/div><\/div>","protected":false},"excerpt":{"rendered":"Winter Survival Pack Giveaway Open to all international students, come and get your winter survival pack! Campus PerthStudyPerthCampus Perth Campus Perth Date: 1 August 2024 (Thursday) Time: 1:00 PM - 3:00 PM (Perth time) Venue: Campus Perth (80 Stirling Street, Perth WA 6000, Australia) StudyPerth StudyPerth Date: 2 August 2024 (Friday) Time: 1:00 PM - [...]","protected":false},"author":4,"featured_media":390578,"parent":2351,"menu_order":0,"comment_status":"closed","ping_status":"closed","template":"","meta":{"footnotes":""},"class_list":["post-390318","page","type-page","status-publish","hentry"],"yoast_head":"<!-- This site is optimized with the Yoast SEO Premium plugin v27.0 (Yoast SEO v27.3) - https:\/\/yoast.com\/product\/yoast-seo-premium-wordpress\/ -->\n<title>[AUG Perth] Winter Survival Pack Giveaway - AUG Student Services<\/title>\n<meta name=\"description\" content=\"Join our warm winter program! Let&#039;s warm you up all winter!\" \/>\n<meta name=\"robots\" content=\"index, follow, max-snippet:-1, max-image-preview:large, max-video-preview:-1\" \/>\n<link rel=\"canonical\" href=\"https:\/\/augstudy.com\/vi\/chau-uc\/su-kien-2\/tang-moi-goi-sinh-ton\/\" \/>\n<meta property=\"og:locale\" content=\"vi_VN\" \/>\n<meta property=\"og:type\" content=\"article\" \/>\n<meta property=\"og:title\" content=\"[AUG Perth] Winter Survival Pack Giveaway\" \/>\n<meta property=\"og:description\" content=\"Join our warm winter program! Let&#039;s warm you up all winter!\" \/>\n<meta property=\"og:url\" content=\"https:\/\/augstudy.com\/vi\/chau-uc\/su-kien-2\/tang-moi-goi-sinh-ton\/\" \/>\n<meta property=\"og:site_name\" content=\"AUG Student Services\" \/>\n<meta property=\"article:publisher\" content=\"https:\/\/www.facebook.com\/augmalaysia\/\" \/>\n<meta property=\"article:modified_time\" content=\"2024-08-01T07:47:46+00:00\" \/>\n<meta property=\"og:image\" content=\"https:\/\/augstudy.com\/aug-website-files\/wp-content\/uploads\/2024\/07\/eventbrite_aug_perth_winter_survival_pack_giveaway_240801_240802_1080x540.jpg\" \/>\n\t<meta property=\"og:image:width\" content=\"1080\" \/>\n\t<meta property=\"og:image:height\" content=\"540\" \/>\n\t<meta property=\"og:image:type\" content=\"image\/jpeg\" \/>\n<meta name=\"twitter:card\" content=\"summary_large_image\" \/>\n<meta name=\"twitter:label1\" content=\"\u01af\u1edbc t\u00ednh th\u1eddi gian \u0111\u1ecdc\" \/>\n\t<meta name=\"twitter:data1\" content=\"2 ph\u00fat\" \/>\n<script type=\"application\/ld+json\" class=\"yoast-schema-graph\">{\"@context\":\"https:\\\/\\\/schema.org\",\"@graph\":[{\"@type\":\"WebPage\",\"@id\":\"https:\\\/\\\/augstudy.com\\\/australia\\\/events\\\/per-survival-pack-giveaway\\\/\",\"url\":\"https:\\\/\\\/augstudy.com\\\/australia\\\/events\\\/per-survival-pack-giveaway\\\/\",\"name\":\"[AUG Perth] Winter Survival Pack Giveaway - AUG Student Services\",\"isPartOf\":{\"@id\":\"https:\\\/\\\/augstudy.com\\\/#website\"},\"primaryImageOfPage\":{\"@id\":\"https:\\\/\\\/augstudy.com\\\/australia\\\/events\\\/per-survival-pack-giveaway\\\/#primaryimage\"},\"image\":{\"@id\":\"https:\\\/\\\/augstudy.com\\\/australia\\\/events\\\/per-survival-pack-giveaway\\\/#primaryimage\"},\"thumbnailUrl\":\"https:\\\/\\\/augstudy.com\\\/aug-website-files\\\/wp-content\\\/uploads\\\/2024\\\/07\\\/eventbrite_aug_perth_winter_survival_pack_giveaway_240801_240802_1080x540.jpg\",\"datePublished\":\"2024-06-26T06:39:17+00:00\",\"dateModified\":\"2024-08-01T07:47:46+00:00\",\"description\":\"Join our warm winter program! Let's warm you up all winter!\",\"breadcrumb\":{\"@id\":\"https:\\\/\\\/augstudy.com\\\/australia\\\/events\\\/per-survival-pack-giveaway\\\/#breadcrumb\"},\"inLanguage\":\"vi\",\"potentialAction\":[{\"@type\":\"ReadAction\",\"target\":[\"https:\\\/\\\/augstudy.com\\\/australia\\\/events\\\/per-survival-pack-giveaway\\\/\"]}]},{\"@type\":\"ImageObject\",\"inLanguage\":\"vi\",\"@id\":\"https:\\\/\\\/augstudy.com\\\/australia\\\/events\\\/per-survival-pack-giveaway\\\/#primaryimage\",\"url\":\"https:\\\/\\\/augstudy.com\\\/aug-website-files\\\/wp-content\\\/uploads\\\/2024\\\/07\\\/eventbrite_aug_perth_winter_survival_pack_giveaway_240801_240802_1080x540.jpg\",\"contentUrl\":\"https:\\\/\\\/augstudy.com\\\/aug-website-files\\\/wp-content\\\/uploads\\\/2024\\\/07\\\/eventbrite_aug_perth_winter_survival_pack_giveaway_240801_240802_1080x540.jpg\",\"width\":1080,\"height\":540},{\"@type\":\"BreadcrumbList\",\"@id\":\"https:\\\/\\\/augstudy.com\\\/australia\\\/events\\\/per-survival-pack-giveaway\\\/#breadcrumb\",\"itemListElement\":[{\"@type\":\"ListItem\",\"position\":1,\"name\":\"Home\",\"item\":\"https:\\\/\\\/augstudy.com\\\/\"},{\"@type\":\"ListItem\",\"position\":2,\"name\":\"AUG Australia\",\"item\":\"https:\\\/\\\/augstudy.com\\\/australia\\\/\"},{\"@type\":\"ListItem\",\"position\":3,\"name\":\"AUG Australia Events\",\"item\":\"https:\\\/\\\/augstudy.com\\\/australia\\\/events\\\/\"},{\"@type\":\"ListItem\",\"position\":4,\"name\":\"[AUG Perth] Winter Survival Pack Giveaway\"}]},{\"@type\":\"WebSite\",\"@id\":\"https:\\\/\\\/augstudy.com\\\/#website\",\"url\":\"https:\\\/\\\/augstudy.com\\\/\",\"name\":\"AUG Student Services\",\"description\":\"Student Services\",\"alternateName\":\"AUG Global\",\"potentialAction\":[{\"@type\":\"SearchAction\",\"target\":{\"@type\":\"EntryPoint\",\"urlTemplate\":\"https:\\\/\\\/augstudy.com\\\/?s={search_term_string}\"},\"query-input\":{\"@type\":\"PropertyValueSpecification\",\"valueRequired\":true,\"valueName\":\"search_term_string\"}}],\"inLanguage\":\"vi\"}]}<\/script>\n<!-- \/ Yoast SEO Premium plugin. -->","yoast_head_json":{"title":"[AUG Perth] Winter Survival Pack Giveaway - AUG Student Services","description":"H\u00e3y tham gia ch\u01b0\u01a1ng tr\u00ecnh m\u00f9a \u0111\u00f4ng \u1ea5m \u00e1p c\u1ee7a ch\u00fang t\u00f4i! Ch\u00fang t\u00f4i s\u1ebd s\u01b0\u1edfi \u1ea5m b\u1ea1n su\u1ed1t m\u00f9a \u0111\u00f4ng!","robots":{"index":"index","follow":"follow","max-snippet":"max-snippet:-1","max-image-preview":"max-image-preview:large","max-video-preview":"max-video-preview:-1"},"canonical":"https:\/\/augstudy.com\/vi\/chau-uc\/su-kien-2\/tang-moi-goi-sinh-ton\/","og_locale":"vi_VN","og_type":"article","og_title":"[AUG Perth] Winter Survival Pack Giveaway","og_description":"Join our warm winter program! Let's warm you up all winter!","og_url":"https:\/\/augstudy.com\/vi\/chau-uc\/su-kien-2\/tang-moi-goi-sinh-ton\/","og_site_name":"AUG Student Services","article_publisher":"https:\/\/www.facebook.com\/augmalaysia\/","article_modified_time":"2024-08-01T07:47:46+00:00","og_image":[{"width":1080,"height":540,"url":"https:\/\/augstudy.com\/aug-website-files\/wp-content\/uploads\/2024\/07\/eventbrite_aug_perth_winter_survival_pack_giveaway_240801_240802_1080x540.jpg","type":"image\/jpeg"}],"twitter_card":"summary_large_image","twitter_misc":{"\u01af\u1edbc t\u00ednh th\u1eddi gian \u0111\u1ecdc":"2 ph\u00fat"},"schema":{"@context":"https:\/\/schema.org","@graph":[{"@type":"WebPage","@id":"https:\/\/augstudy.com\/australia\/events\/per-survival-pack-giveaway\/","url":"https:\/\/augstudy.com\/australia\/events\/per-survival-pack-giveaway\/","name":"[AUG Perth] Winter Survival Pack Giveaway - AUG Student Services","isPartOf":{"@id":"https:\/\/augstudy.com\/#website"},"primaryImageOfPage":{"@id":"https:\/\/augstudy.com\/australia\/events\/per-survival-pack-giveaway\/#primaryimage"},"image":{"@id":"https:\/\/augstudy.com\/australia\/events\/per-survival-pack-giveaway\/#primaryimage"},"thumbnailUrl":"https:\/\/augstudy.com\/aug-website-files\/wp-content\/uploads\/2024\/07\/eventbrite_aug_perth_winter_survival_pack_giveaway_240801_240802_1080x540.jpg","datePublished":"2024-06-26T06:39:17+00:00","dateModified":"2024-08-01T07:47:46+00:00","description":"H\u00e3y tham gia ch\u01b0\u01a1ng tr\u00ecnh m\u00f9a \u0111\u00f4ng \u1ea5m \u00e1p c\u1ee7a ch\u00fang t\u00f4i! Ch\u00fang t\u00f4i s\u1ebd s\u01b0\u1edfi \u1ea5m b\u1ea1n su\u1ed1t m\u00f9a \u0111\u00f4ng!","breadcrumb":{"@id":"https:\/\/augstudy.com\/australia\/events\/per-survival-pack-giveaway\/#breadcrumb"},"inLanguage":"vi","potentialAction":[{"@type":"ReadAction","target":["https:\/\/augstudy.com\/australia\/events\/per-survival-pack-giveaway\/"]}]},{"@type":"ImageObject","inLanguage":"vi","@id":"https:\/\/augstudy.com\/australia\/events\/per-survival-pack-giveaway\/#primaryimage","url":"https:\/\/augstudy.com\/aug-website-files\/wp-content\/uploads\/2024\/07\/eventbrite_aug_perth_winter_survival_pack_giveaway_240801_240802_1080x540.jpg","contentUrl":"https:\/\/augstudy.com\/aug-website-files\/wp-content\/uploads\/2024\/07\/eventbrite_aug_perth_winter_survival_pack_giveaway_240801_240802_1080x540.jpg","width":1080,"height":540},{"@type":"BreadcrumbList","@id":"https:\/\/augstudy.com\/australia\/events\/per-survival-pack-giveaway\/#breadcrumb","itemListElement":[{"@type":"ListItem","position":1,"name":"Home","item":"https:\/\/augstudy.com\/"},{"@type":"ListItem","position":2,"name":"AUG Australia","item":"https:\/\/augstudy.com\/australia\/"},{"@type":"ListItem","position":3,"name":"AUG Australia Events","item":"https:\/\/augstudy.com\/australia\/events\/"},{"@type":"ListItem","position":4,"name":"[AUG Perth] Winter Survival Pack Giveaway"}]},{"@type":"WebSite","@id":"https:\/\/augstudy.com\/#website","url":"https:\/\/augstudy.com\/","name":"D\u1ecbch v\u1ee5 Sinh vi\u00ean AUG","description":"D\u1ecbch v\u1ee5 sinh vi\u00ean","alternateName":"AUG Global","potentialAction":[{"@type":"SearchAction","target":{"@type":"EntryPoint","urlTemplate":"https:\/\/augstudy.com\/?s={search_term_string}"},"query-input":{"@type":"PropertyValueSpecification","valueRequired":true,"valueName":"search_term_string"}}],"inLanguage":"vi"}]}},"_links":{"self":[{"href":"https:\/\/augstudy.com\/vi\/wp-json\/wp\/v2\/pages\/390318","targetHints":{"allow":["GET"]}}],"collection":[{"href":"https:\/\/augstudy.com\/vi\/wp-json\/wp\/v2\/pages"}],"about":[{"href":"https:\/\/augstudy.com\/vi\/wp-json\/wp\/v2\/types\/page"}],"author":[{"embeddable":true,"href":"https:\/\/augstudy.com\/vi\/wp-json\/wp\/v2\/users\/4"}],"replies":[{"embeddable":true,"href":"https:\/\/augstudy.com\/vi\/wp-json\/wp\/v2\/comments?post=390318"}],"version-history":[{"count":0,"href":"https:\/\/augstudy.com\/vi\/wp-json\/wp\/v2\/pages\/390318\/revisions"}],"up":[{"embeddable":true,"href":"https:\/\/augstudy.com\/vi\/wp-json\/wp\/v2\/pages\/2351"}],"wp:featuredmedia":[{"embeddable":true,"href":"https:\/\/augstudy.com\/vi\/wp-json\/wp\/v2\/media\/390578"}],"wp:attachment":[{"href":"https:\/\/augstudy.com\/vi\/wp-json\/wp\/v2\/media?parent=390318"}],"curies":[{"name":"wp","href":"https:\/\/api.w.org\/{rel}","templated":true}]}}