{"id":390124,"date":"2024-06-18T15:06:06","date_gmt":"2024-06-18T05:06:06","guid":{"rendered":"https:\/\/augstudy.com\/?page_id=390124"},"modified":"2026-02-18T19:12:06","modified_gmt":"2026-02-18T08:12:06","slug":"perth","status":"publish","type":"page","link":"https:\/\/augstudy.com\/vi\/studyexpo\/perth\/","title":{"rendered":"[AUG Perth] International Student&#8217;s Education, Migration and Career Expo"},"content":{"rendered":"<div data-vc-full-width=\"true\" data-vc-full-width-init=\"false\" class=\"vc_row wpb_row vc_row-fluid aug_studyexpo_banner vc_custom_1768444764079 vc_row-has-fill vc_row-o-content-middle vc_row-flex\"><div class=\"wpb_column vc_column_container vc_col-sm-12\"><div class=\"vc_column-inner\"><div class=\"wpb_wrapper\">\n\t<div class=\"wpb_single_image wpb_content_element vc_align_center\">\n\t\t\n\t\t<figure class=\"wpb_wrapper vc_figure\">\n\t\t\t<div class=\"vc_single_image-wrapper   vc_box_border_grey\"><img loading=\"lazy\" decoding=\"async\" class=\"vc_single_image-img\" src=\"https:\/\/augstudy.com\/aug-website-files\/wp-content\/uploads\/2025\/12\/EXPO-title-02-600x200.png\" width=\"600\" height=\"200\" alt=\"EXPO-title-02\" title=\"EXPO-title-02\" \/><\/div>\n\t\t<\/figure>\n\t<\/div>\n\n\t<div class=\"wpb_text_column wpb_content_element\">\n\t\t<div class=\"wpb_wrapper\">\n\t\t\t<span class=\"\" style=\"display:block;clear:both;height: 0px;padding-top: 10px;border-top-width:0px;border-bottom-width:0px;\"><\/span>\n<h3 style=\"text-align: center; color: #ffffff !important;\"><strong>Sinh vi\u00ean qu\u1ed1c t\u1ebf l\u1edbn nh\u1ea5t<\/strong><\/h3>\n<h3 style=\"text-align: center; color: #ffffff !important;\"><strong>Tri\u1ec3n l\u00e3m Gi\u00e1o d\u1ee5c, Di c\u01b0 v\u00e0 Ngh\u1ec1 nghi\u1ec7p<\/strong><\/h3>\n<span class=\"\" style=\"display:block;clear:both;height: 0px;padding-top: 20px;border-top-width:0px;border-bottom-width:0px;\"><\/span>\n<h4 style=\"text-align: center; color: #ffffff !important;\">&#8220;Your Journey, Our Commitment!&#8221;<\/h4>\n<h4 style=\"text-align: center; color: #ffffff !important;\">V\u00ec v\u1eady, h\u00e3y tham d\u1ef1 H\u1ed9i ch\u1ee3 tri\u1ec3n l\u00e3m c\u1ee7a ch\u00fang t\u00f4i \u0111\u1ec3 kh\u00e1m ph\u00e1 s\u1ef1 h\u1ed7 tr\u1ee3 v\u00e0 l\u1ee3i \u00edch \u0111\u01b0\u1ee3c thi\u1ebft k\u1ebf ri\u00eang cho b\u1ea1n!<\/h4>\n\n\t\t<\/div>\n\t<\/div>\n<div class=\"vc_row wpb_row vc_inner vc_row-fluid\"><\/div><\/div><\/div><\/div><\/div><div class=\"vc_row-full-width vc_clearfix\"><\/div><div data-vc-full-width=\"true\" data-vc-full-width-init=\"false\" class=\"vc_row wpb_row vc_row-fluid vc_custom_1682916971038 vc_row-has-fill vc_row-o-content-middle vc_row-flex\"><div class=\"wpb_column vc_column_container vc_col-sm-12 vc_hidden-sm vc_hidden-xs\"><div class=\"vc_column-inner\"><div class=\"wpb_wrapper\">\n\t<div class=\"wpb_text_column wpb_content_element  aug_content_box\">\n\t\t<div class=\"wpb_wrapper\">\n\t\t\t<p style=\"text-align: center;\"><span class=\"\" style=\"display:block;clear:both;height: 0px;padding-top: 30px;border-top-width:0px;border-bottom-width:0px;\"><\/span>Graduating high school? Upgrading your skills? Changing careers?<\/p>\n<p style=\"text-align: center;\"><span class=\"\" style=\"display:block;clear:both;height: 0px;padding-top: 15px;border-top-width:0px;border-bottom-width:0px;\"><\/span>Find your path at the AUG Study Expo. Here&#8217;s what to expect!!<\/p>\n<p style=\"text-align: center;\"><span class=\"\" style=\"display:block;clear:both;height: 0px;padding-top: 15px;border-top-width:0px;border-bottom-width:0px;\"><\/span>H\u00e3y n\u1eafm l\u1ea5y t\u01b0\u01a1ng lai trong tay v\u00e0 t\u00ecm ra c\u00e1ch nhanh nh\u1ea5t \u0111\u1ec3 \u0111\u1ea1t \u0111\u01b0\u1ee3c m\u1ee5c ti\u00eau c\u1ee7a m\u00ecnh!<\/p>\n\n\t\t<\/div>\n\t<\/div>\n\n\t<div class=\"wpb_single_image wpb_content_element vc_align_center   aug_expo_image\">\n\t\t\n\t\t<figure class=\"wpb_wrapper vc_figure\">\n\t\t\t<div class=\"vc_single_image-wrapper   vc_box_border_grey\"><img loading=\"lazy\" decoding=\"async\" width=\"1760\" height=\"608\" src=\"https:\/\/augstudy.com\/aug-website-files\/wp-content\/uploads\/2026\/01\/edited-1769560841001-1.jpg\" class=\"vc_single_image-img attachment-full\" alt=\"AUG Study Expo 2026 Prestigious Opportunities\" srcset=\"https:\/\/augstudy.com\/aug-website-files\/wp-content\/uploads\/2026\/01\/edited-1769560841001-1.jpg 1760w, https:\/\/augstudy.com\/aug-website-files\/wp-content\/uploads\/2026\/01\/edited-1769560841001-1-300x104.jpg 300w, https:\/\/augstudy.com\/aug-website-files\/wp-content\/uploads\/2026\/01\/edited-1769560841001-1-1024x354.jpg 1024w, https:\/\/augstudy.com\/aug-website-files\/wp-content\/uploads\/2026\/01\/edited-1769560841001-1-768x265.jpg 768w, https:\/\/augstudy.com\/aug-website-files\/wp-content\/uploads\/2026\/01\/edited-1769560841001-1-1536x531.jpg 1536w, https:\/\/augstudy.com\/aug-website-files\/wp-content\/uploads\/2026\/01\/edited-1769560841001-1-18x6.jpg 18w\" sizes=\"auto, (max-width: 1760px) 100vw, 1760px\" \/><\/div>\n\t\t<\/figure>\n\t<\/div>\n\n\t<div class=\"wpb_text_column wpb_content_element\">\n\t\t<div class=\"wpb_wrapper\">\n\t\t\t<span class=\"\" style=\"display:block;clear:both;height: 0px;padding-top: 20px;border-top-width:0px;border-bottom-width:0px;\"><\/span>\n\n\t\t<\/div>\n\t<\/div>\n\n\t<div class=\"wpb_single_image wpb_content_element vc_align_left   aug_expo_image\">\n\t\t\n\t\t<figure class=\"wpb_wrapper vc_figure\">\n\t\t\t<div class=\"vc_single_image-wrapper   vc_box_border_grey\"><img loading=\"lazy\" decoding=\"async\" width=\"1808\" height=\"592\" src=\"https:\/\/augstudy.com\/aug-website-files\/wp-content\/uploads\/2026\/01\/edited-1769561470951.jpg\" class=\"vc_single_image-img attachment-full\" alt=\"AUG Study Expo 2026 Future-Focused Support\" srcset=\"https:\/\/augstudy.com\/aug-website-files\/wp-content\/uploads\/2026\/01\/edited-1769561470951.jpg 1808w, https:\/\/augstudy.com\/aug-website-files\/wp-content\/uploads\/2026\/01\/edited-1769561470951-300x98.jpg 300w, https:\/\/augstudy.com\/aug-website-files\/wp-content\/uploads\/2026\/01\/edited-1769561470951-1024x335.jpg 1024w, https:\/\/augstudy.com\/aug-website-files\/wp-content\/uploads\/2026\/01\/edited-1769561470951-768x251.jpg 768w, https:\/\/augstudy.com\/aug-website-files\/wp-content\/uploads\/2026\/01\/edited-1769561470951-1536x503.jpg 1536w, https:\/\/augstudy.com\/aug-website-files\/wp-content\/uploads\/2026\/01\/edited-1769561470951-18x6.jpg 18w\" sizes=\"auto, (max-width: 1808px) 100vw, 1808px\" \/><\/div>\n\t\t<\/figure>\n\t<\/div>\n\n\t<div class=\"wpb_text_column wpb_content_element\">\n\t\t<div class=\"wpb_wrapper\">\n\t\t\t<span class=\"\" style=\"display:block;clear:both;height: 0px;padding-top: 20px;border-top-width:0px;border-bottom-width:0px;\"><\/span>\n\n\t\t<\/div>\n\t<\/div>\n\n\t<div class=\"wpb_text_column wpb_content_element\">\n\t\t<div class=\"wpb_wrapper\">\n\t\t\t<h2><\/h2>\n<h1><\/h1>\n<h1><\/h1>\n<h1 style=\"text-align: center;\"><strong>chi ti\u1ebft s\u1ef1 ki\u1ec7n<\/strong><\/h1>\n<p>&nbsp;<\/p>\n<table style=\"margin: 0px auto 30px; background: #f5f7fa; border-radius: 10px; padding: 15px 20px; font-size: 14px; width: 679px; box-shadow: rgba(0, 0, 0, 0.08) 0px 2px 8px; height: 171px;\">\n<tbody>\n<tr>\n<td style=\"padding: 6px 10px; font-weight: bold; text-align: center;\">Ng\u00e0y<\/td>\n<td style=\"padding: 6px 10px; text-align: center;\">01 April 2026 (Wednesday)<\/td>\n<\/tr>\n<tr>\n<td style=\"padding: 6px 10px; font-weight: bold; text-align: center;\">Th\u1eddi gian<\/td>\n<td style=\"padding: 6px 10px; text-align: center;\">12:00 \u2013 5:00 PM (Perth Time)<\/td>\n<\/tr>\n<tr>\n<td style=\"padding: 6px 10px; font-weight: bold; text-align: center;\">\u0110\u1ecba \u0111i\u1ec3m<\/td>\n<td style=\"padding: 6px 10px; text-align: center;\"><a href=\"https:\/\/www.google.com\/maps?client=firefox-b-d&amp;hs=4GFp&amp;sca_esv=472b71b1370b75b1&amp;uact=5&amp;gs_lp=Egxnd3Mtd2l6LXNlcnAiP0RvdWJsZSBUcmVlIGJ5IEhpbHRvbiBIb3RlbCAoMTAwIEphbWVzIFN0LCBOb3J0aGJyaWRnZSBXQSA2MDAzKUjSMlDVBljtLnAEeAGQAQCYAZ8BoAGfAaoBAzAuMbgBA8gBAPgBAvgBAZgCBKACGsICChAAGEcY1gQYsAOYAwCIBgGQBgiSBwE0oAdRsgcAuAcAwgcFMC4xLjPIBxSACAE&amp;um=1&amp;ie=UTF-8&amp;fb=1&amp;gl=au&amp;sa=X&amp;geocode=KaOOa3zRujIqMYqPayiLSsGk&amp;daddr=100+James+St,+Northbridge+WA+6003\" target=\"_blank\" rel=\"noopener\">Double Tree by Hilton Hotel (100 James St, Northbridge WA 6003)<\/a><\/td>\n<\/tr>\n<\/tbody>\n<\/table>\n<h1><\/h1>\n<h1><\/h1>\n<h1><\/h1>\n<h1><\/h1>\n<h1 style=\"text-align: center;\"><strong>H\u1ed9i th\u1ea3o<\/strong><\/h1>\n<p>&nbsp;<\/p>\n<table id=\"perth_seminars\" class=\"aug_event_timetable nd_options_display_none_all_iphones\" style=\"width: 696px; margin: 0px auto; font-size: 14px; border-collapse: collapse; height: 177px;\">\n<thead>\n<tr>\n<th style=\"padding: 8px; border-bottom: 2px solid #dddddd; width: 30%; text-align: center;\">Th\u1eddi gian<\/th>\n<th style=\"padding: 8px; border-bottom: 2px solid #dddddd; width: 70%; text-align: center;\">\u0110\u1ec1 t\u00e0i<\/th>\n<\/tr>\n<\/thead>\n<tbody>\n<tr>\n<td style=\"padding: 8px; text-align: center;\">12:30 &#8211; 1:00 PM<\/td>\n<td style=\"padding: 8px; text-align: center;\">485 &amp; PR Seminar<\/td>\n<\/tr>\n<tr>\n<td style=\"padding: 8px; text-align: center;\">2:00 &#8211; 2:30 PM<\/td>\n<td style=\"padding: 8px; text-align: center;\">Score High with PTE Tips and Tricks<\/td>\n<\/tr>\n<\/tbody>\n<\/table>\n\n\t\t<\/div>\n\t<\/div>\n\n\t<div class=\"wpb_raw_code wpb_content_element wpb_raw_html\">\n\t\t<div class=\"wpb_wrapper\">\n\t\t\t<style>\n  \/* ===== Container ===== *\/\n  .aug-container {\n    max-width: 1200px;\n    margin: 0 auto;\n    padding: 0 16px;\n  }\n\n  \/* ===== Section ===== *\/\n  .prize-section {\n    margin: 40px 0 60px;\n  }\n\n  .prize-title {\n    text-align: center;\n    font-size: 28px;\n    font-weight: 700;\n    margin-bottom: 6px;\n  }\n\n  .prize-subtitle {\n    text-align: center;\n    font-size: 16px;\n    color: #555;\n    margin-bottom: 36px;\n  }\n\n  \/* ===== Grid - t\u1ea5t c\u1ea3 card c\u00f9ng h\u00e0ng ===== *\/\n  .prize-grid {\n    display: grid;\n    grid-template-columns: repeat(3, 1fr);\n    gap: 24px;\n  }\n\n  \/* ===== Card ===== *\/\n  .prize-card {\n    background: #f9f9f9;\n    border-radius: 18px;\n    box-shadow: 0 8px 20px rgba(0,0,0,0.08);\n    display: flex;\n    flex-direction: column;\n    align-items: center;\n    justify-content: flex-start; \/* ch\u1eef lu\u00f4n d\u01b0\u1edbi h\u00ecnh *\/\n    text-align: center;\n    padding: 16px;\n  }\n\n  \/* ===== H\u00ecnh vu\u00f4ng ===== *\/\n  .prize-image {\n    width: 100%;\n    aspect-ratio: 1 \/ 1; \/* chi\u1ec1u cao = chi\u1ec1u r\u1ed9ng *\/\n    display: flex;\n    align-items: center;\n    justify-content: center;\n    margin-bottom: 12px;\n  }\n\n  .prize-card img {\n    max-width: 90%;\n    max-height: 90%;\n    object-fit: contain; \/* \u1ea3nh gi\u1eef t\u1ec9 l\u1ec7, kh\u00f4ng b\u1ecb k\u00e9o *\/\n  }\n\n  \/* T\u00ean gi\u1ea3i *\/\n  .prize-card p {\n    font-size: 17px;\n    font-weight: 600;\n    margin: 0;\n  }\n\n  \/* ===== Highlight card - Kodak ===== *\/\n  .prize-highlight {\n    background: #fff4e6;\n  }\n\n  \/* ===== Mobile ===== *\/\n  @media (max-width: 768px) {\n    .prize-grid {\n      grid-template-columns: 1fr;\n    }\n  }\n<\/style>\n\n<div class=\"aug-container\">\n  <div class=\"prize-section\">\n    <div class=\"prize-title\">\ud83c\udf81 Exciting Prizes Await<\/div>\n    <div class=\"prize-subtitle\">\n      Join our event for a chance to win these exclusive rewards\n    <\/div>\n\n    <div class=\"prize-grid\">\n      <!-- Prize 1 -->\n      <div class=\"prize-card\">\n        <div class=\"prize-image\">\n          <img decoding=\"async\" src=\"https:\/\/augstudy.com\/aug-website-files\/wp-content\/uploads\/2026\/01\/Portable-blender1.jpg\">\n        <\/div>\n        <p>Portable Blender<\/p>\n      <\/div>\n\n      <!-- Prize 2 - Kodak Highlight -->\n      <div class=\"prize-card prize-highlight\">\n        <div class=\"prize-image\">\n          <img decoding=\"async\" src=\"https:\/\/augstudy.com\/aug-website-files\/wp-content\/uploads\/2026\/01\/Untitled-design2.png\">\n        <\/div>\n        <p>Kodak Charmera<\/p>\n      <\/div>\n\n      <!-- Prize 3 -->\n      <div class=\"prize-card\">\n        <div class=\"prize-image\">\n          <img decoding=\"async\" src=\"https:\/\/augstudy.com\/aug-website-files\/wp-content\/uploads\/2026\/02\/aug_auevents_per_studyexpo_260401_prize_cups_384x384.png\">\n        <\/div>\n        <p>Thermoflask Food Jar (2 Pack)<\/p>\n      <\/div>\n    <\/div>\n  <\/div>\n<\/div>\n\n\n\n\t\t<\/div>\n\t<\/div>\n\n\t<div class=\"wpb_text_column wpb_content_element\">\n\t\t<div class=\"wpb_wrapper\">\n\t\t\t<h4 style=\"text-align: center;\"><a style=\"text-decoration: underline;\" href=\"https:\/\/augstudy.com\/vi\/studyexpo\/cac-dieu-khoan-va-dieu-kien\/#perth\" target=\"_blank\" rel=\"noopener\"><br \/>\n<strong>\u0110i\u1ec1u kho\u1ea3n v\u00e0 \u0111i\u1ec1u ki\u1ec7n<\/strong><br \/>\n<\/a><\/h4>\n\n\t\t<\/div>\n\t<\/div>\n<\/div><\/div><\/div><\/div><div class=\"vc_row-full-width vc_clearfix\"><\/div><div id=\"registration\" class=\"vc_row wpb_row vc_row-fluid\"><div class=\"wpb_column vc_column_container vc_col-sm-12\"><div class=\"vc_column-inner vc_custom_1660175491551\"><div class=\"wpb_wrapper\">\n\t<div class=\"wpb_text_column wpb_content_element\">\n\t\t<div class=\"wpb_wrapper\">\n\t\t\t\r\n<style>\r\n  .aug-iframe-wrapper {\r\n    position: relative;\r\n    max-width: 800px;\r\n    min-height: 600px;\r\n    margin: 0 auto;\r\n  }\r\n\r\n  .aug-iframe-placeholder {\r\n    max-width: 800px;\r\n    min-height: 600px;\r\n    background: #f5f5f5;\r\n    border: 1px solid #e5e7eb;\r\n    border-radius: 8px;\r\n    padding: 24px;\r\n    box-sizing: border-box;\r\n\tmargin: 0 8px;\r\n    z-index: 2;\r\n  }\r\n\r\n  .aug-iframe-placeholder.hidden {\r\n    display: none !important;\r\n  }\r\n\r\n  .aug-placeholder-line, .aug-placeholder-box {\r\n    background: #cecece;\r\n    margin-bottom: 16px;\r\n    animation: augPlaceholderShimmer 1.5s infinite ease-in-out;\r\n  }\r\n\r\n  .aug-placeholder-line {\r\n    width: var(--aug-placeholder-line-width, 100%);\r\n    height: 14px;\r\n    border-radius: 6px;\r\n  }\r\n\r\n  .aug-placeholder-line:last-child {\r\n    margin-bottom: 28px;\r\n  }\r\n\r\n  .aug-placeholder-box {\r\n    width: 100%;\r\n    height: var(--aug-placeholder-box-height, 48px);\r\n    border-radius: 8px;\r\n  }\r\n\r\n  @keyframes augPlaceholderShimmer {\r\n    0%   { opacity: 0.65; }\r\n    50%  { opacity: 1; }\r\n    100% { opacity: 0.65; }\r\n  }\r\n<\/style>\r\n\r\n<div class='aug-iframe-wrapper'>\r\n    <div id='augIframePlaceholder' class='aug-iframe-placeholder'>\r\n        <div class='aug-placeholder-line' style='--aug-placeholder-line-width: 45%;'><\/div>\r\n        <div class='aug-placeholder-line' style='--aug-placeholder-line-width: 100%;'><\/div>\r\n        <div class='aug-placeholder-line' style='--aug-placeholder-line-width: 92%;'><\/div>\r\n        <div class='aug-placeholder-line' style='--aug-placeholder-line-width: 96%;'><\/div>\r\n        <div class='aug-placeholder-line' style='--aug-placeholder-line-width: 60%;'><\/div>\r\n\r\n        <div class='aug-placeholder-box'><\/div>\r\n        <div class='aug-placeholder-box'><\/div>\r\n        <div class='aug-placeholder-box'><\/div>\r\n        <div class='aug-placeholder-box' style='--aug-placeholder-box-height: 110px;'><\/div>\r\n    <\/div>\r\n\r\n    <iframe\r\n        id='augRegoForm'\r\n        title='AUG Form'\r\n        allow='geolocation; microphone; camera; fullscreen; payment'\r\n        data-src='https:\/\/form.jotform.com\/260218156116854?event_name=%5BAUG%20Perth%5D%20StudyEXPO%20260401'\r\n        frameborder='0'\r\n        style='min-width: 100%; max-width: 100%; height: 100%; border: none;'\r\n        scrolling='no'\r\n    ><\/iframe>\r\n<\/div>\r\n\r\n<script src='https:\/\/cdn.jotfor.ms\/s\/umd\/latest\/for-form-embed-handler.js'><\/script>\r\n<script>\r\n  function loadAUGRegoForm() {\r\n    const augRegoForm = document.getElementById('augRegoForm');\r\n    const augIframePlaceholder = document.getElementById('augIframePlaceholder');\r\n\r\n    if (!augRegoForm || !augIframePlaceholder) return;\r\n\r\n    function hidePlaceholder() {\r\n      augIframePlaceholder.classList.add('hidden');\r\n      augRegoForm.removeEventListener('load', hidePlaceholder);\r\n    }\r\n\r\n    augRegoForm.addEventListener('load', hidePlaceholder);\r\n    augRegoForm.src = augRegoForm.dataset.src;\r\n\r\n    window.jotformEmbedHandler(\r\n      'iframe#augRegoForm',\r\n      'https:\/\/form.jotform.com\/'\r\n    );\r\n  }\r\n\r\n  if ('requestIdleCallback' in window) {\r\n    requestIdleCallback(loadAUGRegoForm, { timeout: 2000 });\r\n  } else {\r\n    setTimeout(loadAUGRegoForm, 1000);\r\n  }\r\n<\/script>\r\n\n\n\t\t<\/div>\n\t<\/div>\n<\/div><\/div><\/div><\/div>","protected":false},"excerpt":{"rendered":"International Student's Largest Education, Migration and Career Expo \"Your Journey, Our Commitment!\" So attend our Expo to explore the assistance and benefits tailored just for you! Graduating high school? Upgrading your skills? Changing careers? Find your path at the AUG Study Expo. Here's what to expect!! Grab the future in your hands and find the [...]","protected":false},"author":4,"featured_media":407055,"parent":67110,"menu_order":0,"comment_status":"closed","ping_status":"closed","template":"","meta":{"footnotes":""},"class_list":["post-390124","page","type-page","status-publish","hentry"],"yoast_head":"<!-- This site is optimized with the Yoast SEO Premium plugin v27.0 (Yoast SEO v27.3) - https:\/\/yoast.com\/product\/yoast-seo-premium-wordpress\/ -->\n<title>[AUG Perth] International Student&#039;s Education, Migration and Career Expo - AUG Student Services<\/title>\n<meta name=\"description\" content=\"Attend AUG StudyExpo to explore the your education, migration and career pathway tailored just for you!\" \/>\n<meta name=\"robots\" content=\"index, follow, max-snippet:-1, max-image-preview:large, max-video-preview:-1\" \/>\n<link rel=\"canonical\" href=\"https:\/\/augstudy.com\/vi\/studyexpo\/perth\/\" \/>\n<meta property=\"og:locale\" content=\"vi_VN\" \/>\n<meta property=\"og:type\" content=\"article\" \/>\n<meta property=\"og:title\" content=\"[AUG Perth] International Student&#039;s Education, Migration and Career Expo\" \/>\n<meta property=\"og:description\" content=\"Attend AUG StudyExpo to explore the your education, migration and career pathway tailored just for you!\" \/>\n<meta property=\"og:url\" content=\"https:\/\/augstudy.com\/vi\/studyexpo\/perth\/\" \/>\n<meta property=\"og:site_name\" content=\"AUG Student Services\" \/>\n<meta property=\"article:publisher\" content=\"https:\/\/www.facebook.com\/augmalaysia\/\" \/>\n<meta property=\"article:modified_time\" content=\"2026-02-18T08:12:06+00:00\" \/>\n<meta property=\"og:image\" content=\"https:\/\/augstudy.com\/aug-website-files\/wp-content\/uploads\/2025\/06\/aug_auevents_au_sde_mar26_1080x540.jpg\" \/>\n\t<meta property=\"og:image:width\" content=\"1080\" \/>\n\t<meta property=\"og:image:height\" content=\"540\" \/>\n\t<meta property=\"og:image:type\" content=\"image\/jpeg\" \/>\n<meta name=\"twitter:card\" content=\"summary_large_image\" \/>\n<meta name=\"twitter:label1\" content=\"\u01af\u1edbc t\u00ednh th\u1eddi gian \u0111\u1ecdc\" \/>\n\t<meta name=\"twitter:data1\" content=\"2 ph\u00fat\" \/>\n<script type=\"application\/ld+json\" class=\"yoast-schema-graph\">{\"@context\":\"https:\\\/\\\/schema.org\",\"@graph\":[{\"@type\":\"WebPage\",\"@id\":\"https:\\\/\\\/augstudy.com\\\/studyexpo\\\/perth\\\/\",\"url\":\"https:\\\/\\\/augstudy.com\\\/studyexpo\\\/perth\\\/\",\"name\":\"[AUG Perth] International Student's Education, Migration and Career Expo - AUG Student Services\",\"isPartOf\":{\"@id\":\"https:\\\/\\\/augstudy.com\\\/#website\"},\"primaryImageOfPage\":{\"@id\":\"https:\\\/\\\/augstudy.com\\\/studyexpo\\\/perth\\\/#primaryimage\"},\"image\":{\"@id\":\"https:\\\/\\\/augstudy.com\\\/studyexpo\\\/perth\\\/#primaryimage\"},\"thumbnailUrl\":\"https:\\\/\\\/augstudy.com\\\/aug-website-files\\\/wp-content\\\/uploads\\\/2025\\\/06\\\/aug_auevents_au_sde_mar26_1080x540.jpg\",\"datePublished\":\"2024-06-18T05:06:06+00:00\",\"dateModified\":\"2026-02-18T08:12:06+00:00\",\"description\":\"Attend AUG StudyExpo to explore the your education, migration and career pathway tailored just for you!\",\"breadcrumb\":{\"@id\":\"https:\\\/\\\/augstudy.com\\\/studyexpo\\\/perth\\\/#breadcrumb\"},\"inLanguage\":\"vi\",\"potentialAction\":[{\"@type\":\"ReadAction\",\"target\":[\"https:\\\/\\\/augstudy.com\\\/studyexpo\\\/perth\\\/\"]}]},{\"@type\":\"ImageObject\",\"inLanguage\":\"vi\",\"@id\":\"https:\\\/\\\/augstudy.com\\\/studyexpo\\\/perth\\\/#primaryimage\",\"url\":\"https:\\\/\\\/augstudy.com\\\/aug-website-files\\\/wp-content\\\/uploads\\\/2025\\\/06\\\/aug_auevents_au_sde_mar26_1080x540.jpg\",\"contentUrl\":\"https:\\\/\\\/augstudy.com\\\/aug-website-files\\\/wp-content\\\/uploads\\\/2025\\\/06\\\/aug_auevents_au_sde_mar26_1080x540.jpg\",\"width\":1080,\"height\":540},{\"@type\":\"BreadcrumbList\",\"@id\":\"https:\\\/\\\/augstudy.com\\\/studyexpo\\\/perth\\\/#breadcrumb\",\"itemListElement\":[{\"@type\":\"ListItem\",\"position\":1,\"name\":\"Home\",\"item\":\"https:\\\/\\\/augstudy.com\\\/\"},{\"@type\":\"ListItem\",\"position\":2,\"name\":\"StudyExpo 2026\",\"item\":\"https:\\\/\\\/augstudy.com\\\/studyexpo\\\/\"},{\"@type\":\"ListItem\",\"position\":3,\"name\":\"[AUG Perth] International Student&#8217;s Education, Migration and Career Expo\"}]},{\"@type\":\"WebSite\",\"@id\":\"https:\\\/\\\/augstudy.com\\\/#website\",\"url\":\"https:\\\/\\\/augstudy.com\\\/\",\"name\":\"AUG Student Services\",\"description\":\"Student Services\",\"alternateName\":\"AUG Global\",\"potentialAction\":[{\"@type\":\"SearchAction\",\"target\":{\"@type\":\"EntryPoint\",\"urlTemplate\":\"https:\\\/\\\/augstudy.com\\\/?s={search_term_string}\"},\"query-input\":{\"@type\":\"PropertyValueSpecification\",\"valueRequired\":true,\"valueName\":\"search_term_string\"}}],\"inLanguage\":\"vi\"}]}<\/script>\n<!-- \/ Yoast SEO Premium plugin. -->","yoast_head_json":{"title":"[AUG Perth] International Student's Education, Migration and Career Expo - AUG Student Services","description":"Attend AUG StudyExpo to explore the your education, migration and career pathway tailored just for you!","robots":{"index":"index","follow":"follow","max-snippet":"max-snippet:-1","max-image-preview":"max-image-preview:large","max-video-preview":"max-video-preview:-1"},"canonical":"https:\/\/augstudy.com\/vi\/studyexpo\/perth\/","og_locale":"vi_VN","og_type":"article","og_title":"[AUG Perth] International Student's Education, Migration and Career Expo","og_description":"Attend AUG StudyExpo to explore the your education, migration and career pathway tailored just for you!","og_url":"https:\/\/augstudy.com\/vi\/studyexpo\/perth\/","og_site_name":"AUG Student Services","article_publisher":"https:\/\/www.facebook.com\/augmalaysia\/","article_modified_time":"2026-02-18T08:12:06+00:00","og_image":[{"width":1080,"height":540,"url":"https:\/\/augstudy.com\/aug-website-files\/wp-content\/uploads\/2025\/06\/aug_auevents_au_sde_mar26_1080x540.jpg","type":"image\/jpeg"}],"twitter_card":"summary_large_image","twitter_misc":{"\u01af\u1edbc t\u00ednh th\u1eddi gian \u0111\u1ecdc":"2 ph\u00fat"},"schema":{"@context":"https:\/\/schema.org","@graph":[{"@type":"WebPage","@id":"https:\/\/augstudy.com\/studyexpo\/perth\/","url":"https:\/\/augstudy.com\/studyexpo\/perth\/","name":"[AUG Perth] International Student's Education, Migration and Career Expo - AUG Student Services","isPartOf":{"@id":"https:\/\/augstudy.com\/#website"},"primaryImageOfPage":{"@id":"https:\/\/augstudy.com\/studyexpo\/perth\/#primaryimage"},"image":{"@id":"https:\/\/augstudy.com\/studyexpo\/perth\/#primaryimage"},"thumbnailUrl":"https:\/\/augstudy.com\/aug-website-files\/wp-content\/uploads\/2025\/06\/aug_auevents_au_sde_mar26_1080x540.jpg","datePublished":"2024-06-18T05:06:06+00:00","dateModified":"2026-02-18T08:12:06+00:00","description":"Attend AUG StudyExpo to explore the your education, migration and career pathway tailored just for you!","breadcrumb":{"@id":"https:\/\/augstudy.com\/studyexpo\/perth\/#breadcrumb"},"inLanguage":"vi","potentialAction":[{"@type":"ReadAction","target":["https:\/\/augstudy.com\/studyexpo\/perth\/"]}]},{"@type":"ImageObject","inLanguage":"vi","@id":"https:\/\/augstudy.com\/studyexpo\/perth\/#primaryimage","url":"https:\/\/augstudy.com\/aug-website-files\/wp-content\/uploads\/2025\/06\/aug_auevents_au_sde_mar26_1080x540.jpg","contentUrl":"https:\/\/augstudy.com\/aug-website-files\/wp-content\/uploads\/2025\/06\/aug_auevents_au_sde_mar26_1080x540.jpg","width":1080,"height":540},{"@type":"BreadcrumbList","@id":"https:\/\/augstudy.com\/studyexpo\/perth\/#breadcrumb","itemListElement":[{"@type":"ListItem","position":1,"name":"Home","item":"https:\/\/augstudy.com\/"},{"@type":"ListItem","position":2,"name":"StudyExpo 2026","item":"https:\/\/augstudy.com\/studyexpo\/"},{"@type":"ListItem","position":3,"name":"[AUG Perth] International Student&#8217;s Education, Migration and Career Expo"}]},{"@type":"WebSite","@id":"https:\/\/augstudy.com\/#website","url":"https:\/\/augstudy.com\/","name":"D\u1ecbch v\u1ee5 Sinh vi\u00ean AUG","description":"D\u1ecbch v\u1ee5 sinh vi\u00ean","alternateName":"AUG Global","potentialAction":[{"@type":"SearchAction","target":{"@type":"EntryPoint","urlTemplate":"https:\/\/augstudy.com\/?s={search_term_string}"},"query-input":{"@type":"PropertyValueSpecification","valueRequired":true,"valueName":"search_term_string"}}],"inLanguage":"vi"}]}},"_links":{"self":[{"href":"https:\/\/augstudy.com\/vi\/wp-json\/wp\/v2\/pages\/390124","targetHints":{"allow":["GET"]}}],"collection":[{"href":"https:\/\/augstudy.com\/vi\/wp-json\/wp\/v2\/pages"}],"about":[{"href":"https:\/\/augstudy.com\/vi\/wp-json\/wp\/v2\/types\/page"}],"author":[{"embeddable":true,"href":"https:\/\/augstudy.com\/vi\/wp-json\/wp\/v2\/users\/4"}],"replies":[{"embeddable":true,"href":"https:\/\/augstudy.com\/vi\/wp-json\/wp\/v2\/comments?post=390124"}],"version-history":[{"count":21,"href":"https:\/\/augstudy.com\/vi\/wp-json\/wp\/v2\/pages\/390124\/revisions"}],"predecessor-version":[{"id":403860,"href":"https:\/\/augstudy.com\/vi\/wp-json\/wp\/v2\/pages\/390124\/revisions\/403860"}],"up":[{"embeddable":true,"href":"https:\/\/augstudy.com\/vi\/wp-json\/wp\/v2\/pages\/67110"}],"wp:featuredmedia":[{"embeddable":true,"href":"https:\/\/augstudy.com\/vi\/wp-json\/wp\/v2\/media\/407055"}],"wp:attachment":[{"href":"https:\/\/augstudy.com\/vi\/wp-json\/wp\/v2\/media?parent=390124"}],"curies":[{"name":"wp","href":"https:\/\/api.w.org\/{rel}","templated":true}]}}