{"id":389707,"date":"2024-05-21T11:19:17","date_gmt":"2024-05-21T01:19:17","guid":{"rendered":"https:\/\/augstudy.com\/?page_id=389707"},"modified":"2025-05-28T14:08:44","modified_gmt":"2025-05-28T04:08:44","slug":"moi-phan-qua-banh-bao-gao","status":"publish","type":"page","link":"https:\/\/augstudy.com\/vi\/australia\/events\/per-rice-dumpling-giveaway\/","title":{"rendered":"[AUG Perth] Rice Dumpling Giveaway"},"content":{"rendered":"<div data-vc-full-width=\"true\" data-vc-full-width-init=\"false\" class=\"vc_row wpb_row vc_row-fluid vc_custom_1682916971038 vc_row-has-fill vc_row-o-content-middle vc_row-flex\"><div class=\"wpb_column vc_column_container vc_col-sm-2 vc_hidden-sm vc_hidden-xs\"><div class=\"vc_column-inner\"><div class=\"wpb_wrapper\"><\/div><\/div><\/div><div class=\"wpb_column vc_column_container vc_col-sm-8\"><div class=\"vc_column-inner vc_custom_1671748405855\"><div class=\"wpb_wrapper\">\n\t<div class=\"wpb_text_column wpb_content_element  aug_content_box\">\n\t\t<div class=\"wpb_wrapper\">\n\t\t\t<h3><strong>Ch\u00e0o m\u1eebng L\u1ec5 h\u1ed9i Thuy\u1ec1n r\u1ed3ng c\u00f9ng AUG<\/strong><\/h3>\n<p><span class=\"\" style=\"display:block;clear:both;height: 0px;padding-top: 15px;border-top-width:0px;border-bottom-width:0px;\"><\/span>Ch\u00fang t\u00f4i s\u1ebd t\u1eb7ng mi\u1ec5n ph\u00ed b\u00e1nh bao g\u1ea1o (Zong Zi) \u0111\u1ec3 gi\u00fap b\u1ea1n c\u1ea3m th\u1ea5y nh\u01b0 \u1edf nh\u00e0 v\u00e0 c\u00f9ng nhau ch\u00e0o \u0111\u00f3n l\u1ec5 h\u1ed9i truy\u1ec1n th\u1ed1ng Trung Qu\u1ed1c n\u00e0y.<br \/>\n<span class=\"\" style=\"display:block;clear:both;height: 0px;padding-top: 15px;border-top-width:0px;border-bottom-width:0px;\"><\/span>D\u00f9 b\u1ea1n l\u00e0 sinh vi\u00ean hay ch\u1ec9 \u0111\u01a1n gi\u1ea3n l\u00e0 nh\u1edb h\u01b0\u01a1ng v\u1ecb qu\u00ea nh\u00e0, \u0111\u1eebng b\u1ecf l\u1ee1 l\u1ec5 k\u1ef7 ni\u1ec7m \u1ea5m \u00e1p v\u00e0 ngon mi\u1ec7ng n\u00e0y!<br \/>\n<span class=\"\" style=\"display:block;clear:both;height: 0px;padding-top: 15px;border-top-width:0px;border-bottom-width:0px;\"><\/span><span style=\"text-decoration: underline;\"><a href=\"#registration\">\u0110\u0103ng k\u00fd ngay b\u00e2y gi\u1edd<\/a><\/span> v\u00e0 \u0111\u1ebfn nh\u1eadn b\u00e1nh bao mi\u1ec5n ph\u00ed nh\u00e9!<br \/>\n<span class=\"\" style=\"display:block;clear:both;height: 0px;padding-top: 15px;border-top-width:0px;border-bottom-width:0px;\"><\/span>S\u1ed1 l\u01b0\u1ee3ng c\u00f3 h\u1ea1n \u2013 ai \u0111\u1ebfn tr\u01b0\u1edbc \u0111\u01b0\u1ee3c ph\u1ee5c v\u1ee5 tr\u01b0\u1edbc!<\/p>\n<h3><span class=\"\" style=\"display:block;clear:both;height: 0px;padding-top: 15px;border-top-width:0px;border-bottom-width:0px;\"><\/span><strong>chi ti\u1ebft s\u1ef1 ki\u1ec7n<\/strong><\/h3>\n<p><span class=\"\" style=\"display:block;clear:both;height: 0px;padding-top: 15px;border-top-width:0px;border-bottom-width:0px;\"><\/span><strong>Ng\u00e0y:<\/strong> Ng\u00e0y 3 th\u00e1ng 6 n\u0103m 2024 (Th\u1ee9 Ba) \u2013 Ng\u00e0y 6 th\u00e1ng 6 n\u0103m 2024 (Th\u1ee9 S\u00e1u)<br \/>\n<span class=\"\" style=\"display:block;clear:both;height: 0px;padding-top: 15px;border-top-width:0px;border-bottom-width:0px;\"><\/span><strong>Th\u1eddi gian:<\/strong> 9:00 s\u00e1ng \u2013 5:00 chi\u1ec1u (gi\u1edd Perth)<br \/>\n<span class=\"\" style=\"display:block;clear:both;height: 0px;padding-top: 15px;border-top-width:0px;border-bottom-width:0px;\"><\/span><strong>\u0110\u1ecba \u0111i\u1ec3m:<\/strong> <span style=\"text-decoration: underline;\"><a href=\"https:\/\/maps.app.goo.gl\/bFfVmgSy7qv2nHNF9\" target=\"_blank\" rel=\"noopener\">V\u0103n ph\u00f2ng AUG Perth (16\/375 William Street, Northbridge WA 6003, Australia)<\/a><\/span><br \/>\n<span class=\"\" style=\"display:block;clear:both;height: 0px;padding-top: 15px;border-top-width:0px;border-bottom-width:0px;\"><\/span><\/p>\n<h6 style=\"color: #ff0000;\"><strong><em>* ch\u1ec9 ra tr\u01b0\u1eddng b\u1eaft bu\u1ed9c<\/em><\/strong><\/h6>\n<h6><strong><em>** \u0111i\u1ec1u kho\u1ea3n v\u00e0 \u0111i\u1ec1u ki\u1ec7n \u00e1p d\u1ee5ng<\/em><\/strong><\/h6>\n\n\t\t<\/div>\n\t<\/div>\n<\/div><\/div><\/div><div class=\"wpb_column vc_column_container vc_col-sm-2 vc_hidden-sm vc_hidden-xs\"><div class=\"vc_column-inner\"><div class=\"wpb_wrapper\"><\/div><\/div><\/div><\/div><div class=\"vc_row-full-width vc_clearfix\"><\/div><div id=\"registration\" class=\"vc_row wpb_row vc_row-fluid\"><div class=\"wpb_column vc_column_container vc_col-sm-12\"><div class=\"vc_column-inner vc_custom_1660175491551\"><div class=\"wpb_wrapper\">\n\t<div class=\"wpb_text_column wpb_content_element\">\n\t\t<div class=\"wpb_wrapper\">\n\t\t\t<iframe class=\"aug_rego_iframe\" src=\"https:\/\/www.research.net\/r\/V2P3QSH\" style=\"--height_desktop: 1500px; --height_mobile: 1500px;\"><\/iframe>\n\n\t\t<\/div>\n\t<\/div>\n<\/div><\/div><\/div><\/div>","protected":false},"excerpt":{"rendered":"Celebrate Dragon Boat Festival with AUG We're giving away Free Rice Dumplings (Zong Zi) to help you feel at home and celebrate this traditional Chinese festival together. Whether you're a student or just missing a taste of home, don't miss this warm and delicious celebration! Register now and come pick up your free dumpling! Limited [...]","protected":false},"author":4,"featured_media":0,"parent":2351,"menu_order":0,"comment_status":"closed","ping_status":"closed","template":"","meta":{"footnotes":""},"class_list":["post-389707","page","type-page","status-publish","hentry"],"yoast_head":"<!-- This site is optimized with the Yoast SEO Premium plugin v27.0 (Yoast SEO v27.3) - https:\/\/yoast.com\/product\/yoast-seo-premium-wordpress\/ -->\n<title>[AUG Perth] Rice Dumpling Giveaway - AUG Student Services<\/title>\n<meta name=\"description\" content=\"No matter how far you are from home, come grab Free Zong Zi from AUG and taste the warmth of Dragon Boat Festival.\" \/>\n<meta name=\"robots\" content=\"index, follow, max-snippet:-1, max-image-preview:large, max-video-preview:-1\" \/>\n<link rel=\"canonical\" href=\"https:\/\/augstudy.com\/vi\/chau-uc\/su-kien-2\/moi-phan-qua-banh-bao-gao\/\" \/>\n<meta property=\"og:locale\" content=\"vi_VN\" \/>\n<meta property=\"og:type\" content=\"article\" \/>\n<meta property=\"og:title\" content=\"[AUG Perth] Rice Dumpling Giveaway\" \/>\n<meta property=\"og:description\" content=\"No matter how far you are from home, come grab Free Zong Zi from AUG and taste the warmth of Dragon Boat Festival.\" \/>\n<meta property=\"og:url\" content=\"https:\/\/augstudy.com\/vi\/chau-uc\/su-kien-2\/moi-phan-qua-banh-bao-gao\/\" \/>\n<meta property=\"og:site_name\" content=\"AUG Student Services\" \/>\n<meta property=\"article:publisher\" content=\"https:\/\/www.facebook.com\/augmalaysia\/\" \/>\n<meta property=\"article:modified_time\" content=\"2025-05-28T04:08:44+00:00\" \/>\n<meta name=\"twitter:card\" content=\"summary_large_image\" \/>\n<meta name=\"twitter:label1\" content=\"\u01af\u1edbc t\u00ednh th\u1eddi gian \u0111\u1ecdc\" \/>\n\t<meta name=\"twitter:data1\" content=\"1 ph\u00fat\" \/>\n<script type=\"application\/ld+json\" class=\"yoast-schema-graph\">{\"@context\":\"https:\\\/\\\/schema.org\",\"@graph\":[{\"@type\":\"WebPage\",\"@id\":\"https:\\\/\\\/augstudy.com\\\/australia\\\/events\\\/per-rice-dumpling-giveaway\\\/\",\"url\":\"https:\\\/\\\/augstudy.com\\\/australia\\\/events\\\/per-rice-dumpling-giveaway\\\/\",\"name\":\"[AUG Perth] Rice Dumpling Giveaway - AUG Student Services\",\"isPartOf\":{\"@id\":\"https:\\\/\\\/augstudy.com\\\/#website\"},\"datePublished\":\"2024-05-21T01:19:17+00:00\",\"dateModified\":\"2025-05-28T04:08:44+00:00\",\"description\":\"No matter how far you are from home, come grab Free Zong Zi from AUG and taste the warmth of Dragon Boat Festival.\",\"breadcrumb\":{\"@id\":\"https:\\\/\\\/augstudy.com\\\/australia\\\/events\\\/per-rice-dumpling-giveaway\\\/#breadcrumb\"},\"inLanguage\":\"vi\",\"potentialAction\":[{\"@type\":\"ReadAction\",\"target\":[\"https:\\\/\\\/augstudy.com\\\/australia\\\/events\\\/per-rice-dumpling-giveaway\\\/\"]}]},{\"@type\":\"BreadcrumbList\",\"@id\":\"https:\\\/\\\/augstudy.com\\\/australia\\\/events\\\/per-rice-dumpling-giveaway\\\/#breadcrumb\",\"itemListElement\":[{\"@type\":\"ListItem\",\"position\":1,\"name\":\"Home\",\"item\":\"https:\\\/\\\/augstudy.com\\\/\"},{\"@type\":\"ListItem\",\"position\":2,\"name\":\"AUG Australia\",\"item\":\"https:\\\/\\\/augstudy.com\\\/australia\\\/\"},{\"@type\":\"ListItem\",\"position\":3,\"name\":\"AUG Australia Events\",\"item\":\"https:\\\/\\\/augstudy.com\\\/australia\\\/events\\\/\"},{\"@type\":\"ListItem\",\"position\":4,\"name\":\"[AUG Perth] Rice Dumpling Giveaway\"}]},{\"@type\":\"WebSite\",\"@id\":\"https:\\\/\\\/augstudy.com\\\/#website\",\"url\":\"https:\\\/\\\/augstudy.com\\\/\",\"name\":\"AUG Student Services\",\"description\":\"Student Services\",\"alternateName\":\"AUG Global\",\"potentialAction\":[{\"@type\":\"SearchAction\",\"target\":{\"@type\":\"EntryPoint\",\"urlTemplate\":\"https:\\\/\\\/augstudy.com\\\/?s={search_term_string}\"},\"query-input\":{\"@type\":\"PropertyValueSpecification\",\"valueRequired\":true,\"valueName\":\"search_term_string\"}}],\"inLanguage\":\"vi\"}]}<\/script>\n<!-- \/ Yoast SEO Premium plugin. -->","yoast_head_json":{"title":"[AUG Perth] Rice Dumpling Giveaway - AUG Student Services","description":"D\u00f9 b\u1ea1n \u1edf xa nh\u00e0 \u0111\u1ebfn \u0111\u00e2u, h\u00e3y \u0111\u1ebfn nh\u1eadn b\u00e1nh Zong Zi mi\u1ec5n ph\u00ed t\u1eeb AUG v\u00e0 th\u01b0\u1edfng th\u1ee9c h\u01b0\u01a1ng v\u1ecb \u1ea5m \u00e1p c\u1ee7a L\u1ec5 h\u1ed9i thuy\u1ec1n r\u1ed3ng.","robots":{"index":"index","follow":"follow","max-snippet":"max-snippet:-1","max-image-preview":"max-image-preview:large","max-video-preview":"max-video-preview:-1"},"canonical":"https:\/\/augstudy.com\/vi\/chau-uc\/su-kien-2\/moi-phan-qua-banh-bao-gao\/","og_locale":"vi_VN","og_type":"article","og_title":"[AUG Perth] Rice Dumpling Giveaway","og_description":"No matter how far you are from home, come grab Free Zong Zi from AUG and taste the warmth of Dragon Boat Festival.","og_url":"https:\/\/augstudy.com\/vi\/chau-uc\/su-kien-2\/moi-phan-qua-banh-bao-gao\/","og_site_name":"AUG Student Services","article_publisher":"https:\/\/www.facebook.com\/augmalaysia\/","article_modified_time":"2025-05-28T04:08:44+00:00","twitter_card":"summary_large_image","twitter_misc":{"\u01af\u1edbc t\u00ednh th\u1eddi gian \u0111\u1ecdc":"1 ph\u00fat"},"schema":{"@context":"https:\/\/schema.org","@graph":[{"@type":"WebPage","@id":"https:\/\/augstudy.com\/australia\/events\/per-rice-dumpling-giveaway\/","url":"https:\/\/augstudy.com\/australia\/events\/per-rice-dumpling-giveaway\/","name":"[AUG Perth] Rice Dumpling Giveaway - AUG Student Services","isPartOf":{"@id":"https:\/\/augstudy.com\/#website"},"datePublished":"2024-05-21T01:19:17+00:00","dateModified":"2025-05-28T04:08:44+00:00","description":"D\u00f9 b\u1ea1n \u1edf xa nh\u00e0 \u0111\u1ebfn \u0111\u00e2u, h\u00e3y \u0111\u1ebfn nh\u1eadn b\u00e1nh Zong Zi mi\u1ec5n ph\u00ed t\u1eeb AUG v\u00e0 th\u01b0\u1edfng th\u1ee9c h\u01b0\u01a1ng v\u1ecb \u1ea5m \u00e1p c\u1ee7a L\u1ec5 h\u1ed9i thuy\u1ec1n r\u1ed3ng.","breadcrumb":{"@id":"https:\/\/augstudy.com\/australia\/events\/per-rice-dumpling-giveaway\/#breadcrumb"},"inLanguage":"vi","potentialAction":[{"@type":"ReadAction","target":["https:\/\/augstudy.com\/australia\/events\/per-rice-dumpling-giveaway\/"]}]},{"@type":"BreadcrumbList","@id":"https:\/\/augstudy.com\/australia\/events\/per-rice-dumpling-giveaway\/#breadcrumb","itemListElement":[{"@type":"ListItem","position":1,"name":"Home","item":"https:\/\/augstudy.com\/"},{"@type":"ListItem","position":2,"name":"AUG Australia","item":"https:\/\/augstudy.com\/australia\/"},{"@type":"ListItem","position":3,"name":"AUG Australia Events","item":"https:\/\/augstudy.com\/australia\/events\/"},{"@type":"ListItem","position":4,"name":"[AUG Perth] Rice Dumpling Giveaway"}]},{"@type":"WebSite","@id":"https:\/\/augstudy.com\/#website","url":"https:\/\/augstudy.com\/","name":"D\u1ecbch v\u1ee5 Sinh vi\u00ean AUG","description":"D\u1ecbch v\u1ee5 sinh vi\u00ean","alternateName":"AUG Global","potentialAction":[{"@type":"SearchAction","target":{"@type":"EntryPoint","urlTemplate":"https:\/\/augstudy.com\/?s={search_term_string}"},"query-input":{"@type":"PropertyValueSpecification","valueRequired":true,"valueName":"search_term_string"}}],"inLanguage":"vi"}]}},"_links":{"self":[{"href":"https:\/\/augstudy.com\/vi\/wp-json\/wp\/v2\/pages\/389707","targetHints":{"allow":["GET"]}}],"collection":[{"href":"https:\/\/augstudy.com\/vi\/wp-json\/wp\/v2\/pages"}],"about":[{"href":"https:\/\/augstudy.com\/vi\/wp-json\/wp\/v2\/types\/page"}],"author":[{"embeddable":true,"href":"https:\/\/augstudy.com\/vi\/wp-json\/wp\/v2\/users\/4"}],"replies":[{"embeddable":true,"href":"https:\/\/augstudy.com\/vi\/wp-json\/wp\/v2\/comments?post=389707"}],"version-history":[{"count":0,"href":"https:\/\/augstudy.com\/vi\/wp-json\/wp\/v2\/pages\/389707\/revisions"}],"up":[{"embeddable":true,"href":"https:\/\/augstudy.com\/vi\/wp-json\/wp\/v2\/pages\/2351"}],"wp:attachment":[{"href":"https:\/\/augstudy.com\/vi\/wp-json\/wp\/v2\/media?parent=389707"}],"curies":[{"name":"wp","href":"https:\/\/api.w.org\/{rel}","templated":true}]}}