{"id":387173,"date":"2024-01-08T10:05:45","date_gmt":"2024-01-07T23:05:45","guid":{"rendered":"https:\/\/augstudy.com\/?page_id=387173"},"modified":"2024-10-17T18:48:39","modified_gmt":"2024-10-17T07:48:39","slug":"buoi-thong-tin-sp-jain","status":"publish","type":"page","link":"https:\/\/augstudy.com\/vi\/philippines\/events\/sp-jain-info-session\/","title":{"rendered":"[AUG Manila] SP Jain School of Global Management Information Session"},"content":{"rendered":"<div data-vc-full-width=\"true\" data-vc-full-width-init=\"false\" class=\"vc_row wpb_row vc_row-fluid vc_custom_1729151175928 vc_row-has-fill vc_row-o-content-middle vc_row-flex\"><div class=\"wpb_column vc_column_container vc_col-sm-12\"><div class=\"vc_column-inner vc_custom_1661838891579\"><div class=\"wpb_wrapper\">\n\t<div class=\"wpb_single_image wpb_content_element vc_align_center  vc_custom_1729151192477\">\n\t\t\n\t\t<figure class=\"wpb_wrapper vc_figure\">\n\t\t\t<div class=\"vc_single_image-wrapper   vc_box_border_grey\"><img loading=\"lazy\" decoding=\"async\" width=\"2084\" height=\"771\" src=\"https:\/\/augstudy.com\/aug-website-files\/wp-content\/uploads\/2024\/10\/aug_mnlevents_sp_jain_info_session_241025_2084x771.jpg\" class=\"vc_single_image-img attachment-full\" alt=\"\" srcset=\"https:\/\/augstudy.com\/aug-website-files\/wp-content\/uploads\/2024\/10\/aug_mnlevents_sp_jain_info_session_241025_2084x771.jpg 2084w, https:\/\/augstudy.com\/aug-website-files\/wp-content\/uploads\/2024\/10\/aug_mnlevents_sp_jain_info_session_241025_2084x771-300x111.jpg 300w, https:\/\/augstudy.com\/aug-website-files\/wp-content\/uploads\/2024\/10\/aug_mnlevents_sp_jain_info_session_241025_2084x771-1024x379.jpg 1024w, https:\/\/augstudy.com\/aug-website-files\/wp-content\/uploads\/2024\/10\/aug_mnlevents_sp_jain_info_session_241025_2084x771-768x284.jpg 768w, https:\/\/augstudy.com\/aug-website-files\/wp-content\/uploads\/2024\/10\/aug_mnlevents_sp_jain_info_session_241025_2084x771-1536x568.jpg 1536w, https:\/\/augstudy.com\/aug-website-files\/wp-content\/uploads\/2024\/10\/aug_mnlevents_sp_jain_info_session_241025_2084x771-2048x758.jpg 2048w, https:\/\/augstudy.com\/aug-website-files\/wp-content\/uploads\/2024\/10\/aug_mnlevents_sp_jain_info_session_241025_2084x771-18x7.jpg 18w\" sizes=\"auto, (max-width: 2084px) 100vw, 2084px\" \/><\/div>\n\t\t<\/figure>\n\t<\/div>\n<\/div><\/div><\/div><\/div><div class=\"vc_row-full-width vc_clearfix\"><\/div><div data-vc-full-width=\"true\" data-vc-full-width-init=\"false\" class=\"vc_row wpb_row vc_row-fluid vc_custom_1726638472389 vc_row-has-fill vc_row-o-content-middle vc_row-flex\"><div class=\"wpb_column vc_column_container vc_col-sm-2 vc_hidden-sm vc_hidden-xs\"><div class=\"vc_column-inner\"><div class=\"wpb_wrapper\"><\/div><\/div><\/div><div class=\"wpb_column vc_column_container vc_col-sm-8\"><div class=\"vc_column-inner vc_custom_1671748405855\"><div class=\"wpb_wrapper\">\n\t<div class=\"wpb_text_column wpb_content_element  aug_content_box\">\n\t\t<div class=\"wpb_wrapper\">\n\t\t\t<h3><strong>Th\u1ea1c s\u0129 AI trong kinh doanh: Th\u00f4ng tin chuy\u00ean s\u00e2u \u2014 Tham gia ngay!<\/strong><\/h3>\n<p><span class=\"\" style=\"display:block;clear:both;height: 0px;padding-top: 15px;border-top-width:0px;border-bottom-width:0px;\"><\/span>B\u1ea1n \u0111\u00e3 s\u1eb5n s\u00e0ng kh\u00e1m ph\u00e1 t\u01b0\u01a1ng lai c\u1ee7a doanh nghi\u1ec7p th\u00f4ng qua l\u0103ng k\u00ednh Tr\u00ed tu\u1ec7 nh\u00e2n t\u1ea1o (AI) ch\u01b0a?<br \/>\n<span class=\"\" style=\"display:block;clear:both;height: 0px;padding-top: 15px;border-top-width:0px;border-bottom-width:0px;\"><\/span>H\u00e3y tham gia bu\u1ed5i chia s\u1ebb th\u00f4ng tin n\u1ed9i b\u1ed9 th\u00fa v\u1ecb v\u1edbi s\u1ef1 g\u00f3p m\u1eb7t c\u1ee7a Denver Magtibay, sinh vi\u00ean hi\u1ec7n \u0111ang theo h\u1ecdc ch\u01b0\u01a1ng tr\u00ecnh Th\u1ea1c s\u0129 Tr\u00ed tu\u1ec7 Nh\u00e2n t\u1ea1o trong Kinh doanh (MAIB). Trong bu\u1ed5i tr\u00f2 chuy\u1ec7n h\u1ea5p d\u1eabn n\u00e0y, Denver s\u1ebd chia s\u1ebb h\u00e0nh tr\u00ecnh \u0111\u1ed9c \u0111\u00e1o c\u1ee7a m\u00ecnh v\u00e0 l\u00e0m s\u00e1ng t\u1ecf c\u00e1ch ch\u01b0\u01a1ng tr\u00ecnh MAIB t\u1ea1i Tr\u01b0\u1eddng Qu\u1ea3n l\u00fd To\u00e0n c\u1ea7u SP Jain trang b\u1ecb cho sinh vi\u00ean nh\u1eefng k\u1ef9 n\u0103ng v\u00e0 ki\u1ebfn th\u1ee9c c\u1ea7n thi\u1ebft \u0111\u1ec3 ph\u00e1t tri\u1ec3n m\u1ea1nh m\u1ebd trong b\u1ed1i c\u1ea3nh kinh doanh d\u1ef1a tr\u00ean AI.<br \/>\n<span class=\"\" style=\"display:block;clear:both;height: 0px;padding-top: 15px;border-top-width:0px;border-bottom-width:0px;\"><\/span>D\u00f9 b\u1ea1n \u0111ang c\u00e2n nh\u1eafc ch\u01b0\u01a1ng tr\u00ecnh MAIB hay t\u00f2 m\u00f2 v\u1ec1 AI trong kinh doanh, bu\u1ed5i h\u1ed9i th\u1ea3o n\u00e0y ch\u00ednh l\u00e0 d\u00e0nh cho b\u1ea1n. H\u00e3y \u0111\u0103ng k\u00fd ngay h\u00f4m nay!<\/p>\n<h3><span class=\"\" style=\"display:block;clear:both;height: 0px;padding-top: 15px;border-top-width:0px;border-bottom-width:0px;\"><\/span><strong>chi ti\u1ebft s\u1ef1 ki\u1ec7n<\/strong><\/h3>\n<p><span class=\"\" style=\"display:block;clear:both;height: 0px;padding-top: 15px;border-top-width:0px;border-bottom-width:0px;\"><\/span><strong>Ng\u00e0y:<\/strong> Ng\u00e0y 25 th\u00e1ng 10 n\u0103m 2024 (Th\u1ee9 s\u00e1u)<br \/>\n<span class=\"\" style=\"display:block;clear:both;height: 0px;padding-top: 15px;border-top-width:0px;border-bottom-width:0px;\"><\/span><strong>Th\u1eddi gian:<\/strong> 8:00 t\u1ed1i \u2013 9:00 t\u1ed1i<br \/>\n<span class=\"\" style=\"display:block;clear:both;height: 0px;padding-top: 15px;border-top-width:0px;border-bottom-width:0px;\"><\/span><strong>\u0110\u1ecba \u0111i\u1ec3m:<\/strong> Thu ph\u00f3ng AUG<br \/>\n<span class=\"\" style=\"display:block;clear:both;height: 0px;padding-top: 15px;border-top-width:0px;border-bottom-width:0px;\"><\/span><\/p>\n<h6 style=\"color: #ff0000;\"><strong><em>* ch\u1ec9 ra tr\u01b0\u1eddng b\u1eaft bu\u1ed9c<\/em><\/strong><\/h6>\n\n\t\t<\/div>\n\t<\/div>\n<\/div><\/div><\/div><div class=\"wpb_column vc_column_container vc_col-sm-2 vc_hidden-sm vc_hidden-xs\"><div class=\"vc_column-inner\"><div class=\"wpb_wrapper\"><\/div><\/div><\/div><\/div><div class=\"vc_row-full-width vc_clearfix\"><\/div><div id=\"registration\" class=\"vc_row wpb_row vc_row-fluid\"><div class=\"wpb_column vc_column_container vc_col-sm-12\"><div class=\"vc_column-inner vc_custom_1660175491551\"><div class=\"wpb_wrapper\">\n\t<div class=\"wpb_text_column wpb_content_element\">\n\t\t<div class=\"wpb_wrapper\">\n\t\t\t<iframe class=\"aug_rego_iframe\" src=\"https:\/\/www.research.net\/r\/8L8ZJSJ\" style=\"--height_desktop: 1700px; --height_mobile: 2000px;\"><\/iframe>\n\n\t\t<\/div>\n\t<\/div>\n<\/div><\/div><\/div><\/div>","protected":false},"excerpt":{"rendered":"Master of AI in Business: Insider Insights \u2014 Join Now! Are you ready to explore the future of business through the lens of Artificial Intelligence (AI)? Join us for an exciting insider insights session featuring Denver Magtibay, a current student in the Master of AI in Business (MAIB) program. In this engaging session, Denver will [...]","protected":false},"author":4,"featured_media":393493,"parent":54770,"menu_order":0,"comment_status":"closed","ping_status":"closed","template":"","meta":{"footnotes":""},"class_list":["post-387173","page","type-page","status-publish","hentry"],"yoast_head":"<!-- This site is optimized with the Yoast SEO Premium plugin v27.0 (Yoast SEO v27.3) - https:\/\/yoast.com\/product\/yoast-seo-premium-wordpress\/ -->\n<title>[AUG Manila] SP Jain School of Global Management Information Session - AUG Student Services<\/title>\n<meta name=\"description\" content=\"Discover the future of business through artificial intelligence by joining our insider insights session with Denver Magtibay, a current Master of AI in Business (MAIB) student at SP Jain Global, who will share his journey and how the program equips students with essential skills for thriving in an AI-driven business landscape.\" \/>\n<meta name=\"robots\" content=\"index, follow, max-snippet:-1, max-image-preview:large, max-video-preview:-1\" \/>\n<link rel=\"canonical\" href=\"https:\/\/augstudy.com\/vi\/philippines\/su-kien-2\/buoi-thong-tin-sp-jain\/\" \/>\n<meta property=\"og:locale\" content=\"vi_VN\" \/>\n<meta property=\"og:type\" content=\"article\" \/>\n<meta property=\"og:title\" content=\"[AUG Manila] SP Jain School of Global Management Information Session\" \/>\n<meta property=\"og:description\" content=\"Discover the future of business through artificial intelligence by joining our insider insights session with Denver Magtibay, a current Master of AI in Business (MAIB) student at SP Jain Global, who will share his journey and how the program equips students with essential skills for thriving in an AI-driven business landscape.\" \/>\n<meta property=\"og:url\" content=\"https:\/\/augstudy.com\/vi\/philippines\/su-kien-2\/buoi-thong-tin-sp-jain\/\" \/>\n<meta property=\"og:site_name\" content=\"AUG Student Services\" \/>\n<meta property=\"article:publisher\" content=\"https:\/\/www.facebook.com\/augmalaysia\/\" \/>\n<meta property=\"article:modified_time\" content=\"2024-10-17T07:48:39+00:00\" \/>\n<meta property=\"og:image\" content=\"https:\/\/augstudy.com\/aug-website-files\/wp-content\/uploads\/2024\/10\/aug_mnlevents_sp_jain_info_session_241025_1080x540.jpg\" \/>\n\t<meta property=\"og:image:width\" content=\"1080\" \/>\n\t<meta property=\"og:image:height\" content=\"540\" \/>\n\t<meta property=\"og:image:type\" content=\"image\/jpeg\" \/>\n<meta name=\"twitter:card\" content=\"summary_large_image\" \/>\n<meta name=\"twitter:label1\" content=\"\u01af\u1edbc t\u00ednh th\u1eddi gian \u0111\u1ecdc\" \/>\n\t<meta name=\"twitter:data1\" content=\"2 ph\u00fat\" \/>\n<script type=\"application\/ld+json\" class=\"yoast-schema-graph\">{\"@context\":\"https:\\\/\\\/schema.org\",\"@graph\":[{\"@type\":\"WebPage\",\"@id\":\"https:\\\/\\\/augstudy.com\\\/philippines\\\/events\\\/sp-jain-info-session\\\/\",\"url\":\"https:\\\/\\\/augstudy.com\\\/philippines\\\/events\\\/sp-jain-info-session\\\/\",\"name\":\"[AUG Manila] SP Jain School of Global Management Information Session - AUG Student Services\",\"isPartOf\":{\"@id\":\"https:\\\/\\\/augstudy.com\\\/#website\"},\"primaryImageOfPage\":{\"@id\":\"https:\\\/\\\/augstudy.com\\\/philippines\\\/events\\\/sp-jain-info-session\\\/#primaryimage\"},\"image\":{\"@id\":\"https:\\\/\\\/augstudy.com\\\/philippines\\\/events\\\/sp-jain-info-session\\\/#primaryimage\"},\"thumbnailUrl\":\"https:\\\/\\\/augstudy.com\\\/aug-website-files\\\/wp-content\\\/uploads\\\/2024\\\/10\\\/aug_mnlevents_sp_jain_info_session_241025_1080x540.jpg\",\"datePublished\":\"2024-01-07T23:05:45+00:00\",\"dateModified\":\"2024-10-17T07:48:39+00:00\",\"description\":\"Discover the future of business through artificial intelligence by joining our insider insights session with Denver Magtibay, a current Master of AI in Business (MAIB) student at SP Jain Global, who will share his journey and how the program equips students with essential skills for thriving in an AI-driven business landscape.\",\"breadcrumb\":{\"@id\":\"https:\\\/\\\/augstudy.com\\\/philippines\\\/events\\\/sp-jain-info-session\\\/#breadcrumb\"},\"inLanguage\":\"vi\",\"potentialAction\":[{\"@type\":\"ReadAction\",\"target\":[\"https:\\\/\\\/augstudy.com\\\/philippines\\\/events\\\/sp-jain-info-session\\\/\"]}]},{\"@type\":\"ImageObject\",\"inLanguage\":\"vi\",\"@id\":\"https:\\\/\\\/augstudy.com\\\/philippines\\\/events\\\/sp-jain-info-session\\\/#primaryimage\",\"url\":\"https:\\\/\\\/augstudy.com\\\/aug-website-files\\\/wp-content\\\/uploads\\\/2024\\\/10\\\/aug_mnlevents_sp_jain_info_session_241025_1080x540.jpg\",\"contentUrl\":\"https:\\\/\\\/augstudy.com\\\/aug-website-files\\\/wp-content\\\/uploads\\\/2024\\\/10\\\/aug_mnlevents_sp_jain_info_session_241025_1080x540.jpg\",\"width\":1080,\"height\":540},{\"@type\":\"BreadcrumbList\",\"@id\":\"https:\\\/\\\/augstudy.com\\\/philippines\\\/events\\\/sp-jain-info-session\\\/#breadcrumb\",\"itemListElement\":[{\"@type\":\"ListItem\",\"position\":1,\"name\":\"Home\",\"item\":\"https:\\\/\\\/augstudy.com\\\/\"},{\"@type\":\"ListItem\",\"position\":2,\"name\":\"AUG Philippines\",\"item\":\"https:\\\/\\\/augstudy.com\\\/philippines\\\/\"},{\"@type\":\"ListItem\",\"position\":3,\"name\":\"AUG Philippines Events\",\"item\":\"https:\\\/\\\/augstudy.com\\\/philippines\\\/events\\\/\"},{\"@type\":\"ListItem\",\"position\":4,\"name\":\"[AUG Manila] SP Jain School of Global Management Information Session\"}]},{\"@type\":\"WebSite\",\"@id\":\"https:\\\/\\\/augstudy.com\\\/#website\",\"url\":\"https:\\\/\\\/augstudy.com\\\/\",\"name\":\"AUG Student Services\",\"description\":\"Student Services\",\"alternateName\":\"AUG Global\",\"potentialAction\":[{\"@type\":\"SearchAction\",\"target\":{\"@type\":\"EntryPoint\",\"urlTemplate\":\"https:\\\/\\\/augstudy.com\\\/?s={search_term_string}\"},\"query-input\":{\"@type\":\"PropertyValueSpecification\",\"valueRequired\":true,\"valueName\":\"search_term_string\"}}],\"inLanguage\":\"vi\"}]}<\/script>\n<!-- \/ Yoast SEO Premium plugin. -->","yoast_head_json":{"title":"[AUG Manila] SP Jain School of Global Management Information Session - AUG Student Services","description":"Kh\u00e1m ph\u00e1 t\u01b0\u01a1ng lai c\u1ee7a kinh doanh th\u00f4ng qua tr\u00ed tu\u1ec7 nh\u00e2n t\u1ea1o b\u1eb1ng c\u00e1ch tham gia bu\u1ed5i chia s\u1ebb th\u00f4ng tin chuy\u00ean s\u00e2u c\u1ee7a ch\u00fang t\u00f4i v\u1edbi Denver Magtibay, sinh vi\u00ean Th\u1ea1c s\u0129 AI trong kinh doanh (MAIB) hi\u1ec7n t\u1ea1i t\u1ea1i SP Jain Global, ng\u01b0\u1eddi s\u1ebd chia s\u1ebb h\u00e0nh tr\u00ecnh c\u1ee7a m\u00ecnh v\u00e0 c\u00e1ch ch\u01b0\u01a1ng tr\u00ecnh trang b\u1ecb cho sinh vi\u00ean nh\u1eefng k\u1ef9 n\u0103ng thi\u1ebft y\u1ebfu \u0111\u1ec3 ph\u00e1t tri\u1ec3n trong b\u1ed1i c\u1ea3nh kinh doanh do AI th\u00fac \u0111\u1ea9y.","robots":{"index":"index","follow":"follow","max-snippet":"max-snippet:-1","max-image-preview":"max-image-preview:large","max-video-preview":"max-video-preview:-1"},"canonical":"https:\/\/augstudy.com\/vi\/philippines\/su-kien-2\/buoi-thong-tin-sp-jain\/","og_locale":"vi_VN","og_type":"article","og_title":"[AUG Manila] SP Jain School of Global Management Information Session","og_description":"Discover the future of business through artificial intelligence by joining our insider insights session with Denver Magtibay, a current Master of AI in Business (MAIB) student at SP Jain Global, who will share his journey and how the program equips students with essential skills for thriving in an AI-driven business landscape.","og_url":"https:\/\/augstudy.com\/vi\/philippines\/su-kien-2\/buoi-thong-tin-sp-jain\/","og_site_name":"AUG Student Services","article_publisher":"https:\/\/www.facebook.com\/augmalaysia\/","article_modified_time":"2024-10-17T07:48:39+00:00","og_image":[{"width":1080,"height":540,"url":"https:\/\/augstudy.com\/aug-website-files\/wp-content\/uploads\/2024\/10\/aug_mnlevents_sp_jain_info_session_241025_1080x540.jpg","type":"image\/jpeg"}],"twitter_card":"summary_large_image","twitter_misc":{"\u01af\u1edbc t\u00ednh th\u1eddi gian \u0111\u1ecdc":"2 ph\u00fat"},"schema":{"@context":"https:\/\/schema.org","@graph":[{"@type":"WebPage","@id":"https:\/\/augstudy.com\/philippines\/events\/sp-jain-info-session\/","url":"https:\/\/augstudy.com\/philippines\/events\/sp-jain-info-session\/","name":"[AUG Manila] SP Jain School of Global Management Information Session - AUG Student Services","isPartOf":{"@id":"https:\/\/augstudy.com\/#website"},"primaryImageOfPage":{"@id":"https:\/\/augstudy.com\/philippines\/events\/sp-jain-info-session\/#primaryimage"},"image":{"@id":"https:\/\/augstudy.com\/philippines\/events\/sp-jain-info-session\/#primaryimage"},"thumbnailUrl":"https:\/\/augstudy.com\/aug-website-files\/wp-content\/uploads\/2024\/10\/aug_mnlevents_sp_jain_info_session_241025_1080x540.jpg","datePublished":"2024-01-07T23:05:45+00:00","dateModified":"2024-10-17T07:48:39+00:00","description":"Kh\u00e1m ph\u00e1 t\u01b0\u01a1ng lai c\u1ee7a kinh doanh th\u00f4ng qua tr\u00ed tu\u1ec7 nh\u00e2n t\u1ea1o b\u1eb1ng c\u00e1ch tham gia bu\u1ed5i chia s\u1ebb th\u00f4ng tin chuy\u00ean s\u00e2u c\u1ee7a ch\u00fang t\u00f4i v\u1edbi Denver Magtibay, sinh vi\u00ean Th\u1ea1c s\u0129 AI trong kinh doanh (MAIB) hi\u1ec7n t\u1ea1i t\u1ea1i SP Jain Global, ng\u01b0\u1eddi s\u1ebd chia s\u1ebb h\u00e0nh tr\u00ecnh c\u1ee7a m\u00ecnh v\u00e0 c\u00e1ch ch\u01b0\u01a1ng tr\u00ecnh trang b\u1ecb cho sinh vi\u00ean nh\u1eefng k\u1ef9 n\u0103ng thi\u1ebft y\u1ebfu \u0111\u1ec3 ph\u00e1t tri\u1ec3n trong b\u1ed1i c\u1ea3nh kinh doanh do AI th\u00fac \u0111\u1ea9y.","breadcrumb":{"@id":"https:\/\/augstudy.com\/philippines\/events\/sp-jain-info-session\/#breadcrumb"},"inLanguage":"vi","potentialAction":[{"@type":"ReadAction","target":["https:\/\/augstudy.com\/philippines\/events\/sp-jain-info-session\/"]}]},{"@type":"ImageObject","inLanguage":"vi","@id":"https:\/\/augstudy.com\/philippines\/events\/sp-jain-info-session\/#primaryimage","url":"https:\/\/augstudy.com\/aug-website-files\/wp-content\/uploads\/2024\/10\/aug_mnlevents_sp_jain_info_session_241025_1080x540.jpg","contentUrl":"https:\/\/augstudy.com\/aug-website-files\/wp-content\/uploads\/2024\/10\/aug_mnlevents_sp_jain_info_session_241025_1080x540.jpg","width":1080,"height":540},{"@type":"BreadcrumbList","@id":"https:\/\/augstudy.com\/philippines\/events\/sp-jain-info-session\/#breadcrumb","itemListElement":[{"@type":"ListItem","position":1,"name":"Home","item":"https:\/\/augstudy.com\/"},{"@type":"ListItem","position":2,"name":"AUG Philippines","item":"https:\/\/augstudy.com\/philippines\/"},{"@type":"ListItem","position":3,"name":"AUG Philippines Events","item":"https:\/\/augstudy.com\/philippines\/events\/"},{"@type":"ListItem","position":4,"name":"[AUG Manila] SP Jain School of Global Management Information Session"}]},{"@type":"WebSite","@id":"https:\/\/augstudy.com\/#website","url":"https:\/\/augstudy.com\/","name":"D\u1ecbch v\u1ee5 Sinh vi\u00ean AUG","description":"D\u1ecbch v\u1ee5 sinh vi\u00ean","alternateName":"AUG Global","potentialAction":[{"@type":"SearchAction","target":{"@type":"EntryPoint","urlTemplate":"https:\/\/augstudy.com\/?s={search_term_string}"},"query-input":{"@type":"PropertyValueSpecification","valueRequired":true,"valueName":"search_term_string"}}],"inLanguage":"vi"}]}},"_links":{"self":[{"href":"https:\/\/augstudy.com\/vi\/wp-json\/wp\/v2\/pages\/387173","targetHints":{"allow":["GET"]}}],"collection":[{"href":"https:\/\/augstudy.com\/vi\/wp-json\/wp\/v2\/pages"}],"about":[{"href":"https:\/\/augstudy.com\/vi\/wp-json\/wp\/v2\/types\/page"}],"author":[{"embeddable":true,"href":"https:\/\/augstudy.com\/vi\/wp-json\/wp\/v2\/users\/4"}],"replies":[{"embeddable":true,"href":"https:\/\/augstudy.com\/vi\/wp-json\/wp\/v2\/comments?post=387173"}],"version-history":[{"count":0,"href":"https:\/\/augstudy.com\/vi\/wp-json\/wp\/v2\/pages\/387173\/revisions"}],"up":[{"embeddable":true,"href":"https:\/\/augstudy.com\/vi\/wp-json\/wp\/v2\/pages\/54770"}],"wp:featuredmedia":[{"embeddable":true,"href":"https:\/\/augstudy.com\/vi\/wp-json\/wp\/v2\/media\/393493"}],"wp:attachment":[{"href":"https:\/\/augstudy.com\/vi\/wp-json\/wp\/v2\/media?parent=387173"}],"curies":[{"name":"wp","href":"https:\/\/api.w.org\/{rel}","templated":true}]}}