{"id":386875,"date":"2023-12-07T15:22:15","date_gmt":"2023-12-07T04:22:15","guid":{"rendered":"https:\/\/augstudy.com\/?page_id=386875"},"modified":"2026-03-30T10:26:58","modified_gmt":"2026-03-29T23:26:58","slug":"study-hult-international","status":"publish","type":"page","link":"https:\/\/augstudy.com\/vi\/philippines\/events\/study-hult-international\/","title":{"rendered":"[AUG Manila] Study at Hult International Business School"},"content":{"rendered":"<div data-vc-full-width=\"true\" data-vc-full-width-init=\"false\" class=\"vc_row wpb_row vc_row-fluid vc_custom_1682916971038 vc_row-has-fill vc_row-o-content-middle vc_row-flex\"><div class=\"wpb_column vc_column_container vc_col-sm-2 vc_hidden-sm vc_hidden-xs\"><div class=\"vc_column-inner\"><div class=\"wpb_wrapper\"><\/div><\/div><\/div><div class=\"wpb_column vc_column_container vc_col-sm-8\"><div class=\"vc_column-inner vc_custom_1671748405855\"><div class=\"wpb_wrapper\">\n\t<div class=\"wpb_text_column wpb_content_element  aug_content_box\">\n\t\t<div class=\"wpb_wrapper\">\n\t\t\t<h1><strong>Study in the United States of America (USA) with Hult International Business School<\/strong><\/h1>\n<p><span class=\"\" style=\"display:block;clear:both;height: 0px;padding-top: 15px;border-top-width:0px;border-bottom-width:0px;\"><\/span>Thinking about taking your Postgraduate degree in business abroad? Explore Hult International Business School&#8217;s globally focused Postgraduate programs and discover how you can study at a triple crown-accredited business school with opportunities for real-world learning and international exposure!<br \/>\n<span class=\"\" style=\"display:block;clear:both;height: 0px;padding-top: 15px;border-top-width:0px;border-bottom-width:0px;\"><\/span>Interested in Hult&#8217;s Postgraduate business programs? <span style=\"text-decoration: underline;\"><a href=\"#registration\">\u0110\u0103ng k\u00fd ngay b\u00e2y gi\u1edd<\/a><\/span>, and an AUG Education Consultant will reach out to guide you through your options and next steps.<br \/>\n<span class=\"\" style=\"display:block;clear:both;height: 0px;padding-top: 15px;border-top-width:0px;border-bottom-width:0px;\"><\/span><\/p>\n<h6 style=\"color: #ff0000;\"><strong><em>* ch\u1ec9 ra tr\u01b0\u1eddng b\u1eaft bu\u1ed9c<\/em><\/strong><\/h6>\n\n\t\t<\/div>\n\t<\/div>\n<\/div><\/div><\/div><div class=\"wpb_column vc_column_container vc_col-sm-2 vc_hidden-sm vc_hidden-xs\"><div class=\"vc_column-inner\"><div class=\"wpb_wrapper\"><\/div><\/div><\/div><\/div><div class=\"vc_row-full-width vc_clearfix\"><\/div><div id=\"registration\" class=\"vc_row wpb_row vc_row-fluid\"><div class=\"wpb_column vc_column_container vc_col-sm-12\"><div class=\"vc_column-inner vc_custom_1660175491551\"><div class=\"wpb_wrapper\">\n\t<div class=\"wpb_text_column wpb_content_element\">\n\t\t<div class=\"wpb_wrapper\">\n\t\t\t\r\n<iframe\r\n    id='augRegoForm'\r\n    title='AUG Registration Form'\r\n    allow='geolocation; microphone; camera; fullscreen; payment'\r\n    src='https:\/\/form.jotform.com\/260877184882876?event_name=%5BAUG%20Philippines%5D%20Study%20at%20Hult%20International%20Business%20School'\r\n    frameborder='0'\r\n    style='min-width: 100%; max-width: 100%; height: 100%; border: none;'\r\n\tscrolling='no'\r\n><\/iframe>\r\n\r\n<script src='https:\/\/cdn.jotfor.ms\/s\/umd\/latest\/for-form-embed-handler.js'><\/script>\r\n<script>\r\n    window.jotformEmbedHandler(\r\n        'iframe#augRegoForm',\r\n        'https:\/\/form.jotform.com\/'\r\n    );\r\n<\/script>\r\n\n\n\t\t<\/div>\n\t<\/div>\n<\/div><\/div><\/div><\/div>","protected":false},"excerpt":{"rendered":"Study in the United States of America (USA) with Hult International Business School Thinking about taking your Postgraduate degree in business abroad? Explore Hult International Business School's globally focused Postgraduate programs and discover how you can study at a triple crown-accredited business school with opportunities for real-world learning and international exposure! Interested in Hult's Postgraduate [...]","protected":false},"author":4,"featured_media":0,"parent":54770,"menu_order":0,"comment_status":"closed","ping_status":"closed","template":"","meta":{"footnotes":""},"class_list":["post-386875","page","type-page","status-publish","hentry"],"yoast_head":"<!-- This site is optimized with the Yoast SEO Premium plugin v27.0 (Yoast SEO v27.3) - https:\/\/yoast.com\/product\/yoast-seo-premium-wordpress\/ -->\n<title>[AUG Manila] Study at Hult International Business School - AUG Student Services<\/title>\n<meta name=\"description\" content=\"Thinking about taking your Postgraduate degree in business abroad? Explore Hult International Business School&#039;s globally focused postgraduate programs and discover how you can study at a triple crown-accredited business school with opportunities for real-world learning and international exposure!\" \/>\n<meta name=\"robots\" content=\"index, follow, max-snippet:-1, max-image-preview:large, max-video-preview:-1\" \/>\n<link rel=\"canonical\" href=\"https:\/\/augstudy.com\/vi\/philippines\/su-kien-2\/study-hult-international\/\" \/>\n<meta property=\"og:locale\" content=\"vi_VN\" \/>\n<meta property=\"og:type\" content=\"article\" \/>\n<meta property=\"og:title\" content=\"[AUG Manila] Study at Hult International Business School\" \/>\n<meta property=\"og:description\" content=\"Thinking about taking your Postgraduate degree in business abroad? Explore Hult International Business School&#039;s globally focused postgraduate programs and discover how you can study at a triple crown-accredited business school with opportunities for real-world learning and international exposure!\" \/>\n<meta property=\"og:url\" content=\"https:\/\/augstudy.com\/vi\/philippines\/su-kien-2\/study-hult-international\/\" \/>\n<meta property=\"og:site_name\" content=\"AUG Student Services\" \/>\n<meta property=\"article:publisher\" content=\"https:\/\/www.facebook.com\/augmalaysia\/\" \/>\n<meta property=\"article:modified_time\" content=\"2026-03-29T23:26:58+00:00\" \/>\n<meta name=\"twitter:card\" content=\"summary_large_image\" \/>\n<meta name=\"twitter:label1\" content=\"\u01af\u1edbc t\u00ednh th\u1eddi gian \u0111\u1ecdc\" \/>\n\t<meta name=\"twitter:data1\" content=\"1 ph\u00fat\" \/>\n<script type=\"application\/ld+json\" class=\"yoast-schema-graph\">{\"@context\":\"https:\\\/\\\/schema.org\",\"@graph\":[{\"@type\":\"WebPage\",\"@id\":\"https:\\\/\\\/augstudy.com\\\/philippines\\\/events\\\/study-hult-international\\\/\",\"url\":\"https:\\\/\\\/augstudy.com\\\/philippines\\\/events\\\/study-hult-international\\\/\",\"name\":\"[AUG Manila] Study at Hult International Business School - AUG Student Services\",\"isPartOf\":{\"@id\":\"https:\\\/\\\/augstudy.com\\\/#website\"},\"datePublished\":\"2023-12-07T04:22:15+00:00\",\"dateModified\":\"2026-03-29T23:26:58+00:00\",\"description\":\"Thinking about taking your Postgraduate degree in business abroad? Explore Hult International Business School's globally focused postgraduate programs and discover how you can study at a triple crown-accredited business school with opportunities for real-world learning and international exposure!\",\"breadcrumb\":{\"@id\":\"https:\\\/\\\/augstudy.com\\\/philippines\\\/events\\\/study-hult-international\\\/#breadcrumb\"},\"inLanguage\":\"vi\",\"potentialAction\":[{\"@type\":\"ReadAction\",\"target\":[\"https:\\\/\\\/augstudy.com\\\/philippines\\\/events\\\/study-hult-international\\\/\"]}]},{\"@type\":\"BreadcrumbList\",\"@id\":\"https:\\\/\\\/augstudy.com\\\/philippines\\\/events\\\/study-hult-international\\\/#breadcrumb\",\"itemListElement\":[{\"@type\":\"ListItem\",\"position\":1,\"name\":\"Home\",\"item\":\"https:\\\/\\\/augstudy.com\\\/\"},{\"@type\":\"ListItem\",\"position\":2,\"name\":\"AUG Philippines\",\"item\":\"https:\\\/\\\/augstudy.com\\\/philippines\\\/\"},{\"@type\":\"ListItem\",\"position\":3,\"name\":\"AUG Philippines Events\",\"item\":\"https:\\\/\\\/augstudy.com\\\/philippines\\\/events\\\/\"},{\"@type\":\"ListItem\",\"position\":4,\"name\":\"[AUG Manila] Study at Hult International Business School\"}]},{\"@type\":\"WebSite\",\"@id\":\"https:\\\/\\\/augstudy.com\\\/#website\",\"url\":\"https:\\\/\\\/augstudy.com\\\/\",\"name\":\"AUG Student Services\",\"description\":\"Student Services\",\"alternateName\":\"AUG Global\",\"potentialAction\":[{\"@type\":\"SearchAction\",\"target\":{\"@type\":\"EntryPoint\",\"urlTemplate\":\"https:\\\/\\\/augstudy.com\\\/?s={search_term_string}\"},\"query-input\":{\"@type\":\"PropertyValueSpecification\",\"valueRequired\":true,\"valueName\":\"search_term_string\"}}],\"inLanguage\":\"vi\"}]}<\/script>\n<!-- \/ Yoast SEO Premium plugin. -->","yoast_head_json":{"title":"[AUG Manila] Study at Hult International Business School - AUG Student Services","description":"Thinking about taking your Postgraduate degree in business abroad? Explore Hult International Business School's globally focused postgraduate programs and discover how you can study at a triple crown-accredited business school with opportunities for real-world learning and international exposure!","robots":{"index":"index","follow":"follow","max-snippet":"max-snippet:-1","max-image-preview":"max-image-preview:large","max-video-preview":"max-video-preview:-1"},"canonical":"https:\/\/augstudy.com\/vi\/philippines\/su-kien-2\/study-hult-international\/","og_locale":"vi_VN","og_type":"article","og_title":"[AUG Manila] Study at Hult International Business School","og_description":"Thinking about taking your Postgraduate degree in business abroad? Explore Hult International Business School's globally focused postgraduate programs and discover how you can study at a triple crown-accredited business school with opportunities for real-world learning and international exposure!","og_url":"https:\/\/augstudy.com\/vi\/philippines\/su-kien-2\/study-hult-international\/","og_site_name":"AUG Student Services","article_publisher":"https:\/\/www.facebook.com\/augmalaysia\/","article_modified_time":"2026-03-29T23:26:58+00:00","twitter_card":"summary_large_image","twitter_misc":{"\u01af\u1edbc t\u00ednh th\u1eddi gian \u0111\u1ecdc":"1 ph\u00fat"},"schema":{"@context":"https:\/\/schema.org","@graph":[{"@type":"WebPage","@id":"https:\/\/augstudy.com\/philippines\/events\/study-hult-international\/","url":"https:\/\/augstudy.com\/philippines\/events\/study-hult-international\/","name":"[AUG Manila] Study at Hult International Business School - AUG Student Services","isPartOf":{"@id":"https:\/\/augstudy.com\/#website"},"datePublished":"2023-12-07T04:22:15+00:00","dateModified":"2026-03-29T23:26:58+00:00","description":"Thinking about taking your Postgraduate degree in business abroad? Explore Hult International Business School's globally focused postgraduate programs and discover how you can study at a triple crown-accredited business school with opportunities for real-world learning and international exposure!","breadcrumb":{"@id":"https:\/\/augstudy.com\/philippines\/events\/study-hult-international\/#breadcrumb"},"inLanguage":"vi","potentialAction":[{"@type":"ReadAction","target":["https:\/\/augstudy.com\/philippines\/events\/study-hult-international\/"]}]},{"@type":"BreadcrumbList","@id":"https:\/\/augstudy.com\/philippines\/events\/study-hult-international\/#breadcrumb","itemListElement":[{"@type":"ListItem","position":1,"name":"Home","item":"https:\/\/augstudy.com\/"},{"@type":"ListItem","position":2,"name":"AUG Philippines","item":"https:\/\/augstudy.com\/philippines\/"},{"@type":"ListItem","position":3,"name":"AUG Philippines Events","item":"https:\/\/augstudy.com\/philippines\/events\/"},{"@type":"ListItem","position":4,"name":"[AUG Manila] Study at Hult International Business School"}]},{"@type":"WebSite","@id":"https:\/\/augstudy.com\/#website","url":"https:\/\/augstudy.com\/","name":"D\u1ecbch v\u1ee5 Sinh vi\u00ean AUG","description":"D\u1ecbch v\u1ee5 sinh vi\u00ean","alternateName":"AUG Global","potentialAction":[{"@type":"SearchAction","target":{"@type":"EntryPoint","urlTemplate":"https:\/\/augstudy.com\/?s={search_term_string}"},"query-input":{"@type":"PropertyValueSpecification","valueRequired":true,"valueName":"search_term_string"}}],"inLanguage":"vi"}]}},"_links":{"self":[{"href":"https:\/\/augstudy.com\/vi\/wp-json\/wp\/v2\/pages\/386875","targetHints":{"allow":["GET"]}}],"collection":[{"href":"https:\/\/augstudy.com\/vi\/wp-json\/wp\/v2\/pages"}],"about":[{"href":"https:\/\/augstudy.com\/vi\/wp-json\/wp\/v2\/types\/page"}],"author":[{"embeddable":true,"href":"https:\/\/augstudy.com\/vi\/wp-json\/wp\/v2\/users\/4"}],"replies":[{"embeddable":true,"href":"https:\/\/augstudy.com\/vi\/wp-json\/wp\/v2\/comments?post=386875"}],"version-history":[{"count":2,"href":"https:\/\/augstudy.com\/vi\/wp-json\/wp\/v2\/pages\/386875\/revisions"}],"predecessor-version":[{"id":411334,"href":"https:\/\/augstudy.com\/vi\/wp-json\/wp\/v2\/pages\/386875\/revisions\/411334"}],"up":[{"embeddable":true,"href":"https:\/\/augstudy.com\/vi\/wp-json\/wp\/v2\/pages\/54770"}],"wp:attachment":[{"href":"https:\/\/augstudy.com\/vi\/wp-json\/wp\/v2\/media?parent=386875"}],"curies":[{"name":"wp","href":"https:\/\/api.w.org\/{rel}","templated":true}]}}