{"id":386379,"date":"2023-10-24T15:12:51","date_gmt":"2023-10-24T04:12:51","guid":{"rendered":"https:\/\/augstudy.com\/?page_id=386379"},"modified":"2023-10-24T15:12:51","modified_gmt":"2023-10-24T04:12:51","slug":"lyn-guo","status":"publish","type":"page","link":"https:\/\/augstudy.com\/vi\/vcard\/australia\/lyn-guo\/","title":{"rendered":"Lyn Guo"},"content":{"rendered":"<div class=\"vc_row wpb_row vc_row-fluid\"><div class=\"wpb_column vc_column_container vc_col-sm-12\"><div class=\"vc_column-inner\"><div class=\"wpb_wrapper\">\n\t<div class=\"wpb_raw_code wpb_content_element wpb_raw_html margin_bottom_0px\">\n\t\t<div class=\"wpb_wrapper\">\n\t\t\t<a class=\"vcard-download\" href=\"https:\/\/augstudy.com\/aug-website-files\/wp-content\/uploads\/vcard\/Lyn_GUO.vcf\"><\/a>\n\t\t<\/div>\n\t<\/div>\n<\/div><\/div><\/div><\/div>","protected":false},"excerpt":{"rendered":"","protected":false},"author":4,"featured_media":386373,"parent":97514,"menu_order":0,"comment_status":"closed","ping_status":"closed","template":"","meta":{"footnotes":""},"class_list":["post-386379","page","type-page","status-publish","hentry"],"yoast_head":"<!-- This site is optimized with the Yoast SEO Premium plugin v27.0 (Yoast SEO v27.3) - https:\/\/yoast.com\/product\/yoast-seo-premium-wordpress\/ -->\n<title>Lyn Guo - AUG Student Services<\/title>\n<meta name=\"description\" content=\"With a strong background in accounting principles and practices, Lyn consistently delivers accurate financial reports and analysis, ensuring the company&#039;s financial stability and growth. Her excellent communication skills enable her to effectively collaborate with colleagues and clients, fostering a positive work environment.\" \/>\n<meta name=\"robots\" content=\"index, follow, max-snippet:-1, max-image-preview:large, max-video-preview:-1\" \/>\n<link rel=\"canonical\" href=\"https:\/\/augstudy.com\/vi\/vcard\/chau-uc\/lyn-guo\/\" \/>\n<meta property=\"og:locale\" content=\"vi_VN\" \/>\n<meta property=\"og:type\" content=\"article\" \/>\n<meta property=\"og:title\" content=\"Lyn Guo\" \/>\n<meta property=\"og:description\" content=\"With a strong background in accounting principles and practices, Lyn consistently delivers accurate financial reports and analysis, ensuring the company&#039;s financial stability and growth. Her excellent communication skills enable her to effectively collaborate with colleagues and clients, fostering a positive work environment.\" \/>\n<meta property=\"og:url\" content=\"https:\/\/augstudy.com\/vi\/vcard\/chau-uc\/lyn-guo\/\" \/>\n<meta property=\"og:site_name\" content=\"AUG Student Services\" \/>\n<meta property=\"article:publisher\" content=\"https:\/\/www.facebook.com\/augmalaysia\/\" \/>\n<meta property=\"og:image\" content=\"https:\/\/augstudy.com\/aug-website-files\/wp-content\/uploads\/2023\/10\/aug_vcard_lyn_guo_500x500.png\" \/>\n\t<meta property=\"og:image:width\" content=\"500\" \/>\n\t<meta property=\"og:image:height\" content=\"500\" \/>\n\t<meta property=\"og:image:type\" content=\"image\/png\" \/>\n<meta name=\"twitter:card\" content=\"summary_large_image\" \/>\n<meta name=\"twitter:label1\" content=\"\u01af\u1edbc t\u00ednh th\u1eddi gian \u0111\u1ecdc\" \/>\n\t<meta name=\"twitter:data1\" content=\"1 ph\u00fat\" \/>\n<script type=\"application\/ld+json\" class=\"yoast-schema-graph\">{\"@context\":\"https:\\\/\\\/schema.org\",\"@graph\":[{\"@type\":\"WebPage\",\"@id\":\"https:\\\/\\\/augstudy.com\\\/vcard\\\/australia\\\/lyn-guo\\\/\",\"url\":\"https:\\\/\\\/augstudy.com\\\/vcard\\\/australia\\\/lyn-guo\\\/\",\"name\":\"Lyn Guo - AUG Student Services\",\"isPartOf\":{\"@id\":\"https:\\\/\\\/augstudy.com\\\/#website\"},\"primaryImageOfPage\":{\"@id\":\"https:\\\/\\\/augstudy.com\\\/vcard\\\/australia\\\/lyn-guo\\\/#primaryimage\"},\"image\":{\"@id\":\"https:\\\/\\\/augstudy.com\\\/vcard\\\/australia\\\/lyn-guo\\\/#primaryimage\"},\"thumbnailUrl\":\"https:\\\/\\\/augstudy.com\\\/aug-website-files\\\/wp-content\\\/uploads\\\/2023\\\/10\\\/aug_vcard_lyn_guo_500x500.png\",\"datePublished\":\"2023-10-24T04:12:51+00:00\",\"description\":\"With a strong background in accounting principles and practices, Lyn consistently delivers accurate financial reports and analysis, ensuring the company's financial stability and growth. Her excellent communication skills enable her to effectively collaborate with colleagues and clients, fostering a positive work environment.\",\"breadcrumb\":{\"@id\":\"https:\\\/\\\/augstudy.com\\\/vcard\\\/australia\\\/lyn-guo\\\/#breadcrumb\"},\"inLanguage\":\"vi\",\"potentialAction\":[{\"@type\":\"ReadAction\",\"target\":[\"https:\\\/\\\/augstudy.com\\\/vcard\\\/australia\\\/lyn-guo\\\/\"]}]},{\"@type\":\"ImageObject\",\"inLanguage\":\"vi\",\"@id\":\"https:\\\/\\\/augstudy.com\\\/vcard\\\/australia\\\/lyn-guo\\\/#primaryimage\",\"url\":\"https:\\\/\\\/augstudy.com\\\/aug-website-files\\\/wp-content\\\/uploads\\\/2023\\\/10\\\/aug_vcard_lyn_guo_500x500.png\",\"contentUrl\":\"https:\\\/\\\/augstudy.com\\\/aug-website-files\\\/wp-content\\\/uploads\\\/2023\\\/10\\\/aug_vcard_lyn_guo_500x500.png\",\"width\":500,\"height\":500},{\"@type\":\"BreadcrumbList\",\"@id\":\"https:\\\/\\\/augstudy.com\\\/vcard\\\/australia\\\/lyn-guo\\\/#breadcrumb\",\"itemListElement\":[{\"@type\":\"ListItem\",\"position\":1,\"name\":\"Home\",\"item\":\"https:\\\/\\\/augstudy.com\\\/\"},{\"@type\":\"ListItem\",\"position\":2,\"name\":\"vCard\",\"item\":\"https:\\\/\\\/augstudy.com\\\/vcard\\\/\"},{\"@type\":\"ListItem\",\"position\":3,\"name\":\"vCard &#8211; Australia\",\"item\":\"https:\\\/\\\/augstudy.com\\\/vcard\\\/australia\\\/\"},{\"@type\":\"ListItem\",\"position\":4,\"name\":\"Lyn Guo\"}]},{\"@type\":\"WebSite\",\"@id\":\"https:\\\/\\\/augstudy.com\\\/#website\",\"url\":\"https:\\\/\\\/augstudy.com\\\/\",\"name\":\"AUG Student Services\",\"description\":\"Student Services\",\"alternateName\":\"AUG Global\",\"potentialAction\":[{\"@type\":\"SearchAction\",\"target\":{\"@type\":\"EntryPoint\",\"urlTemplate\":\"https:\\\/\\\/augstudy.com\\\/?s={search_term_string}\"},\"query-input\":{\"@type\":\"PropertyValueSpecification\",\"valueRequired\":true,\"valueName\":\"search_term_string\"}}],\"inLanguage\":\"vi\"}]}<\/script>\n<!-- \/ Yoast SEO Premium plugin. -->","yoast_head_json":{"title":"Lyn Guo - AUG Student Services","description":"V\u1edbi n\u1ec1n t\u1ea3ng v\u1eefng ch\u1eafc v\u1ec1 c\u00e1c nguy\u00ean t\u1eafc v\u00e0 th\u1ef1c ti\u1ec5n k\u1ebf to\u00e1n, Lyn lu\u00f4n cung c\u1ea5p c\u00e1c b\u00e1o c\u00e1o v\u00e0 ph\u00e2n t\u00edch t\u00e0i ch\u00ednh ch\u00ednh x\u00e1c, \u0111\u1ea3m b\u1ea3o s\u1ef1 \u1ed5n \u0111\u1ecbnh v\u00e0 t\u0103ng tr\u01b0\u1edfng t\u00e0i ch\u00ednh c\u1ee7a c\u00f4ng ty. K\u1ef9 n\u0103ng giao ti\u1ebfp tuy\u1ec7t v\u1eddi c\u1ee7a c\u00f4 gi\u00fap c\u00f4 c\u1ed9ng t\u00e1c hi\u1ec7u qu\u1ea3 v\u1edbi \u0111\u1ed3ng nghi\u1ec7p v\u00e0 kh\u00e1ch h\u00e0ng, th\u00fac \u0111\u1ea9y m\u1ed9t m\u00f4i tr\u01b0\u1eddng l\u00e0m vi\u1ec7c t\u00edch c\u1ef1c.","robots":{"index":"index","follow":"follow","max-snippet":"max-snippet:-1","max-image-preview":"max-image-preview:large","max-video-preview":"max-video-preview:-1"},"canonical":"https:\/\/augstudy.com\/vi\/vcard\/chau-uc\/lyn-guo\/","og_locale":"vi_VN","og_type":"article","og_title":"Lyn Guo","og_description":"With a strong background in accounting principles and practices, Lyn consistently delivers accurate financial reports and analysis, ensuring the company's financial stability and growth. Her excellent communication skills enable her to effectively collaborate with colleagues and clients, fostering a positive work environment.","og_url":"https:\/\/augstudy.com\/vi\/vcard\/chau-uc\/lyn-guo\/","og_site_name":"AUG Student Services","article_publisher":"https:\/\/www.facebook.com\/augmalaysia\/","og_image":[{"width":500,"height":500,"url":"https:\/\/augstudy.com\/aug-website-files\/wp-content\/uploads\/2023\/10\/aug_vcard_lyn_guo_500x500.png","type":"image\/png"}],"twitter_card":"summary_large_image","twitter_misc":{"\u01af\u1edbc t\u00ednh th\u1eddi gian \u0111\u1ecdc":"1 ph\u00fat"},"schema":{"@context":"https:\/\/schema.org","@graph":[{"@type":"WebPage","@id":"https:\/\/augstudy.com\/vcard\/australia\/lyn-guo\/","url":"https:\/\/augstudy.com\/vcard\/australia\/lyn-guo\/","name":"Lyn Guo - AUG Student Services","isPartOf":{"@id":"https:\/\/augstudy.com\/#website"},"primaryImageOfPage":{"@id":"https:\/\/augstudy.com\/vcard\/australia\/lyn-guo\/#primaryimage"},"image":{"@id":"https:\/\/augstudy.com\/vcard\/australia\/lyn-guo\/#primaryimage"},"thumbnailUrl":"https:\/\/augstudy.com\/aug-website-files\/wp-content\/uploads\/2023\/10\/aug_vcard_lyn_guo_500x500.png","datePublished":"2023-10-24T04:12:51+00:00","description":"V\u1edbi n\u1ec1n t\u1ea3ng v\u1eefng ch\u1eafc v\u1ec1 c\u00e1c nguy\u00ean t\u1eafc v\u00e0 th\u1ef1c ti\u1ec5n k\u1ebf to\u00e1n, Lyn lu\u00f4n cung c\u1ea5p c\u00e1c b\u00e1o c\u00e1o v\u00e0 ph\u00e2n t\u00edch t\u00e0i ch\u00ednh ch\u00ednh x\u00e1c, \u0111\u1ea3m b\u1ea3o s\u1ef1 \u1ed5n \u0111\u1ecbnh v\u00e0 t\u0103ng tr\u01b0\u1edfng t\u00e0i ch\u00ednh c\u1ee7a c\u00f4ng ty. K\u1ef9 n\u0103ng giao ti\u1ebfp tuy\u1ec7t v\u1eddi c\u1ee7a c\u00f4 gi\u00fap c\u00f4 c\u1ed9ng t\u00e1c hi\u1ec7u qu\u1ea3 v\u1edbi \u0111\u1ed3ng nghi\u1ec7p v\u00e0 kh\u00e1ch h\u00e0ng, th\u00fac \u0111\u1ea9y m\u1ed9t m\u00f4i tr\u01b0\u1eddng l\u00e0m vi\u1ec7c t\u00edch c\u1ef1c.","breadcrumb":{"@id":"https:\/\/augstudy.com\/vcard\/australia\/lyn-guo\/#breadcrumb"},"inLanguage":"vi","potentialAction":[{"@type":"ReadAction","target":["https:\/\/augstudy.com\/vcard\/australia\/lyn-guo\/"]}]},{"@type":"ImageObject","inLanguage":"vi","@id":"https:\/\/augstudy.com\/vcard\/australia\/lyn-guo\/#primaryimage","url":"https:\/\/augstudy.com\/aug-website-files\/wp-content\/uploads\/2023\/10\/aug_vcard_lyn_guo_500x500.png","contentUrl":"https:\/\/augstudy.com\/aug-website-files\/wp-content\/uploads\/2023\/10\/aug_vcard_lyn_guo_500x500.png","width":500,"height":500},{"@type":"BreadcrumbList","@id":"https:\/\/augstudy.com\/vcard\/australia\/lyn-guo\/#breadcrumb","itemListElement":[{"@type":"ListItem","position":1,"name":"Home","item":"https:\/\/augstudy.com\/"},{"@type":"ListItem","position":2,"name":"vCard","item":"https:\/\/augstudy.com\/vcard\/"},{"@type":"ListItem","position":3,"name":"vCard &#8211; Australia","item":"https:\/\/augstudy.com\/vcard\/australia\/"},{"@type":"ListItem","position":4,"name":"Lyn Guo"}]},{"@type":"WebSite","@id":"https:\/\/augstudy.com\/#website","url":"https:\/\/augstudy.com\/","name":"D\u1ecbch v\u1ee5 Sinh vi\u00ean AUG","description":"D\u1ecbch v\u1ee5 sinh vi\u00ean","alternateName":"AUG Global","potentialAction":[{"@type":"SearchAction","target":{"@type":"EntryPoint","urlTemplate":"https:\/\/augstudy.com\/?s={search_term_string}"},"query-input":{"@type":"PropertyValueSpecification","valueRequired":true,"valueName":"search_term_string"}}],"inLanguage":"vi"}]}},"_links":{"self":[{"href":"https:\/\/augstudy.com\/vi\/wp-json\/wp\/v2\/pages\/386379","targetHints":{"allow":["GET"]}}],"collection":[{"href":"https:\/\/augstudy.com\/vi\/wp-json\/wp\/v2\/pages"}],"about":[{"href":"https:\/\/augstudy.com\/vi\/wp-json\/wp\/v2\/types\/page"}],"author":[{"embeddable":true,"href":"https:\/\/augstudy.com\/vi\/wp-json\/wp\/v2\/users\/4"}],"replies":[{"embeddable":true,"href":"https:\/\/augstudy.com\/vi\/wp-json\/wp\/v2\/comments?post=386379"}],"version-history":[{"count":0,"href":"https:\/\/augstudy.com\/vi\/wp-json\/wp\/v2\/pages\/386379\/revisions"}],"up":[{"embeddable":true,"href":"https:\/\/augstudy.com\/vi\/wp-json\/wp\/v2\/pages\/97514"}],"wp:featuredmedia":[{"embeddable":true,"href":"https:\/\/augstudy.com\/vi\/wp-json\/wp\/v2\/media\/386373"}],"wp:attachment":[{"href":"https:\/\/augstudy.com\/vi\/wp-json\/wp\/v2\/media?parent=386379"}],"curies":[{"name":"wp","href":"https:\/\/api.w.org\/{rel}","templated":true}]}}