{"id":386377,"date":"2023-10-24T15:11:44","date_gmt":"2023-10-24T04:11:44","guid":{"rendered":"https:\/\/augstudy.com\/?page_id=386377"},"modified":"2023-10-24T15:11:44","modified_gmt":"2023-10-24T04:11:44","slug":"fisher-lim","status":"publish","type":"page","link":"https:\/\/augstudy.com\/vi\/vcard\/australia\/fisher-lim\/","title":{"rendered":"Fisher Lim"},"content":{"rendered":"<div class=\"vc_row wpb_row vc_row-fluid\"><div class=\"wpb_column vc_column_container vc_col-sm-12\"><div class=\"vc_column-inner\"><div class=\"wpb_wrapper\">\n\t<div class=\"wpb_raw_code wpb_content_element wpb_raw_html margin_bottom_0px\">\n\t\t<div class=\"wpb_wrapper\">\n\t\t\t<a class=\"vcard-download\" href=\"https:\/\/augstudy.com\/aug-website-files\/wp-content\/uploads\/vcard\/Fisher_LIM.vcf\"><\/a>\n\t\t<\/div>\n\t<\/div>\n<\/div><\/div><\/div><\/div>","protected":false},"excerpt":{"rendered":"","protected":false},"author":4,"featured_media":386370,"parent":97514,"menu_order":0,"comment_status":"closed","ping_status":"closed","template":"","meta":{"footnotes":""},"class_list":["post-386377","page","type-page","status-publish","hentry"],"yoast_head":"<!-- This site is optimized with the Yoast SEO Premium plugin v27.0 (Yoast SEO v27.3) - https:\/\/yoast.com\/product\/yoast-seo-premium-wordpress\/ -->\n<title>Fisher Lim - AUG Student Services<\/title>\n<meta name=\"description\" content=\"Fisher is a highly skilled and dedicated Computer Network and Systems Engineer at AUG Melbourne, with a proven track record of excellence in website and CRM implementation. His expertise in web development, combined with his in-depth knowledge of CRM systems, enables him to create seamless, user-friendly, and efficient digital experiences for AUG.\" \/>\n<meta name=\"robots\" content=\"index, follow, max-snippet:-1, max-image-preview:large, max-video-preview:-1\" \/>\n<link rel=\"canonical\" href=\"https:\/\/augstudy.com\/vi\/vcard\/chau-uc\/fisher-lim\/\" \/>\n<meta property=\"og:locale\" content=\"vi_VN\" \/>\n<meta property=\"og:type\" content=\"article\" \/>\n<meta property=\"og:title\" content=\"Fisher Lim\" \/>\n<meta property=\"og:description\" content=\"Fisher is a highly skilled and dedicated Computer Network and Systems Engineer at AUG Melbourne, with a proven track record of excellence in website and CRM implementation. His expertise in web development, combined with his in-depth knowledge of CRM systems, enables him to create seamless, user-friendly, and efficient digital experiences for AUG.\" \/>\n<meta property=\"og:url\" content=\"https:\/\/augstudy.com\/vi\/vcard\/chau-uc\/fisher-lim\/\" \/>\n<meta property=\"og:site_name\" content=\"AUG Student Services\" \/>\n<meta property=\"article:publisher\" content=\"https:\/\/www.facebook.com\/augmalaysia\/\" \/>\n<meta property=\"og:image\" content=\"https:\/\/augstudy.com\/aug-website-files\/wp-content\/uploads\/2023\/10\/aug_vcard_fisher_lim_500x500.png\" \/>\n\t<meta property=\"og:image:width\" content=\"500\" \/>\n\t<meta property=\"og:image:height\" content=\"500\" \/>\n\t<meta property=\"og:image:type\" content=\"image\/png\" \/>\n<meta name=\"twitter:card\" content=\"summary_large_image\" \/>\n<meta name=\"twitter:label1\" content=\"\u01af\u1edbc t\u00ednh th\u1eddi gian \u0111\u1ecdc\" \/>\n\t<meta name=\"twitter:data1\" content=\"1 ph\u00fat\" \/>\n<script type=\"application\/ld+json\" class=\"yoast-schema-graph\">{\"@context\":\"https:\\\/\\\/schema.org\",\"@graph\":[{\"@type\":\"WebPage\",\"@id\":\"https:\\\/\\\/augstudy.com\\\/vcard\\\/australia\\\/fisher-lim\\\/\",\"url\":\"https:\\\/\\\/augstudy.com\\\/vcard\\\/australia\\\/fisher-lim\\\/\",\"name\":\"Fisher Lim - AUG Student Services\",\"isPartOf\":{\"@id\":\"https:\\\/\\\/augstudy.com\\\/#website\"},\"primaryImageOfPage\":{\"@id\":\"https:\\\/\\\/augstudy.com\\\/vcard\\\/australia\\\/fisher-lim\\\/#primaryimage\"},\"image\":{\"@id\":\"https:\\\/\\\/augstudy.com\\\/vcard\\\/australia\\\/fisher-lim\\\/#primaryimage\"},\"thumbnailUrl\":\"https:\\\/\\\/augstudy.com\\\/aug-website-files\\\/wp-content\\\/uploads\\\/2023\\\/10\\\/aug_vcard_fisher_lim_500x500.png\",\"datePublished\":\"2023-10-24T04:11:44+00:00\",\"description\":\"Fisher is a highly skilled and dedicated Computer Network and Systems Engineer at AUG Melbourne, with a proven track record of excellence in website and CRM implementation. His expertise in web development, combined with his in-depth knowledge of CRM systems, enables him to create seamless, user-friendly, and efficient digital experiences for AUG.\",\"breadcrumb\":{\"@id\":\"https:\\\/\\\/augstudy.com\\\/vcard\\\/australia\\\/fisher-lim\\\/#breadcrumb\"},\"inLanguage\":\"vi\",\"potentialAction\":[{\"@type\":\"ReadAction\",\"target\":[\"https:\\\/\\\/augstudy.com\\\/vcard\\\/australia\\\/fisher-lim\\\/\"]}]},{\"@type\":\"ImageObject\",\"inLanguage\":\"vi\",\"@id\":\"https:\\\/\\\/augstudy.com\\\/vcard\\\/australia\\\/fisher-lim\\\/#primaryimage\",\"url\":\"https:\\\/\\\/augstudy.com\\\/aug-website-files\\\/wp-content\\\/uploads\\\/2023\\\/10\\\/aug_vcard_fisher_lim_500x500.png\",\"contentUrl\":\"https:\\\/\\\/augstudy.com\\\/aug-website-files\\\/wp-content\\\/uploads\\\/2023\\\/10\\\/aug_vcard_fisher_lim_500x500.png\",\"width\":500,\"height\":500},{\"@type\":\"BreadcrumbList\",\"@id\":\"https:\\\/\\\/augstudy.com\\\/vcard\\\/australia\\\/fisher-lim\\\/#breadcrumb\",\"itemListElement\":[{\"@type\":\"ListItem\",\"position\":1,\"name\":\"Home\",\"item\":\"https:\\\/\\\/augstudy.com\\\/\"},{\"@type\":\"ListItem\",\"position\":2,\"name\":\"vCard\",\"item\":\"https:\\\/\\\/augstudy.com\\\/vcard\\\/\"},{\"@type\":\"ListItem\",\"position\":3,\"name\":\"vCard &#8211; Australia\",\"item\":\"https:\\\/\\\/augstudy.com\\\/vcard\\\/australia\\\/\"},{\"@type\":\"ListItem\",\"position\":4,\"name\":\"Fisher Lim\"}]},{\"@type\":\"WebSite\",\"@id\":\"https:\\\/\\\/augstudy.com\\\/#website\",\"url\":\"https:\\\/\\\/augstudy.com\\\/\",\"name\":\"AUG Student Services\",\"description\":\"Student Services\",\"alternateName\":\"AUG Global\",\"potentialAction\":[{\"@type\":\"SearchAction\",\"target\":{\"@type\":\"EntryPoint\",\"urlTemplate\":\"https:\\\/\\\/augstudy.com\\\/?s={search_term_string}\"},\"query-input\":{\"@type\":\"PropertyValueSpecification\",\"valueRequired\":true,\"valueName\":\"search_term_string\"}}],\"inLanguage\":\"vi\"}]}<\/script>\n<!-- \/ Yoast SEO Premium plugin. -->","yoast_head_json":{"title":"Fisher Lim - AUG Student Services","description":"Fisher l\u00e0 K\u1ef9 s\u01b0 H\u1ec7 th\u1ed1ng v\u00e0 M\u1ea1ng M\u00e1y t\u00ednh c\u00f3 tay ngh\u1ec1 cao v\u00e0 t\u1eadn t\u00e2m t\u1ea1i AUG Melbourne, v\u1edbi th\u00e0nh t\u00edch \u0111\u00e3 \u0111\u01b0\u1ee3c ch\u1ee9ng minh l\u00e0 xu\u1ea5t s\u1eafc trong vi\u1ec7c tri\u1ec3n khai trang web v\u00e0 CRM. Chuy\u00ean m\u00f4n c\u1ee7a anh \u1ea5y v\u1ec1 ph\u00e1t tri\u1ec3n web, k\u1ebft h\u1ee3p v\u1edbi ki\u1ebfn th\u1ee9c chuy\u00ean s\u00e2u v\u1ec1 h\u1ec7 th\u1ed1ng CRM, cho ph\u00e9p anh \u1ea5y t\u1ea1o ra nh\u1eefng tr\u1ea3i nghi\u1ec7m k\u1ef9 thu\u1eadt s\u1ed1 li\u1ec1n m\u1ea1ch, th\u00e2n thi\u1ec7n v\u1edbi ng\u01b0\u1eddi d\u00f9ng v\u00e0 hi\u1ec7u qu\u1ea3 cho AUG.","robots":{"index":"index","follow":"follow","max-snippet":"max-snippet:-1","max-image-preview":"max-image-preview:large","max-video-preview":"max-video-preview:-1"},"canonical":"https:\/\/augstudy.com\/vi\/vcard\/chau-uc\/fisher-lim\/","og_locale":"vi_VN","og_type":"article","og_title":"Fisher Lim","og_description":"Fisher is a highly skilled and dedicated Computer Network and Systems Engineer at AUG Melbourne, with a proven track record of excellence in website and CRM implementation. His expertise in web development, combined with his in-depth knowledge of CRM systems, enables him to create seamless, user-friendly, and efficient digital experiences for AUG.","og_url":"https:\/\/augstudy.com\/vi\/vcard\/chau-uc\/fisher-lim\/","og_site_name":"AUG Student Services","article_publisher":"https:\/\/www.facebook.com\/augmalaysia\/","og_image":[{"width":500,"height":500,"url":"https:\/\/augstudy.com\/aug-website-files\/wp-content\/uploads\/2023\/10\/aug_vcard_fisher_lim_500x500.png","type":"image\/png"}],"twitter_card":"summary_large_image","twitter_misc":{"\u01af\u1edbc t\u00ednh th\u1eddi gian \u0111\u1ecdc":"1 ph\u00fat"},"schema":{"@context":"https:\/\/schema.org","@graph":[{"@type":"WebPage","@id":"https:\/\/augstudy.com\/vcard\/australia\/fisher-lim\/","url":"https:\/\/augstudy.com\/vcard\/australia\/fisher-lim\/","name":"Fisher Lim - AUG Student Services","isPartOf":{"@id":"https:\/\/augstudy.com\/#website"},"primaryImageOfPage":{"@id":"https:\/\/augstudy.com\/vcard\/australia\/fisher-lim\/#primaryimage"},"image":{"@id":"https:\/\/augstudy.com\/vcard\/australia\/fisher-lim\/#primaryimage"},"thumbnailUrl":"https:\/\/augstudy.com\/aug-website-files\/wp-content\/uploads\/2023\/10\/aug_vcard_fisher_lim_500x500.png","datePublished":"2023-10-24T04:11:44+00:00","description":"Fisher l\u00e0 K\u1ef9 s\u01b0 H\u1ec7 th\u1ed1ng v\u00e0 M\u1ea1ng M\u00e1y t\u00ednh c\u00f3 tay ngh\u1ec1 cao v\u00e0 t\u1eadn t\u00e2m t\u1ea1i AUG Melbourne, v\u1edbi th\u00e0nh t\u00edch \u0111\u00e3 \u0111\u01b0\u1ee3c ch\u1ee9ng minh l\u00e0 xu\u1ea5t s\u1eafc trong vi\u1ec7c tri\u1ec3n khai trang web v\u00e0 CRM. Chuy\u00ean m\u00f4n c\u1ee7a anh \u1ea5y v\u1ec1 ph\u00e1t tri\u1ec3n web, k\u1ebft h\u1ee3p v\u1edbi ki\u1ebfn th\u1ee9c chuy\u00ean s\u00e2u v\u1ec1 h\u1ec7 th\u1ed1ng CRM, cho ph\u00e9p anh \u1ea5y t\u1ea1o ra nh\u1eefng tr\u1ea3i nghi\u1ec7m k\u1ef9 thu\u1eadt s\u1ed1 li\u1ec1n m\u1ea1ch, th\u00e2n thi\u1ec7n v\u1edbi ng\u01b0\u1eddi d\u00f9ng v\u00e0 hi\u1ec7u qu\u1ea3 cho AUG.","breadcrumb":{"@id":"https:\/\/augstudy.com\/vcard\/australia\/fisher-lim\/#breadcrumb"},"inLanguage":"vi","potentialAction":[{"@type":"ReadAction","target":["https:\/\/augstudy.com\/vcard\/australia\/fisher-lim\/"]}]},{"@type":"ImageObject","inLanguage":"vi","@id":"https:\/\/augstudy.com\/vcard\/australia\/fisher-lim\/#primaryimage","url":"https:\/\/augstudy.com\/aug-website-files\/wp-content\/uploads\/2023\/10\/aug_vcard_fisher_lim_500x500.png","contentUrl":"https:\/\/augstudy.com\/aug-website-files\/wp-content\/uploads\/2023\/10\/aug_vcard_fisher_lim_500x500.png","width":500,"height":500},{"@type":"BreadcrumbList","@id":"https:\/\/augstudy.com\/vcard\/australia\/fisher-lim\/#breadcrumb","itemListElement":[{"@type":"ListItem","position":1,"name":"Home","item":"https:\/\/augstudy.com\/"},{"@type":"ListItem","position":2,"name":"vCard","item":"https:\/\/augstudy.com\/vcard\/"},{"@type":"ListItem","position":3,"name":"vCard &#8211; Australia","item":"https:\/\/augstudy.com\/vcard\/australia\/"},{"@type":"ListItem","position":4,"name":"Fisher Lim"}]},{"@type":"WebSite","@id":"https:\/\/augstudy.com\/#website","url":"https:\/\/augstudy.com\/","name":"D\u1ecbch v\u1ee5 Sinh vi\u00ean AUG","description":"D\u1ecbch v\u1ee5 sinh vi\u00ean","alternateName":"AUG Global","potentialAction":[{"@type":"SearchAction","target":{"@type":"EntryPoint","urlTemplate":"https:\/\/augstudy.com\/?s={search_term_string}"},"query-input":{"@type":"PropertyValueSpecification","valueRequired":true,"valueName":"search_term_string"}}],"inLanguage":"vi"}]}},"_links":{"self":[{"href":"https:\/\/augstudy.com\/vi\/wp-json\/wp\/v2\/pages\/386377","targetHints":{"allow":["GET"]}}],"collection":[{"href":"https:\/\/augstudy.com\/vi\/wp-json\/wp\/v2\/pages"}],"about":[{"href":"https:\/\/augstudy.com\/vi\/wp-json\/wp\/v2\/types\/page"}],"author":[{"embeddable":true,"href":"https:\/\/augstudy.com\/vi\/wp-json\/wp\/v2\/users\/4"}],"replies":[{"embeddable":true,"href":"https:\/\/augstudy.com\/vi\/wp-json\/wp\/v2\/comments?post=386377"}],"version-history":[{"count":0,"href":"https:\/\/augstudy.com\/vi\/wp-json\/wp\/v2\/pages\/386377\/revisions"}],"up":[{"embeddable":true,"href":"https:\/\/augstudy.com\/vi\/wp-json\/wp\/v2\/pages\/97514"}],"wp:featuredmedia":[{"embeddable":true,"href":"https:\/\/augstudy.com\/vi\/wp-json\/wp\/v2\/media\/386370"}],"wp:attachment":[{"href":"https:\/\/augstudy.com\/vi\/wp-json\/wp\/v2\/media?parent=386377"}],"curies":[{"name":"wp","href":"https:\/\/api.w.org\/{rel}","templated":true}]}}