{"id":386330,"date":"2023-10-24T10:53:30","date_gmt":"2023-10-23T23:53:30","guid":{"rendered":"https:\/\/augstudy.com\/?page_id=386330"},"modified":"2023-10-24T10:53:30","modified_gmt":"2023-10-23T23:53:30","slug":"jannah-radwan","status":"publish","type":"page","link":"https:\/\/augstudy.com\/vi\/vcard\/singapore\/jannah-radwan\/","title":{"rendered":"Jannah Radwan"},"content":{"rendered":"<div class=\"vc_row wpb_row vc_row-fluid\"><div class=\"wpb_column vc_column_container vc_col-sm-12\"><div class=\"vc_column-inner\"><div class=\"wpb_wrapper\">\n\t<div class=\"wpb_raw_code wpb_content_element wpb_raw_html margin_bottom_0px\">\n\t\t<div class=\"wpb_wrapper\">\n\t\t\t<a class=\"vcard-download\" href=\"https:\/\/augstudy.com\/aug-website-files\/wp-content\/uploads\/vcard\/Jannah_RADWAN.vcf\"><\/a>\n\t\t<\/div>\n\t<\/div>\n<\/div><\/div><\/div><\/div>","protected":false},"excerpt":{"rendered":"","protected":false},"author":4,"featured_media":386314,"parent":128739,"menu_order":0,"comment_status":"closed","ping_status":"closed","template":"","meta":{"footnotes":""},"class_list":["post-386330","page","type-page","status-publish","hentry"],"yoast_head":"<!-- This site is optimized with the Yoast SEO Premium plugin v27.0 (Yoast SEO v27.3) - https:\/\/yoast.com\/product\/yoast-seo-premium-wordpress\/ -->\n<title>Jannah Radwan - AUG Student Services<\/title>\n<meta name=\"description\" content=\"Jannah is an energetic and outgoing professional, specializing in the dynamic field of marketing. With a passion for innovation and a knack for out-of-the-box thinking, Jannah has consistently demonstrated her ability to drive brand growth and visibility in a competitive marketplace.\" \/>\n<meta name=\"robots\" content=\"index, follow, max-snippet:-1, max-image-preview:large, max-video-preview:-1\" \/>\n<link rel=\"canonical\" href=\"https:\/\/augstudy.com\/vi\/vcard\/singapore\/jannah-radwan\/\" \/>\n<meta property=\"og:locale\" content=\"vi_VN\" \/>\n<meta property=\"og:type\" content=\"article\" \/>\n<meta property=\"og:title\" content=\"Jannah Radwan\" \/>\n<meta property=\"og:description\" content=\"Jannah is an energetic and outgoing professional, specializing in the dynamic field of marketing. With a passion for innovation and a knack for out-of-the-box thinking, Jannah has consistently demonstrated her ability to drive brand growth and visibility in a competitive marketplace.\" \/>\n<meta property=\"og:url\" content=\"https:\/\/augstudy.com\/vi\/vcard\/singapore\/jannah-radwan\/\" \/>\n<meta property=\"og:site_name\" content=\"AUG Student Services\" \/>\n<meta property=\"article:publisher\" content=\"https:\/\/www.facebook.com\/augmalaysia\/\" \/>\n<meta property=\"og:image\" content=\"https:\/\/augstudy.com\/aug-website-files\/wp-content\/uploads\/2023\/10\/aug_vcard_jannah_radwan_500x500.png\" \/>\n\t<meta property=\"og:image:width\" content=\"500\" \/>\n\t<meta property=\"og:image:height\" content=\"500\" \/>\n\t<meta property=\"og:image:type\" content=\"image\/png\" \/>\n<meta name=\"twitter:card\" content=\"summary_large_image\" \/>\n<meta name=\"twitter:label1\" content=\"\u01af\u1edbc t\u00ednh th\u1eddi gian \u0111\u1ecdc\" \/>\n\t<meta name=\"twitter:data1\" content=\"1 ph\u00fat\" \/>\n<script type=\"application\/ld+json\" class=\"yoast-schema-graph\">{\"@context\":\"https:\\\/\\\/schema.org\",\"@graph\":[{\"@type\":\"WebPage\",\"@id\":\"https:\\\/\\\/augstudy.com\\\/vcard\\\/singapore\\\/jannah-radwan\\\/\",\"url\":\"https:\\\/\\\/augstudy.com\\\/vcard\\\/singapore\\\/jannah-radwan\\\/\",\"name\":\"Jannah Radwan - AUG Student Services\",\"isPartOf\":{\"@id\":\"https:\\\/\\\/augstudy.com\\\/#website\"},\"primaryImageOfPage\":{\"@id\":\"https:\\\/\\\/augstudy.com\\\/vcard\\\/singapore\\\/jannah-radwan\\\/#primaryimage\"},\"image\":{\"@id\":\"https:\\\/\\\/augstudy.com\\\/vcard\\\/singapore\\\/jannah-radwan\\\/#primaryimage\"},\"thumbnailUrl\":\"https:\\\/\\\/augstudy.com\\\/aug-website-files\\\/wp-content\\\/uploads\\\/2023\\\/10\\\/aug_vcard_jannah_radwan_500x500.png\",\"datePublished\":\"2023-10-23T23:53:30+00:00\",\"description\":\"Jannah is an energetic and outgoing professional, specializing in the dynamic field of marketing. With a passion for innovation and a knack for out-of-the-box thinking, Jannah has consistently demonstrated her ability to drive brand growth and visibility in a competitive marketplace.\",\"breadcrumb\":{\"@id\":\"https:\\\/\\\/augstudy.com\\\/vcard\\\/singapore\\\/jannah-radwan\\\/#breadcrumb\"},\"inLanguage\":\"vi\",\"potentialAction\":[{\"@type\":\"ReadAction\",\"target\":[\"https:\\\/\\\/augstudy.com\\\/vcard\\\/singapore\\\/jannah-radwan\\\/\"]}]},{\"@type\":\"ImageObject\",\"inLanguage\":\"vi\",\"@id\":\"https:\\\/\\\/augstudy.com\\\/vcard\\\/singapore\\\/jannah-radwan\\\/#primaryimage\",\"url\":\"https:\\\/\\\/augstudy.com\\\/aug-website-files\\\/wp-content\\\/uploads\\\/2023\\\/10\\\/aug_vcard_jannah_radwan_500x500.png\",\"contentUrl\":\"https:\\\/\\\/augstudy.com\\\/aug-website-files\\\/wp-content\\\/uploads\\\/2023\\\/10\\\/aug_vcard_jannah_radwan_500x500.png\",\"width\":500,\"height\":500},{\"@type\":\"BreadcrumbList\",\"@id\":\"https:\\\/\\\/augstudy.com\\\/vcard\\\/singapore\\\/jannah-radwan\\\/#breadcrumb\",\"itemListElement\":[{\"@type\":\"ListItem\",\"position\":1,\"name\":\"Home\",\"item\":\"https:\\\/\\\/augstudy.com\\\/\"},{\"@type\":\"ListItem\",\"position\":2,\"name\":\"vCard\",\"item\":\"https:\\\/\\\/augstudy.com\\\/vcard\\\/\"},{\"@type\":\"ListItem\",\"position\":3,\"name\":\"vCard &#8211; Singapore\",\"item\":\"https:\\\/\\\/augstudy.com\\\/vcard\\\/singapore\\\/\"},{\"@type\":\"ListItem\",\"position\":4,\"name\":\"Jannah Radwan\"}]},{\"@type\":\"WebSite\",\"@id\":\"https:\\\/\\\/augstudy.com\\\/#website\",\"url\":\"https:\\\/\\\/augstudy.com\\\/\",\"name\":\"AUG Student Services\",\"description\":\"Student Services\",\"alternateName\":\"AUG Global\",\"potentialAction\":[{\"@type\":\"SearchAction\",\"target\":{\"@type\":\"EntryPoint\",\"urlTemplate\":\"https:\\\/\\\/augstudy.com\\\/?s={search_term_string}\"},\"query-input\":{\"@type\":\"PropertyValueSpecification\",\"valueRequired\":true,\"valueName\":\"search_term_string\"}}],\"inLanguage\":\"vi\"}]}<\/script>\n<!-- \/ Yoast SEO Premium plugin. -->","yoast_head_json":{"title":"Jannah Radwan - D\u1ecbch v\u1ee5 Sinh vi\u00ean AUG","description":"Jannah l\u00e0 m\u1ed9t chuy\u00ean gia n\u0103ng \u0111\u1ed9ng v\u00e0 h\u01b0\u1edbng ngo\u1ea1i, chuy\u00ean v\u1ec1 l\u0129nh v\u1ef1c ti\u1ebfp th\u1ecb n\u0103ng \u0111\u1ed9ng. V\u1edbi ni\u1ec1m \u0111am m\u00ea \u0111\u1ed5i m\u1edbi v\u00e0 s\u1edf tr\u01b0\u1eddng v\u1ec1 t\u01b0 duy \u0111\u1ed9t ph\u00e1, Jannah \u0111\u00e3 li\u00ean t\u1ee5c ch\u1ee9ng t\u1ecf kh\u1ea3 n\u0103ng c\u1ee7a m\u00ecnh trong vi\u1ec7c th\u00fac \u0111\u1ea9y s\u1ef1 ph\u00e1t tri\u1ec3n v\u00e0 hi\u1ec7n di\u1ec7n th\u01b0\u01a1ng hi\u1ec7u trong m\u1ed9t th\u1ecb tr\u01b0\u1eddng c\u1ea1nh tranh.","robots":{"index":"index","follow":"follow","max-snippet":"max-snippet:-1","max-image-preview":"max-image-preview:large","max-video-preview":"max-video-preview:-1"},"canonical":"https:\/\/augstudy.com\/vi\/vcard\/singapore\/jannah-radwan\/","og_locale":"vi_VN","og_type":"article","og_title":"Jannah Radwan","og_description":"Jannah is an energetic and outgoing professional, specializing in the dynamic field of marketing. With a passion for innovation and a knack for out-of-the-box thinking, Jannah has consistently demonstrated her ability to drive brand growth and visibility in a competitive marketplace.","og_url":"https:\/\/augstudy.com\/vi\/vcard\/singapore\/jannah-radwan\/","og_site_name":"AUG Student Services","article_publisher":"https:\/\/www.facebook.com\/augmalaysia\/","og_image":[{"width":500,"height":500,"url":"https:\/\/augstudy.com\/aug-website-files\/wp-content\/uploads\/2023\/10\/aug_vcard_jannah_radwan_500x500.png","type":"image\/png"}],"twitter_card":"summary_large_image","twitter_misc":{"\u01af\u1edbc t\u00ednh th\u1eddi gian \u0111\u1ecdc":"1 ph\u00fat"},"schema":{"@context":"https:\/\/schema.org","@graph":[{"@type":"WebPage","@id":"https:\/\/augstudy.com\/vcard\/singapore\/jannah-radwan\/","url":"https:\/\/augstudy.com\/vcard\/singapore\/jannah-radwan\/","name":"Jannah Radwan - D\u1ecbch v\u1ee5 Sinh vi\u00ean AUG","isPartOf":{"@id":"https:\/\/augstudy.com\/#website"},"primaryImageOfPage":{"@id":"https:\/\/augstudy.com\/vcard\/singapore\/jannah-radwan\/#primaryimage"},"image":{"@id":"https:\/\/augstudy.com\/vcard\/singapore\/jannah-radwan\/#primaryimage"},"thumbnailUrl":"https:\/\/augstudy.com\/aug-website-files\/wp-content\/uploads\/2023\/10\/aug_vcard_jannah_radwan_500x500.png","datePublished":"2023-10-23T23:53:30+00:00","description":"Jannah l\u00e0 m\u1ed9t chuy\u00ean gia n\u0103ng \u0111\u1ed9ng v\u00e0 h\u01b0\u1edbng ngo\u1ea1i, chuy\u00ean v\u1ec1 l\u0129nh v\u1ef1c ti\u1ebfp th\u1ecb n\u0103ng \u0111\u1ed9ng. V\u1edbi ni\u1ec1m \u0111am m\u00ea \u0111\u1ed5i m\u1edbi v\u00e0 s\u1edf tr\u01b0\u1eddng v\u1ec1 t\u01b0 duy \u0111\u1ed9t ph\u00e1, Jannah \u0111\u00e3 li\u00ean t\u1ee5c ch\u1ee9ng t\u1ecf kh\u1ea3 n\u0103ng c\u1ee7a m\u00ecnh trong vi\u1ec7c th\u00fac \u0111\u1ea9y s\u1ef1 ph\u00e1t tri\u1ec3n v\u00e0 hi\u1ec7n di\u1ec7n th\u01b0\u01a1ng hi\u1ec7u trong m\u1ed9t th\u1ecb tr\u01b0\u1eddng c\u1ea1nh tranh.","breadcrumb":{"@id":"https:\/\/augstudy.com\/vcard\/singapore\/jannah-radwan\/#breadcrumb"},"inLanguage":"vi","potentialAction":[{"@type":"ReadAction","target":["https:\/\/augstudy.com\/vcard\/singapore\/jannah-radwan\/"]}]},{"@type":"ImageObject","inLanguage":"vi","@id":"https:\/\/augstudy.com\/vcard\/singapore\/jannah-radwan\/#primaryimage","url":"https:\/\/augstudy.com\/aug-website-files\/wp-content\/uploads\/2023\/10\/aug_vcard_jannah_radwan_500x500.png","contentUrl":"https:\/\/augstudy.com\/aug-website-files\/wp-content\/uploads\/2023\/10\/aug_vcard_jannah_radwan_500x500.png","width":500,"height":500},{"@type":"BreadcrumbList","@id":"https:\/\/augstudy.com\/vcard\/singapore\/jannah-radwan\/#breadcrumb","itemListElement":[{"@type":"ListItem","position":1,"name":"Home","item":"https:\/\/augstudy.com\/"},{"@type":"ListItem","position":2,"name":"vCard","item":"https:\/\/augstudy.com\/vcard\/"},{"@type":"ListItem","position":3,"name":"vCard &#8211; Singapore","item":"https:\/\/augstudy.com\/vcard\/singapore\/"},{"@type":"ListItem","position":4,"name":"Jannah Radwan"}]},{"@type":"WebSite","@id":"https:\/\/augstudy.com\/#website","url":"https:\/\/augstudy.com\/","name":"D\u1ecbch v\u1ee5 Sinh vi\u00ean AUG","description":"D\u1ecbch v\u1ee5 sinh vi\u00ean","alternateName":"AUG Global","potentialAction":[{"@type":"SearchAction","target":{"@type":"EntryPoint","urlTemplate":"https:\/\/augstudy.com\/?s={search_term_string}"},"query-input":{"@type":"PropertyValueSpecification","valueRequired":true,"valueName":"search_term_string"}}],"inLanguage":"vi"}]}},"_links":{"self":[{"href":"https:\/\/augstudy.com\/vi\/wp-json\/wp\/v2\/pages\/386330","targetHints":{"allow":["GET"]}}],"collection":[{"href":"https:\/\/augstudy.com\/vi\/wp-json\/wp\/v2\/pages"}],"about":[{"href":"https:\/\/augstudy.com\/vi\/wp-json\/wp\/v2\/types\/page"}],"author":[{"embeddable":true,"href":"https:\/\/augstudy.com\/vi\/wp-json\/wp\/v2\/users\/4"}],"replies":[{"embeddable":true,"href":"https:\/\/augstudy.com\/vi\/wp-json\/wp\/v2\/comments?post=386330"}],"version-history":[{"count":0,"href":"https:\/\/augstudy.com\/vi\/wp-json\/wp\/v2\/pages\/386330\/revisions"}],"up":[{"embeddable":true,"href":"https:\/\/augstudy.com\/vi\/wp-json\/wp\/v2\/pages\/128739"}],"wp:featuredmedia":[{"embeddable":true,"href":"https:\/\/augstudy.com\/vi\/wp-json\/wp\/v2\/media\/386314"}],"wp:attachment":[{"href":"https:\/\/augstudy.com\/vi\/wp-json\/wp\/v2\/media?parent=386330"}],"curies":[{"name":"wp","href":"https:\/\/api.w.org\/{rel}","templated":true}]}}