{"id":386329,"date":"2023-10-24T10:52:59","date_gmt":"2023-10-23T23:52:59","guid":{"rendered":"https:\/\/augstudy.com\/?page_id=386329"},"modified":"2023-10-24T10:52:59","modified_gmt":"2023-10-23T23:52:59","slug":"verene-wang","status":"publish","type":"page","link":"https:\/\/augstudy.com\/vi\/vcard\/singapore\/verene-wang\/","title":{"rendered":"V\u01b0\u01a1ng V\u0103n"},"content":{"rendered":"<div class=\"vc_row wpb_row vc_row-fluid\"><div class=\"wpb_column vc_column_container vc_col-sm-12\"><div class=\"vc_column-inner\"><div class=\"wpb_wrapper\">\n\t<div class=\"wpb_raw_code wpb_content_element wpb_raw_html margin_bottom_0px\">\n\t\t<div class=\"wpb_wrapper\">\n\t\t\t<a class=\"vcard-download\" href=\"https:\/\/augstudy.com\/aug-website-files\/wp-content\/uploads\/vcard\/Verene_WANG.vcf\"><\/a>\n\t\t<\/div>\n\t<\/div>\n<\/div><\/div><\/div><\/div>","protected":false},"excerpt":{"rendered":"","protected":false},"author":4,"featured_media":386319,"parent":128739,"menu_order":0,"comment_status":"closed","ping_status":"closed","template":"","meta":{"footnotes":""},"class_list":["post-386329","page","type-page","status-publish","hentry"],"yoast_head":"<!-- This site is optimized with the Yoast SEO Premium plugin v27.0 (Yoast SEO v27.3) - https:\/\/yoast.com\/product\/yoast-seo-premium-wordpress\/ -->\n<title>Verene Wang - AUG Student Services<\/title>\n<meta name=\"description\" content=\"With an unwavering passion for empowering young minds, Verene is trusted by students who are about to embark on their transformative overseas education journey. She believes that an education counsellor is not merely a facilitator, but a dedicated advocate for students&#039; aspirations.\" \/>\n<meta name=\"robots\" content=\"index, follow, max-snippet:-1, max-image-preview:large, max-video-preview:-1\" \/>\n<link rel=\"canonical\" href=\"https:\/\/augstudy.com\/vi\/vcard\/singapore\/verene-wang\/\" \/>\n<meta property=\"og:locale\" content=\"vi_VN\" \/>\n<meta property=\"og:type\" content=\"article\" \/>\n<meta property=\"og:title\" content=\"Verene Wang\" \/>\n<meta property=\"og:description\" content=\"With an unwavering passion for empowering young minds, Verene is trusted by students who are about to embark on their transformative overseas education journey. She believes that an education counsellor is not merely a facilitator, but a dedicated advocate for students&#039; aspirations.\" \/>\n<meta property=\"og:url\" content=\"https:\/\/augstudy.com\/vi\/vcard\/singapore\/verene-wang\/\" \/>\n<meta property=\"og:site_name\" content=\"AUG Student Services\" \/>\n<meta property=\"article:publisher\" content=\"https:\/\/www.facebook.com\/augmalaysia\/\" \/>\n<meta property=\"og:image\" content=\"https:\/\/augstudy.com\/aug-website-files\/wp-content\/uploads\/2023\/10\/aug_vcard_verene_wang_500x500.png\" \/>\n\t<meta property=\"og:image:width\" content=\"500\" \/>\n\t<meta property=\"og:image:height\" content=\"500\" \/>\n\t<meta property=\"og:image:type\" content=\"image\/png\" \/>\n<meta name=\"twitter:card\" content=\"summary_large_image\" \/>\n<meta name=\"twitter:label1\" content=\"\u01af\u1edbc t\u00ednh th\u1eddi gian \u0111\u1ecdc\" \/>\n\t<meta name=\"twitter:data1\" content=\"1 ph\u00fat\" \/>\n<script type=\"application\/ld+json\" class=\"yoast-schema-graph\">{\"@context\":\"https:\\\/\\\/schema.org\",\"@graph\":[{\"@type\":\"WebPage\",\"@id\":\"https:\\\/\\\/augstudy.com\\\/vcard\\\/singapore\\\/verene-wang\\\/\",\"url\":\"https:\\\/\\\/augstudy.com\\\/vcard\\\/singapore\\\/verene-wang\\\/\",\"name\":\"Verene Wang - AUG Student Services\",\"isPartOf\":{\"@id\":\"https:\\\/\\\/augstudy.com\\\/#website\"},\"primaryImageOfPage\":{\"@id\":\"https:\\\/\\\/augstudy.com\\\/vcard\\\/singapore\\\/verene-wang\\\/#primaryimage\"},\"image\":{\"@id\":\"https:\\\/\\\/augstudy.com\\\/vcard\\\/singapore\\\/verene-wang\\\/#primaryimage\"},\"thumbnailUrl\":\"https:\\\/\\\/augstudy.com\\\/aug-website-files\\\/wp-content\\\/uploads\\\/2023\\\/10\\\/aug_vcard_verene_wang_500x500.png\",\"datePublished\":\"2023-10-23T23:52:59+00:00\",\"description\":\"With an unwavering passion for empowering young minds, Verene is trusted by students who are about to embark on their transformative overseas education journey. She believes that an education counsellor is not merely a facilitator, but a dedicated advocate for students' aspirations.\",\"breadcrumb\":{\"@id\":\"https:\\\/\\\/augstudy.com\\\/vcard\\\/singapore\\\/verene-wang\\\/#breadcrumb\"},\"inLanguage\":\"vi\",\"potentialAction\":[{\"@type\":\"ReadAction\",\"target\":[\"https:\\\/\\\/augstudy.com\\\/vcard\\\/singapore\\\/verene-wang\\\/\"]}]},{\"@type\":\"ImageObject\",\"inLanguage\":\"vi\",\"@id\":\"https:\\\/\\\/augstudy.com\\\/vcard\\\/singapore\\\/verene-wang\\\/#primaryimage\",\"url\":\"https:\\\/\\\/augstudy.com\\\/aug-website-files\\\/wp-content\\\/uploads\\\/2023\\\/10\\\/aug_vcard_verene_wang_500x500.png\",\"contentUrl\":\"https:\\\/\\\/augstudy.com\\\/aug-website-files\\\/wp-content\\\/uploads\\\/2023\\\/10\\\/aug_vcard_verene_wang_500x500.png\",\"width\":500,\"height\":500},{\"@type\":\"BreadcrumbList\",\"@id\":\"https:\\\/\\\/augstudy.com\\\/vcard\\\/singapore\\\/verene-wang\\\/#breadcrumb\",\"itemListElement\":[{\"@type\":\"ListItem\",\"position\":1,\"name\":\"Home\",\"item\":\"https:\\\/\\\/augstudy.com\\\/\"},{\"@type\":\"ListItem\",\"position\":2,\"name\":\"vCard\",\"item\":\"https:\\\/\\\/augstudy.com\\\/vcard\\\/\"},{\"@type\":\"ListItem\",\"position\":3,\"name\":\"vCard &#8211; Singapore\",\"item\":\"https:\\\/\\\/augstudy.com\\\/vcard\\\/singapore\\\/\"},{\"@type\":\"ListItem\",\"position\":4,\"name\":\"Verene Wang\"}]},{\"@type\":\"WebSite\",\"@id\":\"https:\\\/\\\/augstudy.com\\\/#website\",\"url\":\"https:\\\/\\\/augstudy.com\\\/\",\"name\":\"AUG Student Services\",\"description\":\"Student Services\",\"alternateName\":\"AUG Global\",\"potentialAction\":[{\"@type\":\"SearchAction\",\"target\":{\"@type\":\"EntryPoint\",\"urlTemplate\":\"https:\\\/\\\/augstudy.com\\\/?s={search_term_string}\"},\"query-input\":{\"@type\":\"PropertyValueSpecification\",\"valueRequired\":true,\"valueName\":\"search_term_string\"}}],\"inLanguage\":\"vi\"}]}<\/script>\n<!-- \/ Yoast SEO Premium plugin. -->","yoast_head_json":{"title":"Verene Wang - AUG Student Services","description":"V\u1edbi ni\u1ec1m \u0111am m\u00ea kh\u00f4ng ng\u1eebng trong vi\u1ec7c trao quy\u1ec1n cho nh\u1eefng t\u00e2m h\u1ed3n tr\u1ebb, Verene \u0111\u01b0\u1ee3c c\u00e1c sinh vi\u00ean s\u1eafp b\u1eaft \u0111\u1ea7u h\u00e0nh tr\u00ecnh gi\u00e1o d\u1ee5c \u1edf n\u01b0\u1edbc ngo\u00e0i tin t\u01b0\u1edfng. C\u00f4 tin r\u1eb1ng m\u1ed9t c\u1ed1 v\u1ea5n gi\u00e1o d\u1ee5c kh\u00f4ng ch\u1ec9 l\u00e0 ng\u01b0\u1eddi h\u1ed7 tr\u1ee3 m\u00e0 c\u00f2n l\u00e0 ng\u01b0\u1eddi \u1ee7ng h\u1ed9 t\u1eadn t\u1ee5y cho nguy\u1ec7n v\u1ecdng c\u1ee7a sinh vi\u00ean.","robots":{"index":"index","follow":"follow","max-snippet":"max-snippet:-1","max-image-preview":"max-image-preview:large","max-video-preview":"max-video-preview:-1"},"canonical":"https:\/\/augstudy.com\/vi\/vcard\/singapore\/verene-wang\/","og_locale":"vi_VN","og_type":"article","og_title":"Verene Wang","og_description":"With an unwavering passion for empowering young minds, Verene is trusted by students who are about to embark on their transformative overseas education journey. She believes that an education counsellor is not merely a facilitator, but a dedicated advocate for students' aspirations.","og_url":"https:\/\/augstudy.com\/vi\/vcard\/singapore\/verene-wang\/","og_site_name":"AUG Student Services","article_publisher":"https:\/\/www.facebook.com\/augmalaysia\/","og_image":[{"width":500,"height":500,"url":"https:\/\/augstudy.com\/aug-website-files\/wp-content\/uploads\/2023\/10\/aug_vcard_verene_wang_500x500.png","type":"image\/png"}],"twitter_card":"summary_large_image","twitter_misc":{"\u01af\u1edbc t\u00ednh th\u1eddi gian \u0111\u1ecdc":"1 ph\u00fat"},"schema":{"@context":"https:\/\/schema.org","@graph":[{"@type":"WebPage","@id":"https:\/\/augstudy.com\/vcard\/singapore\/verene-wang\/","url":"https:\/\/augstudy.com\/vcard\/singapore\/verene-wang\/","name":"Verene Wang - AUG Student Services","isPartOf":{"@id":"https:\/\/augstudy.com\/#website"},"primaryImageOfPage":{"@id":"https:\/\/augstudy.com\/vcard\/singapore\/verene-wang\/#primaryimage"},"image":{"@id":"https:\/\/augstudy.com\/vcard\/singapore\/verene-wang\/#primaryimage"},"thumbnailUrl":"https:\/\/augstudy.com\/aug-website-files\/wp-content\/uploads\/2023\/10\/aug_vcard_verene_wang_500x500.png","datePublished":"2023-10-23T23:52:59+00:00","description":"V\u1edbi ni\u1ec1m \u0111am m\u00ea kh\u00f4ng ng\u1eebng trong vi\u1ec7c trao quy\u1ec1n cho nh\u1eefng t\u00e2m h\u1ed3n tr\u1ebb, Verene \u0111\u01b0\u1ee3c c\u00e1c sinh vi\u00ean s\u1eafp b\u1eaft \u0111\u1ea7u h\u00e0nh tr\u00ecnh gi\u00e1o d\u1ee5c \u1edf n\u01b0\u1edbc ngo\u00e0i tin t\u01b0\u1edfng. C\u00f4 tin r\u1eb1ng m\u1ed9t c\u1ed1 v\u1ea5n gi\u00e1o d\u1ee5c kh\u00f4ng ch\u1ec9 l\u00e0 ng\u01b0\u1eddi h\u1ed7 tr\u1ee3 m\u00e0 c\u00f2n l\u00e0 ng\u01b0\u1eddi \u1ee7ng h\u1ed9 t\u1eadn t\u1ee5y cho nguy\u1ec7n v\u1ecdng c\u1ee7a sinh vi\u00ean.","breadcrumb":{"@id":"https:\/\/augstudy.com\/vcard\/singapore\/verene-wang\/#breadcrumb"},"inLanguage":"vi","potentialAction":[{"@type":"ReadAction","target":["https:\/\/augstudy.com\/vcard\/singapore\/verene-wang\/"]}]},{"@type":"ImageObject","inLanguage":"vi","@id":"https:\/\/augstudy.com\/vcard\/singapore\/verene-wang\/#primaryimage","url":"https:\/\/augstudy.com\/aug-website-files\/wp-content\/uploads\/2023\/10\/aug_vcard_verene_wang_500x500.png","contentUrl":"https:\/\/augstudy.com\/aug-website-files\/wp-content\/uploads\/2023\/10\/aug_vcard_verene_wang_500x500.png","width":500,"height":500},{"@type":"BreadcrumbList","@id":"https:\/\/augstudy.com\/vcard\/singapore\/verene-wang\/#breadcrumb","itemListElement":[{"@type":"ListItem","position":1,"name":"Home","item":"https:\/\/augstudy.com\/"},{"@type":"ListItem","position":2,"name":"vCard","item":"https:\/\/augstudy.com\/vcard\/"},{"@type":"ListItem","position":3,"name":"vCard &#8211; Singapore","item":"https:\/\/augstudy.com\/vcard\/singapore\/"},{"@type":"ListItem","position":4,"name":"Verene Wang"}]},{"@type":"WebSite","@id":"https:\/\/augstudy.com\/#website","url":"https:\/\/augstudy.com\/","name":"D\u1ecbch v\u1ee5 Sinh vi\u00ean AUG","description":"D\u1ecbch v\u1ee5 sinh vi\u00ean","alternateName":"AUG Global","potentialAction":[{"@type":"SearchAction","target":{"@type":"EntryPoint","urlTemplate":"https:\/\/augstudy.com\/?s={search_term_string}"},"query-input":{"@type":"PropertyValueSpecification","valueRequired":true,"valueName":"search_term_string"}}],"inLanguage":"vi"}]}},"_links":{"self":[{"href":"https:\/\/augstudy.com\/vi\/wp-json\/wp\/v2\/pages\/386329","targetHints":{"allow":["GET"]}}],"collection":[{"href":"https:\/\/augstudy.com\/vi\/wp-json\/wp\/v2\/pages"}],"about":[{"href":"https:\/\/augstudy.com\/vi\/wp-json\/wp\/v2\/types\/page"}],"author":[{"embeddable":true,"href":"https:\/\/augstudy.com\/vi\/wp-json\/wp\/v2\/users\/4"}],"replies":[{"embeddable":true,"href":"https:\/\/augstudy.com\/vi\/wp-json\/wp\/v2\/comments?post=386329"}],"version-history":[{"count":0,"href":"https:\/\/augstudy.com\/vi\/wp-json\/wp\/v2\/pages\/386329\/revisions"}],"up":[{"embeddable":true,"href":"https:\/\/augstudy.com\/vi\/wp-json\/wp\/v2\/pages\/128739"}],"wp:featuredmedia":[{"embeddable":true,"href":"https:\/\/augstudy.com\/vi\/wp-json\/wp\/v2\/media\/386319"}],"wp:attachment":[{"href":"https:\/\/augstudy.com\/vi\/wp-json\/wp\/v2\/media?parent=386329"}],"curies":[{"name":"wp","href":"https:\/\/api.w.org\/{rel}","templated":true}]}}